{"id":274064,"date":"2020-03-18T15:30:49","date_gmt":"2020-03-18T14:30:49","guid":{"rendered":"https:\/\/miomiorun.com\/prodotto\/brooks-canopy-jacket-uomo\/"},"modified":"2025-04-17T18:57:54","modified_gmt":"2025-04-17T16:57:54","slug":"brooks-canopy-jacket-homme","status":"publish","type":"product","link":"https:\/\/www.miomiorun.com\/fr\/produit\/brooks-canopy-jacket-homme\/","title":{"rendered":"Canopy Jacket homme"},"content":{"rendered":"<div class=\"single-product-description\">Accueillez le mauvais temps avec cette veste de course \u00e0 pied pour homme. Le tissu DriLayer\u00ae r\u00e9siste au vent et \u00e0 la pluie et peut \u00eatre pli\u00e9 dans une poche zipp\u00e9e pour un transport facile.<\/div>\n<div>\n<p><b>CARACT\u00c9RISTIQUES<\/b><br \/>\nCoupe : d\u00e9contract\u00e9e<\/p>\n<p>Tissu : DriLayer Seal 100 % polyester ripstop<\/p>\n<p>UPF : 30<\/p>\n<div class=\"m-feature__description m-feature__description col-lg-6 col-md-3 col-sm-2 show\">\n<div class=\"vertical__wrap\">\n<h5 class=\"medium\" tabindex=\"0\">R\u00e9sistant au vent et \u00e0 la pluie<\/h5>\n<p class=\"type\" tabindex=\"0\">En cas de pluie soudaine, couvrez-vous avec le tissu DriLayer\u00ae Seal, qui est respirant et r\u00e9sistant aux intemp\u00e9ries. Des \u00e9l\u00e9ments r\u00e9fl\u00e9chissants \u00e0 l&#8217;avant et \u00e0 l&#8217;arri\u00e8re vous rendront visible dans des conditions de faible luminosit\u00e9.<\/p>\n<div class=\"m-feature__description m-feature__description col-lg-6 col-md-3 col-sm-2 show\">\n<div class=\"vertical__wrap\">\n<h5 class=\"medium\" tabindex=\"0\">Respirant<\/h5>\n<p class=\"type\" tabindex=\"0\">Vous pouvez courir, mais vous ne pouvez pas vous cacher des intemp\u00e9ries. Mais vous pouvez utiliser une veste respirante qui vous gardera au sec et au chaud en \u00e9vacuant la transpiration.<\/p>\n<div class=\"m-feature__description m-feature__description col-lg-6 col-md-3 col-sm-2 show\">\n<div class=\"vertical__wrap\">\n<h5 class=\"medium\" tabindex=\"0\">Pliable et portable<\/h5>\n<p class=\"type\" tabindex=\"0\">Con\u00e7ue pour \u00eatre imbattable contre les \u00e9l\u00e9ments, cette veste de course r\u00e9sistante aux intemp\u00e9ries se plie facilement dans une poche de poitrine zipp\u00e9e qui contient une bande \u00e9lastique portable pour un rangement rapide et facile.<\/p>\n<\/div>\n<\/div>\n<\/div>\n<\/div>\n<\/div>\n<\/div>\n<p>&nbsp;<\/p>\n<\/div>\n","protected":false},"excerpt":{"rendered":"<p>Accueillez le mauvais temps avec cette veste de course \u00e0 pied pour homme. Le tissu DriLayer\u00ae r\u00e9siste au vent et \u00e0 la pluie et peut \u00eatre pli\u00e9 dans une poche zipp\u00e9e pour un transport facile.<\/p>\n","protected":false},"featured_media":245784,"template":"","meta":{"_acf_changed":false,"inline_featured_image":false},"product_brand":[],"product_cat":[24480,24482,24484],"product_tag":[23462,23655],"class_list":{"0":"post-274064","1":"product","2":"type-product","3":"status-publish","4":"has-post-thumbnail","6":"product_cat-vestes-fr-2","7":"product_cat-vetements-pour-hommes-fr","8":"product_cat-homme","9":"product_tag-brooks-fr","10":"product_tag-brooks-homme","11":"pa_attivita-marcher","12":"pa_attivita-running-fr","13":"pa_colore-canopy-jacket-neo-green-fr","14":"pa_marca-brooks-fr","15":"pa_sesso-homme","16":"pa_size-medium-fr","18":"first","19":"instock","20":"sale","21":"taxable","22":"shipping-taxable","23":"purchasable","24":"product-type-variable","25":"wvs-archive-product-wrapper"},"acf":[],"yoast_head":"<!-- This site is optimized with the Yoast SEO plugin v26.8 - https:\/\/yoast.com\/product\/yoast-seo-wordpress\/ -->\n<title>Brooks Canopy Jacket homme - Veste de course - MioMioRun.com<\/title>\n<meta name=\"description\" content=\"Accueillez le mauvais temps avec cette veste de course \u00e0 pied pour homme. Le tissu DriLayer\u00ae r\u00e9siste au vent et \u00e0 la pluie et peut \u00eatre pli\u00e9 dans une poche.\" \/>\n<meta name=\"robots\" content=\"index, follow, max-snippet:-1, max-image-preview:large, max-video-preview:-1\" \/>\n<link rel=\"canonical\" href=\"https:\/\/www.miomiorun.com\/fr\/produit\/brooks-canopy-jacket-homme\/\" \/>\n<meta property=\"og:locale\" content=\"fr_FR\" \/>\n<meta property=\"og:type\" content=\"article\" \/>\n<meta property=\"og:title\" content=\"Brooks Canopy Jacket homme - Veste de course - MioMioRun.com\" \/>\n<meta property=\"og:description\" content=\"Accueillez le mauvais temps avec cette veste de course \u00e0 pied pour homme. Le tissu DriLayer\u00ae r\u00e9siste au vent et \u00e0 la pluie et peut \u00eatre pli\u00e9 dans une poche.\" \/>\n<meta property=\"og:url\" content=\"https:\/\/www.miomiorun.com\/fr\/produit\/brooks-canopy-jacket-homme\/\" \/>\n<meta property=\"og:site_name\" content=\"MioMioRun\" \/>\n<meta property=\"article:publisher\" content=\"https:\/\/www.facebook.com\/miomiorun\/\" \/>\n<meta property=\"article:modified_time\" content=\"2025-04-17T16:57:54+00:00\" \/>\n<meta property=\"og:image\" content=\"https:\/\/www.miomiorun.com\/app\/uploads\/2024\/03\/Brooks-canopy-jacket-surge-211385046.jpg\" \/>\n\t<meta property=\"og:image:width\" content=\"600\" \/>\n\t<meta property=\"og:image:height\" content=\"600\" \/>\n\t<meta property=\"og:image:type\" content=\"image\/jpeg\" \/>\n<meta name=\"twitter:card\" content=\"summary_large_image\" \/>\n<meta name=\"twitter:label1\" content=\"Est. reading time\" \/>\n\t<meta name=\"twitter:data1\" content=\"1 minute\" \/>\n<script type=\"application\/ld+json\" class=\"yoast-schema-graph\">{\"@context\":\"https:\/\/schema.org\",\"@graph\":[{\"@type\":\"WebPage\",\"@id\":\"https:\/\/www.miomiorun.com\/fr\/produit\/brooks-canopy-jacket-homme\/\",\"url\":\"https:\/\/www.miomiorun.com\/fr\/produit\/brooks-canopy-jacket-homme\/\",\"name\":\"Brooks Canopy Jacket homme - Veste de course - MioMioRun.com\",\"isPartOf\":{\"@id\":\"https:\/\/www.miomiorun.com\/fr\/#website\"},\"primaryImageOfPage\":{\"@id\":\"https:\/\/www.miomiorun.com\/fr\/produit\/brooks-canopy-jacket-homme\/#primaryimage\"},\"image\":{\"@id\":\"https:\/\/www.miomiorun.com\/fr\/produit\/brooks-canopy-jacket-homme\/#primaryimage\"},\"thumbnailUrl\":\"https:\/\/www.miomiorun.com\/app\/uploads\/2024\/03\/Brooks-canopy-jacket-surge-211385046.jpg\",\"datePublished\":\"2020-03-18T14:30:49+00:00\",\"dateModified\":\"2025-04-17T16:57:54+00:00\",\"description\":\"Accueillez le mauvais temps avec cette veste de course \u00e0 pied pour homme. Le tissu DriLayer\u00ae r\u00e9siste au vent et \u00e0 la pluie et peut \u00eatre pli\u00e9 dans une poche.\",\"breadcrumb\":{\"@id\":\"https:\/\/www.miomiorun.com\/fr\/produit\/brooks-canopy-jacket-homme\/#breadcrumb\"},\"inLanguage\":\"fr-FR\",\"potentialAction\":[{\"@type\":\"ReadAction\",\"target\":[\"https:\/\/www.miomiorun.com\/fr\/produit\/brooks-canopy-jacket-homme\/\"]}]},{\"@type\":\"ImageObject\",\"inLanguage\":\"fr-FR\",\"@id\":\"https:\/\/www.miomiorun.com\/fr\/produit\/brooks-canopy-jacket-homme\/#primaryimage\",\"url\":\"https:\/\/www.miomiorun.com\/app\/uploads\/2024\/03\/Brooks-canopy-jacket-surge-211385046.jpg\",\"contentUrl\":\"https:\/\/www.miomiorun.com\/app\/uploads\/2024\/03\/Brooks-canopy-jacket-surge-211385046.jpg\",\"width\":600,\"height\":600,\"caption\":\"Brooks-canopy-jacket-surge-211385046\"},{\"@type\":\"BreadcrumbList\",\"@id\":\"https:\/\/www.miomiorun.com\/fr\/produit\/brooks-canopy-jacket-homme\/#breadcrumb\",\"itemListElement\":[{\"@type\":\"ListItem\",\"position\":1,\"name\":\"Home\",\"item\":\"https:\/\/www.miomiorun.com\/fr\/home-page\/\"},{\"@type\":\"ListItem\",\"position\":2,\"name\":\"Shop\",\"item\":\"https:\/\/www.miomiorun.com\/shop\/\"},{\"@type\":\"ListItem\",\"position\":3,\"name\":\"Canopy Jacket homme\"}]},{\"@type\":\"WebSite\",\"@id\":\"https:\/\/www.miomiorun.com\/fr\/#website\",\"url\":\"https:\/\/www.miomiorun.com\/fr\/\",\"name\":\"MioMioRun\",\"description\":\"Boutique 100% running et trail\",\"publisher\":{\"@id\":\"https:\/\/www.miomiorun.com\/fr\/#organization\"},\"potentialAction\":[{\"@type\":\"SearchAction\",\"target\":{\"@type\":\"EntryPoint\",\"urlTemplate\":\"https:\/\/www.miomiorun.com\/fr\/?s={search_term_string}\"},\"query-input\":{\"@type\":\"PropertyValueSpecification\",\"valueRequired\":true,\"valueName\":\"search_term_string\"}}],\"inLanguage\":\"fr-FR\"},{\"@type\":\"Organization\",\"@id\":\"https:\/\/www.miomiorun.com\/fr\/#organization\",\"name\":\"MioMio Run\",\"url\":\"https:\/\/www.miomiorun.com\/fr\/\",\"logo\":{\"@type\":\"ImageObject\",\"inLanguage\":\"fr-FR\",\"@id\":\"https:\/\/www.miomiorun.com\/fr\/#\/schema\/logo\/image\/\",\"url\":\"https:\/\/www.miomiorun.com\/app\/uploads\/2019\/12\/logomio.png\",\"contentUrl\":\"https:\/\/www.miomiorun.com\/app\/uploads\/2019\/12\/logomio.png\",\"width\":115,\"height\":82,\"caption\":\"MioMio Run\"},\"image\":{\"@id\":\"https:\/\/www.miomiorun.com\/fr\/#\/schema\/logo\/image\/\"},\"sameAs\":[\"https:\/\/www.facebook.com\/miomiorun\/\",\"https:\/\/www.instagram.com\/miomiorun\/\"]}]}<\/script>\n<!-- \/ Yoast SEO plugin. -->","yoast_head_json":{"title":"Brooks Canopy Jacket homme - Veste de course - MioMioRun.com","description":"Accueillez le mauvais temps avec cette veste de course \u00e0 pied pour homme. Le tissu DriLayer\u00ae r\u00e9siste au vent et \u00e0 la pluie et peut \u00eatre pli\u00e9 dans une poche.","robots":{"index":"index","follow":"follow","max-snippet":"max-snippet:-1","max-image-preview":"max-image-preview:large","max-video-preview":"max-video-preview:-1"},"canonical":"https:\/\/www.miomiorun.com\/fr\/produit\/brooks-canopy-jacket-homme\/","og_locale":"fr_FR","og_type":"article","og_title":"Brooks Canopy Jacket homme - Veste de course - MioMioRun.com","og_description":"Accueillez le mauvais temps avec cette veste de course \u00e0 pied pour homme. Le tissu DriLayer\u00ae r\u00e9siste au vent et \u00e0 la pluie et peut \u00eatre pli\u00e9 dans une poche.","og_url":"https:\/\/www.miomiorun.com\/fr\/produit\/brooks-canopy-jacket-homme\/","og_site_name":"MioMioRun","article_publisher":"https:\/\/www.facebook.com\/miomiorun\/","article_modified_time":"2025-04-17T16:57:54+00:00","og_image":[{"width":600,"height":600,"url":"https:\/\/www.miomiorun.com\/app\/uploads\/2024\/03\/Brooks-canopy-jacket-surge-211385046.jpg","type":"image\/jpeg"}],"twitter_card":"summary_large_image","twitter_misc":{"Est. reading time":"1 minute"},"schema":{"@context":"https:\/\/schema.org","@graph":[{"@type":"WebPage","@id":"https:\/\/www.miomiorun.com\/fr\/produit\/brooks-canopy-jacket-homme\/","url":"https:\/\/www.miomiorun.com\/fr\/produit\/brooks-canopy-jacket-homme\/","name":"Brooks Canopy Jacket homme - Veste de course - MioMioRun.com","isPartOf":{"@id":"https:\/\/www.miomiorun.com\/fr\/#website"},"primaryImageOfPage":{"@id":"https:\/\/www.miomiorun.com\/fr\/produit\/brooks-canopy-jacket-homme\/#primaryimage"},"image":{"@id":"https:\/\/www.miomiorun.com\/fr\/produit\/brooks-canopy-jacket-homme\/#primaryimage"},"thumbnailUrl":"https:\/\/www.miomiorun.com\/app\/uploads\/2024\/03\/Brooks-canopy-jacket-surge-211385046.jpg","datePublished":"2020-03-18T14:30:49+00:00","dateModified":"2025-04-17T16:57:54+00:00","description":"Accueillez le mauvais temps avec cette veste de course \u00e0 pied pour homme. Le tissu DriLayer\u00ae r\u00e9siste au vent et \u00e0 la pluie et peut \u00eatre pli\u00e9 dans une poche.","breadcrumb":{"@id":"https:\/\/www.miomiorun.com\/fr\/produit\/brooks-canopy-jacket-homme\/#breadcrumb"},"inLanguage":"fr-FR","potentialAction":[{"@type":"ReadAction","target":["https:\/\/www.miomiorun.com\/fr\/produit\/brooks-canopy-jacket-homme\/"]}]},{"@type":"ImageObject","inLanguage":"fr-FR","@id":"https:\/\/www.miomiorun.com\/fr\/produit\/brooks-canopy-jacket-homme\/#primaryimage","url":"https:\/\/www.miomiorun.com\/app\/uploads\/2024\/03\/Brooks-canopy-jacket-surge-211385046.jpg","contentUrl":"https:\/\/www.miomiorun.com\/app\/uploads\/2024\/03\/Brooks-canopy-jacket-surge-211385046.jpg","width":600,"height":600,"caption":"Brooks-canopy-jacket-surge-211385046"},{"@type":"BreadcrumbList","@id":"https:\/\/www.miomiorun.com\/fr\/produit\/brooks-canopy-jacket-homme\/#breadcrumb","itemListElement":[{"@type":"ListItem","position":1,"name":"Home","item":"https:\/\/www.miomiorun.com\/fr\/home-page\/"},{"@type":"ListItem","position":2,"name":"Shop","item":"https:\/\/www.miomiorun.com\/shop\/"},{"@type":"ListItem","position":3,"name":"Canopy Jacket homme"}]},{"@type":"WebSite","@id":"https:\/\/www.miomiorun.com\/fr\/#website","url":"https:\/\/www.miomiorun.com\/fr\/","name":"MioMioRun","description":"Boutique 100% running et trail","publisher":{"@id":"https:\/\/www.miomiorun.com\/fr\/#organization"},"potentialAction":[{"@type":"SearchAction","target":{"@type":"EntryPoint","urlTemplate":"https:\/\/www.miomiorun.com\/fr\/?s={search_term_string}"},"query-input":{"@type":"PropertyValueSpecification","valueRequired":true,"valueName":"search_term_string"}}],"inLanguage":"fr-FR"},{"@type":"Organization","@id":"https:\/\/www.miomiorun.com\/fr\/#organization","name":"MioMio Run","url":"https:\/\/www.miomiorun.com\/fr\/","logo":{"@type":"ImageObject","inLanguage":"fr-FR","@id":"https:\/\/www.miomiorun.com\/fr\/#\/schema\/logo\/image\/","url":"https:\/\/www.miomiorun.com\/app\/uploads\/2019\/12\/logomio.png","contentUrl":"https:\/\/www.miomiorun.com\/app\/uploads\/2019\/12\/logomio.png","width":115,"height":82,"caption":"MioMio Run"},"image":{"@id":"https:\/\/www.miomiorun.com\/fr\/#\/schema\/logo\/image\/"},"sameAs":["https:\/\/www.facebook.com\/miomiorun\/","https:\/\/www.instagram.com\/miomiorun\/"]}]}},"_links":{"self":[{"href":"https:\/\/www.miomiorun.com\/fr\/wp-json\/wp\/v2\/product\/274064","targetHints":{"allow":["GET"]}}],"collection":[{"href":"https:\/\/www.miomiorun.com\/fr\/wp-json\/wp\/v2\/product"}],"about":[{"href":"https:\/\/www.miomiorun.com\/fr\/wp-json\/wp\/v2\/types\/product"}],"wp:featuredmedia":[{"embeddable":true,"href":"https:\/\/www.miomiorun.com\/fr\/wp-json\/wp\/v2\/media\/245784"}],"wp:attachment":[{"href":"https:\/\/www.miomiorun.com\/fr\/wp-json\/wp\/v2\/media?parent=274064"}],"wp:term":[{"taxonomy":"product_brand","embeddable":true,"href":"https:\/\/www.miomiorun.com\/fr\/wp-json\/wp\/v2\/product_brand?post=274064"},{"taxonomy":"product_cat","embeddable":true,"href":"https:\/\/www.miomiorun.com\/fr\/wp-json\/wp\/v2\/product_cat?post=274064"},{"taxonomy":"product_tag","embeddable":true,"href":"https:\/\/www.miomiorun.com\/fr\/wp-json\/wp\/v2\/product_tag?post=274064"}],"curies":[{"name":"wp","href":"https:\/\/api.w.org\/{rel}","templated":true}]}}