{"id":274060,"date":"2020-03-18T11:49:14","date_gmt":"2020-03-18T10:49:14","guid":{"rendered":"https:\/\/miomiorun.com\/prodotto\/garmin-sensore-di-cadenza-bluetooth-e-ant\/"},"modified":"2025-04-17T17:06:34","modified_gmt":"2025-04-17T15:06:34","slug":"garmin-capteur-de-cadence-bluetooth-et-ant","status":"publish","type":"product","link":"https:\/\/www.miomiorun.com\/fr\/produit\/garmin-capteur-de-cadence-bluetooth-et-ant\/","title":{"rendered":"Capteur de cadence Bluetooth et ANT+"},"content":{"rendered":"<div class=\"top bottom\">\n<p>Contr\u00f4lez votre cadence de p\u00e9dalage gr\u00e2ce \u00e0 ce capteur sans fil facile \u00e0 installer. Sans aimants ni autres pi\u00e8ces expos\u00e9es pour l&#8217;alignement, ce capteur est facile \u00e0 installer, \u00e0 ranger et \u00e0 d\u00e9placer d&#8217;un v\u00e9lo \u00e0 l&#8217;autre.<\/p>\n<p>Le capteur de cadence de deuxi\u00e8me g\u00e9n\u00e9ration se fixe sur les manivelles de toutes tailles et mesure les coups de p\u00e9dale par minute. Une fois votre s\u00e9ance d&#8217;entra\u00eenement termin\u00e9e, gr\u00e2ce \u00e0 la connectivit\u00e9 <sup>ANT+\u00ae<\/sup> et \u00e0 la technologie <sup>Bluetooth\u00ae<\/sup> Low Energy, vous aurez la possibilit\u00e9 de consulter vos donn\u00e9es de cadence dans la communaut\u00e9 en ligne Garmin <sup>Connect\u2122<\/sup> et dans d&#8217;autres applications d&#8217;entra\u00eenement Garmin, appareils compatibles et \u00e9quipements de fitness.<\/p>\n<\/div>\n","protected":false},"excerpt":{"rendered":"<p>Contr\u00f4lez votre cadence de p\u00e9dalage gr\u00e2ce \u00e0 ce capteur sans fil facile \u00e0 installer. Sans aimants ni autres pi\u00e8ces expos\u00e9es pour l&#8217;alignement, ce capteur est facile \u00e0 installer, \u00e0 ranger et \u00e0 d\u00e9placer d&#8217;un v\u00e9lo \u00e0 l&#8217;autre.<\/p>\n","protected":false},"featured_media":229445,"template":"","meta":{"_acf_changed":false,"inline_featured_image":false},"product_brand":[],"product_cat":[22537,22566],"product_tag":[23480],"class_list":{"0":"post-274060","1":"product","2":"type-product","3":"status-publish","4":"has-post-thumbnail","6":"product_cat-garmin-fr","7":"product_cat-accessoires-fr","8":"product_tag-garmin-fr","9":"pa_marca-garmin-fr","10":"pa_sesso-femme","11":"pa_sesso-homme","13":"first","14":"instock","15":"sale","16":"taxable","17":"shipping-taxable","18":"purchasable","19":"product-type-simple"},"acf":[],"yoast_head":"<!-- This site is optimized with the Yoast SEO plugin v26.8 - https:\/\/yoast.com\/product\/yoast-seo-wordpress\/ -->\n<title>Garmin Capteur de cadence Bluetooth et ANT+ - Capteurs pour v\u00e9los - MioMioRun<\/title>\n<meta name=\"description\" content=\"Contr\u00f4lez votre cadence de p\u00e9dalage avec ce capteur sans fil. Capteur facile \u00e0 installer, \u00e0 ranger et \u00e0 d\u00e9placer d&#039;un v\u00e9lo \u00e0 l&#039;autre.\" \/>\n<meta name=\"robots\" content=\"index, follow, max-snippet:-1, max-image-preview:large, max-video-preview:-1\" \/>\n<link rel=\"canonical\" href=\"https:\/\/www.miomiorun.com\/fr\/produit\/garmin-capteur-de-cadence-bluetooth-et-ant\/\" \/>\n<meta property=\"og:locale\" content=\"fr_FR\" \/>\n<meta property=\"og:type\" content=\"article\" \/>\n<meta property=\"og:title\" content=\"Garmin Capteur de cadence Bluetooth et ANT+ - Capteurs pour v\u00e9los - MioMioRun\" \/>\n<meta property=\"og:description\" content=\"Contr\u00f4lez votre cadence de p\u00e9dalage avec ce capteur sans fil. Capteur facile \u00e0 installer, \u00e0 ranger et \u00e0 d\u00e9placer d&#039;un v\u00e9lo \u00e0 l&#039;autre.\" \/>\n<meta property=\"og:url\" content=\"https:\/\/www.miomiorun.com\/fr\/produit\/garmin-capteur-de-cadence-bluetooth-et-ant\/\" \/>\n<meta property=\"og:site_name\" content=\"MioMioRun\" \/>\n<meta property=\"article:publisher\" content=\"https:\/\/www.facebook.com\/miomiorun\/\" \/>\n<meta property=\"article:modified_time\" content=\"2025-04-17T15:06:34+00:00\" \/>\n<meta property=\"og:image\" content=\"https:\/\/www.miomiorun.com\/app\/uploads\/2020\/03\/Sensore-cadenza.jpg\" \/>\n\t<meta property=\"og:image:width\" content=\"600\" \/>\n\t<meta property=\"og:image:height\" content=\"600\" \/>\n\t<meta property=\"og:image:type\" content=\"image\/jpeg\" \/>\n<meta name=\"twitter:card\" content=\"summary_large_image\" \/>\n<meta name=\"twitter:label1\" content=\"Est. reading time\" \/>\n\t<meta name=\"twitter:data1\" content=\"1 minute\" \/>\n<script type=\"application\/ld+json\" class=\"yoast-schema-graph\">{\"@context\":\"https:\/\/schema.org\",\"@graph\":[{\"@type\":\"WebPage\",\"@id\":\"https:\/\/www.miomiorun.com\/fr\/produit\/garmin-capteur-de-cadence-bluetooth-et-ant\/\",\"url\":\"https:\/\/www.miomiorun.com\/fr\/produit\/garmin-capteur-de-cadence-bluetooth-et-ant\/\",\"name\":\"Garmin Capteur de cadence Bluetooth et ANT+ - Capteurs pour v\u00e9los - MioMioRun\",\"isPartOf\":{\"@id\":\"https:\/\/www.miomiorun.com\/fr\/#website\"},\"primaryImageOfPage\":{\"@id\":\"https:\/\/www.miomiorun.com\/fr\/produit\/garmin-capteur-de-cadence-bluetooth-et-ant\/#primaryimage\"},\"image\":{\"@id\":\"https:\/\/www.miomiorun.com\/fr\/produit\/garmin-capteur-de-cadence-bluetooth-et-ant\/#primaryimage\"},\"thumbnailUrl\":\"https:\/\/www.miomiorun.com\/app\/uploads\/2020\/03\/Sensore-cadenza.jpg\",\"datePublished\":\"2020-03-18T10:49:14+00:00\",\"dateModified\":\"2025-04-17T15:06:34+00:00\",\"description\":\"Contr\u00f4lez votre cadence de p\u00e9dalage avec ce capteur sans fil. Capteur facile \u00e0 installer, \u00e0 ranger et \u00e0 d\u00e9placer d'un v\u00e9lo \u00e0 l'autre.\",\"breadcrumb\":{\"@id\":\"https:\/\/www.miomiorun.com\/fr\/produit\/garmin-capteur-de-cadence-bluetooth-et-ant\/#breadcrumb\"},\"inLanguage\":\"fr-FR\",\"potentialAction\":[{\"@type\":\"ReadAction\",\"target\":[\"https:\/\/www.miomiorun.com\/fr\/produit\/garmin-capteur-de-cadence-bluetooth-et-ant\/\"]}]},{\"@type\":\"ImageObject\",\"inLanguage\":\"fr-FR\",\"@id\":\"https:\/\/www.miomiorun.com\/fr\/produit\/garmin-capteur-de-cadence-bluetooth-et-ant\/#primaryimage\",\"url\":\"https:\/\/www.miomiorun.com\/app\/uploads\/2020\/03\/Sensore-cadenza.jpg\",\"contentUrl\":\"https:\/\/www.miomiorun.com\/app\/uploads\/2020\/03\/Sensore-cadenza.jpg\",\"width\":600,\"height\":600,\"caption\":\"Sensore-cadenza\"},{\"@type\":\"BreadcrumbList\",\"@id\":\"https:\/\/www.miomiorun.com\/fr\/produit\/garmin-capteur-de-cadence-bluetooth-et-ant\/#breadcrumb\",\"itemListElement\":[{\"@type\":\"ListItem\",\"position\":1,\"name\":\"Home\",\"item\":\"https:\/\/www.miomiorun.com\/fr\/home-page\/\"},{\"@type\":\"ListItem\",\"position\":2,\"name\":\"Shop\",\"item\":\"https:\/\/www.miomiorun.com\/shop\/\"},{\"@type\":\"ListItem\",\"position\":3,\"name\":\"Capteur de cadence Bluetooth et ANT+\"}]},{\"@type\":\"WebSite\",\"@id\":\"https:\/\/www.miomiorun.com\/fr\/#website\",\"url\":\"https:\/\/www.miomiorun.com\/fr\/\",\"name\":\"MioMioRun\",\"description\":\"Boutique 100% running et trail\",\"publisher\":{\"@id\":\"https:\/\/www.miomiorun.com\/fr\/#organization\"},\"potentialAction\":[{\"@type\":\"SearchAction\",\"target\":{\"@type\":\"EntryPoint\",\"urlTemplate\":\"https:\/\/www.miomiorun.com\/fr\/?s={search_term_string}\"},\"query-input\":{\"@type\":\"PropertyValueSpecification\",\"valueRequired\":true,\"valueName\":\"search_term_string\"}}],\"inLanguage\":\"fr-FR\"},{\"@type\":\"Organization\",\"@id\":\"https:\/\/www.miomiorun.com\/fr\/#organization\",\"name\":\"MioMio Run\",\"url\":\"https:\/\/www.miomiorun.com\/fr\/\",\"logo\":{\"@type\":\"ImageObject\",\"inLanguage\":\"fr-FR\",\"@id\":\"https:\/\/www.miomiorun.com\/fr\/#\/schema\/logo\/image\/\",\"url\":\"https:\/\/www.miomiorun.com\/app\/uploads\/2019\/12\/logomio.png\",\"contentUrl\":\"https:\/\/www.miomiorun.com\/app\/uploads\/2019\/12\/logomio.png\",\"width\":115,\"height\":82,\"caption\":\"MioMio Run\"},\"image\":{\"@id\":\"https:\/\/www.miomiorun.com\/fr\/#\/schema\/logo\/image\/\"},\"sameAs\":[\"https:\/\/www.facebook.com\/miomiorun\/\",\"https:\/\/www.instagram.com\/miomiorun\/\"]}]}<\/script>\n<!-- \/ Yoast SEO plugin. -->","yoast_head_json":{"title":"Garmin Capteur de cadence Bluetooth et ANT+ - Capteurs pour v\u00e9los - MioMioRun","description":"Contr\u00f4lez votre cadence de p\u00e9dalage avec ce capteur sans fil. Capteur facile \u00e0 installer, \u00e0 ranger et \u00e0 d\u00e9placer d'un v\u00e9lo \u00e0 l'autre.","robots":{"index":"index","follow":"follow","max-snippet":"max-snippet:-1","max-image-preview":"max-image-preview:large","max-video-preview":"max-video-preview:-1"},"canonical":"https:\/\/www.miomiorun.com\/fr\/produit\/garmin-capteur-de-cadence-bluetooth-et-ant\/","og_locale":"fr_FR","og_type":"article","og_title":"Garmin Capteur de cadence Bluetooth et ANT+ - Capteurs pour v\u00e9los - MioMioRun","og_description":"Contr\u00f4lez votre cadence de p\u00e9dalage avec ce capteur sans fil. Capteur facile \u00e0 installer, \u00e0 ranger et \u00e0 d\u00e9placer d'un v\u00e9lo \u00e0 l'autre.","og_url":"https:\/\/www.miomiorun.com\/fr\/produit\/garmin-capteur-de-cadence-bluetooth-et-ant\/","og_site_name":"MioMioRun","article_publisher":"https:\/\/www.facebook.com\/miomiorun\/","article_modified_time":"2025-04-17T15:06:34+00:00","og_image":[{"width":600,"height":600,"url":"https:\/\/www.miomiorun.com\/app\/uploads\/2020\/03\/Sensore-cadenza.jpg","type":"image\/jpeg"}],"twitter_card":"summary_large_image","twitter_misc":{"Est. reading time":"1 minute"},"schema":{"@context":"https:\/\/schema.org","@graph":[{"@type":"WebPage","@id":"https:\/\/www.miomiorun.com\/fr\/produit\/garmin-capteur-de-cadence-bluetooth-et-ant\/","url":"https:\/\/www.miomiorun.com\/fr\/produit\/garmin-capteur-de-cadence-bluetooth-et-ant\/","name":"Garmin Capteur de cadence Bluetooth et ANT+ - Capteurs pour v\u00e9los - MioMioRun","isPartOf":{"@id":"https:\/\/www.miomiorun.com\/fr\/#website"},"primaryImageOfPage":{"@id":"https:\/\/www.miomiorun.com\/fr\/produit\/garmin-capteur-de-cadence-bluetooth-et-ant\/#primaryimage"},"image":{"@id":"https:\/\/www.miomiorun.com\/fr\/produit\/garmin-capteur-de-cadence-bluetooth-et-ant\/#primaryimage"},"thumbnailUrl":"https:\/\/www.miomiorun.com\/app\/uploads\/2020\/03\/Sensore-cadenza.jpg","datePublished":"2020-03-18T10:49:14+00:00","dateModified":"2025-04-17T15:06:34+00:00","description":"Contr\u00f4lez votre cadence de p\u00e9dalage avec ce capteur sans fil. Capteur facile \u00e0 installer, \u00e0 ranger et \u00e0 d\u00e9placer d'un v\u00e9lo \u00e0 l'autre.","breadcrumb":{"@id":"https:\/\/www.miomiorun.com\/fr\/produit\/garmin-capteur-de-cadence-bluetooth-et-ant\/#breadcrumb"},"inLanguage":"fr-FR","potentialAction":[{"@type":"ReadAction","target":["https:\/\/www.miomiorun.com\/fr\/produit\/garmin-capteur-de-cadence-bluetooth-et-ant\/"]}]},{"@type":"ImageObject","inLanguage":"fr-FR","@id":"https:\/\/www.miomiorun.com\/fr\/produit\/garmin-capteur-de-cadence-bluetooth-et-ant\/#primaryimage","url":"https:\/\/www.miomiorun.com\/app\/uploads\/2020\/03\/Sensore-cadenza.jpg","contentUrl":"https:\/\/www.miomiorun.com\/app\/uploads\/2020\/03\/Sensore-cadenza.jpg","width":600,"height":600,"caption":"Sensore-cadenza"},{"@type":"BreadcrumbList","@id":"https:\/\/www.miomiorun.com\/fr\/produit\/garmin-capteur-de-cadence-bluetooth-et-ant\/#breadcrumb","itemListElement":[{"@type":"ListItem","position":1,"name":"Home","item":"https:\/\/www.miomiorun.com\/fr\/home-page\/"},{"@type":"ListItem","position":2,"name":"Shop","item":"https:\/\/www.miomiorun.com\/shop\/"},{"@type":"ListItem","position":3,"name":"Capteur de cadence Bluetooth et ANT+"}]},{"@type":"WebSite","@id":"https:\/\/www.miomiorun.com\/fr\/#website","url":"https:\/\/www.miomiorun.com\/fr\/","name":"MioMioRun","description":"Boutique 100% running et trail","publisher":{"@id":"https:\/\/www.miomiorun.com\/fr\/#organization"},"potentialAction":[{"@type":"SearchAction","target":{"@type":"EntryPoint","urlTemplate":"https:\/\/www.miomiorun.com\/fr\/?s={search_term_string}"},"query-input":{"@type":"PropertyValueSpecification","valueRequired":true,"valueName":"search_term_string"}}],"inLanguage":"fr-FR"},{"@type":"Organization","@id":"https:\/\/www.miomiorun.com\/fr\/#organization","name":"MioMio Run","url":"https:\/\/www.miomiorun.com\/fr\/","logo":{"@type":"ImageObject","inLanguage":"fr-FR","@id":"https:\/\/www.miomiorun.com\/fr\/#\/schema\/logo\/image\/","url":"https:\/\/www.miomiorun.com\/app\/uploads\/2019\/12\/logomio.png","contentUrl":"https:\/\/www.miomiorun.com\/app\/uploads\/2019\/12\/logomio.png","width":115,"height":82,"caption":"MioMio Run"},"image":{"@id":"https:\/\/www.miomiorun.com\/fr\/#\/schema\/logo\/image\/"},"sameAs":["https:\/\/www.facebook.com\/miomiorun\/","https:\/\/www.instagram.com\/miomiorun\/"]}]}},"_links":{"self":[{"href":"https:\/\/www.miomiorun.com\/fr\/wp-json\/wp\/v2\/product\/274060","targetHints":{"allow":["GET"]}}],"collection":[{"href":"https:\/\/www.miomiorun.com\/fr\/wp-json\/wp\/v2\/product"}],"about":[{"href":"https:\/\/www.miomiorun.com\/fr\/wp-json\/wp\/v2\/types\/product"}],"wp:featuredmedia":[{"embeddable":true,"href":"https:\/\/www.miomiorun.com\/fr\/wp-json\/wp\/v2\/media\/229445"}],"wp:attachment":[{"href":"https:\/\/www.miomiorun.com\/fr\/wp-json\/wp\/v2\/media?parent=274060"}],"wp:term":[{"taxonomy":"product_brand","embeddable":true,"href":"https:\/\/www.miomiorun.com\/fr\/wp-json\/wp\/v2\/product_brand?post=274060"},{"taxonomy":"product_cat","embeddable":true,"href":"https:\/\/www.miomiorun.com\/fr\/wp-json\/wp\/v2\/product_cat?post=274060"},{"taxonomy":"product_tag","embeddable":true,"href":"https:\/\/www.miomiorun.com\/fr\/wp-json\/wp\/v2\/product_tag?post=274060"}],"curies":[{"name":"wp","href":"https:\/\/api.w.org\/{rel}","templated":true}]}}