{"id":274002,"date":"2020-03-21T10:26:48","date_gmt":"2020-03-21T09:26:48","guid":{"rendered":"https:\/\/miomiorun.com\/prodotto\/2xu-compression-tights-ltd-rio-uomo\/"},"modified":"2025-04-17T17:09:46","modified_gmt":"2025-04-17T15:09:46","slug":"2xu-compression-tights-ltd-rio-homme","status":"publish","type":"product","link":"https:\/\/www.miomiorun.com\/fr\/produit\/2xu-compression-tights-ltd-rio-homme\/","title":{"rendered":"Compression Tights LTD RIO homme"},"content":{"rendered":"<p><strong>COLLANT DE COMPRESSION TR2<\/strong><\/p>\n<p class=\"p1\"><span class=\"s1\">En salle de sport, sur la piste ou sur le terrain, les collants de compression TR2 vous offriront un soutien et une protection maximums pour vos jambes. Il aide \u00e0 pr\u00e9venir la fatigue musculaire, la fatigue et les blessures dues \u00e0 la surcharge. La compression graduelle acc\u00e9l\u00e8re l&#8217;\u00e9chauffement des muscles, les pr\u00e9parant ainsi \u00e0 l&#8217;entra\u00eenement.<\/span><\/p>\n<p class=\"p1\"><span class=\"s1\"><strong>CARACT\u00c9RISTIQUES :<\/strong><\/span><\/p>\n<p>&#8211; Compression cibl\u00e9e sur les adducteurs, les fessiers, les quadriceps, les ischio-jambiers et les mollets<br \/>\n<span class=\"s1\">&#8211; La compression graduelle am\u00e9liore la circulation sanguine.circulation sanguine<br \/>\n<\/span> &#8211;<span class=\"s1\"> Taille haute pour un confort maximal et un look parfait<br \/>\n<\/span><span class=\"s1\">&#8211; Coutures plates pour \u00e9liminer les irritations<br \/>\n<\/span><span class=\"s1\">&#8211; Tissu respirant pour vous garder au frais<br \/>\n<\/span><span class=\"s1\">&#8211; Anti-bact\u00e9rien et anti-odeur<br \/>\n<\/span><span class=\"s1\"> &#8211; Protection solaire UPF50+.<br \/>\n<\/span><\/p>\n","protected":false},"excerpt":{"rendered":"<p><span style=\"font-weight: 400;\"><span class=\"s1\">En salle de sport, sur la piste ou sur le terrain, le collant de compression TR2 vous offrira un soutien et une protection maximum de vos jambes.<\/span><\/span><\/p>\n","protected":false},"featured_media":229467,"template":"","meta":{"_acf_changed":false,"inline_featured_image":false},"product_brand":[],"product_cat":[24252,24430,24431],"product_tag":[23456,23675],"class_list":{"0":"post-274002","1":"product","2":"type-product","3":"status-publish","4":"has-post-thumbnail","6":"product_cat-pantalon-long-fr","7":"product_cat-vetements-pour-hommes","8":"product_cat-offres-pour-hommes","9":"product_tag-2xu-fr","10":"product_tag-2xu-homme","11":"pa_attivita-marcher","12":"pa_attivita-running-fr","13":"pa_marca-2xu-fr","14":"pa_sesso-homme","15":"pa_size-small-fr","17":"first","18":"instock","19":"sale","20":"taxable","21":"shipping-taxable","22":"purchasable","23":"product-type-variable","24":"wvs-archive-product-wrapper"},"acf":[],"yoast_head":"<!-- This site is optimized with the Yoast SEO plugin v26.8 - https:\/\/yoast.com\/product\/yoast-seo-wordpress\/ -->\n<title>2XU Compression Tights LTD RIO homme - Pantalon long- MioMioRun<\/title>\n<meta name=\"description\" content=\"Les collants de compression TR2 vous offrent un soutien et une protection maximums pour vos jambes. Ils pr\u00e9viennent la fatigue musculaire.\" \/>\n<meta name=\"robots\" content=\"index, follow, max-snippet:-1, max-image-preview:large, max-video-preview:-1\" \/>\n<link rel=\"canonical\" href=\"https:\/\/www.miomiorun.com\/fr\/produit\/2xu-compression-tights-ltd-rio-homme\/\" \/>\n<meta property=\"og:locale\" content=\"fr_FR\" \/>\n<meta property=\"og:type\" content=\"article\" \/>\n<meta property=\"og:title\" content=\"2XU Compression Tights LTD RIO homme - Pantalon long- MioMioRun\" \/>\n<meta property=\"og:description\" content=\"Les collants de compression TR2 vous offrent un soutien et une protection maximums pour vos jambes. Ils pr\u00e9viennent la fatigue musculaire.\" \/>\n<meta property=\"og:url\" content=\"https:\/\/www.miomiorun.com\/fr\/produit\/2xu-compression-tights-ltd-rio-homme\/\" \/>\n<meta property=\"og:site_name\" content=\"MioMioRun\" \/>\n<meta property=\"article:publisher\" content=\"https:\/\/www.facebook.com\/miomiorun\/\" \/>\n<meta property=\"article:modified_time\" content=\"2025-04-17T15:09:46+00:00\" \/>\n<meta property=\"og:image\" content=\"https:\/\/www.miomiorun.com\/app\/uploads\/2020\/03\/2XU-Compression-tights-black-italy.jpg\" \/>\n\t<meta property=\"og:image:width\" content=\"600\" \/>\n\t<meta property=\"og:image:height\" content=\"600\" \/>\n\t<meta property=\"og:image:type\" content=\"image\/jpeg\" \/>\n<meta name=\"twitter:card\" content=\"summary_large_image\" \/>\n<meta name=\"twitter:label1\" content=\"Est. reading time\" \/>\n\t<meta name=\"twitter:data1\" content=\"1 minute\" \/>\n<script type=\"application\/ld+json\" class=\"yoast-schema-graph\">{\"@context\":\"https:\/\/schema.org\",\"@graph\":[{\"@type\":\"WebPage\",\"@id\":\"https:\/\/www.miomiorun.com\/fr\/produit\/2xu-compression-tights-ltd-rio-homme\/\",\"url\":\"https:\/\/www.miomiorun.com\/fr\/produit\/2xu-compression-tights-ltd-rio-homme\/\",\"name\":\"2XU Compression Tights LTD RIO homme - Pantalon long- MioMioRun\",\"isPartOf\":{\"@id\":\"https:\/\/www.miomiorun.com\/fr\/#website\"},\"primaryImageOfPage\":{\"@id\":\"https:\/\/www.miomiorun.com\/fr\/produit\/2xu-compression-tights-ltd-rio-homme\/#primaryimage\"},\"image\":{\"@id\":\"https:\/\/www.miomiorun.com\/fr\/produit\/2xu-compression-tights-ltd-rio-homme\/#primaryimage\"},\"thumbnailUrl\":\"https:\/\/www.miomiorun.com\/app\/uploads\/2020\/03\/2XU-Compression-tights-black-italy.jpg\",\"datePublished\":\"2020-03-21T09:26:48+00:00\",\"dateModified\":\"2025-04-17T15:09:46+00:00\",\"description\":\"Les collants de compression TR2 vous offrent un soutien et une protection maximums pour vos jambes. Ils pr\u00e9viennent la fatigue musculaire.\",\"breadcrumb\":{\"@id\":\"https:\/\/www.miomiorun.com\/fr\/produit\/2xu-compression-tights-ltd-rio-homme\/#breadcrumb\"},\"inLanguage\":\"fr-FR\",\"potentialAction\":[{\"@type\":\"ReadAction\",\"target\":[\"https:\/\/www.miomiorun.com\/fr\/produit\/2xu-compression-tights-ltd-rio-homme\/\"]}]},{\"@type\":\"ImageObject\",\"inLanguage\":\"fr-FR\",\"@id\":\"https:\/\/www.miomiorun.com\/fr\/produit\/2xu-compression-tights-ltd-rio-homme\/#primaryimage\",\"url\":\"https:\/\/www.miomiorun.com\/app\/uploads\/2020\/03\/2XU-Compression-tights-black-italy.jpg\",\"contentUrl\":\"https:\/\/www.miomiorun.com\/app\/uploads\/2020\/03\/2XU-Compression-tights-black-italy.jpg\",\"width\":600,\"height\":600,\"caption\":\"CREATOR: gd-jpeg v1.0 (using IJG JPEG v62), quality = 90\"},{\"@type\":\"BreadcrumbList\",\"@id\":\"https:\/\/www.miomiorun.com\/fr\/produit\/2xu-compression-tights-ltd-rio-homme\/#breadcrumb\",\"itemListElement\":[{\"@type\":\"ListItem\",\"position\":1,\"name\":\"Home\",\"item\":\"https:\/\/www.miomiorun.com\/fr\/home-page\/\"},{\"@type\":\"ListItem\",\"position\":2,\"name\":\"Shop\",\"item\":\"https:\/\/www.miomiorun.com\/shop\/\"},{\"@type\":\"ListItem\",\"position\":3,\"name\":\"Compression Tights LTD RIO homme\"}]},{\"@type\":\"WebSite\",\"@id\":\"https:\/\/www.miomiorun.com\/fr\/#website\",\"url\":\"https:\/\/www.miomiorun.com\/fr\/\",\"name\":\"MioMioRun\",\"description\":\"Boutique 100% running et trail\",\"publisher\":{\"@id\":\"https:\/\/www.miomiorun.com\/fr\/#organization\"},\"potentialAction\":[{\"@type\":\"SearchAction\",\"target\":{\"@type\":\"EntryPoint\",\"urlTemplate\":\"https:\/\/www.miomiorun.com\/fr\/?s={search_term_string}\"},\"query-input\":{\"@type\":\"PropertyValueSpecification\",\"valueRequired\":true,\"valueName\":\"search_term_string\"}}],\"inLanguage\":\"fr-FR\"},{\"@type\":\"Organization\",\"@id\":\"https:\/\/www.miomiorun.com\/fr\/#organization\",\"name\":\"MioMio Run\",\"url\":\"https:\/\/www.miomiorun.com\/fr\/\",\"logo\":{\"@type\":\"ImageObject\",\"inLanguage\":\"fr-FR\",\"@id\":\"https:\/\/www.miomiorun.com\/fr\/#\/schema\/logo\/image\/\",\"url\":\"https:\/\/www.miomiorun.com\/app\/uploads\/2019\/12\/logomio.png\",\"contentUrl\":\"https:\/\/www.miomiorun.com\/app\/uploads\/2019\/12\/logomio.png\",\"width\":115,\"height\":82,\"caption\":\"MioMio Run\"},\"image\":{\"@id\":\"https:\/\/www.miomiorun.com\/fr\/#\/schema\/logo\/image\/\"},\"sameAs\":[\"https:\/\/www.facebook.com\/miomiorun\/\",\"https:\/\/www.instagram.com\/miomiorun\/\"]}]}<\/script>\n<!-- \/ Yoast SEO plugin. -->","yoast_head_json":{"title":"2XU Compression Tights LTD RIO homme - Pantalon long- MioMioRun","description":"Les collants de compression TR2 vous offrent un soutien et une protection maximums pour vos jambes. Ils pr\u00e9viennent la fatigue musculaire.","robots":{"index":"index","follow":"follow","max-snippet":"max-snippet:-1","max-image-preview":"max-image-preview:large","max-video-preview":"max-video-preview:-1"},"canonical":"https:\/\/www.miomiorun.com\/fr\/produit\/2xu-compression-tights-ltd-rio-homme\/","og_locale":"fr_FR","og_type":"article","og_title":"2XU Compression Tights LTD RIO homme - Pantalon long- MioMioRun","og_description":"Les collants de compression TR2 vous offrent un soutien et une protection maximums pour vos jambes. Ils pr\u00e9viennent la fatigue musculaire.","og_url":"https:\/\/www.miomiorun.com\/fr\/produit\/2xu-compression-tights-ltd-rio-homme\/","og_site_name":"MioMioRun","article_publisher":"https:\/\/www.facebook.com\/miomiorun\/","article_modified_time":"2025-04-17T15:09:46+00:00","og_image":[{"width":600,"height":600,"url":"https:\/\/www.miomiorun.com\/app\/uploads\/2020\/03\/2XU-Compression-tights-black-italy.jpg","type":"image\/jpeg"}],"twitter_card":"summary_large_image","twitter_misc":{"Est. reading time":"1 minute"},"schema":{"@context":"https:\/\/schema.org","@graph":[{"@type":"WebPage","@id":"https:\/\/www.miomiorun.com\/fr\/produit\/2xu-compression-tights-ltd-rio-homme\/","url":"https:\/\/www.miomiorun.com\/fr\/produit\/2xu-compression-tights-ltd-rio-homme\/","name":"2XU Compression Tights LTD RIO homme - Pantalon long- MioMioRun","isPartOf":{"@id":"https:\/\/www.miomiorun.com\/fr\/#website"},"primaryImageOfPage":{"@id":"https:\/\/www.miomiorun.com\/fr\/produit\/2xu-compression-tights-ltd-rio-homme\/#primaryimage"},"image":{"@id":"https:\/\/www.miomiorun.com\/fr\/produit\/2xu-compression-tights-ltd-rio-homme\/#primaryimage"},"thumbnailUrl":"https:\/\/www.miomiorun.com\/app\/uploads\/2020\/03\/2XU-Compression-tights-black-italy.jpg","datePublished":"2020-03-21T09:26:48+00:00","dateModified":"2025-04-17T15:09:46+00:00","description":"Les collants de compression TR2 vous offrent un soutien et une protection maximums pour vos jambes. Ils pr\u00e9viennent la fatigue musculaire.","breadcrumb":{"@id":"https:\/\/www.miomiorun.com\/fr\/produit\/2xu-compression-tights-ltd-rio-homme\/#breadcrumb"},"inLanguage":"fr-FR","potentialAction":[{"@type":"ReadAction","target":["https:\/\/www.miomiorun.com\/fr\/produit\/2xu-compression-tights-ltd-rio-homme\/"]}]},{"@type":"ImageObject","inLanguage":"fr-FR","@id":"https:\/\/www.miomiorun.com\/fr\/produit\/2xu-compression-tights-ltd-rio-homme\/#primaryimage","url":"https:\/\/www.miomiorun.com\/app\/uploads\/2020\/03\/2XU-Compression-tights-black-italy.jpg","contentUrl":"https:\/\/www.miomiorun.com\/app\/uploads\/2020\/03\/2XU-Compression-tights-black-italy.jpg","width":600,"height":600,"caption":"CREATOR: gd-jpeg v1.0 (using IJG JPEG v62), quality = 90"},{"@type":"BreadcrumbList","@id":"https:\/\/www.miomiorun.com\/fr\/produit\/2xu-compression-tights-ltd-rio-homme\/#breadcrumb","itemListElement":[{"@type":"ListItem","position":1,"name":"Home","item":"https:\/\/www.miomiorun.com\/fr\/home-page\/"},{"@type":"ListItem","position":2,"name":"Shop","item":"https:\/\/www.miomiorun.com\/shop\/"},{"@type":"ListItem","position":3,"name":"Compression Tights LTD RIO homme"}]},{"@type":"WebSite","@id":"https:\/\/www.miomiorun.com\/fr\/#website","url":"https:\/\/www.miomiorun.com\/fr\/","name":"MioMioRun","description":"Boutique 100% running et trail","publisher":{"@id":"https:\/\/www.miomiorun.com\/fr\/#organization"},"potentialAction":[{"@type":"SearchAction","target":{"@type":"EntryPoint","urlTemplate":"https:\/\/www.miomiorun.com\/fr\/?s={search_term_string}"},"query-input":{"@type":"PropertyValueSpecification","valueRequired":true,"valueName":"search_term_string"}}],"inLanguage":"fr-FR"},{"@type":"Organization","@id":"https:\/\/www.miomiorun.com\/fr\/#organization","name":"MioMio Run","url":"https:\/\/www.miomiorun.com\/fr\/","logo":{"@type":"ImageObject","inLanguage":"fr-FR","@id":"https:\/\/www.miomiorun.com\/fr\/#\/schema\/logo\/image\/","url":"https:\/\/www.miomiorun.com\/app\/uploads\/2019\/12\/logomio.png","contentUrl":"https:\/\/www.miomiorun.com\/app\/uploads\/2019\/12\/logomio.png","width":115,"height":82,"caption":"MioMio Run"},"image":{"@id":"https:\/\/www.miomiorun.com\/fr\/#\/schema\/logo\/image\/"},"sameAs":["https:\/\/www.facebook.com\/miomiorun\/","https:\/\/www.instagram.com\/miomiorun\/"]}]}},"_links":{"self":[{"href":"https:\/\/www.miomiorun.com\/fr\/wp-json\/wp\/v2\/product\/274002","targetHints":{"allow":["GET"]}}],"collection":[{"href":"https:\/\/www.miomiorun.com\/fr\/wp-json\/wp\/v2\/product"}],"about":[{"href":"https:\/\/www.miomiorun.com\/fr\/wp-json\/wp\/v2\/types\/product"}],"wp:featuredmedia":[{"embeddable":true,"href":"https:\/\/www.miomiorun.com\/fr\/wp-json\/wp\/v2\/media\/229467"}],"wp:attachment":[{"href":"https:\/\/www.miomiorun.com\/fr\/wp-json\/wp\/v2\/media?parent=274002"}],"wp:term":[{"taxonomy":"product_brand","embeddable":true,"href":"https:\/\/www.miomiorun.com\/fr\/wp-json\/wp\/v2\/product_brand?post=274002"},{"taxonomy":"product_cat","embeddable":true,"href":"https:\/\/www.miomiorun.com\/fr\/wp-json\/wp\/v2\/product_cat?post=274002"},{"taxonomy":"product_tag","embeddable":true,"href":"https:\/\/www.miomiorun.com\/fr\/wp-json\/wp\/v2\/product_tag?post=274002"}],"curies":[{"name":"wp","href":"https:\/\/api.w.org\/{rel}","templated":true}]}}