{"id":273950,"date":"2020-03-22T11:40:13","date_gmt":"2020-03-22T10:40:13","guid":{"rendered":"https:\/\/miomiorun.com\/prodotto\/cep-calf-sleeves-3-0-donna\/"},"modified":"2025-04-23T11:47:33","modified_gmt":"2025-04-23T09:47:33","slug":"cep-calf-sleeves-3-0-femme","status":"publish","type":"product","link":"https:\/\/www.miomiorun.com\/fr\/produit\/cep-calf-sleeves-3-0-femme\/","title":{"rendered":"Calf Sleeves 3.0 femme"},"content":{"rendered":"<p>Les Cep Compression Calf Sleeves 3.0 boosters pour femmes offrent un profil de compression athl\u00e9tique de la cheville au mollet. L&#8217;augmentation de la circulation et la compression stabilisante au niveau du mollet aident \u00e0 soulager les tibias, \u00e0 pr\u00e9venir les crampes et \u00e0 \u00e9liminer la fatigue. Faites l&#8217;exp\u00e9rience du &#8220;bon effet&#8221; de la CEP avec un manchon de compression des jambes con\u00e7u pour un maximum de confort et de performance. Parfait pour la course \u00e0 pied, le crossfit, le football, le basket-ball, le sport, la randonn\u00e9e et bien plus encore.<\/p>\n<p>Compression graduelle 20-30 mmHg<br \/>\nLa gestion climatique HEIQ rafra\u00eechit la peau<br \/>\nR\u00e9cup\u00e8re les mollets plus rapidement que jamais<br \/>\n\u00c9limination acc\u00e9l\u00e9r\u00e9e de l&#8217;acide lactique, r\u00e9cup\u00e9ration pendant l&#8217;exercice<br \/>\nLes fibres sup\u00e9rieures d&#8217;\u00e9vacuation de l&#8217;humidit\u00e9 gardent la peau fra\u00eeche<br \/>\nSoulage les douleurs de tibia, les crampes de mollet et la fatigue.<\/p>\n<p>Niveau de compression : 20-30 mmHg<\/p>\n<p>Mati\u00e8re : 80% polyamide, 20% spandex<\/p>\n","protected":false},"excerpt":{"rendered":"<p>Les Cep Compression Calf Sleeves 3.0 boosters pour femmes offrent un profil de compression athl\u00e9tique de la cheville au mollet.<\/p>\n","protected":false},"featured_media":229495,"template":"","meta":{"_acf_changed":false,"inline_featured_image":false},"product_brand":[],"product_cat":[22597,22596,22595],"product_tag":[23469,23651],"class_list":{"0":"post-273950","1":"product","2":"type-product","3":"status-publish","4":"has-post-thumbnail","6":"product_cat-chaussettes","7":"product_cat-vetements-pour-femmes","8":"product_cat-femme","9":"product_tag-cep-fr","10":"product_tag-cep-femme","11":"pa_attivita-running-fr","12":"pa_attivita-trail-fr","13":"pa_circonferenza-polpaccio-24-31-fr","14":"pa_marca-cep-fr","15":"pa_sesso-femme","17":"first","18":"instock","19":"sale","20":"taxable","21":"shipping-taxable","22":"purchasable","23":"product-type-variable","24":"wvs-archive-product-wrapper"},"acf":[],"yoast_head":"<!-- This site is optimized with the Yoast SEO plugin v26.8 - https:\/\/yoast.com\/product\/yoast-seo-wordpress\/ -->\n<title>Cep Calf Sleeves 3.0 femme -Booster running- MioMioRun.com<\/title>\n<meta name=\"description\" content=\"Les Cep Compression Calf Sleeves 3.0 boosters pour femmes offrent un profil de compression athl\u00e9tique de la cheville au mollet.\" \/>\n<meta name=\"robots\" content=\"index, follow, max-snippet:-1, max-image-preview:large, max-video-preview:-1\" \/>\n<link rel=\"canonical\" href=\"https:\/\/www.miomiorun.com\/fr\/produit\/cep-calf-sleeves-3-0-femme\/\" \/>\n<meta property=\"og:locale\" content=\"fr_FR\" \/>\n<meta property=\"og:type\" content=\"article\" \/>\n<meta property=\"og:title\" content=\"Cep Calf Sleeves 3.0 femme -Booster running- MioMioRun.com\" \/>\n<meta property=\"og:description\" content=\"Les Cep Compression Calf Sleeves 3.0 boosters pour femmes offrent un profil de compression athl\u00e9tique de la cheville au mollet.\" \/>\n<meta property=\"og:url\" content=\"https:\/\/www.miomiorun.com\/fr\/produit\/cep-calf-sleeves-3-0-femme\/\" \/>\n<meta property=\"og:site_name\" content=\"MioMioRun\" \/>\n<meta property=\"article:publisher\" content=\"https:\/\/www.facebook.com\/miomiorun\/\" \/>\n<meta property=\"article:modified_time\" content=\"2025-04-23T09:47:33+00:00\" \/>\n<meta property=\"og:image\" content=\"https:\/\/www.miomiorun.com\/app\/uploads\/2020\/03\/Calf-sleeves-3.0-W-black-dark.jpg\" \/>\n\t<meta property=\"og:image:width\" content=\"600\" \/>\n\t<meta property=\"og:image:height\" content=\"600\" \/>\n\t<meta property=\"og:image:type\" content=\"image\/jpeg\" \/>\n<meta name=\"twitter:card\" content=\"summary_large_image\" \/>\n<meta name=\"twitter:label1\" content=\"Est. reading time\" \/>\n\t<meta name=\"twitter:data1\" content=\"1 minute\" \/>\n<script type=\"application\/ld+json\" class=\"yoast-schema-graph\">{\"@context\":\"https:\/\/schema.org\",\"@graph\":[{\"@type\":\"WebPage\",\"@id\":\"https:\/\/www.miomiorun.com\/fr\/produit\/cep-calf-sleeves-3-0-femme\/\",\"url\":\"https:\/\/www.miomiorun.com\/fr\/produit\/cep-calf-sleeves-3-0-femme\/\",\"name\":\"Cep Calf Sleeves 3.0 femme -Booster running- MioMioRun.com\",\"isPartOf\":{\"@id\":\"https:\/\/www.miomiorun.com\/fr\/#website\"},\"primaryImageOfPage\":{\"@id\":\"https:\/\/www.miomiorun.com\/fr\/produit\/cep-calf-sleeves-3-0-femme\/#primaryimage\"},\"image\":{\"@id\":\"https:\/\/www.miomiorun.com\/fr\/produit\/cep-calf-sleeves-3-0-femme\/#primaryimage\"},\"thumbnailUrl\":\"https:\/\/www.miomiorun.com\/app\/uploads\/2020\/03\/Calf-sleeves-3.0-W-black-dark.jpg\",\"datePublished\":\"2020-03-22T10:40:13+00:00\",\"dateModified\":\"2025-04-23T09:47:33+00:00\",\"description\":\"Les Cep Compression Calf Sleeves 3.0 boosters pour femmes offrent un profil de compression athl\u00e9tique de la cheville au mollet.\",\"breadcrumb\":{\"@id\":\"https:\/\/www.miomiorun.com\/fr\/produit\/cep-calf-sleeves-3-0-femme\/#breadcrumb\"},\"inLanguage\":\"fr-FR\",\"potentialAction\":[{\"@type\":\"ReadAction\",\"target\":[\"https:\/\/www.miomiorun.com\/fr\/produit\/cep-calf-sleeves-3-0-femme\/\"]}]},{\"@type\":\"ImageObject\",\"inLanguage\":\"fr-FR\",\"@id\":\"https:\/\/www.miomiorun.com\/fr\/produit\/cep-calf-sleeves-3-0-femme\/#primaryimage\",\"url\":\"https:\/\/www.miomiorun.com\/app\/uploads\/2020\/03\/Calf-sleeves-3.0-W-black-dark.jpg\",\"contentUrl\":\"https:\/\/www.miomiorun.com\/app\/uploads\/2020\/03\/Calf-sleeves-3.0-W-black-dark.jpg\",\"width\":600,\"height\":600,\"caption\":\"Calf-sleeves-3.0-W-black-dark\"},{\"@type\":\"BreadcrumbList\",\"@id\":\"https:\/\/www.miomiorun.com\/fr\/produit\/cep-calf-sleeves-3-0-femme\/#breadcrumb\",\"itemListElement\":[{\"@type\":\"ListItem\",\"position\":1,\"name\":\"Home\",\"item\":\"https:\/\/www.miomiorun.com\/fr\/home-page\/\"},{\"@type\":\"ListItem\",\"position\":2,\"name\":\"Shop\",\"item\":\"https:\/\/www.miomiorun.com\/shop\/\"},{\"@type\":\"ListItem\",\"position\":3,\"name\":\"Calf Sleeves 3.0 femme\"}]},{\"@type\":\"WebSite\",\"@id\":\"https:\/\/www.miomiorun.com\/fr\/#website\",\"url\":\"https:\/\/www.miomiorun.com\/fr\/\",\"name\":\"MioMioRun\",\"description\":\"Boutique 100% running et trail\",\"publisher\":{\"@id\":\"https:\/\/www.miomiorun.com\/fr\/#organization\"},\"potentialAction\":[{\"@type\":\"SearchAction\",\"target\":{\"@type\":\"EntryPoint\",\"urlTemplate\":\"https:\/\/www.miomiorun.com\/fr\/?s={search_term_string}\"},\"query-input\":{\"@type\":\"PropertyValueSpecification\",\"valueRequired\":true,\"valueName\":\"search_term_string\"}}],\"inLanguage\":\"fr-FR\"},{\"@type\":\"Organization\",\"@id\":\"https:\/\/www.miomiorun.com\/fr\/#organization\",\"name\":\"MioMio Run\",\"url\":\"https:\/\/www.miomiorun.com\/fr\/\",\"logo\":{\"@type\":\"ImageObject\",\"inLanguage\":\"fr-FR\",\"@id\":\"https:\/\/www.miomiorun.com\/fr\/#\/schema\/logo\/image\/\",\"url\":\"https:\/\/www.miomiorun.com\/app\/uploads\/2019\/12\/logomio.png\",\"contentUrl\":\"https:\/\/www.miomiorun.com\/app\/uploads\/2019\/12\/logomio.png\",\"width\":115,\"height\":82,\"caption\":\"MioMio Run\"},\"image\":{\"@id\":\"https:\/\/www.miomiorun.com\/fr\/#\/schema\/logo\/image\/\"},\"sameAs\":[\"https:\/\/www.facebook.com\/miomiorun\/\",\"https:\/\/www.instagram.com\/miomiorun\/\"]}]}<\/script>\n<!-- \/ Yoast SEO plugin. -->","yoast_head_json":{"title":"Cep Calf Sleeves 3.0 femme -Booster running- MioMioRun.com","description":"Les Cep Compression Calf Sleeves 3.0 boosters pour femmes offrent un profil de compression athl\u00e9tique de la cheville au mollet.","robots":{"index":"index","follow":"follow","max-snippet":"max-snippet:-1","max-image-preview":"max-image-preview:large","max-video-preview":"max-video-preview:-1"},"canonical":"https:\/\/www.miomiorun.com\/fr\/produit\/cep-calf-sleeves-3-0-femme\/","og_locale":"fr_FR","og_type":"article","og_title":"Cep Calf Sleeves 3.0 femme -Booster running- MioMioRun.com","og_description":"Les Cep Compression Calf Sleeves 3.0 boosters pour femmes offrent un profil de compression athl\u00e9tique de la cheville au mollet.","og_url":"https:\/\/www.miomiorun.com\/fr\/produit\/cep-calf-sleeves-3-0-femme\/","og_site_name":"MioMioRun","article_publisher":"https:\/\/www.facebook.com\/miomiorun\/","article_modified_time":"2025-04-23T09:47:33+00:00","og_image":[{"width":600,"height":600,"url":"https:\/\/www.miomiorun.com\/app\/uploads\/2020\/03\/Calf-sleeves-3.0-W-black-dark.jpg","type":"image\/jpeg"}],"twitter_card":"summary_large_image","twitter_misc":{"Est. reading time":"1 minute"},"schema":{"@context":"https:\/\/schema.org","@graph":[{"@type":"WebPage","@id":"https:\/\/www.miomiorun.com\/fr\/produit\/cep-calf-sleeves-3-0-femme\/","url":"https:\/\/www.miomiorun.com\/fr\/produit\/cep-calf-sleeves-3-0-femme\/","name":"Cep Calf Sleeves 3.0 femme -Booster running- MioMioRun.com","isPartOf":{"@id":"https:\/\/www.miomiorun.com\/fr\/#website"},"primaryImageOfPage":{"@id":"https:\/\/www.miomiorun.com\/fr\/produit\/cep-calf-sleeves-3-0-femme\/#primaryimage"},"image":{"@id":"https:\/\/www.miomiorun.com\/fr\/produit\/cep-calf-sleeves-3-0-femme\/#primaryimage"},"thumbnailUrl":"https:\/\/www.miomiorun.com\/app\/uploads\/2020\/03\/Calf-sleeves-3.0-W-black-dark.jpg","datePublished":"2020-03-22T10:40:13+00:00","dateModified":"2025-04-23T09:47:33+00:00","description":"Les Cep Compression Calf Sleeves 3.0 boosters pour femmes offrent un profil de compression athl\u00e9tique de la cheville au mollet.","breadcrumb":{"@id":"https:\/\/www.miomiorun.com\/fr\/produit\/cep-calf-sleeves-3-0-femme\/#breadcrumb"},"inLanguage":"fr-FR","potentialAction":[{"@type":"ReadAction","target":["https:\/\/www.miomiorun.com\/fr\/produit\/cep-calf-sleeves-3-0-femme\/"]}]},{"@type":"ImageObject","inLanguage":"fr-FR","@id":"https:\/\/www.miomiorun.com\/fr\/produit\/cep-calf-sleeves-3-0-femme\/#primaryimage","url":"https:\/\/www.miomiorun.com\/app\/uploads\/2020\/03\/Calf-sleeves-3.0-W-black-dark.jpg","contentUrl":"https:\/\/www.miomiorun.com\/app\/uploads\/2020\/03\/Calf-sleeves-3.0-W-black-dark.jpg","width":600,"height":600,"caption":"Calf-sleeves-3.0-W-black-dark"},{"@type":"BreadcrumbList","@id":"https:\/\/www.miomiorun.com\/fr\/produit\/cep-calf-sleeves-3-0-femme\/#breadcrumb","itemListElement":[{"@type":"ListItem","position":1,"name":"Home","item":"https:\/\/www.miomiorun.com\/fr\/home-page\/"},{"@type":"ListItem","position":2,"name":"Shop","item":"https:\/\/www.miomiorun.com\/shop\/"},{"@type":"ListItem","position":3,"name":"Calf Sleeves 3.0 femme"}]},{"@type":"WebSite","@id":"https:\/\/www.miomiorun.com\/fr\/#website","url":"https:\/\/www.miomiorun.com\/fr\/","name":"MioMioRun","description":"Boutique 100% running et trail","publisher":{"@id":"https:\/\/www.miomiorun.com\/fr\/#organization"},"potentialAction":[{"@type":"SearchAction","target":{"@type":"EntryPoint","urlTemplate":"https:\/\/www.miomiorun.com\/fr\/?s={search_term_string}"},"query-input":{"@type":"PropertyValueSpecification","valueRequired":true,"valueName":"search_term_string"}}],"inLanguage":"fr-FR"},{"@type":"Organization","@id":"https:\/\/www.miomiorun.com\/fr\/#organization","name":"MioMio Run","url":"https:\/\/www.miomiorun.com\/fr\/","logo":{"@type":"ImageObject","inLanguage":"fr-FR","@id":"https:\/\/www.miomiorun.com\/fr\/#\/schema\/logo\/image\/","url":"https:\/\/www.miomiorun.com\/app\/uploads\/2019\/12\/logomio.png","contentUrl":"https:\/\/www.miomiorun.com\/app\/uploads\/2019\/12\/logomio.png","width":115,"height":82,"caption":"MioMio Run"},"image":{"@id":"https:\/\/www.miomiorun.com\/fr\/#\/schema\/logo\/image\/"},"sameAs":["https:\/\/www.facebook.com\/miomiorun\/","https:\/\/www.instagram.com\/miomiorun\/"]}]}},"_links":{"self":[{"href":"https:\/\/www.miomiorun.com\/fr\/wp-json\/wp\/v2\/product\/273950","targetHints":{"allow":["GET"]}}],"collection":[{"href":"https:\/\/www.miomiorun.com\/fr\/wp-json\/wp\/v2\/product"}],"about":[{"href":"https:\/\/www.miomiorun.com\/fr\/wp-json\/wp\/v2\/types\/product"}],"wp:featuredmedia":[{"embeddable":true,"href":"https:\/\/www.miomiorun.com\/fr\/wp-json\/wp\/v2\/media\/229495"}],"wp:attachment":[{"href":"https:\/\/www.miomiorun.com\/fr\/wp-json\/wp\/v2\/media?parent=273950"}],"wp:term":[{"taxonomy":"product_brand","embeddable":true,"href":"https:\/\/www.miomiorun.com\/fr\/wp-json\/wp\/v2\/product_brand?post=273950"},{"taxonomy":"product_cat","embeddable":true,"href":"https:\/\/www.miomiorun.com\/fr\/wp-json\/wp\/v2\/product_cat?post=273950"},{"taxonomy":"product_tag","embeddable":true,"href":"https:\/\/www.miomiorun.com\/fr\/wp-json\/wp\/v2\/product_tag?post=273950"}],"curies":[{"name":"wp","href":"https:\/\/api.w.org\/{rel}","templated":true}]}}