{"id":273896,"date":"2020-03-23T10:21:17","date_gmt":"2020-03-23T09:21:17","guid":{"rendered":"https:\/\/miomiorun.com\/prodotto\/cep-ultralight-calf-sleeves-uomo\/"},"modified":"2025-04-22T11:23:26","modified_gmt":"2025-04-22T09:23:26","slug":"cep-ultralight-calf-sleeves-homme","status":"publish","type":"product","link":"https:\/\/www.miomiorun.com\/fr\/produit\/cep-ultralight-calf-sleeves-homme\/","title":{"rendered":"Ultralight Calf Sleeves homme"},"content":{"rendered":"<p>Courir et se sentir bien : choisissez les Ultralight Calf Sleeves pour hommes et <strong>soyez au top de vos performances !<\/strong> Ce legging est id\u00e9al m\u00eame en \u00e9t\u00e9, car il est fabriqu\u00e9 dans une mati\u00e8re ultra-l\u00e9g\u00e8re et extr\u00eamement fine, avec une grande respirabilit\u00e9. Les avantages de la compression sont combin\u00e9s \u00e0 un <strong>excellent confort pendant les journ\u00e9es chaudes.<\/strong><\/p>\n<h3>Am\u00e9lioration de la circulation sanguine pour une meilleure performance musculaire<\/h3>\n<p>La compression m\u00e9diane des manchons Ultralight Calf Sleeves for men am\u00e9liore la circulation sanguine dans et hors des muscles. Les nutriments atteignent le muscle plus rapidement, ce qui favorise l&#8217;\u00e9limination de l&#8217;acide lactique. Cela vous aidera \u00e0 maximiser votre vitesse et votre endurance, et vous b\u00e9n\u00e9ficierez d&#8217;un avantage significatif lorsque vous en aurez besoin.<\/p>\n<h3>Des vibrations musculaires r\u00e9duites pour un d\u00e9veloppement \u00e9nerg\u00e9tique efficace<\/h3>\n<p>L&#8217;efficacit\u00e9 se traduit par une utilisation cibl\u00e9e de l&#8217;\u00e9nergie. Les manchons Ultralight Calf Sleeves pour hommes amortissent les vibrations ind\u00e9sirables du mollet et donnent <strong>plus de force \u00e0 vos mouvements.<\/strong> En plus d&#8217;am\u00e9liorer vos performances, les manchons pour mollets procurent une sensation agr\u00e9able et augmentent ainsi votre motivation.<\/p>\n<h3>Courir et se sentir bien \u00e0 des temp\u00e9ratures \u00e9lev\u00e9es<\/h3>\n<p>La mati\u00e8re du legging offre tout ce dont vous avez besoin pendant les chaudes journ\u00e9es d&#8217;\u00e9t\u00e9. Il est <strong>extr\u00eamement l\u00e9ger, fin et respirant<\/strong>. En m\u00eame temps, il offre la stabilit\u00e9 n\u00e9cessaire gr\u00e2ce \u00e0 la technologie Smart-Carbon avec fibres de carbone int\u00e9gr\u00e9es.<\/p>\n<p>Profitez des effets activateurs des manchons Ultralight Calf Sleeves pour hommes, pour atteindre vos performances maximales en \u00e9t\u00e9 !<\/p>\n<h3>Caract\u00e9ristiques du produit :<\/h3>\n<ul class=\"selling-points\">\n<li>La compression m\u00e9diane des manchons Ultralight Calf Sleeves am\u00e9liore l&#8217;apport de nutriments aux muscles. R\u00e9sultat : un effet de bien-\u00eatre et des performances accrues.<\/li>\n<li>L&#8217;effet de compression r\u00e9duit les vibrations musculaires qui r\u00e9duisent l&#8217;\u00e9nergie. Vous vous sentirez plus fort et profiterez d&#8217;une sensation agr\u00e9able pendant la course.<\/li>\n<li>Le legging stimule les muscles du mollet en profondeur et les stabilise afin d&#8217;obtenir les meilleures performances lors de l&#8217;entra\u00eenement ou des comp\u00e9titions.<\/li>\n<li>Entoure vos muscles plus de 300 fois en compression gradu\u00e9e<\/li>\n<li>25 % de volume en moins que les manchons pour mollets CEP 2.0<\/li>\n<li>La bande Halo haute maintient les manchons de mollet en place sous le genou.<\/li>\n<li>La conception ultral\u00e9g\u00e8re et les mat\u00e9riaux hydrophobes am\u00e9liorent la respirabilit\u00e9.<\/li>\n<li>Compression gradu\u00e9e 20-30 mmHg<\/li>\n<li>Faible entretien : lavage et s\u00e9chage en machine<\/li>\n<\/ul>\n<p><strong>Mati\u00e8res :<\/strong> 77 % polyamide, 23 % \u00e9lasthanne<\/p>\n<p>&nbsp;<\/p>\n","protected":false},"excerpt":{"rendered":"<p>Ces boosters de compression offrent une excellente respirabilit\u00e9, tout en contribuant \u00e0 am\u00e9liorer les performances et \u00e0 pr\u00e9venir les blessures.<\/p>\n","protected":false},"featured_media":229507,"template":"","meta":{"_acf_changed":false,"inline_featured_image":false},"product_brand":[],"product_cat":[24256,24482,24484],"product_tag":[23469,23649],"class_list":{"0":"post-273896","1":"product","2":"type-product","3":"status-publish","4":"has-post-thumbnail","6":"product_cat-chaussettes-fr","7":"product_cat-vetements-pour-hommes-fr","8":"product_cat-homme","9":"product_tag-cep-fr","10":"product_tag-cep-homme","11":"pa_attivita-running-fr","12":"pa_attivita-trail-fr","13":"pa_circonferenza-polpaccio-32-38-fr","14":"pa_circonferenza-polpaccio-39-44-fr","15":"pa_circonferenza-polpaccio-45-51-fr-2","16":"pa_colore-sleeves-ultalight-m-grey-fr","17":"pa_colore-sleeves-ultralight-lava-grey-fr","18":"pa_colore-sleeves-ultralight-m-black-fr","19":"pa_colore-sleeves-ultralight-m-blu-fr","20":"pa_colore-ultralight-calf-sleeve-m-white-green-fr","21":"pa_colore-ultralight-calf-sleeves-m-black-grey-fr","22":"pa_colore-ultralight-calf-sleeves-m-blu-green-fr-2","23":"pa_marca-cep-fr","24":"pa_sesso-homme","26":"first","27":"instock","28":"sale","29":"taxable","30":"shipping-taxable","31":"purchasable","32":"product-type-variable","33":"wvs-archive-product-wrapper"},"acf":[],"yoast_head":"<!-- This site is optimized with the Yoast SEO plugin v26.8 - https:\/\/yoast.com\/product\/yoast-seo-wordpress\/ -->\n<title>Cep Ultralight Calf Sleeves homme - MioMioRun.com<\/title>\n<meta name=\"description\" content=\"Ces boosters de compression offrent une excellente respirabilit\u00e9 tout en am\u00e9liorant les performances et en pr\u00e9venant les blessures.\" \/>\n<meta name=\"robots\" content=\"index, follow, max-snippet:-1, max-image-preview:large, max-video-preview:-1\" \/>\n<link rel=\"canonical\" href=\"https:\/\/www.miomiorun.com\/fr\/produit\/cep-ultralight-calf-sleeves-homme\/\" \/>\n<meta property=\"og:locale\" content=\"fr_FR\" \/>\n<meta property=\"og:type\" content=\"article\" \/>\n<meta property=\"og:title\" content=\"Cep Ultralight Calf Sleeves homme - MioMioRun.com\" \/>\n<meta property=\"og:description\" content=\"Ces boosters de compression offrent une excellente respirabilit\u00e9 tout en am\u00e9liorant les performances et en pr\u00e9venant les blessures.\" \/>\n<meta property=\"og:url\" content=\"https:\/\/www.miomiorun.com\/fr\/produit\/cep-ultralight-calf-sleeves-homme\/\" \/>\n<meta property=\"og:site_name\" content=\"MioMioRun\" \/>\n<meta property=\"article:publisher\" content=\"https:\/\/www.facebook.com\/miomiorun\/\" \/>\n<meta property=\"article:modified_time\" content=\"2025-04-22T09:23:26+00:00\" \/>\n<meta property=\"og:image\" content=\"https:\/\/www.miomiorun.com\/app\/uploads\/2020\/03\/Ultralight-calf-sleeves-M-black-grey.jpg\" \/>\n\t<meta property=\"og:image:width\" content=\"600\" \/>\n\t<meta property=\"og:image:height\" content=\"600\" \/>\n\t<meta property=\"og:image:type\" content=\"image\/jpeg\" \/>\n<meta name=\"twitter:card\" content=\"summary_large_image\" \/>\n<meta name=\"twitter:label1\" content=\"Est. reading time\" \/>\n\t<meta name=\"twitter:data1\" content=\"2 minutes\" \/>\n<script type=\"application\/ld+json\" class=\"yoast-schema-graph\">{\"@context\":\"https:\/\/schema.org\",\"@graph\":[{\"@type\":\"WebPage\",\"@id\":\"https:\/\/www.miomiorun.com\/fr\/produit\/cep-ultralight-calf-sleeves-homme\/\",\"url\":\"https:\/\/www.miomiorun.com\/fr\/produit\/cep-ultralight-calf-sleeves-homme\/\",\"name\":\"Cep Ultralight Calf Sleeves homme - MioMioRun.com\",\"isPartOf\":{\"@id\":\"https:\/\/www.miomiorun.com\/fr\/#website\"},\"primaryImageOfPage\":{\"@id\":\"https:\/\/www.miomiorun.com\/fr\/produit\/cep-ultralight-calf-sleeves-homme\/#primaryimage\"},\"image\":{\"@id\":\"https:\/\/www.miomiorun.com\/fr\/produit\/cep-ultralight-calf-sleeves-homme\/#primaryimage\"},\"thumbnailUrl\":\"https:\/\/www.miomiorun.com\/app\/uploads\/2020\/03\/Ultralight-calf-sleeves-M-black-grey.jpg\",\"datePublished\":\"2020-03-23T09:21:17+00:00\",\"dateModified\":\"2025-04-22T09:23:26+00:00\",\"description\":\"Ces boosters de compression offrent une excellente respirabilit\u00e9 tout en am\u00e9liorant les performances et en pr\u00e9venant les blessures.\",\"breadcrumb\":{\"@id\":\"https:\/\/www.miomiorun.com\/fr\/produit\/cep-ultralight-calf-sleeves-homme\/#breadcrumb\"},\"inLanguage\":\"fr-FR\",\"potentialAction\":[{\"@type\":\"ReadAction\",\"target\":[\"https:\/\/www.miomiorun.com\/fr\/produit\/cep-ultralight-calf-sleeves-homme\/\"]}]},{\"@type\":\"ImageObject\",\"inLanguage\":\"fr-FR\",\"@id\":\"https:\/\/www.miomiorun.com\/fr\/produit\/cep-ultralight-calf-sleeves-homme\/#primaryimage\",\"url\":\"https:\/\/www.miomiorun.com\/app\/uploads\/2020\/03\/Ultralight-calf-sleeves-M-black-grey.jpg\",\"contentUrl\":\"https:\/\/www.miomiorun.com\/app\/uploads\/2020\/03\/Ultralight-calf-sleeves-M-black-grey.jpg\",\"width\":600,\"height\":600,\"caption\":\"Ultralight-calf-sleeves-M-black-grey\"},{\"@type\":\"BreadcrumbList\",\"@id\":\"https:\/\/www.miomiorun.com\/fr\/produit\/cep-ultralight-calf-sleeves-homme\/#breadcrumb\",\"itemListElement\":[{\"@type\":\"ListItem\",\"position\":1,\"name\":\"Home\",\"item\":\"https:\/\/www.miomiorun.com\/fr\/home-page\/\"},{\"@type\":\"ListItem\",\"position\":2,\"name\":\"Shop\",\"item\":\"https:\/\/www.miomiorun.com\/shop\/\"},{\"@type\":\"ListItem\",\"position\":3,\"name\":\"Ultralight Calf Sleeves homme\"}]},{\"@type\":\"WebSite\",\"@id\":\"https:\/\/www.miomiorun.com\/fr\/#website\",\"url\":\"https:\/\/www.miomiorun.com\/fr\/\",\"name\":\"MioMioRun\",\"description\":\"Boutique 100% running et trail\",\"publisher\":{\"@id\":\"https:\/\/www.miomiorun.com\/fr\/#organization\"},\"potentialAction\":[{\"@type\":\"SearchAction\",\"target\":{\"@type\":\"EntryPoint\",\"urlTemplate\":\"https:\/\/www.miomiorun.com\/fr\/?s={search_term_string}\"},\"query-input\":{\"@type\":\"PropertyValueSpecification\",\"valueRequired\":true,\"valueName\":\"search_term_string\"}}],\"inLanguage\":\"fr-FR\"},{\"@type\":\"Organization\",\"@id\":\"https:\/\/www.miomiorun.com\/fr\/#organization\",\"name\":\"MioMio Run\",\"url\":\"https:\/\/www.miomiorun.com\/fr\/\",\"logo\":{\"@type\":\"ImageObject\",\"inLanguage\":\"fr-FR\",\"@id\":\"https:\/\/www.miomiorun.com\/fr\/#\/schema\/logo\/image\/\",\"url\":\"https:\/\/www.miomiorun.com\/app\/uploads\/2019\/12\/logomio.png\",\"contentUrl\":\"https:\/\/www.miomiorun.com\/app\/uploads\/2019\/12\/logomio.png\",\"width\":115,\"height\":82,\"caption\":\"MioMio Run\"},\"image\":{\"@id\":\"https:\/\/www.miomiorun.com\/fr\/#\/schema\/logo\/image\/\"},\"sameAs\":[\"https:\/\/www.facebook.com\/miomiorun\/\",\"https:\/\/www.instagram.com\/miomiorun\/\"]}]}<\/script>\n<!-- \/ Yoast SEO plugin. -->","yoast_head_json":{"title":"Cep Ultralight Calf Sleeves homme - MioMioRun.com","description":"Ces boosters de compression offrent une excellente respirabilit\u00e9 tout en am\u00e9liorant les performances et en pr\u00e9venant les blessures.","robots":{"index":"index","follow":"follow","max-snippet":"max-snippet:-1","max-image-preview":"max-image-preview:large","max-video-preview":"max-video-preview:-1"},"canonical":"https:\/\/www.miomiorun.com\/fr\/produit\/cep-ultralight-calf-sleeves-homme\/","og_locale":"fr_FR","og_type":"article","og_title":"Cep Ultralight Calf Sleeves homme - MioMioRun.com","og_description":"Ces boosters de compression offrent une excellente respirabilit\u00e9 tout en am\u00e9liorant les performances et en pr\u00e9venant les blessures.","og_url":"https:\/\/www.miomiorun.com\/fr\/produit\/cep-ultralight-calf-sleeves-homme\/","og_site_name":"MioMioRun","article_publisher":"https:\/\/www.facebook.com\/miomiorun\/","article_modified_time":"2025-04-22T09:23:26+00:00","og_image":[{"width":600,"height":600,"url":"https:\/\/www.miomiorun.com\/app\/uploads\/2020\/03\/Ultralight-calf-sleeves-M-black-grey.jpg","type":"image\/jpeg"}],"twitter_card":"summary_large_image","twitter_misc":{"Est. reading time":"2 minutes"},"schema":{"@context":"https:\/\/schema.org","@graph":[{"@type":"WebPage","@id":"https:\/\/www.miomiorun.com\/fr\/produit\/cep-ultralight-calf-sleeves-homme\/","url":"https:\/\/www.miomiorun.com\/fr\/produit\/cep-ultralight-calf-sleeves-homme\/","name":"Cep Ultralight Calf Sleeves homme - MioMioRun.com","isPartOf":{"@id":"https:\/\/www.miomiorun.com\/fr\/#website"},"primaryImageOfPage":{"@id":"https:\/\/www.miomiorun.com\/fr\/produit\/cep-ultralight-calf-sleeves-homme\/#primaryimage"},"image":{"@id":"https:\/\/www.miomiorun.com\/fr\/produit\/cep-ultralight-calf-sleeves-homme\/#primaryimage"},"thumbnailUrl":"https:\/\/www.miomiorun.com\/app\/uploads\/2020\/03\/Ultralight-calf-sleeves-M-black-grey.jpg","datePublished":"2020-03-23T09:21:17+00:00","dateModified":"2025-04-22T09:23:26+00:00","description":"Ces boosters de compression offrent une excellente respirabilit\u00e9 tout en am\u00e9liorant les performances et en pr\u00e9venant les blessures.","breadcrumb":{"@id":"https:\/\/www.miomiorun.com\/fr\/produit\/cep-ultralight-calf-sleeves-homme\/#breadcrumb"},"inLanguage":"fr-FR","potentialAction":[{"@type":"ReadAction","target":["https:\/\/www.miomiorun.com\/fr\/produit\/cep-ultralight-calf-sleeves-homme\/"]}]},{"@type":"ImageObject","inLanguage":"fr-FR","@id":"https:\/\/www.miomiorun.com\/fr\/produit\/cep-ultralight-calf-sleeves-homme\/#primaryimage","url":"https:\/\/www.miomiorun.com\/app\/uploads\/2020\/03\/Ultralight-calf-sleeves-M-black-grey.jpg","contentUrl":"https:\/\/www.miomiorun.com\/app\/uploads\/2020\/03\/Ultralight-calf-sleeves-M-black-grey.jpg","width":600,"height":600,"caption":"Ultralight-calf-sleeves-M-black-grey"},{"@type":"BreadcrumbList","@id":"https:\/\/www.miomiorun.com\/fr\/produit\/cep-ultralight-calf-sleeves-homme\/#breadcrumb","itemListElement":[{"@type":"ListItem","position":1,"name":"Home","item":"https:\/\/www.miomiorun.com\/fr\/home-page\/"},{"@type":"ListItem","position":2,"name":"Shop","item":"https:\/\/www.miomiorun.com\/shop\/"},{"@type":"ListItem","position":3,"name":"Ultralight Calf Sleeves homme"}]},{"@type":"WebSite","@id":"https:\/\/www.miomiorun.com\/fr\/#website","url":"https:\/\/www.miomiorun.com\/fr\/","name":"MioMioRun","description":"Boutique 100% running et trail","publisher":{"@id":"https:\/\/www.miomiorun.com\/fr\/#organization"},"potentialAction":[{"@type":"SearchAction","target":{"@type":"EntryPoint","urlTemplate":"https:\/\/www.miomiorun.com\/fr\/?s={search_term_string}"},"query-input":{"@type":"PropertyValueSpecification","valueRequired":true,"valueName":"search_term_string"}}],"inLanguage":"fr-FR"},{"@type":"Organization","@id":"https:\/\/www.miomiorun.com\/fr\/#organization","name":"MioMio Run","url":"https:\/\/www.miomiorun.com\/fr\/","logo":{"@type":"ImageObject","inLanguage":"fr-FR","@id":"https:\/\/www.miomiorun.com\/fr\/#\/schema\/logo\/image\/","url":"https:\/\/www.miomiorun.com\/app\/uploads\/2019\/12\/logomio.png","contentUrl":"https:\/\/www.miomiorun.com\/app\/uploads\/2019\/12\/logomio.png","width":115,"height":82,"caption":"MioMio Run"},"image":{"@id":"https:\/\/www.miomiorun.com\/fr\/#\/schema\/logo\/image\/"},"sameAs":["https:\/\/www.facebook.com\/miomiorun\/","https:\/\/www.instagram.com\/miomiorun\/"]}]}},"_links":{"self":[{"href":"https:\/\/www.miomiorun.com\/fr\/wp-json\/wp\/v2\/product\/273896","targetHints":{"allow":["GET"]}}],"collection":[{"href":"https:\/\/www.miomiorun.com\/fr\/wp-json\/wp\/v2\/product"}],"about":[{"href":"https:\/\/www.miomiorun.com\/fr\/wp-json\/wp\/v2\/types\/product"}],"wp:featuredmedia":[{"embeddable":true,"href":"https:\/\/www.miomiorun.com\/fr\/wp-json\/wp\/v2\/media\/229507"}],"wp:attachment":[{"href":"https:\/\/www.miomiorun.com\/fr\/wp-json\/wp\/v2\/media?parent=273896"}],"wp:term":[{"taxonomy":"product_brand","embeddable":true,"href":"https:\/\/www.miomiorun.com\/fr\/wp-json\/wp\/v2\/product_brand?post=273896"},{"taxonomy":"product_cat","embeddable":true,"href":"https:\/\/www.miomiorun.com\/fr\/wp-json\/wp\/v2\/product_cat?post=273896"},{"taxonomy":"product_tag","embeddable":true,"href":"https:\/\/www.miomiorun.com\/fr\/wp-json\/wp\/v2\/product_tag?post=273896"}],"curies":[{"name":"wp","href":"https:\/\/api.w.org\/{rel}","templated":true}]}}