{"id":273098,"date":"2024-04-09T15:50:37","date_gmt":"2024-04-09T13:50:37","guid":{"rendered":"https:\/\/miomiorun.com\/prodotto\/fresh-light-maglia-uomo\/"},"modified":"2025-06-12T12:01:49","modified_gmt":"2025-06-12T10:01:49","slug":"maillot-fresh-light-homme","status":"publish","type":"product","link":"https:\/\/www.miomiorun.com\/fr\/produit\/maillot-fresh-light-homme\/","title":{"rendered":"Maillot Fresh Light homme"},"content":{"rendered":"<p>Le maillot <strong>Fresh Light<\/strong> pour homme offre l\u00e9g\u00e8ret\u00e9 et confort pour les sorties estivales.<\/p>\n<p>Fabriqu\u00e9 en polyester ultra-respirant, ce maillot \u00e0 manches longues s\u00e8che rapidement et vous garde au frais et au sec pendant les sorties estivales.<\/p>\n<p>La technologie Micro-Fresh\u00ae emp\u00eache le v\u00eatement de coller \u00e0 la peau, ce qui favorise l&#8217;\u00e9vaporation de l&#8217;exc\u00e8s d&#8217;humidit\u00e9 et permet de contr\u00f4ler la temp\u00e9rature corporelle par temps chaud.<\/p>\n<p>Le tissu extensible dans les 4 sens garantit une libert\u00e9 de mouvement maximale lors des activit\u00e9s de plein air et vous prot\u00e8ge des rayons UV lors des journ\u00e9es ensoleill\u00e9es.<\/p>\n<p style=\"text-align: center;\"><strong>Avec sa coupe classique, le maillot Fresh Light pour homme est la couche id\u00e9ale \u00e0 emporter avec soi lors d&#8217;aventures o\u00f9 la l\u00e9g\u00e8ret\u00e9 et la praticit\u00e9 sont essentielles.<\/strong><\/p>\n<p>&nbsp;<\/p>\n<p><strong>Caract\u00e9ristiques :<\/strong><\/p>\n<ul class=\"tw-list-disc\">\n<li class=\"tw-text-xs\">Maillot pour hommes<\/li>\n<li class=\"tw-text-xs\">Maillot Microfresh en polyester extensible ultral\u00e9ger avec contr\u00f4le actif de l&#8217;\u00e9vacuation de l&#8217;humidit\u00e9 et propri\u00e9t\u00e9s de s\u00e9chage rapide, assurant une ventilation maximale et une protection contre les UV.<\/li>\n<li class=\"tw-text-xs\">V\u00eatement id\u00e9al pour diverses activit\u00e9s de plein air<\/li>\n<\/ul>\n<p>Poids : 150,0 g<\/p>\n<p>&nbsp;<\/p>\n<div class=\"content__image-wrapper tw-w-fit\">\n<div class=\"content__image tw-relative tw-w-[5rem]\"><img loading=\"lazy\" decoding=\"async\" class=\"tw-absolute tw-top-0 tw-left-0 tw-w-full tw-h-full\" src=\"https:\/\/www.montura.com\/cdn\/shop\/files\/004_Breathable_Black.svg?v=1709125473&amp;width=200\" srcset=\"\/\/www.montura.com\/cdn\/shop\/files\/004_Breathable_Black.svg?v=1709125473&amp;width=200 200w\" alt=\"\" width=\"102\" height=\"102\" \/> <strong>RESPIRANT : <\/strong>Gr\u00e2ce aux tissus respirants, ce v\u00eatement favorise la transpiration naturelle de la peau et maintient le corps \u00e0 une temp\u00e9rature optimale.<\/div>\n<\/div>\n<div><\/div>\n<div><\/div>\n<div><strong>Id\u00e9al pour :<\/strong><\/div>\n<div><\/div>\n<div><\/div>\n<div>\n<div class=\"content__image-wrapper tw-w-fit\">\n<div class=\"content__image tw-relative tw-w-[5rem]\"><img loading=\"lazy\" decoding=\"async\" class=\"tw-absolute tw-top-0 tw-left-0 tw-w-full tw-h-full\" src=\"https:\/\/www.montura.com\/cdn\/shop\/files\/017_TrekkingHiking_Black.svg?v=1709126467&amp;width=200\" srcset=\"\/\/www.montura.com\/cdn\/shop\/files\/017_TrekkingHiking_Black.svg?v=1709126467&amp;width=200 200w\" alt=\"\" width=\"102\" height=\"102\" \/> <strong>TREKKING \/ RANDONN\u00c9E<\/strong><\/div>\n<\/div>\n<\/div>\n<div><\/div>\n<div><\/div>\n<div><\/div>\n<div>\n<div class=\"content__image-wrapper tw-w-fit\">\n<div class=\"content__image tw-relative tw-w-[5rem]\"><img loading=\"lazy\" decoding=\"async\" class=\"tw-absolute tw-top-0 tw-left-0 tw-w-full tw-h-full\" src=\"https:\/\/www.montura.com\/cdn\/shop\/files\/015_Everyday_Black.svg?v=1709126253&amp;width=200\" srcset=\"\/\/www.montura.com\/cdn\/shop\/files\/015_Everyday_Black.svg?v=1709126253&amp;width=200 200w\" alt=\"\" width=\"102\" height=\"102\" \/> <strong>TOUS LES JOURS<\/strong><\/div>\n<div><\/div>\n<\/div>\n<\/div>\n","protected":false},"excerpt":{"rendered":"<ul>\n<li>Maillot \u00e0 manches longues, l\u00e9ger et s\u00e9chant rapidement,<\/li>\n<li>id\u00e9al pour toutes les activit\u00e9s de plein air en montagne.<\/li>\n<\/ul>\n","protected":false},"featured_media":246430,"template":"","meta":{"_acf_changed":false,"inline_featured_image":false},"product_brand":[],"product_cat":[24478,24482,24484],"product_tag":[23512,23524],"class_list":{"0":"post-273098","1":"product","2":"type-product","3":"status-publish","4":"has-post-thumbnail","6":"product_cat-maillots-fr-2","7":"product_cat-vetements-pour-hommes-fr","8":"product_cat-homme","9":"product_tag-montura-fr","10":"product_tag-montura-homme","11":"pa_attivita-marcher","12":"pa_attivita-outdoor-fr","13":"pa_colore-fresh-light-maglia-b-blue-fr","14":"pa_colore-fresh-light-maglia-verde-salvia-fr","15":"pa_marca-montura-fr","16":"pa_sesso-homme","17":"pa_size-medium-fr","18":"pa_size-extra-large-fr","20":"first","21":"instock","22":"sale","23":"taxable","24":"shipping-taxable","25":"purchasable","26":"product-type-variable","27":"wvs-archive-product-wrapper"},"acf":[],"yoast_head":"<!-- This site is optimized with the Yoast SEO plugin v26.8 - https:\/\/yoast.com\/product\/yoast-seo-wordpress\/ -->\n<title>Montura Maillot Fresh Light homme - chemise de course - MioMioRun.com<\/title>\n<meta name=\"description\" content=\"Le maillot Fresh Light pour homme offre l\u00e9g\u00e8ret\u00e9 et confort pour les sorties estivales. Fabriqu\u00e9 en polyester ultra-respirant, il s\u00e8che rapidement.\" \/>\n<meta name=\"robots\" content=\"index, follow, max-snippet:-1, max-image-preview:large, max-video-preview:-1\" \/>\n<link rel=\"canonical\" href=\"https:\/\/www.miomiorun.com\/fr\/produit\/maillot-fresh-light-homme\/\" \/>\n<meta property=\"og:locale\" content=\"fr_FR\" \/>\n<meta property=\"og:type\" content=\"article\" \/>\n<meta property=\"og:title\" content=\"Montura Maillot Fresh Light homme - chemise de course - MioMioRun.com\" \/>\n<meta property=\"og:description\" content=\"Le maillot Fresh Light pour homme offre l\u00e9g\u00e8ret\u00e9 et confort pour les sorties estivales. Fabriqu\u00e9 en polyester ultra-respirant, il s\u00e8che rapidement.\" \/>\n<meta property=\"og:url\" content=\"https:\/\/www.miomiorun.com\/fr\/produit\/maillot-fresh-light-homme\/\" \/>\n<meta property=\"og:site_name\" content=\"MioMioRun\" \/>\n<meta property=\"article:publisher\" content=\"https:\/\/www.facebook.com\/miomiorun\/\" \/>\n<meta property=\"article:modified_time\" content=\"2025-06-12T10:01:49+00:00\" \/>\n<meta property=\"og:image\" content=\"https:\/\/www.miomiorun.com\/app\/uploads\/2024\/04\/Montura-Fresh-light-maglia-verde-salvia-MMGN80X-49.webp\" \/>\n\t<meta property=\"og:image:width\" content=\"600\" \/>\n\t<meta property=\"og:image:height\" content=\"600\" \/>\n\t<meta property=\"og:image:type\" content=\"image\/webp\" \/>\n<meta name=\"twitter:card\" content=\"summary_large_image\" \/>\n<meta name=\"twitter:label1\" content=\"Est. reading time\" \/>\n\t<meta name=\"twitter:data1\" content=\"1 minute\" \/>\n<script type=\"application\/ld+json\" class=\"yoast-schema-graph\">{\"@context\":\"https:\/\/schema.org\",\"@graph\":[{\"@type\":\"WebPage\",\"@id\":\"https:\/\/www.miomiorun.com\/fr\/produit\/maillot-fresh-light-homme\/\",\"url\":\"https:\/\/www.miomiorun.com\/fr\/produit\/maillot-fresh-light-homme\/\",\"name\":\"Montura Maillot Fresh Light homme - chemise de course - MioMioRun.com\",\"isPartOf\":{\"@id\":\"https:\/\/www.miomiorun.com\/fr\/#website\"},\"primaryImageOfPage\":{\"@id\":\"https:\/\/www.miomiorun.com\/fr\/produit\/maillot-fresh-light-homme\/#primaryimage\"},\"image\":{\"@id\":\"https:\/\/www.miomiorun.com\/fr\/produit\/maillot-fresh-light-homme\/#primaryimage\"},\"thumbnailUrl\":\"https:\/\/www.miomiorun.com\/app\/uploads\/2024\/04\/Montura-Fresh-light-maglia-verde-salvia-MMGN80X-49.webp\",\"datePublished\":\"2024-04-09T13:50:37+00:00\",\"dateModified\":\"2025-06-12T10:01:49+00:00\",\"description\":\"Le maillot Fresh Light pour homme offre l\u00e9g\u00e8ret\u00e9 et confort pour les sorties estivales. Fabriqu\u00e9 en polyester ultra-respirant, il s\u00e8che rapidement.\",\"breadcrumb\":{\"@id\":\"https:\/\/www.miomiorun.com\/fr\/produit\/maillot-fresh-light-homme\/#breadcrumb\"},\"inLanguage\":\"fr-FR\",\"potentialAction\":[{\"@type\":\"ReadAction\",\"target\":[\"https:\/\/www.miomiorun.com\/fr\/produit\/maillot-fresh-light-homme\/\"]}]},{\"@type\":\"ImageObject\",\"inLanguage\":\"fr-FR\",\"@id\":\"https:\/\/www.miomiorun.com\/fr\/produit\/maillot-fresh-light-homme\/#primaryimage\",\"url\":\"https:\/\/www.miomiorun.com\/app\/uploads\/2024\/04\/Montura-Fresh-light-maglia-verde-salvia-MMGN80X-49.webp\",\"contentUrl\":\"https:\/\/www.miomiorun.com\/app\/uploads\/2024\/04\/Montura-Fresh-light-maglia-verde-salvia-MMGN80X-49.webp\",\"width\":600,\"height\":600,\"caption\":\"Montura Fresh light maglia verde salvia MMGN80X 49\"},{\"@type\":\"BreadcrumbList\",\"@id\":\"https:\/\/www.miomiorun.com\/fr\/produit\/maillot-fresh-light-homme\/#breadcrumb\",\"itemListElement\":[{\"@type\":\"ListItem\",\"position\":1,\"name\":\"Home\",\"item\":\"https:\/\/www.miomiorun.com\/fr\/home-page\/\"},{\"@type\":\"ListItem\",\"position\":2,\"name\":\"Shop\",\"item\":\"https:\/\/www.miomiorun.com\/shop\/\"},{\"@type\":\"ListItem\",\"position\":3,\"name\":\"Maillot Fresh Light homme\"}]},{\"@type\":\"WebSite\",\"@id\":\"https:\/\/www.miomiorun.com\/fr\/#website\",\"url\":\"https:\/\/www.miomiorun.com\/fr\/\",\"name\":\"MioMioRun\",\"description\":\"Boutique 100% running et trail\",\"publisher\":{\"@id\":\"https:\/\/www.miomiorun.com\/fr\/#organization\"},\"potentialAction\":[{\"@type\":\"SearchAction\",\"target\":{\"@type\":\"EntryPoint\",\"urlTemplate\":\"https:\/\/www.miomiorun.com\/fr\/?s={search_term_string}\"},\"query-input\":{\"@type\":\"PropertyValueSpecification\",\"valueRequired\":true,\"valueName\":\"search_term_string\"}}],\"inLanguage\":\"fr-FR\"},{\"@type\":\"Organization\",\"@id\":\"https:\/\/www.miomiorun.com\/fr\/#organization\",\"name\":\"MioMio Run\",\"url\":\"https:\/\/www.miomiorun.com\/fr\/\",\"logo\":{\"@type\":\"ImageObject\",\"inLanguage\":\"fr-FR\",\"@id\":\"https:\/\/www.miomiorun.com\/fr\/#\/schema\/logo\/image\/\",\"url\":\"https:\/\/www.miomiorun.com\/app\/uploads\/2019\/12\/logomio.png\",\"contentUrl\":\"https:\/\/www.miomiorun.com\/app\/uploads\/2019\/12\/logomio.png\",\"width\":115,\"height\":82,\"caption\":\"MioMio Run\"},\"image\":{\"@id\":\"https:\/\/www.miomiorun.com\/fr\/#\/schema\/logo\/image\/\"},\"sameAs\":[\"https:\/\/www.facebook.com\/miomiorun\/\",\"https:\/\/www.instagram.com\/miomiorun\/\"]}]}<\/script>\n<!-- \/ Yoast SEO plugin. -->","yoast_head_json":{"title":"Montura Maillot Fresh Light homme - chemise de course - MioMioRun.com","description":"Le maillot Fresh Light pour homme offre l\u00e9g\u00e8ret\u00e9 et confort pour les sorties estivales. Fabriqu\u00e9 en polyester ultra-respirant, il s\u00e8che rapidement.","robots":{"index":"index","follow":"follow","max-snippet":"max-snippet:-1","max-image-preview":"max-image-preview:large","max-video-preview":"max-video-preview:-1"},"canonical":"https:\/\/www.miomiorun.com\/fr\/produit\/maillot-fresh-light-homme\/","og_locale":"fr_FR","og_type":"article","og_title":"Montura Maillot Fresh Light homme - chemise de course - MioMioRun.com","og_description":"Le maillot Fresh Light pour homme offre l\u00e9g\u00e8ret\u00e9 et confort pour les sorties estivales. Fabriqu\u00e9 en polyester ultra-respirant, il s\u00e8che rapidement.","og_url":"https:\/\/www.miomiorun.com\/fr\/produit\/maillot-fresh-light-homme\/","og_site_name":"MioMioRun","article_publisher":"https:\/\/www.facebook.com\/miomiorun\/","article_modified_time":"2025-06-12T10:01:49+00:00","og_image":[{"width":600,"height":600,"url":"https:\/\/www.miomiorun.com\/app\/uploads\/2024\/04\/Montura-Fresh-light-maglia-verde-salvia-MMGN80X-49.webp","type":"image\/webp"}],"twitter_card":"summary_large_image","twitter_misc":{"Est. reading time":"1 minute"},"schema":{"@context":"https:\/\/schema.org","@graph":[{"@type":"WebPage","@id":"https:\/\/www.miomiorun.com\/fr\/produit\/maillot-fresh-light-homme\/","url":"https:\/\/www.miomiorun.com\/fr\/produit\/maillot-fresh-light-homme\/","name":"Montura Maillot Fresh Light homme - chemise de course - MioMioRun.com","isPartOf":{"@id":"https:\/\/www.miomiorun.com\/fr\/#website"},"primaryImageOfPage":{"@id":"https:\/\/www.miomiorun.com\/fr\/produit\/maillot-fresh-light-homme\/#primaryimage"},"image":{"@id":"https:\/\/www.miomiorun.com\/fr\/produit\/maillot-fresh-light-homme\/#primaryimage"},"thumbnailUrl":"https:\/\/www.miomiorun.com\/app\/uploads\/2024\/04\/Montura-Fresh-light-maglia-verde-salvia-MMGN80X-49.webp","datePublished":"2024-04-09T13:50:37+00:00","dateModified":"2025-06-12T10:01:49+00:00","description":"Le maillot Fresh Light pour homme offre l\u00e9g\u00e8ret\u00e9 et confort pour les sorties estivales. Fabriqu\u00e9 en polyester ultra-respirant, il s\u00e8che rapidement.","breadcrumb":{"@id":"https:\/\/www.miomiorun.com\/fr\/produit\/maillot-fresh-light-homme\/#breadcrumb"},"inLanguage":"fr-FR","potentialAction":[{"@type":"ReadAction","target":["https:\/\/www.miomiorun.com\/fr\/produit\/maillot-fresh-light-homme\/"]}]},{"@type":"ImageObject","inLanguage":"fr-FR","@id":"https:\/\/www.miomiorun.com\/fr\/produit\/maillot-fresh-light-homme\/#primaryimage","url":"https:\/\/www.miomiorun.com\/app\/uploads\/2024\/04\/Montura-Fresh-light-maglia-verde-salvia-MMGN80X-49.webp","contentUrl":"https:\/\/www.miomiorun.com\/app\/uploads\/2024\/04\/Montura-Fresh-light-maglia-verde-salvia-MMGN80X-49.webp","width":600,"height":600,"caption":"Montura Fresh light maglia verde salvia MMGN80X 49"},{"@type":"BreadcrumbList","@id":"https:\/\/www.miomiorun.com\/fr\/produit\/maillot-fresh-light-homme\/#breadcrumb","itemListElement":[{"@type":"ListItem","position":1,"name":"Home","item":"https:\/\/www.miomiorun.com\/fr\/home-page\/"},{"@type":"ListItem","position":2,"name":"Shop","item":"https:\/\/www.miomiorun.com\/shop\/"},{"@type":"ListItem","position":3,"name":"Maillot Fresh Light homme"}]},{"@type":"WebSite","@id":"https:\/\/www.miomiorun.com\/fr\/#website","url":"https:\/\/www.miomiorun.com\/fr\/","name":"MioMioRun","description":"Boutique 100% running et trail","publisher":{"@id":"https:\/\/www.miomiorun.com\/fr\/#organization"},"potentialAction":[{"@type":"SearchAction","target":{"@type":"EntryPoint","urlTemplate":"https:\/\/www.miomiorun.com\/fr\/?s={search_term_string}"},"query-input":{"@type":"PropertyValueSpecification","valueRequired":true,"valueName":"search_term_string"}}],"inLanguage":"fr-FR"},{"@type":"Organization","@id":"https:\/\/www.miomiorun.com\/fr\/#organization","name":"MioMio Run","url":"https:\/\/www.miomiorun.com\/fr\/","logo":{"@type":"ImageObject","inLanguage":"fr-FR","@id":"https:\/\/www.miomiorun.com\/fr\/#\/schema\/logo\/image\/","url":"https:\/\/www.miomiorun.com\/app\/uploads\/2019\/12\/logomio.png","contentUrl":"https:\/\/www.miomiorun.com\/app\/uploads\/2019\/12\/logomio.png","width":115,"height":82,"caption":"MioMio Run"},"image":{"@id":"https:\/\/www.miomiorun.com\/fr\/#\/schema\/logo\/image\/"},"sameAs":["https:\/\/www.facebook.com\/miomiorun\/","https:\/\/www.instagram.com\/miomiorun\/"]}]}},"_links":{"self":[{"href":"https:\/\/www.miomiorun.com\/fr\/wp-json\/wp\/v2\/product\/273098","targetHints":{"allow":["GET"]}}],"collection":[{"href":"https:\/\/www.miomiorun.com\/fr\/wp-json\/wp\/v2\/product"}],"about":[{"href":"https:\/\/www.miomiorun.com\/fr\/wp-json\/wp\/v2\/types\/product"}],"wp:featuredmedia":[{"embeddable":true,"href":"https:\/\/www.miomiorun.com\/fr\/wp-json\/wp\/v2\/media\/246430"}],"wp:attachment":[{"href":"https:\/\/www.miomiorun.com\/fr\/wp-json\/wp\/v2\/media?parent=273098"}],"wp:term":[{"taxonomy":"product_brand","embeddable":true,"href":"https:\/\/www.miomiorun.com\/fr\/wp-json\/wp\/v2\/product_brand?post=273098"},{"taxonomy":"product_cat","embeddable":true,"href":"https:\/\/www.miomiorun.com\/fr\/wp-json\/wp\/v2\/product_cat?post=273098"},{"taxonomy":"product_tag","embeddable":true,"href":"https:\/\/www.miomiorun.com\/fr\/wp-json\/wp\/v2\/product_tag?post=273098"}],"curies":[{"name":"wp","href":"https:\/\/api.w.org\/{rel}","templated":true}]}}