{"id":264297,"date":"2024-02-22T13:38:07","date_gmt":"2024-02-22T12:38:07","guid":{"rendered":"https:\/\/miomiorun.com\/prodotto\/mach-6-uomo\/"},"modified":"2026-05-08T21:58:19","modified_gmt":"2026-05-08T19:58:19","slug":"mach-6-homme","status":"publish","type":"product","link":"https:\/\/www.miomiorun.com\/fr\/produit\/mach-6-homme\/","title":{"rendered":"Mach 6 homme"},"content":{"rendered":"<div class=\"vc-row container\"><div class=\"vc-column\"><div class=\"vc-column-text\"><\/p>\n<h4>Caract\u00e9ristiques techniques<\/h4>\n<p>Cat\u00e9gorie : Amortissement r\u00e9actif<br \/>\nD\u00e9calage : 5mm<br \/>\nPoids : 232 g<br \/>\nId\u00e9al pour : Cette chaussure est id\u00e9ale pour les athl\u00e8tes rapides et pour l&#8217;entra\u00eenement \u00e0 la course. Gr\u00e2ce \u00e0 son amorti souple et r\u00e9actif, elle convient \u00e9galement aux athl\u00e8tes moins performants qui recherchent une chaussure r\u00e9active pour des s\u00e9ances d&#8217;entra\u00eenement courtes \u00e0 moyennes.<br \/>\nPoids de l&#8217;athl\u00e8te : &lt; 70 kg<br \/>\nAllure de course : &lt; 4.30 min\/km<br \/>\n<a href=\"https:\/\/miomiorun.com\/fr\/guide-des-specificites\/\">Guide des sp\u00e9cifications<\/a><\/p>\n<p><\/div><\/div><div class=\"vc-column\"><div class=\"vc-column-text\"><\/p>\n<h2 style=\"text-align: center;\">IL EST TEMPS DE VOUS PR\u00c9SENTER LA NOUVELLE MACH 6<\/h2>\n<p>La <strong>Mach 6<\/strong> pour homme est la chaussure de course la plus rapide et la plus r\u00e9active jamais con\u00e7ue pour les meilleures performances. Le retour d&#8217;\u00e9nergie a \u00e9t\u00e9 augment\u00e9 gr\u00e2ce \u00e0 la semelle interm\u00e9diaire en mousse EVA, appliqu\u00e9e par un processus innovant qui la rend encore plus r\u00e9active tout en fournissant un soutien et un amorti lors des impacts.<\/p>\n<p>Le positionnement strat\u00e9gique du caoutchouc dans la semelle ext\u00e9rieure offre une couverture, une durabilit\u00e9 et une traction sup\u00e9rieures pour vous donner confiance sur les sentiers et les nouveaux rythmes de course.<\/p>\n<p>La nouvelle tige en <strong>cr\u00eape jacquard<\/strong> offre un ajustement l\u00e9ger et une respirabilit\u00e9 variable selon les zones, tandis que le double gousset \u00e0 l&#8217;int\u00e9rieur offre un confort suppl\u00e9mentaire et \u00e9pouse le pied.<\/p>\n<h4>Caract\u00e9ristiques :<\/h4>\n<ul class=\"features-container\">\n<li class=\"feature-item\">Tige en cr\u00eape jacquard<\/li>\n<li class=\"feature-item\">\u00c9l\u00e9ment en mousse mince sur le col<\/li>\n<li class=\"feature-item\">Double soufflet int\u00e9rieur<\/li>\n<li class=\"feature-item\">Semelle interm\u00e9diaire en mousse appliqu\u00e9e selon un proc\u00e9d\u00e9 innovant<\/li>\n<li class=\"feature-item\">Positionnement strat\u00e9gique du caoutchouc dans la semelle<\/li>\n<li class=\"feature-item\">Languette anatomique<\/li>\n<\/ul>\n<h3>Stabilit\u00e9<\/h3>\n<p>Mach 6 est dot\u00e9 d&#8217;un lit sym\u00e9trique rembourr\u00e9, sans technologie orthop\u00e9dique suppl\u00e9mentaire. Con\u00e7u pour vous apporter le soutien dont vous avez besoin, sans caract\u00e9ristiques superflues.<\/p>\n<h3>Amortissement<\/h3>\n<p>La Mach 6 est dot\u00e9e d&#8217;un amorti \u00e0 profil bas qui maintient le pied plus pr\u00e8s du sol et utilise un mat\u00e9riau plus compact con\u00e7u pour rendre la pouss\u00e9e efficace.<\/div><\/div><\/div>\n","protected":false},"excerpt":{"rendered":"<ul class=\"m-long-description__features\">\n<li class=\"m-long-description__feature\">Ultral\u00e9ger et r\u00e9actif<\/li>\n<li class=\"m-long-description__feature\">Transitions rapides<\/li>\n<\/ul>\n","protected":false},"featured_media":310418,"template":"","meta":{"_acf_changed":false,"inline_featured_image":false},"product_brand":[],"product_cat":[24254,24255],"product_tag":[23478,23604],"class_list":{"0":"post-264297","1":"product","2":"type-product","3":"status-publish","4":"has-post-thumbnail","6":"product_cat-chaussures-pour-hommes","7":"product_cat-neutre-fr","8":"product_tag-hoka-one-one-fr","9":"product_tag-hoka-homme","10":"pa_attivita-fitness-fr","11":"pa_attivita-marcher","12":"pa_attivita-running-fr","13":"pa_colore-mach-6-black-outer-orbit-fr","14":"pa_marca-hoka-fr","15":"pa_sesso-homme","16":"pa_size-45-fr","18":"first","19":"instock","20":"sale","21":"taxable","22":"shipping-taxable","23":"purchasable","24":"product-type-variable","25":"wvs-archive-product-wrapper"},"acf":[],"yoast_head":"<!-- This site is optimized with the Yoast SEO plugin v26.8 - https:\/\/yoast.com\/product\/yoast-seo-wordpress\/ -->\n<title>Hoka Mach 6 homme - chaussures de course - MioMioRun.com<\/title>\n<meta name=\"description\" content=\"La Mach 6, dans sa version masculine, est la chaussure de course la plus rapide et la plus r\u00e9active jamais con\u00e7ue pour offrir les meilleures performances et atteindre de nouveaux objectifs.\" \/>\n<meta name=\"robots\" content=\"index, follow, max-snippet:-1, max-image-preview:large, max-video-preview:-1\" \/>\n<link rel=\"canonical\" href=\"https:\/\/www.miomiorun.com\/fr\/produit\/mach-6-homme\/\" \/>\n<meta property=\"og:locale\" content=\"fr_FR\" \/>\n<meta property=\"og:type\" content=\"article\" \/>\n<meta property=\"og:title\" content=\"Hoka Mach 6 homme - chaussures de course - MioMioRun.com\" \/>\n<meta property=\"og:description\" content=\"La Mach 6, dans sa version masculine, est la chaussure de course la plus rapide et la plus r\u00e9active jamais con\u00e7ue pour offrir les meilleures performances et atteindre de nouveaux objectifs.\" \/>\n<meta property=\"og:url\" content=\"https:\/\/www.miomiorun.com\/fr\/produit\/mach-6-homme\/\" \/>\n<meta property=\"og:site_name\" content=\"MioMioRun\" \/>\n<meta property=\"article:publisher\" content=\"https:\/\/www.facebook.com\/miomiorun\/\" \/>\n<meta property=\"article:modified_time\" content=\"2026-05-08T19:58:19+00:00\" \/>\n<meta property=\"og:image\" content=\"https:\/\/www.miomiorun.com\/app\/uploads\/2025\/05\/hoka-Mach-6-frost-starlight-glow-1147790-FTST.webp\" \/>\n\t<meta property=\"og:image:width\" content=\"600\" \/>\n\t<meta property=\"og:image:height\" content=\"600\" \/>\n\t<meta property=\"og:image:type\" content=\"image\/webp\" \/>\n<meta name=\"twitter:card\" content=\"summary_large_image\" \/>\n<meta name=\"twitter:label1\" content=\"Est. reading time\" \/>\n\t<meta name=\"twitter:data1\" content=\"2 minutes\" \/>\n<script type=\"application\/ld+json\" class=\"yoast-schema-graph\">{\"@context\":\"https:\/\/schema.org\",\"@graph\":[{\"@type\":\"WebPage\",\"@id\":\"https:\/\/www.miomiorun.com\/fr\/produit\/mach-6-homme\/\",\"url\":\"https:\/\/www.miomiorun.com\/fr\/produit\/mach-6-homme\/\",\"name\":\"Hoka Mach 6 homme - chaussures de course - MioMioRun.com\",\"isPartOf\":{\"@id\":\"https:\/\/www.miomiorun.com\/fr\/#website\"},\"primaryImageOfPage\":{\"@id\":\"https:\/\/www.miomiorun.com\/fr\/produit\/mach-6-homme\/#primaryimage\"},\"image\":{\"@id\":\"https:\/\/www.miomiorun.com\/fr\/produit\/mach-6-homme\/#primaryimage\"},\"thumbnailUrl\":\"https:\/\/www.miomiorun.com\/app\/uploads\/2025\/05\/hoka-Mach-6-frost-starlight-glow-1147790-FTST.webp\",\"datePublished\":\"2024-02-22T12:38:07+00:00\",\"dateModified\":\"2026-05-08T19:58:19+00:00\",\"description\":\"La Mach 6, dans sa version masculine, est la chaussure de course la plus rapide et la plus r\u00e9active jamais con\u00e7ue pour offrir les meilleures performances et atteindre de nouveaux objectifs.\",\"breadcrumb\":{\"@id\":\"https:\/\/www.miomiorun.com\/fr\/produit\/mach-6-homme\/#breadcrumb\"},\"inLanguage\":\"fr-FR\",\"potentialAction\":[{\"@type\":\"ReadAction\",\"target\":[\"https:\/\/www.miomiorun.com\/fr\/produit\/mach-6-homme\/\"]}]},{\"@type\":\"ImageObject\",\"inLanguage\":\"fr-FR\",\"@id\":\"https:\/\/www.miomiorun.com\/fr\/produit\/mach-6-homme\/#primaryimage\",\"url\":\"https:\/\/www.miomiorun.com\/app\/uploads\/2025\/05\/hoka-Mach-6-frost-starlight-glow-1147790-FTST.webp\",\"contentUrl\":\"https:\/\/www.miomiorun.com\/app\/uploads\/2025\/05\/hoka-Mach-6-frost-starlight-glow-1147790-FTST.webp\",\"width\":600,\"height\":600,\"caption\":\"hoka Mach 6 frost starlight glow 1147790 FTST\"},{\"@type\":\"BreadcrumbList\",\"@id\":\"https:\/\/www.miomiorun.com\/fr\/produit\/mach-6-homme\/#breadcrumb\",\"itemListElement\":[{\"@type\":\"ListItem\",\"position\":1,\"name\":\"Home\",\"item\":\"https:\/\/www.miomiorun.com\/fr\/home-page\/\"},{\"@type\":\"ListItem\",\"position\":2,\"name\":\"Shop\",\"item\":\"https:\/\/www.miomiorun.com\/shop\/\"},{\"@type\":\"ListItem\",\"position\":3,\"name\":\"Mach 6 homme\"}]},{\"@type\":\"WebSite\",\"@id\":\"https:\/\/www.miomiorun.com\/fr\/#website\",\"url\":\"https:\/\/www.miomiorun.com\/fr\/\",\"name\":\"MioMioRun\",\"description\":\"Boutique 100% running et trail\",\"publisher\":{\"@id\":\"https:\/\/www.miomiorun.com\/fr\/#organization\"},\"potentialAction\":[{\"@type\":\"SearchAction\",\"target\":{\"@type\":\"EntryPoint\",\"urlTemplate\":\"https:\/\/www.miomiorun.com\/fr\/?s={search_term_string}\"},\"query-input\":{\"@type\":\"PropertyValueSpecification\",\"valueRequired\":true,\"valueName\":\"search_term_string\"}}],\"inLanguage\":\"fr-FR\"},{\"@type\":\"Organization\",\"@id\":\"https:\/\/www.miomiorun.com\/fr\/#organization\",\"name\":\"MioMio Run\",\"url\":\"https:\/\/www.miomiorun.com\/fr\/\",\"logo\":{\"@type\":\"ImageObject\",\"inLanguage\":\"fr-FR\",\"@id\":\"https:\/\/www.miomiorun.com\/fr\/#\/schema\/logo\/image\/\",\"url\":\"https:\/\/www.miomiorun.com\/app\/uploads\/2019\/12\/logomio.png\",\"contentUrl\":\"https:\/\/www.miomiorun.com\/app\/uploads\/2019\/12\/logomio.png\",\"width\":115,\"height\":82,\"caption\":\"MioMio Run\"},\"image\":{\"@id\":\"https:\/\/www.miomiorun.com\/fr\/#\/schema\/logo\/image\/\"},\"sameAs\":[\"https:\/\/www.facebook.com\/miomiorun\/\",\"https:\/\/www.instagram.com\/miomiorun\/\"]}]}<\/script>\n<!-- \/ Yoast SEO plugin. -->","yoast_head_json":{"title":"Hoka Mach 6 homme - chaussures de course - MioMioRun.com","description":"La Mach 6, dans sa version masculine, est la chaussure de course la plus rapide et la plus r\u00e9active jamais con\u00e7ue pour offrir les meilleures performances et atteindre de nouveaux objectifs.","robots":{"index":"index","follow":"follow","max-snippet":"max-snippet:-1","max-image-preview":"max-image-preview:large","max-video-preview":"max-video-preview:-1"},"canonical":"https:\/\/www.miomiorun.com\/fr\/produit\/mach-6-homme\/","og_locale":"fr_FR","og_type":"article","og_title":"Hoka Mach 6 homme - chaussures de course - MioMioRun.com","og_description":"La Mach 6, dans sa version masculine, est la chaussure de course la plus rapide et la plus r\u00e9active jamais con\u00e7ue pour offrir les meilleures performances et atteindre de nouveaux objectifs.","og_url":"https:\/\/www.miomiorun.com\/fr\/produit\/mach-6-homme\/","og_site_name":"MioMioRun","article_publisher":"https:\/\/www.facebook.com\/miomiorun\/","article_modified_time":"2026-05-08T19:58:19+00:00","og_image":[{"width":600,"height":600,"url":"https:\/\/www.miomiorun.com\/app\/uploads\/2025\/05\/hoka-Mach-6-frost-starlight-glow-1147790-FTST.webp","type":"image\/webp"}],"twitter_card":"summary_large_image","twitter_misc":{"Est. reading time":"2 minutes"},"schema":{"@context":"https:\/\/schema.org","@graph":[{"@type":"WebPage","@id":"https:\/\/www.miomiorun.com\/fr\/produit\/mach-6-homme\/","url":"https:\/\/www.miomiorun.com\/fr\/produit\/mach-6-homme\/","name":"Hoka Mach 6 homme - chaussures de course - MioMioRun.com","isPartOf":{"@id":"https:\/\/www.miomiorun.com\/fr\/#website"},"primaryImageOfPage":{"@id":"https:\/\/www.miomiorun.com\/fr\/produit\/mach-6-homme\/#primaryimage"},"image":{"@id":"https:\/\/www.miomiorun.com\/fr\/produit\/mach-6-homme\/#primaryimage"},"thumbnailUrl":"https:\/\/www.miomiorun.com\/app\/uploads\/2025\/05\/hoka-Mach-6-frost-starlight-glow-1147790-FTST.webp","datePublished":"2024-02-22T12:38:07+00:00","dateModified":"2026-05-08T19:58:19+00:00","description":"La Mach 6, dans sa version masculine, est la chaussure de course la plus rapide et la plus r\u00e9active jamais con\u00e7ue pour offrir les meilleures performances et atteindre de nouveaux objectifs.","breadcrumb":{"@id":"https:\/\/www.miomiorun.com\/fr\/produit\/mach-6-homme\/#breadcrumb"},"inLanguage":"fr-FR","potentialAction":[{"@type":"ReadAction","target":["https:\/\/www.miomiorun.com\/fr\/produit\/mach-6-homme\/"]}]},{"@type":"ImageObject","inLanguage":"fr-FR","@id":"https:\/\/www.miomiorun.com\/fr\/produit\/mach-6-homme\/#primaryimage","url":"https:\/\/www.miomiorun.com\/app\/uploads\/2025\/05\/hoka-Mach-6-frost-starlight-glow-1147790-FTST.webp","contentUrl":"https:\/\/www.miomiorun.com\/app\/uploads\/2025\/05\/hoka-Mach-6-frost-starlight-glow-1147790-FTST.webp","width":600,"height":600,"caption":"hoka Mach 6 frost starlight glow 1147790 FTST"},{"@type":"BreadcrumbList","@id":"https:\/\/www.miomiorun.com\/fr\/produit\/mach-6-homme\/#breadcrumb","itemListElement":[{"@type":"ListItem","position":1,"name":"Home","item":"https:\/\/www.miomiorun.com\/fr\/home-page\/"},{"@type":"ListItem","position":2,"name":"Shop","item":"https:\/\/www.miomiorun.com\/shop\/"},{"@type":"ListItem","position":3,"name":"Mach 6 homme"}]},{"@type":"WebSite","@id":"https:\/\/www.miomiorun.com\/fr\/#website","url":"https:\/\/www.miomiorun.com\/fr\/","name":"MioMioRun","description":"Boutique 100% running et trail","publisher":{"@id":"https:\/\/www.miomiorun.com\/fr\/#organization"},"potentialAction":[{"@type":"SearchAction","target":{"@type":"EntryPoint","urlTemplate":"https:\/\/www.miomiorun.com\/fr\/?s={search_term_string}"},"query-input":{"@type":"PropertyValueSpecification","valueRequired":true,"valueName":"search_term_string"}}],"inLanguage":"fr-FR"},{"@type":"Organization","@id":"https:\/\/www.miomiorun.com\/fr\/#organization","name":"MioMio Run","url":"https:\/\/www.miomiorun.com\/fr\/","logo":{"@type":"ImageObject","inLanguage":"fr-FR","@id":"https:\/\/www.miomiorun.com\/fr\/#\/schema\/logo\/image\/","url":"https:\/\/www.miomiorun.com\/app\/uploads\/2019\/12\/logomio.png","contentUrl":"https:\/\/www.miomiorun.com\/app\/uploads\/2019\/12\/logomio.png","width":115,"height":82,"caption":"MioMio Run"},"image":{"@id":"https:\/\/www.miomiorun.com\/fr\/#\/schema\/logo\/image\/"},"sameAs":["https:\/\/www.facebook.com\/miomiorun\/","https:\/\/www.instagram.com\/miomiorun\/"]}]}},"_links":{"self":[{"href":"https:\/\/www.miomiorun.com\/fr\/wp-json\/wp\/v2\/product\/264297","targetHints":{"allow":["GET"]}}],"collection":[{"href":"https:\/\/www.miomiorun.com\/fr\/wp-json\/wp\/v2\/product"}],"about":[{"href":"https:\/\/www.miomiorun.com\/fr\/wp-json\/wp\/v2\/types\/product"}],"wp:featuredmedia":[{"embeddable":true,"href":"https:\/\/www.miomiorun.com\/fr\/wp-json\/wp\/v2\/media\/310418"}],"wp:attachment":[{"href":"https:\/\/www.miomiorun.com\/fr\/wp-json\/wp\/v2\/media?parent=264297"}],"wp:term":[{"taxonomy":"product_brand","embeddable":true,"href":"https:\/\/www.miomiorun.com\/fr\/wp-json\/wp\/v2\/product_brand?post=264297"},{"taxonomy":"product_cat","embeddable":true,"href":"https:\/\/www.miomiorun.com\/fr\/wp-json\/wp\/v2\/product_cat?post=264297"},{"taxonomy":"product_tag","embeddable":true,"href":"https:\/\/www.miomiorun.com\/fr\/wp-json\/wp\/v2\/product_tag?post=264297"}],"curies":[{"name":"wp","href":"https:\/\/api.w.org\/{rel}","templated":true}]}}