{"id":263896,"date":"2024-07-03T17:21:39","date_gmt":"2024-07-03T15:21:39","guid":{"rendered":"https:\/\/miomiorun.com\/prodotto\/rincon-4-donna\/"},"modified":"2026-05-08T22:07:27","modified_gmt":"2026-05-08T20:07:27","slug":"rincon-4-femme","status":"publish","type":"product","link":"https:\/\/www.miomiorun.com\/fr\/produit\/rincon-4-femme\/","title":{"rendered":"Rincon 4 femme"},"content":{"rendered":"<div class=\"vc-row container\"><div class=\"vc-column\"><div class=\"vc-column-text\"><\/p>\n<p><strong>Caract\u00e9ristiques techniques<\/strong><\/p>\n<p>Cat\u00e9gorie : Amortissement r\u00e9actif<br \/>\nD\u00e9calage : 5 mm<br \/>\nPoids : 193 g<br \/>\nId\u00e9al pour : les coureurs recherchant un mod\u00e8le l\u00e9ger et polyvalent, alliant r\u00e9activit\u00e9, facilit\u00e9 de conduite et souplesse de maintien, pour les activit\u00e9s de moyenne distance et m\u00eame la marche.<br \/>\nPoids du sportif : 50-65 kg<br \/>\nAllure de course : moyennement rapide (4.00-5.30 min\/km)<br \/>\n<a href=\"https:\/\/miomiorun.com\/fr\/guide-des-specificites\/\">Guide de sp\u00e9cification<\/a><\/p>\n<p><\/div><div class=\"vc-column-text\"><\/p>\n<p><div style=\"width: 1298px;\" class=\"wp-video\"><video class=\"wp-video-shortcode\" id=\"video-263896-1\" width=\"1298\" height=\"1200\" loop autoplay preload=\"auto\" controls=\"controls\"><source type=\"video\/webm\" src=\"https:\/\/miomiorun.com\/wp-content\/uploads\/2024\/07\/rincon-4.webm?_=1\" \/><a href=\"https:\/\/miomiorun.com\/wp-content\/uploads\/2024\/07\/rincon-4.webm\">https:\/\/miomiorun.com\/wp-content\/uploads\/2024\/07\/rincon-4.webm<\/a><\/video><\/div><\/p>\n<p><\/div><\/div><div class=\"vc-column\"><div class=\"vc-column-text\"><strong>Un amorti l\u00e9ger con\u00e7u pour une utilisation \u00e0 long terme.<\/strong><\/p>\n<p>R\u00e9put\u00e9e pour son incroyable rapport amorti\/poids, la <strong>Rincon 4<\/strong> en version femme a \u00e9t\u00e9 revue de fond en comble pour garantir que son extr\u00eame l\u00e9g\u00e8ret\u00e9 et sa douceur dureront encore plus longtemps. La mousse \u00e9volu\u00e9e a plus d&#8217;\u00e9lasticit\u00e9, augmente sa long\u00e9vit\u00e9 et, avec l&#8217;EVA caoutchout\u00e9, rend chaque pas plus doux que le pr\u00e9c\u00e9dent. La semelle ext\u00e9rieure durable avec une disposition modulaire des \u00e9l\u00e9ments et l&#8217;ajustement qui enveloppe parfaitement le pied permettent \u00e0 cette chaussure de tous les jours de durer plus longtemps sans \u00eatre trop lourde.<\/p>\n<p><strong>Caract\u00e9ristiques :<\/strong><\/p>\n<ul class=\"features-container\">\n<li class=\"feature-item\">Double jacquard technique<\/li>\n<li class=\"feature-item\">Languette rembourr\u00e9e<\/li>\n<li class=\"feature-item\">Semelle interm\u00e9diaire double couche<\/li>\n<li class=\"feature-item\">Active Foot Frame\u2122 concentr\u00e9 sur l&#8217;arri\u00e8re-pied.<\/li>\n<li class=\"feature-item\">Fluide MetaRocker\u2122<\/li>\n<li class=\"feature-item\">Semelle ext\u00e9rieure en EVA caoutchout\u00e9<\/li>\n<li class=\"feature-item\">Disposition modulaire des \u00e9l\u00e9ments de la semelle<\/li>\n<\/ul>\n<div class=\"description-whatsnew\">\n<p><strong>NOUVEAU<\/strong><\/p>\n<p>Chaussure de course ultra-l\u00e9g\u00e8re dot\u00e9e d&#8217;un meilleur amorti et d&#8217;une mousse plus r\u00e9sistante. Une hauteur de 3 mm a \u00e9t\u00e9 ajout\u00e9e \u00e0 l&#8217;empilement et la coupe a \u00e9t\u00e9 ajust\u00e9e, puis envelopp\u00e9e dans un double jacquard technique tricolore au look sophistiqu\u00e9.<\/p>\n<h2 class=\"card-title mb-3\"><span title=\"\" data-original-title=\"\" data-title=\"Alcune scarpe hanno un supporto integrato superiore, pensato per gli iperpronatori; altre sono in minima parte ortopediche, progettate per garantire ammortizzazione senza ostacolarti.\" data-placement=\"bottom\" data-toggle=\"tooltip\"><span class=\"techspec-bar-title\">Stabilit\u00e9<\/span><\/span><\/h2>\n<p class=\"tech-spec-product-msg active\">Le Rincon 4 est dot\u00e9 d&#8217;un matelas sym\u00e9trique, sans technologie orthop\u00e9dique suppl\u00e9mentaire. Con\u00e7u pour vous apporter le soutien dont vous avez besoin, sans caract\u00e9ristiques superflues.<\/p>\n<h2 class=\"card-title mb-3\"><span title=\"\" data-original-title=\"\" data-title=\"Tutte le nostre calzature presentano un\u2019intersuola ammortizzata, progettata per ridurre l\u2019impatto e garantire supporto. La quantit\u00e0 di ammortizzazione e quanto sia compatta o morbida varia da modello a modello.\" data-placement=\"bottom\" data-toggle=\"tooltip\"><span class=\"techspec-bar-title\">Amortissement<\/span><\/span><\/h2>\n<p class=\"tech-spec-product-msg active\">La Rincon 4 a \u00e9t\u00e9 con\u00e7ue pour offrir un amorti protecteur tout en conservant une pouss\u00e9e r\u00e9active lorsque vous souhaitez augmenter votre vitesse.<\/p>\n<\/div>\n<p><\/div><\/div><\/div>\n","protected":false},"excerpt":{"rendered":"<ul>\n<li style=\"list-style-type: none;\">\n<ul>\n<li>Chaussure de course \u00e0 pied amortissante et l\u00e9g\u00e8re.<\/li>\n<li>Remise \u00e0 neuf pour plus de durabilit\u00e9.<\/li>\n<li>Id\u00e9ale pour la course \u00e0 pied sur route<\/li>\n<\/ul>\n<\/li>\n<\/ul>\n<p>.<\/p>\n","protected":false},"featured_media":411523,"template":"","meta":{"_acf_changed":false,"inline_featured_image":false},"product_brand":[],"product_cat":[22605,22606],"product_tag":[23478,23494],"class_list":{"0":"post-263896","1":"product","2":"type-product","3":"status-publish","4":"has-post-thumbnail","6":"product_cat-chaussures-pour-femmes","7":"product_cat-neutre","8":"product_tag-hoka-one-one-fr","9":"product_tag-hoka-femme","10":"pa_attivita-fitness-fr","11":"pa_attivita-marcher","12":"pa_attivita-running-fr","13":"pa_colore-rincon-4-w-frost-neon-yuzu","14":"pa_marca-hoka-fr","15":"pa_sesso-femme","16":"pa_size-37-fr","17":"pa_size-38-fr","19":"pa_size-39-fr","20":"pa_size-40-fr","22":"first","23":"instock","24":"sale","25":"taxable","26":"shipping-taxable","27":"purchasable","28":"product-type-variable","29":"wvs-archive-product-wrapper"},"acf":[],"yoast_head":"<!-- This site is optimized with the Yoast SEO plugin v26.8 - https:\/\/yoast.com\/product\/yoast-seo-wordpress\/ -->\n<title>Hoka Rincon 4 femme - chaussures de cours - MioMioRun .com<\/title>\n<meta name=\"description\" content=\"R\u00e9put\u00e9e pour son incroyable rapport amorti\/poids, la Rincon 4 a \u00e9t\u00e9 renouvel\u00e9e de fond en comble avec une semelle d&#039;une extr\u00eame l\u00e9g\u00e8ret\u00e9 et d&#039;une grande souplesse.\" \/>\n<meta name=\"robots\" content=\"index, follow, max-snippet:-1, max-image-preview:large, max-video-preview:-1\" \/>\n<link rel=\"canonical\" href=\"https:\/\/www.miomiorun.com\/fr\/produit\/rincon-4-femme\/\" \/>\n<meta property=\"og:locale\" content=\"fr_FR\" \/>\n<meta property=\"og:type\" content=\"article\" \/>\n<meta property=\"og:title\" content=\"Hoka Rincon 4 femme - chaussures de cours - MioMioRun .com\" \/>\n<meta property=\"og:description\" content=\"R\u00e9put\u00e9e pour son incroyable rapport amorti\/poids, la Rincon 4 a \u00e9t\u00e9 renouvel\u00e9e de fond en comble avec une semelle d&#039;une extr\u00eame l\u00e9g\u00e8ret\u00e9 et d&#039;une grande souplesse.\" \/>\n<meta property=\"og:url\" content=\"https:\/\/www.miomiorun.com\/fr\/produit\/rincon-4-femme\/\" \/>\n<meta property=\"og:site_name\" content=\"MioMioRun\" \/>\n<meta property=\"article:publisher\" content=\"https:\/\/www.facebook.com\/miomiorun\/\" \/>\n<meta property=\"article:modified_time\" content=\"2026-05-08T20:07:27+00:00\" \/>\n<meta property=\"og:image\" content=\"https:\/\/www.miomiorun.com\/app\/uploads\/2026\/02\/hoka-Rincon-4-W-frost-neon-yuzu-1155131-FYZ.webp\" \/>\n\t<meta property=\"og:image:width\" content=\"720\" \/>\n\t<meta property=\"og:image:height\" content=\"720\" \/>\n\t<meta property=\"og:image:type\" content=\"image\/webp\" \/>\n<meta name=\"twitter:card\" content=\"summary_large_image\" \/>\n<meta name=\"twitter:label1\" content=\"Est. reading time\" \/>\n\t<meta name=\"twitter:data1\" content=\"2 minutes\" \/>\n<script type=\"application\/ld+json\" class=\"yoast-schema-graph\">{\"@context\":\"https:\/\/schema.org\",\"@graph\":[{\"@type\":\"WebPage\",\"@id\":\"https:\/\/www.miomiorun.com\/fr\/produit\/rincon-4-femme\/\",\"url\":\"https:\/\/www.miomiorun.com\/fr\/produit\/rincon-4-femme\/\",\"name\":\"Hoka Rincon 4 femme - chaussures de cours - MioMioRun .com\",\"isPartOf\":{\"@id\":\"https:\/\/www.miomiorun.com\/fr\/#website\"},\"primaryImageOfPage\":{\"@id\":\"https:\/\/www.miomiorun.com\/fr\/produit\/rincon-4-femme\/#primaryimage\"},\"image\":{\"@id\":\"https:\/\/www.miomiorun.com\/fr\/produit\/rincon-4-femme\/#primaryimage\"},\"thumbnailUrl\":\"https:\/\/www.miomiorun.com\/app\/uploads\/2026\/02\/hoka-Rincon-4-W-frost-neon-yuzu-1155131-FYZ.webp\",\"datePublished\":\"2024-07-03T15:21:39+00:00\",\"dateModified\":\"2026-05-08T20:07:27+00:00\",\"description\":\"R\u00e9put\u00e9e pour son incroyable rapport amorti\/poids, la Rincon 4 a \u00e9t\u00e9 renouvel\u00e9e de fond en comble avec une semelle d'une extr\u00eame l\u00e9g\u00e8ret\u00e9 et d'une grande souplesse.\",\"breadcrumb\":{\"@id\":\"https:\/\/www.miomiorun.com\/fr\/produit\/rincon-4-femme\/#breadcrumb\"},\"inLanguage\":\"fr-FR\",\"potentialAction\":[{\"@type\":\"ReadAction\",\"target\":[\"https:\/\/www.miomiorun.com\/fr\/produit\/rincon-4-femme\/\"]}]},{\"@type\":\"ImageObject\",\"inLanguage\":\"fr-FR\",\"@id\":\"https:\/\/www.miomiorun.com\/fr\/produit\/rincon-4-femme\/#primaryimage\",\"url\":\"https:\/\/www.miomiorun.com\/app\/uploads\/2026\/02\/hoka-Rincon-4-W-frost-neon-yuzu-1155131-FYZ.webp\",\"contentUrl\":\"https:\/\/www.miomiorun.com\/app\/uploads\/2026\/02\/hoka-Rincon-4-W-frost-neon-yuzu-1155131-FYZ.webp\",\"width\":720,\"height\":720,\"caption\":\"hoka Rincon 4 W frost neon yuzu 1155131 FYZ\"},{\"@type\":\"BreadcrumbList\",\"@id\":\"https:\/\/www.miomiorun.com\/fr\/produit\/rincon-4-femme\/#breadcrumb\",\"itemListElement\":[{\"@type\":\"ListItem\",\"position\":1,\"name\":\"Home\",\"item\":\"https:\/\/www.miomiorun.com\/fr\/home-page\/\"},{\"@type\":\"ListItem\",\"position\":2,\"name\":\"Shop\",\"item\":\"https:\/\/www.miomiorun.com\/shop\/\"},{\"@type\":\"ListItem\",\"position\":3,\"name\":\"Rincon 4 femme\"}]},{\"@type\":\"WebSite\",\"@id\":\"https:\/\/www.miomiorun.com\/fr\/#website\",\"url\":\"https:\/\/www.miomiorun.com\/fr\/\",\"name\":\"MioMioRun\",\"description\":\"Boutique 100% running et trail\",\"publisher\":{\"@id\":\"https:\/\/www.miomiorun.com\/fr\/#organization\"},\"potentialAction\":[{\"@type\":\"SearchAction\",\"target\":{\"@type\":\"EntryPoint\",\"urlTemplate\":\"https:\/\/www.miomiorun.com\/fr\/?s={search_term_string}\"},\"query-input\":{\"@type\":\"PropertyValueSpecification\",\"valueRequired\":true,\"valueName\":\"search_term_string\"}}],\"inLanguage\":\"fr-FR\"},{\"@type\":\"Organization\",\"@id\":\"https:\/\/www.miomiorun.com\/fr\/#organization\",\"name\":\"MioMio Run\",\"url\":\"https:\/\/www.miomiorun.com\/fr\/\",\"logo\":{\"@type\":\"ImageObject\",\"inLanguage\":\"fr-FR\",\"@id\":\"https:\/\/www.miomiorun.com\/fr\/#\/schema\/logo\/image\/\",\"url\":\"https:\/\/www.miomiorun.com\/app\/uploads\/2019\/12\/logomio.png\",\"contentUrl\":\"https:\/\/www.miomiorun.com\/app\/uploads\/2019\/12\/logomio.png\",\"width\":115,\"height\":82,\"caption\":\"MioMio Run\"},\"image\":{\"@id\":\"https:\/\/www.miomiorun.com\/fr\/#\/schema\/logo\/image\/\"},\"sameAs\":[\"https:\/\/www.facebook.com\/miomiorun\/\",\"https:\/\/www.instagram.com\/miomiorun\/\"]}]}<\/script>\n<!-- \/ Yoast SEO plugin. -->","yoast_head_json":{"title":"Hoka Rincon 4 femme - chaussures de cours - MioMioRun .com","description":"R\u00e9put\u00e9e pour son incroyable rapport amorti\/poids, la Rincon 4 a \u00e9t\u00e9 renouvel\u00e9e de fond en comble avec une semelle d'une extr\u00eame l\u00e9g\u00e8ret\u00e9 et d'une grande souplesse.","robots":{"index":"index","follow":"follow","max-snippet":"max-snippet:-1","max-image-preview":"max-image-preview:large","max-video-preview":"max-video-preview:-1"},"canonical":"https:\/\/www.miomiorun.com\/fr\/produit\/rincon-4-femme\/","og_locale":"fr_FR","og_type":"article","og_title":"Hoka Rincon 4 femme - chaussures de cours - MioMioRun .com","og_description":"R\u00e9put\u00e9e pour son incroyable rapport amorti\/poids, la Rincon 4 a \u00e9t\u00e9 renouvel\u00e9e de fond en comble avec une semelle d'une extr\u00eame l\u00e9g\u00e8ret\u00e9 et d'une grande souplesse.","og_url":"https:\/\/www.miomiorun.com\/fr\/produit\/rincon-4-femme\/","og_site_name":"MioMioRun","article_publisher":"https:\/\/www.facebook.com\/miomiorun\/","article_modified_time":"2026-05-08T20:07:27+00:00","og_image":[{"width":720,"height":720,"url":"https:\/\/www.miomiorun.com\/app\/uploads\/2026\/02\/hoka-Rincon-4-W-frost-neon-yuzu-1155131-FYZ.webp","type":"image\/webp"}],"twitter_card":"summary_large_image","twitter_misc":{"Est. reading time":"2 minutes"},"schema":{"@context":"https:\/\/schema.org","@graph":[{"@type":"WebPage","@id":"https:\/\/www.miomiorun.com\/fr\/produit\/rincon-4-femme\/","url":"https:\/\/www.miomiorun.com\/fr\/produit\/rincon-4-femme\/","name":"Hoka Rincon 4 femme - chaussures de cours - MioMioRun .com","isPartOf":{"@id":"https:\/\/www.miomiorun.com\/fr\/#website"},"primaryImageOfPage":{"@id":"https:\/\/www.miomiorun.com\/fr\/produit\/rincon-4-femme\/#primaryimage"},"image":{"@id":"https:\/\/www.miomiorun.com\/fr\/produit\/rincon-4-femme\/#primaryimage"},"thumbnailUrl":"https:\/\/www.miomiorun.com\/app\/uploads\/2026\/02\/hoka-Rincon-4-W-frost-neon-yuzu-1155131-FYZ.webp","datePublished":"2024-07-03T15:21:39+00:00","dateModified":"2026-05-08T20:07:27+00:00","description":"R\u00e9put\u00e9e pour son incroyable rapport amorti\/poids, la Rincon 4 a \u00e9t\u00e9 renouvel\u00e9e de fond en comble avec une semelle d'une extr\u00eame l\u00e9g\u00e8ret\u00e9 et d'une grande souplesse.","breadcrumb":{"@id":"https:\/\/www.miomiorun.com\/fr\/produit\/rincon-4-femme\/#breadcrumb"},"inLanguage":"fr-FR","potentialAction":[{"@type":"ReadAction","target":["https:\/\/www.miomiorun.com\/fr\/produit\/rincon-4-femme\/"]}]},{"@type":"ImageObject","inLanguage":"fr-FR","@id":"https:\/\/www.miomiorun.com\/fr\/produit\/rincon-4-femme\/#primaryimage","url":"https:\/\/www.miomiorun.com\/app\/uploads\/2026\/02\/hoka-Rincon-4-W-frost-neon-yuzu-1155131-FYZ.webp","contentUrl":"https:\/\/www.miomiorun.com\/app\/uploads\/2026\/02\/hoka-Rincon-4-W-frost-neon-yuzu-1155131-FYZ.webp","width":720,"height":720,"caption":"hoka Rincon 4 W frost neon yuzu 1155131 FYZ"},{"@type":"BreadcrumbList","@id":"https:\/\/www.miomiorun.com\/fr\/produit\/rincon-4-femme\/#breadcrumb","itemListElement":[{"@type":"ListItem","position":1,"name":"Home","item":"https:\/\/www.miomiorun.com\/fr\/home-page\/"},{"@type":"ListItem","position":2,"name":"Shop","item":"https:\/\/www.miomiorun.com\/shop\/"},{"@type":"ListItem","position":3,"name":"Rincon 4 femme"}]},{"@type":"WebSite","@id":"https:\/\/www.miomiorun.com\/fr\/#website","url":"https:\/\/www.miomiorun.com\/fr\/","name":"MioMioRun","description":"Boutique 100% running et trail","publisher":{"@id":"https:\/\/www.miomiorun.com\/fr\/#organization"},"potentialAction":[{"@type":"SearchAction","target":{"@type":"EntryPoint","urlTemplate":"https:\/\/www.miomiorun.com\/fr\/?s={search_term_string}"},"query-input":{"@type":"PropertyValueSpecification","valueRequired":true,"valueName":"search_term_string"}}],"inLanguage":"fr-FR"},{"@type":"Organization","@id":"https:\/\/www.miomiorun.com\/fr\/#organization","name":"MioMio Run","url":"https:\/\/www.miomiorun.com\/fr\/","logo":{"@type":"ImageObject","inLanguage":"fr-FR","@id":"https:\/\/www.miomiorun.com\/fr\/#\/schema\/logo\/image\/","url":"https:\/\/www.miomiorun.com\/app\/uploads\/2019\/12\/logomio.png","contentUrl":"https:\/\/www.miomiorun.com\/app\/uploads\/2019\/12\/logomio.png","width":115,"height":82,"caption":"MioMio Run"},"image":{"@id":"https:\/\/www.miomiorun.com\/fr\/#\/schema\/logo\/image\/"},"sameAs":["https:\/\/www.facebook.com\/miomiorun\/","https:\/\/www.instagram.com\/miomiorun\/"]}]}},"_links":{"self":[{"href":"https:\/\/www.miomiorun.com\/fr\/wp-json\/wp\/v2\/product\/263896","targetHints":{"allow":["GET"]}}],"collection":[{"href":"https:\/\/www.miomiorun.com\/fr\/wp-json\/wp\/v2\/product"}],"about":[{"href":"https:\/\/www.miomiorun.com\/fr\/wp-json\/wp\/v2\/types\/product"}],"wp:featuredmedia":[{"embeddable":true,"href":"https:\/\/www.miomiorun.com\/fr\/wp-json\/wp\/v2\/media\/411523"}],"wp:attachment":[{"href":"https:\/\/www.miomiorun.com\/fr\/wp-json\/wp\/v2\/media?parent=263896"}],"wp:term":[{"taxonomy":"product_brand","embeddable":true,"href":"https:\/\/www.miomiorun.com\/fr\/wp-json\/wp\/v2\/product_brand?post=263896"},{"taxonomy":"product_cat","embeddable":true,"href":"https:\/\/www.miomiorun.com\/fr\/wp-json\/wp\/v2\/product_cat?post=263896"},{"taxonomy":"product_tag","embeddable":true,"href":"https:\/\/www.miomiorun.com\/fr\/wp-json\/wp\/v2\/product_tag?post=263896"}],"curies":[{"name":"wp","href":"https:\/\/api.w.org\/{rel}","templated":true}]}}