{"id":263824,"date":"2025-03-04T11:43:08","date_gmt":"2025-03-04T10:43:08","guid":{"rendered":"https:\/\/miomiorun.com\/prodotto\/hoka-cielo-x1-2-0\/"},"modified":"2026-02-04T22:11:25","modified_gmt":"2026-02-04T21:11:25","slug":"hoka-cielo-x1-2-0","status":"publish","type":"product","link":"https:\/\/www.miomiorun.com\/fr\/produit\/hoka-cielo-x1-2-0\/","title":{"rendered":"Cielo X1 2.0"},"content":{"rendered":"<p><div class=\"vc-row container\"><div class=\"vc-column\"><div class=\"vc-column-text\"><\/p>\n<p><strong>Caract\u00e9ristiques techniques<\/strong><\/p>\n<p>Drop : 7mm<br \/>\nPoids : 228 g<br \/>\nId\u00e9al pour : les athl\u00e8tes recherchant des chaussures pour courir des courses en t\u00eate \u00e0 t\u00eate, battre leurs records personnels et monter sur le podium.<br \/>\nPoids de l&#8217;athl\u00e8te : 60-75 kg<br \/>\nAllure de course : rapide &lt; 4.00 min\/km<br \/>\n<a href=\"https:\/\/miomiorun.com\/fr\/guide-des-specificites\/\">Guide des sp\u00e9cifications<\/a><\/p>\n<p><\/div><\/div><div class=\"vc-column\"><div class=\"vc-column-text\">Si vous \u00eates un maniaque de la vitesse et que vous recherchez une chaussure de course qui vous offre une propulsion maximale, la Cielo X1 2.0 est faite pour vous. Con\u00e7ue pour acc\u00e9l\u00e9rer votre foul\u00e9e, cette chaussure est le compagnon id\u00e9al de ceux qui veulent repousser leurs limites et am\u00e9liorer leurs performances personnelles. Sa semelle interm\u00e9diaire en PEBA double densit\u00e9 est extr\u00eamement r\u00e9active, tandis que la plaque d&#8217;aile en fibre de carbone et l&#8217;agressif MetaRocker\u2122 \u00e0 l&#8217;avant-pied vous donnent une pouss\u00e9e puissante et une exp\u00e9rience de course in\u00e9gal\u00e9e, optimisant chaque foul\u00e9e pour une vitesse maximale.<\/p>\n<p>La tige technique en mesh jacquard est l\u00e9g\u00e8re et respirante, tandis que le mod\u00e8le a \u00e9t\u00e9 all\u00e9g\u00e9 avec des encoches dynamiques sans sacrifier la stabilit\u00e9. Le col rembourr\u00e9 assure un soutien maximal du pied, tandis que la semelle en caoutchouc antid\u00e9rapante offre une traction optimale sur la route, vous permettant de courir avec plus de confiance. De plus, le design comprend un renfort s\u00e9rigraphi\u00e9 en 3D et une languette en tissu polyester 100% recycl\u00e9 pour une touche \u00e9cologique.<\/p>\n<p>Avec une hauteur de course sur route inf\u00e9rieure \u00e0 40 mm pour la pointure 42 hommes, cette chaussure est con\u00e7ue pour offrir un soutien accru gr\u00e2ce \u00e0 l&#8217;Active Foot Frame\u2122 ax\u00e9 sur l&#8217;avant-pied, assurant stabilit\u00e9 et confort tout au long de la course. La Cielo X1 2.0 est non seulement rapide, mais aussi durable et performante, un must pour vos entra\u00eenements et vos comp\u00e9titions. Ne manquez pas l&#8217;occasion de faire passer votre vitesse au niveau sup\u00e9rieur !<\/p>\n<p>&nbsp;<\/p>\n<div class=\"col-12 p-0 col-sm-3\"><img loading=\"lazy\" decoding=\"async\" class=\"\" src=\"https:\/\/www.hoka.com\/on\/demandware.static\/-\/Library-Sites-HOKA-EMEA-SHARED\/default\/dw23a7a61c\/images\/landing\/2024\/cielo-x1-20-pdp\/carbon-plated.svg\" alt=\"\" width=\"100\" height=\"100\" \/><\/div>\n<div class=\"col-12 p-0 col-sm-3\">Plaque en carbone<\/div>\n<div class=\"col-12 p-0 col-sm-3 mt-3 mt-sm-0\"><img loading=\"lazy\" decoding=\"async\" class=\"\" src=\"https:\/\/www.hoka.com\/on\/demandware.static\/-\/Library-Sites-HOKA-EMEA-SHARED\/default\/dw68e60ccd\/images\/landing\/2024\/cielo-x1-20-pdp\/cushion.svg\" alt=\"\" width=\"102\" height=\"100\" \/><\/div>\n<div class=\"col-12 p-0 col-sm-3 mt-3 mt-sm-0\">Semelle interm\u00e9diaire amortie Responsive Cushion\u2122<\/div>\n<div class=\"col-12 p-0 col-sm-3 mt-3 mt-sm-0\"><img loading=\"lazy\" decoding=\"async\" class=\"\" src=\"https:\/\/www.hoka.com\/on\/demandware.static\/-\/Library-Sites-HOKA-EMEA-SHARED\/default\/dwee250337\/images\/landing\/2024\/cielo-x1-20-pdp\/metarocker.svg\" alt=\"\" width=\"146\" height=\"93\" \/><\/div>\n<div class=\"col-12 p-0 col-sm-3 mt-3 mt-sm-0\">MetaRocker\u2122 d\u00e9di\u00e9e \u00e0 la vitesse<\/div>\n<div class=\"col-12 p-0 col-sm-3 mt-3 mt-sm-0\"><img loading=\"lazy\" decoding=\"async\" class=\"\" src=\"https:\/\/www.hoka.com\/on\/demandware.static\/-\/Library-Sites-HOKA-EMEA-SHARED\/default\/dw0d94a422\/images\/landing\/2024\/cielo-x1-20-pdp\/breathable.svg\" alt=\"\" width=\"120\" height=\"134\" \/><\/div>\n<div class=\"col-12 p-0 col-sm-3 mt-3 mt-sm-0\">Tige respirante<\/div>\n<div><\/div>\n<div><\/div>\n<p><\/div><\/div><\/div><div class=\"vc-row container\"><div class=\"vc-column\"><div style=\"height:32px\" class=\"vc-empty-space\"><\/div><\/div><\/div><div class=\"vc-row container\"><div class=\"vc-column\"><div class=\"vc-column-text\"><\/p>\n<div style=\"width: 1298px;\" class=\"wp-video\"><video class=\"wp-video-shortcode\" id=\"video-263824-1\" width=\"1298\" height=\"1200\" loop autoplay preload=\"metadata\" controls=\"controls\"><source type=\"video\/webm\" src=\"https:\/\/miomiorun.com\/wp-content\/uploads\/2025\/03\/cielo-x1-2.0.webm?_=1\" \/><a href=\"https:\/\/miomiorun.com\/wp-content\/uploads\/2025\/03\/cielo-x1-2.0.webm\">https:\/\/miomiorun.com\/wp-content\/uploads\/2025\/03\/cielo-x1-2.0.webm<\/a><\/video><\/div>\n<p><\/div><\/div><\/div><\/p>\n","protected":false},"excerpt":{"rendered":"<ul>\n<li>Semelle ext\u00e9rieure<\/li>\n<li>MetaRocker\u2122 agressive<\/li>\n<li>\u00e0 double densit\u00e9 en PEBA<\/li>\n<li>ultral\u00e9g\u00e8re<\/li>\n<\/ul>\n","protected":false},"featured_media":372658,"template":"","meta":{"_acf_changed":false,"inline_featured_image":false},"product_brand":[],"product_cat":[22605,24254,22606,24255],"product_tag":[23478,23494,23604],"class_list":{"0":"post-263824","1":"product","2":"type-product","3":"status-publish","4":"has-post-thumbnail","6":"product_cat-chaussures-pour-femmes","7":"product_cat-chaussures-pour-hommes","8":"product_cat-neutre","9":"product_cat-neutre-fr","10":"product_tag-hoka-one-one-fr","11":"product_tag-hoka-femme","12":"product_tag-hoka-homme","13":"pa_attivita-running-fr","14":"pa_colore-cielo-x1-2-0-black-gold-fr","15":"pa_marca-hoka-fr","16":"pa_sesso-femme","17":"pa_sesso-homme","18":"pa_size-42-fr","20":"pa_size-45-fr","22":"first","23":"instock","24":"sale","25":"taxable","26":"shipping-taxable","27":"purchasable","28":"product-type-variable","29":"wvs-archive-product-wrapper"},"acf":[],"yoast_head":"<!-- This site is optimized with the Yoast SEO plugin v26.8 - https:\/\/yoast.com\/product\/yoast-seo-wordpress\/ -->\n<title>Hoka Cielo X1 2.0 - chaussures running - MioMioRun.com<\/title>\n<meta name=\"description\" content=\"La Cielo X1 2.0 est une chaussure de course ultra-l\u00e9g\u00e8re et r\u00e9active avec plaque en fibre de carbone, pr\u00eate \u00e0 vous soutenir dans vos courses. D\u00e9couvrez-la avec nous !\" \/>\n<meta name=\"robots\" content=\"index, follow, max-snippet:-1, max-image-preview:large, max-video-preview:-1\" \/>\n<link rel=\"canonical\" href=\"https:\/\/www.miomiorun.com\/fr\/produit\/hoka-cielo-x1-2-0\/\" \/>\n<meta property=\"og:locale\" content=\"fr_FR\" \/>\n<meta property=\"og:type\" content=\"article\" \/>\n<meta property=\"og:title\" content=\"Hoka Cielo X1 2.0 - chaussures running - MioMioRun.com\" \/>\n<meta property=\"og:description\" content=\"La Cielo X1 2.0 est une chaussure de course ultra-l\u00e9g\u00e8re et r\u00e9active avec plaque en fibre de carbone, pr\u00eate \u00e0 vous soutenir dans vos courses. D\u00e9couvrez-la avec nous !\" \/>\n<meta property=\"og:url\" content=\"https:\/\/www.miomiorun.com\/fr\/produit\/hoka-cielo-x1-2-0\/\" \/>\n<meta property=\"og:site_name\" content=\"MioMioRun\" \/>\n<meta property=\"article:publisher\" content=\"https:\/\/www.facebook.com\/miomiorun\/\" \/>\n<meta property=\"article:modified_time\" content=\"2026-02-04T21:11:25+00:00\" \/>\n<meta property=\"og:image\" content=\"https:\/\/www.miomiorun.com\/app\/uploads\/2025\/11\/hoka-Cielo-X1-2.0-black-gold-1162053-BKGD.webp\" \/>\n\t<meta property=\"og:image:width\" content=\"720\" \/>\n\t<meta property=\"og:image:height\" content=\"720\" \/>\n\t<meta property=\"og:image:type\" content=\"image\/webp\" \/>\n<meta name=\"twitter:card\" content=\"summary_large_image\" \/>\n<meta name=\"twitter:label1\" content=\"Est. reading time\" \/>\n\t<meta name=\"twitter:data1\" content=\"2 minutes\" \/>\n<script type=\"application\/ld+json\" class=\"yoast-schema-graph\">{\"@context\":\"https:\/\/schema.org\",\"@graph\":[{\"@type\":\"WebPage\",\"@id\":\"https:\/\/www.miomiorun.com\/fr\/produit\/hoka-cielo-x1-2-0\/\",\"url\":\"https:\/\/www.miomiorun.com\/fr\/produit\/hoka-cielo-x1-2-0\/\",\"name\":\"Hoka Cielo X1 2.0 - chaussures running - MioMioRun.com\",\"isPartOf\":{\"@id\":\"https:\/\/www.miomiorun.com\/fr\/#website\"},\"primaryImageOfPage\":{\"@id\":\"https:\/\/www.miomiorun.com\/fr\/produit\/hoka-cielo-x1-2-0\/#primaryimage\"},\"image\":{\"@id\":\"https:\/\/www.miomiorun.com\/fr\/produit\/hoka-cielo-x1-2-0\/#primaryimage\"},\"thumbnailUrl\":\"https:\/\/www.miomiorun.com\/app\/uploads\/2025\/11\/hoka-Cielo-X1-2.0-black-gold-1162053-BKGD.webp\",\"datePublished\":\"2025-03-04T10:43:08+00:00\",\"dateModified\":\"2026-02-04T21:11:25+00:00\",\"description\":\"La Cielo X1 2.0 est une chaussure de course ultra-l\u00e9g\u00e8re et r\u00e9active avec plaque en fibre de carbone, pr\u00eate \u00e0 vous soutenir dans vos courses. D\u00e9couvrez-la avec nous !\",\"breadcrumb\":{\"@id\":\"https:\/\/www.miomiorun.com\/fr\/produit\/hoka-cielo-x1-2-0\/#breadcrumb\"},\"inLanguage\":\"fr-FR\",\"potentialAction\":[{\"@type\":\"ReadAction\",\"target\":[\"https:\/\/www.miomiorun.com\/fr\/produit\/hoka-cielo-x1-2-0\/\"]}]},{\"@type\":\"ImageObject\",\"inLanguage\":\"fr-FR\",\"@id\":\"https:\/\/www.miomiorun.com\/fr\/produit\/hoka-cielo-x1-2-0\/#primaryimage\",\"url\":\"https:\/\/www.miomiorun.com\/app\/uploads\/2025\/11\/hoka-Cielo-X1-2.0-black-gold-1162053-BKGD.webp\",\"contentUrl\":\"https:\/\/www.miomiorun.com\/app\/uploads\/2025\/11\/hoka-Cielo-X1-2.0-black-gold-1162053-BKGD.webp\",\"width\":720,\"height\":720,\"caption\":\"hoka Cielo X1 2.0 black gold 1162053 BKGD\"},{\"@type\":\"BreadcrumbList\",\"@id\":\"https:\/\/www.miomiorun.com\/fr\/produit\/hoka-cielo-x1-2-0\/#breadcrumb\",\"itemListElement\":[{\"@type\":\"ListItem\",\"position\":1,\"name\":\"Home\",\"item\":\"https:\/\/www.miomiorun.com\/fr\/home-page\/\"},{\"@type\":\"ListItem\",\"position\":2,\"name\":\"Shop\",\"item\":\"https:\/\/www.miomiorun.com\/shop\/\"},{\"@type\":\"ListItem\",\"position\":3,\"name\":\"Cielo X1 2.0\"}]},{\"@type\":\"WebSite\",\"@id\":\"https:\/\/www.miomiorun.com\/fr\/#website\",\"url\":\"https:\/\/www.miomiorun.com\/fr\/\",\"name\":\"MioMioRun\",\"description\":\"Boutique 100% running et trail\",\"publisher\":{\"@id\":\"https:\/\/www.miomiorun.com\/fr\/#organization\"},\"potentialAction\":[{\"@type\":\"SearchAction\",\"target\":{\"@type\":\"EntryPoint\",\"urlTemplate\":\"https:\/\/www.miomiorun.com\/fr\/?s={search_term_string}\"},\"query-input\":{\"@type\":\"PropertyValueSpecification\",\"valueRequired\":true,\"valueName\":\"search_term_string\"}}],\"inLanguage\":\"fr-FR\"},{\"@type\":\"Organization\",\"@id\":\"https:\/\/www.miomiorun.com\/fr\/#organization\",\"name\":\"MioMio Run\",\"url\":\"https:\/\/www.miomiorun.com\/fr\/\",\"logo\":{\"@type\":\"ImageObject\",\"inLanguage\":\"fr-FR\",\"@id\":\"https:\/\/www.miomiorun.com\/fr\/#\/schema\/logo\/image\/\",\"url\":\"https:\/\/www.miomiorun.com\/app\/uploads\/2019\/12\/logomio.png\",\"contentUrl\":\"https:\/\/www.miomiorun.com\/app\/uploads\/2019\/12\/logomio.png\",\"width\":115,\"height\":82,\"caption\":\"MioMio Run\"},\"image\":{\"@id\":\"https:\/\/www.miomiorun.com\/fr\/#\/schema\/logo\/image\/\"},\"sameAs\":[\"https:\/\/www.facebook.com\/miomiorun\/\",\"https:\/\/www.instagram.com\/miomiorun\/\"]}]}<\/script>\n<!-- \/ Yoast SEO plugin. -->","yoast_head_json":{"title":"Hoka Cielo X1 2.0 - chaussures running - MioMioRun.com","description":"La Cielo X1 2.0 est une chaussure de course ultra-l\u00e9g\u00e8re et r\u00e9active avec plaque en fibre de carbone, pr\u00eate \u00e0 vous soutenir dans vos courses. D\u00e9couvrez-la avec nous !","robots":{"index":"index","follow":"follow","max-snippet":"max-snippet:-1","max-image-preview":"max-image-preview:large","max-video-preview":"max-video-preview:-1"},"canonical":"https:\/\/www.miomiorun.com\/fr\/produit\/hoka-cielo-x1-2-0\/","og_locale":"fr_FR","og_type":"article","og_title":"Hoka Cielo X1 2.0 - chaussures running - MioMioRun.com","og_description":"La Cielo X1 2.0 est une chaussure de course ultra-l\u00e9g\u00e8re et r\u00e9active avec plaque en fibre de carbone, pr\u00eate \u00e0 vous soutenir dans vos courses. D\u00e9couvrez-la avec nous !","og_url":"https:\/\/www.miomiorun.com\/fr\/produit\/hoka-cielo-x1-2-0\/","og_site_name":"MioMioRun","article_publisher":"https:\/\/www.facebook.com\/miomiorun\/","article_modified_time":"2026-02-04T21:11:25+00:00","og_image":[{"width":720,"height":720,"url":"https:\/\/www.miomiorun.com\/app\/uploads\/2025\/11\/hoka-Cielo-X1-2.0-black-gold-1162053-BKGD.webp","type":"image\/webp"}],"twitter_card":"summary_large_image","twitter_misc":{"Est. reading time":"2 minutes"},"schema":{"@context":"https:\/\/schema.org","@graph":[{"@type":"WebPage","@id":"https:\/\/www.miomiorun.com\/fr\/produit\/hoka-cielo-x1-2-0\/","url":"https:\/\/www.miomiorun.com\/fr\/produit\/hoka-cielo-x1-2-0\/","name":"Hoka Cielo X1 2.0 - chaussures running - MioMioRun.com","isPartOf":{"@id":"https:\/\/www.miomiorun.com\/fr\/#website"},"primaryImageOfPage":{"@id":"https:\/\/www.miomiorun.com\/fr\/produit\/hoka-cielo-x1-2-0\/#primaryimage"},"image":{"@id":"https:\/\/www.miomiorun.com\/fr\/produit\/hoka-cielo-x1-2-0\/#primaryimage"},"thumbnailUrl":"https:\/\/www.miomiorun.com\/app\/uploads\/2025\/11\/hoka-Cielo-X1-2.0-black-gold-1162053-BKGD.webp","datePublished":"2025-03-04T10:43:08+00:00","dateModified":"2026-02-04T21:11:25+00:00","description":"La Cielo X1 2.0 est une chaussure de course ultra-l\u00e9g\u00e8re et r\u00e9active avec plaque en fibre de carbone, pr\u00eate \u00e0 vous soutenir dans vos courses. D\u00e9couvrez-la avec nous !","breadcrumb":{"@id":"https:\/\/www.miomiorun.com\/fr\/produit\/hoka-cielo-x1-2-0\/#breadcrumb"},"inLanguage":"fr-FR","potentialAction":[{"@type":"ReadAction","target":["https:\/\/www.miomiorun.com\/fr\/produit\/hoka-cielo-x1-2-0\/"]}]},{"@type":"ImageObject","inLanguage":"fr-FR","@id":"https:\/\/www.miomiorun.com\/fr\/produit\/hoka-cielo-x1-2-0\/#primaryimage","url":"https:\/\/www.miomiorun.com\/app\/uploads\/2025\/11\/hoka-Cielo-X1-2.0-black-gold-1162053-BKGD.webp","contentUrl":"https:\/\/www.miomiorun.com\/app\/uploads\/2025\/11\/hoka-Cielo-X1-2.0-black-gold-1162053-BKGD.webp","width":720,"height":720,"caption":"hoka Cielo X1 2.0 black gold 1162053 BKGD"},{"@type":"BreadcrumbList","@id":"https:\/\/www.miomiorun.com\/fr\/produit\/hoka-cielo-x1-2-0\/#breadcrumb","itemListElement":[{"@type":"ListItem","position":1,"name":"Home","item":"https:\/\/www.miomiorun.com\/fr\/home-page\/"},{"@type":"ListItem","position":2,"name":"Shop","item":"https:\/\/www.miomiorun.com\/shop\/"},{"@type":"ListItem","position":3,"name":"Cielo X1 2.0"}]},{"@type":"WebSite","@id":"https:\/\/www.miomiorun.com\/fr\/#website","url":"https:\/\/www.miomiorun.com\/fr\/","name":"MioMioRun","description":"Boutique 100% running et trail","publisher":{"@id":"https:\/\/www.miomiorun.com\/fr\/#organization"},"potentialAction":[{"@type":"SearchAction","target":{"@type":"EntryPoint","urlTemplate":"https:\/\/www.miomiorun.com\/fr\/?s={search_term_string}"},"query-input":{"@type":"PropertyValueSpecification","valueRequired":true,"valueName":"search_term_string"}}],"inLanguage":"fr-FR"},{"@type":"Organization","@id":"https:\/\/www.miomiorun.com\/fr\/#organization","name":"MioMio Run","url":"https:\/\/www.miomiorun.com\/fr\/","logo":{"@type":"ImageObject","inLanguage":"fr-FR","@id":"https:\/\/www.miomiorun.com\/fr\/#\/schema\/logo\/image\/","url":"https:\/\/www.miomiorun.com\/app\/uploads\/2019\/12\/logomio.png","contentUrl":"https:\/\/www.miomiorun.com\/app\/uploads\/2019\/12\/logomio.png","width":115,"height":82,"caption":"MioMio Run"},"image":{"@id":"https:\/\/www.miomiorun.com\/fr\/#\/schema\/logo\/image\/"},"sameAs":["https:\/\/www.facebook.com\/miomiorun\/","https:\/\/www.instagram.com\/miomiorun\/"]}]}},"_links":{"self":[{"href":"https:\/\/www.miomiorun.com\/fr\/wp-json\/wp\/v2\/product\/263824","targetHints":{"allow":["GET"]}}],"collection":[{"href":"https:\/\/www.miomiorun.com\/fr\/wp-json\/wp\/v2\/product"}],"about":[{"href":"https:\/\/www.miomiorun.com\/fr\/wp-json\/wp\/v2\/types\/product"}],"wp:featuredmedia":[{"embeddable":true,"href":"https:\/\/www.miomiorun.com\/fr\/wp-json\/wp\/v2\/media\/372658"}],"wp:attachment":[{"href":"https:\/\/www.miomiorun.com\/fr\/wp-json\/wp\/v2\/media?parent=263824"}],"wp:term":[{"taxonomy":"product_brand","embeddable":true,"href":"https:\/\/www.miomiorun.com\/fr\/wp-json\/wp\/v2\/product_brand?post=263824"},{"taxonomy":"product_cat","embeddable":true,"href":"https:\/\/www.miomiorun.com\/fr\/wp-json\/wp\/v2\/product_cat?post=263824"},{"taxonomy":"product_tag","embeddable":true,"href":"https:\/\/www.miomiorun.com\/fr\/wp-json\/wp\/v2\/product_tag?post=263824"}],"curies":[{"name":"wp","href":"https:\/\/api.w.org\/{rel}","templated":true}]}}