{"id":263653,"date":"2025-01-15T18:11:56","date_gmt":"2025-01-15T17:11:56","guid":{"rendered":"https:\/\/miomiorun.com\/prodotto\/mestari-run-1-5-donna\/"},"modified":"2026-05-08T20:22:27","modified_gmt":"2026-05-08T18:22:27","slug":"mestari-run-1-5-femme","status":"publish","type":"product","link":"https:\/\/www.miomiorun.com\/fr\/produit\/mestari-run-1-5-femme\/","title":{"rendered":"Mestari Run 1.5 femme"},"content":{"rendered":"<div class=\"vc-row container\"><div class=\"vc-column\"><div class=\"vc-column-text\"><\/p>\n<h4>Caract\u00e9ristiques techniques<\/h4>\n<p>Cat\u00e9gorie : Amortissement optimal<br \/>\nD\u00e9calage : 8 mm<br \/>\nPoids : 272 g<br \/>\nId\u00e9al pour : les coureurs recherchant une chaussure avec un bon amorti et une excellente stabilit\u00e9, avec une transition douce, pour des courses moyennes \u00e0 longues.<br \/>\nPoids de l&#8217;athl\u00e8te : 75-85 kg<br \/>\nAllure de course : moyenne (5.00-6.00 min\/km)<br \/>\n<a href=\"https:\/\/miomiorun.com\/fr\/guide-des-specificites\/\">Guide de sp\u00e9cification<\/a><\/p>\n<p><\/div><\/div><div class=\"vc-column\"><div class=\"vc-column-text\">La <strong>Mestari Run 1.5<\/strong> pour femmes est la chaussure de course haut de gamme de KARHU avec un amorti maximal, parfaite pour les coureurs neutres ou ceux qui ont une surpronation l\u00e9g\u00e8re \u00e0 moyenne. Avec une hauteur de semelle accrue et un amorti <strong>AeroFoam<\/strong> am\u00e9lior\u00e9, cette chaussure offre la combinaison id\u00e9ale de douceur, de soutien et de retour d&#8217;\u00e9nergie.<\/p>\n<h2 style=\"text-align: center;\">D\u00e9couvrez la Mestari 1.5, la chaussure id\u00e9ale pour les personnes souffrant de surpronation.<\/h2>\n<p>La tige en mesh <strong>IdealKnit<\/strong> raffin\u00e9 procure une sensation de luxe au pied, avec un soutien robuste au niveau du m\u00e9dio-pied pour plus de confort. Con\u00e7ue avec un profil moderne et articul\u00e9, la Mestari Run 1.5 est votre chaussure de course id\u00e9ale pour une exp\u00e9rience de course fluide et efficace.<\/p>\n<h3>Caract\u00e9ristiques :<\/h3>\n<ul>\n<li>Semelle interm\u00e9diaire AeroFoam am\u00e9lior\u00e9e pour un meilleur retour d&#8217;\u00e9nergie et un amorti maximal.<\/li>\n<li>Maille IdealKnit raffin\u00e9e pour la respirabilit\u00e9 et le maintien.<\/li>\n<li>Syst\u00e8me de la\u00e7age anatomique pour un ajustement et un confort sur mesure.<\/li>\n<li>Un Fulcrum profond et de longueur moyenne soutient le pied pour une transition en douceur.<\/li>\n<li>Une unit\u00e9 de propulsion assure une exp\u00e9rience de course &#8220;roulante&#8221;.<\/li>\n<li>Syst\u00e8me de lacets M-lock pour un maintien s\u00fbr.<\/li>\n<\/ul>\n<h3>Technologie :<\/h3>\n<p>&nbsp;<\/p>\n<p><img loading=\"lazy\" decoding=\"async\" class=\"\" src=\"https:\/\/cdn.shopify.com\/s\/files\/1\/0519\/4570\/1549\/files\/fulcrum_800x.png?v=1612961012\" width=\"205\" height=\"91\" \/><\/p>\n<p>La technologie Fulcrum de KARHU est con\u00e7ue pour maintenir toutes les forces vers l&#8217;avant, en r\u00e9duisant les forces de freinage et en utilisant l&#8217;\u00e9nergie naturelle de votre corps pour cr\u00e9er une conduite plus douce. C&#8217;est ce que nous appelons l&#8217;effet de roulement. La technologie Fulcrum offre : un amorti \u00e9quilibr\u00e9, plus de soutien, plus d&#8217;\u00e9nergie. La Fusion est dot\u00e9e d&#8217;un fulcrum de trois quarts de longueur.<\/div><\/div><\/div>\n","protected":false},"excerpt":{"rendered":"<ul>\n<li>Chaussure id\u00e9ale pour les pronateurs et les adeptes de la neutralit\u00e9.<\/li>\n<li>Super amorti id\u00e9al pour les longues distances.<\/li>\n<\/ul>\n","protected":false},"featured_media":251272,"template":"","meta":{"_acf_changed":false,"inline_featured_image":false},"product_brand":[],"product_cat":[22605,22606],"product_tag":[23474,23495],"class_list":{"0":"post-263653","1":"product","2":"type-product","3":"status-publish","4":"has-post-thumbnail","6":"product_cat-chaussures-pour-femmes","7":"product_cat-neutre","8":"product_tag-karhu-fr","9":"product_tag-karhu-femme","10":"pa_attivita-lifestyle-fr","11":"pa_attivita-marcher","12":"pa_attivita-running-fr","13":"pa_colore-mestari-run-1-5-w-blue-haze-patina-green-fr","14":"pa_colore-mestari-run-1-5-w-icicle-sterling-blue-fr","15":"pa_colore-mestari-run-1-5-w-white-pastel-parchment-fr","16":"pa_marca-karhu-fr","17":"pa_sesso-femme","18":"pa_size-37-5-fr","19":"pa_size-38-fr","20":"pa_size-42-fr","22":"first","23":"instock","24":"sale","25":"taxable","26":"shipping-taxable","27":"purchasable","28":"product-type-variable","29":"wvs-archive-product-wrapper"},"acf":[],"yoast_head":"<!-- This site is optimized with the Yoast SEO plugin v26.8 - https:\/\/yoast.com\/product\/yoast-seo-wordpress\/ -->\n<title>Karhu Mestari Run 1.5 femme - chaussures running - MioMioRun<\/title>\n<meta name=\"description\" content=\"La Mestari Run 1.5 pour femmes est la chaussure de course haut de gamme de KARHU avec un amorti maximal, parfaite pour les coureurs neutres ou les surpronateurs.\" \/>\n<meta name=\"robots\" content=\"index, follow, max-snippet:-1, max-image-preview:large, max-video-preview:-1\" \/>\n<link rel=\"canonical\" href=\"https:\/\/www.miomiorun.com\/fr\/produit\/mestari-run-1-5-femme\/\" \/>\n<meta property=\"og:locale\" content=\"fr_FR\" \/>\n<meta property=\"og:type\" content=\"article\" \/>\n<meta property=\"og:title\" content=\"Karhu Mestari Run 1.5 femme - chaussures running - MioMioRun\" \/>\n<meta property=\"og:description\" content=\"La Mestari Run 1.5 pour femmes est la chaussure de course haut de gamme de KARHU avec un amorti maximal, parfaite pour les coureurs neutres ou les surpronateurs.\" \/>\n<meta property=\"og:url\" content=\"https:\/\/www.miomiorun.com\/fr\/produit\/mestari-run-1-5-femme\/\" \/>\n<meta property=\"og:site_name\" content=\"MioMioRun\" \/>\n<meta property=\"article:publisher\" content=\"https:\/\/www.facebook.com\/miomiorun\/\" \/>\n<meta property=\"article:modified_time\" content=\"2026-05-08T18:22:27+00:00\" \/>\n<meta property=\"og:image\" content=\"https:\/\/www.miomiorun.com\/app\/uploads\/2025\/01\/karhu-Mestari-run-1.5-W-sea-foam-excalibur-F205008.webp\" \/>\n\t<meta property=\"og:image:width\" content=\"600\" \/>\n\t<meta property=\"og:image:height\" content=\"600\" \/>\n\t<meta property=\"og:image:type\" content=\"image\/webp\" \/>\n<meta name=\"twitter:card\" content=\"summary_large_image\" \/>\n<meta name=\"twitter:label1\" content=\"Est. reading time\" \/>\n\t<meta name=\"twitter:data1\" content=\"2 minutes\" \/>\n<script type=\"application\/ld+json\" class=\"yoast-schema-graph\">{\"@context\":\"https:\/\/schema.org\",\"@graph\":[{\"@type\":\"WebPage\",\"@id\":\"https:\/\/www.miomiorun.com\/fr\/produit\/mestari-run-1-5-femme\/\",\"url\":\"https:\/\/www.miomiorun.com\/fr\/produit\/mestari-run-1-5-femme\/\",\"name\":\"Karhu Mestari Run 1.5 femme - chaussures running - MioMioRun\",\"isPartOf\":{\"@id\":\"https:\/\/www.miomiorun.com\/fr\/#website\"},\"primaryImageOfPage\":{\"@id\":\"https:\/\/www.miomiorun.com\/fr\/produit\/mestari-run-1-5-femme\/#primaryimage\"},\"image\":{\"@id\":\"https:\/\/www.miomiorun.com\/fr\/produit\/mestari-run-1-5-femme\/#primaryimage\"},\"thumbnailUrl\":\"https:\/\/www.miomiorun.com\/app\/uploads\/2025\/01\/karhu-Mestari-run-1.5-W-sea-foam-excalibur-F205008.webp\",\"datePublished\":\"2025-01-15T17:11:56+00:00\",\"dateModified\":\"2026-05-08T18:22:27+00:00\",\"description\":\"La Mestari Run 1.5 pour femmes est la chaussure de course haut de gamme de KARHU avec un amorti maximal, parfaite pour les coureurs neutres ou les surpronateurs.\",\"breadcrumb\":{\"@id\":\"https:\/\/www.miomiorun.com\/fr\/produit\/mestari-run-1-5-femme\/#breadcrumb\"},\"inLanguage\":\"fr-FR\",\"potentialAction\":[{\"@type\":\"ReadAction\",\"target\":[\"https:\/\/www.miomiorun.com\/fr\/produit\/mestari-run-1-5-femme\/\"]}]},{\"@type\":\"ImageObject\",\"inLanguage\":\"fr-FR\",\"@id\":\"https:\/\/www.miomiorun.com\/fr\/produit\/mestari-run-1-5-femme\/#primaryimage\",\"url\":\"https:\/\/www.miomiorun.com\/app\/uploads\/2025\/01\/karhu-Mestari-run-1.5-W-sea-foam-excalibur-F205008.webp\",\"contentUrl\":\"https:\/\/www.miomiorun.com\/app\/uploads\/2025\/01\/karhu-Mestari-run-1.5-W-sea-foam-excalibur-F205008.webp\",\"width\":600,\"height\":600,\"caption\":\"karhu Mestari run 1.5 W sea foam excalibur F205008\"},{\"@type\":\"BreadcrumbList\",\"@id\":\"https:\/\/www.miomiorun.com\/fr\/produit\/mestari-run-1-5-femme\/#breadcrumb\",\"itemListElement\":[{\"@type\":\"ListItem\",\"position\":1,\"name\":\"Home\",\"item\":\"https:\/\/www.miomiorun.com\/fr\/home-page\/\"},{\"@type\":\"ListItem\",\"position\":2,\"name\":\"Shop\",\"item\":\"https:\/\/www.miomiorun.com\/shop\/\"},{\"@type\":\"ListItem\",\"position\":3,\"name\":\"Mestari Run 1.5 femme\"}]},{\"@type\":\"WebSite\",\"@id\":\"https:\/\/www.miomiorun.com\/fr\/#website\",\"url\":\"https:\/\/www.miomiorun.com\/fr\/\",\"name\":\"MioMioRun\",\"description\":\"Boutique 100% running et trail\",\"publisher\":{\"@id\":\"https:\/\/www.miomiorun.com\/fr\/#organization\"},\"potentialAction\":[{\"@type\":\"SearchAction\",\"target\":{\"@type\":\"EntryPoint\",\"urlTemplate\":\"https:\/\/www.miomiorun.com\/fr\/?s={search_term_string}\"},\"query-input\":{\"@type\":\"PropertyValueSpecification\",\"valueRequired\":true,\"valueName\":\"search_term_string\"}}],\"inLanguage\":\"fr-FR\"},{\"@type\":\"Organization\",\"@id\":\"https:\/\/www.miomiorun.com\/fr\/#organization\",\"name\":\"MioMio Run\",\"url\":\"https:\/\/www.miomiorun.com\/fr\/\",\"logo\":{\"@type\":\"ImageObject\",\"inLanguage\":\"fr-FR\",\"@id\":\"https:\/\/www.miomiorun.com\/fr\/#\/schema\/logo\/image\/\",\"url\":\"https:\/\/www.miomiorun.com\/app\/uploads\/2019\/12\/logomio.png\",\"contentUrl\":\"https:\/\/www.miomiorun.com\/app\/uploads\/2019\/12\/logomio.png\",\"width\":115,\"height\":82,\"caption\":\"MioMio Run\"},\"image\":{\"@id\":\"https:\/\/www.miomiorun.com\/fr\/#\/schema\/logo\/image\/\"},\"sameAs\":[\"https:\/\/www.facebook.com\/miomiorun\/\",\"https:\/\/www.instagram.com\/miomiorun\/\"]}]}<\/script>\n<!-- \/ Yoast SEO plugin. -->","yoast_head_json":{"title":"Karhu Mestari Run 1.5 femme - chaussures running - MioMioRun","description":"La Mestari Run 1.5 pour femmes est la chaussure de course haut de gamme de KARHU avec un amorti maximal, parfaite pour les coureurs neutres ou les surpronateurs.","robots":{"index":"index","follow":"follow","max-snippet":"max-snippet:-1","max-image-preview":"max-image-preview:large","max-video-preview":"max-video-preview:-1"},"canonical":"https:\/\/www.miomiorun.com\/fr\/produit\/mestari-run-1-5-femme\/","og_locale":"fr_FR","og_type":"article","og_title":"Karhu Mestari Run 1.5 femme - chaussures running - MioMioRun","og_description":"La Mestari Run 1.5 pour femmes est la chaussure de course haut de gamme de KARHU avec un amorti maximal, parfaite pour les coureurs neutres ou les surpronateurs.","og_url":"https:\/\/www.miomiorun.com\/fr\/produit\/mestari-run-1-5-femme\/","og_site_name":"MioMioRun","article_publisher":"https:\/\/www.facebook.com\/miomiorun\/","article_modified_time":"2026-05-08T18:22:27+00:00","og_image":[{"width":600,"height":600,"url":"https:\/\/www.miomiorun.com\/app\/uploads\/2025\/01\/karhu-Mestari-run-1.5-W-sea-foam-excalibur-F205008.webp","type":"image\/webp"}],"twitter_card":"summary_large_image","twitter_misc":{"Est. reading time":"2 minutes"},"schema":{"@context":"https:\/\/schema.org","@graph":[{"@type":"WebPage","@id":"https:\/\/www.miomiorun.com\/fr\/produit\/mestari-run-1-5-femme\/","url":"https:\/\/www.miomiorun.com\/fr\/produit\/mestari-run-1-5-femme\/","name":"Karhu Mestari Run 1.5 femme - chaussures running - MioMioRun","isPartOf":{"@id":"https:\/\/www.miomiorun.com\/fr\/#website"},"primaryImageOfPage":{"@id":"https:\/\/www.miomiorun.com\/fr\/produit\/mestari-run-1-5-femme\/#primaryimage"},"image":{"@id":"https:\/\/www.miomiorun.com\/fr\/produit\/mestari-run-1-5-femme\/#primaryimage"},"thumbnailUrl":"https:\/\/www.miomiorun.com\/app\/uploads\/2025\/01\/karhu-Mestari-run-1.5-W-sea-foam-excalibur-F205008.webp","datePublished":"2025-01-15T17:11:56+00:00","dateModified":"2026-05-08T18:22:27+00:00","description":"La Mestari Run 1.5 pour femmes est la chaussure de course haut de gamme de KARHU avec un amorti maximal, parfaite pour les coureurs neutres ou les surpronateurs.","breadcrumb":{"@id":"https:\/\/www.miomiorun.com\/fr\/produit\/mestari-run-1-5-femme\/#breadcrumb"},"inLanguage":"fr-FR","potentialAction":[{"@type":"ReadAction","target":["https:\/\/www.miomiorun.com\/fr\/produit\/mestari-run-1-5-femme\/"]}]},{"@type":"ImageObject","inLanguage":"fr-FR","@id":"https:\/\/www.miomiorun.com\/fr\/produit\/mestari-run-1-5-femme\/#primaryimage","url":"https:\/\/www.miomiorun.com\/app\/uploads\/2025\/01\/karhu-Mestari-run-1.5-W-sea-foam-excalibur-F205008.webp","contentUrl":"https:\/\/www.miomiorun.com\/app\/uploads\/2025\/01\/karhu-Mestari-run-1.5-W-sea-foam-excalibur-F205008.webp","width":600,"height":600,"caption":"karhu Mestari run 1.5 W sea foam excalibur F205008"},{"@type":"BreadcrumbList","@id":"https:\/\/www.miomiorun.com\/fr\/produit\/mestari-run-1-5-femme\/#breadcrumb","itemListElement":[{"@type":"ListItem","position":1,"name":"Home","item":"https:\/\/www.miomiorun.com\/fr\/home-page\/"},{"@type":"ListItem","position":2,"name":"Shop","item":"https:\/\/www.miomiorun.com\/shop\/"},{"@type":"ListItem","position":3,"name":"Mestari Run 1.5 femme"}]},{"@type":"WebSite","@id":"https:\/\/www.miomiorun.com\/fr\/#website","url":"https:\/\/www.miomiorun.com\/fr\/","name":"MioMioRun","description":"Boutique 100% running et trail","publisher":{"@id":"https:\/\/www.miomiorun.com\/fr\/#organization"},"potentialAction":[{"@type":"SearchAction","target":{"@type":"EntryPoint","urlTemplate":"https:\/\/www.miomiorun.com\/fr\/?s={search_term_string}"},"query-input":{"@type":"PropertyValueSpecification","valueRequired":true,"valueName":"search_term_string"}}],"inLanguage":"fr-FR"},{"@type":"Organization","@id":"https:\/\/www.miomiorun.com\/fr\/#organization","name":"MioMio Run","url":"https:\/\/www.miomiorun.com\/fr\/","logo":{"@type":"ImageObject","inLanguage":"fr-FR","@id":"https:\/\/www.miomiorun.com\/fr\/#\/schema\/logo\/image\/","url":"https:\/\/www.miomiorun.com\/app\/uploads\/2019\/12\/logomio.png","contentUrl":"https:\/\/www.miomiorun.com\/app\/uploads\/2019\/12\/logomio.png","width":115,"height":82,"caption":"MioMio Run"},"image":{"@id":"https:\/\/www.miomiorun.com\/fr\/#\/schema\/logo\/image\/"},"sameAs":["https:\/\/www.facebook.com\/miomiorun\/","https:\/\/www.instagram.com\/miomiorun\/"]}]}},"_links":{"self":[{"href":"https:\/\/www.miomiorun.com\/fr\/wp-json\/wp\/v2\/product\/263653","targetHints":{"allow":["GET"]}}],"collection":[{"href":"https:\/\/www.miomiorun.com\/fr\/wp-json\/wp\/v2\/product"}],"about":[{"href":"https:\/\/www.miomiorun.com\/fr\/wp-json\/wp\/v2\/types\/product"}],"wp:featuredmedia":[{"embeddable":true,"href":"https:\/\/www.miomiorun.com\/fr\/wp-json\/wp\/v2\/media\/251272"}],"wp:attachment":[{"href":"https:\/\/www.miomiorun.com\/fr\/wp-json\/wp\/v2\/media?parent=263653"}],"wp:term":[{"taxonomy":"product_brand","embeddable":true,"href":"https:\/\/www.miomiorun.com\/fr\/wp-json\/wp\/v2\/product_brand?post=263653"},{"taxonomy":"product_cat","embeddable":true,"href":"https:\/\/www.miomiorun.com\/fr\/wp-json\/wp\/v2\/product_cat?post=263653"},{"taxonomy":"product_tag","embeddable":true,"href":"https:\/\/www.miomiorun.com\/fr\/wp-json\/wp\/v2\/product_tag?post=263653"}],"curies":[{"name":"wp","href":"https:\/\/api.w.org\/{rel}","templated":true}]}}