{"id":260287,"date":"2023-03-07T15:17:56","date_gmt":"2023-03-07T14:17:56","guid":{"rendered":"https:\/\/miomiorun.com\/prodotto\/atmosphere-singlet-2-0-uomo\/"},"modified":"2026-05-08T20:20:33","modified_gmt":"2026-05-08T18:20:33","slug":"atmosphere-singlet-2-0-homme","status":"publish","type":"product","link":"https:\/\/www.miomiorun.com\/fr\/produit\/atmosphere-singlet-2-0-homme\/","title":{"rendered":"Atmosphere Singlet 2.0 homme"},"content":{"rendered":"<p>L&#8217;<strong>Atmosphere Singlet 2.0<\/strong> pour homme est un singlet ultra-l\u00e9ger qui vous aidera \u00e0 rester au frais. En tissu extensible respirant \u00e0 s\u00e9chage rapide, cette couche l\u00e9g\u00e8re offre une couverture presque impalpable pour des kilom\u00e8tres de confort. La finition r\u00e9sistante aux odeurs ne s&#8217;alt\u00e8re pas au fil des lavages.<\/p>\n<h3>Caract\u00e9ristiques :<\/h3>\n<ul class=\"m-long-description__features\">\n<li class=\"m-long-description__feature\">Respirant<\/li>\n<li class=\"m-long-description__feature\">Coupe id\u00e9ale pour la course \u00e0 pied<\/li>\n<li class=\"m-long-description__feature\">R\u00e9sistant aux odeurs<\/li>\n<li>Tissu extensible respirant<\/li>\n<li>S\u00e9chage rapide<\/li>\n<\/ul>\n<p>&nbsp;<\/p>\n","protected":false},"excerpt":{"rendered":"<ul class=\"m-long-description__features\">\n<li class=\"m-long-description__feature\">Respirant<\/li>\n<li class=\"m-long-description__feature\">Ajustement id\u00e9al pour la course \u00e0 pied<\/li>\n<li class=\"m-long-description__feature\">R\u00e9sistant aux odeurs<\/li>\n<\/ul>\n","protected":false},"featured_media":239225,"template":"","meta":{"_acf_changed":false,"inline_featured_image":false},"product_brand":[],"product_cat":[24257,24482],"product_tag":[23462,23655],"class_list":{"0":"post-260287","1":"product","2":"type-product","3":"status-publish","4":"has-post-thumbnail","6":"product_cat-gilets-fr","7":"product_cat-vetements-pour-hommes-fr","8":"product_tag-brooks-fr","9":"product_tag-brooks-homme","10":"pa_attivita-marcher","11":"pa_attivita-running-fr","12":"pa_colore-atmosphere-singlet-2-0-navy-sring-break-fr","13":"pa_marca-brooks-fr","14":"pa_sesso-homme","15":"pa_size-small-fr","17":"first","18":"instock","19":"sale","20":"taxable","21":"shipping-taxable","22":"purchasable","23":"product-type-variable","24":"wvs-archive-product-wrapper"},"acf":[],"yoast_head":"<!-- This site is optimized with the Yoast SEO plugin v26.8 - https:\/\/yoast.com\/product\/yoast-seo-wordpress\/ -->\n<title>Brooks Atmosphere Singlet 2.0 homme - D\u00e9bardeur - MioMioRun<\/title>\n<meta name=\"description\" content=\"Le singlet Atmosphere 2.0 pour homme est un singlet ultra-l\u00e9ger qui vous aidera \u00e0 rester au frais. Fabriqu\u00e9 en tissu extensible respirant et \u00e0 s\u00e9chage rapide\" \/>\n<meta name=\"robots\" content=\"index, follow, max-snippet:-1, max-image-preview:large, max-video-preview:-1\" \/>\n<link rel=\"canonical\" href=\"https:\/\/www.miomiorun.com\/fr\/produit\/atmosphere-singlet-2-0-homme\/\" \/>\n<meta property=\"og:locale\" content=\"fr_FR\" \/>\n<meta property=\"og:type\" content=\"article\" \/>\n<meta property=\"og:title\" content=\"Brooks Atmosphere Singlet 2.0 homme - D\u00e9bardeur - MioMioRun\" \/>\n<meta property=\"og:description\" content=\"Le singlet Atmosphere 2.0 pour homme est un singlet ultra-l\u00e9ger qui vous aidera \u00e0 rester au frais. Fabriqu\u00e9 en tissu extensible respirant et \u00e0 s\u00e9chage rapide\" \/>\n<meta property=\"og:url\" content=\"https:\/\/www.miomiorun.com\/fr\/produit\/atmosphere-singlet-2-0-homme\/\" \/>\n<meta property=\"og:site_name\" content=\"MioMioRun\" \/>\n<meta property=\"article:publisher\" content=\"https:\/\/www.facebook.com\/miomiorun\/\" \/>\n<meta property=\"article:modified_time\" content=\"2026-05-08T18:20:33+00:00\" \/>\n<meta property=\"og:image\" content=\"https:\/\/www.miomiorun.com\/app\/uploads\/2023\/03\/brooks-atmosphere-singlet-2.0-navy-sring-break-211445454.jpg\" \/>\n\t<meta property=\"og:image:width\" content=\"600\" \/>\n\t<meta property=\"og:image:height\" content=\"600\" \/>\n\t<meta property=\"og:image:type\" content=\"image\/jpeg\" \/>\n<meta name=\"twitter:card\" content=\"summary_large_image\" \/>\n<script type=\"application\/ld+json\" class=\"yoast-schema-graph\">{\"@context\":\"https:\/\/schema.org\",\"@graph\":[{\"@type\":\"WebPage\",\"@id\":\"https:\/\/www.miomiorun.com\/fr\/produit\/atmosphere-singlet-2-0-homme\/\",\"url\":\"https:\/\/www.miomiorun.com\/fr\/produit\/atmosphere-singlet-2-0-homme\/\",\"name\":\"Brooks Atmosphere Singlet 2.0 homme - D\u00e9bardeur - MioMioRun\",\"isPartOf\":{\"@id\":\"https:\/\/www.miomiorun.com\/fr\/#website\"},\"primaryImageOfPage\":{\"@id\":\"https:\/\/www.miomiorun.com\/fr\/produit\/atmosphere-singlet-2-0-homme\/#primaryimage\"},\"image\":{\"@id\":\"https:\/\/www.miomiorun.com\/fr\/produit\/atmosphere-singlet-2-0-homme\/#primaryimage\"},\"thumbnailUrl\":\"https:\/\/www.miomiorun.com\/app\/uploads\/2023\/03\/brooks-atmosphere-singlet-2.0-navy-sring-break-211445454.jpg\",\"datePublished\":\"2023-03-07T14:17:56+00:00\",\"dateModified\":\"2026-05-08T18:20:33+00:00\",\"description\":\"Le singlet Atmosphere 2.0 pour homme est un singlet ultra-l\u00e9ger qui vous aidera \u00e0 rester au frais. Fabriqu\u00e9 en tissu extensible respirant et \u00e0 s\u00e9chage rapide\",\"breadcrumb\":{\"@id\":\"https:\/\/www.miomiorun.com\/fr\/produit\/atmosphere-singlet-2-0-homme\/#breadcrumb\"},\"inLanguage\":\"fr-FR\",\"potentialAction\":[{\"@type\":\"ReadAction\",\"target\":[\"https:\/\/www.miomiorun.com\/fr\/produit\/atmosphere-singlet-2-0-homme\/\"]}]},{\"@type\":\"ImageObject\",\"inLanguage\":\"fr-FR\",\"@id\":\"https:\/\/www.miomiorun.com\/fr\/produit\/atmosphere-singlet-2-0-homme\/#primaryimage\",\"url\":\"https:\/\/www.miomiorun.com\/app\/uploads\/2023\/03\/brooks-atmosphere-singlet-2.0-navy-sring-break-211445454.jpg\",\"contentUrl\":\"https:\/\/www.miomiorun.com\/app\/uploads\/2023\/03\/brooks-atmosphere-singlet-2.0-navy-sring-break-211445454.jpg\",\"width\":600,\"height\":600,\"caption\":\"brooks-atmosphere-singlet-2.0-navy-sring-break-211445454\"},{\"@type\":\"BreadcrumbList\",\"@id\":\"https:\/\/www.miomiorun.com\/fr\/produit\/atmosphere-singlet-2-0-homme\/#breadcrumb\",\"itemListElement\":[{\"@type\":\"ListItem\",\"position\":1,\"name\":\"Home\",\"item\":\"https:\/\/www.miomiorun.com\/fr\/home-page\/\"},{\"@type\":\"ListItem\",\"position\":2,\"name\":\"Shop\",\"item\":\"https:\/\/www.miomiorun.com\/shop\/\"},{\"@type\":\"ListItem\",\"position\":3,\"name\":\"Atmosphere Singlet 2.0 homme\"}]},{\"@type\":\"WebSite\",\"@id\":\"https:\/\/www.miomiorun.com\/fr\/#website\",\"url\":\"https:\/\/www.miomiorun.com\/fr\/\",\"name\":\"MioMioRun\",\"description\":\"Boutique 100% running et trail\",\"publisher\":{\"@id\":\"https:\/\/www.miomiorun.com\/fr\/#organization\"},\"potentialAction\":[{\"@type\":\"SearchAction\",\"target\":{\"@type\":\"EntryPoint\",\"urlTemplate\":\"https:\/\/www.miomiorun.com\/fr\/?s={search_term_string}\"},\"query-input\":{\"@type\":\"PropertyValueSpecification\",\"valueRequired\":true,\"valueName\":\"search_term_string\"}}],\"inLanguage\":\"fr-FR\"},{\"@type\":\"Organization\",\"@id\":\"https:\/\/www.miomiorun.com\/fr\/#organization\",\"name\":\"MioMio Run\",\"url\":\"https:\/\/www.miomiorun.com\/fr\/\",\"logo\":{\"@type\":\"ImageObject\",\"inLanguage\":\"fr-FR\",\"@id\":\"https:\/\/www.miomiorun.com\/fr\/#\/schema\/logo\/image\/\",\"url\":\"https:\/\/www.miomiorun.com\/app\/uploads\/2019\/12\/logomio.png\",\"contentUrl\":\"https:\/\/www.miomiorun.com\/app\/uploads\/2019\/12\/logomio.png\",\"width\":115,\"height\":82,\"caption\":\"MioMio Run\"},\"image\":{\"@id\":\"https:\/\/www.miomiorun.com\/fr\/#\/schema\/logo\/image\/\"},\"sameAs\":[\"https:\/\/www.facebook.com\/miomiorun\/\",\"https:\/\/www.instagram.com\/miomiorun\/\"]}]}<\/script>\n<!-- \/ Yoast SEO plugin. -->","yoast_head_json":{"title":"Brooks Atmosphere Singlet 2.0 homme - D\u00e9bardeur - MioMioRun","description":"Le singlet Atmosphere 2.0 pour homme est un singlet ultra-l\u00e9ger qui vous aidera \u00e0 rester au frais. Fabriqu\u00e9 en tissu extensible respirant et \u00e0 s\u00e9chage rapide","robots":{"index":"index","follow":"follow","max-snippet":"max-snippet:-1","max-image-preview":"max-image-preview:large","max-video-preview":"max-video-preview:-1"},"canonical":"https:\/\/www.miomiorun.com\/fr\/produit\/atmosphere-singlet-2-0-homme\/","og_locale":"fr_FR","og_type":"article","og_title":"Brooks Atmosphere Singlet 2.0 homme - D\u00e9bardeur - MioMioRun","og_description":"Le singlet Atmosphere 2.0 pour homme est un singlet ultra-l\u00e9ger qui vous aidera \u00e0 rester au frais. Fabriqu\u00e9 en tissu extensible respirant et \u00e0 s\u00e9chage rapide","og_url":"https:\/\/www.miomiorun.com\/fr\/produit\/atmosphere-singlet-2-0-homme\/","og_site_name":"MioMioRun","article_publisher":"https:\/\/www.facebook.com\/miomiorun\/","article_modified_time":"2026-05-08T18:20:33+00:00","og_image":[{"width":600,"height":600,"url":"https:\/\/www.miomiorun.com\/app\/uploads\/2023\/03\/brooks-atmosphere-singlet-2.0-navy-sring-break-211445454.jpg","type":"image\/jpeg"}],"twitter_card":"summary_large_image","schema":{"@context":"https:\/\/schema.org","@graph":[{"@type":"WebPage","@id":"https:\/\/www.miomiorun.com\/fr\/produit\/atmosphere-singlet-2-0-homme\/","url":"https:\/\/www.miomiorun.com\/fr\/produit\/atmosphere-singlet-2-0-homme\/","name":"Brooks Atmosphere Singlet 2.0 homme - D\u00e9bardeur - MioMioRun","isPartOf":{"@id":"https:\/\/www.miomiorun.com\/fr\/#website"},"primaryImageOfPage":{"@id":"https:\/\/www.miomiorun.com\/fr\/produit\/atmosphere-singlet-2-0-homme\/#primaryimage"},"image":{"@id":"https:\/\/www.miomiorun.com\/fr\/produit\/atmosphere-singlet-2-0-homme\/#primaryimage"},"thumbnailUrl":"https:\/\/www.miomiorun.com\/app\/uploads\/2023\/03\/brooks-atmosphere-singlet-2.0-navy-sring-break-211445454.jpg","datePublished":"2023-03-07T14:17:56+00:00","dateModified":"2026-05-08T18:20:33+00:00","description":"Le singlet Atmosphere 2.0 pour homme est un singlet ultra-l\u00e9ger qui vous aidera \u00e0 rester au frais. Fabriqu\u00e9 en tissu extensible respirant et \u00e0 s\u00e9chage rapide","breadcrumb":{"@id":"https:\/\/www.miomiorun.com\/fr\/produit\/atmosphere-singlet-2-0-homme\/#breadcrumb"},"inLanguage":"fr-FR","potentialAction":[{"@type":"ReadAction","target":["https:\/\/www.miomiorun.com\/fr\/produit\/atmosphere-singlet-2-0-homme\/"]}]},{"@type":"ImageObject","inLanguage":"fr-FR","@id":"https:\/\/www.miomiorun.com\/fr\/produit\/atmosphere-singlet-2-0-homme\/#primaryimage","url":"https:\/\/www.miomiorun.com\/app\/uploads\/2023\/03\/brooks-atmosphere-singlet-2.0-navy-sring-break-211445454.jpg","contentUrl":"https:\/\/www.miomiorun.com\/app\/uploads\/2023\/03\/brooks-atmosphere-singlet-2.0-navy-sring-break-211445454.jpg","width":600,"height":600,"caption":"brooks-atmosphere-singlet-2.0-navy-sring-break-211445454"},{"@type":"BreadcrumbList","@id":"https:\/\/www.miomiorun.com\/fr\/produit\/atmosphere-singlet-2-0-homme\/#breadcrumb","itemListElement":[{"@type":"ListItem","position":1,"name":"Home","item":"https:\/\/www.miomiorun.com\/fr\/home-page\/"},{"@type":"ListItem","position":2,"name":"Shop","item":"https:\/\/www.miomiorun.com\/shop\/"},{"@type":"ListItem","position":3,"name":"Atmosphere Singlet 2.0 homme"}]},{"@type":"WebSite","@id":"https:\/\/www.miomiorun.com\/fr\/#website","url":"https:\/\/www.miomiorun.com\/fr\/","name":"MioMioRun","description":"Boutique 100% running et trail","publisher":{"@id":"https:\/\/www.miomiorun.com\/fr\/#organization"},"potentialAction":[{"@type":"SearchAction","target":{"@type":"EntryPoint","urlTemplate":"https:\/\/www.miomiorun.com\/fr\/?s={search_term_string}"},"query-input":{"@type":"PropertyValueSpecification","valueRequired":true,"valueName":"search_term_string"}}],"inLanguage":"fr-FR"},{"@type":"Organization","@id":"https:\/\/www.miomiorun.com\/fr\/#organization","name":"MioMio Run","url":"https:\/\/www.miomiorun.com\/fr\/","logo":{"@type":"ImageObject","inLanguage":"fr-FR","@id":"https:\/\/www.miomiorun.com\/fr\/#\/schema\/logo\/image\/","url":"https:\/\/www.miomiorun.com\/app\/uploads\/2019\/12\/logomio.png","contentUrl":"https:\/\/www.miomiorun.com\/app\/uploads\/2019\/12\/logomio.png","width":115,"height":82,"caption":"MioMio Run"},"image":{"@id":"https:\/\/www.miomiorun.com\/fr\/#\/schema\/logo\/image\/"},"sameAs":["https:\/\/www.facebook.com\/miomiorun\/","https:\/\/www.instagram.com\/miomiorun\/"]}]}},"_links":{"self":[{"href":"https:\/\/www.miomiorun.com\/fr\/wp-json\/wp\/v2\/product\/260287","targetHints":{"allow":["GET"]}}],"collection":[{"href":"https:\/\/www.miomiorun.com\/fr\/wp-json\/wp\/v2\/product"}],"about":[{"href":"https:\/\/www.miomiorun.com\/fr\/wp-json\/wp\/v2\/types\/product"}],"wp:featuredmedia":[{"embeddable":true,"href":"https:\/\/www.miomiorun.com\/fr\/wp-json\/wp\/v2\/media\/239225"}],"wp:attachment":[{"href":"https:\/\/www.miomiorun.com\/fr\/wp-json\/wp\/v2\/media?parent=260287"}],"wp:term":[{"taxonomy":"product_brand","embeddable":true,"href":"https:\/\/www.miomiorun.com\/fr\/wp-json\/wp\/v2\/product_brand?post=260287"},{"taxonomy":"product_cat","embeddable":true,"href":"https:\/\/www.miomiorun.com\/fr\/wp-json\/wp\/v2\/product_cat?post=260287"},{"taxonomy":"product_tag","embeddable":true,"href":"https:\/\/www.miomiorun.com\/fr\/wp-json\/wp\/v2\/product_tag?post=260287"}],"curies":[{"name":"wp","href":"https:\/\/api.w.org\/{rel}","templated":true}]}}