{"id":260207,"date":"2021-11-02T16:43:07","date_gmt":"2021-11-02T15:43:07","guid":{"rendered":"https:\/\/miomiorun.com\/prodotto\/uyn-exceleration-shirt-long-sleeve-zip-uomo\/"},"modified":"2025-11-20T12:27:30","modified_gmt":"2025-11-20T11:27:30","slug":"uyn-exceleration-shirt-long-sleeve-zip-homme","status":"publish","type":"product","link":"https:\/\/www.miomiorun.com\/fr\/produit\/uyn-exceleration-shirt-long-sleeve-zip-homme\/","title":{"rendered":"Exceleration Shirt Long Sleeve Zip homme"},"content":{"rendered":"<p id=\"tw-target-text\" class=\"tw-data-text tw-text-large XcVN5d tw-ta\" dir=\"ltr\" data-placeholder=\"Traduzione\">EXCELERATION LONGSLEEVE ZIP pour homme est un maillot thermique cr\u00e9\u00e9 pour r\u00e9pondre aux besoins des coureurs pendant la p\u00e9riode de transition entre l&#8217;automne et l&#8217;hiver, lorsque les temp\u00e9ratures deviennent trop froides pour un maillot d&#8217;\u00e9t\u00e9.<\/p>\n<p dir=\"ltr\" data-placeholder=\"Traduzione\"><strong>Caract\u00e9ristiques :<\/strong><\/p>\n<ul>\n<li dir=\"ltr\" data-placeholder=\"Traduzione\"><span class=\"Y2IQFc\" lang=\"it\">Sa structure est complexe et optimis\u00e9e dans chaque millim\u00e8tre de tissu.<\/span><\/li>\n<li dir=\"ltr\" data-placeholder=\"Traduzione\"><span class=\"Y2IQFc\" lang=\"it\">La surface int\u00e9rieure l\u00e9g\u00e8rement bross\u00e9e garantit une sensation de confort sup\u00e9rieure.<\/span><\/li>\n<li dir=\"ltr\" data-placeholder=\"Traduzione\"><span class=\"Y2IQFc\" lang=\"it\">Au niveau de la poitrine et du dos, la nouvelle technologie Terry Aircell \u00e9vacue la transpiration et cr\u00e9e une couche isolante. <\/span><\/li>\n<li dir=\"ltr\" data-placeholder=\"Traduzione\"><span class=\"Y2IQFc\" lang=\"it\">Le corps est ainsi aid\u00e9 \u00e0 maintenir sa temp\u00e9rature id\u00e9ale pendant la course. <\/span><\/li>\n<li dir=\"ltr\" data-placeholder=\"Traduzione\"><span class=\"Y2IQFc\" lang=\"it\">Les Flexy Ribs au niveau des \u00e9paules augmentent la capacit\u00e9 du tissu \u00e0 s&#8217;adapter aux mouvements des bras et agissent comme des espaceurs : lorsque vous portez une veste, ils cr\u00e9ent un espace entre les deux tissus pour permettre \u00e0 l&#8217;air de circuler. <\/span><\/li>\n<li dir=\"ltr\" data-placeholder=\"Traduzione\"><span class=\"Y2IQFc\" lang=\"it\">Le maillot zipp\u00e9 \u00e0 manches longues Exceleration d&#8217;UYN a une coupe r\u00e9guli\u00e8re, moul\u00e9e autour du corps sans \u00eatre contraignante. <\/span><\/li>\n<li dir=\"ltr\" data-placeholder=\"Traduzione\"><span class=\"Y2IQFc\" lang=\"it\">La version semi-zipp\u00e9e est con\u00e7ue pour \u00eatre port\u00e9e en combinaison avec des sous-v\u00eatements techniques ou une veste de course lorsque le temps est incertain. <\/span><\/li>\n<li dir=\"ltr\" data-placeholder=\"Traduzione\"><span class=\"Y2IQFc\" lang=\"it\">Terry Aircell : thermor\u00e9gulation avanc\u00e9e. <\/span><\/li>\n<li dir=\"ltr\" data-placeholder=\"Traduzione\"><span class=\"Y2IQFc\" lang=\"it\">La technologie Terry Aircell est la nouvelle norme en mati\u00e8re de thermor\u00e9gulation dans les v\u00eatements de sport.<\/span><\/li>\n<li dir=\"ltr\" data-placeholder=\"Traduzione\"><span class=\"Y2IQFc\" lang=\"it\">La structure du tissu a la capacit\u00e9 de retenir l&#8217;air dans des cellules microclimatiques qui cr\u00e9ent une couche isolante suppl\u00e9mentaire contre le froid.<\/span><\/li>\n<li dir=\"ltr\" data-placeholder=\"Traduzione\"><span class=\"Y2IQFc\" lang=\"it\">Gr\u00e2ce \u00e0 la combinaison des fibres, l&#8217;exc\u00e8s de transpiration est rapidement \u00e9vacu\u00e9 vers l&#8217;ext\u00e9rieur. Flexy Ribs : les structures tridimensionnelles parall\u00e8les augmentent la capacit\u00e9 du tissu \u00e0 s&#8217;\u00e9tirer et \u00e0 reprendre sa forme initiale, pour un ajustement optimal. <\/span><\/li>\n<li dir=\"ltr\" data-placeholder=\"Traduzione\"><span class=\"Y2IQFc\" lang=\"it\">Elles servent \u00e9galement d&#8217;espacement lorsqu&#8217;une couche suppl\u00e9mentaire est port\u00e9e, facilitant ainsi la circulation de l&#8217;air entre les deux couches. <\/span><\/li>\n<li dir=\"ltr\" data-placeholder=\"Traduzione\"><span class=\"Y2IQFc\" lang=\"it\">Col montant ergonomique avec demi-fermeture \u00e0 glissi\u00e8re. Poignets avec trous pour les pouces.<\/span><\/li>\n<li dir=\"ltr\" data-placeholder=\"Traduzione\"><span class=\"Y2IQFc\" lang=\"it\">Ourlet \u00e9lastiqu\u00e9 et auto-ajustable.<\/span><\/li>\n<li dir=\"ltr\" data-placeholder=\"Traduzione\"><span class=\"Y2IQFc\" lang=\"it\">Logos r\u00e9fl\u00e9chissants sur les manches et dans le dos pour une meilleure visibilit\u00e9 et une plus grande s\u00e9curit\u00e9 lors de la course \u00e0 pied dans des conditions de faible luminosit\u00e9.<\/span><\/li>\n<\/ul>\n","protected":false},"excerpt":{"rendered":"<p>EXCELERATION LONGSLEEVE ZIP pour homme est un maillot thermique cr\u00e9\u00e9 pour r\u00e9pondre aux besoins des coureurs pendant la p\u00e9riode de transition entre l&#8217;automne et l&#8217;hiver, lorsque les temp\u00e9ratures deviennent trop froides pour un maillot d&#8217;\u00e9t\u00e9. Caract\u00e9ristiques : Sa structure est complexe et optimis\u00e9e dans chaque millim\u00e8tre de tissu. La surface int\u00e9rieure l\u00e9g\u00e8rement bross\u00e9e garantit une &hellip; <a href=\"https:\/\/www.miomiorun.com\/fr\/produit\/uyn-exceleration-shirt-long-sleeve-zip-homme\/\">Continued<\/a><\/p>\n","protected":false},"featured_media":234347,"template":"","meta":{"_acf_changed":false,"inline_featured_image":false},"product_brand":[],"product_cat":[24478,24482,24484],"product_tag":[23526,23550],"class_list":{"0":"post-260207","1":"product","2":"type-product","3":"status-publish","4":"has-post-thumbnail","6":"product_cat-maillots-fr-2","7":"product_cat-vetements-pour-hommes-fr","8":"product_cat-homme","9":"product_tag-uyn-fr","10":"product_tag-uyn-homme","11":"pa_attivita-marcher","12":"pa_attivita-running-fr","13":"pa_colore-exceleration-shirt-long-sl-zip-up-m-black-fr","14":"pa_colore-exceleration-shirt-long-sl-zip-up-m-black-yellow-fluo-fr","15":"pa_marca-uyn-fr","16":"pa_sesso-homme","17":"pa_size-large-fr","18":"pa_size-extra-large-fr","20":"first","21":"instock","22":"sale","23":"taxable","24":"shipping-taxable","25":"purchasable","26":"product-type-variable","27":"wvs-archive-product-wrapper"},"acf":[],"yoast_head":"<!-- This site is optimized with the Yoast SEO plugin v26.8 - https:\/\/yoast.com\/product\/yoast-seo-wordpress\/ -->\n<title>Uyn Exceleration Shirt Long Sleeve Zip homme - Course de Jersey- MioMioRun<\/title>\n<meta name=\"description\" content=\"EXCELERATION LONGSLEEVE ZIP pour homme est un maillot thermique cr\u00e9\u00e9 pour r\u00e9pondre aux besoins des coureurs pendant la p\u00e9riode de transition.\" \/>\n<meta name=\"robots\" content=\"index, follow, max-snippet:-1, max-image-preview:large, max-video-preview:-1\" \/>\n<link rel=\"canonical\" href=\"https:\/\/www.miomiorun.com\/fr\/produit\/uyn-exceleration-shirt-long-sleeve-zip-homme\/\" \/>\n<meta property=\"og:locale\" content=\"fr_FR\" \/>\n<meta property=\"og:type\" content=\"article\" \/>\n<meta property=\"og:title\" content=\"Uyn Exceleration Shirt Long Sleeve Zip homme - Course de Jersey- MioMioRun\" \/>\n<meta property=\"og:description\" content=\"EXCELERATION LONGSLEEVE ZIP pour homme est un maillot thermique cr\u00e9\u00e9 pour r\u00e9pondre aux besoins des coureurs pendant la p\u00e9riode de transition.\" \/>\n<meta property=\"og:url\" content=\"https:\/\/www.miomiorun.com\/fr\/produit\/uyn-exceleration-shirt-long-sleeve-zip-homme\/\" \/>\n<meta property=\"og:site_name\" content=\"MioMioRun\" \/>\n<meta property=\"article:publisher\" content=\"https:\/\/www.facebook.com\/miomiorun\/\" \/>\n<meta property=\"article:modified_time\" content=\"2025-11-20T11:27:30+00:00\" \/>\n<meta property=\"og:image\" content=\"https:\/\/www.miomiorun.com\/app\/uploads\/2021\/11\/uyn-exceleration-shirt-long-sl.zip-up-O102095-93B646.jpg\" \/>\n\t<meta property=\"og:image:width\" content=\"600\" \/>\n\t<meta property=\"og:image:height\" content=\"600\" \/>\n\t<meta property=\"og:image:type\" content=\"image\/jpeg\" \/>\n<meta name=\"twitter:card\" content=\"summary_large_image\" \/>\n<meta name=\"twitter:label1\" content=\"Est. reading time\" \/>\n\t<meta name=\"twitter:data1\" content=\"2 minutes\" \/>\n<script type=\"application\/ld+json\" class=\"yoast-schema-graph\">{\"@context\":\"https:\/\/schema.org\",\"@graph\":[{\"@type\":\"WebPage\",\"@id\":\"https:\/\/www.miomiorun.com\/fr\/produit\/uyn-exceleration-shirt-long-sleeve-zip-homme\/\",\"url\":\"https:\/\/www.miomiorun.com\/fr\/produit\/uyn-exceleration-shirt-long-sleeve-zip-homme\/\",\"name\":\"Uyn Exceleration Shirt Long Sleeve Zip homme - Course de Jersey- MioMioRun\",\"isPartOf\":{\"@id\":\"https:\/\/www.miomiorun.com\/fr\/#website\"},\"primaryImageOfPage\":{\"@id\":\"https:\/\/www.miomiorun.com\/fr\/produit\/uyn-exceleration-shirt-long-sleeve-zip-homme\/#primaryimage\"},\"image\":{\"@id\":\"https:\/\/www.miomiorun.com\/fr\/produit\/uyn-exceleration-shirt-long-sleeve-zip-homme\/#primaryimage\"},\"thumbnailUrl\":\"https:\/\/www.miomiorun.com\/app\/uploads\/2021\/11\/uyn-exceleration-shirt-long-sl.zip-up-O102095-93B646.jpg\",\"datePublished\":\"2021-11-02T15:43:07+00:00\",\"dateModified\":\"2025-11-20T11:27:30+00:00\",\"description\":\"EXCELERATION LONGSLEEVE ZIP pour homme est un maillot thermique cr\u00e9\u00e9 pour r\u00e9pondre aux besoins des coureurs pendant la p\u00e9riode de transition.\",\"breadcrumb\":{\"@id\":\"https:\/\/www.miomiorun.com\/fr\/produit\/uyn-exceleration-shirt-long-sleeve-zip-homme\/#breadcrumb\"},\"inLanguage\":\"fr-FR\",\"potentialAction\":[{\"@type\":\"ReadAction\",\"target\":[\"https:\/\/www.miomiorun.com\/fr\/produit\/uyn-exceleration-shirt-long-sleeve-zip-homme\/\"]}]},{\"@type\":\"ImageObject\",\"inLanguage\":\"fr-FR\",\"@id\":\"https:\/\/www.miomiorun.com\/fr\/produit\/uyn-exceleration-shirt-long-sleeve-zip-homme\/#primaryimage\",\"url\":\"https:\/\/www.miomiorun.com\/app\/uploads\/2021\/11\/uyn-exceleration-shirt-long-sl.zip-up-O102095-93B646.jpg\",\"contentUrl\":\"https:\/\/www.miomiorun.com\/app\/uploads\/2021\/11\/uyn-exceleration-shirt-long-sl.zip-up-O102095-93B646.jpg\",\"width\":600,\"height\":600,\"caption\":\"uyn exceleration shirt long sl.zip up\"},{\"@type\":\"BreadcrumbList\",\"@id\":\"https:\/\/www.miomiorun.com\/fr\/produit\/uyn-exceleration-shirt-long-sleeve-zip-homme\/#breadcrumb\",\"itemListElement\":[{\"@type\":\"ListItem\",\"position\":1,\"name\":\"Home\",\"item\":\"https:\/\/www.miomiorun.com\/fr\/home-page\/\"},{\"@type\":\"ListItem\",\"position\":2,\"name\":\"Shop\",\"item\":\"https:\/\/www.miomiorun.com\/shop\/\"},{\"@type\":\"ListItem\",\"position\":3,\"name\":\"Exceleration Shirt Long Sleeve Zip homme\"}]},{\"@type\":\"WebSite\",\"@id\":\"https:\/\/www.miomiorun.com\/fr\/#website\",\"url\":\"https:\/\/www.miomiorun.com\/fr\/\",\"name\":\"MioMioRun\",\"description\":\"Boutique 100% running et trail\",\"publisher\":{\"@id\":\"https:\/\/www.miomiorun.com\/fr\/#organization\"},\"potentialAction\":[{\"@type\":\"SearchAction\",\"target\":{\"@type\":\"EntryPoint\",\"urlTemplate\":\"https:\/\/www.miomiorun.com\/fr\/?s={search_term_string}\"},\"query-input\":{\"@type\":\"PropertyValueSpecification\",\"valueRequired\":true,\"valueName\":\"search_term_string\"}}],\"inLanguage\":\"fr-FR\"},{\"@type\":\"Organization\",\"@id\":\"https:\/\/www.miomiorun.com\/fr\/#organization\",\"name\":\"MioMio Run\",\"url\":\"https:\/\/www.miomiorun.com\/fr\/\",\"logo\":{\"@type\":\"ImageObject\",\"inLanguage\":\"fr-FR\",\"@id\":\"https:\/\/www.miomiorun.com\/fr\/#\/schema\/logo\/image\/\",\"url\":\"https:\/\/www.miomiorun.com\/app\/uploads\/2019\/12\/logomio.png\",\"contentUrl\":\"https:\/\/www.miomiorun.com\/app\/uploads\/2019\/12\/logomio.png\",\"width\":115,\"height\":82,\"caption\":\"MioMio Run\"},\"image\":{\"@id\":\"https:\/\/www.miomiorun.com\/fr\/#\/schema\/logo\/image\/\"},\"sameAs\":[\"https:\/\/www.facebook.com\/miomiorun\/\",\"https:\/\/www.instagram.com\/miomiorun\/\"]}]}<\/script>\n<!-- \/ Yoast SEO plugin. -->","yoast_head_json":{"title":"Uyn Exceleration Shirt Long Sleeve Zip homme - Course de Jersey- MioMioRun","description":"EXCELERATION LONGSLEEVE ZIP pour homme est un maillot thermique cr\u00e9\u00e9 pour r\u00e9pondre aux besoins des coureurs pendant la p\u00e9riode de transition.","robots":{"index":"index","follow":"follow","max-snippet":"max-snippet:-1","max-image-preview":"max-image-preview:large","max-video-preview":"max-video-preview:-1"},"canonical":"https:\/\/www.miomiorun.com\/fr\/produit\/uyn-exceleration-shirt-long-sleeve-zip-homme\/","og_locale":"fr_FR","og_type":"article","og_title":"Uyn Exceleration Shirt Long Sleeve Zip homme - Course de Jersey- MioMioRun","og_description":"EXCELERATION LONGSLEEVE ZIP pour homme est un maillot thermique cr\u00e9\u00e9 pour r\u00e9pondre aux besoins des coureurs pendant la p\u00e9riode de transition.","og_url":"https:\/\/www.miomiorun.com\/fr\/produit\/uyn-exceleration-shirt-long-sleeve-zip-homme\/","og_site_name":"MioMioRun","article_publisher":"https:\/\/www.facebook.com\/miomiorun\/","article_modified_time":"2025-11-20T11:27:30+00:00","og_image":[{"width":600,"height":600,"url":"https:\/\/www.miomiorun.com\/app\/uploads\/2021\/11\/uyn-exceleration-shirt-long-sl.zip-up-O102095-93B646.jpg","type":"image\/jpeg"}],"twitter_card":"summary_large_image","twitter_misc":{"Est. reading time":"2 minutes"},"schema":{"@context":"https:\/\/schema.org","@graph":[{"@type":"WebPage","@id":"https:\/\/www.miomiorun.com\/fr\/produit\/uyn-exceleration-shirt-long-sleeve-zip-homme\/","url":"https:\/\/www.miomiorun.com\/fr\/produit\/uyn-exceleration-shirt-long-sleeve-zip-homme\/","name":"Uyn Exceleration Shirt Long Sleeve Zip homme - Course de Jersey- MioMioRun","isPartOf":{"@id":"https:\/\/www.miomiorun.com\/fr\/#website"},"primaryImageOfPage":{"@id":"https:\/\/www.miomiorun.com\/fr\/produit\/uyn-exceleration-shirt-long-sleeve-zip-homme\/#primaryimage"},"image":{"@id":"https:\/\/www.miomiorun.com\/fr\/produit\/uyn-exceleration-shirt-long-sleeve-zip-homme\/#primaryimage"},"thumbnailUrl":"https:\/\/www.miomiorun.com\/app\/uploads\/2021\/11\/uyn-exceleration-shirt-long-sl.zip-up-O102095-93B646.jpg","datePublished":"2021-11-02T15:43:07+00:00","dateModified":"2025-11-20T11:27:30+00:00","description":"EXCELERATION LONGSLEEVE ZIP pour homme est un maillot thermique cr\u00e9\u00e9 pour r\u00e9pondre aux besoins des coureurs pendant la p\u00e9riode de transition.","breadcrumb":{"@id":"https:\/\/www.miomiorun.com\/fr\/produit\/uyn-exceleration-shirt-long-sleeve-zip-homme\/#breadcrumb"},"inLanguage":"fr-FR","potentialAction":[{"@type":"ReadAction","target":["https:\/\/www.miomiorun.com\/fr\/produit\/uyn-exceleration-shirt-long-sleeve-zip-homme\/"]}]},{"@type":"ImageObject","inLanguage":"fr-FR","@id":"https:\/\/www.miomiorun.com\/fr\/produit\/uyn-exceleration-shirt-long-sleeve-zip-homme\/#primaryimage","url":"https:\/\/www.miomiorun.com\/app\/uploads\/2021\/11\/uyn-exceleration-shirt-long-sl.zip-up-O102095-93B646.jpg","contentUrl":"https:\/\/www.miomiorun.com\/app\/uploads\/2021\/11\/uyn-exceleration-shirt-long-sl.zip-up-O102095-93B646.jpg","width":600,"height":600,"caption":"uyn exceleration shirt long sl.zip up"},{"@type":"BreadcrumbList","@id":"https:\/\/www.miomiorun.com\/fr\/produit\/uyn-exceleration-shirt-long-sleeve-zip-homme\/#breadcrumb","itemListElement":[{"@type":"ListItem","position":1,"name":"Home","item":"https:\/\/www.miomiorun.com\/fr\/home-page\/"},{"@type":"ListItem","position":2,"name":"Shop","item":"https:\/\/www.miomiorun.com\/shop\/"},{"@type":"ListItem","position":3,"name":"Exceleration Shirt Long Sleeve Zip homme"}]},{"@type":"WebSite","@id":"https:\/\/www.miomiorun.com\/fr\/#website","url":"https:\/\/www.miomiorun.com\/fr\/","name":"MioMioRun","description":"Boutique 100% running et trail","publisher":{"@id":"https:\/\/www.miomiorun.com\/fr\/#organization"},"potentialAction":[{"@type":"SearchAction","target":{"@type":"EntryPoint","urlTemplate":"https:\/\/www.miomiorun.com\/fr\/?s={search_term_string}"},"query-input":{"@type":"PropertyValueSpecification","valueRequired":true,"valueName":"search_term_string"}}],"inLanguage":"fr-FR"},{"@type":"Organization","@id":"https:\/\/www.miomiorun.com\/fr\/#organization","name":"MioMio Run","url":"https:\/\/www.miomiorun.com\/fr\/","logo":{"@type":"ImageObject","inLanguage":"fr-FR","@id":"https:\/\/www.miomiorun.com\/fr\/#\/schema\/logo\/image\/","url":"https:\/\/www.miomiorun.com\/app\/uploads\/2019\/12\/logomio.png","contentUrl":"https:\/\/www.miomiorun.com\/app\/uploads\/2019\/12\/logomio.png","width":115,"height":82,"caption":"MioMio Run"},"image":{"@id":"https:\/\/www.miomiorun.com\/fr\/#\/schema\/logo\/image\/"},"sameAs":["https:\/\/www.facebook.com\/miomiorun\/","https:\/\/www.instagram.com\/miomiorun\/"]}]}},"_links":{"self":[{"href":"https:\/\/www.miomiorun.com\/fr\/wp-json\/wp\/v2\/product\/260207","targetHints":{"allow":["GET"]}}],"collection":[{"href":"https:\/\/www.miomiorun.com\/fr\/wp-json\/wp\/v2\/product"}],"about":[{"href":"https:\/\/www.miomiorun.com\/fr\/wp-json\/wp\/v2\/types\/product"}],"wp:featuredmedia":[{"embeddable":true,"href":"https:\/\/www.miomiorun.com\/fr\/wp-json\/wp\/v2\/media\/234347"}],"wp:attachment":[{"href":"https:\/\/www.miomiorun.com\/fr\/wp-json\/wp\/v2\/media?parent=260207"}],"wp:term":[{"taxonomy":"product_brand","embeddable":true,"href":"https:\/\/www.miomiorun.com\/fr\/wp-json\/wp\/v2\/product_brand?post=260207"},{"taxonomy":"product_cat","embeddable":true,"href":"https:\/\/www.miomiorun.com\/fr\/wp-json\/wp\/v2\/product_cat?post=260207"},{"taxonomy":"product_tag","embeddable":true,"href":"https:\/\/www.miomiorun.com\/fr\/wp-json\/wp\/v2\/product_tag?post=260207"}],"curies":[{"name":"wp","href":"https:\/\/api.w.org\/{rel}","templated":true}]}}