{"id":259840,"date":"2021-06-07T17:36:11","date_gmt":"2021-06-07T15:36:11","guid":{"rendered":"https:\/\/miomiorun.com\/spedizioni-e-resi\/"},"modified":"2026-04-10T10:00:17","modified_gmt":"2026-04-10T08:00:17","slug":"envois-et-retours","status":"publish","type":"page","link":"https:\/\/www.miomiorun.com\/fr\/envois-et-retours\/","title":{"rendered":"Envois et retours"},"content":{"rendered":"<div class=\"vc-row container\"><div class=\"vc-column\"><div class=\"vc-column-text\"><\/p>\n<h2>Frais d&#8217;exp\u00e9dition<\/h2>\n<p>Les frais de port sont factur\u00e9s en fonction du pays de destination, selon le tableau ci-dessous.<\/p>\n<div style=\"overflow-x: auto;\">\n<table class=\"responsive-yes\" border=\"1\">\n<thead>\n<tr>\n<td>NATION<\/td>\n<td>CO\u00dbT D&#8217;EXP\u00c9DITION<\/td>\n<td>GRATUIT \u00c0 PARTIR DE<\/td>\n<td>D\u00c9LAIS DE LIVRAISON<\/td>\n<\/tr>\n<\/thead>\n<tbody>\n<tr>\n<td>AUTRICHE<\/td>\n<td>10\u20ac<\/td>\n<td>100\u20ac<\/td>\n<td>2 &#8211; 4 Jours \u00e0 partir de l&#8217;exp\u00e9dition<\/td>\n<\/tr>\n<tr>\n<td>BELGIQUE<\/td>\n<td>10\u20ac<\/td>\n<td>100\u20ac<\/td>\n<td>2 &#8211; 4 Jours \u00e0 partir de l&#8217;exp\u00e9dition<\/td>\n<\/tr>\n<tr>\n<td>BULGARIE<\/td>\n<td>34\u20ac<\/td>\n<td>340\u20ac<\/td>\n<td>4 &#8211; 6 Jours \u00e0 partir de l&#8217;exp\u00e9dition<\/td>\n<\/tr>\n<tr>\n<td>CHYPRE<\/td>\n<td>34\u20ac<\/td>\n<td>340\u20ac<\/td>\n<td>4 &#8211; 6 Jours \u00e0 partir de l&#8217;exp\u00e9dition<\/td>\n<\/tr>\n<tr>\n<td>CROATIA<\/td>\n<td>18\u20ac<\/td>\n<td>180\u20ac<\/td>\n<td>3 &#8211; 5 jours apr\u00e8s l&#8217;exp\u00e9dition<\/td>\n<\/tr>\n<tr>\n<td>DANEMARK<\/td>\n<td>10\u20ac<\/td>\n<td>100\u20ac<\/td>\n<td>2 &#8211; 4 Jours \u00e0 partir de l&#8217;exp\u00e9dition<\/td>\n<\/tr>\n<tr>\n<td>ESTONIE<\/td>\n<td>18\u20ac<\/td>\n<td>180\u20ac<\/td>\n<td>3 &#8211; 5 Jours \u00e0 partir de l&#8217;exp\u00e9dition<\/td>\n<\/tr>\n<tr>\n<td>FINLANDE<\/td>\n<td>18\u20ac<\/td>\n<td>180\u20ac<\/td>\n<td>3 &#8211; 5 Jours \u00e0 partir de l&#8217;exp\u00e9dition<\/td>\n<\/tr>\n<tr>\n<td>FRANCE<\/td>\n<td>10\u20ac<\/td>\n<td>100\u20ac<\/td>\n<td>2 &#8211; 4 Jours \u00e0 partir de l&#8217;exp\u00e9dition<\/td>\n<\/tr>\n<tr>\n<td>ALLEMAGNE<\/td>\n<td>10\u20ac<\/td>\n<td>100\u20ac<\/td>\n<td>2 &#8211; 4 Jours \u00e0 partir de l&#8217;exp\u00e9dition<\/td>\n<\/tr>\n<tr>\n<td>GRECE<\/td>\n<td>18\u20ac<\/td>\n<td>180\u20ac<\/td>\n<td>3- 5 DD \u00e0 partir de l&#8217;exp\u00e9dition<\/td>\n<\/tr>\n<tr>\n<td>ITALIE<\/td>\n<td>8\u20ac<\/td>\n<td>70\u20ac<\/td>\n<td>24-72h \u00e0 partir de l&#8217;envoi<\/td>\n<\/tr>\n<tr>\n<td>LETTONIE<\/td>\n<td>18\u20ac<\/td>\n<td>180\u20ac<\/td>\n<td>3- 5 DD \u00e0 partir de l&#8217;exp\u00e9dition<\/td>\n<\/tr>\n<tr>\n<td>LITUANIE<\/td>\n<td>18\u20ac<\/td>\n<td>180\u20ac<\/td>\n<td>3 &#8211; 5 Jours \u00e0 partir de l&#8217;exp\u00e9dition<\/td>\n<\/tr>\n<tr>\n<td>LUXEMBOURG<\/td>\n<td>10\u20ac<\/td>\n<td>100\u20ac<\/td>\n<td>2 &#8211; 4 Jours \u00e0 partir de l&#8217;exp\u00e9dition<\/td>\n<\/tr>\n<tr>\n<td>PAYS-BAS<\/td>\n<td>10\u20ac<\/td>\n<td>100\u20ac<\/td>\n<td>2 &#8211; 4 Jours \u00e0 partir de l&#8217;exp\u00e9dition<\/td>\n<\/tr>\n<tr>\n<td>POLOGNE<\/td>\n<td>10\u20ac<\/td>\n<td>100\u20ac<\/td>\n<td>2 &#8211; 4 Jours \u00e0 partir de l&#8217;exp\u00e9dition<\/td>\n<\/tr>\n<tr>\n<td>PORTUGAL<\/td>\n<td>18\u20ac<\/td>\n<td>180\u20ac<\/td>\n<td>3- 5 DD \u00e0 partir de l&#8217;exp\u00e9dition<\/td>\n<\/tr>\n<tr>\n<td>REP. TCH\u00c8QUE R\u00c9PUBLIQUE TCH\u00c8QUE<\/td>\n<td>10\u20ac<\/td>\n<td>100\u20ac<\/td>\n<td>2 &#8211; 4 Jours \u00e0 partir de l&#8217;exp\u00e9dition<\/td>\n<\/tr>\n<tr>\n<td>ROUMANIE<\/td>\n<td>18\u20ac<\/td>\n<td>180\u20ac<\/td>\n<td>3- 5 DD \u00e0 partir de l&#8217;exp\u00e9dition<\/td>\n<\/tr>\n<tr>\n<td>SLOVAQUIE<\/td>\n<td>10\u20ac<\/td>\n<td>100\u20ac<\/td>\n<td>2 &#8211; 4 Jours \u00e0 partir de l&#8217;exp\u00e9dition<\/td>\n<\/tr>\n<tr>\n<td>SLOVENIE<\/td>\n<td>10\u20ac<\/td>\n<td>100\u20ac<\/td>\n<td>2 &#8211; 4 Jours \u00e0 partir de l&#8217;exp\u00e9dition<\/td>\n<\/tr>\n<tr>\n<td>ESPAGNE<\/td>\n<td>10\u20ac<\/td>\n<td>100\u20ac<\/td>\n<td>2 &#8211; 4 Jours \u00e0 partir de l&#8217;exp\u00e9dition<\/td>\n<\/tr>\n<tr>\n<td>SU\u00c8DE<\/td>\n<td>18\u20ac<\/td>\n<td>180\u20ac<\/td>\n<td>3- 5 DD \u00e0 partir de l&#8217;exp\u00e9dition<\/td>\n<\/tr>\n<tr>\n<td>HONGRIE<\/td>\n<td>10\u20ac<\/td>\n<td>100\u20ac<\/td>\n<td>2 &#8211; 4 jours \u00e0 partir de l&#8217;envoi<\/td>\n<\/tr>\n<\/tbody>\n<\/table>\n<\/div>\n<p>Il n&#8217;y a actuellement pas d&#8217;envois vers d&#8217;autres pays pour les achats directs sur notre site web. Il est toutefois possible de demander un devis personnalis\u00e9 pour diff\u00e9rents envois en \u00e9crivant \u00e0 <a href=\"mailto:commerciale@miomiorun.com\">commerciale@miomiorun.com<\/a>.<\/p>\n<p>Tous les achats effectu\u00e9s en contre-remboursement (valable uniquement pour l&#8217;Italie) sont soumis \u00e0 un suppl\u00e9ment de 3 \u20ac quel que soit le montant de la commande.<\/p>\n<p>En fonction de la charge de travail, de la disponibilit\u00e9 effective des produits et du mode de paiement choisi par l&#8217;acheteur, nous nous effor\u00e7ons de traiter toutes les commandes re\u00e7ues dans les meilleurs d\u00e9lais.<\/p>\n<p>Dans des conditions normales, les commandes pass\u00e9es avant 12 heures les jours ouvrables sont exp\u00e9di\u00e9es le jour m\u00eame. Les commandes pay\u00e9es par virement bancaire sont exp\u00e9di\u00e9es le jour de la v\u00e9rification correcte du paiement ou le jour suivant.<\/p>\n<p>Une fois l&#8217;exp\u00e9dition r\u00e9ussie, Desport SRL enverra une notification d&#8217;ach\u00e8vement de la commande.<\/p>\n<p>Tous les envois sont effectu\u00e9s par des courriers express, Desport SRL enverra au client des communications avec le suivi de l&#8217;envoi.<\/p>\n<p>Ces communications sont purement informatives et ne sont en aucun cas contraignantes, car elles sont sujettes \u00e0 des variations, m\u00eame \u00e0 partir de variables qui ne sont pas directement imputables au transporteur.<\/p>\n<p>Les d\u00e9lais moyens de livraison par le transporteur indiqu\u00e9s dans le tableau ci-dessus peuvent varier en fonction de la zone de destination de la marchandise.<\/p>\n<h2>Retours et remplacements<\/h2>\n<p>Les demandes de retour doivent \u00eatre soumises via un portail d\u00e9di\u00e9. Vous pouvez acc\u00e9der \u00e0 ce portail <a href=\"https:\/\/miomiorun.shipping-portal.com\/rp\/\">en cliquant ici<\/a>.<\/p>\n<p>Pour demander un retour, il vous sera demand\u00e9 votre code postal et votre num\u00e9ro de livraison\/commande.<\/p>\n<p>Le consommateur ne peut renvoyer les marchandises qu&#8217;apr\u00e8s avoir obtenu l&#8217;autorisation de Desport SRL. Une fois l&#8217;autorisation obtenue, le consommateur doit emballer les marchandises dans leur emballage d&#8217;origine et remettre le colis au point de collecte s\u00e9lectionn\u00e9. L&#8217;\u00e9change ou le remboursement de la taille est applicable dans les conditions suivantes :<\/p>\n<p>Le produit doit avoir \u00e9t\u00e9 stock\u00e9, manipul\u00e9 et inspect\u00e9 avec une diligence normale et doit \u00eatre retourn\u00e9 intact, complet dans toutes ses parties, en parfait \u00e9tat de fonctionnement, complet avec tous les accessoires et les fiches illustratives, avec les \u00e9tiquettes d&#8217;identification, les \u00e9tiquettes et le sceau jetable, le cas \u00e9ch\u00e9ant, encore attach\u00e9s au produit et intacts et non alt\u00e9r\u00e9s, ainsi que parfaitement adapt\u00e9 \u00e0 l&#8217;utilisation pr\u00e9vue et sans signes d&#8217;usure ou de salet\u00e9.<br \/>\nEn outre, le retour s&#8217;applique au produit dans son int\u00e9gralit\u00e9. Le retour ne peut donc pas \u00eatre exerc\u00e9 pour les pi\u00e8ces et\/ou accessoires du produit. Dans le cas o\u00f9 le code de s\u00e9rie du produit figure sur l&#8217;emballage du produit, il constitue une partie du produit et, par cons\u00e9quent, le produit doit \u00eatre retourn\u00e9 dans son emballage d&#8217;origine, qui doit \u00eatre plac\u00e9 dans un emballage suppl\u00e9mentaire, aucune autre \u00e9tiquette ou bande ne pouvant y \u00eatre appos\u00e9e.<br \/>\nLe mat\u00e9riel doit \u00eatre retourn\u00e9 dans son emballage d&#8217;origine, non endommag\u00e9, qui doit \u00eatre plac\u00e9 dans un emballage suppl\u00e9mentaire, aucune autre \u00e9tiquette ou bande ne pouvant y \u00eatre appos\u00e9e.<br \/>\nLe mat\u00e9riel retourn\u00e9 doit \u00eatre accompagn\u00e9 d&#8217;un document indiquant le num\u00e9ro et la date de la facture du produit.<br \/>\nLes appareils Garmin ne doivent pas avoir \u00e9t\u00e9 allum\u00e9s et enregistr\u00e9s sur les serveurs Garmin (Garmin Connect, Garmin Express, etc.).<\/p>\n<p>En fonction de la disponibilit\u00e9 de l&#8217;entrep\u00f4t, Desport SRL approuvera le changement de taille ou, en cas d&#8217;absence de disponibilit\u00e9, proposera une solution alternative jug\u00e9e appropri\u00e9e en termes de prix et de caract\u00e9ristiques techniques.<\/p>\n<p>Le client doit remettre le colis au point de collecte choisi apr\u00e8s avoir appos\u00e9 l&#8217;\u00e9tiquette, emball\u00e9 dans l&#8217;emballage d&#8217;origine.<\/p>\n<p>D\u00e8s r\u00e9ception du retour et v\u00e9rification de l&#8217;int\u00e9grit\u00e9 du colis, y compris de l&#8217;emballage, Desport SRL exp\u00e9diera l&#8217;article demand\u00e9 ou proc\u00e9dera \u00e0 son remboursement.<\/p>\n<p>Pour chaque commande, le client n&#8217;a droit qu&#8217;\u00e0 un seul changement de taille.<\/p>\n<p>Le changement de taille entra\u00eene la perte du droit de r\u00e9tractation du client.<\/p>\n<p>&nbsp;<\/div><\/div><\/div>\n","protected":false},"excerpt":{"rendered":"","protected":false},"author":3102,"featured_media":0,"parent":0,"menu_order":0,"comment_status":"closed","ping_status":"closed","template":"","meta":{"_acf_changed":false,"inline_featured_image":[],"footnotes":""},"class_list":["post-259840","page","type-page","status-publish","hentry"],"acf":[],"yoast_head":"<!-- This site is optimized with the Yoast SEO plugin v26.8 - https:\/\/yoast.com\/product\/yoast-seo-wordpress\/ -->\n<title>Envois et retours - MioMioRun<\/title>\n<meta name=\"robots\" content=\"index, follow, max-snippet:-1, max-image-preview:large, max-video-preview:-1\" \/>\n<link rel=\"canonical\" href=\"https:\/\/www.miomiorun.com\/fr\/envois-et-retours\/\" \/>\n<meta property=\"og:locale\" content=\"fr_FR\" \/>\n<meta property=\"og:type\" content=\"article\" \/>\n<meta property=\"og:title\" content=\"Envois et retours - MioMioRun\" \/>\n<meta property=\"og:url\" content=\"https:\/\/www.miomiorun.com\/fr\/envois-et-retours\/\" \/>\n<meta property=\"og:site_name\" content=\"MioMioRun\" \/>\n<meta property=\"article:publisher\" content=\"https:\/\/www.facebook.com\/miomiorun\/\" \/>\n<meta property=\"article:modified_time\" content=\"2026-04-10T08:00:17+00:00\" \/>\n<meta name=\"twitter:card\" content=\"summary_large_image\" \/>\n<meta name=\"twitter:label1\" content=\"Est. reading time\" \/>\n\t<meta name=\"twitter:data1\" content=\"5 minutes\" \/>\n<script type=\"application\/ld+json\" class=\"yoast-schema-graph\">{\"@context\":\"https:\/\/schema.org\",\"@graph\":[{\"@type\":\"WebPage\",\"@id\":\"https:\/\/www.miomiorun.com\/fr\/envois-et-retours\/\",\"url\":\"https:\/\/www.miomiorun.com\/fr\/envois-et-retours\/\",\"name\":\"Envois et retours - MioMioRun\",\"isPartOf\":{\"@id\":\"https:\/\/www.miomiorun.com\/fr\/#website\"},\"datePublished\":\"2021-06-07T15:36:11+00:00\",\"dateModified\":\"2026-04-10T08:00:17+00:00\",\"breadcrumb\":{\"@id\":\"https:\/\/www.miomiorun.com\/fr\/envois-et-retours\/#breadcrumb\"},\"inLanguage\":\"fr-FR\",\"potentialAction\":[{\"@type\":\"ReadAction\",\"target\":[\"https:\/\/www.miomiorun.com\/fr\/envois-et-retours\/\"]}]},{\"@type\":\"BreadcrumbList\",\"@id\":\"https:\/\/www.miomiorun.com\/fr\/envois-et-retours\/#breadcrumb\",\"itemListElement\":[{\"@type\":\"ListItem\",\"position\":1,\"name\":\"Home\",\"item\":\"https:\/\/www.miomiorun.com\/fr\/home-page\/\"},{\"@type\":\"ListItem\",\"position\":2,\"name\":\"Envois et retours\"}]},{\"@type\":\"WebSite\",\"@id\":\"https:\/\/www.miomiorun.com\/fr\/#website\",\"url\":\"https:\/\/www.miomiorun.com\/fr\/\",\"name\":\"MioMioRun\",\"description\":\"Boutique 100% running et trail\",\"publisher\":{\"@id\":\"https:\/\/www.miomiorun.com\/fr\/#organization\"},\"potentialAction\":[{\"@type\":\"SearchAction\",\"target\":{\"@type\":\"EntryPoint\",\"urlTemplate\":\"https:\/\/www.miomiorun.com\/fr\/?s={search_term_string}\"},\"query-input\":{\"@type\":\"PropertyValueSpecification\",\"valueRequired\":true,\"valueName\":\"search_term_string\"}}],\"inLanguage\":\"fr-FR\"},{\"@type\":\"Organization\",\"@id\":\"https:\/\/www.miomiorun.com\/fr\/#organization\",\"name\":\"MioMio Run\",\"url\":\"https:\/\/www.miomiorun.com\/fr\/\",\"logo\":{\"@type\":\"ImageObject\",\"inLanguage\":\"fr-FR\",\"@id\":\"https:\/\/www.miomiorun.com\/fr\/#\/schema\/logo\/image\/\",\"url\":\"https:\/\/www.miomiorun.com\/app\/uploads\/2019\/12\/logomio.png\",\"contentUrl\":\"https:\/\/www.miomiorun.com\/app\/uploads\/2019\/12\/logomio.png\",\"width\":115,\"height\":82,\"caption\":\"MioMio Run\"},\"image\":{\"@id\":\"https:\/\/www.miomiorun.com\/fr\/#\/schema\/logo\/image\/\"},\"sameAs\":[\"https:\/\/www.facebook.com\/miomiorun\/\",\"https:\/\/www.instagram.com\/miomiorun\/\"]}]}<\/script>\n<!-- \/ Yoast SEO plugin. -->","yoast_head_json":{"title":"Envois et retours - MioMioRun","robots":{"index":"index","follow":"follow","max-snippet":"max-snippet:-1","max-image-preview":"max-image-preview:large","max-video-preview":"max-video-preview:-1"},"canonical":"https:\/\/www.miomiorun.com\/fr\/envois-et-retours\/","og_locale":"fr_FR","og_type":"article","og_title":"Envois et retours - MioMioRun","og_url":"https:\/\/www.miomiorun.com\/fr\/envois-et-retours\/","og_site_name":"MioMioRun","article_publisher":"https:\/\/www.facebook.com\/miomiorun\/","article_modified_time":"2026-04-10T08:00:17+00:00","twitter_card":"summary_large_image","twitter_misc":{"Est. reading time":"5 minutes"},"schema":{"@context":"https:\/\/schema.org","@graph":[{"@type":"WebPage","@id":"https:\/\/www.miomiorun.com\/fr\/envois-et-retours\/","url":"https:\/\/www.miomiorun.com\/fr\/envois-et-retours\/","name":"Envois et retours - MioMioRun","isPartOf":{"@id":"https:\/\/www.miomiorun.com\/fr\/#website"},"datePublished":"2021-06-07T15:36:11+00:00","dateModified":"2026-04-10T08:00:17+00:00","breadcrumb":{"@id":"https:\/\/www.miomiorun.com\/fr\/envois-et-retours\/#breadcrumb"},"inLanguage":"fr-FR","potentialAction":[{"@type":"ReadAction","target":["https:\/\/www.miomiorun.com\/fr\/envois-et-retours\/"]}]},{"@type":"BreadcrumbList","@id":"https:\/\/www.miomiorun.com\/fr\/envois-et-retours\/#breadcrumb","itemListElement":[{"@type":"ListItem","position":1,"name":"Home","item":"https:\/\/www.miomiorun.com\/fr\/home-page\/"},{"@type":"ListItem","position":2,"name":"Envois et retours"}]},{"@type":"WebSite","@id":"https:\/\/www.miomiorun.com\/fr\/#website","url":"https:\/\/www.miomiorun.com\/fr\/","name":"MioMioRun","description":"Boutique 100% running et trail","publisher":{"@id":"https:\/\/www.miomiorun.com\/fr\/#organization"},"potentialAction":[{"@type":"SearchAction","target":{"@type":"EntryPoint","urlTemplate":"https:\/\/www.miomiorun.com\/fr\/?s={search_term_string}"},"query-input":{"@type":"PropertyValueSpecification","valueRequired":true,"valueName":"search_term_string"}}],"inLanguage":"fr-FR"},{"@type":"Organization","@id":"https:\/\/www.miomiorun.com\/fr\/#organization","name":"MioMio Run","url":"https:\/\/www.miomiorun.com\/fr\/","logo":{"@type":"ImageObject","inLanguage":"fr-FR","@id":"https:\/\/www.miomiorun.com\/fr\/#\/schema\/logo\/image\/","url":"https:\/\/www.miomiorun.com\/app\/uploads\/2019\/12\/logomio.png","contentUrl":"https:\/\/www.miomiorun.com\/app\/uploads\/2019\/12\/logomio.png","width":115,"height":82,"caption":"MioMio Run"},"image":{"@id":"https:\/\/www.miomiorun.com\/fr\/#\/schema\/logo\/image\/"},"sameAs":["https:\/\/www.facebook.com\/miomiorun\/","https:\/\/www.instagram.com\/miomiorun\/"]}]}},"_links":{"self":[{"href":"https:\/\/www.miomiorun.com\/fr\/wp-json\/wp\/v2\/pages\/259840","targetHints":{"allow":["GET"]}}],"collection":[{"href":"https:\/\/www.miomiorun.com\/fr\/wp-json\/wp\/v2\/pages"}],"about":[{"href":"https:\/\/www.miomiorun.com\/fr\/wp-json\/wp\/v2\/types\/page"}],"author":[{"embeddable":true,"href":"https:\/\/www.miomiorun.com\/fr\/wp-json\/wp\/v2\/users\/3102"}],"replies":[{"embeddable":true,"href":"https:\/\/www.miomiorun.com\/fr\/wp-json\/wp\/v2\/comments?post=259840"}],"version-history":[{"count":1,"href":"https:\/\/www.miomiorun.com\/fr\/wp-json\/wp\/v2\/pages\/259840\/revisions"}],"predecessor-version":[{"id":428157,"href":"https:\/\/www.miomiorun.com\/fr\/wp-json\/wp\/v2\/pages\/259840\/revisions\/428157"}],"wp:attachment":[{"href":"https:\/\/www.miomiorun.com\/fr\/wp-json\/wp\/v2\/media?parent=259840"}],"curies":[{"name":"wp","href":"https:\/\/api.w.org\/{rel}","templated":true}]}}