{"id":259833,"date":"2019-11-22T16:02:48","date_gmt":"2019-11-22T15:02:48","guid":{"rendered":"https:\/\/miomiorun.com\/diritto-di-recesso\/"},"modified":"2025-02-28T16:34:52","modified_gmt":"2025-02-28T15:34:52","slug":"droit-a-lessai","status":"publish","type":"page","link":"https:\/\/www.miomiorun.com\/fr\/droit-a-lessai\/","title":{"rendered":"Droit de retrait"},"content":{"rendered":"<p><div class=\"vc-row container\"><div class=\"vc-column\"><\/div><\/div><div class=\"vc-row container\"><div class=\"vc-column\"><div class=\"vc-column-text\">Le <strong>droit de r\u00e9tractation<\/strong> ne peut \u00eatre exerc\u00e9 que pour les contrats de vente de biens ou de services conclus \u00e0 distance, c&#8217;est-\u00e0-dire en dehors des \u00e9tablissements commerciaux, entre un consommateur <em>(1)<\/em> et un professionnel <em>(2),<\/em> et uniquement par le premier vis-\u00e0-vis du second, et non l&#8217;inverse.<\/p>\n<ol>\n<li><em>On entend par consommateur la personne physique agissant \u00e0 des fins \u00e9trang\u00e8res \u00e0 toute activit\u00e9 commerciale ou professionnelle exerc\u00e9e.<\/em><\/li>\n<li><em>Par professionnel, on entend une personne physique ou morale agissant dans l&#8217;exercice de son activit\u00e9 commerciale ou professionnelle.<\/em><\/li>\n<\/ol>\n<p>Le vendeur doit toujours assumer l&#8217;obligation d&#8217;informer le consommateur de son droit de r\u00e9tractation.<br \/>\nLes demandes de retour doivent \u00eatre soumises via un portail d\u00e9di\u00e9. Les demandes de retour doivent \u00eatre introduites <a href=\"https:\/\/miomiorun.shipping-portal.com\/rp\/\">via<\/a> un portail d\u00e9di\u00e9. Vous pouvez \u00eatre dirig\u00e9 vers le portail <a href=\"https:\/\/miomiorun.shipping-portal.com\/rp\/\">en cliquant ici<\/a>.<\/p>\n<p>Pour demander un retour, le code postal et le num\u00e9ro de livraison\/commande vous seront demand\u00e9s.<\/p>\n<p>Le consommateur ne peut retourner les marchandises qu&#8217;apr\u00e8s avoir obtenu l&#8217;autorisation de Desport SRL.<\/p>\n<p>Une fois l&#8217;autorisation obtenue, le consommateur doit emballer les biens dans leur emballage d&#8217;origine et remettre le colis au point de collecte s\u00e9lectionn\u00e9. Le droit de r\u00e9tractation est applicable dans les conditions suivantes :<\/p>\n<ul>\n<li>Le produit a \u00e9t\u00e9 stock\u00e9, manipul\u00e9 et inspect\u00e9 avec une diligence normale et doit \u00eatre retourn\u00e9 intact, complet dans toutes ses parties, enti\u00e8rement fonctionnel, complet avec tous les accessoires et les feuilles d&#8217;illustration, avec les \u00e9tiquettes d&#8217;identification, les \u00e9tiquettes et le sceau jetable, le cas \u00e9ch\u00e9ant, encore attach\u00e9s au produit et intacts et non alt\u00e9r\u00e9s, ainsi que parfaitement adapt\u00e9 \u00e0 l&#8217;usage pr\u00e9vu et exempt de signes d&#8217;usure ou de salet\u00e9.<\/li>\n<\/ul>\n<ul>\n<li>En outre, le droit de r\u00e9tractation s&#8217;applique au produit dans son int\u00e9gralit\u00e9. Le droit de r\u00e9tractation ne peut donc pas \u00eatre exerc\u00e9 pour les pi\u00e8ces et\/ou accessoires du produit. Dans le cas o\u00f9 le code de s\u00e9rie du produit figure sur l&#8217;emballage du produit, il constitue une partie du produit et, par cons\u00e9quent, le produit doit \u00eatre retourn\u00e9 dans son emballage original et intact, qui doit \u00eatre plac\u00e9 dans un emballage suppl\u00e9mentaire, car aucune autre \u00e9tiquette ou bande ne peut y \u00eatre appos\u00e9e.<\/li>\n<li>Le mat\u00e9riel doit \u00eatre retourn\u00e9 dans son emballage d&#8217;origine, non endommag\u00e9, qui doit \u00eatre plac\u00e9 dans un emballage suppl\u00e9mentaire, car aucune autre \u00e9tiquette ou bande ne peut y \u00eatre appos\u00e9e.<\/li>\n<li>Le mat\u00e9riel retourn\u00e9 doit \u00eatre accompagn\u00e9 d&#8217;un document indiquant le num\u00e9ro et la date de la facture du produit.<\/li>\n<li>Les appareils Garmin ne doivent pas avoir \u00e9t\u00e9 allum\u00e9s et enregistr\u00e9s sur les serveurs Garmin (Garmin Connect, Garmin Express, etc.).<\/li>\n<\/ul>\n<p>En fonction de la disponibilit\u00e9 de l&#8217;entrep\u00f4t, Desport SRL approuvera le changement de taille ou, en cas d&#8217;absence de disponibilit\u00e9, proposera une solution alternative jug\u00e9e appropri\u00e9e en termes de prix et de caract\u00e9ristiques techniques.<\/p>\n<p>Le client doit remettre le colis au point de collecte choisi apr\u00e8s avoir appos\u00e9 l&#8217;\u00e9tiquette, emball\u00e9 dans l&#8217;emballage d&#8217;origine.<\/p>\n<p>D\u00e8s que le retour a \u00e9t\u00e9 re\u00e7u et que l&#8217;int\u00e9grit\u00e9 du colis, y compris l&#8217;emballage, a \u00e9t\u00e9 v\u00e9rifi\u00e9e, Desport SRL exp\u00e9die l&#8217;article demand\u00e9 ou proc\u00e8de au remboursement.<\/p>\n<p>Pour chaque commande, le client n&#8217;a droit qu&#8217;\u00e0 un seul changement de taille.<\/p>\n<p>Le changement de taille entra\u00eene la perte du droit de r\u00e9tractation du client.<\/p>\n<p>Si la r\u00e9tractation n&#8217;est pas exerc\u00e9e conform\u00e9ment aux dispositions du droit applicable, elle n&#8217;entra\u00eene pas la r\u00e9siliation du contrat et, par cons\u00e9quent, ne donne droit \u00e0 aucun remboursement. Desport SRL notifiera \u00e0 l&#8217;utilisateur, par courrier \u00e9lectronique, dans les 5 jours ouvrables suivant la r\u00e9ception du produit, le rejet de la demande de r\u00e9tractation. Le produit restera chez Desport SRL \u00e0 la disposition de l&#8217;utilisateur pour l&#8217;enl\u00e8vement, qui doit avoir lieu aux frais et sous la responsabilit\u00e9 de l&#8217;utilisateur.<br \/>\nSi le droit de r\u00e9tractation est exerc\u00e9 conform\u00e9ment aux dispositions, le remboursement des sommes vers\u00e9es sera effectu\u00e9 selon le moyen de paiement utilis\u00e9 par l&#8217;utilisateur ou, dans tous les cas, par virement bancaire, dans les plus brefs d\u00e9lais et, en tout \u00e9tat de cause, dans les 14 jours calendaires suivant la r\u00e9ception de la notification de r\u00e9tractation.<br \/>\nLe droit de r\u00e9tractation est r\u00e9gi par le <strong>D\u00c9CRET L\u00c9GISLATIF 206\/2005<\/strong>.<\/div><\/div><\/div><\/p>\n","protected":false},"excerpt":{"rendered":"","protected":false},"author":3102,"featured_media":0,"parent":0,"menu_order":0,"comment_status":"closed","ping_status":"closed","template":"","meta":{"_acf_changed":false,"inline_featured_image":[],"footnotes":""},"class_list":["post-259833","page","type-page","status-publish","hentry"],"acf":[],"yoast_head":"<!-- This site is optimized with the Yoast SEO plugin v26.8 - https:\/\/yoast.com\/product\/yoast-seo-wordpress\/ -->\n<title>Droit de retrait - MioMioRun<\/title>\n<meta name=\"robots\" content=\"index, follow, max-snippet:-1, max-image-preview:large, max-video-preview:-1\" \/>\n<link rel=\"canonical\" href=\"https:\/\/www.miomiorun.com\/fr\/droit-a-lessai\/\" \/>\n<meta property=\"og:locale\" content=\"fr_FR\" \/>\n<meta property=\"og:type\" content=\"article\" \/>\n<meta property=\"og:title\" content=\"Droit de retrait - MioMioRun\" \/>\n<meta property=\"og:url\" content=\"https:\/\/www.miomiorun.com\/fr\/droit-a-lessai\/\" \/>\n<meta property=\"og:site_name\" content=\"MioMioRun\" \/>\n<meta property=\"article:publisher\" content=\"https:\/\/www.facebook.com\/miomiorun\/\" \/>\n<meta property=\"article:modified_time\" content=\"2025-02-28T15:34:52+00:00\" \/>\n<meta name=\"twitter:card\" content=\"summary_large_image\" \/>\n<meta name=\"twitter:label1\" content=\"Est. reading time\" \/>\n\t<meta name=\"twitter:data1\" content=\"4 minutes\" \/>\n<script type=\"application\/ld+json\" class=\"yoast-schema-graph\">{\"@context\":\"https:\/\/schema.org\",\"@graph\":[{\"@type\":\"WebPage\",\"@id\":\"https:\/\/www.miomiorun.com\/fr\/droit-a-lessai\/\",\"url\":\"https:\/\/www.miomiorun.com\/fr\/droit-a-lessai\/\",\"name\":\"Droit de retrait - MioMioRun\",\"isPartOf\":{\"@id\":\"https:\/\/www.miomiorun.com\/fr\/#website\"},\"datePublished\":\"2019-11-22T15:02:48+00:00\",\"dateModified\":\"2025-02-28T15:34:52+00:00\",\"breadcrumb\":{\"@id\":\"https:\/\/www.miomiorun.com\/fr\/droit-a-lessai\/#breadcrumb\"},\"inLanguage\":\"fr-FR\",\"potentialAction\":[{\"@type\":\"ReadAction\",\"target\":[\"https:\/\/www.miomiorun.com\/fr\/droit-a-lessai\/\"]}]},{\"@type\":\"BreadcrumbList\",\"@id\":\"https:\/\/www.miomiorun.com\/fr\/droit-a-lessai\/#breadcrumb\",\"itemListElement\":[{\"@type\":\"ListItem\",\"position\":1,\"name\":\"Home\",\"item\":\"https:\/\/www.miomiorun.com\/fr\/home-page\/\"},{\"@type\":\"ListItem\",\"position\":2,\"name\":\"Droit de retrait\"}]},{\"@type\":\"WebSite\",\"@id\":\"https:\/\/www.miomiorun.com\/fr\/#website\",\"url\":\"https:\/\/www.miomiorun.com\/fr\/\",\"name\":\"MioMioRun\",\"description\":\"Boutique 100% running et trail\",\"publisher\":{\"@id\":\"https:\/\/www.miomiorun.com\/fr\/#organization\"},\"potentialAction\":[{\"@type\":\"SearchAction\",\"target\":{\"@type\":\"EntryPoint\",\"urlTemplate\":\"https:\/\/www.miomiorun.com\/fr\/?s={search_term_string}\"},\"query-input\":{\"@type\":\"PropertyValueSpecification\",\"valueRequired\":true,\"valueName\":\"search_term_string\"}}],\"inLanguage\":\"fr-FR\"},{\"@type\":\"Organization\",\"@id\":\"https:\/\/www.miomiorun.com\/fr\/#organization\",\"name\":\"MioMio Run\",\"url\":\"https:\/\/www.miomiorun.com\/fr\/\",\"logo\":{\"@type\":\"ImageObject\",\"inLanguage\":\"fr-FR\",\"@id\":\"https:\/\/www.miomiorun.com\/fr\/#\/schema\/logo\/image\/\",\"url\":\"https:\/\/www.miomiorun.com\/app\/uploads\/2019\/12\/logomio.png\",\"contentUrl\":\"https:\/\/www.miomiorun.com\/app\/uploads\/2019\/12\/logomio.png\",\"width\":115,\"height\":82,\"caption\":\"MioMio Run\"},\"image\":{\"@id\":\"https:\/\/www.miomiorun.com\/fr\/#\/schema\/logo\/image\/\"},\"sameAs\":[\"https:\/\/www.facebook.com\/miomiorun\/\",\"https:\/\/www.instagram.com\/miomiorun\/\"]}]}<\/script>\n<!-- \/ Yoast SEO plugin. -->","yoast_head_json":{"title":"Droit de retrait - MioMioRun","robots":{"index":"index","follow":"follow","max-snippet":"max-snippet:-1","max-image-preview":"max-image-preview:large","max-video-preview":"max-video-preview:-1"},"canonical":"https:\/\/www.miomiorun.com\/fr\/droit-a-lessai\/","og_locale":"fr_FR","og_type":"article","og_title":"Droit de retrait - MioMioRun","og_url":"https:\/\/www.miomiorun.com\/fr\/droit-a-lessai\/","og_site_name":"MioMioRun","article_publisher":"https:\/\/www.facebook.com\/miomiorun\/","article_modified_time":"2025-02-28T15:34:52+00:00","twitter_card":"summary_large_image","twitter_misc":{"Est. reading time":"4 minutes"},"schema":{"@context":"https:\/\/schema.org","@graph":[{"@type":"WebPage","@id":"https:\/\/www.miomiorun.com\/fr\/droit-a-lessai\/","url":"https:\/\/www.miomiorun.com\/fr\/droit-a-lessai\/","name":"Droit de retrait - MioMioRun","isPartOf":{"@id":"https:\/\/www.miomiorun.com\/fr\/#website"},"datePublished":"2019-11-22T15:02:48+00:00","dateModified":"2025-02-28T15:34:52+00:00","breadcrumb":{"@id":"https:\/\/www.miomiorun.com\/fr\/droit-a-lessai\/#breadcrumb"},"inLanguage":"fr-FR","potentialAction":[{"@type":"ReadAction","target":["https:\/\/www.miomiorun.com\/fr\/droit-a-lessai\/"]}]},{"@type":"BreadcrumbList","@id":"https:\/\/www.miomiorun.com\/fr\/droit-a-lessai\/#breadcrumb","itemListElement":[{"@type":"ListItem","position":1,"name":"Home","item":"https:\/\/www.miomiorun.com\/fr\/home-page\/"},{"@type":"ListItem","position":2,"name":"Droit de retrait"}]},{"@type":"WebSite","@id":"https:\/\/www.miomiorun.com\/fr\/#website","url":"https:\/\/www.miomiorun.com\/fr\/","name":"MioMioRun","description":"Boutique 100% running et trail","publisher":{"@id":"https:\/\/www.miomiorun.com\/fr\/#organization"},"potentialAction":[{"@type":"SearchAction","target":{"@type":"EntryPoint","urlTemplate":"https:\/\/www.miomiorun.com\/fr\/?s={search_term_string}"},"query-input":{"@type":"PropertyValueSpecification","valueRequired":true,"valueName":"search_term_string"}}],"inLanguage":"fr-FR"},{"@type":"Organization","@id":"https:\/\/www.miomiorun.com\/fr\/#organization","name":"MioMio Run","url":"https:\/\/www.miomiorun.com\/fr\/","logo":{"@type":"ImageObject","inLanguage":"fr-FR","@id":"https:\/\/www.miomiorun.com\/fr\/#\/schema\/logo\/image\/","url":"https:\/\/www.miomiorun.com\/app\/uploads\/2019\/12\/logomio.png","contentUrl":"https:\/\/www.miomiorun.com\/app\/uploads\/2019\/12\/logomio.png","width":115,"height":82,"caption":"MioMio Run"},"image":{"@id":"https:\/\/www.miomiorun.com\/fr\/#\/schema\/logo\/image\/"},"sameAs":["https:\/\/www.facebook.com\/miomiorun\/","https:\/\/www.instagram.com\/miomiorun\/"]}]}},"_links":{"self":[{"href":"https:\/\/www.miomiorun.com\/fr\/wp-json\/wp\/v2\/pages\/259833","targetHints":{"allow":["GET"]}}],"collection":[{"href":"https:\/\/www.miomiorun.com\/fr\/wp-json\/wp\/v2\/pages"}],"about":[{"href":"https:\/\/www.miomiorun.com\/fr\/wp-json\/wp\/v2\/types\/page"}],"author":[{"embeddable":true,"href":"https:\/\/www.miomiorun.com\/fr\/wp-json\/wp\/v2\/users\/3102"}],"replies":[{"embeddable":true,"href":"https:\/\/www.miomiorun.com\/fr\/wp-json\/wp\/v2\/comments?post=259833"}],"version-history":[{"count":0,"href":"https:\/\/www.miomiorun.com\/fr\/wp-json\/wp\/v2\/pages\/259833\/revisions"}],"wp:attachment":[{"href":"https:\/\/www.miomiorun.com\/fr\/wp-json\/wp\/v2\/media?parent=259833"}],"curies":[{"name":"wp","href":"https:\/\/api.w.org\/{rel}","templated":true}]}}