{"id":259823,"date":"2019-12-10T12:43:35","date_gmt":"2019-12-10T11:43:35","guid":{"rendered":"https:\/\/miomiorun.com\/newsletter\/"},"modified":"2025-02-28T16:22:31","modified_gmt":"2025-02-28T15:22:31","slug":"newsletter","status":"publish","type":"page","link":"https:\/\/www.miomiorun.com\/fr\/newsletter\/","title":{"rendered":"Newsletter"},"content":{"rendered":"<div class=\"vc-row container\"><div class=\"vc-column\"><style>\ninput.sib-NOME-area {\n    padding: 0.5278em;\n    background-color: #f1f1f1;\n    border: 2px solid rgba(51,51,51,.1);\n    height: 40px;\n}\ninput.sib-PHONE-area {\n    padding: 0.5278em;\n    background-color: #f1f1f1;\n    border: 2px solid rgba(51,51,51,.1);\n    height: 40px;\n}\n\ninput.sib-email-area {\n    padding: 0.5278em;\n    background-color: #f1f1f1;\n    border: 2px solid rgba(51,51,51,.1);\n    height: 40px;\n}\n\nlabel.sib-NOME-area {\n    color: #777;\n    margin-bottom: -5px;\n    font-size: 14px;\n    font-family: 'Montserrat';\n}\nlabel.sib-PHONE-area {\n    color: #777;\n    margin-bottom: -5px;\n    font-size: 14px;\n    font-family: 'Montserrat';\n}\nlabel.sib-email-area {\n    color: #777;\n    font-size: 14px;\n    font-family: 'Montserrat';\n    margin-bottom: -5px;\n}\n\ndiv#field_c39zl69a17f5383_label {\n    display: none;\n}\nlabel[for=\"field_c39zl69a17f5383-0\"] a {\n    color: #888;\n}\ndiv#sib-default-btn {\n    width: 100%;\n    margin-top: -10px;\n    padding: 9px;\n    text-transform: uppercase;\n}\n\ndiv#frm_field_22_container {\n    margin-bottom: 5px;\n}\n\ndiv#frm_field_21_container {\n    margin-bottom: 5px;\n}\ndiv#frm_field_19_container {\n    margin-bottom: 5px;\n}\ndiv#frm_field_20_container {\n    margin-top: 4px;\n}\n<\/style><div class=\"row\"><div class=\"col\"><div class=\"vc-column-text\">\n\t\t\t\t<script src=\"https:\/\/challenges.cloudflare.com\/turnstile\/v0\/api.js\"><\/script>\n\n\t\t\t\n\t\t\t<form id=\"sib_signup_form_7\" method=\"post\" class=\"sib_signup_form\">\n\t\t\t\t<div class=\"sib_loader\" style=\"display:none;\"><img\n\t\t\t\t\t\t\tsrc=\"https:\/\/www.miomiorun.com\/wp\/wp-includes\/images\/spinner.gif\" alt=\"loader\"><\/div>\n\t\t\t\t<input type=\"hidden\" name=\"sib_form_action\" value=\"subscribe_form_submit\">\n\t\t\t\t<input type=\"hidden\" name=\"sib_form_id\" value=\"7\">\n                <input type=\"hidden\" name=\"sib_form_alert_notice\" value=\"Veuillez remplir ce champ\">\n                <input type=\"hidden\" name=\"sib_form_invalid_email_notice\" value=\"L&#039;adresse \u00e9lectronique n&#039;est pas valide\">\n                <input type=\"hidden\" name=\"sib_security\" value=\"fc46adb2fb\">\n\t\t\t\t<div class=\"sib_signup_box_inside_7\">\n\t\t\t\t\t<div style=\"\/*display:none*\/\" class=\"sib_msg_disp\">\n\t\t\t\t\t<\/div>\n                                            <div id=\"sib_captcha_invisible\" class=\"invi-recaptcha\" data-sitekey=\"\"><\/div>\n                    \t\t\t\t\t<div id=\"cf-turnstile-0x4AAAAAAB2URBnXBt38ozmN\" class=\"cf-turnstile\" data-error-callback=\"errorCallbackForTurnstileErrors\" data-sitekey=\"0x4AAAAAAB2URBnXBt38ozmN\" data-theme=\"auto\"><\/div>\r\n<p class=\"sib-NOME-area\"> \r\n    <label class=\"sib-NOME-area\">Nom*<\/label> \r\n    <input type=\"text\" class=\"sib-NOME-area\" name=\"NOME\" required=\"required\"> \r\n<\/p>\r\n<p class=\"sib-COGNOME-area\"> \r\n    <label class=\"sib-COGNOME-area\">Nom de famille*<\/label> \r\n    <input type=\"text\" class=\"sib-COGNOME-area\" name=\"COGNOME\" required=\"required\"> \r\n<\/p>\r\n<p class=\"sib-email-area\">\r\n    Email*\r\n    <input type=\"email\" class=\"sib-email-area\" name=\"email\" required=\"required\">\r\n<\/p>\r\n\r\n\r\n<p>\r\n    <input type=\"submit\" class=\"sib-default-btn\" value=\"S'abonner\">\r\n<\/p>\r\n<input type=\"checkbox\" name=\"terms\" required=\"required\">J'ai lu et accept\u00e9 la  <a href=\"https:\/\/miomiorun.com\/fr\/politique-de-confidentialite\/\">politique de confidentialit\u00e9<\/a> \t\t\t\t<\/div>\n\t\t\t<\/form>\n\t\t\t<style>\n\t\t\t\tform#sib_signup_form_7 p.sib-alert-message {\n    padding: 6px 12px;\n    margin-bottom: 20px;\n    border: 1px solid transparent;\n    border-radius: 4px;\n    -webkit-box-sizing: border-box;\n    -moz-box-sizing: border-box;\n    box-sizing: border-box;\n}\nform#sib_signup_form_7 p.sib-alert-message-error {\n    background-color: #f2dede;\n    border-color: #ebccd1;\n    color: #a94442;\n}\nform#sib_signup_form_7 p.sib-alert-message-success {\n    background-color: #dff0d8;\n    border-color: #d6e9c6;\n    color: #3c763d;\n}\nform#sib_signup_form_7 p.sib-alert-message-warning {\n    background-color: #fcf8e3;\n    border-color: #faebcc;\n    color: #8a6d3b;\n}\n\t\t\t<\/style>\n\t\t\t<\/div><\/div><div class=\"col\"><\/div><div class=\"col\"><\/div><\/div><\/div><\/div>\n","protected":false},"excerpt":{"rendered":"","protected":false},"author":3102,"featured_media":0,"parent":0,"menu_order":0,"comment_status":"closed","ping_status":"closed","template":"","meta":{"_acf_changed":false,"inline_featured_image":[],"footnotes":""},"class_list":["post-259823","page","type-page","status-publish","hentry"],"acf":[],"yoast_head":"<!-- This site is optimized with the Yoast SEO plugin v26.8 - https:\/\/yoast.com\/product\/yoast-seo-wordpress\/ -->\n<title>Inscrivez-vous d\u00e8s maintenant pour Newsletter et restez inform\u00e9 - MioMioRun<\/title>\n<meta name=\"description\" content=\"Inscrivez-vous \u00e0 la newsletter miomiorun pour rester inform\u00e9 de notre s\u00e9lection de produits sur le sport, la course \u00e0 pied, l&#039;outdoor, la natation...\" \/>\n<meta name=\"robots\" content=\"index, follow, max-snippet:-1, max-image-preview:large, max-video-preview:-1\" \/>\n<link rel=\"canonical\" href=\"https:\/\/www.miomiorun.com\/fr\/newsletter\/\" \/>\n<meta property=\"og:locale\" content=\"fr_FR\" \/>\n<meta property=\"og:type\" content=\"article\" \/>\n<meta property=\"og:title\" content=\"Inscrivez-vous d\u00e8s maintenant pour Newsletter et restez inform\u00e9 - MioMioRun\" \/>\n<meta property=\"og:description\" content=\"Inscrivez-vous \u00e0 la newsletter miomiorun pour rester inform\u00e9 de notre s\u00e9lection de produits sur le sport, la course \u00e0 pied, l&#039;outdoor, la natation...\" \/>\n<meta property=\"og:url\" content=\"https:\/\/www.miomiorun.com\/fr\/newsletter\/\" \/>\n<meta property=\"og:site_name\" content=\"MioMioRun\" \/>\n<meta property=\"article:publisher\" content=\"https:\/\/www.facebook.com\/miomiorun\/\" \/>\n<meta property=\"article:modified_time\" content=\"2025-02-28T15:22:31+00:00\" \/>\n<meta name=\"twitter:card\" content=\"summary_large_image\" \/>\n<meta name=\"twitter:label1\" content=\"Est. reading time\" \/>\n\t<meta name=\"twitter:data1\" content=\"1 minute\" \/>\n<script type=\"application\/ld+json\" class=\"yoast-schema-graph\">{\"@context\":\"https:\/\/schema.org\",\"@graph\":[{\"@type\":\"WebPage\",\"@id\":\"https:\/\/www.miomiorun.com\/fr\/newsletter\/\",\"url\":\"https:\/\/www.miomiorun.com\/fr\/newsletter\/\",\"name\":\"Inscrivez-vous d\u00e8s maintenant pour Newsletter et restez inform\u00e9 - MioMioRun\",\"isPartOf\":{\"@id\":\"https:\/\/www.miomiorun.com\/fr\/#website\"},\"datePublished\":\"2019-12-10T11:43:35+00:00\",\"dateModified\":\"2025-02-28T15:22:31+00:00\",\"description\":\"Inscrivez-vous \u00e0 la newsletter miomiorun pour rester inform\u00e9 de notre s\u00e9lection de produits sur le sport, la course \u00e0 pied, l'outdoor, la natation...\",\"breadcrumb\":{\"@id\":\"https:\/\/www.miomiorun.com\/fr\/newsletter\/#breadcrumb\"},\"inLanguage\":\"fr-FR\",\"potentialAction\":[{\"@type\":\"ReadAction\",\"target\":[\"https:\/\/www.miomiorun.com\/fr\/newsletter\/\"]}]},{\"@type\":\"BreadcrumbList\",\"@id\":\"https:\/\/www.miomiorun.com\/fr\/newsletter\/#breadcrumb\",\"itemListElement\":[{\"@type\":\"ListItem\",\"position\":1,\"name\":\"Home\",\"item\":\"https:\/\/www.miomiorun.com\/fr\/home-page\/\"},{\"@type\":\"ListItem\",\"position\":2,\"name\":\"Newsletter\"}]},{\"@type\":\"WebSite\",\"@id\":\"https:\/\/www.miomiorun.com\/fr\/#website\",\"url\":\"https:\/\/www.miomiorun.com\/fr\/\",\"name\":\"MioMioRun\",\"description\":\"Boutique 100% running et trail\",\"publisher\":{\"@id\":\"https:\/\/www.miomiorun.com\/fr\/#organization\"},\"potentialAction\":[{\"@type\":\"SearchAction\",\"target\":{\"@type\":\"EntryPoint\",\"urlTemplate\":\"https:\/\/www.miomiorun.com\/fr\/?s={search_term_string}\"},\"query-input\":{\"@type\":\"PropertyValueSpecification\",\"valueRequired\":true,\"valueName\":\"search_term_string\"}}],\"inLanguage\":\"fr-FR\"},{\"@type\":\"Organization\",\"@id\":\"https:\/\/www.miomiorun.com\/fr\/#organization\",\"name\":\"MioMio Run\",\"url\":\"https:\/\/www.miomiorun.com\/fr\/\",\"logo\":{\"@type\":\"ImageObject\",\"inLanguage\":\"fr-FR\",\"@id\":\"https:\/\/www.miomiorun.com\/fr\/#\/schema\/logo\/image\/\",\"url\":\"https:\/\/www.miomiorun.com\/app\/uploads\/2019\/12\/logomio.png\",\"contentUrl\":\"https:\/\/www.miomiorun.com\/app\/uploads\/2019\/12\/logomio.png\",\"width\":115,\"height\":82,\"caption\":\"MioMio Run\"},\"image\":{\"@id\":\"https:\/\/www.miomiorun.com\/fr\/#\/schema\/logo\/image\/\"},\"sameAs\":[\"https:\/\/www.facebook.com\/miomiorun\/\",\"https:\/\/www.instagram.com\/miomiorun\/\"]}]}<\/script>\n<!-- \/ Yoast SEO plugin. -->","yoast_head_json":{"title":"Inscrivez-vous d\u00e8s maintenant pour Newsletter et restez inform\u00e9 - MioMioRun","description":"Inscrivez-vous \u00e0 la newsletter miomiorun pour rester inform\u00e9 de notre s\u00e9lection de produits sur le sport, la course \u00e0 pied, l'outdoor, la natation...","robots":{"index":"index","follow":"follow","max-snippet":"max-snippet:-1","max-image-preview":"max-image-preview:large","max-video-preview":"max-video-preview:-1"},"canonical":"https:\/\/www.miomiorun.com\/fr\/newsletter\/","og_locale":"fr_FR","og_type":"article","og_title":"Inscrivez-vous d\u00e8s maintenant pour Newsletter et restez inform\u00e9 - MioMioRun","og_description":"Inscrivez-vous \u00e0 la newsletter miomiorun pour rester inform\u00e9 de notre s\u00e9lection de produits sur le sport, la course \u00e0 pied, l'outdoor, la natation...","og_url":"https:\/\/www.miomiorun.com\/fr\/newsletter\/","og_site_name":"MioMioRun","article_publisher":"https:\/\/www.facebook.com\/miomiorun\/","article_modified_time":"2025-02-28T15:22:31+00:00","twitter_card":"summary_large_image","twitter_misc":{"Est. reading time":"1 minute"},"schema":{"@context":"https:\/\/schema.org","@graph":[{"@type":"WebPage","@id":"https:\/\/www.miomiorun.com\/fr\/newsletter\/","url":"https:\/\/www.miomiorun.com\/fr\/newsletter\/","name":"Inscrivez-vous d\u00e8s maintenant pour Newsletter et restez inform\u00e9 - MioMioRun","isPartOf":{"@id":"https:\/\/www.miomiorun.com\/fr\/#website"},"datePublished":"2019-12-10T11:43:35+00:00","dateModified":"2025-02-28T15:22:31+00:00","description":"Inscrivez-vous \u00e0 la newsletter miomiorun pour rester inform\u00e9 de notre s\u00e9lection de produits sur le sport, la course \u00e0 pied, l'outdoor, la natation...","breadcrumb":{"@id":"https:\/\/www.miomiorun.com\/fr\/newsletter\/#breadcrumb"},"inLanguage":"fr-FR","potentialAction":[{"@type":"ReadAction","target":["https:\/\/www.miomiorun.com\/fr\/newsletter\/"]}]},{"@type":"BreadcrumbList","@id":"https:\/\/www.miomiorun.com\/fr\/newsletter\/#breadcrumb","itemListElement":[{"@type":"ListItem","position":1,"name":"Home","item":"https:\/\/www.miomiorun.com\/fr\/home-page\/"},{"@type":"ListItem","position":2,"name":"Newsletter"}]},{"@type":"WebSite","@id":"https:\/\/www.miomiorun.com\/fr\/#website","url":"https:\/\/www.miomiorun.com\/fr\/","name":"MioMioRun","description":"Boutique 100% running et trail","publisher":{"@id":"https:\/\/www.miomiorun.com\/fr\/#organization"},"potentialAction":[{"@type":"SearchAction","target":{"@type":"EntryPoint","urlTemplate":"https:\/\/www.miomiorun.com\/fr\/?s={search_term_string}"},"query-input":{"@type":"PropertyValueSpecification","valueRequired":true,"valueName":"search_term_string"}}],"inLanguage":"fr-FR"},{"@type":"Organization","@id":"https:\/\/www.miomiorun.com\/fr\/#organization","name":"MioMio Run","url":"https:\/\/www.miomiorun.com\/fr\/","logo":{"@type":"ImageObject","inLanguage":"fr-FR","@id":"https:\/\/www.miomiorun.com\/fr\/#\/schema\/logo\/image\/","url":"https:\/\/www.miomiorun.com\/app\/uploads\/2019\/12\/logomio.png","contentUrl":"https:\/\/www.miomiorun.com\/app\/uploads\/2019\/12\/logomio.png","width":115,"height":82,"caption":"MioMio Run"},"image":{"@id":"https:\/\/www.miomiorun.com\/fr\/#\/schema\/logo\/image\/"},"sameAs":["https:\/\/www.facebook.com\/miomiorun\/","https:\/\/www.instagram.com\/miomiorun\/"]}]}},"_links":{"self":[{"href":"https:\/\/www.miomiorun.com\/fr\/wp-json\/wp\/v2\/pages\/259823","targetHints":{"allow":["GET"]}}],"collection":[{"href":"https:\/\/www.miomiorun.com\/fr\/wp-json\/wp\/v2\/pages"}],"about":[{"href":"https:\/\/www.miomiorun.com\/fr\/wp-json\/wp\/v2\/types\/page"}],"author":[{"embeddable":true,"href":"https:\/\/www.miomiorun.com\/fr\/wp-json\/wp\/v2\/users\/3102"}],"replies":[{"embeddable":true,"href":"https:\/\/www.miomiorun.com\/fr\/wp-json\/wp\/v2\/comments?post=259823"}],"version-history":[{"count":0,"href":"https:\/\/www.miomiorun.com\/fr\/wp-json\/wp\/v2\/pages\/259823\/revisions"}],"wp:attachment":[{"href":"https:\/\/www.miomiorun.com\/fr\/wp-json\/wp\/v2\/media?parent=259823"}],"curies":[{"name":"wp","href":"https:\/\/api.w.org\/{rel}","templated":true}]}}