{"id":259538,"date":"2019-11-21T18:25:06","date_gmt":"2019-11-21T17:25:06","guid":{"rendered":"https:\/\/miomiorun.com\/condizioni-di-vendita\/"},"modified":"2025-02-28T16:53:44","modified_gmt":"2025-02-28T15:53:44","slug":"conditions-de-vente","status":"publish","type":"page","link":"https:\/\/www.miomiorun.com\/fr\/conditions-de-vente\/","title":{"rendered":"Conditions de vente"},"content":{"rendered":"<p><div class=\"vc-row container\"><div class=\"vc-column\"><\/div><\/div><div class=\"vc-row container\"><div class=\"vc-column\"><div class=\"vc-column-text\"><\/p>\n<h3>Toute commande pass\u00e9e vaut acceptation expresse des r\u00e8gles et conditions de vente indiqu\u00e9es.<br \/>\nLes produits seront livr\u00e9s sur l&#8217;ensemble du territoire national par transporteur.<\/h3>\n<p>&nbsp;<\/p>\n<p>&nbsp;<\/p>\n<h2>Modifications de la commande<\/h2>\n<p>Afin d&#8217;\u00e9viter les divergences, toutes les demandes de modification des commandes non factur\u00e9es doivent \u00e9galement toujours \u00eatre formul\u00e9es par \u00e9crit (courriel) et non verbalement. La modification ne peut \u00eatre garantie en cas de d\u00e9calage entre la lecture et la r\u00e9ception.<\/p>\n<p>&nbsp;<\/p>\n<h2>Fiches techniques des produits<\/h2>\n<p>La fiche technique et les images d&#8217;un produit peuvent ne pas \u00eatre compl\u00e8tes et exhaustives de ses caract\u00e9ristiques. Les informations techniques figurant sur le site reproduisent fid\u00e8lement celles des fabricants des produits figurant dans le catalogue. Desport SRL se r\u00e9serve le droit de modifier les informations techniques des produits pour les adapter \u00e0 celles fournies par les fabricants, sans qu&#8217;aucun pr\u00e9avis ne soit n\u00e9cessaire. Il est entendu que les images accompagnant la description d&#8217;un produit peuvent ne pas \u00eatre parfaitement repr\u00e9sentatives de ses caract\u00e9ristiques. Toutes les informations relatives \u00e0 l&#8217;aide \u00e0 l&#8217;achat sont consid\u00e9r\u00e9es comme un simple mat\u00e9riel d&#8217;information g\u00e9n\u00e9rique, ne se r\u00e9f\u00e9rant pas aux caract\u00e9ristiques r\u00e9elles de chaque produit individuel.<br \/>\nPour plus d&#8217;informations : e-mail : <a href=\"mailto:commerciale@miomiorun.com\" target=\"_blank\" rel=\"noopener noreferrer\">commerciale@miomiorun.com<\/a><\/p>\n<p>&nbsp;<\/p>\n<h2>Disponibilit\u00e9 des produits<\/h2>\n<p>Le libell\u00e9 disponible au moment de l&#8217;affichage du produit est purement indicatif de la possibilit\u00e9 d&#8217;achats multiples en m\u00eame temps par plusieurs utilisateurs ou de surstockage.<br \/>\nPour cette raison, Desport SRL se r\u00e9serve le droit de v\u00e9rifier la disponibilit\u00e9 des marchandises et, \u00e0 d\u00e9faut, de notifier rapidement la non-acceptation de la commande envoy\u00e9e.<br \/>\nAucune responsabilit\u00e9 ne peut \u00eatre imput\u00e9e \u00e0 Desport SRL.<br \/>\nLa bonne r\u00e9ception de la commande sera confirm\u00e9e par Desport SRL au moyen d&#8217;une r\u00e9ponse par e-mail, envoy\u00e9e \u00e0 l&#8217;adresse e-mail communiqu\u00e9e par le client, une confirmation de commande avec toutes les informations n\u00e9cessaires \u00e0 l&#8217;identification du vendeur et que le client devra conserver.<br \/>\nCe message de confirmation reproduira toutes les donn\u00e9es saisies par le client, qui s&#8217;engage \u00e0 en v\u00e9rifier l&#8217;exactitude et \u00e0 communiquer rapidement les \u00e9ventuelles corrections.<br \/>\nEn passant commande sur le site www.miomiorun.com, le client d\u00e9clare avoir pris connaissance des conditions g\u00e9n\u00e9rales de vente, des modalit\u00e9s de paiement propos\u00e9es et de l&#8217;ensemble de la proc\u00e9dure d&#8217;achat.<\/p>\n<h2>Envois et retours<\/h2>\n<p>Pour les frais et d\u00e9lais d&#8217;exp\u00e9dition, les modalit\u00e9s de retour pour \u00e9change de taille ou remboursement, veuillez consulter la page correspondante en cliquant <a href=\"https:\/\/miomiorun.com\/fr\/envois-et-retours\/\">ici<\/a>.<\/p>\n<h2>Paiements<\/h2>\n<p>Tous les paiements des commandes sont effectu\u00e9s \u00e0 l&#8217;avance lors de la livraison des marchandises.<\/p>\n<p>En cas de paiement par PayPal, carte de cr\u00e9dit ou contre remboursement, la commande est imm\u00e9diatement exp\u00e9di\u00e9e.<\/p>\n<p>En cas de paiement par virement bancaire, le vendeur se r\u00e9serve le droit d&#8217;attendre que le montant d\u00fb soit cr\u00e9dit\u00e9 avant de proc\u00e9der \u00e0 l&#8217;exp\u00e9dition.<\/p>\n<p>&nbsp;<\/p>\n<h2>Garantie l\u00e9gale<\/h2>\n<p>L&#8217;acheteur b\u00e9n\u00e9ficie d&#8217;une garantie l\u00e9gale de 24 mois sur les produits achet\u00e9s sur www.miomiorun.com.<\/p>\n<p>La garantie s&#8217;applique uniquement et exclusivement aux d\u00e9fauts et\/ou dysfonctionnements \u00e9vidents imputables \u00e0 la fabrication.<\/p>\n<p>Sont exclus de la garantie les dommages et\/ou d\u00e9fauts directement imputables au client et, en tout \u00e9tat de cause, non directement imputables \u00e0 des d\u00e9fauts de fabrication.<\/p>\n<p>Sont \u00e9galement exclus de la garantie, tous les accessoires et les \u00e9quipements facilement d\u00e9gradables (par exemple, les semelles de chaussures, les sangles et les c\u00e2bles de chargement pour les appareils \u00e9lectroniques, etc.) ), \u00e0 moins que le vendeur et\/ou le fabricant n&#8217;en reconnaissent directement la responsabilit\u00e9.<\/p>\n<p>Dans certains cas, le client peut \u00eatre redirig\u00e9 par le vendeur directement vers le fabricant.<\/p>\n<h2>Responsabilit\u00e9<\/h2>\n<p>De Sport SRL n&#8217;est pas responsable des inefficacit\u00e9s imputables \u00e0 des cas de force majeure de quelque nature que ce soit, si elle n&#8217;est pas en mesure d&#8217;ex\u00e9cuter le contrat dans les d\u00e9lais convenus.<br \/>\nDe Sport SRL n&#8217;est pas responsable des dommages, pertes et frais r\u00e9sultant de l&#8217;inex\u00e9cution du contrat pour quelque raison que ce soit, l&#8217;acheteur n&#8217;ayant droit qu&#8217;au remboursement int\u00e9gral du prix pay\u00e9.<br \/>\nEn cas de publication d&#8217;un prix incorrect et\/ou manifestement d\u00e9risoire, pour quelque raison que ce soit (erreur dans nos syst\u00e8mes, erreur humaine, etc.), la commande sera annul\u00e9e, m\u00eame en cas de validation initiale.<\/p>\n<p>&nbsp;<\/p>\n<h2>Obligations de l&#8217;acheteur<\/h2>\n<p>L&#8217;Acheteur s&#8217;engage et est oblig\u00e9, une fois la proc\u00e9dure d&#8217;achat en ligne termin\u00e9e, de lire les conditions de vente.<br \/>\nLes informations contenues dans les pr\u00e9sentes conditions de vente ont en outre d\u00e9j\u00e0 \u00e9t\u00e9 consult\u00e9es et accept\u00e9es dans la mesure o\u00f9 cette \u00e9tape est rendue obligatoire avant la confirmation de l&#8217;achat, afin de respecter pleinement la condition \u00e9nonc\u00e9e aux articles 52 et 53 du d\u00e9cret l\u00e9gislatif 206\/2005.<\/p>\n<p>&nbsp;<\/p>\n<h2>Les litiges<\/h2>\n<p>L&#8217;acheteur et Desport SRL conviennent que tout litige relatif \u00e0 l&#8217;application, \u00e0 l&#8217;ex\u00e9cution, \u00e0 l&#8217;interpr\u00e9tation et \u00e0 la rupture du contrat d&#8217;achat stipul\u00e9 en ligne \u00e0 travers le site web miomiorun.com sera soumis \u00e0 la juridiction italienne et r\u00e9gi par la loi italienne.<br \/>\nSi l&#8217;acheteur est un consommateur<br \/>\nLe tribunal du domicile de l&#8217;acheteur, s&#8217;il est situ\u00e9 sur le territoire italien, est comp\u00e9tent pour tout litige entre les parties en relation avec le pr\u00e9sent contrat.<br \/>\nSi le domicile et la r\u00e9sidence de l&#8217;acheteur ne sont pas situ\u00e9s sur le territoire italien, le tribunal comp\u00e9tent est celui choisi par la partie qui intente l&#8217;action, toujours sur le territoire italien.<br \/>\n* Conform\u00e9ment au d\u00e9cret l\u00e9gislatif 206\/2005, on entend par \u00ab consommateur \u00bb la personne physique qui [&#8230;] agit \u00e0 des fins qui ne sont pas li\u00e9es \u00e0 une activit\u00e9 professionnelle exerc\u00e9e.<br \/>\nSi l&#8217;acheteur n&#8217;est pas un consommateur et ne correspond pas \u00e0 la d\u00e9finition du d\u00e9cret l\u00e9gislatif 206\/2005.<br \/>\nTous les litiges d\u00e9coulant de l&#8217;interpr\u00e9tation et de l&#8217;ex\u00e9cution du pr\u00e9sent contrat seront soumis exclusivement au tribunal de Tr\u00e9vise (TV).<\/p>\n<p>&nbsp;<\/p>\n<h2>Heures de service<\/h2>\n<p>Le service est disponible du mardi au samedi, aux heures suivantes : 09.30 &#8211; 12.30 15.30 &#8211; 19.30<br \/>\nPour plus d&#8217;informations : e-mail : <a href=\"mailto:commerciale@miomiorun.com\" target=\"_blank\" rel=\"noopener noreferrer\">commerciale@miomiorun.com<\/a><\/div><\/div><\/div><div class=\"vc-row container\"><div class=\"vc-column\"><hr class=\"vc-separator\"><\/div><\/div><\/p>\n","protected":false},"excerpt":{"rendered":"","protected":false},"author":3102,"featured_media":0,"parent":0,"menu_order":0,"comment_status":"closed","ping_status":"closed","template":"","meta":{"_acf_changed":false,"inline_featured_image":[],"footnotes":""},"class_list":["post-259538","page","type-page","status-publish","hentry"],"acf":[],"yoast_head":"<!-- This site is optimized with the Yoast SEO plugin v26.8 - https:\/\/yoast.com\/product\/yoast-seo-wordpress\/ -->\n<title>Conditions de vente - MioMioRun<\/title>\n<meta name=\"robots\" content=\"index, follow, max-snippet:-1, max-image-preview:large, max-video-preview:-1\" \/>\n<link rel=\"canonical\" href=\"https:\/\/www.miomiorun.com\/fr\/conditions-de-vente\/\" \/>\n<meta property=\"og:locale\" content=\"fr_FR\" \/>\n<meta property=\"og:type\" content=\"article\" \/>\n<meta property=\"og:title\" content=\"Conditions de vente - MioMioRun\" \/>\n<meta property=\"og:url\" content=\"https:\/\/www.miomiorun.com\/fr\/conditions-de-vente\/\" \/>\n<meta property=\"og:site_name\" content=\"MioMioRun\" \/>\n<meta property=\"article:publisher\" content=\"https:\/\/www.facebook.com\/miomiorun\/\" \/>\n<meta property=\"article:modified_time\" content=\"2025-02-28T15:53:44+00:00\" \/>\n<meta name=\"twitter:card\" content=\"summary_large_image\" \/>\n<meta name=\"twitter:label1\" content=\"Est. reading time\" \/>\n\t<meta name=\"twitter:data1\" content=\"5 minutes\" \/>\n<script type=\"application\/ld+json\" class=\"yoast-schema-graph\">{\"@context\":\"https:\/\/schema.org\",\"@graph\":[{\"@type\":\"WebPage\",\"@id\":\"https:\/\/www.miomiorun.com\/fr\/conditions-de-vente\/\",\"url\":\"https:\/\/www.miomiorun.com\/fr\/conditions-de-vente\/\",\"name\":\"Conditions de vente - MioMioRun\",\"isPartOf\":{\"@id\":\"https:\/\/www.miomiorun.com\/fr\/#website\"},\"datePublished\":\"2019-11-21T17:25:06+00:00\",\"dateModified\":\"2025-02-28T15:53:44+00:00\",\"breadcrumb\":{\"@id\":\"https:\/\/www.miomiorun.com\/fr\/conditions-de-vente\/#breadcrumb\"},\"inLanguage\":\"fr-FR\",\"potentialAction\":[{\"@type\":\"ReadAction\",\"target\":[\"https:\/\/www.miomiorun.com\/fr\/conditions-de-vente\/\"]}]},{\"@type\":\"BreadcrumbList\",\"@id\":\"https:\/\/www.miomiorun.com\/fr\/conditions-de-vente\/#breadcrumb\",\"itemListElement\":[{\"@type\":\"ListItem\",\"position\":1,\"name\":\"Home\",\"item\":\"https:\/\/www.miomiorun.com\/fr\/home-page\/\"},{\"@type\":\"ListItem\",\"position\":2,\"name\":\"Conditions de vente\"}]},{\"@type\":\"WebSite\",\"@id\":\"https:\/\/www.miomiorun.com\/fr\/#website\",\"url\":\"https:\/\/www.miomiorun.com\/fr\/\",\"name\":\"MioMioRun\",\"description\":\"Boutique 100% running et trail\",\"publisher\":{\"@id\":\"https:\/\/www.miomiorun.com\/fr\/#organization\"},\"potentialAction\":[{\"@type\":\"SearchAction\",\"target\":{\"@type\":\"EntryPoint\",\"urlTemplate\":\"https:\/\/www.miomiorun.com\/fr\/?s={search_term_string}\"},\"query-input\":{\"@type\":\"PropertyValueSpecification\",\"valueRequired\":true,\"valueName\":\"search_term_string\"}}],\"inLanguage\":\"fr-FR\"},{\"@type\":\"Organization\",\"@id\":\"https:\/\/www.miomiorun.com\/fr\/#organization\",\"name\":\"MioMio Run\",\"url\":\"https:\/\/www.miomiorun.com\/fr\/\",\"logo\":{\"@type\":\"ImageObject\",\"inLanguage\":\"fr-FR\",\"@id\":\"https:\/\/www.miomiorun.com\/fr\/#\/schema\/logo\/image\/\",\"url\":\"https:\/\/www.miomiorun.com\/app\/uploads\/2019\/12\/logomio.png\",\"contentUrl\":\"https:\/\/www.miomiorun.com\/app\/uploads\/2019\/12\/logomio.png\",\"width\":115,\"height\":82,\"caption\":\"MioMio Run\"},\"image\":{\"@id\":\"https:\/\/www.miomiorun.com\/fr\/#\/schema\/logo\/image\/\"},\"sameAs\":[\"https:\/\/www.facebook.com\/miomiorun\/\",\"https:\/\/www.instagram.com\/miomiorun\/\"]}]}<\/script>\n<!-- \/ Yoast SEO plugin. -->","yoast_head_json":{"title":"Conditions de vente - MioMioRun","robots":{"index":"index","follow":"follow","max-snippet":"max-snippet:-1","max-image-preview":"max-image-preview:large","max-video-preview":"max-video-preview:-1"},"canonical":"https:\/\/www.miomiorun.com\/fr\/conditions-de-vente\/","og_locale":"fr_FR","og_type":"article","og_title":"Conditions de vente - MioMioRun","og_url":"https:\/\/www.miomiorun.com\/fr\/conditions-de-vente\/","og_site_name":"MioMioRun","article_publisher":"https:\/\/www.facebook.com\/miomiorun\/","article_modified_time":"2025-02-28T15:53:44+00:00","twitter_card":"summary_large_image","twitter_misc":{"Est. reading time":"5 minutes"},"schema":{"@context":"https:\/\/schema.org","@graph":[{"@type":"WebPage","@id":"https:\/\/www.miomiorun.com\/fr\/conditions-de-vente\/","url":"https:\/\/www.miomiorun.com\/fr\/conditions-de-vente\/","name":"Conditions de vente - MioMioRun","isPartOf":{"@id":"https:\/\/www.miomiorun.com\/fr\/#website"},"datePublished":"2019-11-21T17:25:06+00:00","dateModified":"2025-02-28T15:53:44+00:00","breadcrumb":{"@id":"https:\/\/www.miomiorun.com\/fr\/conditions-de-vente\/#breadcrumb"},"inLanguage":"fr-FR","potentialAction":[{"@type":"ReadAction","target":["https:\/\/www.miomiorun.com\/fr\/conditions-de-vente\/"]}]},{"@type":"BreadcrumbList","@id":"https:\/\/www.miomiorun.com\/fr\/conditions-de-vente\/#breadcrumb","itemListElement":[{"@type":"ListItem","position":1,"name":"Home","item":"https:\/\/www.miomiorun.com\/fr\/home-page\/"},{"@type":"ListItem","position":2,"name":"Conditions de vente"}]},{"@type":"WebSite","@id":"https:\/\/www.miomiorun.com\/fr\/#website","url":"https:\/\/www.miomiorun.com\/fr\/","name":"MioMioRun","description":"Boutique 100% running et trail","publisher":{"@id":"https:\/\/www.miomiorun.com\/fr\/#organization"},"potentialAction":[{"@type":"SearchAction","target":{"@type":"EntryPoint","urlTemplate":"https:\/\/www.miomiorun.com\/fr\/?s={search_term_string}"},"query-input":{"@type":"PropertyValueSpecification","valueRequired":true,"valueName":"search_term_string"}}],"inLanguage":"fr-FR"},{"@type":"Organization","@id":"https:\/\/www.miomiorun.com\/fr\/#organization","name":"MioMio Run","url":"https:\/\/www.miomiorun.com\/fr\/","logo":{"@type":"ImageObject","inLanguage":"fr-FR","@id":"https:\/\/www.miomiorun.com\/fr\/#\/schema\/logo\/image\/","url":"https:\/\/www.miomiorun.com\/app\/uploads\/2019\/12\/logomio.png","contentUrl":"https:\/\/www.miomiorun.com\/app\/uploads\/2019\/12\/logomio.png","width":115,"height":82,"caption":"MioMio Run"},"image":{"@id":"https:\/\/www.miomiorun.com\/fr\/#\/schema\/logo\/image\/"},"sameAs":["https:\/\/www.facebook.com\/miomiorun\/","https:\/\/www.instagram.com\/miomiorun\/"]}]}},"_links":{"self":[{"href":"https:\/\/www.miomiorun.com\/fr\/wp-json\/wp\/v2\/pages\/259538","targetHints":{"allow":["GET"]}}],"collection":[{"href":"https:\/\/www.miomiorun.com\/fr\/wp-json\/wp\/v2\/pages"}],"about":[{"href":"https:\/\/www.miomiorun.com\/fr\/wp-json\/wp\/v2\/types\/page"}],"author":[{"embeddable":true,"href":"https:\/\/www.miomiorun.com\/fr\/wp-json\/wp\/v2\/users\/3102"}],"replies":[{"embeddable":true,"href":"https:\/\/www.miomiorun.com\/fr\/wp-json\/wp\/v2\/comments?post=259538"}],"version-history":[{"count":0,"href":"https:\/\/www.miomiorun.com\/fr\/wp-json\/wp\/v2\/pages\/259538\/revisions"}],"wp:attachment":[{"href":"https:\/\/www.miomiorun.com\/fr\/wp-json\/wp\/v2\/media?parent=259538"}],"curies":[{"name":"wp","href":"https:\/\/api.w.org\/{rel}","templated":true}]}}