{"id":259531,"date":"2021-11-15T18:15:17","date_gmt":"2021-11-15T17:15:17","guid":{"rendered":"https:\/\/miomiorun.com\/come-utilizzare-una-gift-card\/"},"modified":"2025-02-27T17:17:17","modified_gmt":"2025-02-27T16:17:17","slug":"comment-utiliser-une-carte-cadeau","status":"publish","type":"page","link":"https:\/\/www.miomiorun.com\/fr\/comment-utiliser-une-carte-cadeau\/","title":{"rendered":"Comment utiliser une carte-cadeau"},"content":{"rendered":"<p><div class=\"vc-row container\"><div class=\"vc-column\"><div class=\"vc-column-text\"><\/p>\n<div class=\"page-header text-center\">\n<h2>Vous avez re\u00e7u une carte-cadeau ?<\/h2>\n<\/div>\n<div class=\"left_cont\">\n<h3>Nous vous en f\u00e9licitons !<\/h3>\n<p>Vous pouvez maintenant choisir vos cadeaux dans la boutique en ligne MioMioRun.com et les recevoir confortablement chez vous gr\u00e2ce \u00e0 un service de livraison tr\u00e8s rapide. Choisissez les produits dont vous avez toujours r\u00eav\u00e9 et utilisez votre carte cadeau pour compl\u00e9ter votre achat.<\/p>\n<h3>Quelques \u00e9tapes simples :<\/h3>\n<p>Ajoutez tous les produits que vous souhaitez recevoir \u00e0 votre panier, en vous assurant que le montant total est \u00e9gal ou sup\u00e9rieur au montant de votre carte cadeau.<\/p>\n<p>Saisissez le code de votre carte cadeau dans l&#8217;espace pr\u00e9vu \u00e0 cet effet dans la section de paiement de la page d&#8217;achat et terminez votre achat, vous pouvez payer tout montant exc\u00e9dentaire en utilisant le mode de paiement de votre choix.<\/p>\n<h3>Et en magasin ?<\/h3>\n<p>Vous \u00eates \u00e0 proximit\u00e9 d&#8217;un de nos magasins et vous pr\u00e9f\u00e9rez toucher les produits que vous souhaitez acheter ?<\/p>\n<p>Aucun probl\u00e8me ! Imprimez l&#8217;e-mail que vous avez re\u00e7u avec le code de la carte-cadeau et apportez-le au magasin. Vous pourrez acheter vos articles en utilisant la valeur de la Carte Cadeau et ne payer que la diff\u00e9rence.<\/p>\n<\/div>\n<p style=\"font-size: 10px;\">CONDITIONS G\u00c9N\u00c9RALES D&#8217;UTILISATION &#8211; Les cartes-cadeaux de MioMioRun.com ne peuvent \u00eatre utilis\u00e9es que sur MioMioRun.com ou dans nos boutiques. &#8211; Les cartes cadeaux ne peuvent pas \u00eatre combin\u00e9es avec d&#8217;autres codes promotionnels. &#8211; Les cartes-cadeaux ne peuvent pas \u00eatre utilis\u00e9es pour acheter d&#8217;autres cartes-cadeaux. &#8211; MioMioRun.com peut fournir \u00e0 l&#8217;acheteur des informations concernant l&#8217;utilisation de la Carte Cadeau. &#8211; MioMioRun.com n&#8217;est pas responsable des cartes-cadeaux perdues, \u00e9gar\u00e9es ou vol\u00e9es.<\/p>\n<p><\/div><\/div><\/div><div class=\"vc-row container\"><div class=\"vc-column\"><a href=\"\/fr\/shop\/\" class=\"vc-btn btn btn-primary\">Commencer \u00e0 acheter<\/a><\/div><\/div><\/p>\n","protected":false},"excerpt":{"rendered":"","protected":false},"author":3102,"featured_media":0,"parent":0,"menu_order":0,"comment_status":"closed","ping_status":"closed","template":"","meta":{"_acf_changed":false,"inline_featured_image":[],"footnotes":""},"class_list":["post-259531","page","type-page","status-publish","hentry"],"acf":[],"yoast_head":"<!-- This site is optimized with the Yoast SEO plugin v26.8 - https:\/\/yoast.com\/product\/yoast-seo-wordpress\/ -->\n<title>Comment utiliser une carte-cadeau - MioMioRun<\/title>\n<meta name=\"description\" content=\"D\u00e9couvrez comment utiliser une carte-cadeau MioMioRun.com et l&#039;\u00e9changer contre les produits de course \u00e0 pied dont vous avez toujours r\u00eav\u00e9.\" \/>\n<meta name=\"robots\" content=\"index, follow, max-snippet:-1, max-image-preview:large, max-video-preview:-1\" \/>\n<link rel=\"canonical\" href=\"https:\/\/www.miomiorun.com\/fr\/comment-utiliser-une-carte-cadeau\/\" \/>\n<meta property=\"og:locale\" content=\"fr_FR\" \/>\n<meta property=\"og:type\" content=\"article\" \/>\n<meta property=\"og:title\" content=\"Comment utiliser une carte-cadeau - MioMioRun\" \/>\n<meta property=\"og:description\" content=\"D\u00e9couvrez comment utiliser une carte-cadeau MioMioRun.com et l&#039;\u00e9changer contre les produits de course \u00e0 pied dont vous avez toujours r\u00eav\u00e9.\" \/>\n<meta property=\"og:url\" content=\"https:\/\/www.miomiorun.com\/fr\/comment-utiliser-une-carte-cadeau\/\" \/>\n<meta property=\"og:site_name\" content=\"MioMioRun\" \/>\n<meta property=\"article:publisher\" content=\"https:\/\/www.facebook.com\/miomiorun\/\" \/>\n<meta property=\"article:modified_time\" content=\"2025-02-27T16:17:17+00:00\" \/>\n<meta name=\"twitter:card\" content=\"summary_large_image\" \/>\n<meta name=\"twitter:label1\" content=\"Est. reading time\" \/>\n\t<meta name=\"twitter:data1\" content=\"2 minutes\" \/>\n<script type=\"application\/ld+json\" class=\"yoast-schema-graph\">{\"@context\":\"https:\/\/schema.org\",\"@graph\":[{\"@type\":\"WebPage\",\"@id\":\"https:\/\/www.miomiorun.com\/fr\/comment-utiliser-une-carte-cadeau\/\",\"url\":\"https:\/\/www.miomiorun.com\/fr\/comment-utiliser-une-carte-cadeau\/\",\"name\":\"Comment utiliser une carte-cadeau - MioMioRun\",\"isPartOf\":{\"@id\":\"https:\/\/www.miomiorun.com\/fr\/#website\"},\"datePublished\":\"2021-11-15T17:15:17+00:00\",\"dateModified\":\"2025-02-27T16:17:17+00:00\",\"description\":\"D\u00e9couvrez comment utiliser une carte-cadeau MioMioRun.com et l'\u00e9changer contre les produits de course \u00e0 pied dont vous avez toujours r\u00eav\u00e9.\",\"breadcrumb\":{\"@id\":\"https:\/\/www.miomiorun.com\/fr\/comment-utiliser-une-carte-cadeau\/#breadcrumb\"},\"inLanguage\":\"fr-FR\",\"potentialAction\":[{\"@type\":\"ReadAction\",\"target\":[\"https:\/\/www.miomiorun.com\/fr\/comment-utiliser-une-carte-cadeau\/\"]}]},{\"@type\":\"BreadcrumbList\",\"@id\":\"https:\/\/www.miomiorun.com\/fr\/comment-utiliser-une-carte-cadeau\/#breadcrumb\",\"itemListElement\":[{\"@type\":\"ListItem\",\"position\":1,\"name\":\"Home\",\"item\":\"https:\/\/www.miomiorun.com\/fr\/home-page\/\"},{\"@type\":\"ListItem\",\"position\":2,\"name\":\"Comment utiliser une carte-cadeau\"}]},{\"@type\":\"WebSite\",\"@id\":\"https:\/\/www.miomiorun.com\/fr\/#website\",\"url\":\"https:\/\/www.miomiorun.com\/fr\/\",\"name\":\"MioMioRun\",\"description\":\"Boutique 100% running et trail\",\"publisher\":{\"@id\":\"https:\/\/www.miomiorun.com\/fr\/#organization\"},\"potentialAction\":[{\"@type\":\"SearchAction\",\"target\":{\"@type\":\"EntryPoint\",\"urlTemplate\":\"https:\/\/www.miomiorun.com\/fr\/?s={search_term_string}\"},\"query-input\":{\"@type\":\"PropertyValueSpecification\",\"valueRequired\":true,\"valueName\":\"search_term_string\"}}],\"inLanguage\":\"fr-FR\"},{\"@type\":\"Organization\",\"@id\":\"https:\/\/www.miomiorun.com\/fr\/#organization\",\"name\":\"MioMio Run\",\"url\":\"https:\/\/www.miomiorun.com\/fr\/\",\"logo\":{\"@type\":\"ImageObject\",\"inLanguage\":\"fr-FR\",\"@id\":\"https:\/\/www.miomiorun.com\/fr\/#\/schema\/logo\/image\/\",\"url\":\"https:\/\/www.miomiorun.com\/app\/uploads\/2019\/12\/logomio.png\",\"contentUrl\":\"https:\/\/www.miomiorun.com\/app\/uploads\/2019\/12\/logomio.png\",\"width\":115,\"height\":82,\"caption\":\"MioMio Run\"},\"image\":{\"@id\":\"https:\/\/www.miomiorun.com\/fr\/#\/schema\/logo\/image\/\"},\"sameAs\":[\"https:\/\/www.facebook.com\/miomiorun\/\",\"https:\/\/www.instagram.com\/miomiorun\/\"]}]}<\/script>\n<!-- \/ Yoast SEO plugin. -->","yoast_head_json":{"title":"Comment utiliser une carte-cadeau - MioMioRun","description":"D\u00e9couvrez comment utiliser une carte-cadeau MioMioRun.com et l'\u00e9changer contre les produits de course \u00e0 pied dont vous avez toujours r\u00eav\u00e9.","robots":{"index":"index","follow":"follow","max-snippet":"max-snippet:-1","max-image-preview":"max-image-preview:large","max-video-preview":"max-video-preview:-1"},"canonical":"https:\/\/www.miomiorun.com\/fr\/comment-utiliser-une-carte-cadeau\/","og_locale":"fr_FR","og_type":"article","og_title":"Comment utiliser une carte-cadeau - MioMioRun","og_description":"D\u00e9couvrez comment utiliser une carte-cadeau MioMioRun.com et l'\u00e9changer contre les produits de course \u00e0 pied dont vous avez toujours r\u00eav\u00e9.","og_url":"https:\/\/www.miomiorun.com\/fr\/comment-utiliser-une-carte-cadeau\/","og_site_name":"MioMioRun","article_publisher":"https:\/\/www.facebook.com\/miomiorun\/","article_modified_time":"2025-02-27T16:17:17+00:00","twitter_card":"summary_large_image","twitter_misc":{"Est. reading time":"2 minutes"},"schema":{"@context":"https:\/\/schema.org","@graph":[{"@type":"WebPage","@id":"https:\/\/www.miomiorun.com\/fr\/comment-utiliser-une-carte-cadeau\/","url":"https:\/\/www.miomiorun.com\/fr\/comment-utiliser-une-carte-cadeau\/","name":"Comment utiliser une carte-cadeau - MioMioRun","isPartOf":{"@id":"https:\/\/www.miomiorun.com\/fr\/#website"},"datePublished":"2021-11-15T17:15:17+00:00","dateModified":"2025-02-27T16:17:17+00:00","description":"D\u00e9couvrez comment utiliser une carte-cadeau MioMioRun.com et l'\u00e9changer contre les produits de course \u00e0 pied dont vous avez toujours r\u00eav\u00e9.","breadcrumb":{"@id":"https:\/\/www.miomiorun.com\/fr\/comment-utiliser-une-carte-cadeau\/#breadcrumb"},"inLanguage":"fr-FR","potentialAction":[{"@type":"ReadAction","target":["https:\/\/www.miomiorun.com\/fr\/comment-utiliser-une-carte-cadeau\/"]}]},{"@type":"BreadcrumbList","@id":"https:\/\/www.miomiorun.com\/fr\/comment-utiliser-une-carte-cadeau\/#breadcrumb","itemListElement":[{"@type":"ListItem","position":1,"name":"Home","item":"https:\/\/www.miomiorun.com\/fr\/home-page\/"},{"@type":"ListItem","position":2,"name":"Comment utiliser une carte-cadeau"}]},{"@type":"WebSite","@id":"https:\/\/www.miomiorun.com\/fr\/#website","url":"https:\/\/www.miomiorun.com\/fr\/","name":"MioMioRun","description":"Boutique 100% running et trail","publisher":{"@id":"https:\/\/www.miomiorun.com\/fr\/#organization"},"potentialAction":[{"@type":"SearchAction","target":{"@type":"EntryPoint","urlTemplate":"https:\/\/www.miomiorun.com\/fr\/?s={search_term_string}"},"query-input":{"@type":"PropertyValueSpecification","valueRequired":true,"valueName":"search_term_string"}}],"inLanguage":"fr-FR"},{"@type":"Organization","@id":"https:\/\/www.miomiorun.com\/fr\/#organization","name":"MioMio Run","url":"https:\/\/www.miomiorun.com\/fr\/","logo":{"@type":"ImageObject","inLanguage":"fr-FR","@id":"https:\/\/www.miomiorun.com\/fr\/#\/schema\/logo\/image\/","url":"https:\/\/www.miomiorun.com\/app\/uploads\/2019\/12\/logomio.png","contentUrl":"https:\/\/www.miomiorun.com\/app\/uploads\/2019\/12\/logomio.png","width":115,"height":82,"caption":"MioMio Run"},"image":{"@id":"https:\/\/www.miomiorun.com\/fr\/#\/schema\/logo\/image\/"},"sameAs":["https:\/\/www.facebook.com\/miomiorun\/","https:\/\/www.instagram.com\/miomiorun\/"]}]}},"_links":{"self":[{"href":"https:\/\/www.miomiorun.com\/fr\/wp-json\/wp\/v2\/pages\/259531","targetHints":{"allow":["GET"]}}],"collection":[{"href":"https:\/\/www.miomiorun.com\/fr\/wp-json\/wp\/v2\/pages"}],"about":[{"href":"https:\/\/www.miomiorun.com\/fr\/wp-json\/wp\/v2\/types\/page"}],"author":[{"embeddable":true,"href":"https:\/\/www.miomiorun.com\/fr\/wp-json\/wp\/v2\/users\/3102"}],"replies":[{"embeddable":true,"href":"https:\/\/www.miomiorun.com\/fr\/wp-json\/wp\/v2\/comments?post=259531"}],"version-history":[{"count":0,"href":"https:\/\/www.miomiorun.com\/fr\/wp-json\/wp\/v2\/pages\/259531\/revisions"}],"wp:attachment":[{"href":"https:\/\/www.miomiorun.com\/fr\/wp-json\/wp\/v2\/media?parent=259531"}],"curies":[{"name":"wp","href":"https:\/\/api.w.org\/{rel}","templated":true}]}}