{"id":259506,"date":"2016-06-13T15:48:45","date_gmt":"2016-06-13T13:48:45","guid":{"rendered":"https:\/\/miomiorun.com\/il-negozio-di-san-vendemiano\/"},"modified":"2025-02-27T16:52:28","modified_gmt":"2025-02-27T15:52:28","slug":"magasin-de-san-vendemiano","status":"publish","type":"page","link":"https:\/\/www.miomiorun.com\/fr\/magasin-de-san-vendemiano\/","title":{"rendered":"Magasin de San Vendemiano"},"content":{"rendered":"<p><div class=\"vc-row container\"><div class=\"vc-column\"><iframe src=\"https:\/\/www.google.com\/maps\/embed?pb=!4v1687948533692!6m8!1m7!1sCAoSLEFGMVFpcE02bHRpMFViWThrSmxCNWpESHF1TnB5N0szVzdTWlVRb0lzYy1Q!2m2!1d45.891088488849!2d12.325689600416!3f315.19782418912814!4f-15.933438664817231!5f0.7820865974627469\" width=\"600\" height=\"450\" style=\"border:0;\" allowfullscreen=\"\" loading=\"lazy\" referrerpolicy=\"no-referrer-when-downgrade\"><\/iframe><img loading=\"lazy\" decoding=\"async\" width=\"1494\" height=\"1080\" src=\"https:\/\/www.miomiorun.com\/app\/uploads\/2023\/06\/parete-scarpe.jpg\" class=\"vc-single-image  wvs-archive-product-image\" alt=\"parete-scarpe\" srcset=\"https:\/\/www.miomiorun.com\/app\/uploads\/2023\/06\/parete-scarpe.jpg 1494w, https:\/\/www.miomiorun.com\/app\/uploads\/2023\/06\/parete-scarpe-600x434.jpg 600w, https:\/\/www.miomiorun.com\/app\/uploads\/2023\/06\/parete-scarpe-300x217.jpg 300w, https:\/\/www.miomiorun.com\/app\/uploads\/2023\/06\/parete-scarpe-1024x740.jpg 1024w, https:\/\/www.miomiorun.com\/app\/uploads\/2023\/06\/parete-scarpe-768x555.jpg 768w, https:\/\/www.miomiorun.com\/app\/uploads\/2023\/06\/parete-scarpe-640x463.jpg 640w, https:\/\/www.miomiorun.com\/app\/uploads\/2023\/06\/parete-scarpe-400x289.jpg 400w\" sizes=\"auto, (max-width: 1494px) 100vw, 1494px\" \/><img loading=\"lazy\" decoding=\"async\" width=\"1920\" height=\"1080\" src=\"https:\/\/www.miomiorun.com\/app\/uploads\/2023\/06\/interno.2.jpg\" class=\"vc-single-image  wvs-archive-product-image\" alt=\"interno.2\" srcset=\"https:\/\/www.miomiorun.com\/app\/uploads\/2023\/06\/interno.2.jpg 1920w, https:\/\/www.miomiorun.com\/app\/uploads\/2023\/06\/interno.2-600x338.jpg 600w, https:\/\/www.miomiorun.com\/app\/uploads\/2023\/06\/interno.2-300x169.jpg 300w, https:\/\/www.miomiorun.com\/app\/uploads\/2023\/06\/interno.2-1024x576.jpg 1024w, https:\/\/www.miomiorun.com\/app\/uploads\/2023\/06\/interno.2-768x432.jpg 768w, https:\/\/www.miomiorun.com\/app\/uploads\/2023\/06\/interno.2-1536x864.jpg 1536w, https:\/\/www.miomiorun.com\/app\/uploads\/2023\/06\/interno.2-640x360.jpg 640w, https:\/\/www.miomiorun.com\/app\/uploads\/2023\/06\/interno.2-400x225.jpg 400w\" sizes=\"auto, (max-width: 1920px) 100vw, 1920px\" \/><\/div><div class=\"vc-column\"><div class=\"vc-column-text\"><\/p>\n<h2>QUI SOMMES-NOUS<\/h2>\n<p>\u00c9tablis en 2015 \u00e0 Conegliano, anim\u00e9s par notre passion pour la course \u00e0 pied, nous avons imm\u00e9diatement cherch\u00e9 \u00e0 nous proposer comme un magasin de r\u00e9f\u00e9rence pour tous les coureurs de la r\u00e9gion et au-del\u00e0.<\/p>\n<p>Apr\u00e8s presque 4 ans, le &#8220;premier&#8221; point de vente \u00e9tait devenu un peu trop \u00e9troit pour la client\u00e8le acquise.<br \/>\nFin 2018, nous avons d\u00e9cid\u00e9 de d\u00e9m\u00e9nager dans un environnement plus grand et plus accueillant pour offrir un service meilleur et plus complet \u00e0 nos clients.<br \/>\nD\u00e9but 2019, nous avons inaugur\u00e9 nos nouveaux locaux avec 140 m\u00e8tres carr\u00e9s de surface.<br \/>\n\u00c0 l&#8217;int\u00e9rieur, le premier Garmin Shop en Italie o\u00f9 vous pouvez trouver toute la gamme de produits d\u00e9di\u00e9s aux sportifs.<\/p>\n<p>En mars 2023, nouveau d\u00e9m\u00e9nagement. \u00c0 la recherche d&#8217;un nouvel espace plus grand et plus accueillant pour nos clients, nous avons d\u00e9m\u00e9nag\u00e9 dans de nouveaux locaux \u00e0 San Vendemiano avec pr\u00e8s de 300 m\u00e8tres carr\u00e9s de surface de vente.<\/p>\n<p>Les dimensions du nouveau magasin nous ont permis de mieux subdiviser les cat\u00e9gories de chaussures en fonction des besoins du client : en effet, vous pouvez trouver la chaussure de course technique, la chaussure de trail et la chaussure de jogging\/marche dans les diff\u00e9rentes sections cr\u00e9\u00e9es sp\u00e9cialement pour offrir une pr\u00e9sentation claire et rapide.<br \/>\nNotre objectif est d&#8217;offrir aux passionn\u00e9s et aux athl\u00e8tes un point de r\u00e9f\u00e9rence pour les aider \u00e0 pratiquer leur sport de mani\u00e8re optimale. Nous sommes constamment \u00e0 la recherche de marques originales, de qualit\u00e9, qui se d\u00e9marquent et qui ont le sens de l&#8217;esth\u00e9tique.<\/p>\n<p>Nous testons personnellement les diff\u00e9rents mod\u00e8les de chaussures et de v\u00eatements, en essayant d&#8217;offrir le meilleur service possible \u00e0 nos clients, en recherchant des produits de qualit\u00e9 et une pr\u00e9paration technique afin de proposer \u00e0 chacun l&#8217;article qui r\u00e9pond le mieux \u00e0 ses besoins.<\/div><\/div><\/div><div class=\"vc-row container\"><div class=\"vc-column\"><div class=\"vc-gallery\"><img loading=\"lazy\" decoding=\"async\" width=\"1494\" height=\"1080\" src=\"https:\/\/www.miomiorun.com\/app\/uploads\/2023\/06\/parete-scarpe.jpg\" class=\"attachment-1180x500 size-1180x500 wvs-archive-product-image\" alt=\"parete-scarpe\" srcset=\"https:\/\/www.miomiorun.com\/app\/uploads\/2023\/06\/parete-scarpe.jpg 1494w, https:\/\/www.miomiorun.com\/app\/uploads\/2023\/06\/parete-scarpe-600x434.jpg 600w, https:\/\/www.miomiorun.com\/app\/uploads\/2023\/06\/parete-scarpe-300x217.jpg 300w, https:\/\/www.miomiorun.com\/app\/uploads\/2023\/06\/parete-scarpe-1024x740.jpg 1024w, https:\/\/www.miomiorun.com\/app\/uploads\/2023\/06\/parete-scarpe-768x555.jpg 768w, https:\/\/www.miomiorun.com\/app\/uploads\/2023\/06\/parete-scarpe-640x463.jpg 640w, https:\/\/www.miomiorun.com\/app\/uploads\/2023\/06\/parete-scarpe-400x289.jpg 400w\" sizes=\"auto, (max-width: 1494px) 100vw, 1494px\" \/><img loading=\"lazy\" decoding=\"async\" width=\"1376\" height=\"1080\" src=\"https:\/\/www.miomiorun.com\/app\/uploads\/2023\/06\/interno.jpg\" class=\"attachment-1180x500 size-1180x500 wvs-archive-product-image\" alt=\"interno\" srcset=\"https:\/\/www.miomiorun.com\/app\/uploads\/2023\/06\/interno.jpg 1376w, https:\/\/www.miomiorun.com\/app\/uploads\/2023\/06\/interno-600x471.jpg 600w, https:\/\/www.miomiorun.com\/app\/uploads\/2023\/06\/interno-300x235.jpg 300w, https:\/\/www.miomiorun.com\/app\/uploads\/2023\/06\/interno-1024x804.jpg 1024w, https:\/\/www.miomiorun.com\/app\/uploads\/2023\/06\/interno-768x603.jpg 768w, https:\/\/www.miomiorun.com\/app\/uploads\/2023\/06\/interno-640x502.jpg 640w, https:\/\/www.miomiorun.com\/app\/uploads\/2023\/06\/interno-400x314.jpg 400w\" sizes=\"auto, (max-width: 1376px) 100vw, 1376px\" \/><img loading=\"lazy\" decoding=\"async\" width=\"1920\" height=\"1080\" src=\"https:\/\/www.miomiorun.com\/app\/uploads\/2023\/06\/interno.2.jpg\" class=\"attachment-1180x500 size-1180x500 wvs-archive-product-image\" alt=\"interno.2\" srcset=\"https:\/\/www.miomiorun.com\/app\/uploads\/2023\/06\/interno.2.jpg 1920w, https:\/\/www.miomiorun.com\/app\/uploads\/2023\/06\/interno.2-600x338.jpg 600w, https:\/\/www.miomiorun.com\/app\/uploads\/2023\/06\/interno.2-300x169.jpg 300w, https:\/\/www.miomiorun.com\/app\/uploads\/2023\/06\/interno.2-1024x576.jpg 1024w, https:\/\/www.miomiorun.com\/app\/uploads\/2023\/06\/interno.2-768x432.jpg 768w, https:\/\/www.miomiorun.com\/app\/uploads\/2023\/06\/interno.2-1536x864.jpg 1536w, https:\/\/www.miomiorun.com\/app\/uploads\/2023\/06\/interno.2-640x360.jpg 640w, https:\/\/www.miomiorun.com\/app\/uploads\/2023\/06\/interno.2-400x225.jpg 400w\" sizes=\"auto, (max-width: 1920px) 100vw, 1920px\" \/><img loading=\"lazy\" decoding=\"async\" width=\"1093\" height=\"902\" src=\"https:\/\/www.miomiorun.com\/app\/uploads\/2023\/06\/esterno.2.jpg\" class=\"attachment-1180x500 size-1180x500 wvs-archive-product-image\" alt=\"esterno.2\" srcset=\"https:\/\/www.miomiorun.com\/app\/uploads\/2023\/06\/esterno.2.jpg 1093w, https:\/\/www.miomiorun.com\/app\/uploads\/2023\/06\/esterno.2-600x495.jpg 600w, https:\/\/www.miomiorun.com\/app\/uploads\/2023\/06\/esterno.2-300x248.jpg 300w, https:\/\/www.miomiorun.com\/app\/uploads\/2023\/06\/esterno.2-1024x845.jpg 1024w, https:\/\/www.miomiorun.com\/app\/uploads\/2023\/06\/esterno.2-768x634.jpg 768w, https:\/\/www.miomiorun.com\/app\/uploads\/2023\/06\/esterno.2-640x528.jpg 640w, https:\/\/www.miomiorun.com\/app\/uploads\/2023\/06\/esterno.2-400x330.jpg 400w\" sizes=\"auto, (max-width: 1093px) 100vw, 1093px\" \/><\/div><\/div><\/div><div class=\"vc-row container\"><div class=\"vc-column\"><div class=\"row\"><div class=\"col-md-12\"><\/div><\/div><\/div><div class=\"vc-column\"><div class=\"row\"><div class=\"col-md-12\"><\/div><\/div><\/div><\/div><\/p>\n","protected":false},"excerpt":{"rendered":"","protected":false},"author":3102,"featured_media":0,"parent":0,"menu_order":0,"comment_status":"closed","ping_status":"closed","template":"","meta":{"_acf_changed":false,"inline_featured_image":[],"footnotes":""},"class_list":["post-259506","page","type-page","status-publish","hentry"],"acf":[],"yoast_head":"<!-- This site is optimized with the Yoast SEO plugin v26.8 - https:\/\/yoast.com\/product\/yoast-seo-wordpress\/ -->\n<title>D\u00e9couvrir Magasin de San Vendemiano - MioMioRun .com<\/title>\n<meta name=\"description\" content=\"Dans notre magasin de San Vendemiano, nous testons \u00e9galement personnellement les chaussures et les v\u00eatements, afin de vous offrir le meilleur service possible.\" \/>\n<meta name=\"robots\" content=\"index, follow, max-snippet:-1, max-image-preview:large, max-video-preview:-1\" \/>\n<link rel=\"canonical\" href=\"https:\/\/www.miomiorun.com\/fr\/magasin-de-san-vendemiano\/\" \/>\n<meta property=\"og:locale\" content=\"fr_FR\" \/>\n<meta property=\"og:type\" content=\"article\" \/>\n<meta property=\"og:title\" content=\"D\u00e9couvrir Magasin de San Vendemiano - MioMioRun .com\" \/>\n<meta property=\"og:description\" content=\"Dans notre magasin de San Vendemiano, nous testons \u00e9galement personnellement les chaussures et les v\u00eatements, afin de vous offrir le meilleur service possible.\" \/>\n<meta property=\"og:url\" content=\"https:\/\/www.miomiorun.com\/fr\/magasin-de-san-vendemiano\/\" \/>\n<meta property=\"og:site_name\" content=\"MioMioRun\" \/>\n<meta property=\"article:publisher\" content=\"https:\/\/www.facebook.com\/miomiorun\/\" \/>\n<meta property=\"article:modified_time\" content=\"2025-02-27T15:52:28+00:00\" \/>\n<meta name=\"twitter:card\" content=\"summary_large_image\" \/>\n<meta name=\"twitter:label1\" content=\"Est. reading time\" \/>\n\t<meta name=\"twitter:data1\" content=\"3 minutes\" \/>\n<script type=\"application\/ld+json\" class=\"yoast-schema-graph\">{\"@context\":\"https:\/\/schema.org\",\"@graph\":[{\"@type\":\"WebPage\",\"@id\":\"https:\/\/www.miomiorun.com\/fr\/magasin-de-san-vendemiano\/\",\"url\":\"https:\/\/www.miomiorun.com\/fr\/magasin-de-san-vendemiano\/\",\"name\":\"D\u00e9couvrir Magasin de San Vendemiano - MioMioRun .com\",\"isPartOf\":{\"@id\":\"https:\/\/www.miomiorun.com\/fr\/#website\"},\"datePublished\":\"2016-06-13T13:48:45+00:00\",\"dateModified\":\"2025-02-27T15:52:28+00:00\",\"description\":\"Dans notre magasin de San Vendemiano, nous testons \u00e9galement personnellement les chaussures et les v\u00eatements, afin de vous offrir le meilleur service possible.\",\"breadcrumb\":{\"@id\":\"https:\/\/www.miomiorun.com\/fr\/magasin-de-san-vendemiano\/#breadcrumb\"},\"inLanguage\":\"fr-FR\",\"potentialAction\":[{\"@type\":\"ReadAction\",\"target\":[\"https:\/\/www.miomiorun.com\/fr\/magasin-de-san-vendemiano\/\"]}]},{\"@type\":\"BreadcrumbList\",\"@id\":\"https:\/\/www.miomiorun.com\/fr\/magasin-de-san-vendemiano\/#breadcrumb\",\"itemListElement\":[{\"@type\":\"ListItem\",\"position\":1,\"name\":\"Home\",\"item\":\"https:\/\/www.miomiorun.com\/fr\/home-page\/\"},{\"@type\":\"ListItem\",\"position\":2,\"name\":\"Magasin de San Vendemiano\"}]},{\"@type\":\"WebSite\",\"@id\":\"https:\/\/www.miomiorun.com\/fr\/#website\",\"url\":\"https:\/\/www.miomiorun.com\/fr\/\",\"name\":\"MioMioRun\",\"description\":\"Boutique 100% running et trail\",\"publisher\":{\"@id\":\"https:\/\/www.miomiorun.com\/fr\/#organization\"},\"potentialAction\":[{\"@type\":\"SearchAction\",\"target\":{\"@type\":\"EntryPoint\",\"urlTemplate\":\"https:\/\/www.miomiorun.com\/fr\/?s={search_term_string}\"},\"query-input\":{\"@type\":\"PropertyValueSpecification\",\"valueRequired\":true,\"valueName\":\"search_term_string\"}}],\"inLanguage\":\"fr-FR\"},{\"@type\":\"Organization\",\"@id\":\"https:\/\/www.miomiorun.com\/fr\/#organization\",\"name\":\"MioMio Run\",\"url\":\"https:\/\/www.miomiorun.com\/fr\/\",\"logo\":{\"@type\":\"ImageObject\",\"inLanguage\":\"fr-FR\",\"@id\":\"https:\/\/www.miomiorun.com\/fr\/#\/schema\/logo\/image\/\",\"url\":\"https:\/\/www.miomiorun.com\/app\/uploads\/2019\/12\/logomio.png\",\"contentUrl\":\"https:\/\/www.miomiorun.com\/app\/uploads\/2019\/12\/logomio.png\",\"width\":115,\"height\":82,\"caption\":\"MioMio Run\"},\"image\":{\"@id\":\"https:\/\/www.miomiorun.com\/fr\/#\/schema\/logo\/image\/\"},\"sameAs\":[\"https:\/\/www.facebook.com\/miomiorun\/\",\"https:\/\/www.instagram.com\/miomiorun\/\"]}]}<\/script>\n<!-- \/ Yoast SEO plugin. -->","yoast_head_json":{"title":"D\u00e9couvrir Magasin de San Vendemiano - MioMioRun .com","description":"Dans notre magasin de San Vendemiano, nous testons \u00e9galement personnellement les chaussures et les v\u00eatements, afin de vous offrir le meilleur service possible.","robots":{"index":"index","follow":"follow","max-snippet":"max-snippet:-1","max-image-preview":"max-image-preview:large","max-video-preview":"max-video-preview:-1"},"canonical":"https:\/\/www.miomiorun.com\/fr\/magasin-de-san-vendemiano\/","og_locale":"fr_FR","og_type":"article","og_title":"D\u00e9couvrir Magasin de San Vendemiano - MioMioRun .com","og_description":"Dans notre magasin de San Vendemiano, nous testons \u00e9galement personnellement les chaussures et les v\u00eatements, afin de vous offrir le meilleur service possible.","og_url":"https:\/\/www.miomiorun.com\/fr\/magasin-de-san-vendemiano\/","og_site_name":"MioMioRun","article_publisher":"https:\/\/www.facebook.com\/miomiorun\/","article_modified_time":"2025-02-27T15:52:28+00:00","twitter_card":"summary_large_image","twitter_misc":{"Est. reading time":"3 minutes"},"schema":{"@context":"https:\/\/schema.org","@graph":[{"@type":"WebPage","@id":"https:\/\/www.miomiorun.com\/fr\/magasin-de-san-vendemiano\/","url":"https:\/\/www.miomiorun.com\/fr\/magasin-de-san-vendemiano\/","name":"D\u00e9couvrir Magasin de San Vendemiano - MioMioRun .com","isPartOf":{"@id":"https:\/\/www.miomiorun.com\/fr\/#website"},"datePublished":"2016-06-13T13:48:45+00:00","dateModified":"2025-02-27T15:52:28+00:00","description":"Dans notre magasin de San Vendemiano, nous testons \u00e9galement personnellement les chaussures et les v\u00eatements, afin de vous offrir le meilleur service possible.","breadcrumb":{"@id":"https:\/\/www.miomiorun.com\/fr\/magasin-de-san-vendemiano\/#breadcrumb"},"inLanguage":"fr-FR","potentialAction":[{"@type":"ReadAction","target":["https:\/\/www.miomiorun.com\/fr\/magasin-de-san-vendemiano\/"]}]},{"@type":"BreadcrumbList","@id":"https:\/\/www.miomiorun.com\/fr\/magasin-de-san-vendemiano\/#breadcrumb","itemListElement":[{"@type":"ListItem","position":1,"name":"Home","item":"https:\/\/www.miomiorun.com\/fr\/home-page\/"},{"@type":"ListItem","position":2,"name":"Magasin de San Vendemiano"}]},{"@type":"WebSite","@id":"https:\/\/www.miomiorun.com\/fr\/#website","url":"https:\/\/www.miomiorun.com\/fr\/","name":"MioMioRun","description":"Boutique 100% running et trail","publisher":{"@id":"https:\/\/www.miomiorun.com\/fr\/#organization"},"potentialAction":[{"@type":"SearchAction","target":{"@type":"EntryPoint","urlTemplate":"https:\/\/www.miomiorun.com\/fr\/?s={search_term_string}"},"query-input":{"@type":"PropertyValueSpecification","valueRequired":true,"valueName":"search_term_string"}}],"inLanguage":"fr-FR"},{"@type":"Organization","@id":"https:\/\/www.miomiorun.com\/fr\/#organization","name":"MioMio Run","url":"https:\/\/www.miomiorun.com\/fr\/","logo":{"@type":"ImageObject","inLanguage":"fr-FR","@id":"https:\/\/www.miomiorun.com\/fr\/#\/schema\/logo\/image\/","url":"https:\/\/www.miomiorun.com\/app\/uploads\/2019\/12\/logomio.png","contentUrl":"https:\/\/www.miomiorun.com\/app\/uploads\/2019\/12\/logomio.png","width":115,"height":82,"caption":"MioMio Run"},"image":{"@id":"https:\/\/www.miomiorun.com\/fr\/#\/schema\/logo\/image\/"},"sameAs":["https:\/\/www.facebook.com\/miomiorun\/","https:\/\/www.instagram.com\/miomiorun\/"]}]}},"_links":{"self":[{"href":"https:\/\/www.miomiorun.com\/fr\/wp-json\/wp\/v2\/pages\/259506","targetHints":{"allow":["GET"]}}],"collection":[{"href":"https:\/\/www.miomiorun.com\/fr\/wp-json\/wp\/v2\/pages"}],"about":[{"href":"https:\/\/www.miomiorun.com\/fr\/wp-json\/wp\/v2\/types\/page"}],"author":[{"embeddable":true,"href":"https:\/\/www.miomiorun.com\/fr\/wp-json\/wp\/v2\/users\/3102"}],"replies":[{"embeddable":true,"href":"https:\/\/www.miomiorun.com\/fr\/wp-json\/wp\/v2\/comments?post=259506"}],"version-history":[{"count":0,"href":"https:\/\/www.miomiorun.com\/fr\/wp-json\/wp\/v2\/pages\/259506\/revisions"}],"wp:attachment":[{"href":"https:\/\/www.miomiorun.com\/fr\/wp-json\/wp\/v2\/media?parent=259506"}],"curies":[{"name":"wp","href":"https:\/\/api.w.org\/{rel}","templated":true}]}}