{"id":259502,"date":"2020-06-10T15:53:17","date_gmt":"2020-06-10T13:53:17","guid":{"rendered":"https:\/\/miomiorun.com\/il-negozio-di-pordenone\/"},"modified":"2025-02-27T16:54:07","modified_gmt":"2025-02-27T15:54:07","slug":"magasin-de-pordenone","status":"publish","type":"page","link":"https:\/\/www.miomiorun.com\/fr\/magasin-de-pordenone\/","title":{"rendered":"Magasin de Pordenone"},"content":{"rendered":"<p><div class=\"vc-row container\"><div class=\"vc-column\"><iframe src=\"https:\/\/www.google.com\/maps\/embed?pb=!4v1651657257111!6m8!1m7!1sCAoSLEFGMVFpcE1JcGY4cUgwRnJQTkVpZzZjUTFmMkFQQTBwck1reDhYQXVWQy1q!2m2!1d45.947325382217!2d12.656578687524!3f257.63757076118617!4f-12.472585340109319!5f0.7820865974627469\" width=\"600\" height=\"450\" style=\"border:0;\" allowfullscreen=\"\" loading=\"lazy\" referrerpolicy=\"no-referrer-when-downgrade\"><\/iframe><img loading=\"lazy\" decoding=\"async\" width=\"1920\" height=\"1440\" src=\"https:\/\/www.miomiorun.com\/app\/uploads\/2020\/06\/IMG_2869.jpg\" class=\"vc-single-image  wvs-archive-product-image\" alt=\"IMG_2869\" srcset=\"https:\/\/www.miomiorun.com\/app\/uploads\/2020\/06\/IMG_2869.jpg 1920w, https:\/\/www.miomiorun.com\/app\/uploads\/2020\/06\/IMG_2869-600x450.jpg 600w, https:\/\/www.miomiorun.com\/app\/uploads\/2020\/06\/IMG_2869-300x225.jpg 300w, https:\/\/www.miomiorun.com\/app\/uploads\/2020\/06\/IMG_2869-1024x768.jpg 1024w, https:\/\/www.miomiorun.com\/app\/uploads\/2020\/06\/IMG_2869-768x576.jpg 768w, https:\/\/www.miomiorun.com\/app\/uploads\/2020\/06\/IMG_2869-1536x1152.jpg 1536w, https:\/\/www.miomiorun.com\/app\/uploads\/2020\/06\/IMG_2869-463x348.jpg 463w, https:\/\/www.miomiorun.com\/app\/uploads\/2020\/06\/IMG_2869-640x480.jpg 640w, https:\/\/www.miomiorun.com\/app\/uploads\/2020\/06\/IMG_2869-400x300.jpg 400w\" sizes=\"auto, (max-width: 1920px) 100vw, 1920px\" \/><img loading=\"lazy\" decoding=\"async\" width=\"1440\" height=\"1920\" src=\"https:\/\/www.miomiorun.com\/app\/uploads\/2020\/06\/IMG_2871.jpg\" class=\"vc-single-image  wvs-archive-product-image\" alt=\"IMG_2871\" srcset=\"https:\/\/www.miomiorun.com\/app\/uploads\/2020\/06\/IMG_2871.jpg 1440w, https:\/\/www.miomiorun.com\/app\/uploads\/2020\/06\/IMG_2871-600x800.jpg 600w, https:\/\/www.miomiorun.com\/app\/uploads\/2020\/06\/IMG_2871-225x300.jpg 225w, https:\/\/www.miomiorun.com\/app\/uploads\/2020\/06\/IMG_2871-768x1024.jpg 768w, https:\/\/www.miomiorun.com\/app\/uploads\/2020\/06\/IMG_2871-1152x1536.jpg 1152w, https:\/\/www.miomiorun.com\/app\/uploads\/2020\/06\/IMG_2871-640x853.jpg 640w, https:\/\/www.miomiorun.com\/app\/uploads\/2020\/06\/IMG_2871-400x533.jpg 400w\" sizes=\"auto, (max-width: 1440px) 100vw, 1440px\" \/><\/div><div class=\"vc-column\"><div class=\"vc-column-text\"><\/p>\n<h2>L&#8217;ouverture<\/h2>\n<p>Cinq ans apr\u00e8s la premi\u00e8re ouverture, et un an apr\u00e8s l&#8217;inauguration des nouveaux <a href=\"https:\/\/miomiorun.com\/fr\/magasin-de-san-vendemiano\/\">locaux agrandis de Conegliano<\/a> (d\u00e9plac\u00e9s ensuite \u00e0 San Vendemiano), nous avons \u00e9galement inaugur\u00e9 notre nouvel emplacement \u00e0 Pordenone le 18 mai 2020.<\/p>\n<p>Le magasin suit les traces de son pr\u00e9d\u00e9cesseur en V\u00e9n\u00e9tie, tout en conservant les m\u00eames marques et les m\u00eames produits. En outre, un tapis roulant est \u00e0 la disposition des clients pour leur permettre d&#8217;essayer des chaussures &#8220;sur la route&#8221; avant d&#8217;acheter.<\/p>\n<h2>Boutique Garmin<\/h2>\n<p>Vous trouverez \u00e9galement \u00e0 Pordenone une boutique Garmin bien achaland\u00e9e, o\u00f9 vous pourrez trouver tous les produits Garmin d\u00e9di\u00e9s au sport, de la course \u00e0 pied \u00e0 la natation, du cyclisme au monde ext\u00e9rieur.<\/p>\n<h2>Centre de test Tacx<\/h2>\n<p>En plus de l&#8217;univers Garmin, le magasin dispose d&#8217;un Tacx NEO Bike Smart Trainer, qui vous permet de tester la qualit\u00e9 et l&#8217;efficacit\u00e9 de l&#8217;univers Tacx, des v\u00e9los intelligents et des rouleaux interactifs.<\/p>\n<h2>Le centre d&#8217;int\u00e9r\u00eat de la boutique<\/h2>\n<p>Comme dans le magasin de Conegliano, nous poursuivons notre objectif \u00e0 Pordenone : offrir \u00e0 nos clients un point de r\u00e9f\u00e9rence pour leur sport. Nous sommes constamment \u00e0 la recherche de marques originales, de qualit\u00e9, qui se distinguent des autres et qui ont le sens de l&#8217;esth\u00e9tique.<\/p>\n<p>Nos collaborateurs testent personnellement les diff\u00e9rents mod\u00e8les de chaussures et de v\u00eatements, en essayant d&#8217;offrir le meilleur service possible \u00e0 nos clients, en recherchant des produits de qualit\u00e9 et une pr\u00e9paration technique afin de proposer \u00e0 chacun l&#8217;article qui r\u00e9pond le mieux \u00e0 ses besoins.<\/div><\/div><\/div><div class=\"vc-row container\"><div class=\"vc-column\"><div class=\"vc-gallery\"><img loading=\"lazy\" decoding=\"async\" width=\"1920\" height=\"1440\" src=\"https:\/\/www.miomiorun.com\/app\/uploads\/2020\/06\/IMG_2872.jpg\" class=\"attachment-1180x500 size-1180x500 wvs-archive-product-image\" alt=\"IMG_2872\" srcset=\"https:\/\/www.miomiorun.com\/app\/uploads\/2020\/06\/IMG_2872.jpg 1920w, https:\/\/www.miomiorun.com\/app\/uploads\/2020\/06\/IMG_2872-600x450.jpg 600w, https:\/\/www.miomiorun.com\/app\/uploads\/2020\/06\/IMG_2872-300x225.jpg 300w, https:\/\/www.miomiorun.com\/app\/uploads\/2020\/06\/IMG_2872-1024x768.jpg 1024w, https:\/\/www.miomiorun.com\/app\/uploads\/2020\/06\/IMG_2872-768x576.jpg 768w, https:\/\/www.miomiorun.com\/app\/uploads\/2020\/06\/IMG_2872-1536x1152.jpg 1536w, https:\/\/www.miomiorun.com\/app\/uploads\/2020\/06\/IMG_2872-463x348.jpg 463w, https:\/\/www.miomiorun.com\/app\/uploads\/2020\/06\/IMG_2872-640x480.jpg 640w, https:\/\/www.miomiorun.com\/app\/uploads\/2020\/06\/IMG_2872-400x300.jpg 400w\" sizes=\"auto, (max-width: 1920px) 100vw, 1920px\" \/><img loading=\"lazy\" decoding=\"async\" width=\"1920\" height=\"1440\" src=\"https:\/\/www.miomiorun.com\/app\/uploads\/2020\/06\/IMG_2867.jpg\" class=\"attachment-1180x500 size-1180x500 wvs-archive-product-image\" alt=\"IMG_2867\" srcset=\"https:\/\/www.miomiorun.com\/app\/uploads\/2020\/06\/IMG_2867.jpg 1920w, https:\/\/www.miomiorun.com\/app\/uploads\/2020\/06\/IMG_2867-600x450.jpg 600w, https:\/\/www.miomiorun.com\/app\/uploads\/2020\/06\/IMG_2867-300x225.jpg 300w, https:\/\/www.miomiorun.com\/app\/uploads\/2020\/06\/IMG_2867-1024x768.jpg 1024w, https:\/\/www.miomiorun.com\/app\/uploads\/2020\/06\/IMG_2867-768x576.jpg 768w, https:\/\/www.miomiorun.com\/app\/uploads\/2020\/06\/IMG_2867-1536x1152.jpg 1536w, https:\/\/www.miomiorun.com\/app\/uploads\/2020\/06\/IMG_2867-463x348.jpg 463w, https:\/\/www.miomiorun.com\/app\/uploads\/2020\/06\/IMG_2867-640x480.jpg 640w, https:\/\/www.miomiorun.com\/app\/uploads\/2020\/06\/IMG_2867-400x300.jpg 400w\" sizes=\"auto, (max-width: 1920px) 100vw, 1920px\" \/><img loading=\"lazy\" decoding=\"async\" width=\"1920\" height=\"1440\" src=\"https:\/\/www.miomiorun.com\/app\/uploads\/2020\/06\/IMG_2870.jpg\" class=\"attachment-1180x500 size-1180x500 wvs-archive-product-image\" alt=\"IMG_2870\" srcset=\"https:\/\/www.miomiorun.com\/app\/uploads\/2020\/06\/IMG_2870.jpg 1920w, https:\/\/www.miomiorun.com\/app\/uploads\/2020\/06\/IMG_2870-600x450.jpg 600w, https:\/\/www.miomiorun.com\/app\/uploads\/2020\/06\/IMG_2870-300x225.jpg 300w, https:\/\/www.miomiorun.com\/app\/uploads\/2020\/06\/IMG_2870-1024x768.jpg 1024w, https:\/\/www.miomiorun.com\/app\/uploads\/2020\/06\/IMG_2870-768x576.jpg 768w, https:\/\/www.miomiorun.com\/app\/uploads\/2020\/06\/IMG_2870-1536x1152.jpg 1536w, https:\/\/www.miomiorun.com\/app\/uploads\/2020\/06\/IMG_2870-463x348.jpg 463w, https:\/\/www.miomiorun.com\/app\/uploads\/2020\/06\/IMG_2870-640x480.jpg 640w, https:\/\/www.miomiorun.com\/app\/uploads\/2020\/06\/IMG_2870-400x300.jpg 400w\" sizes=\"auto, (max-width: 1920px) 100vw, 1920px\" \/><\/div><\/div><\/div><div class=\"vc-row container\"><div class=\"vc-column\"><div class=\"row\"><div class=\"col-md-12\"><\/div><\/div><\/div><div class=\"vc-column\"><div class=\"row\"><div class=\"col-md-12\"><\/div><\/div><\/div><\/div><\/p>\n","protected":false},"excerpt":{"rendered":"","protected":false},"author":3102,"featured_media":0,"parent":0,"menu_order":0,"comment_status":"closed","ping_status":"closed","template":"","meta":{"_acf_changed":false,"inline_featured_image":[],"footnotes":""},"class_list":["post-259502","page","type-page","status-publish","hentry"],"acf":[],"yoast_head":"<!-- This site is optimized with the Yoast SEO plugin v26.8 - https:\/\/yoast.com\/product\/yoast-seo-wordpress\/ -->\n<title>D\u00e9couvrir Magasin de Pordenone et qui nous sommes - MioMioRun<\/title>\n<meta name=\"description\" content=\"Dans notre magasin de Pordenone, vous trouverez tous les produits de course \u00e0 pied des meilleures marques et du personnel sp\u00e9cialis\u00e9.\" \/>\n<meta name=\"robots\" content=\"index, follow, max-snippet:-1, max-image-preview:large, max-video-preview:-1\" \/>\n<link rel=\"canonical\" href=\"https:\/\/www.miomiorun.com\/fr\/magasin-de-pordenone\/\" \/>\n<meta property=\"og:locale\" content=\"fr_FR\" \/>\n<meta property=\"og:type\" content=\"article\" \/>\n<meta property=\"og:title\" content=\"D\u00e9couvrir Magasin de Pordenone et qui nous sommes - MioMioRun\" \/>\n<meta property=\"og:description\" content=\"Dans notre magasin de Pordenone, vous trouverez tous les produits de course \u00e0 pied des meilleures marques et du personnel sp\u00e9cialis\u00e9.\" \/>\n<meta property=\"og:url\" content=\"https:\/\/www.miomiorun.com\/fr\/magasin-de-pordenone\/\" \/>\n<meta property=\"og:site_name\" content=\"MioMioRun\" \/>\n<meta property=\"article:publisher\" content=\"https:\/\/www.facebook.com\/miomiorun\/\" \/>\n<meta property=\"article:modified_time\" content=\"2025-02-27T15:54:07+00:00\" \/>\n<meta name=\"twitter:card\" content=\"summary_large_image\" \/>\n<meta name=\"twitter:label1\" content=\"Est. reading time\" \/>\n\t<meta name=\"twitter:data1\" content=\"3 minutes\" \/>\n<script type=\"application\/ld+json\" class=\"yoast-schema-graph\">{\"@context\":\"https:\/\/schema.org\",\"@graph\":[{\"@type\":\"WebPage\",\"@id\":\"https:\/\/www.miomiorun.com\/fr\/magasin-de-pordenone\/\",\"url\":\"https:\/\/www.miomiorun.com\/fr\/magasin-de-pordenone\/\",\"name\":\"D\u00e9couvrir Magasin de Pordenone et qui nous sommes - MioMioRun\",\"isPartOf\":{\"@id\":\"https:\/\/www.miomiorun.com\/fr\/#website\"},\"datePublished\":\"2020-06-10T13:53:17+00:00\",\"dateModified\":\"2025-02-27T15:54:07+00:00\",\"description\":\"Dans notre magasin de Pordenone, vous trouverez tous les produits de course \u00e0 pied des meilleures marques et du personnel sp\u00e9cialis\u00e9.\",\"breadcrumb\":{\"@id\":\"https:\/\/www.miomiorun.com\/fr\/magasin-de-pordenone\/#breadcrumb\"},\"inLanguage\":\"fr-FR\",\"potentialAction\":[{\"@type\":\"ReadAction\",\"target\":[\"https:\/\/www.miomiorun.com\/fr\/magasin-de-pordenone\/\"]}]},{\"@type\":\"BreadcrumbList\",\"@id\":\"https:\/\/www.miomiorun.com\/fr\/magasin-de-pordenone\/#breadcrumb\",\"itemListElement\":[{\"@type\":\"ListItem\",\"position\":1,\"name\":\"Home\",\"item\":\"https:\/\/www.miomiorun.com\/fr\/home-page\/\"},{\"@type\":\"ListItem\",\"position\":2,\"name\":\"Magasin de Pordenone\"}]},{\"@type\":\"WebSite\",\"@id\":\"https:\/\/www.miomiorun.com\/fr\/#website\",\"url\":\"https:\/\/www.miomiorun.com\/fr\/\",\"name\":\"MioMioRun\",\"description\":\"Boutique 100% running et trail\",\"publisher\":{\"@id\":\"https:\/\/www.miomiorun.com\/fr\/#organization\"},\"potentialAction\":[{\"@type\":\"SearchAction\",\"target\":{\"@type\":\"EntryPoint\",\"urlTemplate\":\"https:\/\/www.miomiorun.com\/fr\/?s={search_term_string}\"},\"query-input\":{\"@type\":\"PropertyValueSpecification\",\"valueRequired\":true,\"valueName\":\"search_term_string\"}}],\"inLanguage\":\"fr-FR\"},{\"@type\":\"Organization\",\"@id\":\"https:\/\/www.miomiorun.com\/fr\/#organization\",\"name\":\"MioMio Run\",\"url\":\"https:\/\/www.miomiorun.com\/fr\/\",\"logo\":{\"@type\":\"ImageObject\",\"inLanguage\":\"fr-FR\",\"@id\":\"https:\/\/www.miomiorun.com\/fr\/#\/schema\/logo\/image\/\",\"url\":\"https:\/\/www.miomiorun.com\/app\/uploads\/2019\/12\/logomio.png\",\"contentUrl\":\"https:\/\/www.miomiorun.com\/app\/uploads\/2019\/12\/logomio.png\",\"width\":115,\"height\":82,\"caption\":\"MioMio Run\"},\"image\":{\"@id\":\"https:\/\/www.miomiorun.com\/fr\/#\/schema\/logo\/image\/\"},\"sameAs\":[\"https:\/\/www.facebook.com\/miomiorun\/\",\"https:\/\/www.instagram.com\/miomiorun\/\"]}]}<\/script>\n<!-- \/ Yoast SEO plugin. -->","yoast_head_json":{"title":"D\u00e9couvrir Magasin de Pordenone et qui nous sommes - MioMioRun","description":"Dans notre magasin de Pordenone, vous trouverez tous les produits de course \u00e0 pied des meilleures marques et du personnel sp\u00e9cialis\u00e9.","robots":{"index":"index","follow":"follow","max-snippet":"max-snippet:-1","max-image-preview":"max-image-preview:large","max-video-preview":"max-video-preview:-1"},"canonical":"https:\/\/www.miomiorun.com\/fr\/magasin-de-pordenone\/","og_locale":"fr_FR","og_type":"article","og_title":"D\u00e9couvrir Magasin de Pordenone et qui nous sommes - MioMioRun","og_description":"Dans notre magasin de Pordenone, vous trouverez tous les produits de course \u00e0 pied des meilleures marques et du personnel sp\u00e9cialis\u00e9.","og_url":"https:\/\/www.miomiorun.com\/fr\/magasin-de-pordenone\/","og_site_name":"MioMioRun","article_publisher":"https:\/\/www.facebook.com\/miomiorun\/","article_modified_time":"2025-02-27T15:54:07+00:00","twitter_card":"summary_large_image","twitter_misc":{"Est. reading time":"3 minutes"},"schema":{"@context":"https:\/\/schema.org","@graph":[{"@type":"WebPage","@id":"https:\/\/www.miomiorun.com\/fr\/magasin-de-pordenone\/","url":"https:\/\/www.miomiorun.com\/fr\/magasin-de-pordenone\/","name":"D\u00e9couvrir Magasin de Pordenone et qui nous sommes - MioMioRun","isPartOf":{"@id":"https:\/\/www.miomiorun.com\/fr\/#website"},"datePublished":"2020-06-10T13:53:17+00:00","dateModified":"2025-02-27T15:54:07+00:00","description":"Dans notre magasin de Pordenone, vous trouverez tous les produits de course \u00e0 pied des meilleures marques et du personnel sp\u00e9cialis\u00e9.","breadcrumb":{"@id":"https:\/\/www.miomiorun.com\/fr\/magasin-de-pordenone\/#breadcrumb"},"inLanguage":"fr-FR","potentialAction":[{"@type":"ReadAction","target":["https:\/\/www.miomiorun.com\/fr\/magasin-de-pordenone\/"]}]},{"@type":"BreadcrumbList","@id":"https:\/\/www.miomiorun.com\/fr\/magasin-de-pordenone\/#breadcrumb","itemListElement":[{"@type":"ListItem","position":1,"name":"Home","item":"https:\/\/www.miomiorun.com\/fr\/home-page\/"},{"@type":"ListItem","position":2,"name":"Magasin de Pordenone"}]},{"@type":"WebSite","@id":"https:\/\/www.miomiorun.com\/fr\/#website","url":"https:\/\/www.miomiorun.com\/fr\/","name":"MioMioRun","description":"Boutique 100% running et trail","publisher":{"@id":"https:\/\/www.miomiorun.com\/fr\/#organization"},"potentialAction":[{"@type":"SearchAction","target":{"@type":"EntryPoint","urlTemplate":"https:\/\/www.miomiorun.com\/fr\/?s={search_term_string}"},"query-input":{"@type":"PropertyValueSpecification","valueRequired":true,"valueName":"search_term_string"}}],"inLanguage":"fr-FR"},{"@type":"Organization","@id":"https:\/\/www.miomiorun.com\/fr\/#organization","name":"MioMio Run","url":"https:\/\/www.miomiorun.com\/fr\/","logo":{"@type":"ImageObject","inLanguage":"fr-FR","@id":"https:\/\/www.miomiorun.com\/fr\/#\/schema\/logo\/image\/","url":"https:\/\/www.miomiorun.com\/app\/uploads\/2019\/12\/logomio.png","contentUrl":"https:\/\/www.miomiorun.com\/app\/uploads\/2019\/12\/logomio.png","width":115,"height":82,"caption":"MioMio Run"},"image":{"@id":"https:\/\/www.miomiorun.com\/fr\/#\/schema\/logo\/image\/"},"sameAs":["https:\/\/www.facebook.com\/miomiorun\/","https:\/\/www.instagram.com\/miomiorun\/"]}]}},"_links":{"self":[{"href":"https:\/\/www.miomiorun.com\/fr\/wp-json\/wp\/v2\/pages\/259502","targetHints":{"allow":["GET"]}}],"collection":[{"href":"https:\/\/www.miomiorun.com\/fr\/wp-json\/wp\/v2\/pages"}],"about":[{"href":"https:\/\/www.miomiorun.com\/fr\/wp-json\/wp\/v2\/types\/page"}],"author":[{"embeddable":true,"href":"https:\/\/www.miomiorun.com\/fr\/wp-json\/wp\/v2\/users\/3102"}],"replies":[{"embeddable":true,"href":"https:\/\/www.miomiorun.com\/fr\/wp-json\/wp\/v2\/comments?post=259502"}],"version-history":[{"count":0,"href":"https:\/\/www.miomiorun.com\/fr\/wp-json\/wp\/v2\/pages\/259502\/revisions"}],"wp:attachment":[{"href":"https:\/\/www.miomiorun.com\/fr\/wp-json\/wp\/v2\/media?parent=259502"}],"curies":[{"name":"wp","href":"https:\/\/api.w.org\/{rel}","templated":true}]}}