{"id":438236,"date":"2026-05-05T17:29:09","date_gmt":"2026-05-05T15:29:09","guid":{"rendered":"https:\/\/www.miomiorun.com\/?post_type=product&#038;p=438236"},"modified":"2026-05-08T12:01:04","modified_gmt":"2026-05-08T10:01:04","slug":"cloudrunner-3-mujer","status":"publish","type":"product","link":"https:\/\/www.miomiorun.com\/es\/producto\/cloudrunner-3-mujer\/","title":{"rendered":"Cloudrunner 3 mujer"},"content":{"rendered":"<table style=\"border-collapse: collapse;width: 100%\">\n<tbody>\n<tr>\n<td style=\"width: 33.3333%;vertical-align: top;text-align: center\">\n<h4 style=\"text-align: left\">Especificaciones t\u00e9cnicas<\/h4>\n<p style=\"text-align: left\">Categor\u00eda: estables<br \/>\nDesnivel: 8 mm<br \/>\nPeso: 250 g<br \/>\nIdeal para: quienes buscan una zapatilla para sus salidas diarias con la sujeci\u00f3n adecuada<br \/>\nPeso del deportista: 70-90 kg<br \/>\nRitmo de carrera: 5,00-6,00 min\/km<br \/>\n<a href=\"https:\/\/miomiorun.com\/guida-alle-specifiche-tecniche\/\">Gu\u00eda de especificaciones t\u00e9cnicas<\/a><\/p>\n<\/td>\n<td style=\"width: 66.6666%;vertical-align: top;text-align: center\">\n<p style=\"text-align: left\" data-start=\"0\" data-end=\"321\">Las On Cloudrunner 3 est\u00e1n dise\u00f1adas para ofrecer <strong data-start=\"76\" data-end=\"89\">estabilidad<\/strong>, <strong data-start=\"91\" data-end=\"102\">comodidad<\/strong> y <strong data-start=\"105\" data-end=\"118\">control<\/strong> durante las carreras diarias. Evoluci\u00f3n de una de las zapatillas de entrenamiento diario m\u00e1s apreciadas, presentan una <strong data-start=\"217\" data-end=\"235\">base m\u00e1s ancha<\/strong> y un <strong data-start=\"241\" data-end=\"272\">soporte espec\u00edfico en el tal\u00f3n<\/strong> para garantizar una carrera m\u00e1s segura y equilibrada.<\/p>\n<p style=\"text-align: left\" data-start=\"323\" data-end=\"363\">Su construcci\u00f3n est\u00e1 dise\u00f1ada para garantizar:<\/p>\n<ul style=\"text-align: left\" data-start=\"364\" data-end=\"585\">\n<li data-section-id=\"1agvpcn\" data-start=\"364\" data-end=\"439\"><strong data-start=\"366\" data-end=\"388\">Estabilidad constante<\/strong> gracias a la base ancha y al soporte asim\u00e9trico<\/li>\n<li data-section-id=\"70b83n\" data-start=\"440\" data-end=\"522\"><strong data-start=\"442\" data-end=\"472\">Absorci\u00f3n de impactos<\/strong> con amortiguaci\u00f3n CloudTec\u00ae y espuma Helion\u2122<\/li>\n<li data-section-id=\"8izctm\" data-start=\"523\" data-end=\"585\"><strong data-start=\"525\" data-end=\"547\">Transici\u00f3n fluida<\/strong> con geometr\u00eda rocker en la parte delantera del pie<\/li>\n<\/ul>\n<p style=\"text-align: left\" data-start=\"587\" data-end=\"1004\">La <strong data-start=\"590\" data-end=\"612\">parte superior transpirable<\/strong> favorece la ventilaci\u00f3n durante la actividad, mientras que <strong data-start=\"666\" data-end=\"703\">el tal\u00f3n y la leng\u00fceta extra suaves<\/strong> mejoran el ajuste y la comodidad general. El refuerzo lateral elevado ayuda a mantener el pie estable, mientras que la <strong data-start=\"832\" data-end=\"861\">suela de goma resistente<\/strong> garantiza tracci\u00f3n y durabilidad. Los <strong data-start=\"902\" data-end=\"926\">detalles reflectantes<\/strong> aumentan la visibilidad en condiciones de poca luz.<\/p>\n<\/td>\n<\/tr>\n<\/tbody>\n<\/table>\n<p>&nbsp;<\/p>\n","protected":false},"excerpt":{"rendered":"<ul>\n<li data-section-id=\"1est7wv\" data-start=\"1187\" data-end=\"1279\"><strong data-start=\"1189\" data-end=\"1238\">Amortiguaci\u00f3n CloudTec\u00ae con espuma Helion\u2122<\/strong> para mayor comodidad y protecci\u00f3n contra los impactos<\/li>\n<li data-section-id=\"g70yup\" data-start=\"1280\" data-end=\"1344\"><strong data-start=\"1282\" data-end=\"1319\">Base ancha y sujeci\u00f3n en el tal\u00f3n<\/strong> para una mayor estabilidad<\/li>\n<li data-section-id=\"d8mzss\" data-start=\"1345\" data-end=\"1409\" data-is-last-node=\"\"><strong data-start=\"1347\" data-end=\"1388\">Empeine transpirable y suela resistente<\/strong> para mayor comodidad y durabilidad<\/li>\n<\/ul>\n","protected":false},"featured_media":438340,"template":"","meta":{"_acf_changed":false,"inline_featured_image":false},"product_brand":[],"product_cat":[24227,24228],"product_tag":[39517,39522],"class_list":{"0":"post-438236","1":"product","2":"type-product","3":"status-publish","4":"has-post-thumbnail","6":"product_cat-calzado-femenino","7":"product_cat-neutre-es","8":"product_tag-on","9":"product_tag-on-mujer","10":"pa_attivita-caminar","11":"pa_attivita-lifestyle-es","12":"pa_attivita-running-es","13":"pa_colore-cloudrunner-3-w-ivory-dew","14":"pa_marca-on","15":"pa_sesso-mujer","16":"pa_size-38-es","17":"pa_size-38-5-es","18":"pa_size-39-es","19":"pa_size-40-es","20":"pa_size-40-5-es","21":"pa_size-41-es","23":"first","24":"instock","25":"taxable","26":"shipping-taxable","27":"purchasable","28":"product-type-variable","29":"wvs-archive-product-wrapper"},"acf":[],"yoast_head":"<!-- This site is optimized with the Yoast SEO plugin v26.8 - https:\/\/yoast.com\/product\/yoast-seo-wordpress\/ -->\n<title>On Cloudrunner 3 mujer - zapatillas de running para mujer - MioMioRun.com<\/title>\n<meta name=\"description\" content=\"Zapatilla de running de horma ancha, estable y con buena amortiguaci\u00f3n, dise\u00f1ada para ofrecer comodidad, control y seguridad en cada salida.\" \/>\n<meta name=\"robots\" content=\"index, follow, max-snippet:-1, max-image-preview:large, max-video-preview:-1\" \/>\n<link rel=\"canonical\" href=\"https:\/\/www.miomiorun.com\/es\/producto\/cloudrunner-3-mujer\/\" \/>\n<meta property=\"og:locale\" content=\"es_ES\" \/>\n<meta property=\"og:type\" content=\"article\" \/>\n<meta property=\"og:title\" content=\"On Cloudrunner 3 mujer - zapatillas de running para mujer - MioMioRun.com\" \/>\n<meta property=\"og:description\" content=\"Zapatilla de running de horma ancha, estable y con buena amortiguaci\u00f3n, dise\u00f1ada para ofrecer comodidad, control y seguridad en cada salida.\" \/>\n<meta property=\"og:url\" content=\"https:\/\/www.miomiorun.com\/es\/producto\/cloudrunner-3-mujer\/\" \/>\n<meta property=\"og:site_name\" content=\"MioMioRun\" \/>\n<meta property=\"article:publisher\" content=\"https:\/\/www.facebook.com\/miomiorun\/\" \/>\n<meta property=\"article:modified_time\" content=\"2026-05-08T10:01:04+00:00\" \/>\n<meta property=\"og:image\" content=\"https:\/\/www.miomiorun.com\/app\/uploads\/2026\/05\/On-Cloudrunner-3-W-ivory-dew-3WG10053387.webp\" \/>\n\t<meta property=\"og:image:width\" content=\"720\" \/>\n\t<meta property=\"og:image:height\" content=\"720\" \/>\n\t<meta property=\"og:image:type\" content=\"image\/webp\" \/>\n<meta name=\"twitter:card\" content=\"summary_large_image\" \/>\n<meta name=\"twitter:label1\" content=\"Est. reading time\" \/>\n\t<meta name=\"twitter:data1\" content=\"1 minute\" \/>\n<script type=\"application\/ld+json\" class=\"yoast-schema-graph\">{\"@context\":\"https:\/\/schema.org\",\"@graph\":[{\"@type\":\"WebPage\",\"@id\":\"https:\/\/www.miomiorun.com\/es\/producto\/cloudrunner-3-mujer\/\",\"url\":\"https:\/\/www.miomiorun.com\/es\/producto\/cloudrunner-3-mujer\/\",\"name\":\"On Cloudrunner 3 mujer - zapatillas de running para mujer - MioMioRun.com\",\"isPartOf\":{\"@id\":\"https:\/\/www.miomiorun.com\/es\/#website\"},\"primaryImageOfPage\":{\"@id\":\"https:\/\/www.miomiorun.com\/es\/producto\/cloudrunner-3-mujer\/#primaryimage\"},\"image\":{\"@id\":\"https:\/\/www.miomiorun.com\/es\/producto\/cloudrunner-3-mujer\/#primaryimage\"},\"thumbnailUrl\":\"https:\/\/www.miomiorun.com\/app\/uploads\/2026\/05\/On-Cloudrunner-3-W-ivory-dew-3WG10053387.webp\",\"datePublished\":\"2026-05-05T15:29:09+00:00\",\"dateModified\":\"2026-05-08T10:01:04+00:00\",\"description\":\"Zapatilla de running de horma ancha, estable y con buena amortiguaci\u00f3n, dise\u00f1ada para ofrecer comodidad, control y seguridad en cada salida.\",\"breadcrumb\":{\"@id\":\"https:\/\/www.miomiorun.com\/es\/producto\/cloudrunner-3-mujer\/#breadcrumb\"},\"inLanguage\":\"es-ES\",\"potentialAction\":[{\"@type\":\"ReadAction\",\"target\":[\"https:\/\/www.miomiorun.com\/es\/producto\/cloudrunner-3-mujer\/\"]}]},{\"@type\":\"ImageObject\",\"inLanguage\":\"es-ES\",\"@id\":\"https:\/\/www.miomiorun.com\/es\/producto\/cloudrunner-3-mujer\/#primaryimage\",\"url\":\"https:\/\/www.miomiorun.com\/app\/uploads\/2026\/05\/On-Cloudrunner-3-W-ivory-dew-3WG10053387.webp\",\"contentUrl\":\"https:\/\/www.miomiorun.com\/app\/uploads\/2026\/05\/On-Cloudrunner-3-W-ivory-dew-3WG10053387.webp\",\"width\":720,\"height\":720,\"caption\":\"On Cloudrunner 3 W ivory dew 3WG10053387\"},{\"@type\":\"BreadcrumbList\",\"@id\":\"https:\/\/www.miomiorun.com\/es\/producto\/cloudrunner-3-mujer\/#breadcrumb\",\"itemListElement\":[{\"@type\":\"ListItem\",\"position\":1,\"name\":\"Home\",\"item\":\"https:\/\/www.miomiorun.com\/es\/\"},{\"@type\":\"ListItem\",\"position\":2,\"name\":\"Shop\",\"item\":\"https:\/\/www.miomiorun.com\/shop\/\"},{\"@type\":\"ListItem\",\"position\":3,\"name\":\"Cloudrunner 3 mujer\"}]},{\"@type\":\"WebSite\",\"@id\":\"https:\/\/www.miomiorun.com\/es\/#website\",\"url\":\"https:\/\/www.miomiorun.com\/es\/\",\"name\":\"MioMioRun\",\"description\":\"Tienda 100% running y trail\",\"publisher\":{\"@id\":\"https:\/\/www.miomiorun.com\/es\/#organization\"},\"potentialAction\":[{\"@type\":\"SearchAction\",\"target\":{\"@type\":\"EntryPoint\",\"urlTemplate\":\"https:\/\/www.miomiorun.com\/es\/?s={search_term_string}\"},\"query-input\":{\"@type\":\"PropertyValueSpecification\",\"valueRequired\":true,\"valueName\":\"search_term_string\"}}],\"inLanguage\":\"es-ES\"},{\"@type\":\"Organization\",\"@id\":\"https:\/\/www.miomiorun.com\/es\/#organization\",\"name\":\"MioMio Run\",\"url\":\"https:\/\/www.miomiorun.com\/es\/\",\"logo\":{\"@type\":\"ImageObject\",\"inLanguage\":\"es-ES\",\"@id\":\"https:\/\/www.miomiorun.com\/es\/#\/schema\/logo\/image\/\",\"url\":\"https:\/\/www.miomiorun.com\/app\/uploads\/2019\/12\/logomio.png\",\"contentUrl\":\"https:\/\/www.miomiorun.com\/app\/uploads\/2019\/12\/logomio.png\",\"width\":115,\"height\":82,\"caption\":\"MioMio Run\"},\"image\":{\"@id\":\"https:\/\/www.miomiorun.com\/es\/#\/schema\/logo\/image\/\"},\"sameAs\":[\"https:\/\/www.facebook.com\/miomiorun\/\",\"https:\/\/www.instagram.com\/miomiorun\/\"]}]}<\/script>\n<!-- \/ Yoast SEO plugin. -->","yoast_head_json":{"title":"On Cloudrunner 3 mujer - zapatillas de running para mujer - MioMioRun.com","description":"Zapatilla de running de horma ancha, estable y con buena amortiguaci\u00f3n, dise\u00f1ada para ofrecer comodidad, control y seguridad en cada salida.","robots":{"index":"index","follow":"follow","max-snippet":"max-snippet:-1","max-image-preview":"max-image-preview:large","max-video-preview":"max-video-preview:-1"},"canonical":"https:\/\/www.miomiorun.com\/es\/producto\/cloudrunner-3-mujer\/","og_locale":"es_ES","og_type":"article","og_title":"On Cloudrunner 3 mujer - zapatillas de running para mujer - MioMioRun.com","og_description":"Zapatilla de running de horma ancha, estable y con buena amortiguaci\u00f3n, dise\u00f1ada para ofrecer comodidad, control y seguridad en cada salida.","og_url":"https:\/\/www.miomiorun.com\/es\/producto\/cloudrunner-3-mujer\/","og_site_name":"MioMioRun","article_publisher":"https:\/\/www.facebook.com\/miomiorun\/","article_modified_time":"2026-05-08T10:01:04+00:00","og_image":[{"width":720,"height":720,"url":"https:\/\/www.miomiorun.com\/app\/uploads\/2026\/05\/On-Cloudrunner-3-W-ivory-dew-3WG10053387.webp","type":"image\/webp"}],"twitter_card":"summary_large_image","twitter_misc":{"Est. reading time":"1 minute"},"schema":{"@context":"https:\/\/schema.org","@graph":[{"@type":"WebPage","@id":"https:\/\/www.miomiorun.com\/es\/producto\/cloudrunner-3-mujer\/","url":"https:\/\/www.miomiorun.com\/es\/producto\/cloudrunner-3-mujer\/","name":"On Cloudrunner 3 mujer - zapatillas de running para mujer - MioMioRun.com","isPartOf":{"@id":"https:\/\/www.miomiorun.com\/es\/#website"},"primaryImageOfPage":{"@id":"https:\/\/www.miomiorun.com\/es\/producto\/cloudrunner-3-mujer\/#primaryimage"},"image":{"@id":"https:\/\/www.miomiorun.com\/es\/producto\/cloudrunner-3-mujer\/#primaryimage"},"thumbnailUrl":"https:\/\/www.miomiorun.com\/app\/uploads\/2026\/05\/On-Cloudrunner-3-W-ivory-dew-3WG10053387.webp","datePublished":"2026-05-05T15:29:09+00:00","dateModified":"2026-05-08T10:01:04+00:00","description":"Zapatilla de running de horma ancha, estable y con buena amortiguaci\u00f3n, dise\u00f1ada para ofrecer comodidad, control y seguridad en cada salida.","breadcrumb":{"@id":"https:\/\/www.miomiorun.com\/es\/producto\/cloudrunner-3-mujer\/#breadcrumb"},"inLanguage":"es-ES","potentialAction":[{"@type":"ReadAction","target":["https:\/\/www.miomiorun.com\/es\/producto\/cloudrunner-3-mujer\/"]}]},{"@type":"ImageObject","inLanguage":"es-ES","@id":"https:\/\/www.miomiorun.com\/es\/producto\/cloudrunner-3-mujer\/#primaryimage","url":"https:\/\/www.miomiorun.com\/app\/uploads\/2026\/05\/On-Cloudrunner-3-W-ivory-dew-3WG10053387.webp","contentUrl":"https:\/\/www.miomiorun.com\/app\/uploads\/2026\/05\/On-Cloudrunner-3-W-ivory-dew-3WG10053387.webp","width":720,"height":720,"caption":"On Cloudrunner 3 W ivory dew 3WG10053387"},{"@type":"BreadcrumbList","@id":"https:\/\/www.miomiorun.com\/es\/producto\/cloudrunner-3-mujer\/#breadcrumb","itemListElement":[{"@type":"ListItem","position":1,"name":"Home","item":"https:\/\/www.miomiorun.com\/es\/"},{"@type":"ListItem","position":2,"name":"Shop","item":"https:\/\/www.miomiorun.com\/shop\/"},{"@type":"ListItem","position":3,"name":"Cloudrunner 3 mujer"}]},{"@type":"WebSite","@id":"https:\/\/www.miomiorun.com\/es\/#website","url":"https:\/\/www.miomiorun.com\/es\/","name":"MioMioRun","description":"Tienda 100% running y trail","publisher":{"@id":"https:\/\/www.miomiorun.com\/es\/#organization"},"potentialAction":[{"@type":"SearchAction","target":{"@type":"EntryPoint","urlTemplate":"https:\/\/www.miomiorun.com\/es\/?s={search_term_string}"},"query-input":{"@type":"PropertyValueSpecification","valueRequired":true,"valueName":"search_term_string"}}],"inLanguage":"es-ES"},{"@type":"Organization","@id":"https:\/\/www.miomiorun.com\/es\/#organization","name":"MioMio Run","url":"https:\/\/www.miomiorun.com\/es\/","logo":{"@type":"ImageObject","inLanguage":"es-ES","@id":"https:\/\/www.miomiorun.com\/es\/#\/schema\/logo\/image\/","url":"https:\/\/www.miomiorun.com\/app\/uploads\/2019\/12\/logomio.png","contentUrl":"https:\/\/www.miomiorun.com\/app\/uploads\/2019\/12\/logomio.png","width":115,"height":82,"caption":"MioMio Run"},"image":{"@id":"https:\/\/www.miomiorun.com\/es\/#\/schema\/logo\/image\/"},"sameAs":["https:\/\/www.facebook.com\/miomiorun\/","https:\/\/www.instagram.com\/miomiorun\/"]}]}},"_links":{"self":[{"href":"https:\/\/www.miomiorun.com\/es\/wp-json\/wp\/v2\/product\/438236","targetHints":{"allow":["GET"]}}],"collection":[{"href":"https:\/\/www.miomiorun.com\/es\/wp-json\/wp\/v2\/product"}],"about":[{"href":"https:\/\/www.miomiorun.com\/es\/wp-json\/wp\/v2\/types\/product"}],"wp:featuredmedia":[{"embeddable":true,"href":"https:\/\/www.miomiorun.com\/es\/wp-json\/wp\/v2\/media\/438340"}],"wp:attachment":[{"href":"https:\/\/www.miomiorun.com\/es\/wp-json\/wp\/v2\/media?parent=438236"}],"wp:term":[{"taxonomy":"product_brand","embeddable":true,"href":"https:\/\/www.miomiorun.com\/es\/wp-json\/wp\/v2\/product_brand?post=438236"},{"taxonomy":"product_cat","embeddable":true,"href":"https:\/\/www.miomiorun.com\/es\/wp-json\/wp\/v2\/product_cat?post=438236"},{"taxonomy":"product_tag","embeddable":true,"href":"https:\/\/www.miomiorun.com\/es\/wp-json\/wp\/v2\/product_tag?post=438236"}],"curies":[{"name":"wp","href":"https:\/\/api.w.org\/{rel}","templated":true}]}}