{"id":438103,"date":"2026-05-05T17:01:49","date_gmt":"2026-05-05T15:01:49","guid":{"rendered":"https:\/\/www.miomiorun.com\/?post_type=product&#038;p=438103"},"modified":"2026-05-08T12:01:05","modified_gmt":"2026-05-08T10:01:05","slug":"cloudrunner-3-hombre","status":"publish","type":"product","link":"https:\/\/www.miomiorun.com\/es\/producto\/cloudrunner-3-hombre\/","title":{"rendered":"Cloudrunner 3 hombre"},"content":{"rendered":"<table style=\"border-collapse: collapse;width: 100%\">\n<tbody>\n<tr>\n<td style=\"width: 33.2595%;vertical-align: top;text-align: center\">\n<h4 style=\"text-align: left\">Especificaciones t\u00e9cnicas<\/h4>\n<p style=\"text-align: left\">Categor\u00eda: estable<br \/>\nDesplazamiento: 8 mm<br \/>\nPeso: 311 g<br \/>\nIdeal para: quienes buscan una zapatilla para sus salidas diarias con la sujeci\u00f3n adecuada<br \/>\nPeso del deportista: 70-90 kg<br \/>\nRitmo de carrera: 5,00-6,00 min\/km<br \/>\n<a href=\"https:\/\/miomiorun.com\/guida-alle-specifiche-tecniche\/\">Gu\u00eda de especificaciones t\u00e9cnicas<\/a><\/p>\n<\/td>\n<td style=\"width: 66.7404%;vertical-align: top;text-align: center\">\n<p style=\"text-align: left\" data-start=\"0\" data-end=\"370\">Las On Cloudrunner 3 representan la evoluci\u00f3n de una <strong data-start=\"82\" data-end=\"99\">zapatilla de entrenamiento diario<\/strong> dise\u00f1ada para ofrecer <strong data-start=\"120\" data-end=\"133\">estabilidad<\/strong>, <strong data-start=\"135\" data-end=\"146\">comodidad<\/strong> y <strong data-start=\"149\" data-end=\"162\">control<\/strong> en cada salida. Dise\u00f1adas para acompa\u00f1arte en tus carreras diarias, combinan una estructura m\u00e1s ancha y una sujeci\u00f3n espec\u00edfica para garantizar una sensaci\u00f3n de seguridad constante desde el primer hasta el \u00faltimo kil\u00f3metro.<\/p>\n<p style=\"text-align: left\" data-start=\"372\" data-end=\"412\">Su construcci\u00f3n est\u00e1 pensada para garantizar:<\/p>\n<ul style=\"text-align: left\" data-start=\"413\" data-end=\"647\">\n<li data-section-id=\"12unlx0\" data-start=\"413\" data-end=\"493\"><strong data-start=\"415\" data-end=\"438\">Estabilidad superior<\/strong> gracias a la base m\u00e1s ancha y al soporte en el tal\u00f3n<\/li>\n<li data-section-id=\"70b83n\" data-start=\"494\" data-end=\"576\"><strong data-start=\"496\" data-end=\"526\">Absorci\u00f3n de impactos<\/strong> con amortiguaci\u00f3n CloudTec\u00ae y espuma Helion\u2122<\/li>\n<li data-section-id=\"1fi20hk\" data-start=\"577\" data-end=\"647\"><strong data-start=\"579\" data-end=\"609\">Carrera fluida y controlada<\/strong> con geometr\u00eda rocker en la parte delantera del pie<\/li>\n<\/ul>\n<p style=\"text-align: left\" data-start=\"649\" data-end=\"1106\">La <strong data-start=\"652\" data-end=\"674\">parte superior transpirable<\/strong> mejora la ventilaci\u00f3n, mientras que <strong data-start=\"708\" data-end=\"745\">el tal\u00f3n y la leng\u00fceta extra suaves<\/strong> facilitan el calce y aumentan la comodidad. El <strong data-start=\"795\" data-end=\"831\">soporte asim\u00e9trico en el tal\u00f3n<\/strong> y el soporte lateral elevado contribuyen a una mayor estabilidad durante la carrera. La <strong data-start=\"920\" data-end=\"949\">suela de goma resistente<\/strong> est\u00e1 dise\u00f1ada para ofrecer tracci\u00f3n y durabilidad, mientras que los <strong data-start=\"1003\" data-end=\"1027\">detalles reflectantes<\/strong> mejoran la visibilidad en condiciones de poca luz.<\/p>\n<\/td>\n<\/tr>\n<\/tbody>\n<\/table>\n<p>&nbsp;<\/p>\n","protected":false},"excerpt":{"rendered":"<ul>\n<li data-section-id=\"12i0lt6\" data-start=\"1297\" data-end=\"1391\"><strong data-start=\"1299\" data-end=\"1348\">Amortiguaci\u00f3n CloudTec\u00ae con espuma Helion\u2122<\/strong> para mayor comodidad y absorci\u00f3n de impactos<\/li>\n<li data-section-id=\"n33kkt\" data-start=\"1392\" data-end=\"1459\"><strong data-start=\"1394\" data-end=\"1431\">Base ancha y soporte en el tal\u00f3n<\/strong> para mayor estabilidad y control<\/li>\n<li data-section-id=\"r1szv7\" data-start=\"1460\" data-end=\"1532\" data-is-last-node=\"\"><strong data-start=\"1462\" data-end=\"1507\">Empeine transpirable y detalles reflectantes<\/strong> para mayor comodidad y visibilidad<\/li>\n<\/ul>\n","protected":false},"featured_media":438168,"template":"","meta":{"_acf_changed":false,"inline_featured_image":false},"product_brand":[],"product_cat":[24454,24453],"product_tag":[39517,39525],"class_list":{"0":"post-438103","1":"product","2":"type-product","3":"status-publish","4":"has-post-thumbnail","6":"product_cat-calzado-para-hombre","7":"product_cat-neutre-es-3","8":"product_tag-on","9":"product_tag-on-hombre","10":"pa_attivita-caminar","11":"pa_attivita-lifestyle-es","12":"pa_attivita-running-es","13":"pa_colore-cloudrunner-3-m-ivory-robin","14":"pa_marca-on","15":"pa_sesso-hombre","16":"pa_size-41-es","17":"pa_size-42-es","18":"pa_size-42-5-es","19":"pa_size-43-es","20":"pa_size-44-es","21":"pa_size-44-5-es","22":"pa_size-45-es","23":"pa_size-46-es","25":"first","26":"instock","27":"taxable","28":"shipping-taxable","29":"purchasable","30":"product-type-variable","31":"wvs-archive-product-wrapper"},"acf":[],"yoast_head":"<!-- This site is optimized with the Yoast SEO plugin v26.8 - https:\/\/yoast.com\/product\/yoast-seo-wordpress\/ -->\n<title>On Cloudrunner 3 hombre - zapatillas de running para hombre - MioMioRun<\/title>\n<meta name=\"description\" content=\"Zapatilla de running estable y con buena amortiguaci\u00f3n, dise\u00f1ada para ofrecer comodidad, control y seguridad durante las carreras diarias.\" \/>\n<meta name=\"robots\" content=\"index, follow, max-snippet:-1, max-image-preview:large, max-video-preview:-1\" \/>\n<link rel=\"canonical\" href=\"https:\/\/www.miomiorun.com\/es\/producto\/cloudrunner-3-hombre\/\" \/>\n<meta property=\"og:locale\" content=\"es_ES\" \/>\n<meta property=\"og:type\" content=\"article\" \/>\n<meta property=\"og:title\" content=\"On Cloudrunner 3 hombre - zapatillas de running para hombre - MioMioRun\" \/>\n<meta property=\"og:description\" content=\"Zapatilla de running estable y con buena amortiguaci\u00f3n, dise\u00f1ada para ofrecer comodidad, control y seguridad durante las carreras diarias.\" \/>\n<meta property=\"og:url\" content=\"https:\/\/www.miomiorun.com\/es\/producto\/cloudrunner-3-hombre\/\" \/>\n<meta property=\"og:site_name\" content=\"MioMioRun\" \/>\n<meta property=\"article:publisher\" content=\"https:\/\/www.facebook.com\/miomiorun\/\" \/>\n<meta property=\"article:modified_time\" content=\"2026-05-08T10:01:05+00:00\" \/>\n<meta property=\"og:image\" content=\"https:\/\/www.miomiorun.com\/app\/uploads\/2026\/05\/On-Cloudrunner-3-M-ivory-robin-3MG10074351.webp\" \/>\n\t<meta property=\"og:image:width\" content=\"720\" \/>\n\t<meta property=\"og:image:height\" content=\"720\" \/>\n\t<meta property=\"og:image:type\" content=\"image\/webp\" \/>\n<meta name=\"twitter:card\" content=\"summary_large_image\" \/>\n<meta name=\"twitter:label1\" content=\"Est. reading time\" \/>\n\t<meta name=\"twitter:data1\" content=\"1 minute\" \/>\n<script type=\"application\/ld+json\" class=\"yoast-schema-graph\">{\"@context\":\"https:\/\/schema.org\",\"@graph\":[{\"@type\":\"WebPage\",\"@id\":\"https:\/\/www.miomiorun.com\/es\/producto\/cloudrunner-3-hombre\/\",\"url\":\"https:\/\/www.miomiorun.com\/es\/producto\/cloudrunner-3-hombre\/\",\"name\":\"On Cloudrunner 3 hombre - zapatillas de running para hombre - MioMioRun\",\"isPartOf\":{\"@id\":\"https:\/\/www.miomiorun.com\/es\/#website\"},\"primaryImageOfPage\":{\"@id\":\"https:\/\/www.miomiorun.com\/es\/producto\/cloudrunner-3-hombre\/#primaryimage\"},\"image\":{\"@id\":\"https:\/\/www.miomiorun.com\/es\/producto\/cloudrunner-3-hombre\/#primaryimage\"},\"thumbnailUrl\":\"https:\/\/www.miomiorun.com\/app\/uploads\/2026\/05\/On-Cloudrunner-3-M-ivory-robin-3MG10074351.webp\",\"datePublished\":\"2026-05-05T15:01:49+00:00\",\"dateModified\":\"2026-05-08T10:01:05+00:00\",\"description\":\"Zapatilla de running estable y con buena amortiguaci\u00f3n, dise\u00f1ada para ofrecer comodidad, control y seguridad durante las carreras diarias.\",\"breadcrumb\":{\"@id\":\"https:\/\/www.miomiorun.com\/es\/producto\/cloudrunner-3-hombre\/#breadcrumb\"},\"inLanguage\":\"es-ES\",\"potentialAction\":[{\"@type\":\"ReadAction\",\"target\":[\"https:\/\/www.miomiorun.com\/es\/producto\/cloudrunner-3-hombre\/\"]}]},{\"@type\":\"ImageObject\",\"inLanguage\":\"es-ES\",\"@id\":\"https:\/\/www.miomiorun.com\/es\/producto\/cloudrunner-3-hombre\/#primaryimage\",\"url\":\"https:\/\/www.miomiorun.com\/app\/uploads\/2026\/05\/On-Cloudrunner-3-M-ivory-robin-3MG10074351.webp\",\"contentUrl\":\"https:\/\/www.miomiorun.com\/app\/uploads\/2026\/05\/On-Cloudrunner-3-M-ivory-robin-3MG10074351.webp\",\"width\":720,\"height\":720,\"caption\":\"On Cloudrunner 3 M ivory robin 3MG10074351\"},{\"@type\":\"BreadcrumbList\",\"@id\":\"https:\/\/www.miomiorun.com\/es\/producto\/cloudrunner-3-hombre\/#breadcrumb\",\"itemListElement\":[{\"@type\":\"ListItem\",\"position\":1,\"name\":\"Home\",\"item\":\"https:\/\/www.miomiorun.com\/es\/\"},{\"@type\":\"ListItem\",\"position\":2,\"name\":\"Shop\",\"item\":\"https:\/\/www.miomiorun.com\/shop\/\"},{\"@type\":\"ListItem\",\"position\":3,\"name\":\"Cloudrunner 3 hombre\"}]},{\"@type\":\"WebSite\",\"@id\":\"https:\/\/www.miomiorun.com\/es\/#website\",\"url\":\"https:\/\/www.miomiorun.com\/es\/\",\"name\":\"MioMioRun\",\"description\":\"Tienda 100% running y trail\",\"publisher\":{\"@id\":\"https:\/\/www.miomiorun.com\/es\/#organization\"},\"potentialAction\":[{\"@type\":\"SearchAction\",\"target\":{\"@type\":\"EntryPoint\",\"urlTemplate\":\"https:\/\/www.miomiorun.com\/es\/?s={search_term_string}\"},\"query-input\":{\"@type\":\"PropertyValueSpecification\",\"valueRequired\":true,\"valueName\":\"search_term_string\"}}],\"inLanguage\":\"es-ES\"},{\"@type\":\"Organization\",\"@id\":\"https:\/\/www.miomiorun.com\/es\/#organization\",\"name\":\"MioMio Run\",\"url\":\"https:\/\/www.miomiorun.com\/es\/\",\"logo\":{\"@type\":\"ImageObject\",\"inLanguage\":\"es-ES\",\"@id\":\"https:\/\/www.miomiorun.com\/es\/#\/schema\/logo\/image\/\",\"url\":\"https:\/\/www.miomiorun.com\/app\/uploads\/2019\/12\/logomio.png\",\"contentUrl\":\"https:\/\/www.miomiorun.com\/app\/uploads\/2019\/12\/logomio.png\",\"width\":115,\"height\":82,\"caption\":\"MioMio Run\"},\"image\":{\"@id\":\"https:\/\/www.miomiorun.com\/es\/#\/schema\/logo\/image\/\"},\"sameAs\":[\"https:\/\/www.facebook.com\/miomiorun\/\",\"https:\/\/www.instagram.com\/miomiorun\/\"]}]}<\/script>\n<!-- \/ Yoast SEO plugin. -->","yoast_head_json":{"title":"On Cloudrunner 3 hombre - zapatillas de running para hombre - MioMioRun","description":"Zapatilla de running estable y con buena amortiguaci\u00f3n, dise\u00f1ada para ofrecer comodidad, control y seguridad durante las carreras diarias.","robots":{"index":"index","follow":"follow","max-snippet":"max-snippet:-1","max-image-preview":"max-image-preview:large","max-video-preview":"max-video-preview:-1"},"canonical":"https:\/\/www.miomiorun.com\/es\/producto\/cloudrunner-3-hombre\/","og_locale":"es_ES","og_type":"article","og_title":"On Cloudrunner 3 hombre - zapatillas de running para hombre - MioMioRun","og_description":"Zapatilla de running estable y con buena amortiguaci\u00f3n, dise\u00f1ada para ofrecer comodidad, control y seguridad durante las carreras diarias.","og_url":"https:\/\/www.miomiorun.com\/es\/producto\/cloudrunner-3-hombre\/","og_site_name":"MioMioRun","article_publisher":"https:\/\/www.facebook.com\/miomiorun\/","article_modified_time":"2026-05-08T10:01:05+00:00","og_image":[{"width":720,"height":720,"url":"https:\/\/www.miomiorun.com\/app\/uploads\/2026\/05\/On-Cloudrunner-3-M-ivory-robin-3MG10074351.webp","type":"image\/webp"}],"twitter_card":"summary_large_image","twitter_misc":{"Est. reading time":"1 minute"},"schema":{"@context":"https:\/\/schema.org","@graph":[{"@type":"WebPage","@id":"https:\/\/www.miomiorun.com\/es\/producto\/cloudrunner-3-hombre\/","url":"https:\/\/www.miomiorun.com\/es\/producto\/cloudrunner-3-hombre\/","name":"On Cloudrunner 3 hombre - zapatillas de running para hombre - MioMioRun","isPartOf":{"@id":"https:\/\/www.miomiorun.com\/es\/#website"},"primaryImageOfPage":{"@id":"https:\/\/www.miomiorun.com\/es\/producto\/cloudrunner-3-hombre\/#primaryimage"},"image":{"@id":"https:\/\/www.miomiorun.com\/es\/producto\/cloudrunner-3-hombre\/#primaryimage"},"thumbnailUrl":"https:\/\/www.miomiorun.com\/app\/uploads\/2026\/05\/On-Cloudrunner-3-M-ivory-robin-3MG10074351.webp","datePublished":"2026-05-05T15:01:49+00:00","dateModified":"2026-05-08T10:01:05+00:00","description":"Zapatilla de running estable y con buena amortiguaci\u00f3n, dise\u00f1ada para ofrecer comodidad, control y seguridad durante las carreras diarias.","breadcrumb":{"@id":"https:\/\/www.miomiorun.com\/es\/producto\/cloudrunner-3-hombre\/#breadcrumb"},"inLanguage":"es-ES","potentialAction":[{"@type":"ReadAction","target":["https:\/\/www.miomiorun.com\/es\/producto\/cloudrunner-3-hombre\/"]}]},{"@type":"ImageObject","inLanguage":"es-ES","@id":"https:\/\/www.miomiorun.com\/es\/producto\/cloudrunner-3-hombre\/#primaryimage","url":"https:\/\/www.miomiorun.com\/app\/uploads\/2026\/05\/On-Cloudrunner-3-M-ivory-robin-3MG10074351.webp","contentUrl":"https:\/\/www.miomiorun.com\/app\/uploads\/2026\/05\/On-Cloudrunner-3-M-ivory-robin-3MG10074351.webp","width":720,"height":720,"caption":"On Cloudrunner 3 M ivory robin 3MG10074351"},{"@type":"BreadcrumbList","@id":"https:\/\/www.miomiorun.com\/es\/producto\/cloudrunner-3-hombre\/#breadcrumb","itemListElement":[{"@type":"ListItem","position":1,"name":"Home","item":"https:\/\/www.miomiorun.com\/es\/"},{"@type":"ListItem","position":2,"name":"Shop","item":"https:\/\/www.miomiorun.com\/shop\/"},{"@type":"ListItem","position":3,"name":"Cloudrunner 3 hombre"}]},{"@type":"WebSite","@id":"https:\/\/www.miomiorun.com\/es\/#website","url":"https:\/\/www.miomiorun.com\/es\/","name":"MioMioRun","description":"Tienda 100% running y trail","publisher":{"@id":"https:\/\/www.miomiorun.com\/es\/#organization"},"potentialAction":[{"@type":"SearchAction","target":{"@type":"EntryPoint","urlTemplate":"https:\/\/www.miomiorun.com\/es\/?s={search_term_string}"},"query-input":{"@type":"PropertyValueSpecification","valueRequired":true,"valueName":"search_term_string"}}],"inLanguage":"es-ES"},{"@type":"Organization","@id":"https:\/\/www.miomiorun.com\/es\/#organization","name":"MioMio Run","url":"https:\/\/www.miomiorun.com\/es\/","logo":{"@type":"ImageObject","inLanguage":"es-ES","@id":"https:\/\/www.miomiorun.com\/es\/#\/schema\/logo\/image\/","url":"https:\/\/www.miomiorun.com\/app\/uploads\/2019\/12\/logomio.png","contentUrl":"https:\/\/www.miomiorun.com\/app\/uploads\/2019\/12\/logomio.png","width":115,"height":82,"caption":"MioMio Run"},"image":{"@id":"https:\/\/www.miomiorun.com\/es\/#\/schema\/logo\/image\/"},"sameAs":["https:\/\/www.facebook.com\/miomiorun\/","https:\/\/www.instagram.com\/miomiorun\/"]}]}},"_links":{"self":[{"href":"https:\/\/www.miomiorun.com\/es\/wp-json\/wp\/v2\/product\/438103","targetHints":{"allow":["GET"]}}],"collection":[{"href":"https:\/\/www.miomiorun.com\/es\/wp-json\/wp\/v2\/product"}],"about":[{"href":"https:\/\/www.miomiorun.com\/es\/wp-json\/wp\/v2\/types\/product"}],"wp:featuredmedia":[{"embeddable":true,"href":"https:\/\/www.miomiorun.com\/es\/wp-json\/wp\/v2\/media\/438168"}],"wp:attachment":[{"href":"https:\/\/www.miomiorun.com\/es\/wp-json\/wp\/v2\/media?parent=438103"}],"wp:term":[{"taxonomy":"product_brand","embeddable":true,"href":"https:\/\/www.miomiorun.com\/es\/wp-json\/wp\/v2\/product_brand?post=438103"},{"taxonomy":"product_cat","embeddable":true,"href":"https:\/\/www.miomiorun.com\/es\/wp-json\/wp\/v2\/product_cat?post=438103"},{"taxonomy":"product_tag","embeddable":true,"href":"https:\/\/www.miomiorun.com\/es\/wp-json\/wp\/v2\/product_tag?post=438103"}],"curies":[{"name":"wp","href":"https:\/\/api.w.org\/{rel}","templated":true}]}}