{"id":437715,"date":"2026-05-05T11:42:52","date_gmt":"2026-05-05T09:42:52","guid":{"rendered":"https:\/\/www.miomiorun.com\/?post_type=product&#038;p=437715"},"modified":"2026-05-08T12:01:14","modified_gmt":"2026-05-08T10:01:14","slug":"top-light-up-mujer","status":"publish","type":"product","link":"https:\/\/www.miomiorun.com\/es\/producto\/top-light-up-mujer\/","title":{"rendered":"Top Light UP mujer"},"content":{"rendered":"<p data-start=\"0\" data-end=\"360\">La camiseta Light Up es una camiseta sin mangas para correr dise\u00f1ada para ofrecer <strong data-start=\"92\" data-end=\"106\">ligereza<\/strong>, <strong data-start=\"108\" data-end=\"126\">transpirabilidad<\/strong> y <strong data-start=\"129\" data-end=\"140\">comodidad<\/strong> durante las salidas en los d\u00edas m\u00e1s calurosos. Confeccionada con <strong data-start=\"200\" data-end=\"248\">dos tejidos microperforados de \u00faltima generaci\u00f3n<\/strong>, combina resistencia y gesti\u00f3n de la humedad para mantener la piel seca incluso en los entrenamientos m\u00e1s intensos.<\/p>\n<p data-start=\"362\" data-end=\"400\">Su estructura est\u00e1 dise\u00f1ada para garantizar:<\/p>\n<ul data-start=\"401\" data-end=\"566\">\n<li data-section-id=\"z6dgd1\" data-start=\"401\" data-end=\"459\"><strong data-start=\"403\" data-end=\"427\">M\u00e1xima ventilaci\u00f3n<\/strong> gracias a los tejidos microperforados<\/li>\n<li data-section-id=\"1gclcfl\" data-start=\"460\" data-end=\"510\"><strong data-start=\"462\" data-end=\"484\">Secado r\u00e1pido<\/strong> con tratamiento wicking<\/li>\n<li data-section-id=\"rjxe9p\" data-start=\"511\" data-end=\"566\"><strong data-start=\"513\" data-end=\"542\">Comodidad sin rozaduras<\/strong> con acabados t\u00e9cnicos<\/li>\n<\/ul>\n<p data-start=\"568\" data-end=\"964\">El <strong data-start=\"571\" data-end=\"591\">corte femenino<\/strong> garantiza un ajuste cuidado y natural, mientras que los <strong data-start=\"647\" data-end=\"686\">bordes sellados con cinta reflectante<\/strong> mejoran la comodidad y evitan irritaciones durante el movimiento. Las <strong data-start=\"758\" data-end=\"781\">aberturas laterales<\/strong> aumentan la libertad de movimiento, mientras que los <strong data-start=\"827\" data-end=\"847\">estampados exclusivos<\/strong> completan un dise\u00f1o esencial y moderno. Una prenda pensada para quienes buscan un equilibrio perfecto entre rendimiento y estilo.<\/p>\n","protected":false},"excerpt":{"rendered":"<div class=\"flex flex-grow flex-col max-w-full\">\n<div class=\"min-h-[20px] text-message flex flex-col items-start whitespace-pre-wrap break-words [.text-message+&amp;]:mt-5 overflow-x-auto gap-3\" dir=\"auto\" data-message-author-role=\"assistant\" data-message-id=\"5c194ca5-da90-4871-9d49-f5f33601269a\">\n<div class=\"markdown prose w-full break-words dark:prose-invert light\">\n<ul>\n<li data-section-id=\"b0kki4\" data-start=\"1164\" data-end=\"1239\"><strong data-start=\"1166\" data-end=\"1212\">Tejidos microperforados de secado r\u00e1pido<\/strong> para una ventilaci\u00f3n m\u00e1xima<\/li>\n<li data-section-id=\"192erl7\" data-start=\"1240\" data-end=\"1308\"><strong data-start=\"1242\" data-end=\"1281\">Bordes sellados con cinta reflectante<\/strong> para mayor comodidad y visibilidad<\/li>\n<li data-section-id=\"4ucltg\" data-start=\"1309\" data-end=\"1380\" data-is-last-node=\"\"><strong data-start=\"1311\" data-end=\"1355\">Corte femenino con aberturas laterales<\/strong> para mayor libertad de movimiento<\/li>\n<\/ul>\n<\/div>\n<\/div>\n<\/div>\n","protected":false},"featured_media":437758,"template":"","meta":{"_acf_changed":false,"inline_featured_image":false},"product_brand":[],"product_cat":[24399,24401],"product_tag":[23488,23646],"class_list":{"0":"post-437715","1":"product","2":"type-product","3":"status-publish","4":"has-post-thumbnail","6":"product_cat-chalecos","7":"product_cat-ropa-de-mujer","8":"product_tag-crazy-idea-es","9":"product_tag-crazy-idea-mujer","10":"pa_attivita-lifestyle-es","11":"pa_attivita-running-es","12":"pa_colore-top-light-up-aster","13":"pa_colore-top-light-up-pop","14":"pa_marca-crazy-idea-es","15":"pa_sesso-mujer","16":"pa_size-small-es","17":"pa_size-medium-es","18":"pa_size-large-es","19":"pa_size-extra-large-es","21":"first","22":"instock","23":"taxable","24":"shipping-taxable","25":"purchasable","26":"product-type-variable","27":"wvs-archive-product-wrapper"},"acf":[],"yoast_head":"<!-- This site is optimized with the Yoast SEO plugin v26.8 - https:\/\/yoast.com\/product\/yoast-seo-wordpress\/ -->\n<title>Crazy Idea Top Light UP mujer - camiseta sin mangas para correr - MioMioRun<\/title>\n<meta name=\"description\" content=\"Camiseta sin mangas para correr, ligera y transpirable, dise\u00f1ada para ofrecer frescor, comodidad y libertad de movimiento en los d\u00edas m\u00e1s calurosos.\" \/>\n<meta name=\"robots\" content=\"index, follow, max-snippet:-1, max-image-preview:large, max-video-preview:-1\" \/>\n<link rel=\"canonical\" href=\"https:\/\/www.miomiorun.com\/es\/producto\/top-light-up-mujer\/\" \/>\n<meta property=\"og:locale\" content=\"es_ES\" \/>\n<meta property=\"og:type\" content=\"article\" \/>\n<meta property=\"og:title\" content=\"Crazy Idea Top Light UP mujer - camiseta sin mangas para correr - MioMioRun\" \/>\n<meta property=\"og:description\" content=\"Camiseta sin mangas para correr, ligera y transpirable, dise\u00f1ada para ofrecer frescor, comodidad y libertad de movimiento en los d\u00edas m\u00e1s calurosos.\" \/>\n<meta property=\"og:url\" content=\"https:\/\/www.miomiorun.com\/es\/producto\/top-light-up-mujer\/\" \/>\n<meta property=\"og:site_name\" content=\"MioMioRun\" \/>\n<meta property=\"article:publisher\" content=\"https:\/\/www.facebook.com\/miomiorun\/\" \/>\n<meta property=\"article:modified_time\" content=\"2026-05-08T10:01:14+00:00\" \/>\n<meta property=\"og:image\" content=\"https:\/\/www.miomiorun.com\/app\/uploads\/2026\/05\/Crazy-Top-Light-UP-pop-S26195044D-0063.webp\" \/>\n\t<meta property=\"og:image:width\" content=\"720\" \/>\n\t<meta property=\"og:image:height\" content=\"720\" \/>\n\t<meta property=\"og:image:type\" content=\"image\/webp\" \/>\n<meta name=\"twitter:card\" content=\"summary_large_image\" \/>\n<meta name=\"twitter:label1\" content=\"Est. reading time\" \/>\n\t<meta name=\"twitter:data1\" content=\"1 minute\" \/>\n<script type=\"application\/ld+json\" class=\"yoast-schema-graph\">{\"@context\":\"https:\/\/schema.org\",\"@graph\":[{\"@type\":\"WebPage\",\"@id\":\"https:\/\/www.miomiorun.com\/es\/producto\/top-light-up-mujer\/\",\"url\":\"https:\/\/www.miomiorun.com\/es\/producto\/top-light-up-mujer\/\",\"name\":\"Crazy Idea Top Light UP mujer - camiseta sin mangas para correr - MioMioRun\",\"isPartOf\":{\"@id\":\"https:\/\/www.miomiorun.com\/es\/#website\"},\"primaryImageOfPage\":{\"@id\":\"https:\/\/www.miomiorun.com\/es\/producto\/top-light-up-mujer\/#primaryimage\"},\"image\":{\"@id\":\"https:\/\/www.miomiorun.com\/es\/producto\/top-light-up-mujer\/#primaryimage\"},\"thumbnailUrl\":\"https:\/\/www.miomiorun.com\/app\/uploads\/2026\/05\/Crazy-Top-Light-UP-pop-S26195044D-0063.webp\",\"datePublished\":\"2026-05-05T09:42:52+00:00\",\"dateModified\":\"2026-05-08T10:01:14+00:00\",\"description\":\"Camiseta sin mangas para correr, ligera y transpirable, dise\u00f1ada para ofrecer frescor, comodidad y libertad de movimiento en los d\u00edas m\u00e1s calurosos.\",\"breadcrumb\":{\"@id\":\"https:\/\/www.miomiorun.com\/es\/producto\/top-light-up-mujer\/#breadcrumb\"},\"inLanguage\":\"es-ES\",\"potentialAction\":[{\"@type\":\"ReadAction\",\"target\":[\"https:\/\/www.miomiorun.com\/es\/producto\/top-light-up-mujer\/\"]}]},{\"@type\":\"ImageObject\",\"inLanguage\":\"es-ES\",\"@id\":\"https:\/\/www.miomiorun.com\/es\/producto\/top-light-up-mujer\/#primaryimage\",\"url\":\"https:\/\/www.miomiorun.com\/app\/uploads\/2026\/05\/Crazy-Top-Light-UP-pop-S26195044D-0063.webp\",\"contentUrl\":\"https:\/\/www.miomiorun.com\/app\/uploads\/2026\/05\/Crazy-Top-Light-UP-pop-S26195044D-0063.webp\",\"width\":720,\"height\":720,\"caption\":\"Crazy Top Light UP pop S26195044D-0063\"},{\"@type\":\"BreadcrumbList\",\"@id\":\"https:\/\/www.miomiorun.com\/es\/producto\/top-light-up-mujer\/#breadcrumb\",\"itemListElement\":[{\"@type\":\"ListItem\",\"position\":1,\"name\":\"Home\",\"item\":\"https:\/\/www.miomiorun.com\/es\/\"},{\"@type\":\"ListItem\",\"position\":2,\"name\":\"Shop\",\"item\":\"https:\/\/www.miomiorun.com\/shop\/\"},{\"@type\":\"ListItem\",\"position\":3,\"name\":\"Top Light UP mujer\"}]},{\"@type\":\"WebSite\",\"@id\":\"https:\/\/www.miomiorun.com\/es\/#website\",\"url\":\"https:\/\/www.miomiorun.com\/es\/\",\"name\":\"MioMioRun\",\"description\":\"Tienda 100% running y trail\",\"publisher\":{\"@id\":\"https:\/\/www.miomiorun.com\/es\/#organization\"},\"potentialAction\":[{\"@type\":\"SearchAction\",\"target\":{\"@type\":\"EntryPoint\",\"urlTemplate\":\"https:\/\/www.miomiorun.com\/es\/?s={search_term_string}\"},\"query-input\":{\"@type\":\"PropertyValueSpecification\",\"valueRequired\":true,\"valueName\":\"search_term_string\"}}],\"inLanguage\":\"es-ES\"},{\"@type\":\"Organization\",\"@id\":\"https:\/\/www.miomiorun.com\/es\/#organization\",\"name\":\"MioMio Run\",\"url\":\"https:\/\/www.miomiorun.com\/es\/\",\"logo\":{\"@type\":\"ImageObject\",\"inLanguage\":\"es-ES\",\"@id\":\"https:\/\/www.miomiorun.com\/es\/#\/schema\/logo\/image\/\",\"url\":\"https:\/\/www.miomiorun.com\/app\/uploads\/2019\/12\/logomio.png\",\"contentUrl\":\"https:\/\/www.miomiorun.com\/app\/uploads\/2019\/12\/logomio.png\",\"width\":115,\"height\":82,\"caption\":\"MioMio Run\"},\"image\":{\"@id\":\"https:\/\/www.miomiorun.com\/es\/#\/schema\/logo\/image\/\"},\"sameAs\":[\"https:\/\/www.facebook.com\/miomiorun\/\",\"https:\/\/www.instagram.com\/miomiorun\/\"]}]}<\/script>\n<!-- \/ Yoast SEO plugin. -->","yoast_head_json":{"title":"Crazy Idea Top Light UP mujer - camiseta sin mangas para correr - MioMioRun","description":"Camiseta sin mangas para correr, ligera y transpirable, dise\u00f1ada para ofrecer frescor, comodidad y libertad de movimiento en los d\u00edas m\u00e1s calurosos.","robots":{"index":"index","follow":"follow","max-snippet":"max-snippet:-1","max-image-preview":"max-image-preview:large","max-video-preview":"max-video-preview:-1"},"canonical":"https:\/\/www.miomiorun.com\/es\/producto\/top-light-up-mujer\/","og_locale":"es_ES","og_type":"article","og_title":"Crazy Idea Top Light UP mujer - camiseta sin mangas para correr - MioMioRun","og_description":"Camiseta sin mangas para correr, ligera y transpirable, dise\u00f1ada para ofrecer frescor, comodidad y libertad de movimiento en los d\u00edas m\u00e1s calurosos.","og_url":"https:\/\/www.miomiorun.com\/es\/producto\/top-light-up-mujer\/","og_site_name":"MioMioRun","article_publisher":"https:\/\/www.facebook.com\/miomiorun\/","article_modified_time":"2026-05-08T10:01:14+00:00","og_image":[{"width":720,"height":720,"url":"https:\/\/www.miomiorun.com\/app\/uploads\/2026\/05\/Crazy-Top-Light-UP-pop-S26195044D-0063.webp","type":"image\/webp"}],"twitter_card":"summary_large_image","twitter_misc":{"Est. reading time":"1 minute"},"schema":{"@context":"https:\/\/schema.org","@graph":[{"@type":"WebPage","@id":"https:\/\/www.miomiorun.com\/es\/producto\/top-light-up-mujer\/","url":"https:\/\/www.miomiorun.com\/es\/producto\/top-light-up-mujer\/","name":"Crazy Idea Top Light UP mujer - camiseta sin mangas para correr - MioMioRun","isPartOf":{"@id":"https:\/\/www.miomiorun.com\/es\/#website"},"primaryImageOfPage":{"@id":"https:\/\/www.miomiorun.com\/es\/producto\/top-light-up-mujer\/#primaryimage"},"image":{"@id":"https:\/\/www.miomiorun.com\/es\/producto\/top-light-up-mujer\/#primaryimage"},"thumbnailUrl":"https:\/\/www.miomiorun.com\/app\/uploads\/2026\/05\/Crazy-Top-Light-UP-pop-S26195044D-0063.webp","datePublished":"2026-05-05T09:42:52+00:00","dateModified":"2026-05-08T10:01:14+00:00","description":"Camiseta sin mangas para correr, ligera y transpirable, dise\u00f1ada para ofrecer frescor, comodidad y libertad de movimiento en los d\u00edas m\u00e1s calurosos.","breadcrumb":{"@id":"https:\/\/www.miomiorun.com\/es\/producto\/top-light-up-mujer\/#breadcrumb"},"inLanguage":"es-ES","potentialAction":[{"@type":"ReadAction","target":["https:\/\/www.miomiorun.com\/es\/producto\/top-light-up-mujer\/"]}]},{"@type":"ImageObject","inLanguage":"es-ES","@id":"https:\/\/www.miomiorun.com\/es\/producto\/top-light-up-mujer\/#primaryimage","url":"https:\/\/www.miomiorun.com\/app\/uploads\/2026\/05\/Crazy-Top-Light-UP-pop-S26195044D-0063.webp","contentUrl":"https:\/\/www.miomiorun.com\/app\/uploads\/2026\/05\/Crazy-Top-Light-UP-pop-S26195044D-0063.webp","width":720,"height":720,"caption":"Crazy Top Light UP pop S26195044D-0063"},{"@type":"BreadcrumbList","@id":"https:\/\/www.miomiorun.com\/es\/producto\/top-light-up-mujer\/#breadcrumb","itemListElement":[{"@type":"ListItem","position":1,"name":"Home","item":"https:\/\/www.miomiorun.com\/es\/"},{"@type":"ListItem","position":2,"name":"Shop","item":"https:\/\/www.miomiorun.com\/shop\/"},{"@type":"ListItem","position":3,"name":"Top Light UP mujer"}]},{"@type":"WebSite","@id":"https:\/\/www.miomiorun.com\/es\/#website","url":"https:\/\/www.miomiorun.com\/es\/","name":"MioMioRun","description":"Tienda 100% running y trail","publisher":{"@id":"https:\/\/www.miomiorun.com\/es\/#organization"},"potentialAction":[{"@type":"SearchAction","target":{"@type":"EntryPoint","urlTemplate":"https:\/\/www.miomiorun.com\/es\/?s={search_term_string}"},"query-input":{"@type":"PropertyValueSpecification","valueRequired":true,"valueName":"search_term_string"}}],"inLanguage":"es-ES"},{"@type":"Organization","@id":"https:\/\/www.miomiorun.com\/es\/#organization","name":"MioMio Run","url":"https:\/\/www.miomiorun.com\/es\/","logo":{"@type":"ImageObject","inLanguage":"es-ES","@id":"https:\/\/www.miomiorun.com\/es\/#\/schema\/logo\/image\/","url":"https:\/\/www.miomiorun.com\/app\/uploads\/2019\/12\/logomio.png","contentUrl":"https:\/\/www.miomiorun.com\/app\/uploads\/2019\/12\/logomio.png","width":115,"height":82,"caption":"MioMio Run"},"image":{"@id":"https:\/\/www.miomiorun.com\/es\/#\/schema\/logo\/image\/"},"sameAs":["https:\/\/www.facebook.com\/miomiorun\/","https:\/\/www.instagram.com\/miomiorun\/"]}]}},"_links":{"self":[{"href":"https:\/\/www.miomiorun.com\/es\/wp-json\/wp\/v2\/product\/437715","targetHints":{"allow":["GET"]}}],"collection":[{"href":"https:\/\/www.miomiorun.com\/es\/wp-json\/wp\/v2\/product"}],"about":[{"href":"https:\/\/www.miomiorun.com\/es\/wp-json\/wp\/v2\/types\/product"}],"wp:featuredmedia":[{"embeddable":true,"href":"https:\/\/www.miomiorun.com\/es\/wp-json\/wp\/v2\/media\/437758"}],"wp:attachment":[{"href":"https:\/\/www.miomiorun.com\/es\/wp-json\/wp\/v2\/media?parent=437715"}],"wp:term":[{"taxonomy":"product_brand","embeddable":true,"href":"https:\/\/www.miomiorun.com\/es\/wp-json\/wp\/v2\/product_brand?post=437715"},{"taxonomy":"product_cat","embeddable":true,"href":"https:\/\/www.miomiorun.com\/es\/wp-json\/wp\/v2\/product_cat?post=437715"},{"taxonomy":"product_tag","embeddable":true,"href":"https:\/\/www.miomiorun.com\/es\/wp-json\/wp\/v2\/product_tag?post=437715"}],"curies":[{"name":"wp","href":"https:\/\/api.w.org\/{rel}","templated":true}]}}