{"id":436559,"date":"2026-04-28T17:58:12","date_gmt":"2026-04-28T15:58:12","guid":{"rendered":"https:\/\/www.miomiorun.com\/?post_type=product&#038;p=436559"},"modified":"2026-05-07T16:49:20","modified_gmt":"2026-05-07T14:49:20","slug":"ru-ultralight-hombre","status":"publish","type":"product","link":"https:\/\/www.miomiorun.com\/es\/producto\/ru-ultralight-hombre\/","title":{"rendered":"RU ultralight hombre"},"content":{"rendered":"<p>&nbsp;<\/p>\n<table style=\"border-collapse: collapse;width: 100%\">\n<tbody>\n<tr>\n<td style=\"width: 20%;text-align: center\"><img decoding=\"async\" class=\"product-functional-symbols__image aligncenter\" src=\"https:\/\/www.falke.com\/it_it\/4db1c784dda527a5a838b3006792a33f7ba86246\/assets\/base\/staticImages\/functionalsymbols\/icon_cooling-effect.svg\"><\/p>\n<p>Efecto refrescante<\/td>\n<td style=\"width: 20%;text-align: center\"><img decoding=\"async\" class=\"product-functional-symbols__image aligncenter\" src=\"https:\/\/www.falke.com\/it_it\/4db1c784dda527a5a838b3006792a33f7ba86246\/assets\/base\/staticImages\/functionalsymbols\/icon_feuchtigkeitsregulierend.svg\"><\/p>\n<p>Regula la humedad<\/td>\n<td style=\"width: 20%;text-align: center\"><img decoding=\"async\" class=\"product-functional-symbols__image aligncenter\" src=\"https:\/\/www.falke.com\/it_it\/4db1c784dda527a5a838b3006792a33f7ba86246\/assets\/base\/staticImages\/functionalsymbols\/icon_stabilisierend.svg\"><\/p>\n<p>Estabilizador<\/td>\n<td style=\"width: 20%;text-align: center\"><img decoding=\"async\" class=\"product-functional-symbols__image aligncenter\" src=\"https:\/\/www.falke.com\/it_it\/4db1c784dda527a5a838b3006792a33f7ba86246\/assets\/base\/staticImages\/functionalsymbols\/icon_schnellste_ruecktrocknung.svg\"><\/p>\n<p>Secado m\u00e1s r\u00e1pido<\/td>\n<td style=\"width: 20%;text-align: center\"><strong><img decoding=\"async\" class=\"product-functional-symbols__image aligncenter\" src=\"https:\/\/www.falke.com\/it_it\/4db1c784dda527a5a838b3006792a33f7ba86246\/assets\/base\/staticImages\/functionalsymbols\/icon_daempfende-wirkung.svg\"><\/strong><\/p>\n<p>Efecto amortiguador<\/td>\n<\/tr>\n<\/tbody>\n<\/table>\n<div class=\"product-functional-symbols__content\"><\/div>\n<p data-start=\"0\" data-end=\"347\">Los calcetines de running para hombre RU5 Race Pro est\u00e1n dise\u00f1ados para ofrecer <strong data-start=\"94\" data-end=\"114\">m\u00e1xima velocidad<\/strong>, <strong data-start=\"116\" data-end=\"138\">ligereza extrema<\/strong> y <strong data-start=\"141\" data-end=\"175\">contacto directo con la zapatilla<\/strong>, ideales para competiciones y rendimientos de alto nivel. Pensadas para combinarse tambi\u00e9n con zapatillas con placa de carbono, permiten una carrera m\u00e1s eficiente y reactiva.<\/p>\n<p data-start=\"349\" data-end=\"389\">Su dise\u00f1o est\u00e1 pensado para garantizar:<\/p>\n<ul data-start=\"390\" data-end=\"602\">\n<li data-section-id=\"1dot8ya\" data-start=\"390\" data-end=\"464\"><strong data-start=\"392\" data-end=\"427\">Contacto directo con el terreno<\/strong> gracias a su estructura ultraligera<\/li>\n<li data-section-id=\"mne6wp\" data-start=\"465\" data-end=\"530\"><strong data-start=\"467\" data-end=\"502\">Pies secos y sin ampollas<\/strong> con tecnolog\u00eda de 3 capas<\/li>\n<li data-section-id=\"j7qiqc\" data-start=\"531\" data-end=\"602\"><strong data-start=\"533\" data-end=\"556\">Alto rendimiento<\/strong> con materiales t\u00e9cnicos de secado r\u00e1pido<\/li>\n<\/ul>\n<p data-start=\"604\" data-end=\"1028\">La incorporaci\u00f3n de <strong data-start=\"620\" data-end=\"648\">polipropileno resistente<\/strong> aumenta la durabilidad, mientras que el <strong data-start=\"688\" data-end=\"729\">ajuste anat\u00f3mico derecho\/izquierdo<\/strong> garantiza precisi\u00f3n y comodidad. El <strong data-start=\"763\" data-end=\"787\">acolchado puntual<\/strong> reduce la tensi\u00f3n en los dedos, la planta y el tal\u00f3n sin comprometer la sensibilidad, lo que las hace ideales para correr a gran velocidad. El tejido t\u00e9cnico favorece la <strong data-start=\"938\" data-end=\"971\">regulaci\u00f3n de la temperatura<\/strong> y mantiene el pie fresco incluso durante esfuerzos intensos.<\/p>\n<p data-start=\"1030\" data-end=\"1126\">Composici\u00f3n: <strong data-start=\"1044\" data-end=\"1125\">38 % poli\u00e9ster, 34 % poliamida, 24 % polipropileno, 3 % elastano, 1 % poliuretano<\/strong>.<\/p>\n","protected":false},"excerpt":{"rendered":"<ul>\n<li data-section-id=\"1cx6ywy\" data-start=\"1344\" data-end=\"1417\"><strong data-start=\"1346\" data-end=\"1372\">Estructura ultraligera<\/strong> para un contacto \u00f3ptimo y un alto rendimiento<\/li>\n<li data-section-id=\"prw53x\" data-start=\"1418\" data-end=\"1495\"><strong data-start=\"1420\" data-end=\"1457\">Tecnolog\u00eda transpirable de 3 capas<\/strong> para mantener los pies secos y sin ampollas<\/li>\n<li data-section-id=\"5m30ig\" data-start=\"1496\" data-end=\"1577\" data-is-last-node=\"\"><strong data-start=\"1498\" data-end=\"1546\">Ajuste anat\u00f3mico y materiales resistentes<\/strong> para mayor comodidad y durabilidad<\/li>\n<\/ul>\n","protected":false},"featured_media":436573,"template":"","meta":{"_acf_changed":false,"inline_featured_image":false},"product_brand":[],"product_cat":[24462,24463],"product_tag":[23483,23607],"class_list":{"0":"post-436559","1":"product","2":"type-product","3":"status-publish","4":"has-post-thumbnail","6":"product_cat-calcetines-es-2","7":"product_cat-ropa-de-hombre-es","8":"product_tag-falke-es","9":"product_tag-falke-hombre","10":"pa_attivita-caminar","11":"pa_attivita-running-es","12":"pa_marca-falke-es","13":"pa_sesso-hombre","14":"pa_size-44-45-es","16":"first","17":"instock","18":"sale","19":"taxable","20":"shipping-taxable","21":"purchasable","22":"product-type-variable","23":"wvs-archive-product-wrapper"},"acf":[],"yoast_head":"<!-- This site is optimized with the Yoast SEO plugin v26.8 - https:\/\/yoast.com\/product\/yoast-seo-wordpress\/ -->\n<title>Falke RU ultralight hombre - Calcetines para correr - MioMioRun.com<\/title>\n<meta name=\"description\" content=\"Calcetines de running ultraligeros de competici\u00f3n, dise\u00f1ados para ofrecer velocidad, precisi\u00f3n y la m\u00e1xima transpirabilidad durante los entrenamientos m\u00e1s intensos\" \/>\n<meta name=\"robots\" content=\"index, follow, max-snippet:-1, max-image-preview:large, max-video-preview:-1\" \/>\n<link rel=\"canonical\" href=\"https:\/\/www.miomiorun.com\/es\/producto\/ru-ultralight-hombre\/\" \/>\n<meta property=\"og:locale\" content=\"es_ES\" \/>\n<meta property=\"og:type\" content=\"article\" \/>\n<meta property=\"og:title\" content=\"Falke RU ultralight hombre - Calcetines para correr - MioMioRun.com\" \/>\n<meta property=\"og:description\" content=\"Calcetines de running ultraligeros de competici\u00f3n, dise\u00f1ados para ofrecer velocidad, precisi\u00f3n y la m\u00e1xima transpirabilidad durante los entrenamientos m\u00e1s intensos\" \/>\n<meta property=\"og:url\" content=\"https:\/\/www.miomiorun.com\/es\/producto\/ru-ultralight-hombre\/\" \/>\n<meta property=\"og:site_name\" content=\"MioMioRun\" \/>\n<meta property=\"article:publisher\" content=\"https:\/\/www.facebook.com\/miomiorun\/\" \/>\n<meta property=\"article:modified_time\" content=\"2026-05-07T14:49:20+00:00\" \/>\n<meta property=\"og:image\" content=\"https:\/\/www.miomiorun.com\/app\/uploads\/2026\/04\/Falke-RU-Ultralight-M-76025-3002.webp\" \/>\n\t<meta property=\"og:image:width\" content=\"720\" \/>\n\t<meta property=\"og:image:height\" content=\"720\" \/>\n\t<meta property=\"og:image:type\" content=\"image\/webp\" \/>\n<meta name=\"twitter:card\" content=\"summary_large_image\" \/>\n<meta name=\"twitter:label1\" content=\"Est. reading time\" \/>\n\t<meta name=\"twitter:data1\" content=\"1 minute\" \/>\n<script type=\"application\/ld+json\" class=\"yoast-schema-graph\">{\"@context\":\"https:\/\/schema.org\",\"@graph\":[{\"@type\":\"WebPage\",\"@id\":\"https:\/\/www.miomiorun.com\/es\/producto\/ru-ultralight-hombre\/\",\"url\":\"https:\/\/www.miomiorun.com\/es\/producto\/ru-ultralight-hombre\/\",\"name\":\"Falke RU ultralight hombre - Calcetines para correr - MioMioRun.com\",\"isPartOf\":{\"@id\":\"https:\/\/www.miomiorun.com\/es\/#website\"},\"primaryImageOfPage\":{\"@id\":\"https:\/\/www.miomiorun.com\/es\/producto\/ru-ultralight-hombre\/#primaryimage\"},\"image\":{\"@id\":\"https:\/\/www.miomiorun.com\/es\/producto\/ru-ultralight-hombre\/#primaryimage\"},\"thumbnailUrl\":\"https:\/\/www.miomiorun.com\/app\/uploads\/2026\/04\/Falke-RU-Ultralight-M-76025-3002.webp\",\"datePublished\":\"2026-04-28T15:58:12+00:00\",\"dateModified\":\"2026-05-07T14:49:20+00:00\",\"description\":\"Calcetines de running ultraligeros de competici\u00f3n, dise\u00f1ados para ofrecer velocidad, precisi\u00f3n y la m\u00e1xima transpirabilidad durante los entrenamientos m\u00e1s intensos\",\"breadcrumb\":{\"@id\":\"https:\/\/www.miomiorun.com\/es\/producto\/ru-ultralight-hombre\/#breadcrumb\"},\"inLanguage\":\"es-ES\",\"potentialAction\":[{\"@type\":\"ReadAction\",\"target\":[\"https:\/\/www.miomiorun.com\/es\/producto\/ru-ultralight-hombre\/\"]}]},{\"@type\":\"ImageObject\",\"inLanguage\":\"es-ES\",\"@id\":\"https:\/\/www.miomiorun.com\/es\/producto\/ru-ultralight-hombre\/#primaryimage\",\"url\":\"https:\/\/www.miomiorun.com\/app\/uploads\/2026\/04\/Falke-RU-Ultralight-M-76025-3002.webp\",\"contentUrl\":\"https:\/\/www.miomiorun.com\/app\/uploads\/2026\/04\/Falke-RU-Ultralight-M-76025-3002.webp\",\"width\":720,\"height\":720,\"caption\":\"Falke RU Ultralight M 76025 3002\"},{\"@type\":\"BreadcrumbList\",\"@id\":\"https:\/\/www.miomiorun.com\/es\/producto\/ru-ultralight-hombre\/#breadcrumb\",\"itemListElement\":[{\"@type\":\"ListItem\",\"position\":1,\"name\":\"Home\",\"item\":\"https:\/\/www.miomiorun.com\/es\/\"},{\"@type\":\"ListItem\",\"position\":2,\"name\":\"Shop\",\"item\":\"https:\/\/www.miomiorun.com\/shop\/\"},{\"@type\":\"ListItem\",\"position\":3,\"name\":\"RU ultralight hombre\"}]},{\"@type\":\"WebSite\",\"@id\":\"https:\/\/www.miomiorun.com\/es\/#website\",\"url\":\"https:\/\/www.miomiorun.com\/es\/\",\"name\":\"MioMioRun\",\"description\":\"Tienda 100% running y trail\",\"publisher\":{\"@id\":\"https:\/\/www.miomiorun.com\/es\/#organization\"},\"potentialAction\":[{\"@type\":\"SearchAction\",\"target\":{\"@type\":\"EntryPoint\",\"urlTemplate\":\"https:\/\/www.miomiorun.com\/es\/?s={search_term_string}\"},\"query-input\":{\"@type\":\"PropertyValueSpecification\",\"valueRequired\":true,\"valueName\":\"search_term_string\"}}],\"inLanguage\":\"es-ES\"},{\"@type\":\"Organization\",\"@id\":\"https:\/\/www.miomiorun.com\/es\/#organization\",\"name\":\"MioMio Run\",\"url\":\"https:\/\/www.miomiorun.com\/es\/\",\"logo\":{\"@type\":\"ImageObject\",\"inLanguage\":\"es-ES\",\"@id\":\"https:\/\/www.miomiorun.com\/es\/#\/schema\/logo\/image\/\",\"url\":\"https:\/\/www.miomiorun.com\/app\/uploads\/2019\/12\/logomio.png\",\"contentUrl\":\"https:\/\/www.miomiorun.com\/app\/uploads\/2019\/12\/logomio.png\",\"width\":115,\"height\":82,\"caption\":\"MioMio Run\"},\"image\":{\"@id\":\"https:\/\/www.miomiorun.com\/es\/#\/schema\/logo\/image\/\"},\"sameAs\":[\"https:\/\/www.facebook.com\/miomiorun\/\",\"https:\/\/www.instagram.com\/miomiorun\/\"]}]}<\/script>\n<!-- \/ Yoast SEO plugin. -->","yoast_head_json":{"title":"Falke RU ultralight hombre - Calcetines para correr - MioMioRun.com","description":"Calcetines de running ultraligeros de competici\u00f3n, dise\u00f1ados para ofrecer velocidad, precisi\u00f3n y la m\u00e1xima transpirabilidad durante los entrenamientos m\u00e1s intensos","robots":{"index":"index","follow":"follow","max-snippet":"max-snippet:-1","max-image-preview":"max-image-preview:large","max-video-preview":"max-video-preview:-1"},"canonical":"https:\/\/www.miomiorun.com\/es\/producto\/ru-ultralight-hombre\/","og_locale":"es_ES","og_type":"article","og_title":"Falke RU ultralight hombre - Calcetines para correr - MioMioRun.com","og_description":"Calcetines de running ultraligeros de competici\u00f3n, dise\u00f1ados para ofrecer velocidad, precisi\u00f3n y la m\u00e1xima transpirabilidad durante los entrenamientos m\u00e1s intensos","og_url":"https:\/\/www.miomiorun.com\/es\/producto\/ru-ultralight-hombre\/","og_site_name":"MioMioRun","article_publisher":"https:\/\/www.facebook.com\/miomiorun\/","article_modified_time":"2026-05-07T14:49:20+00:00","og_image":[{"width":720,"height":720,"url":"https:\/\/www.miomiorun.com\/app\/uploads\/2026\/04\/Falke-RU-Ultralight-M-76025-3002.webp","type":"image\/webp"}],"twitter_card":"summary_large_image","twitter_misc":{"Est. reading time":"1 minute"},"schema":{"@context":"https:\/\/schema.org","@graph":[{"@type":"WebPage","@id":"https:\/\/www.miomiorun.com\/es\/producto\/ru-ultralight-hombre\/","url":"https:\/\/www.miomiorun.com\/es\/producto\/ru-ultralight-hombre\/","name":"Falke RU ultralight hombre - Calcetines para correr - MioMioRun.com","isPartOf":{"@id":"https:\/\/www.miomiorun.com\/es\/#website"},"primaryImageOfPage":{"@id":"https:\/\/www.miomiorun.com\/es\/producto\/ru-ultralight-hombre\/#primaryimage"},"image":{"@id":"https:\/\/www.miomiorun.com\/es\/producto\/ru-ultralight-hombre\/#primaryimage"},"thumbnailUrl":"https:\/\/www.miomiorun.com\/app\/uploads\/2026\/04\/Falke-RU-Ultralight-M-76025-3002.webp","datePublished":"2026-04-28T15:58:12+00:00","dateModified":"2026-05-07T14:49:20+00:00","description":"Calcetines de running ultraligeros de competici\u00f3n, dise\u00f1ados para ofrecer velocidad, precisi\u00f3n y la m\u00e1xima transpirabilidad durante los entrenamientos m\u00e1s intensos","breadcrumb":{"@id":"https:\/\/www.miomiorun.com\/es\/producto\/ru-ultralight-hombre\/#breadcrumb"},"inLanguage":"es-ES","potentialAction":[{"@type":"ReadAction","target":["https:\/\/www.miomiorun.com\/es\/producto\/ru-ultralight-hombre\/"]}]},{"@type":"ImageObject","inLanguage":"es-ES","@id":"https:\/\/www.miomiorun.com\/es\/producto\/ru-ultralight-hombre\/#primaryimage","url":"https:\/\/www.miomiorun.com\/app\/uploads\/2026\/04\/Falke-RU-Ultralight-M-76025-3002.webp","contentUrl":"https:\/\/www.miomiorun.com\/app\/uploads\/2026\/04\/Falke-RU-Ultralight-M-76025-3002.webp","width":720,"height":720,"caption":"Falke RU Ultralight M 76025 3002"},{"@type":"BreadcrumbList","@id":"https:\/\/www.miomiorun.com\/es\/producto\/ru-ultralight-hombre\/#breadcrumb","itemListElement":[{"@type":"ListItem","position":1,"name":"Home","item":"https:\/\/www.miomiorun.com\/es\/"},{"@type":"ListItem","position":2,"name":"Shop","item":"https:\/\/www.miomiorun.com\/shop\/"},{"@type":"ListItem","position":3,"name":"RU ultralight hombre"}]},{"@type":"WebSite","@id":"https:\/\/www.miomiorun.com\/es\/#website","url":"https:\/\/www.miomiorun.com\/es\/","name":"MioMioRun","description":"Tienda 100% running y trail","publisher":{"@id":"https:\/\/www.miomiorun.com\/es\/#organization"},"potentialAction":[{"@type":"SearchAction","target":{"@type":"EntryPoint","urlTemplate":"https:\/\/www.miomiorun.com\/es\/?s={search_term_string}"},"query-input":{"@type":"PropertyValueSpecification","valueRequired":true,"valueName":"search_term_string"}}],"inLanguage":"es-ES"},{"@type":"Organization","@id":"https:\/\/www.miomiorun.com\/es\/#organization","name":"MioMio Run","url":"https:\/\/www.miomiorun.com\/es\/","logo":{"@type":"ImageObject","inLanguage":"es-ES","@id":"https:\/\/www.miomiorun.com\/es\/#\/schema\/logo\/image\/","url":"https:\/\/www.miomiorun.com\/app\/uploads\/2019\/12\/logomio.png","contentUrl":"https:\/\/www.miomiorun.com\/app\/uploads\/2019\/12\/logomio.png","width":115,"height":82,"caption":"MioMio Run"},"image":{"@id":"https:\/\/www.miomiorun.com\/es\/#\/schema\/logo\/image\/"},"sameAs":["https:\/\/www.facebook.com\/miomiorun\/","https:\/\/www.instagram.com\/miomiorun\/"]}]}},"_links":{"self":[{"href":"https:\/\/www.miomiorun.com\/es\/wp-json\/wp\/v2\/product\/436559","targetHints":{"allow":["GET"]}}],"collection":[{"href":"https:\/\/www.miomiorun.com\/es\/wp-json\/wp\/v2\/product"}],"about":[{"href":"https:\/\/www.miomiorun.com\/es\/wp-json\/wp\/v2\/types\/product"}],"wp:featuredmedia":[{"embeddable":true,"href":"https:\/\/www.miomiorun.com\/es\/wp-json\/wp\/v2\/media\/436573"}],"wp:attachment":[{"href":"https:\/\/www.miomiorun.com\/es\/wp-json\/wp\/v2\/media?parent=436559"}],"wp:term":[{"taxonomy":"product_brand","embeddable":true,"href":"https:\/\/www.miomiorun.com\/es\/wp-json\/wp\/v2\/product_brand?post=436559"},{"taxonomy":"product_cat","embeddable":true,"href":"https:\/\/www.miomiorun.com\/es\/wp-json\/wp\/v2\/product_cat?post=436559"},{"taxonomy":"product_tag","embeddable":true,"href":"https:\/\/www.miomiorun.com\/es\/wp-json\/wp\/v2\/product_tag?post=436559"}],"curies":[{"name":"wp","href":"https:\/\/api.w.org\/{rel}","templated":true}]}}