{"id":436319,"date":"2026-04-28T15:43:05","date_gmt":"2026-04-28T13:43:05","guid":{"rendered":"https:\/\/www.miomiorun.com\/?post_type=product&#038;p=436319"},"modified":"2026-05-07T16:54:43","modified_gmt":"2026-05-07T14:54:43","slug":"tk5-hombre","status":"publish","type":"product","link":"https:\/\/www.miomiorun.com\/es\/producto\/tk5-hombre\/","title":{"rendered":"TK5 hombre"},"content":{"rendered":"<p data-start=\"0\" data-end=\"355\">Los calcetines de senderismo para hombre TK5 est\u00e1n dise\u00f1ados para ofrecer <strong data-start=\"83\" data-end=\"97\">ligereza<\/strong>, <strong data-start=\"99\" data-end=\"110\">comodidad<\/strong> y <strong data-start=\"113\" data-end=\"133\">termorregulaci\u00f3n<\/strong> durante excursiones ocasionales y actividades cotidianas. Gracias a la combinaci\u00f3n de materiales t\u00e9cnicos y <strong data-start=\"236\" data-end=\"251\">lana merina<\/strong>, garantizan una sensaci\u00f3n natural sobre la piel y un buen equilibrio entre aislamiento y transpirabilidad. <\/p>\n<p data-start=\"357\" data-end=\"395\">Su estructura est\u00e1 dise\u00f1ada para garantizar:<\/p>\n<ul data-start=\"396\" data-end=\"614\">\n<li data-section-id=\"1jf61o\" data-start=\"396\" data-end=\"474\"><strong data-start=\"398\" data-end=\"433\">Pies secos y sin ampollas<\/strong> gracias a su construcci\u00f3n transpirable de 3 capas<\/li>\n<li data-section-id=\"1fanno9\" data-start=\"475\" data-end=\"554\"><strong data-start=\"477\" data-end=\"514\">Contacto directo con el calzado<\/strong> para una mayor precisi\u00f3n y sensibilidad<\/li>\n<li data-section-id=\"6y2wud\" data-start=\"555\" data-end=\"614\"><strong data-start=\"557\" data-end=\"588\">Comodidad y protecci\u00f3n espec\u00edfica<\/strong> con un acolchado ligero<\/li>\n<\/ul>\n<p data-start=\"616\" data-end=\"1049\">El <strong data-start=\"619\" data-end=\"646\">tejido con lana merina<\/strong> contribuye a la <strong data-start=\"665\" data-end=\"685\">termorregulaci\u00f3n<\/strong> y ofrece un efecto antiolor natural, ideal para usos prolongados. El <strong data-start=\"761\" data-end=\"802\">ajuste anat\u00f3mico derecho\/izquierdo<\/strong> garantiza un ajuste preciso, mientras que la estructura ligera facilita su colocaci\u00f3n en el calzado y mejora la comodidad al caminar. Longitud hasta la pantorrilla y dise\u00f1o pensado para un uso vers\u00e1til, desde la ciudad hasta las excursiones ligeras.<\/p>\n<p data-start=\"1051\" data-end=\"1121\">Composici\u00f3n: <strong data-start=\"1065\" data-end=\"1120\">38 % lana de esquila, 34 % polipropileno, 28 % poliamida<\/strong>.<\/p>\n","protected":false},"excerpt":{"rendered":"<ul>\n<li data-section-id=\"m9zf9c\" data-start=\"1350\" data-end=\"1420\"><strong data-start=\"1352\" data-end=\"1382\">Lana merina termorreguladora<\/strong> para mayor comodidad y control de los olores<\/li>\n<li data-section-id=\"cl4ruu\" data-start=\"1421\" data-end=\"1493\"><strong data-start=\"1423\" data-end=\"1459\">Estructura transpirable de 3 capas<\/strong> para mantener el pie seco<\/li>\n<li data-section-id=\"lvu357\" data-start=\"1494\" data-end=\"1568\" data-is-last-node=\"\"><strong data-start=\"1496\" data-end=\"1543\">Acolchado ligero y ajuste anat\u00f3mico<\/strong> para mayor precisi\u00f3n y comodidad<\/li>\n<\/ul>\n","protected":false},"featured_media":436340,"template":"","meta":{"_acf_changed":false,"inline_featured_image":false},"product_brand":[],"product_cat":[24462,24463],"product_tag":[23483,23607],"class_list":{"0":"post-436319","1":"product","2":"type-product","3":"status-publish","4":"has-post-thumbnail","6":"product_cat-calcetines-es-2","7":"product_cat-ropa-de-hombre-es","8":"product_tag-falke-es","9":"product_tag-falke-hombre","10":"pa_attivita-caminar","11":"pa_attivita-outdoor-es","12":"pa_colore-tk5-m-yve","13":"pa_marca-falke-es","14":"pa_sesso-hombre","15":"pa_size-39-41-es","16":"pa_size-42-43-es","17":"pa_size-44-45-es","19":"first","20":"instock","21":"sale","22":"taxable","23":"shipping-taxable","24":"purchasable","25":"product-type-variable","26":"wvs-archive-product-wrapper"},"acf":[],"yoast_head":"<!-- This site is optimized with the Yoast SEO plugin v26.8 - https:\/\/yoast.com\/product\/yoast-seo-wordpress\/ -->\n<title>Falke TK5 hombre - Calcetines para correr - MioMioRun.com<\/title>\n<meta name=\"description\" content=\"Ligeros y transpirables, dise\u00f1ados para ofrecer comodidad, termorregulaci\u00f3n y un contacto \u00f3ptimo con el calzado durante las excursiones y las actividades cotidianas\" \/>\n<meta name=\"robots\" content=\"index, follow, max-snippet:-1, max-image-preview:large, max-video-preview:-1\" \/>\n<link rel=\"canonical\" href=\"https:\/\/www.miomiorun.com\/es\/producto\/tk5-hombre\/\" \/>\n<meta property=\"og:locale\" content=\"es_ES\" \/>\n<meta property=\"og:type\" content=\"article\" \/>\n<meta property=\"og:title\" content=\"Falke TK5 hombre - Calcetines para correr - MioMioRun.com\" \/>\n<meta property=\"og:description\" content=\"Ligeros y transpirables, dise\u00f1ados para ofrecer comodidad, termorregulaci\u00f3n y un contacto \u00f3ptimo con el calzado durante las excursiones y las actividades cotidianas\" \/>\n<meta property=\"og:url\" content=\"https:\/\/www.miomiorun.com\/es\/producto\/tk5-hombre\/\" \/>\n<meta property=\"og:site_name\" content=\"MioMioRun\" \/>\n<meta property=\"article:publisher\" content=\"https:\/\/www.facebook.com\/miomiorun\/\" \/>\n<meta property=\"article:modified_time\" content=\"2026-05-07T14:54:43+00:00\" \/>\n<meta property=\"og:image\" content=\"https:\/\/www.miomiorun.com\/app\/uploads\/2026\/04\/Falke-TK5-M-YVE-16242-6714.webp\" \/>\n\t<meta property=\"og:image:width\" content=\"720\" \/>\n\t<meta property=\"og:image:height\" content=\"720\" \/>\n\t<meta property=\"og:image:type\" content=\"image\/webp\" \/>\n<meta name=\"twitter:card\" content=\"summary_large_image\" \/>\n<meta name=\"twitter:label1\" content=\"Est. reading time\" \/>\n\t<meta name=\"twitter:data1\" content=\"1 minute\" \/>\n<script type=\"application\/ld+json\" class=\"yoast-schema-graph\">{\"@context\":\"https:\/\/schema.org\",\"@graph\":[{\"@type\":\"WebPage\",\"@id\":\"https:\/\/www.miomiorun.com\/es\/producto\/tk5-hombre\/\",\"url\":\"https:\/\/www.miomiorun.com\/es\/producto\/tk5-hombre\/\",\"name\":\"Falke TK5 hombre - Calcetines para correr - MioMioRun.com\",\"isPartOf\":{\"@id\":\"https:\/\/www.miomiorun.com\/es\/#website\"},\"primaryImageOfPage\":{\"@id\":\"https:\/\/www.miomiorun.com\/es\/producto\/tk5-hombre\/#primaryimage\"},\"image\":{\"@id\":\"https:\/\/www.miomiorun.com\/es\/producto\/tk5-hombre\/#primaryimage\"},\"thumbnailUrl\":\"https:\/\/www.miomiorun.com\/app\/uploads\/2026\/04\/Falke-TK5-M-YVE-16242-6714.webp\",\"datePublished\":\"2026-04-28T13:43:05+00:00\",\"dateModified\":\"2026-05-07T14:54:43+00:00\",\"description\":\"Ligeros y transpirables, dise\u00f1ados para ofrecer comodidad, termorregulaci\u00f3n y un contacto \u00f3ptimo con el calzado durante las excursiones y las actividades cotidianas\",\"breadcrumb\":{\"@id\":\"https:\/\/www.miomiorun.com\/es\/producto\/tk5-hombre\/#breadcrumb\"},\"inLanguage\":\"es-ES\",\"potentialAction\":[{\"@type\":\"ReadAction\",\"target\":[\"https:\/\/www.miomiorun.com\/es\/producto\/tk5-hombre\/\"]}]},{\"@type\":\"ImageObject\",\"inLanguage\":\"es-ES\",\"@id\":\"https:\/\/www.miomiorun.com\/es\/producto\/tk5-hombre\/#primaryimage\",\"url\":\"https:\/\/www.miomiorun.com\/app\/uploads\/2026\/04\/Falke-TK5-M-YVE-16242-6714.webp\",\"contentUrl\":\"https:\/\/www.miomiorun.com\/app\/uploads\/2026\/04\/Falke-TK5-M-YVE-16242-6714.webp\",\"width\":720,\"height\":720,\"caption\":\"Falke TK5 M YVE 16242 6714\"},{\"@type\":\"BreadcrumbList\",\"@id\":\"https:\/\/www.miomiorun.com\/es\/producto\/tk5-hombre\/#breadcrumb\",\"itemListElement\":[{\"@type\":\"ListItem\",\"position\":1,\"name\":\"Home\",\"item\":\"https:\/\/www.miomiorun.com\/es\/\"},{\"@type\":\"ListItem\",\"position\":2,\"name\":\"Shop\",\"item\":\"https:\/\/www.miomiorun.com\/shop\/\"},{\"@type\":\"ListItem\",\"position\":3,\"name\":\"TK5 hombre\"}]},{\"@type\":\"WebSite\",\"@id\":\"https:\/\/www.miomiorun.com\/es\/#website\",\"url\":\"https:\/\/www.miomiorun.com\/es\/\",\"name\":\"MioMioRun\",\"description\":\"Tienda 100% running y trail\",\"publisher\":{\"@id\":\"https:\/\/www.miomiorun.com\/es\/#organization\"},\"potentialAction\":[{\"@type\":\"SearchAction\",\"target\":{\"@type\":\"EntryPoint\",\"urlTemplate\":\"https:\/\/www.miomiorun.com\/es\/?s={search_term_string}\"},\"query-input\":{\"@type\":\"PropertyValueSpecification\",\"valueRequired\":true,\"valueName\":\"search_term_string\"}}],\"inLanguage\":\"es-ES\"},{\"@type\":\"Organization\",\"@id\":\"https:\/\/www.miomiorun.com\/es\/#organization\",\"name\":\"MioMio Run\",\"url\":\"https:\/\/www.miomiorun.com\/es\/\",\"logo\":{\"@type\":\"ImageObject\",\"inLanguage\":\"es-ES\",\"@id\":\"https:\/\/www.miomiorun.com\/es\/#\/schema\/logo\/image\/\",\"url\":\"https:\/\/www.miomiorun.com\/app\/uploads\/2019\/12\/logomio.png\",\"contentUrl\":\"https:\/\/www.miomiorun.com\/app\/uploads\/2019\/12\/logomio.png\",\"width\":115,\"height\":82,\"caption\":\"MioMio Run\"},\"image\":{\"@id\":\"https:\/\/www.miomiorun.com\/es\/#\/schema\/logo\/image\/\"},\"sameAs\":[\"https:\/\/www.facebook.com\/miomiorun\/\",\"https:\/\/www.instagram.com\/miomiorun\/\"]}]}<\/script>\n<!-- \/ Yoast SEO plugin. -->","yoast_head_json":{"title":"Falke TK5 hombre - Calcetines para correr - MioMioRun.com","description":"Ligeros y transpirables, dise\u00f1ados para ofrecer comodidad, termorregulaci\u00f3n y un contacto \u00f3ptimo con el calzado durante las excursiones y las actividades cotidianas","robots":{"index":"index","follow":"follow","max-snippet":"max-snippet:-1","max-image-preview":"max-image-preview:large","max-video-preview":"max-video-preview:-1"},"canonical":"https:\/\/www.miomiorun.com\/es\/producto\/tk5-hombre\/","og_locale":"es_ES","og_type":"article","og_title":"Falke TK5 hombre - Calcetines para correr - MioMioRun.com","og_description":"Ligeros y transpirables, dise\u00f1ados para ofrecer comodidad, termorregulaci\u00f3n y un contacto \u00f3ptimo con el calzado durante las excursiones y las actividades cotidianas","og_url":"https:\/\/www.miomiorun.com\/es\/producto\/tk5-hombre\/","og_site_name":"MioMioRun","article_publisher":"https:\/\/www.facebook.com\/miomiorun\/","article_modified_time":"2026-05-07T14:54:43+00:00","og_image":[{"width":720,"height":720,"url":"https:\/\/www.miomiorun.com\/app\/uploads\/2026\/04\/Falke-TK5-M-YVE-16242-6714.webp","type":"image\/webp"}],"twitter_card":"summary_large_image","twitter_misc":{"Est. reading time":"1 minute"},"schema":{"@context":"https:\/\/schema.org","@graph":[{"@type":"WebPage","@id":"https:\/\/www.miomiorun.com\/es\/producto\/tk5-hombre\/","url":"https:\/\/www.miomiorun.com\/es\/producto\/tk5-hombre\/","name":"Falke TK5 hombre - Calcetines para correr - MioMioRun.com","isPartOf":{"@id":"https:\/\/www.miomiorun.com\/es\/#website"},"primaryImageOfPage":{"@id":"https:\/\/www.miomiorun.com\/es\/producto\/tk5-hombre\/#primaryimage"},"image":{"@id":"https:\/\/www.miomiorun.com\/es\/producto\/tk5-hombre\/#primaryimage"},"thumbnailUrl":"https:\/\/www.miomiorun.com\/app\/uploads\/2026\/04\/Falke-TK5-M-YVE-16242-6714.webp","datePublished":"2026-04-28T13:43:05+00:00","dateModified":"2026-05-07T14:54:43+00:00","description":"Ligeros y transpirables, dise\u00f1ados para ofrecer comodidad, termorregulaci\u00f3n y un contacto \u00f3ptimo con el calzado durante las excursiones y las actividades cotidianas","breadcrumb":{"@id":"https:\/\/www.miomiorun.com\/es\/producto\/tk5-hombre\/#breadcrumb"},"inLanguage":"es-ES","potentialAction":[{"@type":"ReadAction","target":["https:\/\/www.miomiorun.com\/es\/producto\/tk5-hombre\/"]}]},{"@type":"ImageObject","inLanguage":"es-ES","@id":"https:\/\/www.miomiorun.com\/es\/producto\/tk5-hombre\/#primaryimage","url":"https:\/\/www.miomiorun.com\/app\/uploads\/2026\/04\/Falke-TK5-M-YVE-16242-6714.webp","contentUrl":"https:\/\/www.miomiorun.com\/app\/uploads\/2026\/04\/Falke-TK5-M-YVE-16242-6714.webp","width":720,"height":720,"caption":"Falke TK5 M YVE 16242 6714"},{"@type":"BreadcrumbList","@id":"https:\/\/www.miomiorun.com\/es\/producto\/tk5-hombre\/#breadcrumb","itemListElement":[{"@type":"ListItem","position":1,"name":"Home","item":"https:\/\/www.miomiorun.com\/es\/"},{"@type":"ListItem","position":2,"name":"Shop","item":"https:\/\/www.miomiorun.com\/shop\/"},{"@type":"ListItem","position":3,"name":"TK5 hombre"}]},{"@type":"WebSite","@id":"https:\/\/www.miomiorun.com\/es\/#website","url":"https:\/\/www.miomiorun.com\/es\/","name":"MioMioRun","description":"Tienda 100% running y trail","publisher":{"@id":"https:\/\/www.miomiorun.com\/es\/#organization"},"potentialAction":[{"@type":"SearchAction","target":{"@type":"EntryPoint","urlTemplate":"https:\/\/www.miomiorun.com\/es\/?s={search_term_string}"},"query-input":{"@type":"PropertyValueSpecification","valueRequired":true,"valueName":"search_term_string"}}],"inLanguage":"es-ES"},{"@type":"Organization","@id":"https:\/\/www.miomiorun.com\/es\/#organization","name":"MioMio Run","url":"https:\/\/www.miomiorun.com\/es\/","logo":{"@type":"ImageObject","inLanguage":"es-ES","@id":"https:\/\/www.miomiorun.com\/es\/#\/schema\/logo\/image\/","url":"https:\/\/www.miomiorun.com\/app\/uploads\/2019\/12\/logomio.png","contentUrl":"https:\/\/www.miomiorun.com\/app\/uploads\/2019\/12\/logomio.png","width":115,"height":82,"caption":"MioMio Run"},"image":{"@id":"https:\/\/www.miomiorun.com\/es\/#\/schema\/logo\/image\/"},"sameAs":["https:\/\/www.facebook.com\/miomiorun\/","https:\/\/www.instagram.com\/miomiorun\/"]}]}},"_links":{"self":[{"href":"https:\/\/www.miomiorun.com\/es\/wp-json\/wp\/v2\/product\/436319","targetHints":{"allow":["GET"]}}],"collection":[{"href":"https:\/\/www.miomiorun.com\/es\/wp-json\/wp\/v2\/product"}],"about":[{"href":"https:\/\/www.miomiorun.com\/es\/wp-json\/wp\/v2\/types\/product"}],"wp:featuredmedia":[{"embeddable":true,"href":"https:\/\/www.miomiorun.com\/es\/wp-json\/wp\/v2\/media\/436340"}],"wp:attachment":[{"href":"https:\/\/www.miomiorun.com\/es\/wp-json\/wp\/v2\/media?parent=436319"}],"wp:term":[{"taxonomy":"product_brand","embeddable":true,"href":"https:\/\/www.miomiorun.com\/es\/wp-json\/wp\/v2\/product_brand?post=436319"},{"taxonomy":"product_cat","embeddable":true,"href":"https:\/\/www.miomiorun.com\/es\/wp-json\/wp\/v2\/product_cat?post=436319"},{"taxonomy":"product_tag","embeddable":true,"href":"https:\/\/www.miomiorun.com\/es\/wp-json\/wp\/v2\/product_tag?post=436319"}],"curies":[{"name":"wp","href":"https:\/\/api.w.org\/{rel}","templated":true}]}}