{"id":436268,"date":"2026-04-28T12:15:51","date_gmt":"2026-04-28T10:15:51","guid":{"rendered":"https:\/\/www.miomiorun.com\/?post_type=product&#038;p=436268"},"modified":"2026-05-07T16:56:31","modified_gmt":"2026-05-07T14:56:31","slug":"ru-compression-stabilizing-hombre","status":"publish","type":"product","link":"https:\/\/www.miomiorun.com\/es\/producto\/ru-compression-stabilizing-hombre\/","title":{"rendered":"RU Compression Stabilizing hombre"},"content":{"rendered":"<p data-start=\"0\" data-end=\"349\">Los calcetines de running de compresi\u00f3n RU Compression Stabilizing est\u00e1n dise\u00f1ados para ofrecer <strong data-start=\"118\" data-end=\"131\">estabilidad<\/strong>, <strong data-start=\"133\" data-end=\"152\">soporte espec\u00edfico<\/strong> y <strong data-start=\"155\" data-end=\"175\">m\u00e1ximo confort<\/strong> durante la carrera. Pensados para corredores que buscan una mayor sensaci\u00f3n de control, combinan una estructura t\u00e9cnica con materiales de alto rendimiento para acompa\u00f1ar cada paso.<\/p>\n<p data-start=\"351\" data-end=\"391\">Su dise\u00f1o est\u00e1 pensado para garantizar:<\/p>\n<ul data-start=\"392\" data-end=\"595\">\n<li data-section-id=\"1tqz0zt\" data-start=\"392\" data-end=\"466\"><strong data-start=\"394\" data-end=\"431\">Mayor estabilidad del tobillo<\/strong> gracias a las zonas de compresi\u00f3n<\/li>\n<li data-section-id=\"1gnzllt\" data-start=\"467\" data-end=\"543\"><strong data-start=\"469\" data-end=\"504\">Pies secos y sin ampollas<\/strong> con una estructura transpirable de 3 capas<\/li>\n<li data-section-id=\"x269lm\" data-start=\"544\" data-end=\"595\"><strong data-start=\"546\" data-end=\"570\">Comodidad y protecci\u00f3n<\/strong> con acolchado espec\u00edfico<\/li>\n<\/ul>\n<p data-start=\"597\" data-end=\"1096\">Las <strong data-start=\"600\" data-end=\"624\">zonas de compresi\u00f3n<\/strong> mejoran la estabilidad durante la carrera, ofreciendo una sensaci\u00f3n de mayor control. La <strong data-start=\"717\" data-end=\"753\">estructura de 3 capas con lyocell<\/strong> favorece la gesti\u00f3n de la humedad, manteniendo el pie fresco y seco incluso durante esfuerzos prolongados. El <strong data-start=\"864\" data-end=\"905\">ajuste anat\u00f3mico derecho\/izquierdo<\/strong> garantiza un ajuste preciso, mientras que el <strong data-start=\"945\" data-end=\"974\">acolchado de densidad media<\/strong> contribuye a la amortiguaci\u00f3n. Longitud hasta la pantorrilla, aspecto deportivo y dise\u00f1o pensado para un rendimiento fiable.<\/p>\n<p data-start=\"1098\" data-end=\"1190\">Composici\u00f3n: <strong data-start=\"1112\" data-end=\"1189\">42 % polipropileno, 28 % poliamida, 15 % lyocell, 8 % elastano, 7 % poli\u00e9ster<\/strong>.<\/p>\n","protected":false},"excerpt":{"rendered":"<ul>\n<li data-section-id=\"14tn3rn\" data-start=\"1374\" data-end=\"1452\"><strong data-start=\"1376\" data-end=\"1407\">Zonas de compresi\u00f3n espec\u00edficas<\/strong> para mejorar la estabilidad del tobillo<\/li>\n<li data-section-id=\"cl4ruu\" data-start=\"1453\" data-end=\"1525\"><strong data-start=\"1455\" data-end=\"1491\">Estructura transpirable de 3 capas<\/strong> para mantener el pie seco<\/li>\n<li data-section-id=\"7arg36\" data-start=\"1526\" data-end=\"1604\" data-is-last-node=\"\"><strong data-start=\"1528\" data-end=\"1574\">Ajuste anat\u00f3mico y acolchado espec\u00edfico<\/strong> para mayor comodidad y amortiguaci\u00f3n<\/li>\n<\/ul>\n","protected":false},"featured_media":436303,"template":"","meta":{"_acf_changed":false,"inline_featured_image":false},"product_brand":[],"product_cat":[24462,24463,24464],"product_tag":[23483,23607],"class_list":{"0":"post-436268","1":"product","2":"type-product","3":"status-publish","4":"has-post-thumbnail","6":"product_cat-calcetines-es-2","7":"product_cat-ropa-de-hombre-es","8":"product_cat-hombre","9":"product_tag-falke-es","10":"product_tag-falke-hombre","11":"pa_attivita-caminar","12":"pa_attivita-running-es","13":"pa_attivita-trail-es","14":"pa_colore-ru-comp-stabilizing-m-black","15":"pa_colore-ru-comp-stabilizing-m-space-blue","16":"pa_marca-falke-es","17":"pa_sesso-hombre","18":"pa_size-39-41-es","19":"pa_size-42-43-es","20":"pa_size-44-45-es","21":"pa_size-46-48-es","23":"first","24":"instock","25":"sale","26":"taxable","27":"shipping-taxable","28":"purchasable","29":"product-type-variable","30":"wvs-archive-product-wrapper"},"acf":[],"yoast_head":"<!-- This site is optimized with the Yoast SEO plugin v26.8 - https:\/\/yoast.com\/product\/yoast-seo-wordpress\/ -->\n<title>Falke RU Compression Stabilizing hombre - Calcetines para correr - MioMioRun.com<\/title>\n<meta name=\"description\" content=\"Calcetines de compresi\u00f3n para correr dise\u00f1ados para ofrecer estabilidad, comodidad avanzada y control de la humedad en cada carrera\" \/>\n<meta name=\"robots\" content=\"index, follow, max-snippet:-1, max-image-preview:large, max-video-preview:-1\" \/>\n<link rel=\"canonical\" href=\"https:\/\/www.miomiorun.com\/es\/producto\/ru-compression-stabilizing-hombre\/\" \/>\n<meta property=\"og:locale\" content=\"es_ES\" \/>\n<meta property=\"og:type\" content=\"article\" \/>\n<meta property=\"og:title\" content=\"Falke RU Compression Stabilizing hombre - Calcetines para correr - MioMioRun.com\" \/>\n<meta property=\"og:description\" content=\"Calcetines de compresi\u00f3n para correr dise\u00f1ados para ofrecer estabilidad, comodidad avanzada y control de la humedad en cada carrera\" \/>\n<meta property=\"og:url\" content=\"https:\/\/www.miomiorun.com\/es\/producto\/ru-compression-stabilizing-hombre\/\" \/>\n<meta property=\"og:site_name\" content=\"MioMioRun\" \/>\n<meta property=\"article:publisher\" content=\"https:\/\/www.facebook.com\/miomiorun\/\" \/>\n<meta property=\"article:modified_time\" content=\"2026-05-07T14:56:31+00:00\" \/>\n<meta property=\"og:image\" content=\"https:\/\/www.miomiorun.com\/app\/uploads\/2026\/04\/Falke-RU-COMP-STABILIZING-M-SPACE-BLUE-16227-6116.webp\" \/>\n\t<meta property=\"og:image:width\" content=\"720\" \/>\n\t<meta property=\"og:image:height\" content=\"720\" \/>\n\t<meta property=\"og:image:type\" content=\"image\/webp\" \/>\n<meta name=\"twitter:card\" content=\"summary_large_image\" \/>\n<meta name=\"twitter:label1\" content=\"Est. reading time\" \/>\n\t<meta name=\"twitter:data1\" content=\"1 minute\" \/>\n<script type=\"application\/ld+json\" class=\"yoast-schema-graph\">{\"@context\":\"https:\/\/schema.org\",\"@graph\":[{\"@type\":\"WebPage\",\"@id\":\"https:\/\/www.miomiorun.com\/es\/producto\/ru-compression-stabilizing-hombre\/\",\"url\":\"https:\/\/www.miomiorun.com\/es\/producto\/ru-compression-stabilizing-hombre\/\",\"name\":\"Falke RU Compression Stabilizing hombre - Calcetines para correr - MioMioRun.com\",\"isPartOf\":{\"@id\":\"https:\/\/www.miomiorun.com\/es\/#website\"},\"primaryImageOfPage\":{\"@id\":\"https:\/\/www.miomiorun.com\/es\/producto\/ru-compression-stabilizing-hombre\/#primaryimage\"},\"image\":{\"@id\":\"https:\/\/www.miomiorun.com\/es\/producto\/ru-compression-stabilizing-hombre\/#primaryimage\"},\"thumbnailUrl\":\"https:\/\/www.miomiorun.com\/app\/uploads\/2026\/04\/Falke-RU-COMP-STABILIZING-M-SPACE-BLUE-16227-6116.webp\",\"datePublished\":\"2026-04-28T10:15:51+00:00\",\"dateModified\":\"2026-05-07T14:56:31+00:00\",\"description\":\"Calcetines de compresi\u00f3n para correr dise\u00f1ados para ofrecer estabilidad, comodidad avanzada y control de la humedad en cada carrera\",\"breadcrumb\":{\"@id\":\"https:\/\/www.miomiorun.com\/es\/producto\/ru-compression-stabilizing-hombre\/#breadcrumb\"},\"inLanguage\":\"es-ES\",\"potentialAction\":[{\"@type\":\"ReadAction\",\"target\":[\"https:\/\/www.miomiorun.com\/es\/producto\/ru-compression-stabilizing-hombre\/\"]}]},{\"@type\":\"ImageObject\",\"inLanguage\":\"es-ES\",\"@id\":\"https:\/\/www.miomiorun.com\/es\/producto\/ru-compression-stabilizing-hombre\/#primaryimage\",\"url\":\"https:\/\/www.miomiorun.com\/app\/uploads\/2026\/04\/Falke-RU-COMP-STABILIZING-M-SPACE-BLUE-16227-6116.webp\",\"contentUrl\":\"https:\/\/www.miomiorun.com\/app\/uploads\/2026\/04\/Falke-RU-COMP-STABILIZING-M-SPACE-BLUE-16227-6116.webp\",\"width\":720,\"height\":720,\"caption\":\"Falke RU COMP STABILIZING M SPACE BLUE 16227 6116\"},{\"@type\":\"BreadcrumbList\",\"@id\":\"https:\/\/www.miomiorun.com\/es\/producto\/ru-compression-stabilizing-hombre\/#breadcrumb\",\"itemListElement\":[{\"@type\":\"ListItem\",\"position\":1,\"name\":\"Home\",\"item\":\"https:\/\/www.miomiorun.com\/es\/\"},{\"@type\":\"ListItem\",\"position\":2,\"name\":\"Shop\",\"item\":\"https:\/\/www.miomiorun.com\/shop\/\"},{\"@type\":\"ListItem\",\"position\":3,\"name\":\"RU Compression Stabilizing hombre\"}]},{\"@type\":\"WebSite\",\"@id\":\"https:\/\/www.miomiorun.com\/es\/#website\",\"url\":\"https:\/\/www.miomiorun.com\/es\/\",\"name\":\"MioMioRun\",\"description\":\"Tienda 100% running y trail\",\"publisher\":{\"@id\":\"https:\/\/www.miomiorun.com\/es\/#organization\"},\"potentialAction\":[{\"@type\":\"SearchAction\",\"target\":{\"@type\":\"EntryPoint\",\"urlTemplate\":\"https:\/\/www.miomiorun.com\/es\/?s={search_term_string}\"},\"query-input\":{\"@type\":\"PropertyValueSpecification\",\"valueRequired\":true,\"valueName\":\"search_term_string\"}}],\"inLanguage\":\"es-ES\"},{\"@type\":\"Organization\",\"@id\":\"https:\/\/www.miomiorun.com\/es\/#organization\",\"name\":\"MioMio Run\",\"url\":\"https:\/\/www.miomiorun.com\/es\/\",\"logo\":{\"@type\":\"ImageObject\",\"inLanguage\":\"es-ES\",\"@id\":\"https:\/\/www.miomiorun.com\/es\/#\/schema\/logo\/image\/\",\"url\":\"https:\/\/www.miomiorun.com\/app\/uploads\/2019\/12\/logomio.png\",\"contentUrl\":\"https:\/\/www.miomiorun.com\/app\/uploads\/2019\/12\/logomio.png\",\"width\":115,\"height\":82,\"caption\":\"MioMio Run\"},\"image\":{\"@id\":\"https:\/\/www.miomiorun.com\/es\/#\/schema\/logo\/image\/\"},\"sameAs\":[\"https:\/\/www.facebook.com\/miomiorun\/\",\"https:\/\/www.instagram.com\/miomiorun\/\"]}]}<\/script>\n<!-- \/ Yoast SEO plugin. -->","yoast_head_json":{"title":"Falke RU Compression Stabilizing hombre - Calcetines para correr - MioMioRun.com","description":"Calcetines de compresi\u00f3n para correr dise\u00f1ados para ofrecer estabilidad, comodidad avanzada y control de la humedad en cada carrera","robots":{"index":"index","follow":"follow","max-snippet":"max-snippet:-1","max-image-preview":"max-image-preview:large","max-video-preview":"max-video-preview:-1"},"canonical":"https:\/\/www.miomiorun.com\/es\/producto\/ru-compression-stabilizing-hombre\/","og_locale":"es_ES","og_type":"article","og_title":"Falke RU Compression Stabilizing hombre - Calcetines para correr - MioMioRun.com","og_description":"Calcetines de compresi\u00f3n para correr dise\u00f1ados para ofrecer estabilidad, comodidad avanzada y control de la humedad en cada carrera","og_url":"https:\/\/www.miomiorun.com\/es\/producto\/ru-compression-stabilizing-hombre\/","og_site_name":"MioMioRun","article_publisher":"https:\/\/www.facebook.com\/miomiorun\/","article_modified_time":"2026-05-07T14:56:31+00:00","og_image":[{"width":720,"height":720,"url":"https:\/\/www.miomiorun.com\/app\/uploads\/2026\/04\/Falke-RU-COMP-STABILIZING-M-SPACE-BLUE-16227-6116.webp","type":"image\/webp"}],"twitter_card":"summary_large_image","twitter_misc":{"Est. reading time":"1 minute"},"schema":{"@context":"https:\/\/schema.org","@graph":[{"@type":"WebPage","@id":"https:\/\/www.miomiorun.com\/es\/producto\/ru-compression-stabilizing-hombre\/","url":"https:\/\/www.miomiorun.com\/es\/producto\/ru-compression-stabilizing-hombre\/","name":"Falke RU Compression Stabilizing hombre - Calcetines para correr - MioMioRun.com","isPartOf":{"@id":"https:\/\/www.miomiorun.com\/es\/#website"},"primaryImageOfPage":{"@id":"https:\/\/www.miomiorun.com\/es\/producto\/ru-compression-stabilizing-hombre\/#primaryimage"},"image":{"@id":"https:\/\/www.miomiorun.com\/es\/producto\/ru-compression-stabilizing-hombre\/#primaryimage"},"thumbnailUrl":"https:\/\/www.miomiorun.com\/app\/uploads\/2026\/04\/Falke-RU-COMP-STABILIZING-M-SPACE-BLUE-16227-6116.webp","datePublished":"2026-04-28T10:15:51+00:00","dateModified":"2026-05-07T14:56:31+00:00","description":"Calcetines de compresi\u00f3n para correr dise\u00f1ados para ofrecer estabilidad, comodidad avanzada y control de la humedad en cada carrera","breadcrumb":{"@id":"https:\/\/www.miomiorun.com\/es\/producto\/ru-compression-stabilizing-hombre\/#breadcrumb"},"inLanguage":"es-ES","potentialAction":[{"@type":"ReadAction","target":["https:\/\/www.miomiorun.com\/es\/producto\/ru-compression-stabilizing-hombre\/"]}]},{"@type":"ImageObject","inLanguage":"es-ES","@id":"https:\/\/www.miomiorun.com\/es\/producto\/ru-compression-stabilizing-hombre\/#primaryimage","url":"https:\/\/www.miomiorun.com\/app\/uploads\/2026\/04\/Falke-RU-COMP-STABILIZING-M-SPACE-BLUE-16227-6116.webp","contentUrl":"https:\/\/www.miomiorun.com\/app\/uploads\/2026\/04\/Falke-RU-COMP-STABILIZING-M-SPACE-BLUE-16227-6116.webp","width":720,"height":720,"caption":"Falke RU COMP STABILIZING M SPACE BLUE 16227 6116"},{"@type":"BreadcrumbList","@id":"https:\/\/www.miomiorun.com\/es\/producto\/ru-compression-stabilizing-hombre\/#breadcrumb","itemListElement":[{"@type":"ListItem","position":1,"name":"Home","item":"https:\/\/www.miomiorun.com\/es\/"},{"@type":"ListItem","position":2,"name":"Shop","item":"https:\/\/www.miomiorun.com\/shop\/"},{"@type":"ListItem","position":3,"name":"RU Compression Stabilizing hombre"}]},{"@type":"WebSite","@id":"https:\/\/www.miomiorun.com\/es\/#website","url":"https:\/\/www.miomiorun.com\/es\/","name":"MioMioRun","description":"Tienda 100% running y trail","publisher":{"@id":"https:\/\/www.miomiorun.com\/es\/#organization"},"potentialAction":[{"@type":"SearchAction","target":{"@type":"EntryPoint","urlTemplate":"https:\/\/www.miomiorun.com\/es\/?s={search_term_string}"},"query-input":{"@type":"PropertyValueSpecification","valueRequired":true,"valueName":"search_term_string"}}],"inLanguage":"es-ES"},{"@type":"Organization","@id":"https:\/\/www.miomiorun.com\/es\/#organization","name":"MioMio Run","url":"https:\/\/www.miomiorun.com\/es\/","logo":{"@type":"ImageObject","inLanguage":"es-ES","@id":"https:\/\/www.miomiorun.com\/es\/#\/schema\/logo\/image\/","url":"https:\/\/www.miomiorun.com\/app\/uploads\/2019\/12\/logomio.png","contentUrl":"https:\/\/www.miomiorun.com\/app\/uploads\/2019\/12\/logomio.png","width":115,"height":82,"caption":"MioMio Run"},"image":{"@id":"https:\/\/www.miomiorun.com\/es\/#\/schema\/logo\/image\/"},"sameAs":["https:\/\/www.facebook.com\/miomiorun\/","https:\/\/www.instagram.com\/miomiorun\/"]}]}},"_links":{"self":[{"href":"https:\/\/www.miomiorun.com\/es\/wp-json\/wp\/v2\/product\/436268","targetHints":{"allow":["GET"]}}],"collection":[{"href":"https:\/\/www.miomiorun.com\/es\/wp-json\/wp\/v2\/product"}],"about":[{"href":"https:\/\/www.miomiorun.com\/es\/wp-json\/wp\/v2\/types\/product"}],"wp:featuredmedia":[{"embeddable":true,"href":"https:\/\/www.miomiorun.com\/es\/wp-json\/wp\/v2\/media\/436303"}],"wp:attachment":[{"href":"https:\/\/www.miomiorun.com\/es\/wp-json\/wp\/v2\/media?parent=436268"}],"wp:term":[{"taxonomy":"product_brand","embeddable":true,"href":"https:\/\/www.miomiorun.com\/es\/wp-json\/wp\/v2\/product_brand?post=436268"},{"taxonomy":"product_cat","embeddable":true,"href":"https:\/\/www.miomiorun.com\/es\/wp-json\/wp\/v2\/product_cat?post=436268"},{"taxonomy":"product_tag","embeddable":true,"href":"https:\/\/www.miomiorun.com\/es\/wp-json\/wp\/v2\/product_tag?post=436268"}],"curies":[{"name":"wp","href":"https:\/\/api.w.org\/{rel}","templated":true}]}}