{"id":436127,"date":"2026-04-28T11:40:54","date_gmt":"2026-04-28T09:40:54","guid":{"rendered":"https:\/\/www.miomiorun.com\/?post_type=product&#038;p=436127"},"modified":"2026-05-07T17:02:15","modified_gmt":"2026-05-07T15:02:15","slug":"tk2-explore-cool-hombre","status":"publish","type":"product","link":"https:\/\/www.miomiorun.com\/es\/producto\/tk2-explore-cool-hombre\/","title":{"rendered":"TK2 Explore Cool hombre"},"content":{"rendered":"<p data-start=\"0\" data-end=\"369\">Los calcetines de senderismo para hombre TK2 Explore Cool est\u00e1n dise\u00f1ados para ofrecer <strong data-start=\"96\" data-end=\"115\">una gran comodidad<\/strong>, <strong data-start=\"117\" data-end=\"142\">control de la humedad<\/strong> y <strong data-start=\"145\" data-end=\"159\">frescura<\/strong> durante las excursiones por terrenos de baja dificultad. Ideales para temperaturas c\u00e1lidas, combinan materiales t\u00e9cnicos y una confecci\u00f3n avanzada para mantener el pie seco y protegido incluso durante un uso prolongado.<\/p>\n<p data-start=\"371\" data-end=\"409\">La estructura est\u00e1 dise\u00f1ada para garantizar:<\/p>\n<ul data-start=\"410\" data-end=\"604\">\n<li data-section-id=\"1w6i6wt\" data-start=\"410\" data-end=\"484\"><strong data-start=\"412\" data-end=\"447\">Pies secos y sin ampollas<\/strong> gracias a la construcci\u00f3n de 3 capas<\/li>\n<li data-section-id=\"1wb82s7\" data-start=\"485\" data-end=\"542\"><strong data-start=\"487\" data-end=\"511\">Efecto refrescante<\/strong> con fibras t\u00e9cnicas y lyocell<\/li>\n<li data-section-id=\"87p4aq\" data-start=\"543\" data-end=\"604\"><strong data-start=\"545\" data-end=\"580\">Confort y protecci\u00f3n equilibrados<\/strong> con acolchado medio<\/li>\n<\/ul>\n<p data-start=\"606\" data-end=\"1091\">La combinaci\u00f3n de materiales con <strong data-start=\"630\" data-end=\"654\">lyocell refrescante<\/strong> favorece una sensaci\u00f3n de frescor en los d\u00edas m\u00e1s calurosos, mientras que el <strong data-start=\"730\" data-end=\"771\">ajuste anat\u00f3mico derecho\/izquierdo<\/strong> mejora la sujeci\u00f3n y la estabilidad. El <strong data-start=\"810\" data-end=\"832\">acolchado espec\u00edfico<\/strong> garantiza protecci\u00f3n y amortiguaci\u00f3n, lo que las hace perfectas para el senderismo y el excursionismo ligero (categor\u00eda A-B). La longitud hasta la pantorrilla y la construcci\u00f3n t\u00e9cnica contribuyen a un uso c\u00f3modo en rutas de monta\u00f1a menos exigentes.<\/p>\n<p data-start=\"1093\" data-end=\"1186\">Composici\u00f3n: <strong data-start=\"1107\" data-end=\"1185\">36 % polipropileno, 33 % lyocell, 15 % poliamida, 15 % poli\u00e9ster, 1 % elastano<\/strong>.<\/p>\n","protected":false},"excerpt":{"rendered":"<ul>\n<li data-section-id=\"1ns4s76\" data-start=\"1386\" data-end=\"1469\"><strong data-start=\"1388\" data-end=\"1412\">Estructura de 3 capas<\/strong> para controlar la humedad y prevenir las ampollas<\/li>\n<li data-section-id=\"1thx557\" data-start=\"1470\" data-end=\"1549\"><strong data-start=\"1472\" data-end=\"1516\">Lyocell refrescante y materiales t\u00e9cnicos<\/strong> ideales para temperaturas elevadas<\/li>\n<li data-section-id=\"edqoua\" data-start=\"1550\" data-end=\"1639\" data-is-last-node=\"\"><strong data-start=\"1552\" data-end=\"1597\">Acolchado medio y ajuste anat\u00f3mico<\/strong> para mayor comodidad y estabilidad en terrenos f\u00e1ciles<\/li>\n<\/ul>\n","protected":false},"featured_media":436152,"template":"","meta":{"_acf_changed":false,"inline_featured_image":false},"product_brand":[],"product_cat":[24462,24463],"product_tag":[23483,23607],"class_list":{"0":"post-436127","1":"product","2":"type-product","3":"status-publish","4":"has-post-thumbnail","6":"product_cat-calcetines-es-2","7":"product_cat-ropa-de-hombre-es","8":"product_tag-falke-es","9":"product_tag-falke-hombre","10":"pa_attivita-caminar","11":"pa_attivita-outdoor-es","12":"pa_colore-tk2-explore-cool-m-blue-note","13":"pa_marca-falke-es","14":"pa_sesso-hombre","15":"pa_size-39-41-es","16":"pa_size-42-43-es","17":"pa_size-44-45-es","19":"first","20":"instock","21":"sale","22":"taxable","23":"shipping-taxable","24":"purchasable","25":"product-type-variable","26":"wvs-archive-product-wrapper"},"acf":[],"yoast_head":"<!-- This site is optimized with the Yoast SEO plugin v26.8 - https:\/\/yoast.com\/product\/yoast-seo-wordpress\/ -->\n<title>Falke TK2 Explore Cool hombre - Calcetines para correr - MioMioRun.com<\/title>\n<meta name=\"description\" content=\"Calcetines de senderismo ligeros y transpirables, dise\u00f1ados para ofrecer comodidad, frescor y protecci\u00f3n durante las excursiones en condiciones de calor\" \/>\n<meta name=\"robots\" content=\"index, follow, max-snippet:-1, max-image-preview:large, max-video-preview:-1\" \/>\n<link rel=\"canonical\" href=\"https:\/\/www.miomiorun.com\/es\/producto\/tk2-explore-cool-hombre\/\" \/>\n<meta property=\"og:locale\" content=\"es_ES\" \/>\n<meta property=\"og:type\" content=\"article\" \/>\n<meta property=\"og:title\" content=\"Falke TK2 Explore Cool hombre - Calcetines para correr - MioMioRun.com\" \/>\n<meta property=\"og:description\" content=\"Calcetines de senderismo ligeros y transpirables, dise\u00f1ados para ofrecer comodidad, frescor y protecci\u00f3n durante las excursiones en condiciones de calor\" \/>\n<meta property=\"og:url\" content=\"https:\/\/www.miomiorun.com\/es\/producto\/tk2-explore-cool-hombre\/\" \/>\n<meta property=\"og:site_name\" content=\"MioMioRun\" \/>\n<meta property=\"article:publisher\" content=\"https:\/\/www.facebook.com\/miomiorun\/\" \/>\n<meta property=\"article:modified_time\" content=\"2026-05-07T15:02:15+00:00\" \/>\n<meta property=\"og:image\" content=\"https:\/\/www.miomiorun.com\/app\/uploads\/2026\/04\/Falke-TK2-Explore-Cool-M-blue-note-16138-6545.webp\" \/>\n\t<meta property=\"og:image:width\" content=\"720\" \/>\n\t<meta property=\"og:image:height\" content=\"720\" \/>\n\t<meta property=\"og:image:type\" content=\"image\/webp\" \/>\n<meta name=\"twitter:card\" content=\"summary_large_image\" \/>\n<meta name=\"twitter:label1\" content=\"Est. reading time\" \/>\n\t<meta name=\"twitter:data1\" content=\"1 minute\" \/>\n<script type=\"application\/ld+json\" class=\"yoast-schema-graph\">{\"@context\":\"https:\/\/schema.org\",\"@graph\":[{\"@type\":\"WebPage\",\"@id\":\"https:\/\/www.miomiorun.com\/es\/producto\/tk2-explore-cool-hombre\/\",\"url\":\"https:\/\/www.miomiorun.com\/es\/producto\/tk2-explore-cool-hombre\/\",\"name\":\"Falke TK2 Explore Cool hombre - Calcetines para correr - MioMioRun.com\",\"isPartOf\":{\"@id\":\"https:\/\/www.miomiorun.com\/es\/#website\"},\"primaryImageOfPage\":{\"@id\":\"https:\/\/www.miomiorun.com\/es\/producto\/tk2-explore-cool-hombre\/#primaryimage\"},\"image\":{\"@id\":\"https:\/\/www.miomiorun.com\/es\/producto\/tk2-explore-cool-hombre\/#primaryimage\"},\"thumbnailUrl\":\"https:\/\/www.miomiorun.com\/app\/uploads\/2026\/04\/Falke-TK2-Explore-Cool-M-blue-note-16138-6545.webp\",\"datePublished\":\"2026-04-28T09:40:54+00:00\",\"dateModified\":\"2026-05-07T15:02:15+00:00\",\"description\":\"Calcetines de senderismo ligeros y transpirables, dise\u00f1ados para ofrecer comodidad, frescor y protecci\u00f3n durante las excursiones en condiciones de calor\",\"breadcrumb\":{\"@id\":\"https:\/\/www.miomiorun.com\/es\/producto\/tk2-explore-cool-hombre\/#breadcrumb\"},\"inLanguage\":\"es-ES\",\"potentialAction\":[{\"@type\":\"ReadAction\",\"target\":[\"https:\/\/www.miomiorun.com\/es\/producto\/tk2-explore-cool-hombre\/\"]}]},{\"@type\":\"ImageObject\",\"inLanguage\":\"es-ES\",\"@id\":\"https:\/\/www.miomiorun.com\/es\/producto\/tk2-explore-cool-hombre\/#primaryimage\",\"url\":\"https:\/\/www.miomiorun.com\/app\/uploads\/2026\/04\/Falke-TK2-Explore-Cool-M-blue-note-16138-6545.webp\",\"contentUrl\":\"https:\/\/www.miomiorun.com\/app\/uploads\/2026\/04\/Falke-TK2-Explore-Cool-M-blue-note-16138-6545.webp\",\"width\":720,\"height\":720,\"caption\":\"Falke TK2 Explore Cool M blue note 16138 6545\"},{\"@type\":\"BreadcrumbList\",\"@id\":\"https:\/\/www.miomiorun.com\/es\/producto\/tk2-explore-cool-hombre\/#breadcrumb\",\"itemListElement\":[{\"@type\":\"ListItem\",\"position\":1,\"name\":\"Home\",\"item\":\"https:\/\/www.miomiorun.com\/es\/\"},{\"@type\":\"ListItem\",\"position\":2,\"name\":\"Shop\",\"item\":\"https:\/\/www.miomiorun.com\/shop\/\"},{\"@type\":\"ListItem\",\"position\":3,\"name\":\"TK2 Explore Cool hombre\"}]},{\"@type\":\"WebSite\",\"@id\":\"https:\/\/www.miomiorun.com\/es\/#website\",\"url\":\"https:\/\/www.miomiorun.com\/es\/\",\"name\":\"MioMioRun\",\"description\":\"Tienda 100% running y trail\",\"publisher\":{\"@id\":\"https:\/\/www.miomiorun.com\/es\/#organization\"},\"potentialAction\":[{\"@type\":\"SearchAction\",\"target\":{\"@type\":\"EntryPoint\",\"urlTemplate\":\"https:\/\/www.miomiorun.com\/es\/?s={search_term_string}\"},\"query-input\":{\"@type\":\"PropertyValueSpecification\",\"valueRequired\":true,\"valueName\":\"search_term_string\"}}],\"inLanguage\":\"es-ES\"},{\"@type\":\"Organization\",\"@id\":\"https:\/\/www.miomiorun.com\/es\/#organization\",\"name\":\"MioMio Run\",\"url\":\"https:\/\/www.miomiorun.com\/es\/\",\"logo\":{\"@type\":\"ImageObject\",\"inLanguage\":\"es-ES\",\"@id\":\"https:\/\/www.miomiorun.com\/es\/#\/schema\/logo\/image\/\",\"url\":\"https:\/\/www.miomiorun.com\/app\/uploads\/2019\/12\/logomio.png\",\"contentUrl\":\"https:\/\/www.miomiorun.com\/app\/uploads\/2019\/12\/logomio.png\",\"width\":115,\"height\":82,\"caption\":\"MioMio Run\"},\"image\":{\"@id\":\"https:\/\/www.miomiorun.com\/es\/#\/schema\/logo\/image\/\"},\"sameAs\":[\"https:\/\/www.facebook.com\/miomiorun\/\",\"https:\/\/www.instagram.com\/miomiorun\/\"]}]}<\/script>\n<!-- \/ Yoast SEO plugin. -->","yoast_head_json":{"title":"Falke TK2 Explore Cool hombre - Calcetines para correr - MioMioRun.com","description":"Calcetines de senderismo ligeros y transpirables, dise\u00f1ados para ofrecer comodidad, frescor y protecci\u00f3n durante las excursiones en condiciones de calor","robots":{"index":"index","follow":"follow","max-snippet":"max-snippet:-1","max-image-preview":"max-image-preview:large","max-video-preview":"max-video-preview:-1"},"canonical":"https:\/\/www.miomiorun.com\/es\/producto\/tk2-explore-cool-hombre\/","og_locale":"es_ES","og_type":"article","og_title":"Falke TK2 Explore Cool hombre - Calcetines para correr - MioMioRun.com","og_description":"Calcetines de senderismo ligeros y transpirables, dise\u00f1ados para ofrecer comodidad, frescor y protecci\u00f3n durante las excursiones en condiciones de calor","og_url":"https:\/\/www.miomiorun.com\/es\/producto\/tk2-explore-cool-hombre\/","og_site_name":"MioMioRun","article_publisher":"https:\/\/www.facebook.com\/miomiorun\/","article_modified_time":"2026-05-07T15:02:15+00:00","og_image":[{"width":720,"height":720,"url":"https:\/\/www.miomiorun.com\/app\/uploads\/2026\/04\/Falke-TK2-Explore-Cool-M-blue-note-16138-6545.webp","type":"image\/webp"}],"twitter_card":"summary_large_image","twitter_misc":{"Est. reading time":"1 minute"},"schema":{"@context":"https:\/\/schema.org","@graph":[{"@type":"WebPage","@id":"https:\/\/www.miomiorun.com\/es\/producto\/tk2-explore-cool-hombre\/","url":"https:\/\/www.miomiorun.com\/es\/producto\/tk2-explore-cool-hombre\/","name":"Falke TK2 Explore Cool hombre - Calcetines para correr - MioMioRun.com","isPartOf":{"@id":"https:\/\/www.miomiorun.com\/es\/#website"},"primaryImageOfPage":{"@id":"https:\/\/www.miomiorun.com\/es\/producto\/tk2-explore-cool-hombre\/#primaryimage"},"image":{"@id":"https:\/\/www.miomiorun.com\/es\/producto\/tk2-explore-cool-hombre\/#primaryimage"},"thumbnailUrl":"https:\/\/www.miomiorun.com\/app\/uploads\/2026\/04\/Falke-TK2-Explore-Cool-M-blue-note-16138-6545.webp","datePublished":"2026-04-28T09:40:54+00:00","dateModified":"2026-05-07T15:02:15+00:00","description":"Calcetines de senderismo ligeros y transpirables, dise\u00f1ados para ofrecer comodidad, frescor y protecci\u00f3n durante las excursiones en condiciones de calor","breadcrumb":{"@id":"https:\/\/www.miomiorun.com\/es\/producto\/tk2-explore-cool-hombre\/#breadcrumb"},"inLanguage":"es-ES","potentialAction":[{"@type":"ReadAction","target":["https:\/\/www.miomiorun.com\/es\/producto\/tk2-explore-cool-hombre\/"]}]},{"@type":"ImageObject","inLanguage":"es-ES","@id":"https:\/\/www.miomiorun.com\/es\/producto\/tk2-explore-cool-hombre\/#primaryimage","url":"https:\/\/www.miomiorun.com\/app\/uploads\/2026\/04\/Falke-TK2-Explore-Cool-M-blue-note-16138-6545.webp","contentUrl":"https:\/\/www.miomiorun.com\/app\/uploads\/2026\/04\/Falke-TK2-Explore-Cool-M-blue-note-16138-6545.webp","width":720,"height":720,"caption":"Falke TK2 Explore Cool M blue note 16138 6545"},{"@type":"BreadcrumbList","@id":"https:\/\/www.miomiorun.com\/es\/producto\/tk2-explore-cool-hombre\/#breadcrumb","itemListElement":[{"@type":"ListItem","position":1,"name":"Home","item":"https:\/\/www.miomiorun.com\/es\/"},{"@type":"ListItem","position":2,"name":"Shop","item":"https:\/\/www.miomiorun.com\/shop\/"},{"@type":"ListItem","position":3,"name":"TK2 Explore Cool hombre"}]},{"@type":"WebSite","@id":"https:\/\/www.miomiorun.com\/es\/#website","url":"https:\/\/www.miomiorun.com\/es\/","name":"MioMioRun","description":"Tienda 100% running y trail","publisher":{"@id":"https:\/\/www.miomiorun.com\/es\/#organization"},"potentialAction":[{"@type":"SearchAction","target":{"@type":"EntryPoint","urlTemplate":"https:\/\/www.miomiorun.com\/es\/?s={search_term_string}"},"query-input":{"@type":"PropertyValueSpecification","valueRequired":true,"valueName":"search_term_string"}}],"inLanguage":"es-ES"},{"@type":"Organization","@id":"https:\/\/www.miomiorun.com\/es\/#organization","name":"MioMio Run","url":"https:\/\/www.miomiorun.com\/es\/","logo":{"@type":"ImageObject","inLanguage":"es-ES","@id":"https:\/\/www.miomiorun.com\/es\/#\/schema\/logo\/image\/","url":"https:\/\/www.miomiorun.com\/app\/uploads\/2019\/12\/logomio.png","contentUrl":"https:\/\/www.miomiorun.com\/app\/uploads\/2019\/12\/logomio.png","width":115,"height":82,"caption":"MioMio Run"},"image":{"@id":"https:\/\/www.miomiorun.com\/es\/#\/schema\/logo\/image\/"},"sameAs":["https:\/\/www.facebook.com\/miomiorun\/","https:\/\/www.instagram.com\/miomiorun\/"]}]}},"_links":{"self":[{"href":"https:\/\/www.miomiorun.com\/es\/wp-json\/wp\/v2\/product\/436127","targetHints":{"allow":["GET"]}}],"collection":[{"href":"https:\/\/www.miomiorun.com\/es\/wp-json\/wp\/v2\/product"}],"about":[{"href":"https:\/\/www.miomiorun.com\/es\/wp-json\/wp\/v2\/types\/product"}],"wp:featuredmedia":[{"embeddable":true,"href":"https:\/\/www.miomiorun.com\/es\/wp-json\/wp\/v2\/media\/436152"}],"wp:attachment":[{"href":"https:\/\/www.miomiorun.com\/es\/wp-json\/wp\/v2\/media?parent=436127"}],"wp:term":[{"taxonomy":"product_brand","embeddable":true,"href":"https:\/\/www.miomiorun.com\/es\/wp-json\/wp\/v2\/product_brand?post=436127"},{"taxonomy":"product_cat","embeddable":true,"href":"https:\/\/www.miomiorun.com\/es\/wp-json\/wp\/v2\/product_cat?post=436127"},{"taxonomy":"product_tag","embeddable":true,"href":"https:\/\/www.miomiorun.com\/es\/wp-json\/wp\/v2\/product_tag?post=436127"}],"curies":[{"name":"wp","href":"https:\/\/api.w.org\/{rel}","templated":true}]}}