{"id":436025,"date":"2026-04-28T10:07:31","date_gmt":"2026-04-28T08:07:31","guid":{"rendered":"https:\/\/www.miomiorun.com\/?post_type=product&#038;p=436025"},"modified":"2026-05-07T17:05:56","modified_gmt":"2026-05-07T15:05:56","slug":"ru4-endurance-cool-hombre","status":"publish","type":"product","link":"https:\/\/www.miomiorun.com\/es\/producto\/ru4-endurance-cool-hombre\/","title":{"rendered":"RU4 endurance cool hombre"},"content":{"rendered":"<p>Las <strong>RU4 Endurance Cool&nbsp;<\/strong> son unas medias de running dise\u00f1adas para ofrecer <strong data-start=\"103\" data-end=\"142\">comodidad, estabilidad y transpirabilidad<\/strong> durante la carrera. La combinaci\u00f3n de <strong data-start=\"180\" data-end=\"228\">amortiguaci\u00f3n media y compresi\u00f3n ligera<\/strong> est\u00e1 pensada para acompa\u00f1ar al pie durante los entrenamientos, ofreciendo un equilibrio entre protecci\u00f3n y sensibilidad.<\/p>\n<p data-start=\"344\" data-end=\"702\">La estructura de <strong data-start=\"359\" data-end=\"383\">3 capas transpirables<\/strong> est\u00e1 dise\u00f1ada para favorecer la gesti\u00f3n de la humedad, lo que ayuda a mantener el pie seco y a reducir el riesgo de formaci\u00f3n de ampollas. El <strong data-start=\"532\" data-end=\"573\">ajuste diferenciado para el pie derecho y el izquierdo<\/strong> se adapta a la forma natural del pie, mientras que las <strong data-start=\"619\" data-end=\"643\">zonas de compresi\u00f3n<\/strong> contribuyen a mejorar la estabilidad durante la carrera.<\/p>\n<p data-start=\"704\" data-end=\"907\">Confeccionados en <strong data-start=\"718\" data-end=\"760\">mezcla de poli\u00e9ster de secado r\u00e1pido<\/strong>, estos calcetines est\u00e1n pensados para ofrecer comodidad incluso en las sesiones m\u00e1s intensas, manteniendo una buena transmisi\u00f3n de la fuerza durante la zancada.<\/p>\n<table style=\"border-collapse: collapse;width: 100%\">\n<tbody>\n<tr>\n<td style=\"width: 20%;text-align: center\"><img decoding=\"async\" class=\"product-functional-symbols__image aligncenter\" src=\"https:\/\/www.falke.com\/it_it\/4db1c784dda527a5a838b3006792a33f7ba86246\/assets\/base\/staticImages\/functionalsymbols\/icon_cooling-effect.svg\"><\/p>\n<p>Efecto refrescante<\/td>\n<td style=\"width: 20%;text-align: center\"><img decoding=\"async\" class=\"product-functional-symbols__image aligncenter\" src=\"https:\/\/www.falke.com\/it_it\/4db1c784dda527a5a838b3006792a33f7ba86246\/assets\/base\/staticImages\/functionalsymbols\/icon_feuchtigkeitsregulierend.svg\"><\/p>\n<p>Regula la humedad<\/td>\n<td style=\"width: 20%;text-align: center\"><img decoding=\"async\" class=\"product-functional-symbols__image aligncenter\" src=\"https:\/\/www.falke.com\/it_it\/4db1c784dda527a5a838b3006792a33f7ba86246\/assets\/base\/staticImages\/functionalsymbols\/icon_stabilisierend.svg\"><\/p>\n<p>Estabilizador<\/td>\n<td style=\"width: 20%;text-align: center\"><img decoding=\"async\" class=\"product-functional-symbols__image aligncenter\" src=\"https:\/\/www.falke.com\/it_it\/4db1c784dda527a5a838b3006792a33f7ba86246\/assets\/base\/staticImages\/functionalsymbols\/icon_schnellste_ruecktrocknung.svg\"><\/p>\n<p>Secado m\u00e1s r\u00e1pido<\/td>\n<td style=\"width: 20%;text-align: center\"><strong><img decoding=\"async\" class=\"product-functional-symbols__image aligncenter\" src=\"https:\/\/www.falke.com\/it_it\/4db1c784dda527a5a838b3006792a33f7ba86246\/assets\/base\/staticImages\/functionalsymbols\/icon_daempfende-wirkung.svg\"><\/strong><\/p>\n<p>Efecto amortiguador<\/td>\n<\/tr>\n<\/tbody>\n<\/table>\n<div class=\"product-functional-symbols__content\">\n<p>&nbsp;<\/p>\n<p>&nbsp;<\/p>\n<p class=\"product-functional-symbols__content-description\"><strong>Material<\/strong> :<\/p>\n<ul>\n<li class=\"product-specification__material-content-element\">35 % polipropileno<\/li>\n<li class=\"product-specification__material-content-element\">34 % poliamida<\/li>\n<li class=\"product-specification__material-content-element\">29 % poli\u00e9ster<\/li>\n<li class=\"product-specification__material-content-element\">2 % elastano<\/li>\n<\/ul>\n<\/div>\n<dl class=\"product-specification__attributes\">\n<dt class=\"product-specification__attribute\"><strong>Longitud de la ca\u00f1a<\/strong>: Pantorrilla<\/dt>\n<\/dl>\n<dl class=\"product-specification__attributes\">\n<dt class=\"product-specification__attribute\"><strong>Acolchado<\/strong>: Medio-grueso<\/dt>\n<\/dl>\n<dl class=\"product-specification__attributes\">\n<dt class=\"product-specification__attribute\"><strong>Ajuste<\/strong>: Anat\u00f3mico<\/dt>\n<\/dl>\n<dl class=\"product-specification__attributes\">\n<dt class=\"product-specification__attribute\"><strong>Suela<\/strong>: Normal<\/dt>\n<\/dl>\n<dl class=\"product-specification__attributes\">\n<dt class=\"product-specification__attribute\"><strong>Estilo<\/strong>: Deportivo<\/dt>\n<\/dl>\n<p>&nbsp;<\/p>\n","protected":false},"excerpt":{"rendered":"<ul>\n<li data-section-id=\"12cbxlm\" data-start=\"927\" data-end=\"1003\">Amortiguaci\u00f3n media y <strong data-start=\"953\" data-end=\"977\">compresi\u00f3n ligera<\/strong> para mayor comodidad y estabilidad<\/li>\n<li data-section-id=\"jritoe\" data-start=\"1004\" data-end=\"1090\">Estructura <strong data-start=\"1016\" data-end=\"1042\">transpirable de 3 capas<\/strong> para mantener los pies secos y reducir las ampollas<\/li>\n<li data-section-id=\"j3eabf\" data-start=\"1091\" data-end=\"1165\">Ajuste espec\u00edfico para el pie derecho\/izquierdo con zonas de compresi\u00f3n para una mayor sujeci\u00f3n<\/li>\n<\/ul>\n","protected":false},"featured_media":436116,"template":"","meta":{"_acf_changed":false,"inline_featured_image":false},"product_brand":[],"product_cat":[24462,24463],"product_tag":[23483,23607],"class_list":{"0":"post-436025","1":"product","2":"type-product","3":"status-publish","4":"has-post-thumbnail","6":"product_cat-calcetines-es-2","7":"product_cat-ropa-de-hombre-es","8":"product_tag-falke-es","9":"product_tag-falke-hombre","10":"pa_attivita-caminar","11":"pa_attivita-running-es","12":"pa_colore-ru4-endurance-cool-m-black","13":"pa_marca-falke-es","14":"pa_sesso-hombre","15":"pa_size-39-41-es","16":"pa_size-42-43-es","17":"pa_size-44-45-es","18":"pa_size-46-48-es","20":"first","21":"instock","22":"sale","23":"taxable","24":"shipping-taxable","25":"purchasable","26":"product-type-variable","27":"wvs-archive-product-wrapper"},"acf":[],"yoast_head":"<!-- This site is optimized with the Yoast SEO plugin v26.8 - https:\/\/yoast.com\/product\/yoast-seo-wordpress\/ -->\n<title>Falke RU4 endurance cool hombre - Calcetines para correr- MioMioRun.com<\/title>\n<meta name=\"description\" content=\"Calcetines de running RU4 Endurance Cool con compresi\u00f3n ligera y estructura transpirable de tres capas. Comodidad y estabilidad en cada carrera.\" \/>\n<meta name=\"robots\" content=\"index, follow, max-snippet:-1, max-image-preview:large, max-video-preview:-1\" \/>\n<link rel=\"canonical\" href=\"https:\/\/www.miomiorun.com\/es\/producto\/ru4-endurance-cool-hombre\/\" \/>\n<meta property=\"og:locale\" content=\"es_ES\" \/>\n<meta property=\"og:type\" content=\"article\" \/>\n<meta property=\"og:title\" content=\"Falke RU4 endurance cool hombre - Calcetines para correr- MioMioRun.com\" \/>\n<meta property=\"og:description\" content=\"Calcetines de running RU4 Endurance Cool con compresi\u00f3n ligera y estructura transpirable de tres capas. Comodidad y estabilidad en cada carrera.\" \/>\n<meta property=\"og:url\" content=\"https:\/\/www.miomiorun.com\/es\/producto\/ru4-endurance-cool-hombre\/\" \/>\n<meta property=\"og:site_name\" content=\"MioMioRun\" \/>\n<meta property=\"article:publisher\" content=\"https:\/\/www.facebook.com\/miomiorun\/\" \/>\n<meta property=\"article:modified_time\" content=\"2026-05-07T15:05:56+00:00\" \/>\n<meta property=\"og:image\" content=\"https:\/\/www.miomiorun.com\/app\/uploads\/2026\/04\/Falke-RU4-Endurance-cool-M-black-16087-3008.webp\" \/>\n\t<meta property=\"og:image:width\" content=\"720\" \/>\n\t<meta property=\"og:image:height\" content=\"720\" \/>\n\t<meta property=\"og:image:type\" content=\"image\/webp\" \/>\n<meta name=\"twitter:card\" content=\"summary_large_image\" \/>\n<meta name=\"twitter:label1\" content=\"Est. reading time\" \/>\n\t<meta name=\"twitter:data1\" content=\"1 minute\" \/>\n<script type=\"application\/ld+json\" class=\"yoast-schema-graph\">{\"@context\":\"https:\/\/schema.org\",\"@graph\":[{\"@type\":\"WebPage\",\"@id\":\"https:\/\/www.miomiorun.com\/es\/producto\/ru4-endurance-cool-hombre\/\",\"url\":\"https:\/\/www.miomiorun.com\/es\/producto\/ru4-endurance-cool-hombre\/\",\"name\":\"Falke RU4 endurance cool hombre - Calcetines para correr- MioMioRun.com\",\"isPartOf\":{\"@id\":\"https:\/\/www.miomiorun.com\/es\/#website\"},\"primaryImageOfPage\":{\"@id\":\"https:\/\/www.miomiorun.com\/es\/producto\/ru4-endurance-cool-hombre\/#primaryimage\"},\"image\":{\"@id\":\"https:\/\/www.miomiorun.com\/es\/producto\/ru4-endurance-cool-hombre\/#primaryimage\"},\"thumbnailUrl\":\"https:\/\/www.miomiorun.com\/app\/uploads\/2026\/04\/Falke-RU4-Endurance-cool-M-black-16087-3008.webp\",\"datePublished\":\"2026-04-28T08:07:31+00:00\",\"dateModified\":\"2026-05-07T15:05:56+00:00\",\"description\":\"Calcetines de running RU4 Endurance Cool con compresi\u00f3n ligera y estructura transpirable de tres capas. Comodidad y estabilidad en cada carrera.\",\"breadcrumb\":{\"@id\":\"https:\/\/www.miomiorun.com\/es\/producto\/ru4-endurance-cool-hombre\/#breadcrumb\"},\"inLanguage\":\"es-ES\",\"potentialAction\":[{\"@type\":\"ReadAction\",\"target\":[\"https:\/\/www.miomiorun.com\/es\/producto\/ru4-endurance-cool-hombre\/\"]}]},{\"@type\":\"ImageObject\",\"inLanguage\":\"es-ES\",\"@id\":\"https:\/\/www.miomiorun.com\/es\/producto\/ru4-endurance-cool-hombre\/#primaryimage\",\"url\":\"https:\/\/www.miomiorun.com\/app\/uploads\/2026\/04\/Falke-RU4-Endurance-cool-M-black-16087-3008.webp\",\"contentUrl\":\"https:\/\/www.miomiorun.com\/app\/uploads\/2026\/04\/Falke-RU4-Endurance-cool-M-black-16087-3008.webp\",\"width\":720,\"height\":720,\"caption\":\"Falke RU4 Endurance cool M black 16087 3008\"},{\"@type\":\"BreadcrumbList\",\"@id\":\"https:\/\/www.miomiorun.com\/es\/producto\/ru4-endurance-cool-hombre\/#breadcrumb\",\"itemListElement\":[{\"@type\":\"ListItem\",\"position\":1,\"name\":\"Home\",\"item\":\"https:\/\/www.miomiorun.com\/es\/\"},{\"@type\":\"ListItem\",\"position\":2,\"name\":\"Shop\",\"item\":\"https:\/\/www.miomiorun.com\/shop\/\"},{\"@type\":\"ListItem\",\"position\":3,\"name\":\"RU4 endurance cool hombre\"}]},{\"@type\":\"WebSite\",\"@id\":\"https:\/\/www.miomiorun.com\/es\/#website\",\"url\":\"https:\/\/www.miomiorun.com\/es\/\",\"name\":\"MioMioRun\",\"description\":\"Tienda 100% running y trail\",\"publisher\":{\"@id\":\"https:\/\/www.miomiorun.com\/es\/#organization\"},\"potentialAction\":[{\"@type\":\"SearchAction\",\"target\":{\"@type\":\"EntryPoint\",\"urlTemplate\":\"https:\/\/www.miomiorun.com\/es\/?s={search_term_string}\"},\"query-input\":{\"@type\":\"PropertyValueSpecification\",\"valueRequired\":true,\"valueName\":\"search_term_string\"}}],\"inLanguage\":\"es-ES\"},{\"@type\":\"Organization\",\"@id\":\"https:\/\/www.miomiorun.com\/es\/#organization\",\"name\":\"MioMio Run\",\"url\":\"https:\/\/www.miomiorun.com\/es\/\",\"logo\":{\"@type\":\"ImageObject\",\"inLanguage\":\"es-ES\",\"@id\":\"https:\/\/www.miomiorun.com\/es\/#\/schema\/logo\/image\/\",\"url\":\"https:\/\/www.miomiorun.com\/app\/uploads\/2019\/12\/logomio.png\",\"contentUrl\":\"https:\/\/www.miomiorun.com\/app\/uploads\/2019\/12\/logomio.png\",\"width\":115,\"height\":82,\"caption\":\"MioMio Run\"},\"image\":{\"@id\":\"https:\/\/www.miomiorun.com\/es\/#\/schema\/logo\/image\/\"},\"sameAs\":[\"https:\/\/www.facebook.com\/miomiorun\/\",\"https:\/\/www.instagram.com\/miomiorun\/\"]}]}<\/script>\n<!-- \/ Yoast SEO plugin. -->","yoast_head_json":{"title":"Falke RU4 endurance cool hombre - Calcetines para correr- MioMioRun.com","description":"Calcetines de running RU4 Endurance Cool con compresi\u00f3n ligera y estructura transpirable de tres capas. Comodidad y estabilidad en cada carrera.","robots":{"index":"index","follow":"follow","max-snippet":"max-snippet:-1","max-image-preview":"max-image-preview:large","max-video-preview":"max-video-preview:-1"},"canonical":"https:\/\/www.miomiorun.com\/es\/producto\/ru4-endurance-cool-hombre\/","og_locale":"es_ES","og_type":"article","og_title":"Falke RU4 endurance cool hombre - Calcetines para correr- MioMioRun.com","og_description":"Calcetines de running RU4 Endurance Cool con compresi\u00f3n ligera y estructura transpirable de tres capas. Comodidad y estabilidad en cada carrera.","og_url":"https:\/\/www.miomiorun.com\/es\/producto\/ru4-endurance-cool-hombre\/","og_site_name":"MioMioRun","article_publisher":"https:\/\/www.facebook.com\/miomiorun\/","article_modified_time":"2026-05-07T15:05:56+00:00","og_image":[{"width":720,"height":720,"url":"https:\/\/www.miomiorun.com\/app\/uploads\/2026\/04\/Falke-RU4-Endurance-cool-M-black-16087-3008.webp","type":"image\/webp"}],"twitter_card":"summary_large_image","twitter_misc":{"Est. reading time":"1 minute"},"schema":{"@context":"https:\/\/schema.org","@graph":[{"@type":"WebPage","@id":"https:\/\/www.miomiorun.com\/es\/producto\/ru4-endurance-cool-hombre\/","url":"https:\/\/www.miomiorun.com\/es\/producto\/ru4-endurance-cool-hombre\/","name":"Falke RU4 endurance cool hombre - Calcetines para correr- MioMioRun.com","isPartOf":{"@id":"https:\/\/www.miomiorun.com\/es\/#website"},"primaryImageOfPage":{"@id":"https:\/\/www.miomiorun.com\/es\/producto\/ru4-endurance-cool-hombre\/#primaryimage"},"image":{"@id":"https:\/\/www.miomiorun.com\/es\/producto\/ru4-endurance-cool-hombre\/#primaryimage"},"thumbnailUrl":"https:\/\/www.miomiorun.com\/app\/uploads\/2026\/04\/Falke-RU4-Endurance-cool-M-black-16087-3008.webp","datePublished":"2026-04-28T08:07:31+00:00","dateModified":"2026-05-07T15:05:56+00:00","description":"Calcetines de running RU4 Endurance Cool con compresi\u00f3n ligera y estructura transpirable de tres capas. Comodidad y estabilidad en cada carrera.","breadcrumb":{"@id":"https:\/\/www.miomiorun.com\/es\/producto\/ru4-endurance-cool-hombre\/#breadcrumb"},"inLanguage":"es-ES","potentialAction":[{"@type":"ReadAction","target":["https:\/\/www.miomiorun.com\/es\/producto\/ru4-endurance-cool-hombre\/"]}]},{"@type":"ImageObject","inLanguage":"es-ES","@id":"https:\/\/www.miomiorun.com\/es\/producto\/ru4-endurance-cool-hombre\/#primaryimage","url":"https:\/\/www.miomiorun.com\/app\/uploads\/2026\/04\/Falke-RU4-Endurance-cool-M-black-16087-3008.webp","contentUrl":"https:\/\/www.miomiorun.com\/app\/uploads\/2026\/04\/Falke-RU4-Endurance-cool-M-black-16087-3008.webp","width":720,"height":720,"caption":"Falke RU4 Endurance cool M black 16087 3008"},{"@type":"BreadcrumbList","@id":"https:\/\/www.miomiorun.com\/es\/producto\/ru4-endurance-cool-hombre\/#breadcrumb","itemListElement":[{"@type":"ListItem","position":1,"name":"Home","item":"https:\/\/www.miomiorun.com\/es\/"},{"@type":"ListItem","position":2,"name":"Shop","item":"https:\/\/www.miomiorun.com\/shop\/"},{"@type":"ListItem","position":3,"name":"RU4 endurance cool hombre"}]},{"@type":"WebSite","@id":"https:\/\/www.miomiorun.com\/es\/#website","url":"https:\/\/www.miomiorun.com\/es\/","name":"MioMioRun","description":"Tienda 100% running y trail","publisher":{"@id":"https:\/\/www.miomiorun.com\/es\/#organization"},"potentialAction":[{"@type":"SearchAction","target":{"@type":"EntryPoint","urlTemplate":"https:\/\/www.miomiorun.com\/es\/?s={search_term_string}"},"query-input":{"@type":"PropertyValueSpecification","valueRequired":true,"valueName":"search_term_string"}}],"inLanguage":"es-ES"},{"@type":"Organization","@id":"https:\/\/www.miomiorun.com\/es\/#organization","name":"MioMio Run","url":"https:\/\/www.miomiorun.com\/es\/","logo":{"@type":"ImageObject","inLanguage":"es-ES","@id":"https:\/\/www.miomiorun.com\/es\/#\/schema\/logo\/image\/","url":"https:\/\/www.miomiorun.com\/app\/uploads\/2019\/12\/logomio.png","contentUrl":"https:\/\/www.miomiorun.com\/app\/uploads\/2019\/12\/logomio.png","width":115,"height":82,"caption":"MioMio Run"},"image":{"@id":"https:\/\/www.miomiorun.com\/es\/#\/schema\/logo\/image\/"},"sameAs":["https:\/\/www.facebook.com\/miomiorun\/","https:\/\/www.instagram.com\/miomiorun\/"]}]}},"_links":{"self":[{"href":"https:\/\/www.miomiorun.com\/es\/wp-json\/wp\/v2\/product\/436025","targetHints":{"allow":["GET"]}}],"collection":[{"href":"https:\/\/www.miomiorun.com\/es\/wp-json\/wp\/v2\/product"}],"about":[{"href":"https:\/\/www.miomiorun.com\/es\/wp-json\/wp\/v2\/types\/product"}],"wp:featuredmedia":[{"embeddable":true,"href":"https:\/\/www.miomiorun.com\/es\/wp-json\/wp\/v2\/media\/436116"}],"wp:attachment":[{"href":"https:\/\/www.miomiorun.com\/es\/wp-json\/wp\/v2\/media?parent=436025"}],"wp:term":[{"taxonomy":"product_brand","embeddable":true,"href":"https:\/\/www.miomiorun.com\/es\/wp-json\/wp\/v2\/product_brand?post=436025"},{"taxonomy":"product_cat","embeddable":true,"href":"https:\/\/www.miomiorun.com\/es\/wp-json\/wp\/v2\/product_cat?post=436025"},{"taxonomy":"product_tag","embeddable":true,"href":"https:\/\/www.miomiorun.com\/es\/wp-json\/wp\/v2\/product_tag?post=436025"}],"curies":[{"name":"wp","href":"https:\/\/api.w.org\/{rel}","templated":true}]}}