{"id":435575,"date":"2026-04-23T17:32:47","date_gmt":"2026-04-23T15:32:47","guid":{"rendered":"https:\/\/www.miomiorun.com\/?post_type=product&#038;p=435575"},"modified":"2026-05-08T12:01:51","modified_gmt":"2026-05-08T10:01:51","slug":"race-negra-camiseta-sin-mangas-mujer","status":"publish","type":"product","link":"https:\/\/www.miomiorun.com\/es\/producto\/race-negra-camiseta-sin-mangas-mujer\/","title":{"rendered":"Race Negra Camiseta sin mangas mujer"},"content":{"rendered":"<p data-start=\"0\" data-end=\"395\">Esta camiseta representa el <strong data-start=\"58\" data-end=\"103\">m\u00e1ximo nivel de la producci\u00f3n de Wild Tee<\/strong> en ropa para <strong data-start=\"127\" data-end=\"144\">carretera y competici\u00f3n<\/strong>, dise\u00f1ada para ofrecer <strong data-start=\"169\" data-end=\"192\">rendimiento extremo<\/strong>, <strong data-start=\"194\" data-end=\"214\">ultraligereza<\/strong> y <strong data-start=\"217\" data-end=\"242\">ventilaci\u00f3n avanzada<\/strong>. Confeccionada con <strong data-start=\"259\" data-end=\"303\">tejido italiano reciclado postconsumo<\/strong> y fabricada en la Uni\u00f3n Europea, est\u00e1 pensada para quienes buscan lo m\u00e1ximo en t\u00e9rminos de rendimiento.<\/p>\n<p data-start=\"397\" data-end=\"437\">Su confecci\u00f3n est\u00e1 dise\u00f1ada para garantizar:<\/p>\n<ul data-start=\"438\" data-end=\"615\">\n<li data-section-id=\"19c9zk2\" data-start=\"438\" data-end=\"498\"><strong data-start=\"440\" data-end=\"466\">Ventilaci\u00f3n superior<\/strong> gracias al tejido Openmesh 3D<\/li>\n<li data-section-id=\"169h3mv\" data-start=\"499\" data-end=\"557\"><strong data-start=\"501\" data-end=\"523\">Secado r\u00e1pido<\/strong> para mantener la piel seca<\/li>\n<li data-section-id=\"1031p56\" data-start=\"558\" data-end=\"615\"><strong data-start=\"560\" data-end=\"591\">Total libertad de movimiento<\/strong> con corte ergon\u00f3mico<\/li>\n<\/ul>\n<p data-start=\"617\" data-end=\"1134\">El tejido t\u00e9cnico <strong data-start=\"636\" data-end=\"661\">Openmesh 3D reciclado<\/strong> garantiza una elevada transpirabilidad incluso en las condiciones m\u00e1s intensas. Con un peso extremadamente reducido de unos <strong data-start=\"772\" data-end=\"796\">42 gramos (talla M)<\/strong>, es ideal para competiciones y entrenamientos de alta intensidad donde cada detalle cuenta. Dada la estructura del material, se desaconseja su uso con chalecos de hidrataci\u00f3n o la aplicaci\u00f3n directa del dorsal. La prenda cuenta con las certificaciones <strong data-start=\"1023\" data-end=\"1036\">bluesign\u00ae<\/strong> y <strong data-start=\"1039\" data-end=\"1065\">Oeko-Tex\u00ae Standard 100<\/strong>. Composici\u00f3n: <strong data-start=\"1081\" data-end=\"1133\">93 % poli\u00e9ster reciclado y 7 % elastano reciclado<\/strong>.<\/p>\n","protected":false},"excerpt":{"rendered":"<ul>\n<li data-section-id=\"hikd2v\" data-start=\"1365\" data-end=\"1443\"><strong data-start=\"1367\" data-end=\"1400\">Tejido Openmesh 3D reciclado<\/strong> para una gran transpirabilidad y un alto rendimiento<\/li>\n<li data-section-id=\"bmgdcs\" data-start=\"1444\" data-end=\"1529\"><strong data-start=\"1446\" data-end=\"1475\">Peso ultraligero (42 g)<\/strong> ideal para competiciones y carreras de alta intensidad<\/li>\n<li data-section-id=\"8k6n5q\" data-start=\"1530\" data-end=\"1608\" data-is-last-node=\"\"><strong data-start=\"1532\" data-end=\"1581\">Corte ergon\u00f3mico y certificaciones de calidad<\/strong> para mayor comodidad y fiabilidad<\/li>\n<\/ul>\n","protected":false},"featured_media":435598,"template":"","meta":{"_acf_changed":false,"inline_featured_image":false},"product_brand":[],"product_cat":[24399,24401,24402],"product_tag":[23527,23624],"class_list":{"0":"post-435575","1":"product","2":"type-product","3":"status-publish","4":"has-post-thumbnail","6":"product_cat-chalecos","7":"product_cat-ropa-de-mujer","8":"product_cat-mujer","9":"product_tag-wild-tee-es","10":"product_tag-wild-tee-mujer","11":"pa_attivita-fitness-es","12":"pa_attivita-running-es","13":"pa_marca-wild-tee-es","14":"pa_sesso-mujer","15":"pa_size-extra-small-es","16":"pa_size-small-es","17":"pa_size-medium-es","19":"first","20":"instock","21":"sale","22":"taxable","23":"shipping-taxable","24":"purchasable","25":"product-type-variable","26":"wvs-archive-product-wrapper"},"acf":[],"yoast_head":"<!-- This site is optimized with the Yoast SEO plugin v26.8 - https:\/\/yoast.com\/product\/yoast-seo-wordpress\/ -->\n<title>Wild TeeRace Negra Camiseta sin mangas mujer - camiseta sin mangas para correr - MioMioRun R<\/title>\n<meta name=\"description\" content=\"Tejido ultraligero y transpirable, dise\u00f1ado para ofrecer un alto rendimiento, m\u00e1xima ventilaci\u00f3n y libertad de movimiento en las salidas por carretera y en competici\u00f3n\" \/>\n<meta name=\"robots\" content=\"index, follow, max-snippet:-1, max-image-preview:large, max-video-preview:-1\" \/>\n<link rel=\"canonical\" href=\"https:\/\/www.miomiorun.com\/es\/producto\/race-negra-camiseta-sin-mangas-mujer\/\" \/>\n<meta property=\"og:locale\" content=\"es_ES\" \/>\n<meta property=\"og:type\" content=\"article\" \/>\n<meta property=\"og:title\" content=\"Wild TeeRace Negra Camiseta sin mangas mujer - camiseta sin mangas para correr - MioMioRun R\" \/>\n<meta property=\"og:description\" content=\"Tejido ultraligero y transpirable, dise\u00f1ado para ofrecer un alto rendimiento, m\u00e1xima ventilaci\u00f3n y libertad de movimiento en las salidas por carretera y en competici\u00f3n\" \/>\n<meta property=\"og:url\" content=\"https:\/\/www.miomiorun.com\/es\/producto\/race-negra-camiseta-sin-mangas-mujer\/\" \/>\n<meta property=\"og:site_name\" content=\"MioMioRun\" \/>\n<meta property=\"article:publisher\" content=\"https:\/\/www.facebook.com\/miomiorun\/\" \/>\n<meta property=\"article:modified_time\" content=\"2026-05-08T10:01:51+00:00\" \/>\n<meta property=\"og:image\" content=\"https:\/\/www.miomiorun.com\/app\/uploads\/2026\/04\/WildTee-Tank-TOP-W-race-black-WT005WT206.webp\" \/>\n\t<meta property=\"og:image:width\" content=\"720\" \/>\n\t<meta property=\"og:image:height\" content=\"720\" \/>\n\t<meta property=\"og:image:type\" content=\"image\/webp\" \/>\n<meta name=\"twitter:card\" content=\"summary_large_image\" \/>\n<meta name=\"twitter:label1\" content=\"Est. reading time\" \/>\n\t<meta name=\"twitter:data1\" content=\"1 minute\" \/>\n<script type=\"application\/ld+json\" class=\"yoast-schema-graph\">{\"@context\":\"https:\/\/schema.org\",\"@graph\":[{\"@type\":\"WebPage\",\"@id\":\"https:\/\/www.miomiorun.com\/es\/producto\/race-negra-camiseta-sin-mangas-mujer\/\",\"url\":\"https:\/\/www.miomiorun.com\/es\/producto\/race-negra-camiseta-sin-mangas-mujer\/\",\"name\":\"Wild TeeRace Negra Camiseta sin mangas mujer - camiseta sin mangas para correr - MioMioRun R\",\"isPartOf\":{\"@id\":\"https:\/\/www.miomiorun.com\/es\/#website\"},\"primaryImageOfPage\":{\"@id\":\"https:\/\/www.miomiorun.com\/es\/producto\/race-negra-camiseta-sin-mangas-mujer\/#primaryimage\"},\"image\":{\"@id\":\"https:\/\/www.miomiorun.com\/es\/producto\/race-negra-camiseta-sin-mangas-mujer\/#primaryimage\"},\"thumbnailUrl\":\"https:\/\/www.miomiorun.com\/app\/uploads\/2026\/04\/WildTee-Tank-TOP-W-race-black-WT005WT206.webp\",\"datePublished\":\"2026-04-23T15:32:47+00:00\",\"dateModified\":\"2026-05-08T10:01:51+00:00\",\"description\":\"Tejido ultraligero y transpirable, dise\u00f1ado para ofrecer un alto rendimiento, m\u00e1xima ventilaci\u00f3n y libertad de movimiento en las salidas por carretera y en competici\u00f3n\",\"breadcrumb\":{\"@id\":\"https:\/\/www.miomiorun.com\/es\/producto\/race-negra-camiseta-sin-mangas-mujer\/#breadcrumb\"},\"inLanguage\":\"es-ES\",\"potentialAction\":[{\"@type\":\"ReadAction\",\"target\":[\"https:\/\/www.miomiorun.com\/es\/producto\/race-negra-camiseta-sin-mangas-mujer\/\"]}]},{\"@type\":\"ImageObject\",\"inLanguage\":\"es-ES\",\"@id\":\"https:\/\/www.miomiorun.com\/es\/producto\/race-negra-camiseta-sin-mangas-mujer\/#primaryimage\",\"url\":\"https:\/\/www.miomiorun.com\/app\/uploads\/2026\/04\/WildTee-Tank-TOP-W-race-black-WT005WT206.webp\",\"contentUrl\":\"https:\/\/www.miomiorun.com\/app\/uploads\/2026\/04\/WildTee-Tank-TOP-W-race-black-WT005WT206.webp\",\"width\":720,\"height\":720,\"caption\":\"WildTee Tank TOP W race black WT005WT206\"},{\"@type\":\"BreadcrumbList\",\"@id\":\"https:\/\/www.miomiorun.com\/es\/producto\/race-negra-camiseta-sin-mangas-mujer\/#breadcrumb\",\"itemListElement\":[{\"@type\":\"ListItem\",\"position\":1,\"name\":\"Home\",\"item\":\"https:\/\/www.miomiorun.com\/es\/\"},{\"@type\":\"ListItem\",\"position\":2,\"name\":\"Shop\",\"item\":\"https:\/\/www.miomiorun.com\/shop\/\"},{\"@type\":\"ListItem\",\"position\":3,\"name\":\"Race Negra Camiseta sin mangas mujer\"}]},{\"@type\":\"WebSite\",\"@id\":\"https:\/\/www.miomiorun.com\/es\/#website\",\"url\":\"https:\/\/www.miomiorun.com\/es\/\",\"name\":\"MioMioRun\",\"description\":\"Tienda 100% running y trail\",\"publisher\":{\"@id\":\"https:\/\/www.miomiorun.com\/es\/#organization\"},\"potentialAction\":[{\"@type\":\"SearchAction\",\"target\":{\"@type\":\"EntryPoint\",\"urlTemplate\":\"https:\/\/www.miomiorun.com\/es\/?s={search_term_string}\"},\"query-input\":{\"@type\":\"PropertyValueSpecification\",\"valueRequired\":true,\"valueName\":\"search_term_string\"}}],\"inLanguage\":\"es-ES\"},{\"@type\":\"Organization\",\"@id\":\"https:\/\/www.miomiorun.com\/es\/#organization\",\"name\":\"MioMio Run\",\"url\":\"https:\/\/www.miomiorun.com\/es\/\",\"logo\":{\"@type\":\"ImageObject\",\"inLanguage\":\"es-ES\",\"@id\":\"https:\/\/www.miomiorun.com\/es\/#\/schema\/logo\/image\/\",\"url\":\"https:\/\/www.miomiorun.com\/app\/uploads\/2019\/12\/logomio.png\",\"contentUrl\":\"https:\/\/www.miomiorun.com\/app\/uploads\/2019\/12\/logomio.png\",\"width\":115,\"height\":82,\"caption\":\"MioMio Run\"},\"image\":{\"@id\":\"https:\/\/www.miomiorun.com\/es\/#\/schema\/logo\/image\/\"},\"sameAs\":[\"https:\/\/www.facebook.com\/miomiorun\/\",\"https:\/\/www.instagram.com\/miomiorun\/\"]}]}<\/script>\n<!-- \/ Yoast SEO plugin. -->","yoast_head_json":{"title":"Wild TeeRace Negra Camiseta sin mangas mujer - camiseta sin mangas para correr - MioMioRun R","description":"Tejido ultraligero y transpirable, dise\u00f1ado para ofrecer un alto rendimiento, m\u00e1xima ventilaci\u00f3n y libertad de movimiento en las salidas por carretera y en competici\u00f3n","robots":{"index":"index","follow":"follow","max-snippet":"max-snippet:-1","max-image-preview":"max-image-preview:large","max-video-preview":"max-video-preview:-1"},"canonical":"https:\/\/www.miomiorun.com\/es\/producto\/race-negra-camiseta-sin-mangas-mujer\/","og_locale":"es_ES","og_type":"article","og_title":"Wild TeeRace Negra Camiseta sin mangas mujer - camiseta sin mangas para correr - MioMioRun R","og_description":"Tejido ultraligero y transpirable, dise\u00f1ado para ofrecer un alto rendimiento, m\u00e1xima ventilaci\u00f3n y libertad de movimiento en las salidas por carretera y en competici\u00f3n","og_url":"https:\/\/www.miomiorun.com\/es\/producto\/race-negra-camiseta-sin-mangas-mujer\/","og_site_name":"MioMioRun","article_publisher":"https:\/\/www.facebook.com\/miomiorun\/","article_modified_time":"2026-05-08T10:01:51+00:00","og_image":[{"width":720,"height":720,"url":"https:\/\/www.miomiorun.com\/app\/uploads\/2026\/04\/WildTee-Tank-TOP-W-race-black-WT005WT206.webp","type":"image\/webp"}],"twitter_card":"summary_large_image","twitter_misc":{"Est. reading time":"1 minute"},"schema":{"@context":"https:\/\/schema.org","@graph":[{"@type":"WebPage","@id":"https:\/\/www.miomiorun.com\/es\/producto\/race-negra-camiseta-sin-mangas-mujer\/","url":"https:\/\/www.miomiorun.com\/es\/producto\/race-negra-camiseta-sin-mangas-mujer\/","name":"Wild TeeRace Negra Camiseta sin mangas mujer - camiseta sin mangas para correr - MioMioRun R","isPartOf":{"@id":"https:\/\/www.miomiorun.com\/es\/#website"},"primaryImageOfPage":{"@id":"https:\/\/www.miomiorun.com\/es\/producto\/race-negra-camiseta-sin-mangas-mujer\/#primaryimage"},"image":{"@id":"https:\/\/www.miomiorun.com\/es\/producto\/race-negra-camiseta-sin-mangas-mujer\/#primaryimage"},"thumbnailUrl":"https:\/\/www.miomiorun.com\/app\/uploads\/2026\/04\/WildTee-Tank-TOP-W-race-black-WT005WT206.webp","datePublished":"2026-04-23T15:32:47+00:00","dateModified":"2026-05-08T10:01:51+00:00","description":"Tejido ultraligero y transpirable, dise\u00f1ado para ofrecer un alto rendimiento, m\u00e1xima ventilaci\u00f3n y libertad de movimiento en las salidas por carretera y en competici\u00f3n","breadcrumb":{"@id":"https:\/\/www.miomiorun.com\/es\/producto\/race-negra-camiseta-sin-mangas-mujer\/#breadcrumb"},"inLanguage":"es-ES","potentialAction":[{"@type":"ReadAction","target":["https:\/\/www.miomiorun.com\/es\/producto\/race-negra-camiseta-sin-mangas-mujer\/"]}]},{"@type":"ImageObject","inLanguage":"es-ES","@id":"https:\/\/www.miomiorun.com\/es\/producto\/race-negra-camiseta-sin-mangas-mujer\/#primaryimage","url":"https:\/\/www.miomiorun.com\/app\/uploads\/2026\/04\/WildTee-Tank-TOP-W-race-black-WT005WT206.webp","contentUrl":"https:\/\/www.miomiorun.com\/app\/uploads\/2026\/04\/WildTee-Tank-TOP-W-race-black-WT005WT206.webp","width":720,"height":720,"caption":"WildTee Tank TOP W race black WT005WT206"},{"@type":"BreadcrumbList","@id":"https:\/\/www.miomiorun.com\/es\/producto\/race-negra-camiseta-sin-mangas-mujer\/#breadcrumb","itemListElement":[{"@type":"ListItem","position":1,"name":"Home","item":"https:\/\/www.miomiorun.com\/es\/"},{"@type":"ListItem","position":2,"name":"Shop","item":"https:\/\/www.miomiorun.com\/shop\/"},{"@type":"ListItem","position":3,"name":"Race Negra Camiseta sin mangas mujer"}]},{"@type":"WebSite","@id":"https:\/\/www.miomiorun.com\/es\/#website","url":"https:\/\/www.miomiorun.com\/es\/","name":"MioMioRun","description":"Tienda 100% running y trail","publisher":{"@id":"https:\/\/www.miomiorun.com\/es\/#organization"},"potentialAction":[{"@type":"SearchAction","target":{"@type":"EntryPoint","urlTemplate":"https:\/\/www.miomiorun.com\/es\/?s={search_term_string}"},"query-input":{"@type":"PropertyValueSpecification","valueRequired":true,"valueName":"search_term_string"}}],"inLanguage":"es-ES"},{"@type":"Organization","@id":"https:\/\/www.miomiorun.com\/es\/#organization","name":"MioMio Run","url":"https:\/\/www.miomiorun.com\/es\/","logo":{"@type":"ImageObject","inLanguage":"es-ES","@id":"https:\/\/www.miomiorun.com\/es\/#\/schema\/logo\/image\/","url":"https:\/\/www.miomiorun.com\/app\/uploads\/2019\/12\/logomio.png","contentUrl":"https:\/\/www.miomiorun.com\/app\/uploads\/2019\/12\/logomio.png","width":115,"height":82,"caption":"MioMio Run"},"image":{"@id":"https:\/\/www.miomiorun.com\/es\/#\/schema\/logo\/image\/"},"sameAs":["https:\/\/www.facebook.com\/miomiorun\/","https:\/\/www.instagram.com\/miomiorun\/"]}]}},"_links":{"self":[{"href":"https:\/\/www.miomiorun.com\/es\/wp-json\/wp\/v2\/product\/435575","targetHints":{"allow":["GET"]}}],"collection":[{"href":"https:\/\/www.miomiorun.com\/es\/wp-json\/wp\/v2\/product"}],"about":[{"href":"https:\/\/www.miomiorun.com\/es\/wp-json\/wp\/v2\/types\/product"}],"wp:featuredmedia":[{"embeddable":true,"href":"https:\/\/www.miomiorun.com\/es\/wp-json\/wp\/v2\/media\/435598"}],"wp:attachment":[{"href":"https:\/\/www.miomiorun.com\/es\/wp-json\/wp\/v2\/media?parent=435575"}],"wp:term":[{"taxonomy":"product_brand","embeddable":true,"href":"https:\/\/www.miomiorun.com\/es\/wp-json\/wp\/v2\/product_brand?post=435575"},{"taxonomy":"product_cat","embeddable":true,"href":"https:\/\/www.miomiorun.com\/es\/wp-json\/wp\/v2\/product_cat?post=435575"},{"taxonomy":"product_tag","embeddable":true,"href":"https:\/\/www.miomiorun.com\/es\/wp-json\/wp\/v2\/product_tag?post=435575"}],"curies":[{"name":"wp","href":"https:\/\/api.w.org\/{rel}","templated":true}]}}