{"id":435534,"date":"2026-04-23T17:26:25","date_gmt":"2026-04-23T15:26:25","guid":{"rendered":"https:\/\/www.miomiorun.com\/?post_type=product&#038;p=435534"},"modified":"2026-05-08T12:01:52","modified_gmt":"2026-05-08T10:01:52","slug":"t-shirt-monte-bianco-mujer","status":"publish","type":"product","link":"https:\/\/www.miomiorun.com\/es\/producto\/t-shirt-monte-bianco-mujer\/","title":{"rendered":"T-shirt monte bianco mujer"},"content":{"rendered":"<p data-start=\"0\" data-end=\"307\">Esta camiseta t\u00e9cnica para mujer se inspira en el <strong data-start=\"74\" data-end=\"90\">Mont Blanc<\/strong>, la cima m\u00e1s alta de Europa y s\u00edmbolo del alpinismo moderno. Un gui\u00f1o a los or\u00edgenes de la monta\u00f1a y del ultratrail, donde la historia y el rendimiento se unen en una prenda pensada para quienes viven la carrera con pasi\u00f3n.<\/p>\n<p data-start=\"309\" data-end=\"349\">Su dise\u00f1o est\u00e1 pensado para garantizar:<\/p>\n<ul data-start=\"350\" data-end=\"510\">\n<li data-section-id=\"1c1bcwe\" data-start=\"350\" data-end=\"399\"><strong data-start=\"352\" data-end=\"378\">M\u00e1xima transpirabilidad<\/strong> durante la actividad<\/li>\n<li data-section-id=\"44cimc\" data-start=\"400\" data-end=\"454\"><strong data-start=\"402\" data-end=\"424\">Comodidad prolongada<\/strong> incluso en largas distancias<\/li>\n<li data-section-id=\"1du3dlo\" data-start=\"455\" data-end=\"510\"><strong data-start=\"457\" data-end=\"483\">Versatilidad de uso<\/strong> entre deporte y tiempo libre<\/li>\n<\/ul>\n<p data-start=\"512\" data-end=\"1007\">Confeccionada en <strong data-start=\"526\" data-end=\"557\">micromalla suave como la seda<\/strong>, ofrece una sensaci\u00f3n ligera y fluida sobre la piel, ideal tanto para <strong data-start=\"625\" data-end=\"648\">carreras de ultratrail<\/strong> como para salidas m\u00e1s relajadas. El <strong data-start=\"682\" data-end=\"726\">corte femenino con ajuste europeo<\/strong> garantiza un ajuste preciso y c\u00f3modo. El <strong data-start=\"775\" data-end=\"807\">estampado por sublimaci\u00f3n integral<\/strong> mantiene los colores y los detalles a lo largo del tiempo sin deteriorarse ni decolorarse. Con un peso de aproximadamente <strong data-start=\"898\" data-end=\"911\">95 gramos<\/strong>, es una prenda ligera y de alto rendimiento. Composici\u00f3n: <strong data-start=\"960\" data-end=\"979\">100 % poli\u00e9ster<\/strong>, totalmente reciclable.<\/p>\n","protected":false},"excerpt":{"rendered":"<ul>\n<li data-section-id=\"12luz3e\" data-start=\"1228\" data-end=\"1300\"><strong data-start=\"1230\" data-end=\"1273\">Tejido Micromesh ligero y transpirable<\/strong> para mayor comodidad y frescura<\/li>\n<li data-section-id=\"1piuvuu\" data-start=\"1301\" data-end=\"1375\"><strong data-start=\"1303\" data-end=\"1338\">Dise\u00f1o inspirado en el Mont Blanc<\/strong>, s\u00edmbolo del alpinismo y el ultratrail<\/li>\n<li data-section-id=\"1f0ey89\" data-start=\"1376\" data-end=\"1443\" data-is-last-node=\"\"><strong data-start=\"1378\" data-end=\"1418\">Corte femenino y estampado resistente<\/strong> para un ajuste perfecto y una mayor durabilidad<\/li>\n<\/ul>\n","protected":false},"featured_media":435558,"template":"","meta":{"_acf_changed":false,"inline_featured_image":false},"product_brand":[],"product_cat":[24226,24401,24402],"product_tag":[23527,23624],"class_list":{"0":"post-435534","1":"product","2":"type-product","3":"status-publish","4":"has-post-thumbnail","6":"product_cat-camiseta","7":"product_cat-ropa-de-mujer","8":"product_cat-mujer","9":"product_tag-wild-tee-es","10":"product_tag-wild-tee-mujer","11":"pa_attivita-caminar","12":"pa_attivita-running-es","13":"pa_attivita-trail-es","14":"pa_marca-wild-tee-es","15":"pa_sesso-mujer","16":"pa_size-small-es","17":"pa_size-medium-es","18":"pa_size-large-es","20":"first","21":"instock","22":"sale","23":"taxable","24":"shipping-taxable","25":"purchasable","26":"product-type-variable","27":"wvs-archive-product-wrapper"},"acf":[],"yoast_head":"<!-- This site is optimized with the Yoast SEO plugin v26.8 - https:\/\/yoast.com\/product\/yoast-seo-wordpress\/ -->\n<title>Wild Tee T-shirt monte bianco mujer - Camiseta para correr - MioMioRun<\/title>\n<meta name=\"description\" content=\"Camiseta t\u00e9cnica ligera y transpirable, inspirada en el Mont Blanc, dise\u00f1ada para ofrecer comodidad, versatilidad y estilo en las carreras de trail y en el tiempo libre.\" \/>\n<meta name=\"robots\" content=\"index, follow, max-snippet:-1, max-image-preview:large, max-video-preview:-1\" \/>\n<link rel=\"canonical\" href=\"https:\/\/www.miomiorun.com\/es\/producto\/t-shirt-monte-bianco-mujer\/\" \/>\n<meta property=\"og:locale\" content=\"es_ES\" \/>\n<meta property=\"og:type\" content=\"article\" \/>\n<meta property=\"og:title\" content=\"Wild Tee T-shirt monte bianco mujer - Camiseta para correr - MioMioRun\" \/>\n<meta property=\"og:description\" content=\"Camiseta t\u00e9cnica ligera y transpirable, inspirada en el Mont Blanc, dise\u00f1ada para ofrecer comodidad, versatilidad y estilo en las carreras de trail y en el tiempo libre.\" \/>\n<meta property=\"og:url\" content=\"https:\/\/www.miomiorun.com\/es\/producto\/t-shirt-monte-bianco-mujer\/\" \/>\n<meta property=\"og:site_name\" content=\"MioMioRun\" \/>\n<meta property=\"article:publisher\" content=\"https:\/\/www.facebook.com\/miomiorun\/\" \/>\n<meta property=\"article:modified_time\" content=\"2026-05-08T10:01:52+00:00\" \/>\n<meta property=\"og:image\" content=\"https:\/\/www.miomiorun.com\/app\/uploads\/2026\/04\/WildTee-T-shirt-W-monte-bianco-WT002WT64.webp\" \/>\n\t<meta property=\"og:image:width\" content=\"720\" \/>\n\t<meta property=\"og:image:height\" content=\"720\" \/>\n\t<meta property=\"og:image:type\" content=\"image\/webp\" \/>\n<meta name=\"twitter:card\" content=\"summary_large_image\" \/>\n<meta name=\"twitter:label1\" content=\"Est. reading time\" \/>\n\t<meta name=\"twitter:data1\" content=\"1 minute\" \/>\n<script type=\"application\/ld+json\" class=\"yoast-schema-graph\">{\"@context\":\"https:\/\/schema.org\",\"@graph\":[{\"@type\":\"WebPage\",\"@id\":\"https:\/\/www.miomiorun.com\/es\/producto\/t-shirt-monte-bianco-mujer\/\",\"url\":\"https:\/\/www.miomiorun.com\/es\/producto\/t-shirt-monte-bianco-mujer\/\",\"name\":\"Wild Tee T-shirt monte bianco mujer - Camiseta para correr - MioMioRun\",\"isPartOf\":{\"@id\":\"https:\/\/www.miomiorun.com\/es\/#website\"},\"primaryImageOfPage\":{\"@id\":\"https:\/\/www.miomiorun.com\/es\/producto\/t-shirt-monte-bianco-mujer\/#primaryimage\"},\"image\":{\"@id\":\"https:\/\/www.miomiorun.com\/es\/producto\/t-shirt-monte-bianco-mujer\/#primaryimage\"},\"thumbnailUrl\":\"https:\/\/www.miomiorun.com\/app\/uploads\/2026\/04\/WildTee-T-shirt-W-monte-bianco-WT002WT64.webp\",\"datePublished\":\"2026-04-23T15:26:25+00:00\",\"dateModified\":\"2026-05-08T10:01:52+00:00\",\"description\":\"Camiseta t\u00e9cnica ligera y transpirable, inspirada en el Mont Blanc, dise\u00f1ada para ofrecer comodidad, versatilidad y estilo en las carreras de trail y en el tiempo libre.\",\"breadcrumb\":{\"@id\":\"https:\/\/www.miomiorun.com\/es\/producto\/t-shirt-monte-bianco-mujer\/#breadcrumb\"},\"inLanguage\":\"es-ES\",\"potentialAction\":[{\"@type\":\"ReadAction\",\"target\":[\"https:\/\/www.miomiorun.com\/es\/producto\/t-shirt-monte-bianco-mujer\/\"]}]},{\"@type\":\"ImageObject\",\"inLanguage\":\"es-ES\",\"@id\":\"https:\/\/www.miomiorun.com\/es\/producto\/t-shirt-monte-bianco-mujer\/#primaryimage\",\"url\":\"https:\/\/www.miomiorun.com\/app\/uploads\/2026\/04\/WildTee-T-shirt-W-monte-bianco-WT002WT64.webp\",\"contentUrl\":\"https:\/\/www.miomiorun.com\/app\/uploads\/2026\/04\/WildTee-T-shirt-W-monte-bianco-WT002WT64.webp\",\"width\":720,\"height\":720,\"caption\":\"WildTee T-shirt W monte bianco WT002WT64\"},{\"@type\":\"BreadcrumbList\",\"@id\":\"https:\/\/www.miomiorun.com\/es\/producto\/t-shirt-monte-bianco-mujer\/#breadcrumb\",\"itemListElement\":[{\"@type\":\"ListItem\",\"position\":1,\"name\":\"Home\",\"item\":\"https:\/\/www.miomiorun.com\/es\/\"},{\"@type\":\"ListItem\",\"position\":2,\"name\":\"Shop\",\"item\":\"https:\/\/www.miomiorun.com\/shop\/\"},{\"@type\":\"ListItem\",\"position\":3,\"name\":\"T-shirt monte bianco mujer\"}]},{\"@type\":\"WebSite\",\"@id\":\"https:\/\/www.miomiorun.com\/es\/#website\",\"url\":\"https:\/\/www.miomiorun.com\/es\/\",\"name\":\"MioMioRun\",\"description\":\"Tienda 100% running y trail\",\"publisher\":{\"@id\":\"https:\/\/www.miomiorun.com\/es\/#organization\"},\"potentialAction\":[{\"@type\":\"SearchAction\",\"target\":{\"@type\":\"EntryPoint\",\"urlTemplate\":\"https:\/\/www.miomiorun.com\/es\/?s={search_term_string}\"},\"query-input\":{\"@type\":\"PropertyValueSpecification\",\"valueRequired\":true,\"valueName\":\"search_term_string\"}}],\"inLanguage\":\"es-ES\"},{\"@type\":\"Organization\",\"@id\":\"https:\/\/www.miomiorun.com\/es\/#organization\",\"name\":\"MioMio Run\",\"url\":\"https:\/\/www.miomiorun.com\/es\/\",\"logo\":{\"@type\":\"ImageObject\",\"inLanguage\":\"es-ES\",\"@id\":\"https:\/\/www.miomiorun.com\/es\/#\/schema\/logo\/image\/\",\"url\":\"https:\/\/www.miomiorun.com\/app\/uploads\/2019\/12\/logomio.png\",\"contentUrl\":\"https:\/\/www.miomiorun.com\/app\/uploads\/2019\/12\/logomio.png\",\"width\":115,\"height\":82,\"caption\":\"MioMio Run\"},\"image\":{\"@id\":\"https:\/\/www.miomiorun.com\/es\/#\/schema\/logo\/image\/\"},\"sameAs\":[\"https:\/\/www.facebook.com\/miomiorun\/\",\"https:\/\/www.instagram.com\/miomiorun\/\"]}]}<\/script>\n<!-- \/ Yoast SEO plugin. -->","yoast_head_json":{"title":"Wild Tee T-shirt monte bianco mujer - Camiseta para correr - MioMioRun","description":"Camiseta t\u00e9cnica ligera y transpirable, inspirada en el Mont Blanc, dise\u00f1ada para ofrecer comodidad, versatilidad y estilo en las carreras de trail y en el tiempo libre.","robots":{"index":"index","follow":"follow","max-snippet":"max-snippet:-1","max-image-preview":"max-image-preview:large","max-video-preview":"max-video-preview:-1"},"canonical":"https:\/\/www.miomiorun.com\/es\/producto\/t-shirt-monte-bianco-mujer\/","og_locale":"es_ES","og_type":"article","og_title":"Wild Tee T-shirt monte bianco mujer - Camiseta para correr - MioMioRun","og_description":"Camiseta t\u00e9cnica ligera y transpirable, inspirada en el Mont Blanc, dise\u00f1ada para ofrecer comodidad, versatilidad y estilo en las carreras de trail y en el tiempo libre.","og_url":"https:\/\/www.miomiorun.com\/es\/producto\/t-shirt-monte-bianco-mujer\/","og_site_name":"MioMioRun","article_publisher":"https:\/\/www.facebook.com\/miomiorun\/","article_modified_time":"2026-05-08T10:01:52+00:00","og_image":[{"width":720,"height":720,"url":"https:\/\/www.miomiorun.com\/app\/uploads\/2026\/04\/WildTee-T-shirt-W-monte-bianco-WT002WT64.webp","type":"image\/webp"}],"twitter_card":"summary_large_image","twitter_misc":{"Est. reading time":"1 minute"},"schema":{"@context":"https:\/\/schema.org","@graph":[{"@type":"WebPage","@id":"https:\/\/www.miomiorun.com\/es\/producto\/t-shirt-monte-bianco-mujer\/","url":"https:\/\/www.miomiorun.com\/es\/producto\/t-shirt-monte-bianco-mujer\/","name":"Wild Tee T-shirt monte bianco mujer - Camiseta para correr - MioMioRun","isPartOf":{"@id":"https:\/\/www.miomiorun.com\/es\/#website"},"primaryImageOfPage":{"@id":"https:\/\/www.miomiorun.com\/es\/producto\/t-shirt-monte-bianco-mujer\/#primaryimage"},"image":{"@id":"https:\/\/www.miomiorun.com\/es\/producto\/t-shirt-monte-bianco-mujer\/#primaryimage"},"thumbnailUrl":"https:\/\/www.miomiorun.com\/app\/uploads\/2026\/04\/WildTee-T-shirt-W-monte-bianco-WT002WT64.webp","datePublished":"2026-04-23T15:26:25+00:00","dateModified":"2026-05-08T10:01:52+00:00","description":"Camiseta t\u00e9cnica ligera y transpirable, inspirada en el Mont Blanc, dise\u00f1ada para ofrecer comodidad, versatilidad y estilo en las carreras de trail y en el tiempo libre.","breadcrumb":{"@id":"https:\/\/www.miomiorun.com\/es\/producto\/t-shirt-monte-bianco-mujer\/#breadcrumb"},"inLanguage":"es-ES","potentialAction":[{"@type":"ReadAction","target":["https:\/\/www.miomiorun.com\/es\/producto\/t-shirt-monte-bianco-mujer\/"]}]},{"@type":"ImageObject","inLanguage":"es-ES","@id":"https:\/\/www.miomiorun.com\/es\/producto\/t-shirt-monte-bianco-mujer\/#primaryimage","url":"https:\/\/www.miomiorun.com\/app\/uploads\/2026\/04\/WildTee-T-shirt-W-monte-bianco-WT002WT64.webp","contentUrl":"https:\/\/www.miomiorun.com\/app\/uploads\/2026\/04\/WildTee-T-shirt-W-monte-bianco-WT002WT64.webp","width":720,"height":720,"caption":"WildTee T-shirt W monte bianco WT002WT64"},{"@type":"BreadcrumbList","@id":"https:\/\/www.miomiorun.com\/es\/producto\/t-shirt-monte-bianco-mujer\/#breadcrumb","itemListElement":[{"@type":"ListItem","position":1,"name":"Home","item":"https:\/\/www.miomiorun.com\/es\/"},{"@type":"ListItem","position":2,"name":"Shop","item":"https:\/\/www.miomiorun.com\/shop\/"},{"@type":"ListItem","position":3,"name":"T-shirt monte bianco mujer"}]},{"@type":"WebSite","@id":"https:\/\/www.miomiorun.com\/es\/#website","url":"https:\/\/www.miomiorun.com\/es\/","name":"MioMioRun","description":"Tienda 100% running y trail","publisher":{"@id":"https:\/\/www.miomiorun.com\/es\/#organization"},"potentialAction":[{"@type":"SearchAction","target":{"@type":"EntryPoint","urlTemplate":"https:\/\/www.miomiorun.com\/es\/?s={search_term_string}"},"query-input":{"@type":"PropertyValueSpecification","valueRequired":true,"valueName":"search_term_string"}}],"inLanguage":"es-ES"},{"@type":"Organization","@id":"https:\/\/www.miomiorun.com\/es\/#organization","name":"MioMio Run","url":"https:\/\/www.miomiorun.com\/es\/","logo":{"@type":"ImageObject","inLanguage":"es-ES","@id":"https:\/\/www.miomiorun.com\/es\/#\/schema\/logo\/image\/","url":"https:\/\/www.miomiorun.com\/app\/uploads\/2019\/12\/logomio.png","contentUrl":"https:\/\/www.miomiorun.com\/app\/uploads\/2019\/12\/logomio.png","width":115,"height":82,"caption":"MioMio Run"},"image":{"@id":"https:\/\/www.miomiorun.com\/es\/#\/schema\/logo\/image\/"},"sameAs":["https:\/\/www.facebook.com\/miomiorun\/","https:\/\/www.instagram.com\/miomiorun\/"]}]}},"_links":{"self":[{"href":"https:\/\/www.miomiorun.com\/es\/wp-json\/wp\/v2\/product\/435534","targetHints":{"allow":["GET"]}}],"collection":[{"href":"https:\/\/www.miomiorun.com\/es\/wp-json\/wp\/v2\/product"}],"about":[{"href":"https:\/\/www.miomiorun.com\/es\/wp-json\/wp\/v2\/types\/product"}],"wp:featuredmedia":[{"embeddable":true,"href":"https:\/\/www.miomiorun.com\/es\/wp-json\/wp\/v2\/media\/435558"}],"wp:attachment":[{"href":"https:\/\/www.miomiorun.com\/es\/wp-json\/wp\/v2\/media?parent=435534"}],"wp:term":[{"taxonomy":"product_brand","embeddable":true,"href":"https:\/\/www.miomiorun.com\/es\/wp-json\/wp\/v2\/product_brand?post=435534"},{"taxonomy":"product_cat","embeddable":true,"href":"https:\/\/www.miomiorun.com\/es\/wp-json\/wp\/v2\/product_cat?post=435534"},{"taxonomy":"product_tag","embeddable":true,"href":"https:\/\/www.miomiorun.com\/es\/wp-json\/wp\/v2\/product_tag?post=435534"}],"curies":[{"name":"wp","href":"https:\/\/api.w.org\/{rel}","templated":true}]}}