{"id":435482,"date":"2026-04-23T17:09:30","date_gmt":"2026-04-23T15:09:30","guid":{"rendered":"https:\/\/www.miomiorun.com\/?post_type=product&#038;p=435482"},"modified":"2026-05-08T12:06:05","modified_gmt":"2026-05-08T10:06:05","slug":"t-shirt-road-green-hombre","status":"publish","type":"product","link":"https:\/\/www.miomiorun.com\/es\/producto\/t-shirt-road-green-hombre\/","title":{"rendered":"T-shirt road green hombre"},"content":{"rendered":"<p data-start=\"0\" data-end=\"355\">La camiseta Essential de la colecci\u00f3n Wild Tee SS26 est\u00e1 pensada para ofrecer <strong data-start=\"102\" data-end=\"117\">versatilidad<\/strong>, <strong data-start=\"119\" data-end=\"130\">comodidad<\/strong> y <strong data-start=\"133\" data-end=\"150\">estilo minimalista<\/strong>, adapt\u00e1ndose f\u00e1cilmente a cualquier conjunto deportivo o informal. Una prenda esencial dise\u00f1ada para acompa\u00f1arte en tus <strong data-start=\"267\" data-end=\"283\">carreras urbanas<\/strong> y entrenamientos diarios, manteniendo un look limpio y funcional. <\/p>\n<p data-start=\"357\" data-end=\"397\">Su estructura est\u00e1 dise\u00f1ada para garantizar:<\/p>\n<ul data-start=\"398\" data-end=\"579\">\n<li data-section-id=\"4nc1bl\" data-start=\"398\" data-end=\"460\"><strong data-start=\"400\" data-end=\"439\">M\u00e1xima ligereza y transpirabilidad<\/strong> durante la actividad<\/li>\n<li data-section-id=\"v35urp\" data-start=\"461\" data-end=\"518\"><strong data-start=\"463\" data-end=\"483\">Comodidad constante<\/strong> incluso en las sesiones m\u00e1s intensas<\/li>\n<li data-section-id=\"1omwavm\" data-start=\"519\" data-end=\"579\"><strong data-start=\"521\" data-end=\"546\">Mayor visibilidad<\/strong> gracias a los detalles reflectantes<\/li>\n<\/ul>\n<p data-start=\"581\" data-end=\"1135\">Confeccionada con <strong data-start=\"595\" data-end=\"639\">tejido italiano reciclado postconsumo<\/strong> y fabricada en la Uni\u00f3n Europea, ofrece una sensaci\u00f3n ligera y natural sobre la piel. El <strong data-start=\"726\" data-end=\"784\">logotipo estampado en el pecho y en la espalda en material reflectante 3M\u2122<\/strong> aumenta la visibilidad incluso en condiciones de poca luz, lo que la hace ideal para entrenar tambi\u00e9n por la tarde. Con un peso de aproximadamente <strong data-start=\"925\" data-end=\"938\">96 gramos<\/strong>, es una prenda pr\u00e1ctica y de alto rendimiento para el uso diario. El tejido cuenta con las certificaciones <strong data-start=\"1024\" data-end=\"1037\">bluesign\u00ae<\/strong> y <strong data-start=\"1040\" data-end=\"1066\">Oeko-Tex\u00ae Standard 100<\/strong>. Composici\u00f3n: <strong data-start=\"1082\" data-end=\"1134\">87 % poli\u00e9ster reciclado y 13 % elastano reciclado<\/strong>.<\/p>\n","protected":false},"excerpt":{"rendered":"<ul>\n<li data-section-id=\"5y5hid\" data-start=\"1338\" data-end=\"1399\"><strong data-start=\"1340\" data-end=\"1397\">Tejido reciclado ligero y transpirable, fabricado en Italia<\/strong><\/li>\n<li data-section-id=\"oaopdl\" data-start=\"1400\" data-end=\"1471\"><strong data-start=\"1402\" data-end=\"1430\">Detalles reflectantes 3M\u2122<\/strong> para una mayor visibilidad incluso de noche<\/li>\n<li data-section-id=\"12ww1tm\" data-start=\"1472\" data-end=\"1539\" data-is-last-node=\"\"><strong data-start=\"1474\" data-end=\"1507\">Dise\u00f1o sencillo y vers\u00e1til<\/strong> ideal para practicar deporte y para el uso diario<\/li>\n<\/ul>\n","protected":false},"featured_media":435513,"template":"","meta":{"_acf_changed":false,"inline_featured_image":false},"product_brand":[],"product_cat":[24455,24463,24464],"product_tag":[23527,23571],"class_list":{"0":"post-435482","1":"product","2":"type-product","3":"status-publish","4":"has-post-thumbnail","6":"product_cat-camiseta-es-2","7":"product_cat-ropa-de-hombre-es","8":"product_cat-hombre","9":"product_tag-wild-tee-es","10":"product_tag-wlid-tee-hombre","11":"pa_attivita-caminar","12":"pa_attivita-running-es","13":"pa_attivita-trail-es","14":"pa_marca-wild-tee-es","15":"pa_sesso-hombre","16":"pa_size-small-es","17":"pa_size-medium-es","18":"pa_size-large-es","19":"pa_size-extra-large-es","21":"first","22":"instock","23":"sale","24":"taxable","25":"shipping-taxable","26":"purchasable","27":"product-type-variable","28":"wvs-archive-product-wrapper"},"acf":[],"yoast_head":"<!-- This site is optimized with the Yoast SEO plugin v26.8 - https:\/\/yoast.com\/product\/yoast-seo-wordpress\/ -->\n<title>Wild Tee T-shirt road green hombre -camiseta de running- MioMioRun.com<\/title>\n<meta name=\"description\" content=\"Camiseta t\u00e9cnica ligera y vers\u00e1til, dise\u00f1ada para ofrecer comodidad, transpirabilidad y visibilidad en las carreras urbanas y los entrenamientos.\" \/>\n<meta name=\"robots\" content=\"index, follow, max-snippet:-1, max-image-preview:large, max-video-preview:-1\" \/>\n<link rel=\"canonical\" href=\"https:\/\/www.miomiorun.com\/es\/producto\/t-shirt-road-green-hombre\/\" \/>\n<meta property=\"og:locale\" content=\"es_ES\" \/>\n<meta property=\"og:type\" content=\"article\" \/>\n<meta property=\"og:title\" content=\"Wild Tee T-shirt road green hombre -camiseta de running- MioMioRun.com\" \/>\n<meta property=\"og:description\" content=\"Camiseta t\u00e9cnica ligera y vers\u00e1til, dise\u00f1ada para ofrecer comodidad, transpirabilidad y visibilidad en las carreras urbanas y los entrenamientos.\" \/>\n<meta property=\"og:url\" content=\"https:\/\/www.miomiorun.com\/es\/producto\/t-shirt-road-green-hombre\/\" \/>\n<meta property=\"og:site_name\" content=\"MioMioRun\" \/>\n<meta property=\"article:publisher\" content=\"https:\/\/www.facebook.com\/miomiorun\/\" \/>\n<meta property=\"article:modified_time\" content=\"2026-05-08T10:06:05+00:00\" \/>\n<meta property=\"og:image\" content=\"https:\/\/www.miomiorun.com\/app\/uploads\/2026\/04\/WildTee-T-shirt-M-road-green-WT009WT238.webp\" \/>\n\t<meta property=\"og:image:width\" content=\"720\" \/>\n\t<meta property=\"og:image:height\" content=\"720\" \/>\n\t<meta property=\"og:image:type\" content=\"image\/webp\" \/>\n<meta name=\"twitter:card\" content=\"summary_large_image\" \/>\n<meta name=\"twitter:label1\" content=\"Est. reading time\" \/>\n\t<meta name=\"twitter:data1\" content=\"1 minute\" \/>\n<script type=\"application\/ld+json\" class=\"yoast-schema-graph\">{\"@context\":\"https:\/\/schema.org\",\"@graph\":[{\"@type\":\"WebPage\",\"@id\":\"https:\/\/www.miomiorun.com\/es\/producto\/t-shirt-road-green-hombre\/\",\"url\":\"https:\/\/www.miomiorun.com\/es\/producto\/t-shirt-road-green-hombre\/\",\"name\":\"Wild Tee T-shirt road green hombre -camiseta de running- MioMioRun.com\",\"isPartOf\":{\"@id\":\"https:\/\/www.miomiorun.com\/es\/#website\"},\"primaryImageOfPage\":{\"@id\":\"https:\/\/www.miomiorun.com\/es\/producto\/t-shirt-road-green-hombre\/#primaryimage\"},\"image\":{\"@id\":\"https:\/\/www.miomiorun.com\/es\/producto\/t-shirt-road-green-hombre\/#primaryimage\"},\"thumbnailUrl\":\"https:\/\/www.miomiorun.com\/app\/uploads\/2026\/04\/WildTee-T-shirt-M-road-green-WT009WT238.webp\",\"datePublished\":\"2026-04-23T15:09:30+00:00\",\"dateModified\":\"2026-05-08T10:06:05+00:00\",\"description\":\"Camiseta t\u00e9cnica ligera y vers\u00e1til, dise\u00f1ada para ofrecer comodidad, transpirabilidad y visibilidad en las carreras urbanas y los entrenamientos.\",\"breadcrumb\":{\"@id\":\"https:\/\/www.miomiorun.com\/es\/producto\/t-shirt-road-green-hombre\/#breadcrumb\"},\"inLanguage\":\"es-ES\",\"potentialAction\":[{\"@type\":\"ReadAction\",\"target\":[\"https:\/\/www.miomiorun.com\/es\/producto\/t-shirt-road-green-hombre\/\"]}]},{\"@type\":\"ImageObject\",\"inLanguage\":\"es-ES\",\"@id\":\"https:\/\/www.miomiorun.com\/es\/producto\/t-shirt-road-green-hombre\/#primaryimage\",\"url\":\"https:\/\/www.miomiorun.com\/app\/uploads\/2026\/04\/WildTee-T-shirt-M-road-green-WT009WT238.webp\",\"contentUrl\":\"https:\/\/www.miomiorun.com\/app\/uploads\/2026\/04\/WildTee-T-shirt-M-road-green-WT009WT238.webp\",\"width\":720,\"height\":720,\"caption\":\"WildTee T-shirt M road green WT009WT238\"},{\"@type\":\"BreadcrumbList\",\"@id\":\"https:\/\/www.miomiorun.com\/es\/producto\/t-shirt-road-green-hombre\/#breadcrumb\",\"itemListElement\":[{\"@type\":\"ListItem\",\"position\":1,\"name\":\"Home\",\"item\":\"https:\/\/www.miomiorun.com\/es\/\"},{\"@type\":\"ListItem\",\"position\":2,\"name\":\"Shop\",\"item\":\"https:\/\/www.miomiorun.com\/shop\/\"},{\"@type\":\"ListItem\",\"position\":3,\"name\":\"T-shirt road green hombre\"}]},{\"@type\":\"WebSite\",\"@id\":\"https:\/\/www.miomiorun.com\/es\/#website\",\"url\":\"https:\/\/www.miomiorun.com\/es\/\",\"name\":\"MioMioRun\",\"description\":\"Tienda 100% running y trail\",\"publisher\":{\"@id\":\"https:\/\/www.miomiorun.com\/es\/#organization\"},\"potentialAction\":[{\"@type\":\"SearchAction\",\"target\":{\"@type\":\"EntryPoint\",\"urlTemplate\":\"https:\/\/www.miomiorun.com\/es\/?s={search_term_string}\"},\"query-input\":{\"@type\":\"PropertyValueSpecification\",\"valueRequired\":true,\"valueName\":\"search_term_string\"}}],\"inLanguage\":\"es-ES\"},{\"@type\":\"Organization\",\"@id\":\"https:\/\/www.miomiorun.com\/es\/#organization\",\"name\":\"MioMio Run\",\"url\":\"https:\/\/www.miomiorun.com\/es\/\",\"logo\":{\"@type\":\"ImageObject\",\"inLanguage\":\"es-ES\",\"@id\":\"https:\/\/www.miomiorun.com\/es\/#\/schema\/logo\/image\/\",\"url\":\"https:\/\/www.miomiorun.com\/app\/uploads\/2019\/12\/logomio.png\",\"contentUrl\":\"https:\/\/www.miomiorun.com\/app\/uploads\/2019\/12\/logomio.png\",\"width\":115,\"height\":82,\"caption\":\"MioMio Run\"},\"image\":{\"@id\":\"https:\/\/www.miomiorun.com\/es\/#\/schema\/logo\/image\/\"},\"sameAs\":[\"https:\/\/www.facebook.com\/miomiorun\/\",\"https:\/\/www.instagram.com\/miomiorun\/\"]}]}<\/script>\n<!-- \/ Yoast SEO plugin. -->","yoast_head_json":{"title":"Wild Tee T-shirt road green hombre -camiseta de running- MioMioRun.com","description":"Camiseta t\u00e9cnica ligera y vers\u00e1til, dise\u00f1ada para ofrecer comodidad, transpirabilidad y visibilidad en las carreras urbanas y los entrenamientos.","robots":{"index":"index","follow":"follow","max-snippet":"max-snippet:-1","max-image-preview":"max-image-preview:large","max-video-preview":"max-video-preview:-1"},"canonical":"https:\/\/www.miomiorun.com\/es\/producto\/t-shirt-road-green-hombre\/","og_locale":"es_ES","og_type":"article","og_title":"Wild Tee T-shirt road green hombre -camiseta de running- MioMioRun.com","og_description":"Camiseta t\u00e9cnica ligera y vers\u00e1til, dise\u00f1ada para ofrecer comodidad, transpirabilidad y visibilidad en las carreras urbanas y los entrenamientos.","og_url":"https:\/\/www.miomiorun.com\/es\/producto\/t-shirt-road-green-hombre\/","og_site_name":"MioMioRun","article_publisher":"https:\/\/www.facebook.com\/miomiorun\/","article_modified_time":"2026-05-08T10:06:05+00:00","og_image":[{"width":720,"height":720,"url":"https:\/\/www.miomiorun.com\/app\/uploads\/2026\/04\/WildTee-T-shirt-M-road-green-WT009WT238.webp","type":"image\/webp"}],"twitter_card":"summary_large_image","twitter_misc":{"Est. reading time":"1 minute"},"schema":{"@context":"https:\/\/schema.org","@graph":[{"@type":"WebPage","@id":"https:\/\/www.miomiorun.com\/es\/producto\/t-shirt-road-green-hombre\/","url":"https:\/\/www.miomiorun.com\/es\/producto\/t-shirt-road-green-hombre\/","name":"Wild Tee T-shirt road green hombre -camiseta de running- MioMioRun.com","isPartOf":{"@id":"https:\/\/www.miomiorun.com\/es\/#website"},"primaryImageOfPage":{"@id":"https:\/\/www.miomiorun.com\/es\/producto\/t-shirt-road-green-hombre\/#primaryimage"},"image":{"@id":"https:\/\/www.miomiorun.com\/es\/producto\/t-shirt-road-green-hombre\/#primaryimage"},"thumbnailUrl":"https:\/\/www.miomiorun.com\/app\/uploads\/2026\/04\/WildTee-T-shirt-M-road-green-WT009WT238.webp","datePublished":"2026-04-23T15:09:30+00:00","dateModified":"2026-05-08T10:06:05+00:00","description":"Camiseta t\u00e9cnica ligera y vers\u00e1til, dise\u00f1ada para ofrecer comodidad, transpirabilidad y visibilidad en las carreras urbanas y los entrenamientos.","breadcrumb":{"@id":"https:\/\/www.miomiorun.com\/es\/producto\/t-shirt-road-green-hombre\/#breadcrumb"},"inLanguage":"es-ES","potentialAction":[{"@type":"ReadAction","target":["https:\/\/www.miomiorun.com\/es\/producto\/t-shirt-road-green-hombre\/"]}]},{"@type":"ImageObject","inLanguage":"es-ES","@id":"https:\/\/www.miomiorun.com\/es\/producto\/t-shirt-road-green-hombre\/#primaryimage","url":"https:\/\/www.miomiorun.com\/app\/uploads\/2026\/04\/WildTee-T-shirt-M-road-green-WT009WT238.webp","contentUrl":"https:\/\/www.miomiorun.com\/app\/uploads\/2026\/04\/WildTee-T-shirt-M-road-green-WT009WT238.webp","width":720,"height":720,"caption":"WildTee T-shirt M road green WT009WT238"},{"@type":"BreadcrumbList","@id":"https:\/\/www.miomiorun.com\/es\/producto\/t-shirt-road-green-hombre\/#breadcrumb","itemListElement":[{"@type":"ListItem","position":1,"name":"Home","item":"https:\/\/www.miomiorun.com\/es\/"},{"@type":"ListItem","position":2,"name":"Shop","item":"https:\/\/www.miomiorun.com\/shop\/"},{"@type":"ListItem","position":3,"name":"T-shirt road green hombre"}]},{"@type":"WebSite","@id":"https:\/\/www.miomiorun.com\/es\/#website","url":"https:\/\/www.miomiorun.com\/es\/","name":"MioMioRun","description":"Tienda 100% running y trail","publisher":{"@id":"https:\/\/www.miomiorun.com\/es\/#organization"},"potentialAction":[{"@type":"SearchAction","target":{"@type":"EntryPoint","urlTemplate":"https:\/\/www.miomiorun.com\/es\/?s={search_term_string}"},"query-input":{"@type":"PropertyValueSpecification","valueRequired":true,"valueName":"search_term_string"}}],"inLanguage":"es-ES"},{"@type":"Organization","@id":"https:\/\/www.miomiorun.com\/es\/#organization","name":"MioMio Run","url":"https:\/\/www.miomiorun.com\/es\/","logo":{"@type":"ImageObject","inLanguage":"es-ES","@id":"https:\/\/www.miomiorun.com\/es\/#\/schema\/logo\/image\/","url":"https:\/\/www.miomiorun.com\/app\/uploads\/2019\/12\/logomio.png","contentUrl":"https:\/\/www.miomiorun.com\/app\/uploads\/2019\/12\/logomio.png","width":115,"height":82,"caption":"MioMio Run"},"image":{"@id":"https:\/\/www.miomiorun.com\/es\/#\/schema\/logo\/image\/"},"sameAs":["https:\/\/www.facebook.com\/miomiorun\/","https:\/\/www.instagram.com\/miomiorun\/"]}]}},"_links":{"self":[{"href":"https:\/\/www.miomiorun.com\/es\/wp-json\/wp\/v2\/product\/435482","targetHints":{"allow":["GET"]}}],"collection":[{"href":"https:\/\/www.miomiorun.com\/es\/wp-json\/wp\/v2\/product"}],"about":[{"href":"https:\/\/www.miomiorun.com\/es\/wp-json\/wp\/v2\/types\/product"}],"wp:featuredmedia":[{"embeddable":true,"href":"https:\/\/www.miomiorun.com\/es\/wp-json\/wp\/v2\/media\/435513"}],"wp:attachment":[{"href":"https:\/\/www.miomiorun.com\/es\/wp-json\/wp\/v2\/media?parent=435482"}],"wp:term":[{"taxonomy":"product_brand","embeddable":true,"href":"https:\/\/www.miomiorun.com\/es\/wp-json\/wp\/v2\/product_brand?post=435482"},{"taxonomy":"product_cat","embeddable":true,"href":"https:\/\/www.miomiorun.com\/es\/wp-json\/wp\/v2\/product_cat?post=435482"},{"taxonomy":"product_tag","embeddable":true,"href":"https:\/\/www.miomiorun.com\/es\/wp-json\/wp\/v2\/product_tag?post=435482"}],"curies":[{"name":"wp","href":"https:\/\/api.w.org\/{rel}","templated":true}]}}