{"id":435427,"date":"2026-04-23T16:47:14","date_gmt":"2026-04-23T14:47:14","guid":{"rendered":"https:\/\/www.miomiorun.com\/?post_type=product&#038;p=435427"},"modified":"2026-05-08T12:07:22","modified_gmt":"2026-05-08T10:07:22","slug":"buckled-tre-cime-di-lavaredo-t-shirt-hombre","status":"publish","type":"product","link":"https:\/\/www.miomiorun.com\/es\/producto\/buckled-tre-cime-di-lavaredo-t-shirt-hombre\/","title":{"rendered":"Buckled Tre Cime di Lavaredo t-shirt hombre"},"content":{"rendered":"<p data-start=\"0\" data-end=\"361\">Esta camiseta t\u00e9cnica de <strong data-start=\"54\" data-end=\"75\">edici\u00f3n limitada<\/strong> es fruto de la colaboraci\u00f3n con <strong data-start=\"107\" data-end=\"126\">Buckled Podcast<\/strong>, inspirada en las ic\u00f3nicas <strong data-start=\"151\" data-end=\"175\">Tres Cimas de Lavaredo<\/strong> y en la legendaria Lavaredo Ultra Trail. Una prenda pensada para quienes viven el trail con pasi\u00f3n, que combina <strong data-start=\"276\" data-end=\"296\">un estilo distintivo<\/strong>, <strong data-start=\"298\" data-end=\"314\">funcionalidad<\/strong> y referencias al mundo de las grandes competiciones.<\/p>\n<p data-start=\"363\" data-end=\"403\">Su estructura est\u00e1 dise\u00f1ada para garantizar:<\/p>\n<ul data-start=\"404\" data-end=\"570\">\n<li data-section-id=\"aksz37\" data-start=\"404\" data-end=\"465\"><strong data-start=\"406\" data-end=\"432\">M\u00e1xima transpirabilidad<\/strong> durante los esfuerzos m\u00e1s intensos<\/li>\n<li data-section-id=\"44cimc\" data-start=\"466\" data-end=\"520\"><strong data-start=\"468\" data-end=\"490\">Comodidad prolongada<\/strong> incluso en largas distancias<\/li>\n<li data-section-id=\"1haqzyi\" data-start=\"521\" data-end=\"570\"><strong data-start=\"523\" data-end=\"551\">Protecci\u00f3n y versatilidad<\/strong> en cualquier contexto<\/li>\n<\/ul>\n<p data-start=\"572\" data-end=\"1202\">Confeccionada en <strong data-start=\"586\" data-end=\"617\">micromalla suave como la seda<\/strong>, ofrece una sensaci\u00f3n ligera y fluida sobre la piel. El gramaje est\u00e1 pensado para adaptarse perfectamente al <strong data-start=\"725\" data-end=\"748\">trail y al ultra trail<\/strong>, resultando transpirable en los momentos m\u00e1s calurosos y lo suficientemente abrigada cuando bajan las temperaturas. Su dise\u00f1o tambi\u00e9n ayuda a <strong data-start=\"884\" data-end=\"923\">reducir el roce de la mochila<\/strong> sobre los hombros, mejorando la comodidad en las salidas m\u00e1s largas. El <strong data-start=\"989\" data-end=\"1021\">estampado por sublimaci\u00f3n integral<\/strong> garantiza colores y detalles duraderos, sin que se deterioren ni se decoloren. Con un peso de unos <strong data-start=\"1126\" data-end=\"1140\">105 gramos<\/strong>, es ideal tanto para la monta\u00f1a como para los entrenamientos urbanos.<\/p>\n","protected":false},"excerpt":{"rendered":"<ul>\n<li data-section-id=\"16d23x0\" data-start=\"1418\" data-end=\"1499\"><strong data-start=\"1420\" data-end=\"1463\">Tejido Micromesh ligero y transpirable<\/strong> para mayor comodidad y regulaci\u00f3n t\u00e9rmica<\/li>\n<li data-section-id=\"1s0ecz\" data-start=\"1500\" data-end=\"1566\"><strong data-start=\"1502\" data-end=\"1538\">Estampado por sublimaci\u00f3n resistente<\/strong> que no se decolora con el paso del tiempo<\/li>\n<li data-section-id=\"1euwc4x\" data-start=\"1567\" data-end=\"1647\" data-is-last-node=\"\"><strong data-start=\"1569\" data-end=\"1616\">Ideal para trail, ultratrail y entrenamientos<\/strong> con protecci\u00f3n incluso con mochila<\/li>\n<\/ul>\n","protected":false},"featured_media":435457,"template":"","meta":{"_acf_changed":false,"inline_featured_image":false},"product_brand":[],"product_cat":[24455,24463,24464],"product_tag":[23527,23571],"class_list":{"0":"post-435427","1":"product","2":"type-product","3":"status-publish","4":"has-post-thumbnail","6":"product_cat-camiseta-es-2","7":"product_cat-ropa-de-hombre-es","8":"product_cat-hombre","9":"product_tag-wild-tee-es","10":"product_tag-wlid-tee-hombre","11":"pa_attivita-caminar","12":"pa_attivita-running-es","13":"pa_attivita-trail-es","14":"pa_marca-wild-tee-es","15":"pa_sesso-hombre","16":"pa_size-small-es","17":"pa_size-medium-es","18":"pa_size-large-es","19":"pa_size-extra-large-es","21":"first","22":"instock","23":"sale","24":"taxable","25":"shipping-taxable","26":"purchasable","27":"product-type-variable","28":"wvs-archive-product-wrapper"},"acf":[],"yoast_head":"<!-- This site is optimized with the Yoast SEO plugin v26.8 - https:\/\/yoast.com\/product\/yoast-seo-wordpress\/ -->\n<title>Wild Tee Buckled Tre Cime di Lavaredo t-shirt hombre - camiseta de running - MioMioRun.com<\/title>\n<meta name=\"description\" content=\"Camiseta t\u00e9cnica ligera y transpirable de edici\u00f3n limitada, dise\u00f1ada para ofrecer comodidad, resistencia y un estilo inspirado en el trail en cada salida.\" \/>\n<meta name=\"robots\" content=\"index, follow, max-snippet:-1, max-image-preview:large, max-video-preview:-1\" \/>\n<link rel=\"canonical\" href=\"https:\/\/www.miomiorun.com\/es\/producto\/buckled-tre-cime-di-lavaredo-t-shirt-hombre\/\" \/>\n<meta property=\"og:locale\" content=\"es_ES\" \/>\n<meta property=\"og:type\" content=\"article\" \/>\n<meta property=\"og:title\" content=\"Wild Tee Buckled Tre Cime di Lavaredo t-shirt hombre - camiseta de running - MioMioRun.com\" \/>\n<meta property=\"og:description\" content=\"Camiseta t\u00e9cnica ligera y transpirable de edici\u00f3n limitada, dise\u00f1ada para ofrecer comodidad, resistencia y un estilo inspirado en el trail en cada salida.\" \/>\n<meta property=\"og:url\" content=\"https:\/\/www.miomiorun.com\/es\/producto\/buckled-tre-cime-di-lavaredo-t-shirt-hombre\/\" \/>\n<meta property=\"og:site_name\" content=\"MioMioRun\" \/>\n<meta property=\"article:publisher\" content=\"https:\/\/www.facebook.com\/miomiorun\/\" \/>\n<meta property=\"article:modified_time\" content=\"2026-05-08T10:07:22+00:00\" \/>\n<meta property=\"og:image\" content=\"https:\/\/www.miomiorun.com\/app\/uploads\/2026\/04\/WildTee-T-shirt-M-buckled-tre-cime-WT001WT193.webp\" \/>\n\t<meta property=\"og:image:width\" content=\"720\" \/>\n\t<meta property=\"og:image:height\" content=\"720\" \/>\n\t<meta property=\"og:image:type\" content=\"image\/webp\" \/>\n<meta name=\"twitter:card\" content=\"summary_large_image\" \/>\n<meta name=\"twitter:label1\" content=\"Est. reading time\" \/>\n\t<meta name=\"twitter:data1\" content=\"1 minute\" \/>\n<script type=\"application\/ld+json\" class=\"yoast-schema-graph\">{\"@context\":\"https:\/\/schema.org\",\"@graph\":[{\"@type\":\"WebPage\",\"@id\":\"https:\/\/www.miomiorun.com\/es\/producto\/buckled-tre-cime-di-lavaredo-t-shirt-hombre\/\",\"url\":\"https:\/\/www.miomiorun.com\/es\/producto\/buckled-tre-cime-di-lavaredo-t-shirt-hombre\/\",\"name\":\"Wild Tee Buckled Tre Cime di Lavaredo t-shirt hombre - camiseta de running - MioMioRun.com\",\"isPartOf\":{\"@id\":\"https:\/\/www.miomiorun.com\/es\/#website\"},\"primaryImageOfPage\":{\"@id\":\"https:\/\/www.miomiorun.com\/es\/producto\/buckled-tre-cime-di-lavaredo-t-shirt-hombre\/#primaryimage\"},\"image\":{\"@id\":\"https:\/\/www.miomiorun.com\/es\/producto\/buckled-tre-cime-di-lavaredo-t-shirt-hombre\/#primaryimage\"},\"thumbnailUrl\":\"https:\/\/www.miomiorun.com\/app\/uploads\/2026\/04\/WildTee-T-shirt-M-buckled-tre-cime-WT001WT193.webp\",\"datePublished\":\"2026-04-23T14:47:14+00:00\",\"dateModified\":\"2026-05-08T10:07:22+00:00\",\"description\":\"Camiseta t\u00e9cnica ligera y transpirable de edici\u00f3n limitada, dise\u00f1ada para ofrecer comodidad, resistencia y un estilo inspirado en el trail en cada salida.\",\"breadcrumb\":{\"@id\":\"https:\/\/www.miomiorun.com\/es\/producto\/buckled-tre-cime-di-lavaredo-t-shirt-hombre\/#breadcrumb\"},\"inLanguage\":\"es-ES\",\"potentialAction\":[{\"@type\":\"ReadAction\",\"target\":[\"https:\/\/www.miomiorun.com\/es\/producto\/buckled-tre-cime-di-lavaredo-t-shirt-hombre\/\"]}]},{\"@type\":\"ImageObject\",\"inLanguage\":\"es-ES\",\"@id\":\"https:\/\/www.miomiorun.com\/es\/producto\/buckled-tre-cime-di-lavaredo-t-shirt-hombre\/#primaryimage\",\"url\":\"https:\/\/www.miomiorun.com\/app\/uploads\/2026\/04\/WildTee-T-shirt-M-buckled-tre-cime-WT001WT193.webp\",\"contentUrl\":\"https:\/\/www.miomiorun.com\/app\/uploads\/2026\/04\/WildTee-T-shirt-M-buckled-tre-cime-WT001WT193.webp\",\"width\":720,\"height\":720,\"caption\":\"WildTee T-shirt M buckled tre cime WT001WT193\"},{\"@type\":\"BreadcrumbList\",\"@id\":\"https:\/\/www.miomiorun.com\/es\/producto\/buckled-tre-cime-di-lavaredo-t-shirt-hombre\/#breadcrumb\",\"itemListElement\":[{\"@type\":\"ListItem\",\"position\":1,\"name\":\"Home\",\"item\":\"https:\/\/www.miomiorun.com\/es\/\"},{\"@type\":\"ListItem\",\"position\":2,\"name\":\"Shop\",\"item\":\"https:\/\/www.miomiorun.com\/shop\/\"},{\"@type\":\"ListItem\",\"position\":3,\"name\":\"Buckled Tre Cime di Lavaredo t-shirt hombre\"}]},{\"@type\":\"WebSite\",\"@id\":\"https:\/\/www.miomiorun.com\/es\/#website\",\"url\":\"https:\/\/www.miomiorun.com\/es\/\",\"name\":\"MioMioRun\",\"description\":\"Tienda 100% running y trail\",\"publisher\":{\"@id\":\"https:\/\/www.miomiorun.com\/es\/#organization\"},\"potentialAction\":[{\"@type\":\"SearchAction\",\"target\":{\"@type\":\"EntryPoint\",\"urlTemplate\":\"https:\/\/www.miomiorun.com\/es\/?s={search_term_string}\"},\"query-input\":{\"@type\":\"PropertyValueSpecification\",\"valueRequired\":true,\"valueName\":\"search_term_string\"}}],\"inLanguage\":\"es-ES\"},{\"@type\":\"Organization\",\"@id\":\"https:\/\/www.miomiorun.com\/es\/#organization\",\"name\":\"MioMio Run\",\"url\":\"https:\/\/www.miomiorun.com\/es\/\",\"logo\":{\"@type\":\"ImageObject\",\"inLanguage\":\"es-ES\",\"@id\":\"https:\/\/www.miomiorun.com\/es\/#\/schema\/logo\/image\/\",\"url\":\"https:\/\/www.miomiorun.com\/app\/uploads\/2019\/12\/logomio.png\",\"contentUrl\":\"https:\/\/www.miomiorun.com\/app\/uploads\/2019\/12\/logomio.png\",\"width\":115,\"height\":82,\"caption\":\"MioMio Run\"},\"image\":{\"@id\":\"https:\/\/www.miomiorun.com\/es\/#\/schema\/logo\/image\/\"},\"sameAs\":[\"https:\/\/www.facebook.com\/miomiorun\/\",\"https:\/\/www.instagram.com\/miomiorun\/\"]}]}<\/script>\n<!-- \/ Yoast SEO plugin. -->","yoast_head_json":{"title":"Wild Tee Buckled Tre Cime di Lavaredo t-shirt hombre - camiseta de running - MioMioRun.com","description":"Camiseta t\u00e9cnica ligera y transpirable de edici\u00f3n limitada, dise\u00f1ada para ofrecer comodidad, resistencia y un estilo inspirado en el trail en cada salida.","robots":{"index":"index","follow":"follow","max-snippet":"max-snippet:-1","max-image-preview":"max-image-preview:large","max-video-preview":"max-video-preview:-1"},"canonical":"https:\/\/www.miomiorun.com\/es\/producto\/buckled-tre-cime-di-lavaredo-t-shirt-hombre\/","og_locale":"es_ES","og_type":"article","og_title":"Wild Tee Buckled Tre Cime di Lavaredo t-shirt hombre - camiseta de running - MioMioRun.com","og_description":"Camiseta t\u00e9cnica ligera y transpirable de edici\u00f3n limitada, dise\u00f1ada para ofrecer comodidad, resistencia y un estilo inspirado en el trail en cada salida.","og_url":"https:\/\/www.miomiorun.com\/es\/producto\/buckled-tre-cime-di-lavaredo-t-shirt-hombre\/","og_site_name":"MioMioRun","article_publisher":"https:\/\/www.facebook.com\/miomiorun\/","article_modified_time":"2026-05-08T10:07:22+00:00","og_image":[{"width":720,"height":720,"url":"https:\/\/www.miomiorun.com\/app\/uploads\/2026\/04\/WildTee-T-shirt-M-buckled-tre-cime-WT001WT193.webp","type":"image\/webp"}],"twitter_card":"summary_large_image","twitter_misc":{"Est. reading time":"1 minute"},"schema":{"@context":"https:\/\/schema.org","@graph":[{"@type":"WebPage","@id":"https:\/\/www.miomiorun.com\/es\/producto\/buckled-tre-cime-di-lavaredo-t-shirt-hombre\/","url":"https:\/\/www.miomiorun.com\/es\/producto\/buckled-tre-cime-di-lavaredo-t-shirt-hombre\/","name":"Wild Tee Buckled Tre Cime di Lavaredo t-shirt hombre - camiseta de running - MioMioRun.com","isPartOf":{"@id":"https:\/\/www.miomiorun.com\/es\/#website"},"primaryImageOfPage":{"@id":"https:\/\/www.miomiorun.com\/es\/producto\/buckled-tre-cime-di-lavaredo-t-shirt-hombre\/#primaryimage"},"image":{"@id":"https:\/\/www.miomiorun.com\/es\/producto\/buckled-tre-cime-di-lavaredo-t-shirt-hombre\/#primaryimage"},"thumbnailUrl":"https:\/\/www.miomiorun.com\/app\/uploads\/2026\/04\/WildTee-T-shirt-M-buckled-tre-cime-WT001WT193.webp","datePublished":"2026-04-23T14:47:14+00:00","dateModified":"2026-05-08T10:07:22+00:00","description":"Camiseta t\u00e9cnica ligera y transpirable de edici\u00f3n limitada, dise\u00f1ada para ofrecer comodidad, resistencia y un estilo inspirado en el trail en cada salida.","breadcrumb":{"@id":"https:\/\/www.miomiorun.com\/es\/producto\/buckled-tre-cime-di-lavaredo-t-shirt-hombre\/#breadcrumb"},"inLanguage":"es-ES","potentialAction":[{"@type":"ReadAction","target":["https:\/\/www.miomiorun.com\/es\/producto\/buckled-tre-cime-di-lavaredo-t-shirt-hombre\/"]}]},{"@type":"ImageObject","inLanguage":"es-ES","@id":"https:\/\/www.miomiorun.com\/es\/producto\/buckled-tre-cime-di-lavaredo-t-shirt-hombre\/#primaryimage","url":"https:\/\/www.miomiorun.com\/app\/uploads\/2026\/04\/WildTee-T-shirt-M-buckled-tre-cime-WT001WT193.webp","contentUrl":"https:\/\/www.miomiorun.com\/app\/uploads\/2026\/04\/WildTee-T-shirt-M-buckled-tre-cime-WT001WT193.webp","width":720,"height":720,"caption":"WildTee T-shirt M buckled tre cime WT001WT193"},{"@type":"BreadcrumbList","@id":"https:\/\/www.miomiorun.com\/es\/producto\/buckled-tre-cime-di-lavaredo-t-shirt-hombre\/#breadcrumb","itemListElement":[{"@type":"ListItem","position":1,"name":"Home","item":"https:\/\/www.miomiorun.com\/es\/"},{"@type":"ListItem","position":2,"name":"Shop","item":"https:\/\/www.miomiorun.com\/shop\/"},{"@type":"ListItem","position":3,"name":"Buckled Tre Cime di Lavaredo t-shirt hombre"}]},{"@type":"WebSite","@id":"https:\/\/www.miomiorun.com\/es\/#website","url":"https:\/\/www.miomiorun.com\/es\/","name":"MioMioRun","description":"Tienda 100% running y trail","publisher":{"@id":"https:\/\/www.miomiorun.com\/es\/#organization"},"potentialAction":[{"@type":"SearchAction","target":{"@type":"EntryPoint","urlTemplate":"https:\/\/www.miomiorun.com\/es\/?s={search_term_string}"},"query-input":{"@type":"PropertyValueSpecification","valueRequired":true,"valueName":"search_term_string"}}],"inLanguage":"es-ES"},{"@type":"Organization","@id":"https:\/\/www.miomiorun.com\/es\/#organization","name":"MioMio Run","url":"https:\/\/www.miomiorun.com\/es\/","logo":{"@type":"ImageObject","inLanguage":"es-ES","@id":"https:\/\/www.miomiorun.com\/es\/#\/schema\/logo\/image\/","url":"https:\/\/www.miomiorun.com\/app\/uploads\/2019\/12\/logomio.png","contentUrl":"https:\/\/www.miomiorun.com\/app\/uploads\/2019\/12\/logomio.png","width":115,"height":82,"caption":"MioMio Run"},"image":{"@id":"https:\/\/www.miomiorun.com\/es\/#\/schema\/logo\/image\/"},"sameAs":["https:\/\/www.facebook.com\/miomiorun\/","https:\/\/www.instagram.com\/miomiorun\/"]}]}},"_links":{"self":[{"href":"https:\/\/www.miomiorun.com\/es\/wp-json\/wp\/v2\/product\/435427","targetHints":{"allow":["GET"]}}],"collection":[{"href":"https:\/\/www.miomiorun.com\/es\/wp-json\/wp\/v2\/product"}],"about":[{"href":"https:\/\/www.miomiorun.com\/es\/wp-json\/wp\/v2\/types\/product"}],"wp:featuredmedia":[{"embeddable":true,"href":"https:\/\/www.miomiorun.com\/es\/wp-json\/wp\/v2\/media\/435457"}],"wp:attachment":[{"href":"https:\/\/www.miomiorun.com\/es\/wp-json\/wp\/v2\/media?parent=435427"}],"wp:term":[{"taxonomy":"product_brand","embeddable":true,"href":"https:\/\/www.miomiorun.com\/es\/wp-json\/wp\/v2\/product_brand?post=435427"},{"taxonomy":"product_cat","embeddable":true,"href":"https:\/\/www.miomiorun.com\/es\/wp-json\/wp\/v2\/product_cat?post=435427"},{"taxonomy":"product_tag","embeddable":true,"href":"https:\/\/www.miomiorun.com\/es\/wp-json\/wp\/v2\/product_tag?post=435427"}],"curies":[{"name":"wp","href":"https:\/\/api.w.org\/{rel}","templated":true}]}}