{"id":435321,"date":"2026-04-22T16:37:12","date_gmt":"2026-04-22T14:37:12","guid":{"rendered":"https:\/\/www.miomiorun.com\/?post_type=product&#038;p=435321"},"modified":"2026-05-08T12:20:44","modified_gmt":"2026-05-08T10:20:44","slug":"gorra-endurance-metal-logo","status":"publish","type":"product","link":"https:\/\/www.miomiorun.com\/es\/producto\/gorra-endurance-metal-logo\/","title":{"rendered":"Gorra Endurance metal logo"},"content":{"rendered":"<p data-start=\"0\" data-end=\"374\">La gorra Wild Tee Endurance combina <strong data-start=\"67\" data-end=\"91\">la m\u00e1xima ventilaci\u00f3n<\/strong> y <strong data-start=\"94\" data-end=\"112\">un dise\u00f1o minimalista<\/strong>, dando un paso m\u00e1s all\u00e1 del modelo superventas con la incorporaci\u00f3n del caracter\u00edstico <strong data-start=\"177\" data-end=\"191\">logotipo met\u00e1lico<\/strong>. El <strong data-start=\"196\" data-end=\"216\">color negro<\/strong> esencial se ve realzado por un <strong data-start=\"247\" data-end=\"287\">detalle reflectante 3M\u2122 en la visera<\/strong>, pensado para mejorar la visibilidad durante las salidas en condiciones de poca luz.<\/p>\n<p data-start=\"376\" data-end=\"416\">La estructura est\u00e1 dise\u00f1ada para garantizar:<\/p>\n<ul data-start=\"417\" data-end=\"595\">\n<li data-section-id=\"1hu70mi\" data-start=\"417\" data-end=\"482\"><strong data-start=\"419\" data-end=\"439\">Ventilaci\u00f3n total<\/strong> gracias a los 4 paneles \u00edntegramente de malla<\/li>\n<li data-section-id=\"esbeyi\" data-start=\"483\" data-end=\"540\"><strong data-start=\"485\" data-end=\"507\">Comodidad prolongada<\/strong> con banda interior que absorbe el sudor<\/li>\n<li data-section-id=\"q4671z\" data-start=\"541\" data-end=\"595\"><strong data-start=\"543\" data-end=\"569\">Ajuste universal<\/strong> con cierre regulable<\/li>\n<\/ul>\n<p data-start=\"597\" data-end=\"975\">La <strong data-start=\"600\" data-end=\"631\">visera acolchada y flexible<\/strong> ofrece protecci\u00f3n sin rigidez, mientras que los <strong data-start=\"674\" data-end=\"692\">logotipos bordados<\/strong> \u2014logotipo met\u00e1lico en la parte delantera y logotipo cl\u00e1sico en la parte trasera\u2014 completan un dise\u00f1o limpio pero distintivo. Plegable y lavable a m\u00e1quina, es ideal para acompa\u00f1arte en cada entrenamiento. Con un peso de solo <strong data-start=\"892\" data-end=\"905\">25 gramos<\/strong>, es extremadamente ligera y pr\u00e1ctica. Composici\u00f3n: <strong data-start=\"955\" data-end=\"974\">100 % poli\u00e9ster<\/strong>.<\/p>\n","protected":false},"excerpt":{"rendered":"<ul class=\"m-long-description__features\">\n<li class=\"m-long-description__feature\">De secado r\u00e1pido<\/li>\n<li class=\"m-long-description__feature\">Ajuste regulable<\/li>\n<\/ul>\n","protected":false},"featured_media":435331,"template":"","meta":{"_acf_changed":false,"inline_featured_image":false},"product_brand":[],"product_cat":[24205,24221,24222],"product_tag":[23527],"class_list":{"0":"post-435321","1":"product","2":"type-product","3":"status-publish","4":"has-post-thumbnail","6":"product_cat-accesorios","7":"product_cat-calefaccion","8":"product_cat-sombreros-gorras","9":"product_tag-wild-tee-es","10":"pa_attivita-caminar","11":"pa_attivita-outdoor-es","12":"pa_attivita-running-es","13":"pa_attivita-trail-es","14":"pa_marca-wild-tee-es","15":"pa_sesso-hombre","16":"pa_sesso-mujer","18":"first","19":"instock","20":"sale","21":"taxable","22":"shipping-taxable","23":"purchasable","24":"product-type-simple"},"acf":[],"yoast_head":"<!-- This site is optimized with the Yoast SEO plugin v26.8 - https:\/\/yoast.com\/product\/yoast-seo-wordpress\/ -->\n<title>Wild TeeGorra Endurance metal logo - Gorra de running - MioMioRun<\/title>\n<meta name=\"description\" content=\"Gorra t\u00e9cnica ligera y muy transpirable, dise\u00f1ada para ofrecer comodidad, visibilidad y un estilo minimalista en cualquier actividad.\" \/>\n<meta name=\"robots\" content=\"index, follow, max-snippet:-1, max-image-preview:large, max-video-preview:-1\" \/>\n<link rel=\"canonical\" href=\"https:\/\/www.miomiorun.com\/es\/producto\/gorra-endurance-metal-logo\/\" \/>\n<meta property=\"og:locale\" content=\"es_ES\" \/>\n<meta property=\"og:type\" content=\"article\" \/>\n<meta property=\"og:title\" content=\"Wild TeeGorra Endurance metal logo - Gorra de running - MioMioRun\" \/>\n<meta property=\"og:description\" content=\"Gorra t\u00e9cnica ligera y muy transpirable, dise\u00f1ada para ofrecer comodidad, visibilidad y un estilo minimalista en cualquier actividad.\" \/>\n<meta property=\"og:url\" content=\"https:\/\/www.miomiorun.com\/es\/producto\/gorra-endurance-metal-logo\/\" \/>\n<meta property=\"og:site_name\" content=\"MioMioRun\" \/>\n<meta property=\"article:publisher\" content=\"https:\/\/www.facebook.com\/miomiorun\/\" \/>\n<meta property=\"article:modified_time\" content=\"2026-05-08T10:20:44+00:00\" \/>\n<meta property=\"og:image\" content=\"https:\/\/www.miomiorun.com\/app\/uploads\/2026\/04\/WildTee-Endurance-hat-metal-logo-WT090WT30.webp\" \/>\n\t<meta property=\"og:image:width\" content=\"720\" \/>\n\t<meta property=\"og:image:height\" content=\"720\" \/>\n\t<meta property=\"og:image:type\" content=\"image\/webp\" \/>\n<meta name=\"twitter:card\" content=\"summary_large_image\" \/>\n<meta name=\"twitter:label1\" content=\"Est. reading time\" \/>\n\t<meta name=\"twitter:data1\" content=\"1 minute\" \/>\n<script type=\"application\/ld+json\" class=\"yoast-schema-graph\">{\"@context\":\"https:\/\/schema.org\",\"@graph\":[{\"@type\":\"WebPage\",\"@id\":\"https:\/\/www.miomiorun.com\/es\/producto\/gorra-endurance-metal-logo\/\",\"url\":\"https:\/\/www.miomiorun.com\/es\/producto\/gorra-endurance-metal-logo\/\",\"name\":\"Wild TeeGorra Endurance metal logo - Gorra de running - MioMioRun\",\"isPartOf\":{\"@id\":\"https:\/\/www.miomiorun.com\/es\/#website\"},\"primaryImageOfPage\":{\"@id\":\"https:\/\/www.miomiorun.com\/es\/producto\/gorra-endurance-metal-logo\/#primaryimage\"},\"image\":{\"@id\":\"https:\/\/www.miomiorun.com\/es\/producto\/gorra-endurance-metal-logo\/#primaryimage\"},\"thumbnailUrl\":\"https:\/\/www.miomiorun.com\/app\/uploads\/2026\/04\/WildTee-Endurance-hat-metal-logo-WT090WT30.webp\",\"datePublished\":\"2026-04-22T14:37:12+00:00\",\"dateModified\":\"2026-05-08T10:20:44+00:00\",\"description\":\"Gorra t\u00e9cnica ligera y muy transpirable, dise\u00f1ada para ofrecer comodidad, visibilidad y un estilo minimalista en cualquier actividad.\",\"breadcrumb\":{\"@id\":\"https:\/\/www.miomiorun.com\/es\/producto\/gorra-endurance-metal-logo\/#breadcrumb\"},\"inLanguage\":\"es-ES\",\"potentialAction\":[{\"@type\":\"ReadAction\",\"target\":[\"https:\/\/www.miomiorun.com\/es\/producto\/gorra-endurance-metal-logo\/\"]}]},{\"@type\":\"ImageObject\",\"inLanguage\":\"es-ES\",\"@id\":\"https:\/\/www.miomiorun.com\/es\/producto\/gorra-endurance-metal-logo\/#primaryimage\",\"url\":\"https:\/\/www.miomiorun.com\/app\/uploads\/2026\/04\/WildTee-Endurance-hat-metal-logo-WT090WT30.webp\",\"contentUrl\":\"https:\/\/www.miomiorun.com\/app\/uploads\/2026\/04\/WildTee-Endurance-hat-metal-logo-WT090WT30.webp\",\"width\":720,\"height\":720,\"caption\":\"WildTee Endurance hat metal logo WT090WT30\"},{\"@type\":\"BreadcrumbList\",\"@id\":\"https:\/\/www.miomiorun.com\/es\/producto\/gorra-endurance-metal-logo\/#breadcrumb\",\"itemListElement\":[{\"@type\":\"ListItem\",\"position\":1,\"name\":\"Home\",\"item\":\"https:\/\/www.miomiorun.com\/es\/\"},{\"@type\":\"ListItem\",\"position\":2,\"name\":\"Shop\",\"item\":\"https:\/\/www.miomiorun.com\/shop\/\"},{\"@type\":\"ListItem\",\"position\":3,\"name\":\"Gorra Endurance metal logo\"}]},{\"@type\":\"WebSite\",\"@id\":\"https:\/\/www.miomiorun.com\/es\/#website\",\"url\":\"https:\/\/www.miomiorun.com\/es\/\",\"name\":\"MioMioRun\",\"description\":\"Tienda 100% running y trail\",\"publisher\":{\"@id\":\"https:\/\/www.miomiorun.com\/es\/#organization\"},\"potentialAction\":[{\"@type\":\"SearchAction\",\"target\":{\"@type\":\"EntryPoint\",\"urlTemplate\":\"https:\/\/www.miomiorun.com\/es\/?s={search_term_string}\"},\"query-input\":{\"@type\":\"PropertyValueSpecification\",\"valueRequired\":true,\"valueName\":\"search_term_string\"}}],\"inLanguage\":\"es-ES\"},{\"@type\":\"Organization\",\"@id\":\"https:\/\/www.miomiorun.com\/es\/#organization\",\"name\":\"MioMio Run\",\"url\":\"https:\/\/www.miomiorun.com\/es\/\",\"logo\":{\"@type\":\"ImageObject\",\"inLanguage\":\"es-ES\",\"@id\":\"https:\/\/www.miomiorun.com\/es\/#\/schema\/logo\/image\/\",\"url\":\"https:\/\/www.miomiorun.com\/app\/uploads\/2019\/12\/logomio.png\",\"contentUrl\":\"https:\/\/www.miomiorun.com\/app\/uploads\/2019\/12\/logomio.png\",\"width\":115,\"height\":82,\"caption\":\"MioMio Run\"},\"image\":{\"@id\":\"https:\/\/www.miomiorun.com\/es\/#\/schema\/logo\/image\/\"},\"sameAs\":[\"https:\/\/www.facebook.com\/miomiorun\/\",\"https:\/\/www.instagram.com\/miomiorun\/\"]}]}<\/script>\n<!-- \/ Yoast SEO plugin. -->","yoast_head_json":{"title":"Wild TeeGorra Endurance metal logo - Gorra de running - MioMioRun","description":"Gorra t\u00e9cnica ligera y muy transpirable, dise\u00f1ada para ofrecer comodidad, visibilidad y un estilo minimalista en cualquier actividad.","robots":{"index":"index","follow":"follow","max-snippet":"max-snippet:-1","max-image-preview":"max-image-preview:large","max-video-preview":"max-video-preview:-1"},"canonical":"https:\/\/www.miomiorun.com\/es\/producto\/gorra-endurance-metal-logo\/","og_locale":"es_ES","og_type":"article","og_title":"Wild TeeGorra Endurance metal logo - Gorra de running - MioMioRun","og_description":"Gorra t\u00e9cnica ligera y muy transpirable, dise\u00f1ada para ofrecer comodidad, visibilidad y un estilo minimalista en cualquier actividad.","og_url":"https:\/\/www.miomiorun.com\/es\/producto\/gorra-endurance-metal-logo\/","og_site_name":"MioMioRun","article_publisher":"https:\/\/www.facebook.com\/miomiorun\/","article_modified_time":"2026-05-08T10:20:44+00:00","og_image":[{"width":720,"height":720,"url":"https:\/\/www.miomiorun.com\/app\/uploads\/2026\/04\/WildTee-Endurance-hat-metal-logo-WT090WT30.webp","type":"image\/webp"}],"twitter_card":"summary_large_image","twitter_misc":{"Est. reading time":"1 minute"},"schema":{"@context":"https:\/\/schema.org","@graph":[{"@type":"WebPage","@id":"https:\/\/www.miomiorun.com\/es\/producto\/gorra-endurance-metal-logo\/","url":"https:\/\/www.miomiorun.com\/es\/producto\/gorra-endurance-metal-logo\/","name":"Wild TeeGorra Endurance metal logo - Gorra de running - MioMioRun","isPartOf":{"@id":"https:\/\/www.miomiorun.com\/es\/#website"},"primaryImageOfPage":{"@id":"https:\/\/www.miomiorun.com\/es\/producto\/gorra-endurance-metal-logo\/#primaryimage"},"image":{"@id":"https:\/\/www.miomiorun.com\/es\/producto\/gorra-endurance-metal-logo\/#primaryimage"},"thumbnailUrl":"https:\/\/www.miomiorun.com\/app\/uploads\/2026\/04\/WildTee-Endurance-hat-metal-logo-WT090WT30.webp","datePublished":"2026-04-22T14:37:12+00:00","dateModified":"2026-05-08T10:20:44+00:00","description":"Gorra t\u00e9cnica ligera y muy transpirable, dise\u00f1ada para ofrecer comodidad, visibilidad y un estilo minimalista en cualquier actividad.","breadcrumb":{"@id":"https:\/\/www.miomiorun.com\/es\/producto\/gorra-endurance-metal-logo\/#breadcrumb"},"inLanguage":"es-ES","potentialAction":[{"@type":"ReadAction","target":["https:\/\/www.miomiorun.com\/es\/producto\/gorra-endurance-metal-logo\/"]}]},{"@type":"ImageObject","inLanguage":"es-ES","@id":"https:\/\/www.miomiorun.com\/es\/producto\/gorra-endurance-metal-logo\/#primaryimage","url":"https:\/\/www.miomiorun.com\/app\/uploads\/2026\/04\/WildTee-Endurance-hat-metal-logo-WT090WT30.webp","contentUrl":"https:\/\/www.miomiorun.com\/app\/uploads\/2026\/04\/WildTee-Endurance-hat-metal-logo-WT090WT30.webp","width":720,"height":720,"caption":"WildTee Endurance hat metal logo WT090WT30"},{"@type":"BreadcrumbList","@id":"https:\/\/www.miomiorun.com\/es\/producto\/gorra-endurance-metal-logo\/#breadcrumb","itemListElement":[{"@type":"ListItem","position":1,"name":"Home","item":"https:\/\/www.miomiorun.com\/es\/"},{"@type":"ListItem","position":2,"name":"Shop","item":"https:\/\/www.miomiorun.com\/shop\/"},{"@type":"ListItem","position":3,"name":"Gorra Endurance metal logo"}]},{"@type":"WebSite","@id":"https:\/\/www.miomiorun.com\/es\/#website","url":"https:\/\/www.miomiorun.com\/es\/","name":"MioMioRun","description":"Tienda 100% running y trail","publisher":{"@id":"https:\/\/www.miomiorun.com\/es\/#organization"},"potentialAction":[{"@type":"SearchAction","target":{"@type":"EntryPoint","urlTemplate":"https:\/\/www.miomiorun.com\/es\/?s={search_term_string}"},"query-input":{"@type":"PropertyValueSpecification","valueRequired":true,"valueName":"search_term_string"}}],"inLanguage":"es-ES"},{"@type":"Organization","@id":"https:\/\/www.miomiorun.com\/es\/#organization","name":"MioMio Run","url":"https:\/\/www.miomiorun.com\/es\/","logo":{"@type":"ImageObject","inLanguage":"es-ES","@id":"https:\/\/www.miomiorun.com\/es\/#\/schema\/logo\/image\/","url":"https:\/\/www.miomiorun.com\/app\/uploads\/2019\/12\/logomio.png","contentUrl":"https:\/\/www.miomiorun.com\/app\/uploads\/2019\/12\/logomio.png","width":115,"height":82,"caption":"MioMio Run"},"image":{"@id":"https:\/\/www.miomiorun.com\/es\/#\/schema\/logo\/image\/"},"sameAs":["https:\/\/www.facebook.com\/miomiorun\/","https:\/\/www.instagram.com\/miomiorun\/"]}]}},"_links":{"self":[{"href":"https:\/\/www.miomiorun.com\/es\/wp-json\/wp\/v2\/product\/435321","targetHints":{"allow":["GET"]}}],"collection":[{"href":"https:\/\/www.miomiorun.com\/es\/wp-json\/wp\/v2\/product"}],"about":[{"href":"https:\/\/www.miomiorun.com\/es\/wp-json\/wp\/v2\/types\/product"}],"wp:featuredmedia":[{"embeddable":true,"href":"https:\/\/www.miomiorun.com\/es\/wp-json\/wp\/v2\/media\/435331"}],"wp:attachment":[{"href":"https:\/\/www.miomiorun.com\/es\/wp-json\/wp\/v2\/media?parent=435321"}],"wp:term":[{"taxonomy":"product_brand","embeddable":true,"href":"https:\/\/www.miomiorun.com\/es\/wp-json\/wp\/v2\/product_brand?post=435321"},{"taxonomy":"product_cat","embeddable":true,"href":"https:\/\/www.miomiorun.com\/es\/wp-json\/wp\/v2\/product_cat?post=435321"},{"taxonomy":"product_tag","embeddable":true,"href":"https:\/\/www.miomiorun.com\/es\/wp-json\/wp\/v2\/product_tag?post=435321"}],"curies":[{"name":"wp","href":"https:\/\/api.w.org\/{rel}","templated":true}]}}