{"id":435288,"date":"2026-04-22T16:29:57","date_gmt":"2026-04-22T14:29:57","guid":{"rendered":"https:\/\/www.miomiorun.com\/?post_type=product&#038;p=435288"},"modified":"2026-05-08T12:28:08","modified_gmt":"2026-05-08T10:28:08","slug":"gorra-endurance-led-2","status":"publish","type":"product","link":"https:\/\/www.miomiorun.com\/es\/producto\/gorra-endurance-led-2\/","title":{"rendered":"Gorra Endurance Led 2"},"content":{"rendered":"<p data-start=\"0\" data-end=\"331\">La gorra Wild Tee, en su nueva <strong data-start=\"61\" data-end=\"80\">coloraci\u00f3n LED<\/strong>, est\u00e1 dise\u00f1ada para ofrecer <strong data-start=\"103\" data-end=\"117\">ligereza<\/strong>, <strong data-start=\"119\" data-end=\"130\">comodidad<\/strong> y <strong data-start=\"133\" data-end=\"154\">m\u00e1xima practicidad<\/strong> en cada salida. Desde hace a\u00f1os es un accesorio fiable para correr y para actividades al aire libre, gracias a su capacidad para ser <strong data-start=\"264\" data-end=\"280\">plegable<\/strong>, f\u00e1cil de transportar y siempre listo para usar.<\/p>\n<p data-start=\"333\" data-end=\"373\">La estructura est\u00e1 dise\u00f1ada para garantizar:<\/p>\n<ul data-start=\"374\" data-end=\"553\">\n<li data-section-id=\"11zxfl8\" data-start=\"374\" data-end=\"440\"><strong data-start=\"376\" data-end=\"402\">M\u00e1xima transpirabilidad<\/strong> gracias a los paneles laterales de malla<\/li>\n<li data-section-id=\"esbeyi\" data-start=\"441\" data-end=\"498\"><strong data-start=\"443\" data-end=\"465\">Comodidad prolongada<\/strong> con banda interior que absorbe el sudor<\/li>\n<li data-section-id=\"q4671z\" data-start=\"499\" data-end=\"553\"><strong data-start=\"501\" data-end=\"527\">Ajuste universal<\/strong> con cierre regulable<\/li>\n<\/ul>\n<p data-start=\"555\" data-end=\"1014\">La <strong data-start=\"558\" data-end=\"589\">visera acolchada y flexible<\/strong> protege sin resultar r\u00edgida, mientras que el <strong data-start=\"633\" data-end=\"684\">panel frontal y superior con gr\u00e1fico LED 2<\/strong> a\u00f1ade un toque distintivo. Los <strong data-start=\"717\" data-end=\"744\">logotipos Wild Tee bordados<\/strong> en los laterales completan el dise\u00f1o. Lavable a m\u00e1quina y apto para todas las tallas, es perfecto para acompa\u00f1arte en cada entrenamiento. Con un peso de solo <strong data-start=\"896\" data-end=\"909\">25 gramos<\/strong>, es extremadamente ligero y pr\u00e1ctico. Composici\u00f3n: <strong data-start=\"959\" data-end=\"1013\">100 % poli\u00e9ster estampado por sublimaci\u00f3n y bordado<\/strong>.<\/p>\n","protected":false},"excerpt":{"rendered":"<ul class=\"m-long-description__features\">\n<li data-section-id=\"1o2ka2e\" data-start=\"1207\" data-end=\"1270\"><strong data-start=\"1209\" data-end=\"1241\">Paneles de malla transpirable<\/strong> para una mejor ventilaci\u00f3n y mayor comodidad<\/li>\n<li data-section-id=\"2lz1kr\" data-start=\"1271\" data-end=\"1352\"><strong data-start=\"1273\" data-end=\"1317\">Visera flexible y estructura plegable<\/strong> para mayor practicidad y facilidad de transporte<\/li>\n<li data-section-id=\"1nnqk3t\" data-start=\"1353\" data-end=\"1434\" data-is-last-node=\"\"><strong data-start=\"1355\" data-end=\"1399\">Cierre ajustable y banda antisudor<\/strong> para un ajuste y una comodidad \u00f3ptimos<\/li>\n<\/ul>\n","protected":false},"featured_media":435300,"template":"","meta":{"_acf_changed":false,"inline_featured_image":false},"product_brand":[],"product_cat":[24205,24221,24222],"product_tag":[23527],"class_list":{"0":"post-435288","1":"product","2":"type-product","3":"status-publish","4":"has-post-thumbnail","6":"product_cat-accesorios","7":"product_cat-calefaccion","8":"product_cat-sombreros-gorras","9":"product_tag-wild-tee-es","10":"pa_attivita-caminar","11":"pa_attivita-outdoor-es","12":"pa_attivita-running-es","13":"pa_attivita-trail-es","14":"pa_marca-wild-tee-es","15":"pa_sesso-hombre","16":"pa_sesso-mujer","18":"first","19":"instock","20":"sale","21":"taxable","22":"shipping-taxable","23":"purchasable","24":"product-type-simple"},"acf":[],"yoast_head":"<!-- This site is optimized with the Yoast SEO plugin v26.8 - https:\/\/yoast.com\/product\/yoast-seo-wordpress\/ -->\n<title>Wild TeeGorra Endurance Led 2 - Gorra de running - MioMioRun<\/title>\n<meta name=\"description\" content=\"Gorra t\u00e9cnica ligera y transpirable, dise\u00f1ada para ofrecer comodidad, practicidad y m\u00e1xima versatilidad en cualquier actividad\" \/>\n<meta name=\"robots\" content=\"index, follow, max-snippet:-1, max-image-preview:large, max-video-preview:-1\" \/>\n<link rel=\"canonical\" href=\"https:\/\/www.miomiorun.com\/es\/producto\/gorra-endurance-led-2\/\" \/>\n<meta property=\"og:locale\" content=\"es_ES\" \/>\n<meta property=\"og:type\" content=\"article\" \/>\n<meta property=\"og:title\" content=\"Wild TeeGorra Endurance Led 2 - Gorra de running - MioMioRun\" \/>\n<meta property=\"og:description\" content=\"Gorra t\u00e9cnica ligera y transpirable, dise\u00f1ada para ofrecer comodidad, practicidad y m\u00e1xima versatilidad en cualquier actividad\" \/>\n<meta property=\"og:url\" content=\"https:\/\/www.miomiorun.com\/es\/producto\/gorra-endurance-led-2\/\" \/>\n<meta property=\"og:site_name\" content=\"MioMioRun\" \/>\n<meta property=\"article:publisher\" content=\"https:\/\/www.facebook.com\/miomiorun\/\" \/>\n<meta property=\"article:modified_time\" content=\"2026-05-08T10:28:08+00:00\" \/>\n<meta property=\"og:image\" content=\"https:\/\/www.miomiorun.com\/app\/uploads\/2026\/04\/WildTee-Endurance-hat-led-2-WT090WT17.webp\" \/>\n\t<meta property=\"og:image:width\" content=\"720\" \/>\n\t<meta property=\"og:image:height\" content=\"720\" \/>\n\t<meta property=\"og:image:type\" content=\"image\/webp\" \/>\n<meta name=\"twitter:card\" content=\"summary_large_image\" \/>\n<meta name=\"twitter:label1\" content=\"Est. reading time\" \/>\n\t<meta name=\"twitter:data1\" content=\"1 minute\" \/>\n<script type=\"application\/ld+json\" class=\"yoast-schema-graph\">{\"@context\":\"https:\/\/schema.org\",\"@graph\":[{\"@type\":\"WebPage\",\"@id\":\"https:\/\/www.miomiorun.com\/es\/producto\/gorra-endurance-led-2\/\",\"url\":\"https:\/\/www.miomiorun.com\/es\/producto\/gorra-endurance-led-2\/\",\"name\":\"Wild TeeGorra Endurance Led 2 - Gorra de running - MioMioRun\",\"isPartOf\":{\"@id\":\"https:\/\/www.miomiorun.com\/es\/#website\"},\"primaryImageOfPage\":{\"@id\":\"https:\/\/www.miomiorun.com\/es\/producto\/gorra-endurance-led-2\/#primaryimage\"},\"image\":{\"@id\":\"https:\/\/www.miomiorun.com\/es\/producto\/gorra-endurance-led-2\/#primaryimage\"},\"thumbnailUrl\":\"https:\/\/www.miomiorun.com\/app\/uploads\/2026\/04\/WildTee-Endurance-hat-led-2-WT090WT17.webp\",\"datePublished\":\"2026-04-22T14:29:57+00:00\",\"dateModified\":\"2026-05-08T10:28:08+00:00\",\"description\":\"Gorra t\u00e9cnica ligera y transpirable, dise\u00f1ada para ofrecer comodidad, practicidad y m\u00e1xima versatilidad en cualquier actividad\",\"breadcrumb\":{\"@id\":\"https:\/\/www.miomiorun.com\/es\/producto\/gorra-endurance-led-2\/#breadcrumb\"},\"inLanguage\":\"es-ES\",\"potentialAction\":[{\"@type\":\"ReadAction\",\"target\":[\"https:\/\/www.miomiorun.com\/es\/producto\/gorra-endurance-led-2\/\"]}]},{\"@type\":\"ImageObject\",\"inLanguage\":\"es-ES\",\"@id\":\"https:\/\/www.miomiorun.com\/es\/producto\/gorra-endurance-led-2\/#primaryimage\",\"url\":\"https:\/\/www.miomiorun.com\/app\/uploads\/2026\/04\/WildTee-Endurance-hat-led-2-WT090WT17.webp\",\"contentUrl\":\"https:\/\/www.miomiorun.com\/app\/uploads\/2026\/04\/WildTee-Endurance-hat-led-2-WT090WT17.webp\",\"width\":720,\"height\":720,\"caption\":\"WildTee Endurance hat led 2 WT090WT17\"},{\"@type\":\"BreadcrumbList\",\"@id\":\"https:\/\/www.miomiorun.com\/es\/producto\/gorra-endurance-led-2\/#breadcrumb\",\"itemListElement\":[{\"@type\":\"ListItem\",\"position\":1,\"name\":\"Home\",\"item\":\"https:\/\/www.miomiorun.com\/es\/\"},{\"@type\":\"ListItem\",\"position\":2,\"name\":\"Shop\",\"item\":\"https:\/\/www.miomiorun.com\/shop\/\"},{\"@type\":\"ListItem\",\"position\":3,\"name\":\"Gorra Endurance Led 2\"}]},{\"@type\":\"WebSite\",\"@id\":\"https:\/\/www.miomiorun.com\/es\/#website\",\"url\":\"https:\/\/www.miomiorun.com\/es\/\",\"name\":\"MioMioRun\",\"description\":\"Tienda 100% running y trail\",\"publisher\":{\"@id\":\"https:\/\/www.miomiorun.com\/es\/#organization\"},\"potentialAction\":[{\"@type\":\"SearchAction\",\"target\":{\"@type\":\"EntryPoint\",\"urlTemplate\":\"https:\/\/www.miomiorun.com\/es\/?s={search_term_string}\"},\"query-input\":{\"@type\":\"PropertyValueSpecification\",\"valueRequired\":true,\"valueName\":\"search_term_string\"}}],\"inLanguage\":\"es-ES\"},{\"@type\":\"Organization\",\"@id\":\"https:\/\/www.miomiorun.com\/es\/#organization\",\"name\":\"MioMio Run\",\"url\":\"https:\/\/www.miomiorun.com\/es\/\",\"logo\":{\"@type\":\"ImageObject\",\"inLanguage\":\"es-ES\",\"@id\":\"https:\/\/www.miomiorun.com\/es\/#\/schema\/logo\/image\/\",\"url\":\"https:\/\/www.miomiorun.com\/app\/uploads\/2019\/12\/logomio.png\",\"contentUrl\":\"https:\/\/www.miomiorun.com\/app\/uploads\/2019\/12\/logomio.png\",\"width\":115,\"height\":82,\"caption\":\"MioMio Run\"},\"image\":{\"@id\":\"https:\/\/www.miomiorun.com\/es\/#\/schema\/logo\/image\/\"},\"sameAs\":[\"https:\/\/www.facebook.com\/miomiorun\/\",\"https:\/\/www.instagram.com\/miomiorun\/\"]}]}<\/script>\n<!-- \/ Yoast SEO plugin. -->","yoast_head_json":{"title":"Wild TeeGorra Endurance Led 2 - Gorra de running - MioMioRun","description":"Gorra t\u00e9cnica ligera y transpirable, dise\u00f1ada para ofrecer comodidad, practicidad y m\u00e1xima versatilidad en cualquier actividad","robots":{"index":"index","follow":"follow","max-snippet":"max-snippet:-1","max-image-preview":"max-image-preview:large","max-video-preview":"max-video-preview:-1"},"canonical":"https:\/\/www.miomiorun.com\/es\/producto\/gorra-endurance-led-2\/","og_locale":"es_ES","og_type":"article","og_title":"Wild TeeGorra Endurance Led 2 - Gorra de running - MioMioRun","og_description":"Gorra t\u00e9cnica ligera y transpirable, dise\u00f1ada para ofrecer comodidad, practicidad y m\u00e1xima versatilidad en cualquier actividad","og_url":"https:\/\/www.miomiorun.com\/es\/producto\/gorra-endurance-led-2\/","og_site_name":"MioMioRun","article_publisher":"https:\/\/www.facebook.com\/miomiorun\/","article_modified_time":"2026-05-08T10:28:08+00:00","og_image":[{"width":720,"height":720,"url":"https:\/\/www.miomiorun.com\/app\/uploads\/2026\/04\/WildTee-Endurance-hat-led-2-WT090WT17.webp","type":"image\/webp"}],"twitter_card":"summary_large_image","twitter_misc":{"Est. reading time":"1 minute"},"schema":{"@context":"https:\/\/schema.org","@graph":[{"@type":"WebPage","@id":"https:\/\/www.miomiorun.com\/es\/producto\/gorra-endurance-led-2\/","url":"https:\/\/www.miomiorun.com\/es\/producto\/gorra-endurance-led-2\/","name":"Wild TeeGorra Endurance Led 2 - Gorra de running - MioMioRun","isPartOf":{"@id":"https:\/\/www.miomiorun.com\/es\/#website"},"primaryImageOfPage":{"@id":"https:\/\/www.miomiorun.com\/es\/producto\/gorra-endurance-led-2\/#primaryimage"},"image":{"@id":"https:\/\/www.miomiorun.com\/es\/producto\/gorra-endurance-led-2\/#primaryimage"},"thumbnailUrl":"https:\/\/www.miomiorun.com\/app\/uploads\/2026\/04\/WildTee-Endurance-hat-led-2-WT090WT17.webp","datePublished":"2026-04-22T14:29:57+00:00","dateModified":"2026-05-08T10:28:08+00:00","description":"Gorra t\u00e9cnica ligera y transpirable, dise\u00f1ada para ofrecer comodidad, practicidad y m\u00e1xima versatilidad en cualquier actividad","breadcrumb":{"@id":"https:\/\/www.miomiorun.com\/es\/producto\/gorra-endurance-led-2\/#breadcrumb"},"inLanguage":"es-ES","potentialAction":[{"@type":"ReadAction","target":["https:\/\/www.miomiorun.com\/es\/producto\/gorra-endurance-led-2\/"]}]},{"@type":"ImageObject","inLanguage":"es-ES","@id":"https:\/\/www.miomiorun.com\/es\/producto\/gorra-endurance-led-2\/#primaryimage","url":"https:\/\/www.miomiorun.com\/app\/uploads\/2026\/04\/WildTee-Endurance-hat-led-2-WT090WT17.webp","contentUrl":"https:\/\/www.miomiorun.com\/app\/uploads\/2026\/04\/WildTee-Endurance-hat-led-2-WT090WT17.webp","width":720,"height":720,"caption":"WildTee Endurance hat led 2 WT090WT17"},{"@type":"BreadcrumbList","@id":"https:\/\/www.miomiorun.com\/es\/producto\/gorra-endurance-led-2\/#breadcrumb","itemListElement":[{"@type":"ListItem","position":1,"name":"Home","item":"https:\/\/www.miomiorun.com\/es\/"},{"@type":"ListItem","position":2,"name":"Shop","item":"https:\/\/www.miomiorun.com\/shop\/"},{"@type":"ListItem","position":3,"name":"Gorra Endurance Led 2"}]},{"@type":"WebSite","@id":"https:\/\/www.miomiorun.com\/es\/#website","url":"https:\/\/www.miomiorun.com\/es\/","name":"MioMioRun","description":"Tienda 100% running y trail","publisher":{"@id":"https:\/\/www.miomiorun.com\/es\/#organization"},"potentialAction":[{"@type":"SearchAction","target":{"@type":"EntryPoint","urlTemplate":"https:\/\/www.miomiorun.com\/es\/?s={search_term_string}"},"query-input":{"@type":"PropertyValueSpecification","valueRequired":true,"valueName":"search_term_string"}}],"inLanguage":"es-ES"},{"@type":"Organization","@id":"https:\/\/www.miomiorun.com\/es\/#organization","name":"MioMio Run","url":"https:\/\/www.miomiorun.com\/es\/","logo":{"@type":"ImageObject","inLanguage":"es-ES","@id":"https:\/\/www.miomiorun.com\/es\/#\/schema\/logo\/image\/","url":"https:\/\/www.miomiorun.com\/app\/uploads\/2019\/12\/logomio.png","contentUrl":"https:\/\/www.miomiorun.com\/app\/uploads\/2019\/12\/logomio.png","width":115,"height":82,"caption":"MioMio Run"},"image":{"@id":"https:\/\/www.miomiorun.com\/es\/#\/schema\/logo\/image\/"},"sameAs":["https:\/\/www.facebook.com\/miomiorun\/","https:\/\/www.instagram.com\/miomiorun\/"]}]}},"_links":{"self":[{"href":"https:\/\/www.miomiorun.com\/es\/wp-json\/wp\/v2\/product\/435288","targetHints":{"allow":["GET"]}}],"collection":[{"href":"https:\/\/www.miomiorun.com\/es\/wp-json\/wp\/v2\/product"}],"about":[{"href":"https:\/\/www.miomiorun.com\/es\/wp-json\/wp\/v2\/types\/product"}],"wp:featuredmedia":[{"embeddable":true,"href":"https:\/\/www.miomiorun.com\/es\/wp-json\/wp\/v2\/media\/435300"}],"wp:attachment":[{"href":"https:\/\/www.miomiorun.com\/es\/wp-json\/wp\/v2\/media?parent=435288"}],"wp:term":[{"taxonomy":"product_brand","embeddable":true,"href":"https:\/\/www.miomiorun.com\/es\/wp-json\/wp\/v2\/product_brand?post=435288"},{"taxonomy":"product_cat","embeddable":true,"href":"https:\/\/www.miomiorun.com\/es\/wp-json\/wp\/v2\/product_cat?post=435288"},{"taxonomy":"product_tag","embeddable":true,"href":"https:\/\/www.miomiorun.com\/es\/wp-json\/wp\/v2\/product_tag?post=435288"}],"curies":[{"name":"wp","href":"https:\/\/api.w.org\/{rel}","templated":true}]}}