{"id":434698,"date":"2026-04-22T10:42:34","date_gmt":"2026-04-22T08:42:34","guid":{"rendered":"https:\/\/www.miomiorun.com\/?post_type=product&#038;p=434698"},"modified":"2026-05-08T12:02:40","modified_gmt":"2026-05-08T10:02:40","slug":"t-shirt-street-blazer-hombre","status":"publish","type":"product","link":"https:\/\/www.miomiorun.com\/es\/producto\/t-shirt-street-blazer-hombre\/","title":{"rendered":"T-shirt street blazer hombre"},"content":{"rendered":"<p data-start=\"0\" data-end=\"395\">Esta camiseta t\u00e9cnica combina <strong data-start=\"58\" data-end=\"79\">un dise\u00f1o distintivo<\/strong> y <strong data-start=\"82\" data-end=\"97\">alto rendimiento<\/strong>, con el concepto Street Blazer creado por <span class=\"hover:entity-accent entity-underline inline cursor-pointer align-baseline\"><span class=\"whitespace-normal\">Sebastiano Boni<\/span><\/span>. Concebida con un <strong data-start=\"190\" data-end=\"221\">dise\u00f1o unisex y corte para hombre<\/strong> (se recomienda una talla menos para las mujeres), presenta una <strong data-start=\"283\" data-end=\"306\">combinaci\u00f3n de colores inversa<\/strong> con respecto a la versi\u00f3n original de manga larga, para un estilo a\u00fan m\u00e1s reconocible.<\/p>\n<p data-start=\"397\" data-end=\"437\">La estructura est\u00e1 dise\u00f1ada para garantizar:<\/p>\n<ul data-start=\"438\" data-end=\"617\">\n<li data-section-id=\"4nc1bl\" data-start=\"438\" data-end=\"500\"><strong data-start=\"440\" data-end=\"479\">M\u00e1xima ligereza y transpirabilidad<\/strong> durante la actividad<\/li>\n<li data-section-id=\"1lq3fyo\" data-start=\"501\" data-end=\"556\"><strong data-start=\"503\" data-end=\"523\">Comodidad constante<\/strong> en los entrenamientos y en las competiciones<\/li>\n<li data-section-id=\"1omwavm\" data-start=\"557\" data-end=\"617\"><strong data-start=\"559\" data-end=\"584\">Mayor visibilidad<\/strong> gracias a los detalles reflectantes<\/li>\n<\/ul>\n<p data-start=\"619\" data-end=\"1172\">Confeccionada en <strong data-start=\"633\" data-end=\"677\">tejido italiano reciclado postconsumo<\/strong>, es ideal para <strong data-start=\"692\" data-end=\"710\">carreras urbanas<\/strong> y entrenamientos en el gimnasio. El <strong data-start=\"741\" data-end=\"785\">logotipo Wild Tee \u00abMetal\u00bb reflectante de 3M\u2122<\/strong> en la parte delantera y el gr\u00e1fico <strong data-start=\"810\" data-end=\"831\">\u00abUltra\u00bb en la parte trasera<\/strong> aportan car\u00e1cter y visibilidad incluso en condiciones de poca luz. Con un peso de aproximadamente <strong data-start=\"924\" data-end=\"937\">96 gramos<\/strong>, es una prenda pr\u00e1ctica y de alto rendimiento para el uso diario. El tejido cuenta con las certificaciones <strong data-start=\"1018\" data-end=\"1031\">Bluesign\u00ae<\/strong> y <strong data-start=\"1034\" data-end=\"1060\">Oeko-Tex\u00ae Standard 100<\/strong>, y la producci\u00f3n se lleva a cabo en la Uni\u00f3n Europea. Composici\u00f3n: <strong data-start=\"1119\" data-end=\"1171\">87 % poli\u00e9ster reciclado y 13 % elastano reciclado<\/strong>.<\/p>\n","protected":false},"excerpt":{"rendered":"<ul>\n<li data-section-id=\"1dnjy2i\" data-start=\"1385\" data-end=\"1463\"><strong data-start=\"1387\" data-end=\"1438\">Dise\u00f1o Street Blazer y detalles reflectantes 3M\u2122<\/strong> para ofrecer estilo y visibilidad<\/li>\n<li data-section-id=\"1hwsy1w\" data-start=\"1464\" data-end=\"1542\"><strong data-start=\"1466\" data-end=\"1509\">Tejido reciclado ligero y transpirable<\/strong> para mayor comodidad durante la actividad<\/li>\n<li data-section-id=\"pc9rh0\" data-start=\"1543\" data-end=\"1613\" data-is-last-node=\"\"><strong data-start=\"1545\" data-end=\"1580\">Corte unisex con ajuste masculino<\/strong> y fabricaci\u00f3n europea certificada<\/li>\n<\/ul>\n","protected":false},"featured_media":434730,"template":"","meta":{"_acf_changed":false,"inline_featured_image":false},"product_brand":[],"product_cat":[24455,24463],"product_tag":[23527,23571],"class_list":{"0":"post-434698","1":"product","2":"type-product","3":"status-publish","4":"has-post-thumbnail","6":"product_cat-camiseta-es-2","7":"product_cat-ropa-de-hombre-es","8":"product_tag-wild-tee-es","9":"product_tag-wlid-tee-hombre","10":"pa_attivita-caminar","11":"pa_attivita-running-es","12":"pa_attivita-trail-es","13":"pa_marca-wild-tee-es","14":"pa_sesso-hombre","15":"pa_size-small-es","16":"pa_size-medium-es","17":"pa_size-large-es","18":"pa_size-extra-large-es","20":"first","21":"instock","22":"sale","23":"taxable","24":"shipping-taxable","25":"purchasable","26":"product-type-variable","27":"wvs-archive-product-wrapper"},"acf":[],"yoast_head":"<!-- This site is optimized with the Yoast SEO plugin v26.8 - https:\/\/yoast.com\/product\/yoast-seo-wordpress\/ -->\n<title>Wild Tee T-shirt street blazer hombre - camiseta de running - MioMioRun.com<\/title>\n<meta name=\"description\" content=\"Camiseta t\u00e9cnica unisex, ligera y transpirable, dise\u00f1ada para ofrecer un estilo distintivo, comodidad y visibilidad en los entrenamientos y las carreras urbanas.\" \/>\n<meta name=\"robots\" content=\"index, follow, max-snippet:-1, max-image-preview:large, max-video-preview:-1\" \/>\n<link rel=\"canonical\" href=\"https:\/\/www.miomiorun.com\/es\/producto\/t-shirt-street-blazer-hombre\/\" \/>\n<meta property=\"og:locale\" content=\"es_ES\" \/>\n<meta property=\"og:type\" content=\"article\" \/>\n<meta property=\"og:title\" content=\"Wild Tee T-shirt street blazer hombre - camiseta de running - MioMioRun.com\" \/>\n<meta property=\"og:description\" content=\"Camiseta t\u00e9cnica unisex, ligera y transpirable, dise\u00f1ada para ofrecer un estilo distintivo, comodidad y visibilidad en los entrenamientos y las carreras urbanas.\" \/>\n<meta property=\"og:url\" content=\"https:\/\/www.miomiorun.com\/es\/producto\/t-shirt-street-blazer-hombre\/\" \/>\n<meta property=\"og:site_name\" content=\"MioMioRun\" \/>\n<meta property=\"article:publisher\" content=\"https:\/\/www.facebook.com\/miomiorun\/\" \/>\n<meta property=\"article:modified_time\" content=\"2026-05-08T10:02:40+00:00\" \/>\n<meta property=\"og:image\" content=\"https:\/\/www.miomiorun.com\/app\/uploads\/2026\/04\/WildTee-T-shirt-M-street-blazer-WT009WT202.webp\" \/>\n\t<meta property=\"og:image:width\" content=\"720\" \/>\n\t<meta property=\"og:image:height\" content=\"720\" \/>\n\t<meta property=\"og:image:type\" content=\"image\/webp\" \/>\n<meta name=\"twitter:card\" content=\"summary_large_image\" \/>\n<meta name=\"twitter:label1\" content=\"Est. reading time\" \/>\n\t<meta name=\"twitter:data1\" content=\"1 minute\" \/>\n<script type=\"application\/ld+json\" class=\"yoast-schema-graph\">{\"@context\":\"https:\/\/schema.org\",\"@graph\":[{\"@type\":\"WebPage\",\"@id\":\"https:\/\/www.miomiorun.com\/es\/producto\/t-shirt-street-blazer-hombre\/\",\"url\":\"https:\/\/www.miomiorun.com\/es\/producto\/t-shirt-street-blazer-hombre\/\",\"name\":\"Wild Tee T-shirt street blazer hombre - camiseta de running - MioMioRun.com\",\"isPartOf\":{\"@id\":\"https:\/\/www.miomiorun.com\/es\/#website\"},\"primaryImageOfPage\":{\"@id\":\"https:\/\/www.miomiorun.com\/es\/producto\/t-shirt-street-blazer-hombre\/#primaryimage\"},\"image\":{\"@id\":\"https:\/\/www.miomiorun.com\/es\/producto\/t-shirt-street-blazer-hombre\/#primaryimage\"},\"thumbnailUrl\":\"https:\/\/www.miomiorun.com\/app\/uploads\/2026\/04\/WildTee-T-shirt-M-street-blazer-WT009WT202.webp\",\"datePublished\":\"2026-04-22T08:42:34+00:00\",\"dateModified\":\"2026-05-08T10:02:40+00:00\",\"description\":\"Camiseta t\u00e9cnica unisex, ligera y transpirable, dise\u00f1ada para ofrecer un estilo distintivo, comodidad y visibilidad en los entrenamientos y las carreras urbanas.\",\"breadcrumb\":{\"@id\":\"https:\/\/www.miomiorun.com\/es\/producto\/t-shirt-street-blazer-hombre\/#breadcrumb\"},\"inLanguage\":\"es-ES\",\"potentialAction\":[{\"@type\":\"ReadAction\",\"target\":[\"https:\/\/www.miomiorun.com\/es\/producto\/t-shirt-street-blazer-hombre\/\"]}]},{\"@type\":\"ImageObject\",\"inLanguage\":\"es-ES\",\"@id\":\"https:\/\/www.miomiorun.com\/es\/producto\/t-shirt-street-blazer-hombre\/#primaryimage\",\"url\":\"https:\/\/www.miomiorun.com\/app\/uploads\/2026\/04\/WildTee-T-shirt-M-street-blazer-WT009WT202.webp\",\"contentUrl\":\"https:\/\/www.miomiorun.com\/app\/uploads\/2026\/04\/WildTee-T-shirt-M-street-blazer-WT009WT202.webp\",\"width\":720,\"height\":720,\"caption\":\"WildTee T-shirt M street blazer WT009WT202\"},{\"@type\":\"BreadcrumbList\",\"@id\":\"https:\/\/www.miomiorun.com\/es\/producto\/t-shirt-street-blazer-hombre\/#breadcrumb\",\"itemListElement\":[{\"@type\":\"ListItem\",\"position\":1,\"name\":\"Home\",\"item\":\"https:\/\/www.miomiorun.com\/es\/\"},{\"@type\":\"ListItem\",\"position\":2,\"name\":\"Shop\",\"item\":\"https:\/\/www.miomiorun.com\/shop\/\"},{\"@type\":\"ListItem\",\"position\":3,\"name\":\"T-shirt street blazer hombre\"}]},{\"@type\":\"WebSite\",\"@id\":\"https:\/\/www.miomiorun.com\/es\/#website\",\"url\":\"https:\/\/www.miomiorun.com\/es\/\",\"name\":\"MioMioRun\",\"description\":\"Tienda 100% running y trail\",\"publisher\":{\"@id\":\"https:\/\/www.miomiorun.com\/es\/#organization\"},\"potentialAction\":[{\"@type\":\"SearchAction\",\"target\":{\"@type\":\"EntryPoint\",\"urlTemplate\":\"https:\/\/www.miomiorun.com\/es\/?s={search_term_string}\"},\"query-input\":{\"@type\":\"PropertyValueSpecification\",\"valueRequired\":true,\"valueName\":\"search_term_string\"}}],\"inLanguage\":\"es-ES\"},{\"@type\":\"Organization\",\"@id\":\"https:\/\/www.miomiorun.com\/es\/#organization\",\"name\":\"MioMio Run\",\"url\":\"https:\/\/www.miomiorun.com\/es\/\",\"logo\":{\"@type\":\"ImageObject\",\"inLanguage\":\"es-ES\",\"@id\":\"https:\/\/www.miomiorun.com\/es\/#\/schema\/logo\/image\/\",\"url\":\"https:\/\/www.miomiorun.com\/app\/uploads\/2019\/12\/logomio.png\",\"contentUrl\":\"https:\/\/www.miomiorun.com\/app\/uploads\/2019\/12\/logomio.png\",\"width\":115,\"height\":82,\"caption\":\"MioMio Run\"},\"image\":{\"@id\":\"https:\/\/www.miomiorun.com\/es\/#\/schema\/logo\/image\/\"},\"sameAs\":[\"https:\/\/www.facebook.com\/miomiorun\/\",\"https:\/\/www.instagram.com\/miomiorun\/\"]}]}<\/script>\n<!-- \/ Yoast SEO plugin. -->","yoast_head_json":{"title":"Wild Tee T-shirt street blazer hombre - camiseta de running - MioMioRun.com","description":"Camiseta t\u00e9cnica unisex, ligera y transpirable, dise\u00f1ada para ofrecer un estilo distintivo, comodidad y visibilidad en los entrenamientos y las carreras urbanas.","robots":{"index":"index","follow":"follow","max-snippet":"max-snippet:-1","max-image-preview":"max-image-preview:large","max-video-preview":"max-video-preview:-1"},"canonical":"https:\/\/www.miomiorun.com\/es\/producto\/t-shirt-street-blazer-hombre\/","og_locale":"es_ES","og_type":"article","og_title":"Wild Tee T-shirt street blazer hombre - camiseta de running - MioMioRun.com","og_description":"Camiseta t\u00e9cnica unisex, ligera y transpirable, dise\u00f1ada para ofrecer un estilo distintivo, comodidad y visibilidad en los entrenamientos y las carreras urbanas.","og_url":"https:\/\/www.miomiorun.com\/es\/producto\/t-shirt-street-blazer-hombre\/","og_site_name":"MioMioRun","article_publisher":"https:\/\/www.facebook.com\/miomiorun\/","article_modified_time":"2026-05-08T10:02:40+00:00","og_image":[{"width":720,"height":720,"url":"https:\/\/www.miomiorun.com\/app\/uploads\/2026\/04\/WildTee-T-shirt-M-street-blazer-WT009WT202.webp","type":"image\/webp"}],"twitter_card":"summary_large_image","twitter_misc":{"Est. reading time":"1 minute"},"schema":{"@context":"https:\/\/schema.org","@graph":[{"@type":"WebPage","@id":"https:\/\/www.miomiorun.com\/es\/producto\/t-shirt-street-blazer-hombre\/","url":"https:\/\/www.miomiorun.com\/es\/producto\/t-shirt-street-blazer-hombre\/","name":"Wild Tee T-shirt street blazer hombre - camiseta de running - MioMioRun.com","isPartOf":{"@id":"https:\/\/www.miomiorun.com\/es\/#website"},"primaryImageOfPage":{"@id":"https:\/\/www.miomiorun.com\/es\/producto\/t-shirt-street-blazer-hombre\/#primaryimage"},"image":{"@id":"https:\/\/www.miomiorun.com\/es\/producto\/t-shirt-street-blazer-hombre\/#primaryimage"},"thumbnailUrl":"https:\/\/www.miomiorun.com\/app\/uploads\/2026\/04\/WildTee-T-shirt-M-street-blazer-WT009WT202.webp","datePublished":"2026-04-22T08:42:34+00:00","dateModified":"2026-05-08T10:02:40+00:00","description":"Camiseta t\u00e9cnica unisex, ligera y transpirable, dise\u00f1ada para ofrecer un estilo distintivo, comodidad y visibilidad en los entrenamientos y las carreras urbanas.","breadcrumb":{"@id":"https:\/\/www.miomiorun.com\/es\/producto\/t-shirt-street-blazer-hombre\/#breadcrumb"},"inLanguage":"es-ES","potentialAction":[{"@type":"ReadAction","target":["https:\/\/www.miomiorun.com\/es\/producto\/t-shirt-street-blazer-hombre\/"]}]},{"@type":"ImageObject","inLanguage":"es-ES","@id":"https:\/\/www.miomiorun.com\/es\/producto\/t-shirt-street-blazer-hombre\/#primaryimage","url":"https:\/\/www.miomiorun.com\/app\/uploads\/2026\/04\/WildTee-T-shirt-M-street-blazer-WT009WT202.webp","contentUrl":"https:\/\/www.miomiorun.com\/app\/uploads\/2026\/04\/WildTee-T-shirt-M-street-blazer-WT009WT202.webp","width":720,"height":720,"caption":"WildTee T-shirt M street blazer WT009WT202"},{"@type":"BreadcrumbList","@id":"https:\/\/www.miomiorun.com\/es\/producto\/t-shirt-street-blazer-hombre\/#breadcrumb","itemListElement":[{"@type":"ListItem","position":1,"name":"Home","item":"https:\/\/www.miomiorun.com\/es\/"},{"@type":"ListItem","position":2,"name":"Shop","item":"https:\/\/www.miomiorun.com\/shop\/"},{"@type":"ListItem","position":3,"name":"T-shirt street blazer hombre"}]},{"@type":"WebSite","@id":"https:\/\/www.miomiorun.com\/es\/#website","url":"https:\/\/www.miomiorun.com\/es\/","name":"MioMioRun","description":"Tienda 100% running y trail","publisher":{"@id":"https:\/\/www.miomiorun.com\/es\/#organization"},"potentialAction":[{"@type":"SearchAction","target":{"@type":"EntryPoint","urlTemplate":"https:\/\/www.miomiorun.com\/es\/?s={search_term_string}"},"query-input":{"@type":"PropertyValueSpecification","valueRequired":true,"valueName":"search_term_string"}}],"inLanguage":"es-ES"},{"@type":"Organization","@id":"https:\/\/www.miomiorun.com\/es\/#organization","name":"MioMio Run","url":"https:\/\/www.miomiorun.com\/es\/","logo":{"@type":"ImageObject","inLanguage":"es-ES","@id":"https:\/\/www.miomiorun.com\/es\/#\/schema\/logo\/image\/","url":"https:\/\/www.miomiorun.com\/app\/uploads\/2019\/12\/logomio.png","contentUrl":"https:\/\/www.miomiorun.com\/app\/uploads\/2019\/12\/logomio.png","width":115,"height":82,"caption":"MioMio Run"},"image":{"@id":"https:\/\/www.miomiorun.com\/es\/#\/schema\/logo\/image\/"},"sameAs":["https:\/\/www.facebook.com\/miomiorun\/","https:\/\/www.instagram.com\/miomiorun\/"]}]}},"_links":{"self":[{"href":"https:\/\/www.miomiorun.com\/es\/wp-json\/wp\/v2\/product\/434698","targetHints":{"allow":["GET"]}}],"collection":[{"href":"https:\/\/www.miomiorun.com\/es\/wp-json\/wp\/v2\/product"}],"about":[{"href":"https:\/\/www.miomiorun.com\/es\/wp-json\/wp\/v2\/types\/product"}],"wp:featuredmedia":[{"embeddable":true,"href":"https:\/\/www.miomiorun.com\/es\/wp-json\/wp\/v2\/media\/434730"}],"wp:attachment":[{"href":"https:\/\/www.miomiorun.com\/es\/wp-json\/wp\/v2\/media?parent=434698"}],"wp:term":[{"taxonomy":"product_brand","embeddable":true,"href":"https:\/\/www.miomiorun.com\/es\/wp-json\/wp\/v2\/product_brand?post=434698"},{"taxonomy":"product_cat","embeddable":true,"href":"https:\/\/www.miomiorun.com\/es\/wp-json\/wp\/v2\/product_cat?post=434698"},{"taxonomy":"product_tag","embeddable":true,"href":"https:\/\/www.miomiorun.com\/es\/wp-json\/wp\/v2\/product_tag?post=434698"}],"curies":[{"name":"wp","href":"https:\/\/api.w.org\/{rel}","templated":true}]}}