{"id":434643,"date":"2026-04-22T10:32:57","date_gmt":"2026-04-22T08:32:57","guid":{"rendered":"https:\/\/www.miomiorun.com\/?post_type=product&#038;p=434643"},"modified":"2026-05-08T12:02:49","modified_gmt":"2026-05-08T10:02:49","slug":"t-shirt-road-alluminium-hombre","status":"publish","type":"product","link":"https:\/\/www.miomiorun.com\/es\/producto\/t-shirt-road-alluminium-hombre\/","title":{"rendered":"T-shirt road alluminium hombre"},"content":{"rendered":"<p data-start=\"0\" data-end=\"325\">La camiseta Essential de la colecci\u00f3n Wild Tee SS25 est\u00e1 dise\u00f1ada para ofrecer <strong data-start=\"102\" data-end=\"117\">versatilidad<\/strong>, <strong data-start=\"119\" data-end=\"133\">ligereza<\/strong> y <strong data-start=\"136\" data-end=\"156\">un estilo minimalista<\/strong> en cualquier ocasi\u00f3n. F\u00e1cil de combinar con cualquier conjunto deportivo o informal, es ideal tanto para tus <strong data-start=\"271\" data-end=\"290\">carreras por la ciudad<\/strong> como para tus entrenamientos en el gimnasio. <\/p>\n<p data-start=\"327\" data-end=\"367\">Su dise\u00f1o est\u00e1 pensado para garantizar:<\/p>\n<ul data-start=\"368\" data-end=\"523\">\n<li data-section-id=\"1c1bcwe\" data-start=\"368\" data-end=\"417\"><strong data-start=\"370\" data-end=\"396\">M\u00e1xima transpirabilidad<\/strong> durante la actividad<\/li>\n<li data-section-id=\"18e8i8i\" data-start=\"418\" data-end=\"468\"><strong data-start=\"420\" data-end=\"440\">Comodidad constante<\/strong> gracias al tejido ligero<\/li>\n<li data-section-id=\"29phq2\" data-start=\"469\" data-end=\"523\"><strong data-start=\"471\" data-end=\"496\">Mayor visibilidad<\/strong> con detalles reflectantes<\/li>\n<\/ul>\n<p data-start=\"525\" data-end=\"1013\">Confeccionada con <strong data-start=\"539\" data-end=\"583\">tejido italiano reciclado postconsumo<\/strong> y fabricada en la Uni\u00f3n Europea, garantiza calidad y cuidado en los materiales. El <strong data-start=\"661\" data-end=\"719\">logotipo estampado en el pecho y en la espalda en 3M\u2122 reflectante<\/strong> aumenta la visibilidad incluso en condiciones de poca luz. Con un peso de aproximadamente <strong data-start=\"808\" data-end=\"821\">96 gramos<\/strong>, es una prenda pr\u00e1ctica y de alto rendimiento para el uso diario. El tejido cuenta con las certificaciones <strong data-start=\"902\" data-end=\"915\">bluesign\u00ae<\/strong> y <strong data-start=\"918\" data-end=\"944\">Oeko-Tex\u00ae Standard 100<\/strong>. Composici\u00f3n: <strong data-start=\"960\" data-end=\"1012\">87 % poli\u00e9ster reciclado y 13 % elastano reciclado<\/strong>.<\/p>\n","protected":false},"excerpt":{"rendered":"<ul>\n<li data-section-id=\"yvrpwz\" data-start=\"1217\" data-end=\"1298\"><strong data-start=\"1219\" data-end=\"1262\">Tejido reciclado ligero y transpirable<\/strong> para mayor comodidad y uso diario<\/li>\n<li data-section-id=\"4qswwc\" data-start=\"1299\" data-end=\"1369\"><strong data-start=\"1301\" data-end=\"1329\">Detalles reflectantes 3M\u2122<\/strong> para una mayor visibilidad incluso en la oscuridad<\/li>\n<li data-section-id=\"1arvk7j\" data-start=\"1370\" data-end=\"1455\" data-is-last-node=\"\"><strong data-start=\"1372\" data-end=\"1422\">Certificaciones de calidad y fabricaci\u00f3n europea<\/strong> para mayor fiabilidad y sostenibilidad<\/li>\n<\/ul>\n","protected":false},"featured_media":434657,"template":"","meta":{"_acf_changed":false,"inline_featured_image":false},"product_brand":[],"product_cat":[24455,24463],"product_tag":[23527,23571],"class_list":{"0":"post-434643","1":"product","2":"type-product","3":"status-publish","4":"has-post-thumbnail","6":"product_cat-camiseta-es-2","7":"product_cat-ropa-de-hombre-es","8":"product_tag-wild-tee-es","9":"product_tag-wlid-tee-hombre","10":"pa_attivita-caminar","11":"pa_attivita-running-es","12":"pa_attivita-trail-es","13":"pa_marca-wild-tee-es","14":"pa_sesso-hombre","15":"pa_size-small-es","16":"pa_size-medium-es","17":"pa_size-large-es","18":"pa_size-extra-large-es","20":"first","21":"instock","22":"sale","23":"taxable","24":"shipping-taxable","25":"purchasable","26":"product-type-variable","27":"wvs-archive-product-wrapper"},"acf":[],"yoast_head":"<!-- This site is optimized with the Yoast SEO plugin v26.8 - https:\/\/yoast.com\/product\/yoast-seo-wordpress\/ -->\n<title>Wild Tee T-shirt road alluminium hombre -camiseta de running - MioMioRun.com<\/title>\n<meta name=\"description\" content=\"Camiseta t\u00e9cnica ligera y vers\u00e1til, dise\u00f1ada para ofrecer comodidad, transpirabilidad y visibilidad tanto en los entrenamientos como en el d\u00eda a d\u00eda\" \/>\n<meta name=\"robots\" content=\"index, follow, max-snippet:-1, max-image-preview:large, max-video-preview:-1\" \/>\n<link rel=\"canonical\" href=\"https:\/\/www.miomiorun.com\/es\/producto\/t-shirt-road-alluminium-hombre\/\" \/>\n<meta property=\"og:locale\" content=\"es_ES\" \/>\n<meta property=\"og:type\" content=\"article\" \/>\n<meta property=\"og:title\" content=\"Wild Tee T-shirt road alluminium hombre -camiseta de running - MioMioRun.com\" \/>\n<meta property=\"og:description\" content=\"Camiseta t\u00e9cnica ligera y vers\u00e1til, dise\u00f1ada para ofrecer comodidad, transpirabilidad y visibilidad tanto en los entrenamientos como en el d\u00eda a d\u00eda\" \/>\n<meta property=\"og:url\" content=\"https:\/\/www.miomiorun.com\/es\/producto\/t-shirt-road-alluminium-hombre\/\" \/>\n<meta property=\"og:site_name\" content=\"MioMioRun\" \/>\n<meta property=\"article:publisher\" content=\"https:\/\/www.facebook.com\/miomiorun\/\" \/>\n<meta property=\"article:modified_time\" content=\"2026-05-08T10:02:49+00:00\" \/>\n<meta property=\"og:image\" content=\"https:\/\/www.miomiorun.com\/app\/uploads\/2026\/04\/WildTee-T-shirt-M-road-alluminium-WT009WT215.webp\" \/>\n\t<meta property=\"og:image:width\" content=\"720\" \/>\n\t<meta property=\"og:image:height\" content=\"720\" \/>\n\t<meta property=\"og:image:type\" content=\"image\/webp\" \/>\n<meta name=\"twitter:card\" content=\"summary_large_image\" \/>\n<meta name=\"twitter:label1\" content=\"Est. reading time\" \/>\n\t<meta name=\"twitter:data1\" content=\"1 minute\" \/>\n<script type=\"application\/ld+json\" class=\"yoast-schema-graph\">{\"@context\":\"https:\/\/schema.org\",\"@graph\":[{\"@type\":\"WebPage\",\"@id\":\"https:\/\/www.miomiorun.com\/es\/producto\/t-shirt-road-alluminium-hombre\/\",\"url\":\"https:\/\/www.miomiorun.com\/es\/producto\/t-shirt-road-alluminium-hombre\/\",\"name\":\"Wild Tee T-shirt road alluminium hombre -camiseta de running - MioMioRun.com\",\"isPartOf\":{\"@id\":\"https:\/\/www.miomiorun.com\/es\/#website\"},\"primaryImageOfPage\":{\"@id\":\"https:\/\/www.miomiorun.com\/es\/producto\/t-shirt-road-alluminium-hombre\/#primaryimage\"},\"image\":{\"@id\":\"https:\/\/www.miomiorun.com\/es\/producto\/t-shirt-road-alluminium-hombre\/#primaryimage\"},\"thumbnailUrl\":\"https:\/\/www.miomiorun.com\/app\/uploads\/2026\/04\/WildTee-T-shirt-M-road-alluminium-WT009WT215.webp\",\"datePublished\":\"2026-04-22T08:32:57+00:00\",\"dateModified\":\"2026-05-08T10:02:49+00:00\",\"description\":\"Camiseta t\u00e9cnica ligera y vers\u00e1til, dise\u00f1ada para ofrecer comodidad, transpirabilidad y visibilidad tanto en los entrenamientos como en el d\u00eda a d\u00eda\",\"breadcrumb\":{\"@id\":\"https:\/\/www.miomiorun.com\/es\/producto\/t-shirt-road-alluminium-hombre\/#breadcrumb\"},\"inLanguage\":\"es-ES\",\"potentialAction\":[{\"@type\":\"ReadAction\",\"target\":[\"https:\/\/www.miomiorun.com\/es\/producto\/t-shirt-road-alluminium-hombre\/\"]}]},{\"@type\":\"ImageObject\",\"inLanguage\":\"es-ES\",\"@id\":\"https:\/\/www.miomiorun.com\/es\/producto\/t-shirt-road-alluminium-hombre\/#primaryimage\",\"url\":\"https:\/\/www.miomiorun.com\/app\/uploads\/2026\/04\/WildTee-T-shirt-M-road-alluminium-WT009WT215.webp\",\"contentUrl\":\"https:\/\/www.miomiorun.com\/app\/uploads\/2026\/04\/WildTee-T-shirt-M-road-alluminium-WT009WT215.webp\",\"width\":720,\"height\":720,\"caption\":\"WildTee T-shirt M road alluminium WT009WT215\"},{\"@type\":\"BreadcrumbList\",\"@id\":\"https:\/\/www.miomiorun.com\/es\/producto\/t-shirt-road-alluminium-hombre\/#breadcrumb\",\"itemListElement\":[{\"@type\":\"ListItem\",\"position\":1,\"name\":\"Home\",\"item\":\"https:\/\/www.miomiorun.com\/es\/\"},{\"@type\":\"ListItem\",\"position\":2,\"name\":\"Shop\",\"item\":\"https:\/\/www.miomiorun.com\/shop\/\"},{\"@type\":\"ListItem\",\"position\":3,\"name\":\"T-shirt road alluminium hombre\"}]},{\"@type\":\"WebSite\",\"@id\":\"https:\/\/www.miomiorun.com\/es\/#website\",\"url\":\"https:\/\/www.miomiorun.com\/es\/\",\"name\":\"MioMioRun\",\"description\":\"Tienda 100% running y trail\",\"publisher\":{\"@id\":\"https:\/\/www.miomiorun.com\/es\/#organization\"},\"potentialAction\":[{\"@type\":\"SearchAction\",\"target\":{\"@type\":\"EntryPoint\",\"urlTemplate\":\"https:\/\/www.miomiorun.com\/es\/?s={search_term_string}\"},\"query-input\":{\"@type\":\"PropertyValueSpecification\",\"valueRequired\":true,\"valueName\":\"search_term_string\"}}],\"inLanguage\":\"es-ES\"},{\"@type\":\"Organization\",\"@id\":\"https:\/\/www.miomiorun.com\/es\/#organization\",\"name\":\"MioMio Run\",\"url\":\"https:\/\/www.miomiorun.com\/es\/\",\"logo\":{\"@type\":\"ImageObject\",\"inLanguage\":\"es-ES\",\"@id\":\"https:\/\/www.miomiorun.com\/es\/#\/schema\/logo\/image\/\",\"url\":\"https:\/\/www.miomiorun.com\/app\/uploads\/2019\/12\/logomio.png\",\"contentUrl\":\"https:\/\/www.miomiorun.com\/app\/uploads\/2019\/12\/logomio.png\",\"width\":115,\"height\":82,\"caption\":\"MioMio Run\"},\"image\":{\"@id\":\"https:\/\/www.miomiorun.com\/es\/#\/schema\/logo\/image\/\"},\"sameAs\":[\"https:\/\/www.facebook.com\/miomiorun\/\",\"https:\/\/www.instagram.com\/miomiorun\/\"]}]}<\/script>\n<!-- \/ Yoast SEO plugin. -->","yoast_head_json":{"title":"Wild Tee T-shirt road alluminium hombre -camiseta de running - MioMioRun.com","description":"Camiseta t\u00e9cnica ligera y vers\u00e1til, dise\u00f1ada para ofrecer comodidad, transpirabilidad y visibilidad tanto en los entrenamientos como en el d\u00eda a d\u00eda","robots":{"index":"index","follow":"follow","max-snippet":"max-snippet:-1","max-image-preview":"max-image-preview:large","max-video-preview":"max-video-preview:-1"},"canonical":"https:\/\/www.miomiorun.com\/es\/producto\/t-shirt-road-alluminium-hombre\/","og_locale":"es_ES","og_type":"article","og_title":"Wild Tee T-shirt road alluminium hombre -camiseta de running - MioMioRun.com","og_description":"Camiseta t\u00e9cnica ligera y vers\u00e1til, dise\u00f1ada para ofrecer comodidad, transpirabilidad y visibilidad tanto en los entrenamientos como en el d\u00eda a d\u00eda","og_url":"https:\/\/www.miomiorun.com\/es\/producto\/t-shirt-road-alluminium-hombre\/","og_site_name":"MioMioRun","article_publisher":"https:\/\/www.facebook.com\/miomiorun\/","article_modified_time":"2026-05-08T10:02:49+00:00","og_image":[{"width":720,"height":720,"url":"https:\/\/www.miomiorun.com\/app\/uploads\/2026\/04\/WildTee-T-shirt-M-road-alluminium-WT009WT215.webp","type":"image\/webp"}],"twitter_card":"summary_large_image","twitter_misc":{"Est. reading time":"1 minute"},"schema":{"@context":"https:\/\/schema.org","@graph":[{"@type":"WebPage","@id":"https:\/\/www.miomiorun.com\/es\/producto\/t-shirt-road-alluminium-hombre\/","url":"https:\/\/www.miomiorun.com\/es\/producto\/t-shirt-road-alluminium-hombre\/","name":"Wild Tee T-shirt road alluminium hombre -camiseta de running - MioMioRun.com","isPartOf":{"@id":"https:\/\/www.miomiorun.com\/es\/#website"},"primaryImageOfPage":{"@id":"https:\/\/www.miomiorun.com\/es\/producto\/t-shirt-road-alluminium-hombre\/#primaryimage"},"image":{"@id":"https:\/\/www.miomiorun.com\/es\/producto\/t-shirt-road-alluminium-hombre\/#primaryimage"},"thumbnailUrl":"https:\/\/www.miomiorun.com\/app\/uploads\/2026\/04\/WildTee-T-shirt-M-road-alluminium-WT009WT215.webp","datePublished":"2026-04-22T08:32:57+00:00","dateModified":"2026-05-08T10:02:49+00:00","description":"Camiseta t\u00e9cnica ligera y vers\u00e1til, dise\u00f1ada para ofrecer comodidad, transpirabilidad y visibilidad tanto en los entrenamientos como en el d\u00eda a d\u00eda","breadcrumb":{"@id":"https:\/\/www.miomiorun.com\/es\/producto\/t-shirt-road-alluminium-hombre\/#breadcrumb"},"inLanguage":"es-ES","potentialAction":[{"@type":"ReadAction","target":["https:\/\/www.miomiorun.com\/es\/producto\/t-shirt-road-alluminium-hombre\/"]}]},{"@type":"ImageObject","inLanguage":"es-ES","@id":"https:\/\/www.miomiorun.com\/es\/producto\/t-shirt-road-alluminium-hombre\/#primaryimage","url":"https:\/\/www.miomiorun.com\/app\/uploads\/2026\/04\/WildTee-T-shirt-M-road-alluminium-WT009WT215.webp","contentUrl":"https:\/\/www.miomiorun.com\/app\/uploads\/2026\/04\/WildTee-T-shirt-M-road-alluminium-WT009WT215.webp","width":720,"height":720,"caption":"WildTee T-shirt M road alluminium WT009WT215"},{"@type":"BreadcrumbList","@id":"https:\/\/www.miomiorun.com\/es\/producto\/t-shirt-road-alluminium-hombre\/#breadcrumb","itemListElement":[{"@type":"ListItem","position":1,"name":"Home","item":"https:\/\/www.miomiorun.com\/es\/"},{"@type":"ListItem","position":2,"name":"Shop","item":"https:\/\/www.miomiorun.com\/shop\/"},{"@type":"ListItem","position":3,"name":"T-shirt road alluminium hombre"}]},{"@type":"WebSite","@id":"https:\/\/www.miomiorun.com\/es\/#website","url":"https:\/\/www.miomiorun.com\/es\/","name":"MioMioRun","description":"Tienda 100% running y trail","publisher":{"@id":"https:\/\/www.miomiorun.com\/es\/#organization"},"potentialAction":[{"@type":"SearchAction","target":{"@type":"EntryPoint","urlTemplate":"https:\/\/www.miomiorun.com\/es\/?s={search_term_string}"},"query-input":{"@type":"PropertyValueSpecification","valueRequired":true,"valueName":"search_term_string"}}],"inLanguage":"es-ES"},{"@type":"Organization","@id":"https:\/\/www.miomiorun.com\/es\/#organization","name":"MioMio Run","url":"https:\/\/www.miomiorun.com\/es\/","logo":{"@type":"ImageObject","inLanguage":"es-ES","@id":"https:\/\/www.miomiorun.com\/es\/#\/schema\/logo\/image\/","url":"https:\/\/www.miomiorun.com\/app\/uploads\/2019\/12\/logomio.png","contentUrl":"https:\/\/www.miomiorun.com\/app\/uploads\/2019\/12\/logomio.png","width":115,"height":82,"caption":"MioMio Run"},"image":{"@id":"https:\/\/www.miomiorun.com\/es\/#\/schema\/logo\/image\/"},"sameAs":["https:\/\/www.facebook.com\/miomiorun\/","https:\/\/www.instagram.com\/miomiorun\/"]}]}},"_links":{"self":[{"href":"https:\/\/www.miomiorun.com\/es\/wp-json\/wp\/v2\/product\/434643","targetHints":{"allow":["GET"]}}],"collection":[{"href":"https:\/\/www.miomiorun.com\/es\/wp-json\/wp\/v2\/product"}],"about":[{"href":"https:\/\/www.miomiorun.com\/es\/wp-json\/wp\/v2\/types\/product"}],"wp:featuredmedia":[{"embeddable":true,"href":"https:\/\/www.miomiorun.com\/es\/wp-json\/wp\/v2\/media\/434657"}],"wp:attachment":[{"href":"https:\/\/www.miomiorun.com\/es\/wp-json\/wp\/v2\/media?parent=434643"}],"wp:term":[{"taxonomy":"product_brand","embeddable":true,"href":"https:\/\/www.miomiorun.com\/es\/wp-json\/wp\/v2\/product_brand?post=434643"},{"taxonomy":"product_cat","embeddable":true,"href":"https:\/\/www.miomiorun.com\/es\/wp-json\/wp\/v2\/product_cat?post=434643"},{"taxonomy":"product_tag","embeddable":true,"href":"https:\/\/www.miomiorun.com\/es\/wp-json\/wp\/v2\/product_tag?post=434643"}],"curies":[{"name":"wp","href":"https:\/\/api.w.org\/{rel}","templated":true}]}}