{"id":432662,"date":"2026-04-16T18:37:54","date_gmt":"2026-04-16T16:37:54","guid":{"rendered":"https:\/\/www.miomiorun.com\/?post_type=product&#038;p=432662"},"modified":"2026-05-14T16:33:36","modified_gmt":"2026-05-14T14:33:36","slug":"velocity-run-belt","status":"publish","type":"product","link":"https:\/\/www.miomiorun.com\/es\/producto\/velocity-run-belt\/","title":{"rendered":"Velocity run belt"},"content":{"rendered":"<p>Hemos incorporado la revolucionaria <strong data-start=\"36\" data-end=\"54\">UA Speedpocket<\/strong> para crear un cintur\u00f3n de running pr\u00e1ctico y seguro, equipado con un bolsillo impermeable y antivibraciones, perfecto para llevar el smartphone sin distracciones. La tecnolog\u00eda <strong data-start=\"223\" data-end=\"235\">UA Storm<\/strong> protege tus objetos personales del agua, mientras que la correa ajustable con hebilla de perfil bajo garantiza un ajuste estable, ce\u00f1ido y personalizado. El tratamiento repelente al agua sin fl\u00faor completa el producto, haci\u00e9ndolo fiable en cualquier condici\u00f3n.<\/p>\n","protected":false},"excerpt":{"rendered":"<ul>\n<li data-section-id=\"5fwvm3\" data-start=\"724\" data-end=\"810\"><strong data-start=\"726\" data-end=\"748\">M\u00e1xima estabilidad:<\/strong> bolsillo UA Speedpocket que reduce los rebotes durante la carrera<\/li>\n<li data-section-id=\"1iqxpe0\" data-start=\"811\" data-end=\"890\"><strong data-start=\"813\" data-end=\"839\">Protecci\u00f3n contra el agua:<\/strong> tecnolog\u00eda UA Storm y tratamiento repelente al agua<\/li>\n<li data-section-id=\"165icga\" data-start=\"891\" data-end=\"964\" data-is-last-node=\"\"><strong data-start=\"893\" data-end=\"918\">Ajuste perfecto:<\/strong> correa ajustable con hebilla de perfil bajo<\/li>\n<\/ul>\n","protected":false},"featured_media":432670,"template":"","meta":{"_acf_changed":false,"inline_featured_image":false},"product_brand":[],"product_cat":[24205,24409,24426],"product_tag":[23529,23573,23623],"class_list":{"0":"post-432662","1":"product","2":"type-product","3":"status-publish","4":"has-post-thumbnail","6":"product_cat-accesorios","7":"product_cat-cinturones-es","8":"product_cat-mochilas-y-cinturones-es","9":"product_tag-under-armour-es","10":"product_tag-under-armour-hombre","11":"product_tag-under-armour-mujer","12":"pa_attivita-caminar","13":"pa_attivita-fitness-es","14":"pa_attivita-running-es","15":"pa_colore-velocity-run-belt-black","16":"pa_colore-velocity-run-belt-high-vis-yellow","17":"pa_marca-under-armour-es","18":"pa_sesso-hombre","19":"pa_sesso-mujer","21":"first","22":"instock","23":"sale","24":"taxable","25":"shipping-taxable","26":"purchasable","27":"product-type-variable","28":"wvs-archive-product-wrapper"},"acf":[],"yoast_head":"<!-- This site is optimized with the Yoast SEO plugin v26.8 - https:\/\/yoast.com\/product\/yoast-seo-wordpress\/ -->\n<title>Salomon Velocity run belt - Accesorios para correr - MioMioRun<\/title>\n<meta name=\"description\" content=\"Cintur\u00f3n para correr con bolsillo impermeable y antivibraci\u00f3n, dise\u00f1ado para llevar el smartphone de forma segura mientras corres.\" \/>\n<meta name=\"robots\" content=\"index, follow, max-snippet:-1, max-image-preview:large, max-video-preview:-1\" \/>\n<link rel=\"canonical\" href=\"https:\/\/www.miomiorun.com\/es\/producto\/velocity-run-belt\/\" \/>\n<meta property=\"og:locale\" content=\"es_ES\" \/>\n<meta property=\"og:type\" content=\"article\" \/>\n<meta property=\"og:title\" content=\"Salomon Velocity run belt - Accesorios para correr - MioMioRun\" \/>\n<meta property=\"og:description\" content=\"Cintur\u00f3n para correr con bolsillo impermeable y antivibraci\u00f3n, dise\u00f1ado para llevar el smartphone de forma segura mientras corres.\" \/>\n<meta property=\"og:url\" content=\"https:\/\/www.miomiorun.com\/es\/producto\/velocity-run-belt\/\" \/>\n<meta property=\"og:site_name\" content=\"MioMioRun\" \/>\n<meta property=\"article:publisher\" content=\"https:\/\/www.facebook.com\/miomiorun\/\" \/>\n<meta property=\"article:modified_time\" content=\"2026-05-14T14:33:36+00:00\" \/>\n<meta property=\"og:image\" content=\"https:\/\/www.miomiorun.com\/app\/uploads\/2026\/04\/under-armor-Velocity-run-belt-black-1388914-0003.webp\" \/>\n\t<meta property=\"og:image:width\" content=\"720\" \/>\n\t<meta property=\"og:image:height\" content=\"720\" \/>\n\t<meta property=\"og:image:type\" content=\"image\/webp\" \/>\n<meta name=\"twitter:card\" content=\"summary_large_image\" \/>\n<script type=\"application\/ld+json\" class=\"yoast-schema-graph\">{\"@context\":\"https:\/\/schema.org\",\"@graph\":[{\"@type\":\"WebPage\",\"@id\":\"https:\/\/www.miomiorun.com\/es\/producto\/velocity-run-belt\/\",\"url\":\"https:\/\/www.miomiorun.com\/es\/producto\/velocity-run-belt\/\",\"name\":\"Salomon Velocity run belt - Accesorios para correr - MioMioRun\",\"isPartOf\":{\"@id\":\"https:\/\/www.miomiorun.com\/es\/#website\"},\"primaryImageOfPage\":{\"@id\":\"https:\/\/www.miomiorun.com\/es\/producto\/velocity-run-belt\/#primaryimage\"},\"image\":{\"@id\":\"https:\/\/www.miomiorun.com\/es\/producto\/velocity-run-belt\/#primaryimage\"},\"thumbnailUrl\":\"https:\/\/www.miomiorun.com\/app\/uploads\/2026\/04\/under-armor-Velocity-run-belt-black-1388914-0003.webp\",\"datePublished\":\"2026-04-16T16:37:54+00:00\",\"dateModified\":\"2026-05-14T14:33:36+00:00\",\"description\":\"Cintur\u00f3n para correr con bolsillo impermeable y antivibraci\u00f3n, dise\u00f1ado para llevar el smartphone de forma segura mientras corres.\",\"breadcrumb\":{\"@id\":\"https:\/\/www.miomiorun.com\/es\/producto\/velocity-run-belt\/#breadcrumb\"},\"inLanguage\":\"es-ES\",\"potentialAction\":[{\"@type\":\"ReadAction\",\"target\":[\"https:\/\/www.miomiorun.com\/es\/producto\/velocity-run-belt\/\"]}]},{\"@type\":\"ImageObject\",\"inLanguage\":\"es-ES\",\"@id\":\"https:\/\/www.miomiorun.com\/es\/producto\/velocity-run-belt\/#primaryimage\",\"url\":\"https:\/\/www.miomiorun.com\/app\/uploads\/2026\/04\/under-armor-Velocity-run-belt-black-1388914-0003.webp\",\"contentUrl\":\"https:\/\/www.miomiorun.com\/app\/uploads\/2026\/04\/under-armor-Velocity-run-belt-black-1388914-0003.webp\",\"width\":720,\"height\":720,\"caption\":\"under armor Velocity run belt black 1388914-0003\"},{\"@type\":\"BreadcrumbList\",\"@id\":\"https:\/\/www.miomiorun.com\/es\/producto\/velocity-run-belt\/#breadcrumb\",\"itemListElement\":[{\"@type\":\"ListItem\",\"position\":1,\"name\":\"Home\",\"item\":\"https:\/\/www.miomiorun.com\/es\/home-page\/\"},{\"@type\":\"ListItem\",\"position\":2,\"name\":\"Shop\",\"item\":\"https:\/\/www.miomiorun.com\/shop\/\"},{\"@type\":\"ListItem\",\"position\":3,\"name\":\"Velocity run belt\"}]},{\"@type\":\"WebSite\",\"@id\":\"https:\/\/www.miomiorun.com\/es\/#website\",\"url\":\"https:\/\/www.miomiorun.com\/es\/\",\"name\":\"MioMioRun\",\"description\":\"Tienda 100% running y trail\",\"publisher\":{\"@id\":\"https:\/\/www.miomiorun.com\/es\/#organization\"},\"potentialAction\":[{\"@type\":\"SearchAction\",\"target\":{\"@type\":\"EntryPoint\",\"urlTemplate\":\"https:\/\/www.miomiorun.com\/es\/?s={search_term_string}\"},\"query-input\":{\"@type\":\"PropertyValueSpecification\",\"valueRequired\":true,\"valueName\":\"search_term_string\"}}],\"inLanguage\":\"es-ES\"},{\"@type\":\"Organization\",\"@id\":\"https:\/\/www.miomiorun.com\/es\/#organization\",\"name\":\"MioMio Run\",\"url\":\"https:\/\/www.miomiorun.com\/es\/\",\"logo\":{\"@type\":\"ImageObject\",\"inLanguage\":\"es-ES\",\"@id\":\"https:\/\/www.miomiorun.com\/es\/#\/schema\/logo\/image\/\",\"url\":\"https:\/\/www.miomiorun.com\/app\/uploads\/2019\/12\/logomio.png\",\"contentUrl\":\"https:\/\/www.miomiorun.com\/app\/uploads\/2019\/12\/logomio.png\",\"width\":115,\"height\":82,\"caption\":\"MioMio Run\"},\"image\":{\"@id\":\"https:\/\/www.miomiorun.com\/es\/#\/schema\/logo\/image\/\"},\"sameAs\":[\"https:\/\/www.facebook.com\/miomiorun\/\",\"https:\/\/www.instagram.com\/miomiorun\/\"]}]}<\/script>\n<!-- \/ Yoast SEO plugin. -->","yoast_head_json":{"title":"Salomon Velocity run belt - Accesorios para correr - MioMioRun","description":"Cintur\u00f3n para correr con bolsillo impermeable y antivibraci\u00f3n, dise\u00f1ado para llevar el smartphone de forma segura mientras corres.","robots":{"index":"index","follow":"follow","max-snippet":"max-snippet:-1","max-image-preview":"max-image-preview:large","max-video-preview":"max-video-preview:-1"},"canonical":"https:\/\/www.miomiorun.com\/es\/producto\/velocity-run-belt\/","og_locale":"es_ES","og_type":"article","og_title":"Salomon Velocity run belt - Accesorios para correr - MioMioRun","og_description":"Cintur\u00f3n para correr con bolsillo impermeable y antivibraci\u00f3n, dise\u00f1ado para llevar el smartphone de forma segura mientras corres.","og_url":"https:\/\/www.miomiorun.com\/es\/producto\/velocity-run-belt\/","og_site_name":"MioMioRun","article_publisher":"https:\/\/www.facebook.com\/miomiorun\/","article_modified_time":"2026-05-14T14:33:36+00:00","og_image":[{"width":720,"height":720,"url":"https:\/\/www.miomiorun.com\/app\/uploads\/2026\/04\/under-armor-Velocity-run-belt-black-1388914-0003.webp","type":"image\/webp"}],"twitter_card":"summary_large_image","schema":{"@context":"https:\/\/schema.org","@graph":[{"@type":"WebPage","@id":"https:\/\/www.miomiorun.com\/es\/producto\/velocity-run-belt\/","url":"https:\/\/www.miomiorun.com\/es\/producto\/velocity-run-belt\/","name":"Salomon Velocity run belt - Accesorios para correr - MioMioRun","isPartOf":{"@id":"https:\/\/www.miomiorun.com\/es\/#website"},"primaryImageOfPage":{"@id":"https:\/\/www.miomiorun.com\/es\/producto\/velocity-run-belt\/#primaryimage"},"image":{"@id":"https:\/\/www.miomiorun.com\/es\/producto\/velocity-run-belt\/#primaryimage"},"thumbnailUrl":"https:\/\/www.miomiorun.com\/app\/uploads\/2026\/04\/under-armor-Velocity-run-belt-black-1388914-0003.webp","datePublished":"2026-04-16T16:37:54+00:00","dateModified":"2026-05-14T14:33:36+00:00","description":"Cintur\u00f3n para correr con bolsillo impermeable y antivibraci\u00f3n, dise\u00f1ado para llevar el smartphone de forma segura mientras corres.","breadcrumb":{"@id":"https:\/\/www.miomiorun.com\/es\/producto\/velocity-run-belt\/#breadcrumb"},"inLanguage":"es-ES","potentialAction":[{"@type":"ReadAction","target":["https:\/\/www.miomiorun.com\/es\/producto\/velocity-run-belt\/"]}]},{"@type":"ImageObject","inLanguage":"es-ES","@id":"https:\/\/www.miomiorun.com\/es\/producto\/velocity-run-belt\/#primaryimage","url":"https:\/\/www.miomiorun.com\/app\/uploads\/2026\/04\/under-armor-Velocity-run-belt-black-1388914-0003.webp","contentUrl":"https:\/\/www.miomiorun.com\/app\/uploads\/2026\/04\/under-armor-Velocity-run-belt-black-1388914-0003.webp","width":720,"height":720,"caption":"under armor Velocity run belt black 1388914-0003"},{"@type":"BreadcrumbList","@id":"https:\/\/www.miomiorun.com\/es\/producto\/velocity-run-belt\/#breadcrumb","itemListElement":[{"@type":"ListItem","position":1,"name":"Home","item":"https:\/\/www.miomiorun.com\/es\/home-page\/"},{"@type":"ListItem","position":2,"name":"Shop","item":"https:\/\/www.miomiorun.com\/shop\/"},{"@type":"ListItem","position":3,"name":"Velocity run belt"}]},{"@type":"WebSite","@id":"https:\/\/www.miomiorun.com\/es\/#website","url":"https:\/\/www.miomiorun.com\/es\/","name":"MioMioRun","description":"Tienda 100% running y trail","publisher":{"@id":"https:\/\/www.miomiorun.com\/es\/#organization"},"potentialAction":[{"@type":"SearchAction","target":{"@type":"EntryPoint","urlTemplate":"https:\/\/www.miomiorun.com\/es\/?s={search_term_string}"},"query-input":{"@type":"PropertyValueSpecification","valueRequired":true,"valueName":"search_term_string"}}],"inLanguage":"es-ES"},{"@type":"Organization","@id":"https:\/\/www.miomiorun.com\/es\/#organization","name":"MioMio Run","url":"https:\/\/www.miomiorun.com\/es\/","logo":{"@type":"ImageObject","inLanguage":"es-ES","@id":"https:\/\/www.miomiorun.com\/es\/#\/schema\/logo\/image\/","url":"https:\/\/www.miomiorun.com\/app\/uploads\/2019\/12\/logomio.png","contentUrl":"https:\/\/www.miomiorun.com\/app\/uploads\/2019\/12\/logomio.png","width":115,"height":82,"caption":"MioMio Run"},"image":{"@id":"https:\/\/www.miomiorun.com\/es\/#\/schema\/logo\/image\/"},"sameAs":["https:\/\/www.facebook.com\/miomiorun\/","https:\/\/www.instagram.com\/miomiorun\/"]}]}},"_links":{"self":[{"href":"https:\/\/www.miomiorun.com\/es\/wp-json\/wp\/v2\/product\/432662","targetHints":{"allow":["GET"]}}],"collection":[{"href":"https:\/\/www.miomiorun.com\/es\/wp-json\/wp\/v2\/product"}],"about":[{"href":"https:\/\/www.miomiorun.com\/es\/wp-json\/wp\/v2\/types\/product"}],"wp:featuredmedia":[{"embeddable":true,"href":"https:\/\/www.miomiorun.com\/es\/wp-json\/wp\/v2\/media\/432670"}],"wp:attachment":[{"href":"https:\/\/www.miomiorun.com\/es\/wp-json\/wp\/v2\/media?parent=432662"}],"wp:term":[{"taxonomy":"product_brand","embeddable":true,"href":"https:\/\/www.miomiorun.com\/es\/wp-json\/wp\/v2\/product_brand?post=432662"},{"taxonomy":"product_cat","embeddable":true,"href":"https:\/\/www.miomiorun.com\/es\/wp-json\/wp\/v2\/product_cat?post=432662"},{"taxonomy":"product_tag","embeddable":true,"href":"https:\/\/www.miomiorun.com\/es\/wp-json\/wp\/v2\/product_tag?post=432662"}],"curies":[{"name":"wp","href":"https:\/\/api.w.org\/{rel}","templated":true}]}}