{"id":432621,"date":"2026-04-16T18:28:40","date_gmt":"2026-04-16T16:28:40","guid":{"rendered":"https:\/\/www.miomiorun.com\/?post_type=product&#038;p=432621"},"modified":"2026-05-14T16:35:16","modified_gmt":"2026-05-14T14:35:16","slug":"launch-half-tight-hombre","status":"publish","type":"product","link":"https:\/\/www.miomiorun.com\/es\/producto\/launch-half-tight-hombre\/","title":{"rendered":"Launch half tight hombre"},"content":{"rendered":"<section class=\"text-token-text-primary w-full focus:outline-none [--shadow-height:45px] has-data-writing-block:pointer-events-none has-data-writing-block:-mt-(--shadow-height) has-data-writing-block:pt-(--shadow-height) [&amp;:has([data-writing-block])&gt;*]:pointer-events-auto scroll-mt-(--header-height)\" dir=\"auto\" data-turn-id=\"42d9701e-eade-47a9-bc2a-e6ab99a91065\" data-testid=\"conversation-turn-67\" data-scroll-anchor=\"false\" data-turn=\"user\">\n<div class=\"text-base my-auto mx-auto pt-12 [--thread-content-margin:var(--thread-content-margin-xs,calc(var(--spacing)*4))] @w-sm\/main:[--thread-content-margin:var(--thread-content-margin-sm,calc(var(--spacing)*6))] @w-lg\/main:[--thread-content-margin:var(--thread-content-margin-lg,calc(var(--spacing)*16))] px-(--thread-content-margin)\">\n<div class=\"[--thread-content-max-width:40rem] @w-lg\/main:[--thread-content-max-width:48rem] mx-auto max-w-(--thread-content-max-width) flex-1 group\/turn-messages focus-visible:outline-hidden relative flex w-full min-w-0 flex-col\">\n<div class=\"z-0 flex justify-end\">Las mallas est\u00e1n dise\u00f1adas para ofrecer un ajuste ce\u00f1ido pero c\u00f3modo, perfecto para acompa\u00f1arte en cada movimiento. El tejido suave y de secado r\u00e1pido realza la silueta al tiempo que garantiza sujeci\u00f3n y transpirabilidad. La estructura del material garantiza una cobertura y una comodidad \u00f3ptimas, mientras que la elasticidad en 4 direcciones mejora la libertad de movimiento. La cintura el\u00e1stica con cord\u00f3n interno permite un ajuste preciso, mientras que los bolsillos internos y los detalles reflectantes completan la prenda, haci\u00e9ndola pr\u00e1ctica y funcional incluso en condiciones de poca luz. La tecnolog\u00eda antiolor ayuda a mantener una sensaci\u00f3n de frescor durante m\u00e1s tiempo.<\/div>\n<\/div>\n<\/div>\n<\/section>\n<section class=\"text-token-text-primary w-full focus:outline-none [--shadow-height:45px] has-data-writing-block:pointer-events-none has-data-writing-block:-mt-(--shadow-height) has-data-writing-block:pt-(--shadow-height) [&amp;:has([data-writing-block])&gt;*]:pointer-events-auto scroll-mt-[calc(var(--header-height)+min(200px,max(70px,20svh)))]\" dir=\"auto\" data-turn-id=\"request-69dfb6f1-5f88-8389-850d-293d733da817-22\" data-testid=\"conversation-turn-68\" data-scroll-anchor=\"true\" data-turn=\"assistant\">\n<div class=\"text-base my-auto mx-auto pb-10 [--thread-content-margin:var(--thread-content-margin-xs,calc(var(--spacing)*4))] @w-sm\/main:[--thread-content-margin:var(--thread-content-margin-sm,calc(var(--spacing)*6))] @w-lg\/main:[--thread-content-margin:var(--thread-content-margin-lg,calc(var(--spacing)*16))] px-(--thread-content-margin)\">\n<div class=\"[--thread-content-max-width:40rem] @w-lg\/main:[--thread-content-max-width:48rem] mx-auto max-w-(--thread-content-max-width) flex-1 group\/turn-messages focus-visible:outline-hidden relative flex w-full min-w-0 flex-col agent-turn\">\n<div class=\"flex max-w-full flex-col gap-4 grow\">\n<div class=\"min-h-8 text-message relative flex w-full flex-col items-end gap-2 text-start break-words whitespace-normal outline-none keyboard-focused:focus-ring [.text-message+&amp;]:mt-1\" dir=\"auto\" data-message-author-role=\"assistant\" data-message-id=\"cc783cdd-4ce1-495d-bd39-12b258817a9d\" data-message-model-slug=\"gpt-5-3\" data-turn-start-message=\"true\">\n<div class=\"flex w-full flex-col gap-1 empty:hidden\">\n<div class=\"markdown prose dark:prose-invert w-full wrap-break-word light markdown-new-styling\">\n<ul data-start=\"705\" data-end=\"956\">\n<li data-section-id=\"1bapego\" data-start=\"705\" data-end=\"760\">Tejido suave, transpirable y de secado r\u00e1pido<\/li>\n<li data-section-id=\"1k9rntr\" data-start=\"761\" data-end=\"810\">Elasticidad 4-way stretch para una m\u00e1xima movilidad<\/li>\n<li data-section-id=\"grv9wx\" data-start=\"811\" data-end=\"853\">Cintura con cord\u00f3n ajustable<\/li>\n<li data-section-id=\"h1i134\" data-start=\"854\" data-end=\"890\">Dos bolsillos interiores para guardar objetos<\/li>\n<li data-section-id=\"1849io3\" data-start=\"891\" data-end=\"930\">Detalles reflectantes para mayor visibilidad<\/li>\n<li data-section-id=\"gpwg7v\" data-start=\"931\" data-end=\"956\">Tecnolog\u00eda antiolor<\/li>\n<\/ul>\n<\/div>\n<\/div>\n<\/div>\n<\/div>\n<\/div>\n<\/div>\n<\/section>\n","protected":false},"excerpt":{"rendered":"<ul>\n<li data-section-id=\"1xi5cp8\" data-start=\"1181\" data-end=\"1255\"><strong data-start=\"1183\" data-end=\"1206\">Sujeci\u00f3n y comodidad:<\/strong> tejido suave que sujeta sin oprimir<\/li>\n<li data-section-id=\"z69kek\" data-start=\"1256\" data-end=\"1329\"><strong data-start=\"1258\" data-end=\"1278\">M\u00e1xima libertad:<\/strong> elasticidad en 4 direcciones para movimientos naturales<\/li>\n<li data-section-id=\"133rr72\" data-start=\"1330\" data-end=\"1419\" data-is-last-node=\"\"><strong data-start=\"1332\" data-end=\"1358\">Funcionalidad completa:<\/strong> bolsillos internos, detalles reflectantes y tecnolog\u00eda antiolor<\/li>\n<\/ul>\n","protected":false},"featured_media":382158,"template":"","meta":{"_acf_changed":false,"inline_featured_image":false},"product_brand":[],"product_cat":[24457,24463],"product_tag":[23529,23573],"class_list":{"0":"post-432621","1":"product","2":"type-product","3":"status-publish","4":"has-post-thumbnail","6":"product_cat-pantalones-cortos-es-2","7":"product_cat-ropa-de-hombre-es","8":"product_tag-under-armour-es","9":"product_tag-under-armour-hombre","10":"pa_attivita-fitness-es","11":"pa_attivita-running-es","12":"pa_colore-launch-half-tight-black","13":"pa_marca-under-armour-es","14":"pa_sesso-hombre","15":"pa_size-small-es","16":"pa_size-medium-es","17":"pa_size-large-es","18":"pa_size-extra-large-es","20":"first","21":"instock","22":"sale","23":"taxable","24":"shipping-taxable","25":"purchasable","26":"product-type-variable","27":"wvs-archive-product-wrapper"},"acf":[],"yoast_head":"<!-- This site is optimized with the Yoast SEO plugin v26.8 - https:\/\/yoast.com\/product\/yoast-seo-wordpress\/ -->\n<title>Under Armour Launch half tight hombre -pantalones cortos para hombre - MioMioRun<\/title>\n<meta name=\"description\" content=\"Mallas t\u00e9cnicas ajustadas y c\u00f3modas, ideales para garantizar sujeci\u00f3n, transpirabilidad y libertad de movimiento durante la pr\u00e1ctica deportiva.\" \/>\n<meta name=\"robots\" content=\"index, follow, max-snippet:-1, max-image-preview:large, max-video-preview:-1\" \/>\n<link rel=\"canonical\" href=\"https:\/\/www.miomiorun.com\/es\/producto\/launch-half-tight-hombre\/\" \/>\n<meta property=\"og:locale\" content=\"es_ES\" \/>\n<meta property=\"og:type\" content=\"article\" \/>\n<meta property=\"og:title\" content=\"Under Armour Launch half tight hombre -pantalones cortos para hombre - MioMioRun\" \/>\n<meta property=\"og:description\" content=\"Mallas t\u00e9cnicas ajustadas y c\u00f3modas, ideales para garantizar sujeci\u00f3n, transpirabilidad y libertad de movimiento durante la pr\u00e1ctica deportiva.\" \/>\n<meta property=\"og:url\" content=\"https:\/\/www.miomiorun.com\/es\/producto\/launch-half-tight-hombre\/\" \/>\n<meta property=\"og:site_name\" content=\"MioMioRun\" \/>\n<meta property=\"article:publisher\" content=\"https:\/\/www.facebook.com\/miomiorun\/\" \/>\n<meta property=\"article:modified_time\" content=\"2026-05-14T14:35:16+00:00\" \/>\n<meta property=\"og:image\" content=\"https:\/\/www.miomiorun.com\/app\/uploads\/2025\/12\/under-armour-Launch-5in1-shorts-black-1382640-0001.webp\" \/>\n\t<meta property=\"og:image:width\" content=\"720\" \/>\n\t<meta property=\"og:image:height\" content=\"720\" \/>\n\t<meta property=\"og:image:type\" content=\"image\/webp\" \/>\n<meta name=\"twitter:card\" content=\"summary_large_image\" \/>\n<meta name=\"twitter:label1\" content=\"Est. reading time\" \/>\n\t<meta name=\"twitter:data1\" content=\"1 minute\" \/>\n<script type=\"application\/ld+json\" class=\"yoast-schema-graph\">{\"@context\":\"https:\/\/schema.org\",\"@graph\":[{\"@type\":\"WebPage\",\"@id\":\"https:\/\/www.miomiorun.com\/es\/producto\/launch-half-tight-hombre\/\",\"url\":\"https:\/\/www.miomiorun.com\/es\/producto\/launch-half-tight-hombre\/\",\"name\":\"Under Armour Launch half tight hombre -pantalones cortos para hombre - MioMioRun\",\"isPartOf\":{\"@id\":\"https:\/\/www.miomiorun.com\/es\/#website\"},\"primaryImageOfPage\":{\"@id\":\"https:\/\/www.miomiorun.com\/es\/producto\/launch-half-tight-hombre\/#primaryimage\"},\"image\":{\"@id\":\"https:\/\/www.miomiorun.com\/es\/producto\/launch-half-tight-hombre\/#primaryimage\"},\"thumbnailUrl\":\"https:\/\/www.miomiorun.com\/app\/uploads\/2025\/12\/under-armour-Launch-5in1-shorts-black-1382640-0001.webp\",\"datePublished\":\"2026-04-16T16:28:40+00:00\",\"dateModified\":\"2026-05-14T14:35:16+00:00\",\"description\":\"Mallas t\u00e9cnicas ajustadas y c\u00f3modas, ideales para garantizar sujeci\u00f3n, transpirabilidad y libertad de movimiento durante la pr\u00e1ctica deportiva.\",\"breadcrumb\":{\"@id\":\"https:\/\/www.miomiorun.com\/es\/producto\/launch-half-tight-hombre\/#breadcrumb\"},\"inLanguage\":\"es-ES\",\"potentialAction\":[{\"@type\":\"ReadAction\",\"target\":[\"https:\/\/www.miomiorun.com\/es\/producto\/launch-half-tight-hombre\/\"]}]},{\"@type\":\"ImageObject\",\"inLanguage\":\"es-ES\",\"@id\":\"https:\/\/www.miomiorun.com\/es\/producto\/launch-half-tight-hombre\/#primaryimage\",\"url\":\"https:\/\/www.miomiorun.com\/app\/uploads\/2025\/12\/under-armour-Launch-5in1-shorts-black-1382640-0001.webp\",\"contentUrl\":\"https:\/\/www.miomiorun.com\/app\/uploads\/2025\/12\/under-armour-Launch-5in1-shorts-black-1382640-0001.webp\",\"width\":720,\"height\":720,\"caption\":\"under armour Launch 5in1 shorts black 1382640-0001\"},{\"@type\":\"BreadcrumbList\",\"@id\":\"https:\/\/www.miomiorun.com\/es\/producto\/launch-half-tight-hombre\/#breadcrumb\",\"itemListElement\":[{\"@type\":\"ListItem\",\"position\":1,\"name\":\"Home\",\"item\":\"https:\/\/www.miomiorun.com\/es\/home-page\/\"},{\"@type\":\"ListItem\",\"position\":2,\"name\":\"Shop\",\"item\":\"https:\/\/www.miomiorun.com\/shop\/\"},{\"@type\":\"ListItem\",\"position\":3,\"name\":\"Launch half tight hombre\"}]},{\"@type\":\"WebSite\",\"@id\":\"https:\/\/www.miomiorun.com\/es\/#website\",\"url\":\"https:\/\/www.miomiorun.com\/es\/\",\"name\":\"MioMioRun\",\"description\":\"Tienda 100% running y trail\",\"publisher\":{\"@id\":\"https:\/\/www.miomiorun.com\/es\/#organization\"},\"potentialAction\":[{\"@type\":\"SearchAction\",\"target\":{\"@type\":\"EntryPoint\",\"urlTemplate\":\"https:\/\/www.miomiorun.com\/es\/?s={search_term_string}\"},\"query-input\":{\"@type\":\"PropertyValueSpecification\",\"valueRequired\":true,\"valueName\":\"search_term_string\"}}],\"inLanguage\":\"es-ES\"},{\"@type\":\"Organization\",\"@id\":\"https:\/\/www.miomiorun.com\/es\/#organization\",\"name\":\"MioMio Run\",\"url\":\"https:\/\/www.miomiorun.com\/es\/\",\"logo\":{\"@type\":\"ImageObject\",\"inLanguage\":\"es-ES\",\"@id\":\"https:\/\/www.miomiorun.com\/es\/#\/schema\/logo\/image\/\",\"url\":\"https:\/\/www.miomiorun.com\/app\/uploads\/2019\/12\/logomio.png\",\"contentUrl\":\"https:\/\/www.miomiorun.com\/app\/uploads\/2019\/12\/logomio.png\",\"width\":115,\"height\":82,\"caption\":\"MioMio Run\"},\"image\":{\"@id\":\"https:\/\/www.miomiorun.com\/es\/#\/schema\/logo\/image\/\"},\"sameAs\":[\"https:\/\/www.facebook.com\/miomiorun\/\",\"https:\/\/www.instagram.com\/miomiorun\/\"]}]}<\/script>\n<!-- \/ Yoast SEO plugin. -->","yoast_head_json":{"title":"Under Armour Launch half tight hombre -pantalones cortos para hombre - MioMioRun","description":"Mallas t\u00e9cnicas ajustadas y c\u00f3modas, ideales para garantizar sujeci\u00f3n, transpirabilidad y libertad de movimiento durante la pr\u00e1ctica deportiva.","robots":{"index":"index","follow":"follow","max-snippet":"max-snippet:-1","max-image-preview":"max-image-preview:large","max-video-preview":"max-video-preview:-1"},"canonical":"https:\/\/www.miomiorun.com\/es\/producto\/launch-half-tight-hombre\/","og_locale":"es_ES","og_type":"article","og_title":"Under Armour Launch half tight hombre -pantalones cortos para hombre - MioMioRun","og_description":"Mallas t\u00e9cnicas ajustadas y c\u00f3modas, ideales para garantizar sujeci\u00f3n, transpirabilidad y libertad de movimiento durante la pr\u00e1ctica deportiva.","og_url":"https:\/\/www.miomiorun.com\/es\/producto\/launch-half-tight-hombre\/","og_site_name":"MioMioRun","article_publisher":"https:\/\/www.facebook.com\/miomiorun\/","article_modified_time":"2026-05-14T14:35:16+00:00","og_image":[{"width":720,"height":720,"url":"https:\/\/www.miomiorun.com\/app\/uploads\/2025\/12\/under-armour-Launch-5in1-shorts-black-1382640-0001.webp","type":"image\/webp"}],"twitter_card":"summary_large_image","twitter_misc":{"Est. reading time":"1 minute"},"schema":{"@context":"https:\/\/schema.org","@graph":[{"@type":"WebPage","@id":"https:\/\/www.miomiorun.com\/es\/producto\/launch-half-tight-hombre\/","url":"https:\/\/www.miomiorun.com\/es\/producto\/launch-half-tight-hombre\/","name":"Under Armour Launch half tight hombre -pantalones cortos para hombre - MioMioRun","isPartOf":{"@id":"https:\/\/www.miomiorun.com\/es\/#website"},"primaryImageOfPage":{"@id":"https:\/\/www.miomiorun.com\/es\/producto\/launch-half-tight-hombre\/#primaryimage"},"image":{"@id":"https:\/\/www.miomiorun.com\/es\/producto\/launch-half-tight-hombre\/#primaryimage"},"thumbnailUrl":"https:\/\/www.miomiorun.com\/app\/uploads\/2025\/12\/under-armour-Launch-5in1-shorts-black-1382640-0001.webp","datePublished":"2026-04-16T16:28:40+00:00","dateModified":"2026-05-14T14:35:16+00:00","description":"Mallas t\u00e9cnicas ajustadas y c\u00f3modas, ideales para garantizar sujeci\u00f3n, transpirabilidad y libertad de movimiento durante la pr\u00e1ctica deportiva.","breadcrumb":{"@id":"https:\/\/www.miomiorun.com\/es\/producto\/launch-half-tight-hombre\/#breadcrumb"},"inLanguage":"es-ES","potentialAction":[{"@type":"ReadAction","target":["https:\/\/www.miomiorun.com\/es\/producto\/launch-half-tight-hombre\/"]}]},{"@type":"ImageObject","inLanguage":"es-ES","@id":"https:\/\/www.miomiorun.com\/es\/producto\/launch-half-tight-hombre\/#primaryimage","url":"https:\/\/www.miomiorun.com\/app\/uploads\/2025\/12\/under-armour-Launch-5in1-shorts-black-1382640-0001.webp","contentUrl":"https:\/\/www.miomiorun.com\/app\/uploads\/2025\/12\/under-armour-Launch-5in1-shorts-black-1382640-0001.webp","width":720,"height":720,"caption":"under armour Launch 5in1 shorts black 1382640-0001"},{"@type":"BreadcrumbList","@id":"https:\/\/www.miomiorun.com\/es\/producto\/launch-half-tight-hombre\/#breadcrumb","itemListElement":[{"@type":"ListItem","position":1,"name":"Home","item":"https:\/\/www.miomiorun.com\/es\/home-page\/"},{"@type":"ListItem","position":2,"name":"Shop","item":"https:\/\/www.miomiorun.com\/shop\/"},{"@type":"ListItem","position":3,"name":"Launch half tight hombre"}]},{"@type":"WebSite","@id":"https:\/\/www.miomiorun.com\/es\/#website","url":"https:\/\/www.miomiorun.com\/es\/","name":"MioMioRun","description":"Tienda 100% running y trail","publisher":{"@id":"https:\/\/www.miomiorun.com\/es\/#organization"},"potentialAction":[{"@type":"SearchAction","target":{"@type":"EntryPoint","urlTemplate":"https:\/\/www.miomiorun.com\/es\/?s={search_term_string}"},"query-input":{"@type":"PropertyValueSpecification","valueRequired":true,"valueName":"search_term_string"}}],"inLanguage":"es-ES"},{"@type":"Organization","@id":"https:\/\/www.miomiorun.com\/es\/#organization","name":"MioMio Run","url":"https:\/\/www.miomiorun.com\/es\/","logo":{"@type":"ImageObject","inLanguage":"es-ES","@id":"https:\/\/www.miomiorun.com\/es\/#\/schema\/logo\/image\/","url":"https:\/\/www.miomiorun.com\/app\/uploads\/2019\/12\/logomio.png","contentUrl":"https:\/\/www.miomiorun.com\/app\/uploads\/2019\/12\/logomio.png","width":115,"height":82,"caption":"MioMio Run"},"image":{"@id":"https:\/\/www.miomiorun.com\/es\/#\/schema\/logo\/image\/"},"sameAs":["https:\/\/www.facebook.com\/miomiorun\/","https:\/\/www.instagram.com\/miomiorun\/"]}]}},"_links":{"self":[{"href":"https:\/\/www.miomiorun.com\/es\/wp-json\/wp\/v2\/product\/432621","targetHints":{"allow":["GET"]}}],"collection":[{"href":"https:\/\/www.miomiorun.com\/es\/wp-json\/wp\/v2\/product"}],"about":[{"href":"https:\/\/www.miomiorun.com\/es\/wp-json\/wp\/v2\/types\/product"}],"wp:featuredmedia":[{"embeddable":true,"href":"https:\/\/www.miomiorun.com\/es\/wp-json\/wp\/v2\/media\/382158"}],"wp:attachment":[{"href":"https:\/\/www.miomiorun.com\/es\/wp-json\/wp\/v2\/media?parent=432621"}],"wp:term":[{"taxonomy":"product_brand","embeddable":true,"href":"https:\/\/www.miomiorun.com\/es\/wp-json\/wp\/v2\/product_brand?post=432621"},{"taxonomy":"product_cat","embeddable":true,"href":"https:\/\/www.miomiorun.com\/es\/wp-json\/wp\/v2\/product_cat?post=432621"},{"taxonomy":"product_tag","embeddable":true,"href":"https:\/\/www.miomiorun.com\/es\/wp-json\/wp\/v2\/product_tag?post=432621"}],"curies":[{"name":"wp","href":"https:\/\/api.w.org\/{rel}","templated":true}]}}