{"id":423941,"date":"2026-04-01T18:24:58","date_gmt":"2026-04-01T16:24:58","guid":{"rendered":"https:\/\/www.miomiorun.com\/?post_type=product&#038;p=423941"},"modified":"2026-04-16T18:28:54","modified_gmt":"2026-04-16T16:28:54","slug":"aero-glide-4-grvl-mujer-copia","status":"publish","type":"product","link":"https:\/\/www.miomiorun.com\/es\/producto\/aero-glide-4-grvl-mujer-copia\/","title":{"rendered":"Aero Glide 4 GRVL mujer"},"content":{"rendered":"<table style=\"border-collapse: collapse;width: 100%\">\n<tbody>\n<tr>\n<td style=\"vertical-align: top\">\n<h4>Especificaciones t\u00e9cnicas<\/h4>\n<p>Categor\u00eda: Amortiguaci\u00f3n superior<\/p>\n<p>Peso: 235 g<\/p>\n<p>Drop: 8 mm<\/p>\n<p>Ideal para: corredores que buscan una combinaci\u00f3n de amortiguaci\u00f3n reactiva, protecci\u00f3n del pie y comodidad excepcional<br \/>\n<a href=\"https:\/\/miomiorun.com\/guida-alle-specifiche-tecniche\/\">Gu\u00eda de especificaciones t\u00e9cnicas<\/a><\/td>\n<td style=\"vertical-align: top\">\n<p data-start=\"177\" data-end=\"794\">Las Aero Glide 3 GRVL llevan tus carreras por asfalto y terreno a un nivel superior gracias a una <strong data-start=\"272\" data-end=\"299\">amortiguaci\u00f3n m\u00e1xima<\/strong>, una comodidad radical y un ajuste preciso y envolvente. Dise\u00f1ada para zancadas din\u00e1micas y con efecto rebote, esta zapatilla de entrenamiento diario est\u00e1 construida sobre una suela de espuma <strong data-start=\"493\" data-end=\"512\">Energy Foam evo<\/strong> de gran altura, que combina ligereza, reactividad y una amortiguaci\u00f3n de alto nivel. El dise\u00f1o sin costuras de la parte superior, junto con el forro interior <strong data-start=\"651\" data-end=\"663\">EndoFit\u2122<\/strong> y el sistema <strong data-start=\"677\" data-end=\"690\">SensiFit\u2122<\/strong>, mantiene el pie estable, seguro y perfectamente alineado desde la entresuela hasta el empeine.<\/p>\n<p data-start=\"796\" data-end=\"1195\">La suela <strong data-start=\"805\" data-end=\"834\">Gravel Running Contagrip\u00ae<\/strong> con tacos en forma de chevron garantiza una tracci\u00f3n \u00f3ptima y un agarre multidireccional en terrenos blandos como el barro, la grava o la tierra suelta, sin renunciar a la seguridad en superficies duras. La geometr\u00eda <strong data-start=\"1034\" data-end=\"1052\">Reverse Camber<\/strong>, inspirada en las tecnolog\u00edas del esqu\u00ed, proporciona la sensaci\u00f3n de \u00abflotar\u00bb sobre el terreno y favorece transiciones fluidas y naturales en cada paso.<\/p>\n<p data-start=\"1197\" data-end=\"1548\">La comodidad se ve a\u00fan m\u00e1s mejorada gracias a la <strong data-start=\"1241\" data-end=\"1274\">parte superior de malla 3D transpirable<\/strong> y a los detalles reflectantes, mientras que la <strong data-start=\"1313\" data-end=\"1347\">plantilla OrthoLite\u00ae moldeada<\/strong> garantiza amortiguaci\u00f3n, transpirabilidad y durabilidad. Ligera y vers\u00e1til, pesa <strong data-start=\"1435\" data-end=\"1444\">235 g<\/strong> con un drop de <strong data-start=\"1460\" data-end=\"1468\">8 mm<\/strong>, lo que la hace ideal para entrenamientos regulares y carreras de 2 a 3 veces por semana.<\/p>\n<p data-start=\"1550\" data-end=\"1765\">Fabricada con <strong data-start=\"1565\" data-end=\"1588\">materiales reciclados<\/strong>, la Aero Glide 3 GRVL combina un alto rendimiento con la sostenibilidad, lo que la convierte en la elecci\u00f3n perfecta para quienes quieren atreverse con la grava sin renunciar a la seguridad y la comodidad.<\/p>\n<\/td>\n<\/tr>\n<\/tbody>\n<\/table>\n<p>&nbsp;<\/p>\n","protected":false},"excerpt":{"rendered":"<ul>\n<li data-start=\"316\" data-end=\"405\">\n<p data-start=\"318\" data-end=\"405\">Amortiguaci\u00f3n <strong data-start=\"334\" data-end=\"345\">m\u00e1xima<\/strong> con <strong data-start=\"350\" data-end=\"369\">Energy Foam evo<\/strong> para zancadas din\u00e1micas y reactivas.<\/p>\n<\/li>\n<li data-start=\"406\" data-end=\"491\">\n<p data-start=\"408\" data-end=\"491\"><strong data-start=\"408\" data-end=\"426\">Reverse Camber<\/strong>: transiciones fluidas y sensaci\u00f3n de \u00abflotar\u00bb sobre el terreno.<\/p>\n<\/li>\n<li data-start=\"492\" data-end=\"618\">\n<p data-start=\"494\" data-end=\"618\"><strong data-start=\"494\" data-end=\"529\">Suela Gravel Running Contagrip\u00ae<\/strong> con tacos en forma de chevron para un agarre y una tracci\u00f3n multidireccionales sobre terrenos blandos y grava.<\/p>\n<\/li>\n<\/ul>\n","protected":false},"featured_media":424787,"template":"","meta":{"_acf_changed":false,"inline_featured_image":false},"product_brand":[],"product_cat":[24227,24230],"product_tag":[23582,23618],"class_list":{"0":"post-423941","1":"product","2":"type-product","3":"status-publish","4":"has-post-thumbnail","6":"product_cat-calzado-femenino","7":"product_cat-trail-es","8":"product_tag-salomon-es","9":"product_tag-salomon-mujer","10":"pa_attivita-caminar","11":"pa_attivita-running-es","12":"pa_attivita-trail-es","13":"pa_colore-aero-glide-4-grvl-w-vanilla-black-iron","14":"pa_colore-aero-glide-4-grvl-w-vanilla-knocko-black","15":"pa_marca-salomon-es","16":"pa_sesso-mujer","17":"pa_size-36-es","18":"pa_size-37-es","19":"pa_size-38-es","21":"pa_size-39-es","22":"pa_size-40-es","24":"pa_size-41-es","26":"first","27":"instock","28":"sale","29":"taxable","30":"shipping-taxable","31":"purchasable","32":"product-type-variable","33":"wvs-archive-product-wrapper"},"acf":[],"yoast_head":"<!-- This site is optimized with the Yoast SEO plugin v26.8 - https:\/\/yoast.com\/product\/yoast-seo-wordpress\/ -->\n<title>Salomon Aero Glide 4 GRVL mujer - zapatillas de running mujer- MioMioRun<\/title>\n<meta name=\"description\" content=\"Salomon Aero Glide 4 GRVL: m\u00e1xima amortiguaci\u00f3n y excelente agarre para correr por asfalto y caminos de tierra, comodidad y ligereza para los entrenamientos diarios\" \/>\n<meta name=\"robots\" content=\"index, follow, max-snippet:-1, max-image-preview:large, max-video-preview:-1\" \/>\n<link rel=\"canonical\" href=\"https:\/\/www.miomiorun.com\/es\/producto\/aero-glide-4-grvl-mujer-copia\/\" \/>\n<meta property=\"og:locale\" content=\"es_ES\" \/>\n<meta property=\"og:type\" content=\"article\" \/>\n<meta property=\"og:title\" content=\"Salomon Aero Glide 4 GRVL mujer - zapatillas de running mujer- MioMioRun\" \/>\n<meta property=\"og:description\" content=\"Salomon Aero Glide 4 GRVL: m\u00e1xima amortiguaci\u00f3n y excelente agarre para correr por asfalto y caminos de tierra, comodidad y ligereza para los entrenamientos diarios\" \/>\n<meta property=\"og:url\" content=\"https:\/\/www.miomiorun.com\/es\/producto\/aero-glide-4-grvl-mujer-copia\/\" \/>\n<meta property=\"og:site_name\" content=\"MioMioRun\" \/>\n<meta property=\"article:publisher\" content=\"https:\/\/www.facebook.com\/miomiorun\/\" \/>\n<meta property=\"article:modified_time\" content=\"2026-04-16T16:28:54+00:00\" \/>\n<meta property=\"og:image\" content=\"https:\/\/www.miomiorun.com\/app\/uploads\/2026\/04\/salomon-Aero-Glide-4-GRVL-W-vanilla-knocko-black-L49175400.webp\" \/>\n\t<meta property=\"og:image:width\" content=\"720\" \/>\n\t<meta property=\"og:image:height\" content=\"720\" \/>\n\t<meta property=\"og:image:type\" content=\"image\/webp\" \/>\n<meta name=\"twitter:card\" content=\"summary_large_image\" \/>\n<meta name=\"twitter:label1\" content=\"Est. reading time\" \/>\n\t<meta name=\"twitter:data1\" content=\"2 minutes\" \/>\n<script type=\"application\/ld+json\" class=\"yoast-schema-graph\">{\"@context\":\"https:\/\/schema.org\",\"@graph\":[{\"@type\":\"WebPage\",\"@id\":\"https:\/\/www.miomiorun.com\/es\/producto\/aero-glide-4-grvl-mujer-copia\/\",\"url\":\"https:\/\/www.miomiorun.com\/es\/producto\/aero-glide-4-grvl-mujer-copia\/\",\"name\":\"Salomon Aero Glide 4 GRVL mujer - zapatillas de running mujer- MioMioRun\",\"isPartOf\":{\"@id\":\"https:\/\/www.miomiorun.com\/es\/#website\"},\"primaryImageOfPage\":{\"@id\":\"https:\/\/www.miomiorun.com\/es\/producto\/aero-glide-4-grvl-mujer-copia\/#primaryimage\"},\"image\":{\"@id\":\"https:\/\/www.miomiorun.com\/es\/producto\/aero-glide-4-grvl-mujer-copia\/#primaryimage\"},\"thumbnailUrl\":\"https:\/\/www.miomiorun.com\/app\/uploads\/2026\/04\/salomon-Aero-Glide-4-GRVL-W-vanilla-knocko-black-L49175400.webp\",\"datePublished\":\"2026-04-01T16:24:58+00:00\",\"dateModified\":\"2026-04-16T16:28:54+00:00\",\"description\":\"Salomon Aero Glide 4 GRVL: m\u00e1xima amortiguaci\u00f3n y excelente agarre para correr por asfalto y caminos de tierra, comodidad y ligereza para los entrenamientos diarios\",\"breadcrumb\":{\"@id\":\"https:\/\/www.miomiorun.com\/es\/producto\/aero-glide-4-grvl-mujer-copia\/#breadcrumb\"},\"inLanguage\":\"es-ES\",\"potentialAction\":[{\"@type\":\"ReadAction\",\"target\":[\"https:\/\/www.miomiorun.com\/es\/producto\/aero-glide-4-grvl-mujer-copia\/\"]}]},{\"@type\":\"ImageObject\",\"inLanguage\":\"es-ES\",\"@id\":\"https:\/\/www.miomiorun.com\/es\/producto\/aero-glide-4-grvl-mujer-copia\/#primaryimage\",\"url\":\"https:\/\/www.miomiorun.com\/app\/uploads\/2026\/04\/salomon-Aero-Glide-4-GRVL-W-vanilla-knocko-black-L49175400.webp\",\"contentUrl\":\"https:\/\/www.miomiorun.com\/app\/uploads\/2026\/04\/salomon-Aero-Glide-4-GRVL-W-vanilla-knocko-black-L49175400.webp\",\"width\":720,\"height\":720,\"caption\":\"salomon Aero Glide 4 GRVL W vanilla knocko black L49175400\"},{\"@type\":\"BreadcrumbList\",\"@id\":\"https:\/\/www.miomiorun.com\/es\/producto\/aero-glide-4-grvl-mujer-copia\/#breadcrumb\",\"itemListElement\":[{\"@type\":\"ListItem\",\"position\":1,\"name\":\"Home\",\"item\":\"https:\/\/www.miomiorun.com\/es\/\"},{\"@type\":\"ListItem\",\"position\":2,\"name\":\"Shop\",\"item\":\"https:\/\/www.miomiorun.com\/shop\/\"},{\"@type\":\"ListItem\",\"position\":3,\"name\":\"Aero Glide 4 GRVL mujer\"}]},{\"@type\":\"WebSite\",\"@id\":\"https:\/\/www.miomiorun.com\/es\/#website\",\"url\":\"https:\/\/www.miomiorun.com\/es\/\",\"name\":\"MioMioRun\",\"description\":\"Tienda 100% running y trail\",\"publisher\":{\"@id\":\"https:\/\/www.miomiorun.com\/es\/#organization\"},\"potentialAction\":[{\"@type\":\"SearchAction\",\"target\":{\"@type\":\"EntryPoint\",\"urlTemplate\":\"https:\/\/www.miomiorun.com\/es\/?s={search_term_string}\"},\"query-input\":{\"@type\":\"PropertyValueSpecification\",\"valueRequired\":true,\"valueName\":\"search_term_string\"}}],\"inLanguage\":\"es-ES\"},{\"@type\":\"Organization\",\"@id\":\"https:\/\/www.miomiorun.com\/es\/#organization\",\"name\":\"MioMio Run\",\"url\":\"https:\/\/www.miomiorun.com\/es\/\",\"logo\":{\"@type\":\"ImageObject\",\"inLanguage\":\"es-ES\",\"@id\":\"https:\/\/www.miomiorun.com\/es\/#\/schema\/logo\/image\/\",\"url\":\"https:\/\/www.miomiorun.com\/app\/uploads\/2019\/12\/logomio.png\",\"contentUrl\":\"https:\/\/www.miomiorun.com\/app\/uploads\/2019\/12\/logomio.png\",\"width\":115,\"height\":82,\"caption\":\"MioMio Run\"},\"image\":{\"@id\":\"https:\/\/www.miomiorun.com\/es\/#\/schema\/logo\/image\/\"},\"sameAs\":[\"https:\/\/www.facebook.com\/miomiorun\/\",\"https:\/\/www.instagram.com\/miomiorun\/\"]}]}<\/script>\n<!-- \/ Yoast SEO plugin. -->","yoast_head_json":{"title":"Salomon Aero Glide 4 GRVL mujer - zapatillas de running mujer- MioMioRun","description":"Salomon Aero Glide 4 GRVL: m\u00e1xima amortiguaci\u00f3n y excelente agarre para correr por asfalto y caminos de tierra, comodidad y ligereza para los entrenamientos diarios","robots":{"index":"index","follow":"follow","max-snippet":"max-snippet:-1","max-image-preview":"max-image-preview:large","max-video-preview":"max-video-preview:-1"},"canonical":"https:\/\/www.miomiorun.com\/es\/producto\/aero-glide-4-grvl-mujer-copia\/","og_locale":"es_ES","og_type":"article","og_title":"Salomon Aero Glide 4 GRVL mujer - zapatillas de running mujer- MioMioRun","og_description":"Salomon Aero Glide 4 GRVL: m\u00e1xima amortiguaci\u00f3n y excelente agarre para correr por asfalto y caminos de tierra, comodidad y ligereza para los entrenamientos diarios","og_url":"https:\/\/www.miomiorun.com\/es\/producto\/aero-glide-4-grvl-mujer-copia\/","og_site_name":"MioMioRun","article_publisher":"https:\/\/www.facebook.com\/miomiorun\/","article_modified_time":"2026-04-16T16:28:54+00:00","og_image":[{"width":720,"height":720,"url":"https:\/\/www.miomiorun.com\/app\/uploads\/2026\/04\/salomon-Aero-Glide-4-GRVL-W-vanilla-knocko-black-L49175400.webp","type":"image\/webp"}],"twitter_card":"summary_large_image","twitter_misc":{"Est. reading time":"2 minutes"},"schema":{"@context":"https:\/\/schema.org","@graph":[{"@type":"WebPage","@id":"https:\/\/www.miomiorun.com\/es\/producto\/aero-glide-4-grvl-mujer-copia\/","url":"https:\/\/www.miomiorun.com\/es\/producto\/aero-glide-4-grvl-mujer-copia\/","name":"Salomon Aero Glide 4 GRVL mujer - zapatillas de running mujer- MioMioRun","isPartOf":{"@id":"https:\/\/www.miomiorun.com\/es\/#website"},"primaryImageOfPage":{"@id":"https:\/\/www.miomiorun.com\/es\/producto\/aero-glide-4-grvl-mujer-copia\/#primaryimage"},"image":{"@id":"https:\/\/www.miomiorun.com\/es\/producto\/aero-glide-4-grvl-mujer-copia\/#primaryimage"},"thumbnailUrl":"https:\/\/www.miomiorun.com\/app\/uploads\/2026\/04\/salomon-Aero-Glide-4-GRVL-W-vanilla-knocko-black-L49175400.webp","datePublished":"2026-04-01T16:24:58+00:00","dateModified":"2026-04-16T16:28:54+00:00","description":"Salomon Aero Glide 4 GRVL: m\u00e1xima amortiguaci\u00f3n y excelente agarre para correr por asfalto y caminos de tierra, comodidad y ligereza para los entrenamientos diarios","breadcrumb":{"@id":"https:\/\/www.miomiorun.com\/es\/producto\/aero-glide-4-grvl-mujer-copia\/#breadcrumb"},"inLanguage":"es-ES","potentialAction":[{"@type":"ReadAction","target":["https:\/\/www.miomiorun.com\/es\/producto\/aero-glide-4-grvl-mujer-copia\/"]}]},{"@type":"ImageObject","inLanguage":"es-ES","@id":"https:\/\/www.miomiorun.com\/es\/producto\/aero-glide-4-grvl-mujer-copia\/#primaryimage","url":"https:\/\/www.miomiorun.com\/app\/uploads\/2026\/04\/salomon-Aero-Glide-4-GRVL-W-vanilla-knocko-black-L49175400.webp","contentUrl":"https:\/\/www.miomiorun.com\/app\/uploads\/2026\/04\/salomon-Aero-Glide-4-GRVL-W-vanilla-knocko-black-L49175400.webp","width":720,"height":720,"caption":"salomon Aero Glide 4 GRVL W vanilla knocko black L49175400"},{"@type":"BreadcrumbList","@id":"https:\/\/www.miomiorun.com\/es\/producto\/aero-glide-4-grvl-mujer-copia\/#breadcrumb","itemListElement":[{"@type":"ListItem","position":1,"name":"Home","item":"https:\/\/www.miomiorun.com\/es\/"},{"@type":"ListItem","position":2,"name":"Shop","item":"https:\/\/www.miomiorun.com\/shop\/"},{"@type":"ListItem","position":3,"name":"Aero Glide 4 GRVL mujer"}]},{"@type":"WebSite","@id":"https:\/\/www.miomiorun.com\/es\/#website","url":"https:\/\/www.miomiorun.com\/es\/","name":"MioMioRun","description":"Tienda 100% running y trail","publisher":{"@id":"https:\/\/www.miomiorun.com\/es\/#organization"},"potentialAction":[{"@type":"SearchAction","target":{"@type":"EntryPoint","urlTemplate":"https:\/\/www.miomiorun.com\/es\/?s={search_term_string}"},"query-input":{"@type":"PropertyValueSpecification","valueRequired":true,"valueName":"search_term_string"}}],"inLanguage":"es-ES"},{"@type":"Organization","@id":"https:\/\/www.miomiorun.com\/es\/#organization","name":"MioMio Run","url":"https:\/\/www.miomiorun.com\/es\/","logo":{"@type":"ImageObject","inLanguage":"es-ES","@id":"https:\/\/www.miomiorun.com\/es\/#\/schema\/logo\/image\/","url":"https:\/\/www.miomiorun.com\/app\/uploads\/2019\/12\/logomio.png","contentUrl":"https:\/\/www.miomiorun.com\/app\/uploads\/2019\/12\/logomio.png","width":115,"height":82,"caption":"MioMio Run"},"image":{"@id":"https:\/\/www.miomiorun.com\/es\/#\/schema\/logo\/image\/"},"sameAs":["https:\/\/www.facebook.com\/miomiorun\/","https:\/\/www.instagram.com\/miomiorun\/"]}]}},"_links":{"self":[{"href":"https:\/\/www.miomiorun.com\/es\/wp-json\/wp\/v2\/product\/423941","targetHints":{"allow":["GET"]}}],"collection":[{"href":"https:\/\/www.miomiorun.com\/es\/wp-json\/wp\/v2\/product"}],"about":[{"href":"https:\/\/www.miomiorun.com\/es\/wp-json\/wp\/v2\/types\/product"}],"wp:featuredmedia":[{"embeddable":true,"href":"https:\/\/www.miomiorun.com\/es\/wp-json\/wp\/v2\/media\/424787"}],"wp:attachment":[{"href":"https:\/\/www.miomiorun.com\/es\/wp-json\/wp\/v2\/media?parent=423941"}],"wp:term":[{"taxonomy":"product_brand","embeddable":true,"href":"https:\/\/www.miomiorun.com\/es\/wp-json\/wp\/v2\/product_brand?post=423941"},{"taxonomy":"product_cat","embeddable":true,"href":"https:\/\/www.miomiorun.com\/es\/wp-json\/wp\/v2\/product_cat?post=423941"},{"taxonomy":"product_tag","embeddable":true,"href":"https:\/\/www.miomiorun.com\/es\/wp-json\/wp\/v2\/product_tag?post=423941"}],"curies":[{"name":"wp","href":"https:\/\/api.w.org\/{rel}","templated":true}]}}