{"id":423526,"date":"2026-04-01T10:42:50","date_gmt":"2026-04-01T08:42:50","guid":{"rendered":"https:\/\/www.miomiorun.com\/?post_type=product&#038;p=423526"},"modified":"2026-05-15T19:20:31","modified_gmt":"2026-05-15T17:20:31","slug":"x-ultra-360-edge-gtx-hombre","status":"publish","type":"product","link":"https:\/\/www.miomiorun.com\/es\/producto\/x-ultra-360-edge-gtx-hombre\/","title":{"rendered":"X ULTRA 360 Edge GTX hombre"},"content":{"rendered":"<table style=\"border-collapse: collapse;width: 100%\">\n<tbody>\n<tr>\n<td style=\"width: 33.3333%;vertical-align: top\"><strong>Especificaciones t\u00e9cnicas<\/strong><\/p>\n<p>Categor\u00eda: amortiguaci\u00f3n superior<br \/>\nPeso: 379 g<br \/>\nIdeal para: Excursiones de varios d\u00edas, Senderismo con mochila, Terreno alpino, Terrenos mixtos<br \/>\nPeso del deportista: 60-80 kg<br \/>\nRitmo de carrera: medio-lento (&gt;5,30 min\/km)<\/p>\n<p><a href=\"https:\/\/miomiorun.com\/guida-alle-specifiche-tecniche\/\">Gu\u00eda de especificaciones t\u00e9cnicas<\/a><\/td>\n<td style=\"width: 66.6666%;vertical-align: top\">\n<p data-start=\"26\" data-end=\"358\">La <strong data-start=\"29\" data-end=\"66\">Salomon X Ultra 360 Edge GORE-TEX<\/strong> es una bota de senderismo dise\u00f1ada para quienes disfrutan del aire libre de forma din\u00e1mica, combinando <strong data-start=\"153\" data-end=\"195\">un dise\u00f1o moderno y tecnolog\u00edas probadas<\/strong>. Inspirada en la l\u00ednea X Ultra, conserva los puntos fuertes del modelo y ofrece <strong data-start=\"273\" data-end=\"318\">estabilidad, agarre y protecci\u00f3n impermeable<\/strong> para afrontar diferentes tipos de terreno.<\/p>\n<p data-start=\"360\" data-end=\"736\">La <strong data-start=\"378\" data-end=\"399\">membrana GORE-TEX<\/strong> est\u00e1 dise\u00f1ada para proteger del agua y, al mismo tiempo, mantener una buena transpirabilidad. La entresuela con tecnolog\u00eda <strong data-start=\"520\" data-end=\"534\">EnergyCell<\/strong> ayuda a absorber los impactos al caminar, mientras que el <strong data-start=\"601\" data-end=\"621\">advancedCHASSIS\u2122<\/strong> integrado en la suela est\u00e1 dise\u00f1ado para ofrecer soporte lateral y estabilidad sin limitar la libertad de movimiento.<\/p>\n<p data-start=\"738\" data-end=\"1137\">La suela <strong data-start=\"747\" data-end=\"773\">All Terrain contaGRIP\u00ae<\/strong> est\u00e1 dise\u00f1ada para garantizar el agarre en diferentes superficies, tanto secas como mojadas, mientras que la construcci\u00f3n de la parte superior combina materiales sint\u00e9ticos y textiles para ofrecer resistencia y comodidad. La tecnolog\u00eda <strong data-start=\"971\" data-end=\"984\">sensiFIT\u2122<\/strong> envuelve el pie para un ajuste estable y preciso, respaldado por el sistema de cordones <strong data-start=\"1076\" data-end=\"1090\">quickLACE\u2122<\/strong>, pensado para un ajuste r\u00e1pido y pr\u00e1ctico.<\/p>\n<p data-start=\"1139\" data-end=\"1346\">Completan la zapatilla la <strong data-start=\"1163\" data-end=\"1185\">plantilla OrthoLite\u00ae<\/strong>, dise\u00f1ada para mejorar la amortiguaci\u00f3n y la transpirabilidad, y una estructura de la parte superior soldada que contribuye a una sensaci\u00f3n m\u00e1s uniforme y c\u00f3moda.<\/p>\n<\/td>\n<\/tr>\n<\/tbody>\n<\/table>\n<p>&nbsp;<\/p>\n","protected":false},"excerpt":{"rendered":"<ul>\n<li data-section-id=\"tw6bbh\" data-start=\"1366\" data-end=\"1451\">Membrana <strong data-start=\"1377\" data-end=\"1389\">GORE-TEX<\/strong> para proteger del agua y ofrecer comodidad durante el senderismo<\/li>\n<li data-section-id=\"au5efm\" data-start=\"1452\" data-end=\"1531\">Suela <strong data-start=\"1460\" data-end=\"1486\">All Terrain contaGRIP\u00ae<\/strong> dise\u00f1ada para ofrecer agarre en diferentes terrenos<\/li>\n<li data-section-id=\"9r5pgv\" data-start=\"1532\" data-end=\"1615\">Sistema <strong data-start=\"1542\" data-end=\"1562\">advancedCHASSIS\u2122<\/strong> y <strong data-start=\"1565\" data-end=\"1578\">sensiFIT\u2122<\/strong> para mayor estabilidad y un ajuste envolvente<\/li>\n<\/ul>\n","protected":false},"featured_media":424313,"template":"","meta":{"_acf_changed":false,"inline_featured_image":false},"product_brand":[],"product_cat":[24454,24451],"product_tag":[23582,23615],"class_list":{"0":"post-423526","1":"product","2":"type-product","3":"status-publish","4":"has-post-thumbnail","6":"product_cat-calzado-para-hombre","7":"product_cat-trail-es-3","8":"product_tag-salomon-es","9":"product_tag-salomon-hombre","10":"pa_attivita-outdoor-es","11":"pa_colore-x-ultra-360-edge-gtx-peat-olvnig-endive","12":"pa_marca-salomon-es","13":"pa_sesso-hombre","14":"pa_size-41-es","15":"pa_size-42-es","17":"pa_size-43-es","18":"pa_size-44-es","20":"pa_size-45-es","21":"pa_size-46-es","24":"first","25":"instock","26":"sale","27":"taxable","28":"shipping-taxable","29":"purchasable","30":"product-type-variable","31":"wvs-archive-product-wrapper"},"acf":[],"yoast_head":"<!-- This site is optimized with the Yoast SEO plugin v26.8 - https:\/\/yoast.com\/product\/yoast-seo-wordpress\/ -->\n<title>Salomon X ULTRA 360 Edge GTX hombre - zapatos de senderismo - MioMioRun<\/title>\n<meta name=\"description\" content=\"Zapatillas de senderismo Salomon X Ultra 360 Edge GORE-TEX impermeables, con suela Contagrip y soporte avanzado para excursiones por cualquier terreno.\" \/>\n<meta name=\"robots\" content=\"index, follow, max-snippet:-1, max-image-preview:large, max-video-preview:-1\" \/>\n<link rel=\"canonical\" href=\"https:\/\/www.miomiorun.com\/es\/producto\/x-ultra-360-edge-gtx-hombre\/\" \/>\n<meta property=\"og:locale\" content=\"es_ES\" \/>\n<meta property=\"og:type\" content=\"article\" \/>\n<meta property=\"og:title\" content=\"Salomon X ULTRA 360 Edge GTX hombre - zapatos de senderismo - MioMioRun\" \/>\n<meta property=\"og:description\" content=\"Zapatillas de senderismo Salomon X Ultra 360 Edge GORE-TEX impermeables, con suela Contagrip y soporte avanzado para excursiones por cualquier terreno.\" \/>\n<meta property=\"og:url\" content=\"https:\/\/www.miomiorun.com\/es\/producto\/x-ultra-360-edge-gtx-hombre\/\" \/>\n<meta property=\"og:site_name\" content=\"MioMioRun\" \/>\n<meta property=\"article:publisher\" content=\"https:\/\/www.facebook.com\/miomiorun\/\" \/>\n<meta property=\"article:modified_time\" content=\"2026-05-15T17:20:31+00:00\" \/>\n<meta property=\"og:image\" content=\"https:\/\/www.miomiorun.com\/app\/uploads\/2026\/04\/salomon-X-ULTRA-360-Edge-GTX-peat-olvnig-endive-L49097900.webp\" \/>\n\t<meta property=\"og:image:width\" content=\"720\" \/>\n\t<meta property=\"og:image:height\" content=\"720\" \/>\n\t<meta property=\"og:image:type\" content=\"image\/webp\" \/>\n<meta name=\"twitter:card\" content=\"summary_large_image\" \/>\n<meta name=\"twitter:label1\" content=\"Est. reading time\" \/>\n\t<meta name=\"twitter:data1\" content=\"1 minute\" \/>\n<script type=\"application\/ld+json\" class=\"yoast-schema-graph\">{\"@context\":\"https:\/\/schema.org\",\"@graph\":[{\"@type\":\"WebPage\",\"@id\":\"https:\/\/www.miomiorun.com\/es\/producto\/x-ultra-360-edge-gtx-hombre\/\",\"url\":\"https:\/\/www.miomiorun.com\/es\/producto\/x-ultra-360-edge-gtx-hombre\/\",\"name\":\"Salomon X ULTRA 360 Edge GTX hombre - zapatos de senderismo - MioMioRun\",\"isPartOf\":{\"@id\":\"https:\/\/www.miomiorun.com\/es\/#website\"},\"primaryImageOfPage\":{\"@id\":\"https:\/\/www.miomiorun.com\/es\/producto\/x-ultra-360-edge-gtx-hombre\/#primaryimage\"},\"image\":{\"@id\":\"https:\/\/www.miomiorun.com\/es\/producto\/x-ultra-360-edge-gtx-hombre\/#primaryimage\"},\"thumbnailUrl\":\"https:\/\/www.miomiorun.com\/app\/uploads\/2026\/04\/salomon-X-ULTRA-360-Edge-GTX-peat-olvnig-endive-L49097900.webp\",\"datePublished\":\"2026-04-01T08:42:50+00:00\",\"dateModified\":\"2026-05-15T17:20:31+00:00\",\"description\":\"Zapatillas de senderismo Salomon X Ultra 360 Edge GORE-TEX impermeables, con suela Contagrip y soporte avanzado para excursiones por cualquier terreno.\",\"breadcrumb\":{\"@id\":\"https:\/\/www.miomiorun.com\/es\/producto\/x-ultra-360-edge-gtx-hombre\/#breadcrumb\"},\"inLanguage\":\"es-ES\",\"potentialAction\":[{\"@type\":\"ReadAction\",\"target\":[\"https:\/\/www.miomiorun.com\/es\/producto\/x-ultra-360-edge-gtx-hombre\/\"]}]},{\"@type\":\"ImageObject\",\"inLanguage\":\"es-ES\",\"@id\":\"https:\/\/www.miomiorun.com\/es\/producto\/x-ultra-360-edge-gtx-hombre\/#primaryimage\",\"url\":\"https:\/\/www.miomiorun.com\/app\/uploads\/2026\/04\/salomon-X-ULTRA-360-Edge-GTX-peat-olvnig-endive-L49097900.webp\",\"contentUrl\":\"https:\/\/www.miomiorun.com\/app\/uploads\/2026\/04\/salomon-X-ULTRA-360-Edge-GTX-peat-olvnig-endive-L49097900.webp\",\"width\":720,\"height\":720,\"caption\":\"salomon X ULTRA 360 Edge GTX peat olvnig endive L49097900\"},{\"@type\":\"BreadcrumbList\",\"@id\":\"https:\/\/www.miomiorun.com\/es\/producto\/x-ultra-360-edge-gtx-hombre\/#breadcrumb\",\"itemListElement\":[{\"@type\":\"ListItem\",\"position\":1,\"name\":\"Home\",\"item\":\"https:\/\/www.miomiorun.com\/es\/home-page\/\"},{\"@type\":\"ListItem\",\"position\":2,\"name\":\"Shop\",\"item\":\"https:\/\/www.miomiorun.com\/shop\/\"},{\"@type\":\"ListItem\",\"position\":3,\"name\":\"X ULTRA 360 Edge GTX hombre\"}]},{\"@type\":\"WebSite\",\"@id\":\"https:\/\/www.miomiorun.com\/es\/#website\",\"url\":\"https:\/\/www.miomiorun.com\/es\/\",\"name\":\"MioMioRun\",\"description\":\"Tienda 100% running y trail\",\"publisher\":{\"@id\":\"https:\/\/www.miomiorun.com\/es\/#organization\"},\"potentialAction\":[{\"@type\":\"SearchAction\",\"target\":{\"@type\":\"EntryPoint\",\"urlTemplate\":\"https:\/\/www.miomiorun.com\/es\/?s={search_term_string}\"},\"query-input\":{\"@type\":\"PropertyValueSpecification\",\"valueRequired\":true,\"valueName\":\"search_term_string\"}}],\"inLanguage\":\"es-ES\"},{\"@type\":\"Organization\",\"@id\":\"https:\/\/www.miomiorun.com\/es\/#organization\",\"name\":\"MioMio Run\",\"url\":\"https:\/\/www.miomiorun.com\/es\/\",\"logo\":{\"@type\":\"ImageObject\",\"inLanguage\":\"es-ES\",\"@id\":\"https:\/\/www.miomiorun.com\/es\/#\/schema\/logo\/image\/\",\"url\":\"https:\/\/www.miomiorun.com\/app\/uploads\/2019\/12\/logomio.png\",\"contentUrl\":\"https:\/\/www.miomiorun.com\/app\/uploads\/2019\/12\/logomio.png\",\"width\":115,\"height\":82,\"caption\":\"MioMio Run\"},\"image\":{\"@id\":\"https:\/\/www.miomiorun.com\/es\/#\/schema\/logo\/image\/\"},\"sameAs\":[\"https:\/\/www.facebook.com\/miomiorun\/\",\"https:\/\/www.instagram.com\/miomiorun\/\"]}]}<\/script>\n<!-- \/ Yoast SEO plugin. -->","yoast_head_json":{"title":"Salomon X ULTRA 360 Edge GTX hombre - zapatos de senderismo - MioMioRun","description":"Zapatillas de senderismo Salomon X Ultra 360 Edge GORE-TEX impermeables, con suela Contagrip y soporte avanzado para excursiones por cualquier terreno.","robots":{"index":"index","follow":"follow","max-snippet":"max-snippet:-1","max-image-preview":"max-image-preview:large","max-video-preview":"max-video-preview:-1"},"canonical":"https:\/\/www.miomiorun.com\/es\/producto\/x-ultra-360-edge-gtx-hombre\/","og_locale":"es_ES","og_type":"article","og_title":"Salomon X ULTRA 360 Edge GTX hombre - zapatos de senderismo - MioMioRun","og_description":"Zapatillas de senderismo Salomon X Ultra 360 Edge GORE-TEX impermeables, con suela Contagrip y soporte avanzado para excursiones por cualquier terreno.","og_url":"https:\/\/www.miomiorun.com\/es\/producto\/x-ultra-360-edge-gtx-hombre\/","og_site_name":"MioMioRun","article_publisher":"https:\/\/www.facebook.com\/miomiorun\/","article_modified_time":"2026-05-15T17:20:31+00:00","og_image":[{"width":720,"height":720,"url":"https:\/\/www.miomiorun.com\/app\/uploads\/2026\/04\/salomon-X-ULTRA-360-Edge-GTX-peat-olvnig-endive-L49097900.webp","type":"image\/webp"}],"twitter_card":"summary_large_image","twitter_misc":{"Est. reading time":"1 minute"},"schema":{"@context":"https:\/\/schema.org","@graph":[{"@type":"WebPage","@id":"https:\/\/www.miomiorun.com\/es\/producto\/x-ultra-360-edge-gtx-hombre\/","url":"https:\/\/www.miomiorun.com\/es\/producto\/x-ultra-360-edge-gtx-hombre\/","name":"Salomon X ULTRA 360 Edge GTX hombre - zapatos de senderismo - MioMioRun","isPartOf":{"@id":"https:\/\/www.miomiorun.com\/es\/#website"},"primaryImageOfPage":{"@id":"https:\/\/www.miomiorun.com\/es\/producto\/x-ultra-360-edge-gtx-hombre\/#primaryimage"},"image":{"@id":"https:\/\/www.miomiorun.com\/es\/producto\/x-ultra-360-edge-gtx-hombre\/#primaryimage"},"thumbnailUrl":"https:\/\/www.miomiorun.com\/app\/uploads\/2026\/04\/salomon-X-ULTRA-360-Edge-GTX-peat-olvnig-endive-L49097900.webp","datePublished":"2026-04-01T08:42:50+00:00","dateModified":"2026-05-15T17:20:31+00:00","description":"Zapatillas de senderismo Salomon X Ultra 360 Edge GORE-TEX impermeables, con suela Contagrip y soporte avanzado para excursiones por cualquier terreno.","breadcrumb":{"@id":"https:\/\/www.miomiorun.com\/es\/producto\/x-ultra-360-edge-gtx-hombre\/#breadcrumb"},"inLanguage":"es-ES","potentialAction":[{"@type":"ReadAction","target":["https:\/\/www.miomiorun.com\/es\/producto\/x-ultra-360-edge-gtx-hombre\/"]}]},{"@type":"ImageObject","inLanguage":"es-ES","@id":"https:\/\/www.miomiorun.com\/es\/producto\/x-ultra-360-edge-gtx-hombre\/#primaryimage","url":"https:\/\/www.miomiorun.com\/app\/uploads\/2026\/04\/salomon-X-ULTRA-360-Edge-GTX-peat-olvnig-endive-L49097900.webp","contentUrl":"https:\/\/www.miomiorun.com\/app\/uploads\/2026\/04\/salomon-X-ULTRA-360-Edge-GTX-peat-olvnig-endive-L49097900.webp","width":720,"height":720,"caption":"salomon X ULTRA 360 Edge GTX peat olvnig endive L49097900"},{"@type":"BreadcrumbList","@id":"https:\/\/www.miomiorun.com\/es\/producto\/x-ultra-360-edge-gtx-hombre\/#breadcrumb","itemListElement":[{"@type":"ListItem","position":1,"name":"Home","item":"https:\/\/www.miomiorun.com\/es\/home-page\/"},{"@type":"ListItem","position":2,"name":"Shop","item":"https:\/\/www.miomiorun.com\/shop\/"},{"@type":"ListItem","position":3,"name":"X ULTRA 360 Edge GTX hombre"}]},{"@type":"WebSite","@id":"https:\/\/www.miomiorun.com\/es\/#website","url":"https:\/\/www.miomiorun.com\/es\/","name":"MioMioRun","description":"Tienda 100% running y trail","publisher":{"@id":"https:\/\/www.miomiorun.com\/es\/#organization"},"potentialAction":[{"@type":"SearchAction","target":{"@type":"EntryPoint","urlTemplate":"https:\/\/www.miomiorun.com\/es\/?s={search_term_string}"},"query-input":{"@type":"PropertyValueSpecification","valueRequired":true,"valueName":"search_term_string"}}],"inLanguage":"es-ES"},{"@type":"Organization","@id":"https:\/\/www.miomiorun.com\/es\/#organization","name":"MioMio Run","url":"https:\/\/www.miomiorun.com\/es\/","logo":{"@type":"ImageObject","inLanguage":"es-ES","@id":"https:\/\/www.miomiorun.com\/es\/#\/schema\/logo\/image\/","url":"https:\/\/www.miomiorun.com\/app\/uploads\/2019\/12\/logomio.png","contentUrl":"https:\/\/www.miomiorun.com\/app\/uploads\/2019\/12\/logomio.png","width":115,"height":82,"caption":"MioMio Run"},"image":{"@id":"https:\/\/www.miomiorun.com\/es\/#\/schema\/logo\/image\/"},"sameAs":["https:\/\/www.facebook.com\/miomiorun\/","https:\/\/www.instagram.com\/miomiorun\/"]}]}},"_links":{"self":[{"href":"https:\/\/www.miomiorun.com\/es\/wp-json\/wp\/v2\/product\/423526","targetHints":{"allow":["GET"]}}],"collection":[{"href":"https:\/\/www.miomiorun.com\/es\/wp-json\/wp\/v2\/product"}],"about":[{"href":"https:\/\/www.miomiorun.com\/es\/wp-json\/wp\/v2\/types\/product"}],"wp:featuredmedia":[{"embeddable":true,"href":"https:\/\/www.miomiorun.com\/es\/wp-json\/wp\/v2\/media\/424313"}],"wp:attachment":[{"href":"https:\/\/www.miomiorun.com\/es\/wp-json\/wp\/v2\/media?parent=423526"}],"wp:term":[{"taxonomy":"product_brand","embeddable":true,"href":"https:\/\/www.miomiorun.com\/es\/wp-json\/wp\/v2\/product_brand?post=423526"},{"taxonomy":"product_cat","embeddable":true,"href":"https:\/\/www.miomiorun.com\/es\/wp-json\/wp\/v2\/product_cat?post=423526"},{"taxonomy":"product_tag","embeddable":true,"href":"https:\/\/www.miomiorun.com\/es\/wp-json\/wp\/v2\/product_tag?post=423526"}],"curies":[{"name":"wp","href":"https:\/\/api.w.org\/{rel}","templated":true}]}}