{"id":417375,"date":"2026-03-13T11:35:33","date_gmt":"2026-03-13T10:35:33","guid":{"rendered":"https:\/\/www.miomiorun.com\/?post_type=product&#038;p=417375"},"modified":"2026-05-09T14:10:02","modified_gmt":"2026-05-09T12:10:02","slug":"cadi-mujer","status":"publish","type":"product","link":"https:\/\/www.miomiorun.com\/es\/producto\/cadi-mujer\/","title":{"rendered":"Cad\u00ec mujer"},"content":{"rendered":"<table style=\"border-collapse: collapse;width: 100%\">\n<tbody>\n<tr>\n<td style=\"width: 33.3333%;vertical-align: top\"><strong>Especificaciones t\u00e9cnicas<\/strong><\/p>\n<p>Categor\u00eda: Amortiguaci\u00f3n estructurada<br \/>\nDesnivel: 6 mm<br \/>\nPeso: 230 g<br \/>\nIdeal para: corredores de trail que buscan una zapatilla de alto rendimiento y comodidad en recorridos largos y exigentes.<br \/>\nPeso del deportista: 60-80 kg<br \/>\nRitmo de carrera: medio (5-6 min\/km)<br \/>\n<a href=\"https:\/\/miomiorun.com\/guida-alle-specifiche-tecniche\/\">Gu\u00eda de especificaciones t\u00e9cnicas<\/a><\/td>\n<td style=\"width: 66.6666%;vertical-align: top\">\n<p style=\"text-align: left\" data-start=\"182\" data-end=\"509\">Cad\u00ed nace como una invitaci\u00f3n a vivir el trail con naturalidad. Cuando no hay prisa, cuando no hay competici\u00f3n, cuando el ritmo es el tuyo y el sendero se abre ante ti. Inspirada en las cumbres de la Serra del Cad\u00ed, lugar simb\u00f3lico donde todo comenz\u00f3, para NNormal esta zapatilla representa un punto de encuentro entre la experiencia y la accesibilidad.<\/p>\n<p style=\"text-align: left\" data-start=\"511\" data-end=\"775\">Cad\u00ed es la primera zapatilla concebida para todos los niveles, pensada para acompa\u00f1ar tanto a quienes se inician en el trail como a quienes desean volver a correr por los senderos con esp\u00edritu libre. Un modelo que evoca la esencia del trail running: compartir, naturaleza y movimiento. Compuesta por una suela Vibram, al igual que sus hermanas Tomir y Kjerag, mantiene un agarre seguro y fiable con sus tacos de 4 mm. En cuanto a la parte superior, encontramos un tejido transpirable y ligero.<\/p>\n<\/td>\n<\/tr>\n<\/tbody>\n<\/table>\n<p>&nbsp;<\/p>\n","protected":false},"excerpt":{"rendered":"<ul>\n<li data-start=\"807\" data-end=\"837\">Inspirada en la Serra del Cad\u00ed<\/li>\n<li data-start=\"840\" data-end=\"872\">Dise\u00f1ada para todos los niveles<\/li>\n<li data-start=\"875\" data-end=\"920\">Pensada para disfrutar del trail sin preocupaciones<\/li>\n<\/ul>\n","protected":false},"featured_media":418278,"template":"","meta":{"_acf_changed":false,"inline_featured_image":false},"product_brand":[],"product_cat":[24227,24230],"product_tag":[35740,35960],"class_list":{"0":"post-417375","1":"product","2":"type-product","3":"status-publish","4":"has-post-thumbnail","6":"product_cat-calzado-femenino","7":"product_cat-trail-es","8":"product_tag-nnormal-es","9":"product_tag-nnormal-mujer","10":"pa_attivita-outdoor-es","11":"pa_attivita-trail-es","12":"pa_colore-cadi-w-green","13":"pa_colore-cadi-w-white","14":"pa_marca-nnormal-es","15":"pa_sesso-mujer","16":"pa_size-37-es","17":"pa_size-38-es","19":"pa_size-39-es","20":"pa_size-40-es","22":"pa_size-41-es","23":"pa_size-42-es","26":"first","27":"instock","28":"taxable","29":"shipping-taxable","30":"purchasable","31":"product-type-variable","32":"wvs-archive-product-wrapper"},"acf":[],"yoast_head":"<!-- This site is optimized with the Yoast SEO plugin v26.8 - https:\/\/yoast.com\/product\/yoast-seo-wordpress\/ -->\n<title>NNormal Cad\u00ec mujer - Zapatillas de trail para mujer - MioMioRun .com<\/title>\n<meta name=\"description\" content=\"Cad\u00ed, una zapatilla de trail inspirada en la Serra del Cad\u00ed, dise\u00f1ada para todos los niveles y pensada para disfrutar del trail con naturalidad.\" \/>\n<meta name=\"robots\" content=\"index, follow, max-snippet:-1, max-image-preview:large, max-video-preview:-1\" \/>\n<link rel=\"canonical\" href=\"https:\/\/www.miomiorun.com\/es\/producto\/cadi-mujer\/\" \/>\n<meta property=\"og:locale\" content=\"es_ES\" \/>\n<meta property=\"og:type\" content=\"article\" \/>\n<meta property=\"og:title\" content=\"NNormal Cad\u00ec mujer - Zapatillas de trail para mujer - MioMioRun .com\" \/>\n<meta property=\"og:description\" content=\"Cad\u00ed, una zapatilla de trail inspirada en la Serra del Cad\u00ed, dise\u00f1ada para todos los niveles y pensada para disfrutar del trail con naturalidad.\" \/>\n<meta property=\"og:url\" content=\"https:\/\/www.miomiorun.com\/es\/producto\/cadi-mujer\/\" \/>\n<meta property=\"og:site_name\" content=\"MioMioRun\" \/>\n<meta property=\"article:publisher\" content=\"https:\/\/www.facebook.com\/miomiorun\/\" \/>\n<meta property=\"article:modified_time\" content=\"2026-05-09T12:10:02+00:00\" \/>\n<meta property=\"og:image\" content=\"https:\/\/www.miomiorun.com\/app\/uploads\/2026\/03\/nnormal-Cadi-W-white-NS4CD1W-002.webp\" \/>\n\t<meta property=\"og:image:width\" content=\"720\" \/>\n\t<meta property=\"og:image:height\" content=\"720\" \/>\n\t<meta property=\"og:image:type\" content=\"image\/webp\" \/>\n<meta name=\"twitter:card\" content=\"summary_large_image\" \/>\n<meta name=\"twitter:label1\" content=\"Est. reading time\" \/>\n\t<meta name=\"twitter:data1\" content=\"1 minute\" \/>\n<script type=\"application\/ld+json\" class=\"yoast-schema-graph\">{\"@context\":\"https:\/\/schema.org\",\"@graph\":[{\"@type\":\"WebPage\",\"@id\":\"https:\/\/www.miomiorun.com\/es\/producto\/cadi-mujer\/\",\"url\":\"https:\/\/www.miomiorun.com\/es\/producto\/cadi-mujer\/\",\"name\":\"NNormal Cad\u00ec mujer - Zapatillas de trail para mujer - MioMioRun .com\",\"isPartOf\":{\"@id\":\"https:\/\/www.miomiorun.com\/es\/#website\"},\"primaryImageOfPage\":{\"@id\":\"https:\/\/www.miomiorun.com\/es\/producto\/cadi-mujer\/#primaryimage\"},\"image\":{\"@id\":\"https:\/\/www.miomiorun.com\/es\/producto\/cadi-mujer\/#primaryimage\"},\"thumbnailUrl\":\"https:\/\/www.miomiorun.com\/app\/uploads\/2026\/03\/nnormal-Cadi-W-white-NS4CD1W-002.webp\",\"datePublished\":\"2026-03-13T10:35:33+00:00\",\"dateModified\":\"2026-05-09T12:10:02+00:00\",\"description\":\"Cad\u00ed, una zapatilla de trail inspirada en la Serra del Cad\u00ed, dise\u00f1ada para todos los niveles y pensada para disfrutar del trail con naturalidad.\",\"breadcrumb\":{\"@id\":\"https:\/\/www.miomiorun.com\/es\/producto\/cadi-mujer\/#breadcrumb\"},\"inLanguage\":\"es-ES\",\"potentialAction\":[{\"@type\":\"ReadAction\",\"target\":[\"https:\/\/www.miomiorun.com\/es\/producto\/cadi-mujer\/\"]}]},{\"@type\":\"ImageObject\",\"inLanguage\":\"es-ES\",\"@id\":\"https:\/\/www.miomiorun.com\/es\/producto\/cadi-mujer\/#primaryimage\",\"url\":\"https:\/\/www.miomiorun.com\/app\/uploads\/2026\/03\/nnormal-Cadi-W-white-NS4CD1W-002.webp\",\"contentUrl\":\"https:\/\/www.miomiorun.com\/app\/uploads\/2026\/03\/nnormal-Cadi-W-white-NS4CD1W-002.webp\",\"width\":720,\"height\":720,\"caption\":\"nnormal Cad\u00ec W white NS4CD1W-002\"},{\"@type\":\"BreadcrumbList\",\"@id\":\"https:\/\/www.miomiorun.com\/es\/producto\/cadi-mujer\/#breadcrumb\",\"itemListElement\":[{\"@type\":\"ListItem\",\"position\":1,\"name\":\"Home\",\"item\":\"https:\/\/www.miomiorun.com\/es\/\"},{\"@type\":\"ListItem\",\"position\":2,\"name\":\"Shop\",\"item\":\"https:\/\/www.miomiorun.com\/shop\/\"},{\"@type\":\"ListItem\",\"position\":3,\"name\":\"Cad\u00ec mujer\"}]},{\"@type\":\"WebSite\",\"@id\":\"https:\/\/www.miomiorun.com\/es\/#website\",\"url\":\"https:\/\/www.miomiorun.com\/es\/\",\"name\":\"MioMioRun\",\"description\":\"Tienda 100% running y trail\",\"publisher\":{\"@id\":\"https:\/\/www.miomiorun.com\/es\/#organization\"},\"potentialAction\":[{\"@type\":\"SearchAction\",\"target\":{\"@type\":\"EntryPoint\",\"urlTemplate\":\"https:\/\/www.miomiorun.com\/es\/?s={search_term_string}\"},\"query-input\":{\"@type\":\"PropertyValueSpecification\",\"valueRequired\":true,\"valueName\":\"search_term_string\"}}],\"inLanguage\":\"es-ES\"},{\"@type\":\"Organization\",\"@id\":\"https:\/\/www.miomiorun.com\/es\/#organization\",\"name\":\"MioMio Run\",\"url\":\"https:\/\/www.miomiorun.com\/es\/\",\"logo\":{\"@type\":\"ImageObject\",\"inLanguage\":\"es-ES\",\"@id\":\"https:\/\/www.miomiorun.com\/es\/#\/schema\/logo\/image\/\",\"url\":\"https:\/\/www.miomiorun.com\/app\/uploads\/2019\/12\/logomio.png\",\"contentUrl\":\"https:\/\/www.miomiorun.com\/app\/uploads\/2019\/12\/logomio.png\",\"width\":115,\"height\":82,\"caption\":\"MioMio Run\"},\"image\":{\"@id\":\"https:\/\/www.miomiorun.com\/es\/#\/schema\/logo\/image\/\"},\"sameAs\":[\"https:\/\/www.facebook.com\/miomiorun\/\",\"https:\/\/www.instagram.com\/miomiorun\/\"]}]}<\/script>\n<!-- \/ Yoast SEO plugin. -->","yoast_head_json":{"title":"NNormal Cad\u00ec mujer - Zapatillas de trail para mujer - MioMioRun .com","description":"Cad\u00ed, una zapatilla de trail inspirada en la Serra del Cad\u00ed, dise\u00f1ada para todos los niveles y pensada para disfrutar del trail con naturalidad.","robots":{"index":"index","follow":"follow","max-snippet":"max-snippet:-1","max-image-preview":"max-image-preview:large","max-video-preview":"max-video-preview:-1"},"canonical":"https:\/\/www.miomiorun.com\/es\/producto\/cadi-mujer\/","og_locale":"es_ES","og_type":"article","og_title":"NNormal Cad\u00ec mujer - Zapatillas de trail para mujer - MioMioRun .com","og_description":"Cad\u00ed, una zapatilla de trail inspirada en la Serra del Cad\u00ed, dise\u00f1ada para todos los niveles y pensada para disfrutar del trail con naturalidad.","og_url":"https:\/\/www.miomiorun.com\/es\/producto\/cadi-mujer\/","og_site_name":"MioMioRun","article_publisher":"https:\/\/www.facebook.com\/miomiorun\/","article_modified_time":"2026-05-09T12:10:02+00:00","og_image":[{"width":720,"height":720,"url":"https:\/\/www.miomiorun.com\/app\/uploads\/2026\/03\/nnormal-Cadi-W-white-NS4CD1W-002.webp","type":"image\/webp"}],"twitter_card":"summary_large_image","twitter_misc":{"Est. reading time":"1 minute"},"schema":{"@context":"https:\/\/schema.org","@graph":[{"@type":"WebPage","@id":"https:\/\/www.miomiorun.com\/es\/producto\/cadi-mujer\/","url":"https:\/\/www.miomiorun.com\/es\/producto\/cadi-mujer\/","name":"NNormal Cad\u00ec mujer - Zapatillas de trail para mujer - MioMioRun .com","isPartOf":{"@id":"https:\/\/www.miomiorun.com\/es\/#website"},"primaryImageOfPage":{"@id":"https:\/\/www.miomiorun.com\/es\/producto\/cadi-mujer\/#primaryimage"},"image":{"@id":"https:\/\/www.miomiorun.com\/es\/producto\/cadi-mujer\/#primaryimage"},"thumbnailUrl":"https:\/\/www.miomiorun.com\/app\/uploads\/2026\/03\/nnormal-Cadi-W-white-NS4CD1W-002.webp","datePublished":"2026-03-13T10:35:33+00:00","dateModified":"2026-05-09T12:10:02+00:00","description":"Cad\u00ed, una zapatilla de trail inspirada en la Serra del Cad\u00ed, dise\u00f1ada para todos los niveles y pensada para disfrutar del trail con naturalidad.","breadcrumb":{"@id":"https:\/\/www.miomiorun.com\/es\/producto\/cadi-mujer\/#breadcrumb"},"inLanguage":"es-ES","potentialAction":[{"@type":"ReadAction","target":["https:\/\/www.miomiorun.com\/es\/producto\/cadi-mujer\/"]}]},{"@type":"ImageObject","inLanguage":"es-ES","@id":"https:\/\/www.miomiorun.com\/es\/producto\/cadi-mujer\/#primaryimage","url":"https:\/\/www.miomiorun.com\/app\/uploads\/2026\/03\/nnormal-Cadi-W-white-NS4CD1W-002.webp","contentUrl":"https:\/\/www.miomiorun.com\/app\/uploads\/2026\/03\/nnormal-Cadi-W-white-NS4CD1W-002.webp","width":720,"height":720,"caption":"nnormal Cad\u00ec W white NS4CD1W-002"},{"@type":"BreadcrumbList","@id":"https:\/\/www.miomiorun.com\/es\/producto\/cadi-mujer\/#breadcrumb","itemListElement":[{"@type":"ListItem","position":1,"name":"Home","item":"https:\/\/www.miomiorun.com\/es\/"},{"@type":"ListItem","position":2,"name":"Shop","item":"https:\/\/www.miomiorun.com\/shop\/"},{"@type":"ListItem","position":3,"name":"Cad\u00ec mujer"}]},{"@type":"WebSite","@id":"https:\/\/www.miomiorun.com\/es\/#website","url":"https:\/\/www.miomiorun.com\/es\/","name":"MioMioRun","description":"Tienda 100% running y trail","publisher":{"@id":"https:\/\/www.miomiorun.com\/es\/#organization"},"potentialAction":[{"@type":"SearchAction","target":{"@type":"EntryPoint","urlTemplate":"https:\/\/www.miomiorun.com\/es\/?s={search_term_string}"},"query-input":{"@type":"PropertyValueSpecification","valueRequired":true,"valueName":"search_term_string"}}],"inLanguage":"es-ES"},{"@type":"Organization","@id":"https:\/\/www.miomiorun.com\/es\/#organization","name":"MioMio Run","url":"https:\/\/www.miomiorun.com\/es\/","logo":{"@type":"ImageObject","inLanguage":"es-ES","@id":"https:\/\/www.miomiorun.com\/es\/#\/schema\/logo\/image\/","url":"https:\/\/www.miomiorun.com\/app\/uploads\/2019\/12\/logomio.png","contentUrl":"https:\/\/www.miomiorun.com\/app\/uploads\/2019\/12\/logomio.png","width":115,"height":82,"caption":"MioMio Run"},"image":{"@id":"https:\/\/www.miomiorun.com\/es\/#\/schema\/logo\/image\/"},"sameAs":["https:\/\/www.facebook.com\/miomiorun\/","https:\/\/www.instagram.com\/miomiorun\/"]}]}},"_links":{"self":[{"href":"https:\/\/www.miomiorun.com\/es\/wp-json\/wp\/v2\/product\/417375","targetHints":{"allow":["GET"]}}],"collection":[{"href":"https:\/\/www.miomiorun.com\/es\/wp-json\/wp\/v2\/product"}],"about":[{"href":"https:\/\/www.miomiorun.com\/es\/wp-json\/wp\/v2\/types\/product"}],"wp:featuredmedia":[{"embeddable":true,"href":"https:\/\/www.miomiorun.com\/es\/wp-json\/wp\/v2\/media\/418278"}],"wp:attachment":[{"href":"https:\/\/www.miomiorun.com\/es\/wp-json\/wp\/v2\/media?parent=417375"}],"wp:term":[{"taxonomy":"product_brand","embeddable":true,"href":"https:\/\/www.miomiorun.com\/es\/wp-json\/wp\/v2\/product_brand?post=417375"},{"taxonomy":"product_cat","embeddable":true,"href":"https:\/\/www.miomiorun.com\/es\/wp-json\/wp\/v2\/product_cat?post=417375"},{"taxonomy":"product_tag","embeddable":true,"href":"https:\/\/www.miomiorun.com\/es\/wp-json\/wp\/v2\/product_tag?post=417375"}],"curies":[{"name":"wp","href":"https:\/\/api.w.org\/{rel}","templated":true}]}}