{"id":370527,"date":"2025-10-14T11:55:22","date_gmt":"2025-10-14T09:55:22","guid":{"rendered":"https:\/\/www.miomiorun.com\/prodotto\/cascadia-19-gtx-uomo\/"},"modified":"2026-05-09T10:40:38","modified_gmt":"2026-05-09T08:40:38","slug":"cascadia-19-gtx-hombre","status":"publish","type":"product","link":"https:\/\/www.miomiorun.com\/es\/producto\/cascadia-19-gtx-hombre\/","title":{"rendered":"Cascadia 19 GTX hombre"},"content":{"rendered":"<div class=\"vc-row container\"><div class=\"vc-column\"><div class=\"vc-column-text\"><\/p>\n<p><strong>Especificaciones t\u00e9cnicas<\/strong><\/p>\n<p>Categor\u00eda: amortiguaci\u00f3n superior<br \/>\nDesnivel: 6 mm<br \/>\nPeso: 303,3 g<br \/>\nIdeal para: corredores de trail y amantes del senderismo que buscan un modelo amortiguado, protector y robusto, apto para distancias largas y medias en monta\u00f1a y caminos de tierra.<br \/>\nPeso del deportista: 70-90 kg<br \/>\nRitmo de carrera: medio-lento (&gt;5,00 min\/km)<br \/>\n<a href=\"https:\/\/miomiorun.com\/guida-alle-specifiche-tecniche\/\">Gu\u00eda de especificaciones t\u00e9cnicas<\/a><\/p>\n<p><\/div><\/div><div class=\"vc-column\"><div class=\"vc-column-text\"><\/p>\n<p data-start=\"164\" data-end=\"607\">Prep\u00e1rate para afrontar cualquier recorrido con las Brooks Cascadia 19 para hombre, unas zapatillas de trail running dise\u00f1adas para garantizar estabilidad, adaptabilidad y comodidad en todo tipo de terrenos. Gracias al nuevo Trail Adapt System, que integra una placa de protecci\u00f3n flexible con la amortiguaci\u00f3n de la mezcla DNA LOFT v3, la zapatilla se adapta din\u00e1micamente a las irregularidades del suelo, ofreciendo una protecci\u00f3n constante incluso en los trazados m\u00e1s t\u00e9cnicos. <\/p>\n<p data-start=\"609\" data-end=\"979\">La suela est\u00e1 fabricada con un 25 % de material reciclado y garantiza un excelente agarre tanto en terrenos secos como mojados, ofreciendo pisadas seguras y estables en cualquier condici\u00f3n. La amortiguaci\u00f3n con infusi\u00f3n de nitro proporciona una suavidad extra, con 2 mm m\u00e1s en el tal\u00f3n y 4 mm en la puntera para absorber mejor los impactos durante los descensos o los tramos m\u00e1s accidentados.<\/p>\n<p data-start=\"981\" data-end=\"1332\">La parte superior de malla t\u00e9cnica, ligera y transpirable, con una capa impermeable de GORE-TEX\u00ae ideal para condiciones de humedad, envuelve el pie con una estructura reforzada que mejora el ajuste y la estabilidad incluso en los movimientos laterales. Con las Cascadia 19 en los pies, puedes concentrarte solo en tu paso: ellas se encargan del resto. Es la compa\u00f1era ideal para largas aventuras en la monta\u00f1a, lista para acompa\u00f1arte a cualquier parte.<\/p>\n<p><\/div><\/div><\/div>\n","protected":false},"excerpt":{"rendered":"<ul class=\"m-long-description__features\">\n<li class=\"m-long-description__feature\">\n<div class=\"m-long-description__feature-text\">Conducci\u00f3n adaptable<\/div>\n<\/li>\n<li class=\"m-long-description__feature\">\n<div class=\"m-long-description__feature-text\">Preparada para cualquier tipo de terreno<\/div>\n<\/li>\n<li class=\"m-long-description__feature\">\n<div class=\"m-long-description__feature-text\">Tracci\u00f3n en superficies mojadas y secas<\/div>\n<\/li>\n<\/ul>\n","protected":false},"featured_media":361680,"template":"","meta":{"_acf_changed":false,"inline_featured_image":false},"product_brand":[],"product_cat":[24454,24451],"product_tag":[23463,23661],"class_list":{"0":"post-370527","1":"product","2":"type-product","3":"status-publish","4":"has-post-thumbnail","6":"product_cat-calzado-para-hombre","7":"product_cat-trail-es-3","8":"product_tag-brooks-es","9":"product_tag-brooks-hombre","10":"pa_attivita-outdoor-es","11":"pa_attivita-trail-es","12":"pa_colore-cascadia-19-gtx-black-ebony-chateau-gray-es","13":"pa_marca-brooks-es","14":"pa_sesso-hombre","15":"pa_size-42-5-es","16":"pa_size-43-es","17":"pa_size-44-5-es","18":"pa_size-46-es","19":"pa_size-46-5-es","21":"first","22":"outofstock","23":"taxable","24":"shipping-taxable","25":"purchasable","26":"product-type-variable","27":"wvs-archive-product-wrapper"},"acf":[],"yoast_head":"<!-- This site is optimized with the Yoast SEO plugin v26.8 - https:\/\/yoast.com\/product\/yoast-seo-wordpress\/ -->\n<title>Brooks Cascadia 19 GTX hombre - zapatillas de trail para hombre - MioMioRun.com<\/title>\n<meta name=\"description\" content=\"Descubre las Brooks Cascadia 19 GTX para hombre: unas zapatillas de trail estables, con buena amortiguaci\u00f3n y aptas para cualquier terreno. Comodidad, tracci\u00f3n y protecci\u00f3n para tus aventuras en la monta\u00f1a.\" \/>\n<meta name=\"robots\" content=\"index, follow, max-snippet:-1, max-image-preview:large, max-video-preview:-1\" \/>\n<link rel=\"canonical\" href=\"https:\/\/www.miomiorun.com\/es\/producto\/cascadia-19-gtx-hombre\/\" \/>\n<meta property=\"og:locale\" content=\"es_ES\" \/>\n<meta property=\"og:type\" content=\"article\" \/>\n<meta property=\"og:title\" content=\"Brooks Cascadia 19 GTX hombre - zapatillas de trail para hombre - MioMioRun.com\" \/>\n<meta property=\"og:description\" content=\"Descubre las Brooks Cascadia 19 GTX para hombre: unas zapatillas de trail estables, con buena amortiguaci\u00f3n y aptas para cualquier terreno. Comodidad, tracci\u00f3n y protecci\u00f3n para tus aventuras en la monta\u00f1a.\" \/>\n<meta property=\"og:url\" content=\"https:\/\/www.miomiorun.com\/es\/producto\/cascadia-19-gtx-hombre\/\" \/>\n<meta property=\"og:site_name\" content=\"MioMioRun\" \/>\n<meta property=\"article:publisher\" content=\"https:\/\/www.facebook.com\/miomiorun\/\" \/>\n<meta property=\"article:modified_time\" content=\"2026-05-09T08:40:38+00:00\" \/>\n<meta property=\"og:image\" content=\"https:\/\/www.miomiorun.com\/app\/uploads\/2025\/10\/brooks-Cascadia-19-GTX-black-ebony-chateau-gray-1104561D065.webp\" \/>\n\t<meta property=\"og:image:width\" content=\"720\" \/>\n\t<meta property=\"og:image:height\" content=\"720\" \/>\n\t<meta property=\"og:image:type\" content=\"image\/webp\" \/>\n<meta name=\"twitter:card\" content=\"summary_large_image\" \/>\n<meta name=\"twitter:label1\" content=\"Est. reading time\" \/>\n\t<meta name=\"twitter:data1\" content=\"2 minutes\" \/>\n<script type=\"application\/ld+json\" class=\"yoast-schema-graph\">{\"@context\":\"https:\/\/schema.org\",\"@graph\":[{\"@type\":\"WebPage\",\"@id\":\"https:\/\/www.miomiorun.com\/es\/producto\/cascadia-19-gtx-hombre\/\",\"url\":\"https:\/\/www.miomiorun.com\/es\/producto\/cascadia-19-gtx-hombre\/\",\"name\":\"Brooks Cascadia 19 GTX hombre - zapatillas de trail para hombre - MioMioRun.com\",\"isPartOf\":{\"@id\":\"https:\/\/www.miomiorun.com\/es\/#website\"},\"primaryImageOfPage\":{\"@id\":\"https:\/\/www.miomiorun.com\/es\/producto\/cascadia-19-gtx-hombre\/#primaryimage\"},\"image\":{\"@id\":\"https:\/\/www.miomiorun.com\/es\/producto\/cascadia-19-gtx-hombre\/#primaryimage\"},\"thumbnailUrl\":\"https:\/\/www.miomiorun.com\/app\/uploads\/2025\/10\/brooks-Cascadia-19-GTX-black-ebony-chateau-gray-1104561D065.webp\",\"datePublished\":\"2025-10-14T09:55:22+00:00\",\"dateModified\":\"2026-05-09T08:40:38+00:00\",\"description\":\"Descubre las Brooks Cascadia 19 GTX para hombre: unas zapatillas de trail estables, con buena amortiguaci\u00f3n y aptas para cualquier terreno. Comodidad, tracci\u00f3n y protecci\u00f3n para tus aventuras en la monta\u00f1a.\",\"breadcrumb\":{\"@id\":\"https:\/\/www.miomiorun.com\/es\/producto\/cascadia-19-gtx-hombre\/#breadcrumb\"},\"inLanguage\":\"es-ES\",\"potentialAction\":[{\"@type\":\"ReadAction\",\"target\":[\"https:\/\/www.miomiorun.com\/es\/producto\/cascadia-19-gtx-hombre\/\"]}]},{\"@type\":\"ImageObject\",\"inLanguage\":\"es-ES\",\"@id\":\"https:\/\/www.miomiorun.com\/es\/producto\/cascadia-19-gtx-hombre\/#primaryimage\",\"url\":\"https:\/\/www.miomiorun.com\/app\/uploads\/2025\/10\/brooks-Cascadia-19-GTX-black-ebony-chateau-gray-1104561D065.webp\",\"contentUrl\":\"https:\/\/www.miomiorun.com\/app\/uploads\/2025\/10\/brooks-Cascadia-19-GTX-black-ebony-chateau-gray-1104561D065.webp\",\"width\":720,\"height\":720,\"caption\":\"brooks Cascadia 19 GTX black ebony chateau gray 1104561D065\"},{\"@type\":\"BreadcrumbList\",\"@id\":\"https:\/\/www.miomiorun.com\/es\/producto\/cascadia-19-gtx-hombre\/#breadcrumb\",\"itemListElement\":[{\"@type\":\"ListItem\",\"position\":1,\"name\":\"Home\",\"item\":\"https:\/\/www.miomiorun.com\/es\/\"},{\"@type\":\"ListItem\",\"position\":2,\"name\":\"Shop\",\"item\":\"https:\/\/www.miomiorun.com\/shop\/\"},{\"@type\":\"ListItem\",\"position\":3,\"name\":\"Cascadia 19 GTX hombre\"}]},{\"@type\":\"WebSite\",\"@id\":\"https:\/\/www.miomiorun.com\/es\/#website\",\"url\":\"https:\/\/www.miomiorun.com\/es\/\",\"name\":\"MioMioRun\",\"description\":\"Tienda 100% running y trail\",\"publisher\":{\"@id\":\"https:\/\/www.miomiorun.com\/es\/#organization\"},\"potentialAction\":[{\"@type\":\"SearchAction\",\"target\":{\"@type\":\"EntryPoint\",\"urlTemplate\":\"https:\/\/www.miomiorun.com\/es\/?s={search_term_string}\"},\"query-input\":{\"@type\":\"PropertyValueSpecification\",\"valueRequired\":true,\"valueName\":\"search_term_string\"}}],\"inLanguage\":\"es-ES\"},{\"@type\":\"Organization\",\"@id\":\"https:\/\/www.miomiorun.com\/es\/#organization\",\"name\":\"MioMio Run\",\"url\":\"https:\/\/www.miomiorun.com\/es\/\",\"logo\":{\"@type\":\"ImageObject\",\"inLanguage\":\"es-ES\",\"@id\":\"https:\/\/www.miomiorun.com\/es\/#\/schema\/logo\/image\/\",\"url\":\"https:\/\/www.miomiorun.com\/app\/uploads\/2019\/12\/logomio.png\",\"contentUrl\":\"https:\/\/www.miomiorun.com\/app\/uploads\/2019\/12\/logomio.png\",\"width\":115,\"height\":82,\"caption\":\"MioMio Run\"},\"image\":{\"@id\":\"https:\/\/www.miomiorun.com\/es\/#\/schema\/logo\/image\/\"},\"sameAs\":[\"https:\/\/www.facebook.com\/miomiorun\/\",\"https:\/\/www.instagram.com\/miomiorun\/\"]}]}<\/script>\n<!-- \/ Yoast SEO plugin. -->","yoast_head_json":{"title":"Brooks Cascadia 19 GTX hombre - zapatillas de trail para hombre - MioMioRun.com","description":"Descubre las Brooks Cascadia 19 GTX para hombre: unas zapatillas de trail estables, con buena amortiguaci\u00f3n y aptas para cualquier terreno. Comodidad, tracci\u00f3n y protecci\u00f3n para tus aventuras en la monta\u00f1a.","robots":{"index":"index","follow":"follow","max-snippet":"max-snippet:-1","max-image-preview":"max-image-preview:large","max-video-preview":"max-video-preview:-1"},"canonical":"https:\/\/www.miomiorun.com\/es\/producto\/cascadia-19-gtx-hombre\/","og_locale":"es_ES","og_type":"article","og_title":"Brooks Cascadia 19 GTX hombre - zapatillas de trail para hombre - MioMioRun.com","og_description":"Descubre las Brooks Cascadia 19 GTX para hombre: unas zapatillas de trail estables, con buena amortiguaci\u00f3n y aptas para cualquier terreno. Comodidad, tracci\u00f3n y protecci\u00f3n para tus aventuras en la monta\u00f1a.","og_url":"https:\/\/www.miomiorun.com\/es\/producto\/cascadia-19-gtx-hombre\/","og_site_name":"MioMioRun","article_publisher":"https:\/\/www.facebook.com\/miomiorun\/","article_modified_time":"2026-05-09T08:40:38+00:00","og_image":[{"width":720,"height":720,"url":"https:\/\/www.miomiorun.com\/app\/uploads\/2025\/10\/brooks-Cascadia-19-GTX-black-ebony-chateau-gray-1104561D065.webp","type":"image\/webp"}],"twitter_card":"summary_large_image","twitter_misc":{"Est. reading time":"2 minutes"},"schema":{"@context":"https:\/\/schema.org","@graph":[{"@type":"WebPage","@id":"https:\/\/www.miomiorun.com\/es\/producto\/cascadia-19-gtx-hombre\/","url":"https:\/\/www.miomiorun.com\/es\/producto\/cascadia-19-gtx-hombre\/","name":"Brooks Cascadia 19 GTX hombre - zapatillas de trail para hombre - MioMioRun.com","isPartOf":{"@id":"https:\/\/www.miomiorun.com\/es\/#website"},"primaryImageOfPage":{"@id":"https:\/\/www.miomiorun.com\/es\/producto\/cascadia-19-gtx-hombre\/#primaryimage"},"image":{"@id":"https:\/\/www.miomiorun.com\/es\/producto\/cascadia-19-gtx-hombre\/#primaryimage"},"thumbnailUrl":"https:\/\/www.miomiorun.com\/app\/uploads\/2025\/10\/brooks-Cascadia-19-GTX-black-ebony-chateau-gray-1104561D065.webp","datePublished":"2025-10-14T09:55:22+00:00","dateModified":"2026-05-09T08:40:38+00:00","description":"Descubre las Brooks Cascadia 19 GTX para hombre: unas zapatillas de trail estables, con buena amortiguaci\u00f3n y aptas para cualquier terreno. Comodidad, tracci\u00f3n y protecci\u00f3n para tus aventuras en la monta\u00f1a.","breadcrumb":{"@id":"https:\/\/www.miomiorun.com\/es\/producto\/cascadia-19-gtx-hombre\/#breadcrumb"},"inLanguage":"es-ES","potentialAction":[{"@type":"ReadAction","target":["https:\/\/www.miomiorun.com\/es\/producto\/cascadia-19-gtx-hombre\/"]}]},{"@type":"ImageObject","inLanguage":"es-ES","@id":"https:\/\/www.miomiorun.com\/es\/producto\/cascadia-19-gtx-hombre\/#primaryimage","url":"https:\/\/www.miomiorun.com\/app\/uploads\/2025\/10\/brooks-Cascadia-19-GTX-black-ebony-chateau-gray-1104561D065.webp","contentUrl":"https:\/\/www.miomiorun.com\/app\/uploads\/2025\/10\/brooks-Cascadia-19-GTX-black-ebony-chateau-gray-1104561D065.webp","width":720,"height":720,"caption":"brooks Cascadia 19 GTX black ebony chateau gray 1104561D065"},{"@type":"BreadcrumbList","@id":"https:\/\/www.miomiorun.com\/es\/producto\/cascadia-19-gtx-hombre\/#breadcrumb","itemListElement":[{"@type":"ListItem","position":1,"name":"Home","item":"https:\/\/www.miomiorun.com\/es\/"},{"@type":"ListItem","position":2,"name":"Shop","item":"https:\/\/www.miomiorun.com\/shop\/"},{"@type":"ListItem","position":3,"name":"Cascadia 19 GTX hombre"}]},{"@type":"WebSite","@id":"https:\/\/www.miomiorun.com\/es\/#website","url":"https:\/\/www.miomiorun.com\/es\/","name":"MioMioRun","description":"Tienda 100% running y trail","publisher":{"@id":"https:\/\/www.miomiorun.com\/es\/#organization"},"potentialAction":[{"@type":"SearchAction","target":{"@type":"EntryPoint","urlTemplate":"https:\/\/www.miomiorun.com\/es\/?s={search_term_string}"},"query-input":{"@type":"PropertyValueSpecification","valueRequired":true,"valueName":"search_term_string"}}],"inLanguage":"es-ES"},{"@type":"Organization","@id":"https:\/\/www.miomiorun.com\/es\/#organization","name":"MioMio Run","url":"https:\/\/www.miomiorun.com\/es\/","logo":{"@type":"ImageObject","inLanguage":"es-ES","@id":"https:\/\/www.miomiorun.com\/es\/#\/schema\/logo\/image\/","url":"https:\/\/www.miomiorun.com\/app\/uploads\/2019\/12\/logomio.png","contentUrl":"https:\/\/www.miomiorun.com\/app\/uploads\/2019\/12\/logomio.png","width":115,"height":82,"caption":"MioMio Run"},"image":{"@id":"https:\/\/www.miomiorun.com\/es\/#\/schema\/logo\/image\/"},"sameAs":["https:\/\/www.facebook.com\/miomiorun\/","https:\/\/www.instagram.com\/miomiorun\/"]}]}},"_links":{"self":[{"href":"https:\/\/www.miomiorun.com\/es\/wp-json\/wp\/v2\/product\/370527","targetHints":{"allow":["GET"]}}],"collection":[{"href":"https:\/\/www.miomiorun.com\/es\/wp-json\/wp\/v2\/product"}],"about":[{"href":"https:\/\/www.miomiorun.com\/es\/wp-json\/wp\/v2\/types\/product"}],"wp:featuredmedia":[{"embeddable":true,"href":"https:\/\/www.miomiorun.com\/es\/wp-json\/wp\/v2\/media\/361680"}],"wp:attachment":[{"href":"https:\/\/www.miomiorun.com\/es\/wp-json\/wp\/v2\/media?parent=370527"}],"wp:term":[{"taxonomy":"product_brand","embeddable":true,"href":"https:\/\/www.miomiorun.com\/es\/wp-json\/wp\/v2\/product_brand?post=370527"},{"taxonomy":"product_cat","embeddable":true,"href":"https:\/\/www.miomiorun.com\/es\/wp-json\/wp\/v2\/product_cat?post=370527"},{"taxonomy":"product_tag","embeddable":true,"href":"https:\/\/www.miomiorun.com\/es\/wp-json\/wp\/v2\/product_tag?post=370527"}],"curies":[{"name":"wp","href":"https:\/\/api.w.org\/{rel}","templated":true}]}}