{"id":365978,"date":"2025-11-04T10:03:18","date_gmt":"2025-11-04T09:03:18","guid":{"rendered":"https:\/\/www.miomiorun.com\/?post_type=product&#038;p=365978"},"modified":"2026-05-09T10:19:46","modified_gmt":"2026-05-09T08:19:46","slug":"pull-exit-mujer","status":"publish","type":"product","link":"https:\/\/www.miomiorun.com\/es\/producto\/pull-exit-mujer\/","title":{"rendered":"Pull exit mujer"},"content":{"rendered":"<p>Nueva propuesta de la colecci\u00f3n de invierno, el <strong data-start=\"233\" data-end=\"246\">Pull Exit<\/strong> es una prenda intermedia vers\u00e1til y de alto rendimiento, dise\u00f1ada para acompa\u00f1arte en cualquier actividad al aire libre o cotidiana. El <strong data-start=\"351\" data-end=\"379\">ajuste atl\u00e9tico y femenino<\/strong> realza la silueta sin comprometer la libertad de movimiento, mientras que el tejido <strong data-start=\"467\" data-end=\"491\">Vuelta Made in Italy<\/strong> garantiza una <strong data-start=\"503\" data-end=\"538\">t\u00e9rmica, elasticidad y comodidad<\/strong> superiores. <br data-start=\"549\" data-end=\"552\">El dise\u00f1o limpio y moderno se ve realzado por <strong data-start=\"595\" data-end=\"626\">costuras planas en contraste<\/strong>, <strong data-start=\"628\" data-end=\"649\">logotipos reflectantes<\/strong> y una <strong data-start=\"656\" data-end=\"694\">cremallera frontal totalmente divisible<\/strong> que facilita la ventilaci\u00f3n y la regulaci\u00f3n de la temperatura. La <strong data-start=\"763\" data-end=\"810\">capucha ergon\u00f3mica con salida para la cola<\/strong> y las <strong data-start=\"816\" data-end=\"839\">presillas para los pulgares<\/strong> completan una prenda t\u00e9cnica, perfecta como segunda capa en los d\u00edas fr\u00edos o como capa exterior en las entretiempos.<\/p>\n","protected":false},"excerpt":{"rendered":"<ul>\n<li data-start=\"983\" data-end=\"1060\">\n<p data-start=\"985\" data-end=\"1060\">Tejido <strong data-start=\"993\" data-end=\"1017\">Vuelta Made in Italy<\/strong>: c\u00e1lido, transpirable y muy el\u00e1stico<\/p>\n<\/li>\n<li data-start=\"1061\" data-end=\"1123\">\n<p data-start=\"1063\" data-end=\"1123\">Dise\u00f1o t\u00e9cnico con <strong data-start=\"1082\" data-end=\"1121\">ajuste atl\u00e9tico y detalles reflectantes<\/strong><\/p>\n<\/li>\n<li data-start=\"1124\" data-end=\"1224\">\n<p data-start=\"1126\" data-end=\"1224\"><strong data-start=\"1126\" data-end=\"1150\">Capucha ergon\u00f3mica<\/strong>, <strong data-start=\"1152\" data-end=\"1176\">presilla para el pulgar<\/strong> y <strong data-start=\"1179\" data-end=\"1197\">cremallera divisible<\/strong> para una funcionalidad m\u00e1xima<\/p>\n<\/li>\n<\/ul>\n","protected":false},"featured_media":365711,"template":"","meta":{"_acf_changed":false,"inline_featured_image":false},"product_brand":[],"product_cat":[24396,24401],"product_tag":[23488,23646],"class_list":{"0":"post-365978","1":"product","2":"type-product","3":"status-publish","4":"has-post-thumbnail","6":"product_cat-camisetas","7":"product_cat-ropa-de-mujer","8":"product_tag-crazy-idea-es","9":"product_tag-crazy-idea-mujer","10":"pa_attivita-caminar","11":"pa_attivita-outdoor-es","12":"pa_attivita-trail-es","13":"pa_colore-pull-exit-w-early-es","14":"pa_marca-crazy-idea-es","15":"pa_sesso-mujer","16":"pa_size-extra-small-es","17":"pa_size-small-es","18":"pa_size-medium-es","19":"pa_size-large-es","21":"first","22":"instock","23":"sale","24":"taxable","25":"shipping-taxable","26":"purchasable","27":"product-type-variable","28":"wvs-archive-product-wrapper"},"acf":[],"yoast_head":"<!-- This site is optimized with the Yoast SEO plugin v26.8 - https:\/\/yoast.com\/product\/yoast-seo-wordpress\/ -->\n<title>Crazy Idea Pull exit mujer - Jersey de invierno- MioMioRun<\/title>\n<meta name=\"description\" content=\"Capa intermedia para mujer Pull Exit en tejido Vuelta Made in Italy: c\u00e1lida, el\u00e1stica y transpirable. Corte atl\u00e9tico, detalles reflectantes y comodidad t\u00e9cnica para el invierno.\" \/>\n<meta name=\"robots\" content=\"index, follow, max-snippet:-1, max-image-preview:large, max-video-preview:-1\" \/>\n<link rel=\"canonical\" href=\"https:\/\/www.miomiorun.com\/es\/producto\/pull-exit-mujer\/\" \/>\n<meta property=\"og:locale\" content=\"es_ES\" \/>\n<meta property=\"og:type\" content=\"article\" \/>\n<meta property=\"og:title\" content=\"Crazy Idea Pull exit mujer - Jersey de invierno- MioMioRun\" \/>\n<meta property=\"og:description\" content=\"Capa intermedia para mujer Pull Exit en tejido Vuelta Made in Italy: c\u00e1lida, el\u00e1stica y transpirable. Corte atl\u00e9tico, detalles reflectantes y comodidad t\u00e9cnica para el invierno.\" \/>\n<meta property=\"og:url\" content=\"https:\/\/www.miomiorun.com\/es\/producto\/pull-exit-mujer\/\" \/>\n<meta property=\"og:site_name\" content=\"MioMioRun\" \/>\n<meta property=\"article:publisher\" content=\"https:\/\/www.facebook.com\/miomiorun\/\" \/>\n<meta property=\"article:modified_time\" content=\"2026-05-09T08:19:46+00:00\" \/>\n<meta property=\"og:image\" content=\"https:\/\/www.miomiorun.com\/app\/uploads\/2025\/10\/crazy-Pull-exit-W-pop-W25025122D-0063.webp\" \/>\n\t<meta property=\"og:image:width\" content=\"720\" \/>\n\t<meta property=\"og:image:height\" content=\"720\" \/>\n\t<meta property=\"og:image:type\" content=\"image\/webp\" \/>\n<meta name=\"twitter:card\" content=\"summary_large_image\" \/>\n<meta name=\"twitter:label1\" content=\"Est. reading time\" \/>\n\t<meta name=\"twitter:data1\" content=\"1 minute\" \/>\n<script type=\"application\/ld+json\" class=\"yoast-schema-graph\">{\"@context\":\"https:\/\/schema.org\",\"@graph\":[{\"@type\":\"WebPage\",\"@id\":\"https:\/\/www.miomiorun.com\/es\/producto\/pull-exit-mujer\/\",\"url\":\"https:\/\/www.miomiorun.com\/es\/producto\/pull-exit-mujer\/\",\"name\":\"Crazy Idea Pull exit mujer - Jersey de invierno- MioMioRun\",\"isPartOf\":{\"@id\":\"https:\/\/www.miomiorun.com\/es\/#website\"},\"primaryImageOfPage\":{\"@id\":\"https:\/\/www.miomiorun.com\/es\/producto\/pull-exit-mujer\/#primaryimage\"},\"image\":{\"@id\":\"https:\/\/www.miomiorun.com\/es\/producto\/pull-exit-mujer\/#primaryimage\"},\"thumbnailUrl\":\"https:\/\/www.miomiorun.com\/app\/uploads\/2025\/10\/crazy-Pull-exit-W-pop-W25025122D-0063.webp\",\"datePublished\":\"2025-11-04T09:03:18+00:00\",\"dateModified\":\"2026-05-09T08:19:46+00:00\",\"description\":\"Capa intermedia para mujer Pull Exit en tejido Vuelta Made in Italy: c\u00e1lida, el\u00e1stica y transpirable. Corte atl\u00e9tico, detalles reflectantes y comodidad t\u00e9cnica para el invierno.\",\"breadcrumb\":{\"@id\":\"https:\/\/www.miomiorun.com\/es\/producto\/pull-exit-mujer\/#breadcrumb\"},\"inLanguage\":\"es-ES\",\"potentialAction\":[{\"@type\":\"ReadAction\",\"target\":[\"https:\/\/www.miomiorun.com\/es\/producto\/pull-exit-mujer\/\"]}]},{\"@type\":\"ImageObject\",\"inLanguage\":\"es-ES\",\"@id\":\"https:\/\/www.miomiorun.com\/es\/producto\/pull-exit-mujer\/#primaryimage\",\"url\":\"https:\/\/www.miomiorun.com\/app\/uploads\/2025\/10\/crazy-Pull-exit-W-pop-W25025122D-0063.webp\",\"contentUrl\":\"https:\/\/www.miomiorun.com\/app\/uploads\/2025\/10\/crazy-Pull-exit-W-pop-W25025122D-0063.webp\",\"width\":720,\"height\":720,\"caption\":\"crazy Pull exit W pop W25025122D-0063\"},{\"@type\":\"BreadcrumbList\",\"@id\":\"https:\/\/www.miomiorun.com\/es\/producto\/pull-exit-mujer\/#breadcrumb\",\"itemListElement\":[{\"@type\":\"ListItem\",\"position\":1,\"name\":\"Home\",\"item\":\"https:\/\/www.miomiorun.com\/es\/\"},{\"@type\":\"ListItem\",\"position\":2,\"name\":\"Shop\",\"item\":\"https:\/\/www.miomiorun.com\/shop\/\"},{\"@type\":\"ListItem\",\"position\":3,\"name\":\"Pull exit mujer\"}]},{\"@type\":\"WebSite\",\"@id\":\"https:\/\/www.miomiorun.com\/es\/#website\",\"url\":\"https:\/\/www.miomiorun.com\/es\/\",\"name\":\"MioMioRun\",\"description\":\"Tienda 100% running y trail\",\"publisher\":{\"@id\":\"https:\/\/www.miomiorun.com\/es\/#organization\"},\"potentialAction\":[{\"@type\":\"SearchAction\",\"target\":{\"@type\":\"EntryPoint\",\"urlTemplate\":\"https:\/\/www.miomiorun.com\/es\/?s={search_term_string}\"},\"query-input\":{\"@type\":\"PropertyValueSpecification\",\"valueRequired\":true,\"valueName\":\"search_term_string\"}}],\"inLanguage\":\"es-ES\"},{\"@type\":\"Organization\",\"@id\":\"https:\/\/www.miomiorun.com\/es\/#organization\",\"name\":\"MioMio Run\",\"url\":\"https:\/\/www.miomiorun.com\/es\/\",\"logo\":{\"@type\":\"ImageObject\",\"inLanguage\":\"es-ES\",\"@id\":\"https:\/\/www.miomiorun.com\/es\/#\/schema\/logo\/image\/\",\"url\":\"https:\/\/www.miomiorun.com\/app\/uploads\/2019\/12\/logomio.png\",\"contentUrl\":\"https:\/\/www.miomiorun.com\/app\/uploads\/2019\/12\/logomio.png\",\"width\":115,\"height\":82,\"caption\":\"MioMio Run\"},\"image\":{\"@id\":\"https:\/\/www.miomiorun.com\/es\/#\/schema\/logo\/image\/\"},\"sameAs\":[\"https:\/\/www.facebook.com\/miomiorun\/\",\"https:\/\/www.instagram.com\/miomiorun\/\"]}]}<\/script>\n<!-- \/ Yoast SEO plugin. -->","yoast_head_json":{"title":"Crazy Idea Pull exit mujer - Jersey de invierno- MioMioRun","description":"Capa intermedia para mujer Pull Exit en tejido Vuelta Made in Italy: c\u00e1lida, el\u00e1stica y transpirable. Corte atl\u00e9tico, detalles reflectantes y comodidad t\u00e9cnica para el invierno.","robots":{"index":"index","follow":"follow","max-snippet":"max-snippet:-1","max-image-preview":"max-image-preview:large","max-video-preview":"max-video-preview:-1"},"canonical":"https:\/\/www.miomiorun.com\/es\/producto\/pull-exit-mujer\/","og_locale":"es_ES","og_type":"article","og_title":"Crazy Idea Pull exit mujer - Jersey de invierno- MioMioRun","og_description":"Capa intermedia para mujer Pull Exit en tejido Vuelta Made in Italy: c\u00e1lida, el\u00e1stica y transpirable. Corte atl\u00e9tico, detalles reflectantes y comodidad t\u00e9cnica para el invierno.","og_url":"https:\/\/www.miomiorun.com\/es\/producto\/pull-exit-mujer\/","og_site_name":"MioMioRun","article_publisher":"https:\/\/www.facebook.com\/miomiorun\/","article_modified_time":"2026-05-09T08:19:46+00:00","og_image":[{"width":720,"height":720,"url":"https:\/\/www.miomiorun.com\/app\/uploads\/2025\/10\/crazy-Pull-exit-W-pop-W25025122D-0063.webp","type":"image\/webp"}],"twitter_card":"summary_large_image","twitter_misc":{"Est. reading time":"1 minute"},"schema":{"@context":"https:\/\/schema.org","@graph":[{"@type":"WebPage","@id":"https:\/\/www.miomiorun.com\/es\/producto\/pull-exit-mujer\/","url":"https:\/\/www.miomiorun.com\/es\/producto\/pull-exit-mujer\/","name":"Crazy Idea Pull exit mujer - Jersey de invierno- MioMioRun","isPartOf":{"@id":"https:\/\/www.miomiorun.com\/es\/#website"},"primaryImageOfPage":{"@id":"https:\/\/www.miomiorun.com\/es\/producto\/pull-exit-mujer\/#primaryimage"},"image":{"@id":"https:\/\/www.miomiorun.com\/es\/producto\/pull-exit-mujer\/#primaryimage"},"thumbnailUrl":"https:\/\/www.miomiorun.com\/app\/uploads\/2025\/10\/crazy-Pull-exit-W-pop-W25025122D-0063.webp","datePublished":"2025-11-04T09:03:18+00:00","dateModified":"2026-05-09T08:19:46+00:00","description":"Capa intermedia para mujer Pull Exit en tejido Vuelta Made in Italy: c\u00e1lida, el\u00e1stica y transpirable. Corte atl\u00e9tico, detalles reflectantes y comodidad t\u00e9cnica para el invierno.","breadcrumb":{"@id":"https:\/\/www.miomiorun.com\/es\/producto\/pull-exit-mujer\/#breadcrumb"},"inLanguage":"es-ES","potentialAction":[{"@type":"ReadAction","target":["https:\/\/www.miomiorun.com\/es\/producto\/pull-exit-mujer\/"]}]},{"@type":"ImageObject","inLanguage":"es-ES","@id":"https:\/\/www.miomiorun.com\/es\/producto\/pull-exit-mujer\/#primaryimage","url":"https:\/\/www.miomiorun.com\/app\/uploads\/2025\/10\/crazy-Pull-exit-W-pop-W25025122D-0063.webp","contentUrl":"https:\/\/www.miomiorun.com\/app\/uploads\/2025\/10\/crazy-Pull-exit-W-pop-W25025122D-0063.webp","width":720,"height":720,"caption":"crazy Pull exit W pop W25025122D-0063"},{"@type":"BreadcrumbList","@id":"https:\/\/www.miomiorun.com\/es\/producto\/pull-exit-mujer\/#breadcrumb","itemListElement":[{"@type":"ListItem","position":1,"name":"Home","item":"https:\/\/www.miomiorun.com\/es\/"},{"@type":"ListItem","position":2,"name":"Shop","item":"https:\/\/www.miomiorun.com\/shop\/"},{"@type":"ListItem","position":3,"name":"Pull exit mujer"}]},{"@type":"WebSite","@id":"https:\/\/www.miomiorun.com\/es\/#website","url":"https:\/\/www.miomiorun.com\/es\/","name":"MioMioRun","description":"Tienda 100% running y trail","publisher":{"@id":"https:\/\/www.miomiorun.com\/es\/#organization"},"potentialAction":[{"@type":"SearchAction","target":{"@type":"EntryPoint","urlTemplate":"https:\/\/www.miomiorun.com\/es\/?s={search_term_string}"},"query-input":{"@type":"PropertyValueSpecification","valueRequired":true,"valueName":"search_term_string"}}],"inLanguage":"es-ES"},{"@type":"Organization","@id":"https:\/\/www.miomiorun.com\/es\/#organization","name":"MioMio Run","url":"https:\/\/www.miomiorun.com\/es\/","logo":{"@type":"ImageObject","inLanguage":"es-ES","@id":"https:\/\/www.miomiorun.com\/es\/#\/schema\/logo\/image\/","url":"https:\/\/www.miomiorun.com\/app\/uploads\/2019\/12\/logomio.png","contentUrl":"https:\/\/www.miomiorun.com\/app\/uploads\/2019\/12\/logomio.png","width":115,"height":82,"caption":"MioMio Run"},"image":{"@id":"https:\/\/www.miomiorun.com\/es\/#\/schema\/logo\/image\/"},"sameAs":["https:\/\/www.facebook.com\/miomiorun\/","https:\/\/www.instagram.com\/miomiorun\/"]}]}},"_links":{"self":[{"href":"https:\/\/www.miomiorun.com\/es\/wp-json\/wp\/v2\/product\/365978","targetHints":{"allow":["GET"]}}],"collection":[{"href":"https:\/\/www.miomiorun.com\/es\/wp-json\/wp\/v2\/product"}],"about":[{"href":"https:\/\/www.miomiorun.com\/es\/wp-json\/wp\/v2\/types\/product"}],"wp:featuredmedia":[{"embeddable":true,"href":"https:\/\/www.miomiorun.com\/es\/wp-json\/wp\/v2\/media\/365711"}],"wp:attachment":[{"href":"https:\/\/www.miomiorun.com\/es\/wp-json\/wp\/v2\/media?parent=365978"}],"wp:term":[{"taxonomy":"product_brand","embeddable":true,"href":"https:\/\/www.miomiorun.com\/es\/wp-json\/wp\/v2\/product_brand?post=365978"},{"taxonomy":"product_cat","embeddable":true,"href":"https:\/\/www.miomiorun.com\/es\/wp-json\/wp\/v2\/product_cat?post=365978"},{"taxonomy":"product_tag","embeddable":true,"href":"https:\/\/www.miomiorun.com\/es\/wp-json\/wp\/v2\/product_tag?post=365978"}],"curies":[{"name":"wp","href":"https:\/\/api.w.org\/{rel}","templated":true}]}}