{"id":365539,"date":"2025-10-31T12:29:26","date_gmt":"2025-10-31T11:29:26","guid":{"rendered":"https:\/\/www.miomiorun.com\/?post_type=product&#038;p=365539"},"modified":"2026-05-09T10:19:28","modified_gmt":"2026-05-09T08:19:28","slug":"z-n-e-hoodie-hombre","status":"publish","type":"product","link":"https:\/\/www.miomiorun.com\/es\/producto\/z-n-e-hoodie-hombre\/","title":{"rendered":"Z.N.E. Hoodie hombre"},"content":{"rendered":"<div class=\"extra-instructions___2TR8b\">\n<p>La sudadera M Z.N.E. HD de adidas est\u00e1 dise\u00f1ada para los momentos de relajaci\u00f3n y concentraci\u00f3n despu\u00e9s del esfuerzo f\u00edsico. Confeccionada en un tejido de <strong data-start=\"282\" data-end=\"296\">tres capas<\/strong> con estructura de doble punto, ayuda a retener el calor y mantiene la comodidad y la protecci\u00f3n. <br data-start=\"427\" data-end=\"430\">El dise\u00f1o ampl\u00eda el esp\u00edritu de la comunidad Z.N.E.: la capucha integrada y el ajuste holgado permiten aislarse del mundo exterior cuando se necesita regenerarse. <span class=\"\" data-state=\"closed\"><span class=\"ms-1 inline-flex max-w-full items-center relative top-[-0.094rem] animate-[show_150ms_ease-in]\" data-testid=\"webpage-citation-pill\"><\/span><\/span><br data-start=\"640\" data-end=\"643\">Composici\u00f3n indicada: 57 % poli\u00e9ster reciclado y 43 % algod\u00f3n, para un equilibrio entre rendimiento y sostenibilidad. <span class=\"\" data-state=\"closed\"><span class=\"ms-1 inline-flex max-w-full items-center relative top-[-0.094rem] animate-[show_150ms_ease-in]\" data-testid=\"webpage-citation-pill\"><\/span><\/span><br data-start=\"793\" data-end=\"796\">El bolsillo canguro aporta practicidad, mientras que el look minimalista con gr\u00e1ficos de goma mate realza el estilo deportivo sobrio.<\/p>\n<\/div>\n<div class=\"o-feature-callout__feature-copy\">\n<div class=\"o-feature-callout__feature-copy\">\n<div class=\"o-feature-callout__feature-copy\">\n<p class=\"a-type-p o-feature-callout__feature-body\">\n<\/div>\n<\/div>\n<\/div>\n","protected":false},"excerpt":{"rendered":"<ul class=\"m-long-description__features\">\n<li data-start=\"997\" data-end=\"1053\">\n<p data-start=\"999\" data-end=\"1053\">Tejido doble de tres capas para mayor aislamiento y comodidad<\/p>\n<\/li>\n<li data-start=\"1054\" data-end=\"1117\">\n<p data-start=\"1056\" data-end=\"1117\">Capucha integrada, corte amplio para momentos de relax<\/p>\n<\/li>\n<li data-start=\"1173\" data-end=\"1239\">\n<p data-start=\"1175\" data-end=\"1239\">Bolsillo canguro y detalles en goma mate para un estilo t\u00e9cnico<\/p>\n<\/li>\n<\/ul>\n<p><span style=\"font-weight: 400\">&nbsp;<\/span><\/p>\n","protected":false},"featured_media":366943,"template":"","meta":{"_acf_changed":false,"inline_featured_image":false},"product_brand":[],"product_cat":[24458,24463,24464],"product_tag":[23558,23570],"class_list":{"0":"post-365539","1":"product","2":"type-product","3":"status-publish","4":"has-post-thumbnail","6":"product_cat-camisetas-es-2","7":"product_cat-ropa-de-hombre-es","8":"product_cat-hombre","9":"product_tag-adidas-es","10":"product_tag-adidas-hombre","11":"pa_attivita-lifestyle-es","12":"pa_colore-m-z-n-e-hd-black-es","13":"pa_marca-adidas-es","14":"pa_sesso-hombre","15":"pa_size-extra-small-es","16":"pa_size-small-es","17":"pa_size-medium-es","18":"pa_size-large-es","20":"first","21":"instock","22":"sale","23":"taxable","24":"shipping-taxable","25":"purchasable","26":"product-type-variable","27":"wvs-archive-product-wrapper"},"acf":[],"yoast_head":"<!-- This site is optimized with the Yoast SEO plugin v26.8 - https:\/\/yoast.com\/product\/yoast-seo-wordpress\/ -->\n<title>Adidas Z.N.E. Hoodie hombre - Sudadera con capucha - MioMioRun<\/title>\n<meta name=\"description\" content=\"Sudadera adidas M Z.N.E. HD para hombre: comodidad, calidez y estilo. Tejido t\u00e9cnico de tres capas y capucha para un look deportivo y desenfadado.\" \/>\n<meta name=\"robots\" content=\"index, follow, max-snippet:-1, max-image-preview:large, max-video-preview:-1\" \/>\n<link rel=\"canonical\" href=\"https:\/\/www.miomiorun.com\/es\/producto\/z-n-e-hoodie-hombre\/\" \/>\n<meta property=\"og:locale\" content=\"es_ES\" \/>\n<meta property=\"og:type\" content=\"article\" \/>\n<meta property=\"og:title\" content=\"Adidas Z.N.E. Hoodie hombre - Sudadera con capucha - MioMioRun\" \/>\n<meta property=\"og:description\" content=\"Sudadera adidas M Z.N.E. HD para hombre: comodidad, calidez y estilo. Tejido t\u00e9cnico de tres capas y capucha para un look deportivo y desenfadado.\" \/>\n<meta property=\"og:url\" content=\"https:\/\/www.miomiorun.com\/es\/producto\/z-n-e-hoodie-hombre\/\" \/>\n<meta property=\"og:site_name\" content=\"MioMioRun\" \/>\n<meta property=\"article:publisher\" content=\"https:\/\/www.facebook.com\/miomiorun\/\" \/>\n<meta property=\"article:modified_time\" content=\"2026-05-09T08:19:28+00:00\" \/>\n<meta property=\"og:image\" content=\"https:\/\/www.miomiorun.com\/app\/uploads\/2025\/11\/adidas-M-Z.N.E.-HD-black-JE7537.webp\" \/>\n\t<meta property=\"og:image:width\" content=\"720\" \/>\n\t<meta property=\"og:image:height\" content=\"720\" \/>\n\t<meta property=\"og:image:type\" content=\"image\/webp\" \/>\n<meta name=\"twitter:card\" content=\"summary_large_image\" \/>\n<meta name=\"twitter:label1\" content=\"Est. reading time\" \/>\n\t<meta name=\"twitter:data1\" content=\"1 minute\" \/>\n<script type=\"application\/ld+json\" class=\"yoast-schema-graph\">{\"@context\":\"https:\/\/schema.org\",\"@graph\":[{\"@type\":\"WebPage\",\"@id\":\"https:\/\/www.miomiorun.com\/es\/producto\/z-n-e-hoodie-hombre\/\",\"url\":\"https:\/\/www.miomiorun.com\/es\/producto\/z-n-e-hoodie-hombre\/\",\"name\":\"Adidas Z.N.E. Hoodie hombre - Sudadera con capucha - MioMioRun\",\"isPartOf\":{\"@id\":\"https:\/\/www.miomiorun.com\/es\/#website\"},\"primaryImageOfPage\":{\"@id\":\"https:\/\/www.miomiorun.com\/es\/producto\/z-n-e-hoodie-hombre\/#primaryimage\"},\"image\":{\"@id\":\"https:\/\/www.miomiorun.com\/es\/producto\/z-n-e-hoodie-hombre\/#primaryimage\"},\"thumbnailUrl\":\"https:\/\/www.miomiorun.com\/app\/uploads\/2025\/11\/adidas-M-Z.N.E.-HD-black-JE7537.webp\",\"datePublished\":\"2025-10-31T11:29:26+00:00\",\"dateModified\":\"2026-05-09T08:19:28+00:00\",\"description\":\"Sudadera adidas M Z.N.E. HD para hombre: comodidad, calidez y estilo. Tejido t\u00e9cnico de tres capas y capucha para un look deportivo y desenfadado.\",\"breadcrumb\":{\"@id\":\"https:\/\/www.miomiorun.com\/es\/producto\/z-n-e-hoodie-hombre\/#breadcrumb\"},\"inLanguage\":\"es-ES\",\"potentialAction\":[{\"@type\":\"ReadAction\",\"target\":[\"https:\/\/www.miomiorun.com\/es\/producto\/z-n-e-hoodie-hombre\/\"]}]},{\"@type\":\"ImageObject\",\"inLanguage\":\"es-ES\",\"@id\":\"https:\/\/www.miomiorun.com\/es\/producto\/z-n-e-hoodie-hombre\/#primaryimage\",\"url\":\"https:\/\/www.miomiorun.com\/app\/uploads\/2025\/11\/adidas-M-Z.N.E.-HD-black-JE7537.webp\",\"contentUrl\":\"https:\/\/www.miomiorun.com\/app\/uploads\/2025\/11\/adidas-M-Z.N.E.-HD-black-JE7537.webp\",\"width\":720,\"height\":720,\"caption\":\"adidas M Z.N.E. HD black JE7537\"},{\"@type\":\"BreadcrumbList\",\"@id\":\"https:\/\/www.miomiorun.com\/es\/producto\/z-n-e-hoodie-hombre\/#breadcrumb\",\"itemListElement\":[{\"@type\":\"ListItem\",\"position\":1,\"name\":\"Home\",\"item\":\"https:\/\/www.miomiorun.com\/es\/\"},{\"@type\":\"ListItem\",\"position\":2,\"name\":\"Shop\",\"item\":\"https:\/\/www.miomiorun.com\/shop\/\"},{\"@type\":\"ListItem\",\"position\":3,\"name\":\"Z.N.E. Hoodie hombre\"}]},{\"@type\":\"WebSite\",\"@id\":\"https:\/\/www.miomiorun.com\/es\/#website\",\"url\":\"https:\/\/www.miomiorun.com\/es\/\",\"name\":\"MioMioRun\",\"description\":\"Tienda 100% running y trail\",\"publisher\":{\"@id\":\"https:\/\/www.miomiorun.com\/es\/#organization\"},\"potentialAction\":[{\"@type\":\"SearchAction\",\"target\":{\"@type\":\"EntryPoint\",\"urlTemplate\":\"https:\/\/www.miomiorun.com\/es\/?s={search_term_string}\"},\"query-input\":{\"@type\":\"PropertyValueSpecification\",\"valueRequired\":true,\"valueName\":\"search_term_string\"}}],\"inLanguage\":\"es-ES\"},{\"@type\":\"Organization\",\"@id\":\"https:\/\/www.miomiorun.com\/es\/#organization\",\"name\":\"MioMio Run\",\"url\":\"https:\/\/www.miomiorun.com\/es\/\",\"logo\":{\"@type\":\"ImageObject\",\"inLanguage\":\"es-ES\",\"@id\":\"https:\/\/www.miomiorun.com\/es\/#\/schema\/logo\/image\/\",\"url\":\"https:\/\/www.miomiorun.com\/app\/uploads\/2019\/12\/logomio.png\",\"contentUrl\":\"https:\/\/www.miomiorun.com\/app\/uploads\/2019\/12\/logomio.png\",\"width\":115,\"height\":82,\"caption\":\"MioMio Run\"},\"image\":{\"@id\":\"https:\/\/www.miomiorun.com\/es\/#\/schema\/logo\/image\/\"},\"sameAs\":[\"https:\/\/www.facebook.com\/miomiorun\/\",\"https:\/\/www.instagram.com\/miomiorun\/\"]}]}<\/script>\n<!-- \/ Yoast SEO plugin. -->","yoast_head_json":{"title":"Adidas Z.N.E. Hoodie hombre - Sudadera con capucha - MioMioRun","description":"Sudadera adidas M Z.N.E. HD para hombre: comodidad, calidez y estilo. Tejido t\u00e9cnico de tres capas y capucha para un look deportivo y desenfadado.","robots":{"index":"index","follow":"follow","max-snippet":"max-snippet:-1","max-image-preview":"max-image-preview:large","max-video-preview":"max-video-preview:-1"},"canonical":"https:\/\/www.miomiorun.com\/es\/producto\/z-n-e-hoodie-hombre\/","og_locale":"es_ES","og_type":"article","og_title":"Adidas Z.N.E. Hoodie hombre - Sudadera con capucha - MioMioRun","og_description":"Sudadera adidas M Z.N.E. HD para hombre: comodidad, calidez y estilo. Tejido t\u00e9cnico de tres capas y capucha para un look deportivo y desenfadado.","og_url":"https:\/\/www.miomiorun.com\/es\/producto\/z-n-e-hoodie-hombre\/","og_site_name":"MioMioRun","article_publisher":"https:\/\/www.facebook.com\/miomiorun\/","article_modified_time":"2026-05-09T08:19:28+00:00","og_image":[{"width":720,"height":720,"url":"https:\/\/www.miomiorun.com\/app\/uploads\/2025\/11\/adidas-M-Z.N.E.-HD-black-JE7537.webp","type":"image\/webp"}],"twitter_card":"summary_large_image","twitter_misc":{"Est. reading time":"1 minute"},"schema":{"@context":"https:\/\/schema.org","@graph":[{"@type":"WebPage","@id":"https:\/\/www.miomiorun.com\/es\/producto\/z-n-e-hoodie-hombre\/","url":"https:\/\/www.miomiorun.com\/es\/producto\/z-n-e-hoodie-hombre\/","name":"Adidas Z.N.E. Hoodie hombre - Sudadera con capucha - MioMioRun","isPartOf":{"@id":"https:\/\/www.miomiorun.com\/es\/#website"},"primaryImageOfPage":{"@id":"https:\/\/www.miomiorun.com\/es\/producto\/z-n-e-hoodie-hombre\/#primaryimage"},"image":{"@id":"https:\/\/www.miomiorun.com\/es\/producto\/z-n-e-hoodie-hombre\/#primaryimage"},"thumbnailUrl":"https:\/\/www.miomiorun.com\/app\/uploads\/2025\/11\/adidas-M-Z.N.E.-HD-black-JE7537.webp","datePublished":"2025-10-31T11:29:26+00:00","dateModified":"2026-05-09T08:19:28+00:00","description":"Sudadera adidas M Z.N.E. HD para hombre: comodidad, calidez y estilo. Tejido t\u00e9cnico de tres capas y capucha para un look deportivo y desenfadado.","breadcrumb":{"@id":"https:\/\/www.miomiorun.com\/es\/producto\/z-n-e-hoodie-hombre\/#breadcrumb"},"inLanguage":"es-ES","potentialAction":[{"@type":"ReadAction","target":["https:\/\/www.miomiorun.com\/es\/producto\/z-n-e-hoodie-hombre\/"]}]},{"@type":"ImageObject","inLanguage":"es-ES","@id":"https:\/\/www.miomiorun.com\/es\/producto\/z-n-e-hoodie-hombre\/#primaryimage","url":"https:\/\/www.miomiorun.com\/app\/uploads\/2025\/11\/adidas-M-Z.N.E.-HD-black-JE7537.webp","contentUrl":"https:\/\/www.miomiorun.com\/app\/uploads\/2025\/11\/adidas-M-Z.N.E.-HD-black-JE7537.webp","width":720,"height":720,"caption":"adidas M Z.N.E. HD black JE7537"},{"@type":"BreadcrumbList","@id":"https:\/\/www.miomiorun.com\/es\/producto\/z-n-e-hoodie-hombre\/#breadcrumb","itemListElement":[{"@type":"ListItem","position":1,"name":"Home","item":"https:\/\/www.miomiorun.com\/es\/"},{"@type":"ListItem","position":2,"name":"Shop","item":"https:\/\/www.miomiorun.com\/shop\/"},{"@type":"ListItem","position":3,"name":"Z.N.E. Hoodie hombre"}]},{"@type":"WebSite","@id":"https:\/\/www.miomiorun.com\/es\/#website","url":"https:\/\/www.miomiorun.com\/es\/","name":"MioMioRun","description":"Tienda 100% running y trail","publisher":{"@id":"https:\/\/www.miomiorun.com\/es\/#organization"},"potentialAction":[{"@type":"SearchAction","target":{"@type":"EntryPoint","urlTemplate":"https:\/\/www.miomiorun.com\/es\/?s={search_term_string}"},"query-input":{"@type":"PropertyValueSpecification","valueRequired":true,"valueName":"search_term_string"}}],"inLanguage":"es-ES"},{"@type":"Organization","@id":"https:\/\/www.miomiorun.com\/es\/#organization","name":"MioMio Run","url":"https:\/\/www.miomiorun.com\/es\/","logo":{"@type":"ImageObject","inLanguage":"es-ES","@id":"https:\/\/www.miomiorun.com\/es\/#\/schema\/logo\/image\/","url":"https:\/\/www.miomiorun.com\/app\/uploads\/2019\/12\/logomio.png","contentUrl":"https:\/\/www.miomiorun.com\/app\/uploads\/2019\/12\/logomio.png","width":115,"height":82,"caption":"MioMio Run"},"image":{"@id":"https:\/\/www.miomiorun.com\/es\/#\/schema\/logo\/image\/"},"sameAs":["https:\/\/www.facebook.com\/miomiorun\/","https:\/\/www.instagram.com\/miomiorun\/"]}]}},"_links":{"self":[{"href":"https:\/\/www.miomiorun.com\/es\/wp-json\/wp\/v2\/product\/365539","targetHints":{"allow":["GET"]}}],"collection":[{"href":"https:\/\/www.miomiorun.com\/es\/wp-json\/wp\/v2\/product"}],"about":[{"href":"https:\/\/www.miomiorun.com\/es\/wp-json\/wp\/v2\/types\/product"}],"wp:featuredmedia":[{"embeddable":true,"href":"https:\/\/www.miomiorun.com\/es\/wp-json\/wp\/v2\/media\/366943"}],"wp:attachment":[{"href":"https:\/\/www.miomiorun.com\/es\/wp-json\/wp\/v2\/media?parent=365539"}],"wp:term":[{"taxonomy":"product_brand","embeddable":true,"href":"https:\/\/www.miomiorun.com\/es\/wp-json\/wp\/v2\/product_brand?post=365539"},{"taxonomy":"product_cat","embeddable":true,"href":"https:\/\/www.miomiorun.com\/es\/wp-json\/wp\/v2\/product_cat?post=365539"},{"taxonomy":"product_tag","embeddable":true,"href":"https:\/\/www.miomiorun.com\/es\/wp-json\/wp\/v2\/product_tag?post=365539"}],"curies":[{"name":"wp","href":"https:\/\/api.w.org\/{rel}","templated":true}]}}