{"id":363199,"date":"2025-08-14T12:18:22","date_gmt":"2025-08-14T10:18:22","guid":{"rendered":"https:\/\/www.miomiorun.com\/prodotto\/ghost-max-3-donna\/"},"modified":"2026-04-23T12:19:54","modified_gmt":"2026-04-23T10:19:54","slug":"ghost-max-3-mujer","status":"publish","type":"product","link":"https:\/\/www.miomiorun.com\/es\/producto\/ghost-max-3-mujer\/","title":{"rendered":"Ghost Max 3 mujer"},"content":{"rendered":"<div class=\"vc-row container\"><div class=\"vc-column\"><div class=\"vc-column-text\"><\/p>\n<h4>Especificaciones t\u00e9cnicas<\/h4>\n<p>Categor\u00eda: Amortiguaci\u00f3n estructurada<br \/>\nDesnivel: 6 mm<br \/>\nPeso: 283,5 g<br \/>\nIdeal para: corredores con pisada neutra que buscan un modelo capaz de proporcionar una buena amortiguaci\u00f3n protectora y una excelente versatilidad para correr y caminar en distancias largas o medias.<br \/>\nPeso del atleta: 60 kg<br \/>\nRitmo de carrera: medio (5 min\/km)<br \/>\n<a href=\"https:\/\/miomiorun.com\/guida-alle-specifiche-tecniche\/\">Gu\u00eda de especificaciones t\u00e9cnicas<\/a><\/p>\n<p><\/div><\/div><div class=\"vc-column\"><div class=\"vc-column-text\"><\/p>\n<p>La <strong>Ghost Max 3 de Brooks<\/strong> es la nueva frontera del confort diario, dise\u00f1ada para ofrecer una amortiguaci\u00f3n a\u00fan m\u00e1s generosa que la legendaria Ghost, sin renunciar a la fluidez y la naturalidad de la carrera. Esta versi\u00f3n mejorada destaca por una base de apoyo ligeramente m\u00e1s ancha, que aumenta la estabilidad y garantiza la seguridad paso a paso. Perfecta para quienes utilizan plantillas, para los corredores que buscan protecci\u00f3n durante su carrera diaria, para largas caminatas o simplemente para afrontar los retos de la vida cotidiana, la Ghost Max 3 se adapta con versatilidad a cualquier ritmo y terreno urbano. Su dise\u00f1o equilibra la amortiguaci\u00f3n y la respuesta, protegiendo las articulaciones y manteniendo la transici\u00f3n del pie fluida y natural. Si buscas una zapatilla fiable, vers\u00e1til y c\u00f3moda, capaz de acompa\u00f1arte desde la primera carrera de la ma\u00f1ana hasta el paseo vespertino, la <strong>Ghost Max 3<\/strong> est\u00e1 lista para convertirse en tu nueva compa\u00f1era de cada d\u00eda.<\/p>\n<p><\/div><\/div><\/div>\n","protected":false},"excerpt":{"rendered":"<ul>\n<li data-start=\"1558\" data-end=\"1636\">\n<p data-start=\"1560\" data-end=\"1636\">Base de apoyo ligeramente m\u00e1s ancha para aumentar la estabilidad y la seguridad.<\/p>\n<\/li>\n<li data-start=\"1637\" data-end=\"1703\">\n<p data-start=\"1639\" data-end=\"1703\">Transiciones fluidas y naturales para una pisada suave y reactiva.<\/p>\n<\/li>\n<li data-start=\"1704\" data-end=\"1794\">\n<p data-start=\"1706\" data-end=\"1794\">Vers\u00e1til: perfecta para plantillas, correr a diario, caminar y el uso diario.<\/p>\n<\/li>\n<\/ul>\n","protected":false},"featured_media":346376,"template":"","meta":{"_acf_changed":false,"inline_featured_image":false},"product_brand":[],"product_cat":[24227,24228],"product_tag":[23463,23664],"class_list":{"0":"post-363199","1":"product","2":"type-product","3":"status-publish","4":"has-post-thumbnail","6":"product_cat-calzado-femenino","7":"product_cat-neutre-es","8":"product_tag-brooks-es","9":"product_tag-brooks-mujer","10":"pa_attivita-caminar","11":"pa_attivita-running-es","12":"pa_colore-ghost-max-3-w-black-black-rose-gold-es","13":"pa_colore-ghost-max-3-w-coconut-blue-heron-orange-es","14":"pa_colore-ghost-max-3-w-coconut-yucca-gray-mist-es","15":"pa_marca-brooks-es","16":"pa_sesso-mujer","17":"pa_size-37-5-es","18":"pa_size-38-es","19":"pa_size-38-5-es","20":"pa_size-39-es","21":"pa_size-40-es","22":"pa_size-40-5-es","23":"pa_size-41-es","25":"first","26":"instock","27":"sale","28":"taxable","29":"shipping-taxable","30":"purchasable","31":"product-type-variable","32":"wvs-archive-product-wrapper"},"acf":[],"yoast_head":"<!-- This site is optimized with the Yoast SEO plugin v26.8 - https:\/\/yoast.com\/product\/yoast-seo-wordpress\/ -->\n<title>Brooks Ghost Max 3 mujer - zapatillas de running - MioMioRun.com<\/title>\n<meta name=\"description\" content=\"Ghost Max 3 Brooks: m\u00e1xima amortiguaci\u00f3n, estabilidad y transiciones fluidas. Ideal para plantillas ortop\u00e9dicas, correr a diario, caminar y uso diario.\" \/>\n<meta name=\"robots\" content=\"index, follow, max-snippet:-1, max-image-preview:large, max-video-preview:-1\" \/>\n<link rel=\"canonical\" href=\"https:\/\/www.miomiorun.com\/es\/producto\/ghost-max-3-mujer\/\" \/>\n<meta property=\"og:locale\" content=\"es_ES\" \/>\n<meta property=\"og:type\" content=\"article\" \/>\n<meta property=\"og:title\" content=\"Brooks Ghost Max 3 mujer - zapatillas de running - MioMioRun.com\" \/>\n<meta property=\"og:description\" content=\"Ghost Max 3 Brooks: m\u00e1xima amortiguaci\u00f3n, estabilidad y transiciones fluidas. Ideal para plantillas ortop\u00e9dicas, correr a diario, caminar y uso diario.\" \/>\n<meta property=\"og:url\" content=\"https:\/\/www.miomiorun.com\/es\/producto\/ghost-max-3-mujer\/\" \/>\n<meta property=\"og:site_name\" content=\"MioMioRun\" \/>\n<meta property=\"article:publisher\" content=\"https:\/\/www.facebook.com\/miomiorun\/\" \/>\n<meta property=\"article:modified_time\" content=\"2026-04-23T10:19:54+00:00\" \/>\n<meta property=\"og:image\" content=\"https:\/\/www.miomiorun.com\/app\/uploads\/2025\/09\/brooks-Ghost-Max-3-W-coconut-blue-heron-orange-1204571B151.webp\" \/>\n\t<meta property=\"og:image:width\" content=\"720\" \/>\n\t<meta property=\"og:image:height\" content=\"720\" \/>\n\t<meta property=\"og:image:type\" content=\"image\/webp\" \/>\n<meta name=\"twitter:card\" content=\"summary_large_image\" \/>\n<meta name=\"twitter:label1\" content=\"Est. reading time\" \/>\n\t<meta name=\"twitter:data1\" content=\"1 minute\" \/>\n<script type=\"application\/ld+json\" class=\"yoast-schema-graph\">{\"@context\":\"https:\/\/schema.org\",\"@graph\":[{\"@type\":\"WebPage\",\"@id\":\"https:\/\/www.miomiorun.com\/es\/producto\/ghost-max-3-mujer\/\",\"url\":\"https:\/\/www.miomiorun.com\/es\/producto\/ghost-max-3-mujer\/\",\"name\":\"Brooks Ghost Max 3 mujer - zapatillas de running - MioMioRun.com\",\"isPartOf\":{\"@id\":\"https:\/\/www.miomiorun.com\/es\/#website\"},\"primaryImageOfPage\":{\"@id\":\"https:\/\/www.miomiorun.com\/es\/producto\/ghost-max-3-mujer\/#primaryimage\"},\"image\":{\"@id\":\"https:\/\/www.miomiorun.com\/es\/producto\/ghost-max-3-mujer\/#primaryimage\"},\"thumbnailUrl\":\"https:\/\/www.miomiorun.com\/app\/uploads\/2025\/09\/brooks-Ghost-Max-3-W-coconut-blue-heron-orange-1204571B151.webp\",\"datePublished\":\"2025-08-14T10:18:22+00:00\",\"dateModified\":\"2026-04-23T10:19:54+00:00\",\"description\":\"Ghost Max 3 Brooks: m\u00e1xima amortiguaci\u00f3n, estabilidad y transiciones fluidas. Ideal para plantillas ortop\u00e9dicas, correr a diario, caminar y uso diario.\",\"breadcrumb\":{\"@id\":\"https:\/\/www.miomiorun.com\/es\/producto\/ghost-max-3-mujer\/#breadcrumb\"},\"inLanguage\":\"es-ES\",\"potentialAction\":[{\"@type\":\"ReadAction\",\"target\":[\"https:\/\/www.miomiorun.com\/es\/producto\/ghost-max-3-mujer\/\"]}]},{\"@type\":\"ImageObject\",\"inLanguage\":\"es-ES\",\"@id\":\"https:\/\/www.miomiorun.com\/es\/producto\/ghost-max-3-mujer\/#primaryimage\",\"url\":\"https:\/\/www.miomiorun.com\/app\/uploads\/2025\/09\/brooks-Ghost-Max-3-W-coconut-blue-heron-orange-1204571B151.webp\",\"contentUrl\":\"https:\/\/www.miomiorun.com\/app\/uploads\/2025\/09\/brooks-Ghost-Max-3-W-coconut-blue-heron-orange-1204571B151.webp\",\"width\":720,\"height\":720,\"caption\":\"brooks Ghost Max 3 W coconut blue heron orange 1204571B151\"},{\"@type\":\"BreadcrumbList\",\"@id\":\"https:\/\/www.miomiorun.com\/es\/producto\/ghost-max-3-mujer\/#breadcrumb\",\"itemListElement\":[{\"@type\":\"ListItem\",\"position\":1,\"name\":\"Home\",\"item\":\"https:\/\/www.miomiorun.com\/es\/\"},{\"@type\":\"ListItem\",\"position\":2,\"name\":\"Shop\",\"item\":\"https:\/\/www.miomiorun.com\/shop\/\"},{\"@type\":\"ListItem\",\"position\":3,\"name\":\"Ghost Max 3 mujer\"}]},{\"@type\":\"WebSite\",\"@id\":\"https:\/\/www.miomiorun.com\/es\/#website\",\"url\":\"https:\/\/www.miomiorun.com\/es\/\",\"name\":\"MioMioRun\",\"description\":\"Tienda 100% running y trail\",\"publisher\":{\"@id\":\"https:\/\/www.miomiorun.com\/es\/#organization\"},\"potentialAction\":[{\"@type\":\"SearchAction\",\"target\":{\"@type\":\"EntryPoint\",\"urlTemplate\":\"https:\/\/www.miomiorun.com\/es\/?s={search_term_string}\"},\"query-input\":{\"@type\":\"PropertyValueSpecification\",\"valueRequired\":true,\"valueName\":\"search_term_string\"}}],\"inLanguage\":\"es-ES\"},{\"@type\":\"Organization\",\"@id\":\"https:\/\/www.miomiorun.com\/es\/#organization\",\"name\":\"MioMio Run\",\"url\":\"https:\/\/www.miomiorun.com\/es\/\",\"logo\":{\"@type\":\"ImageObject\",\"inLanguage\":\"es-ES\",\"@id\":\"https:\/\/www.miomiorun.com\/es\/#\/schema\/logo\/image\/\",\"url\":\"https:\/\/www.miomiorun.com\/app\/uploads\/2019\/12\/logomio.png\",\"contentUrl\":\"https:\/\/www.miomiorun.com\/app\/uploads\/2019\/12\/logomio.png\",\"width\":115,\"height\":82,\"caption\":\"MioMio Run\"},\"image\":{\"@id\":\"https:\/\/www.miomiorun.com\/es\/#\/schema\/logo\/image\/\"},\"sameAs\":[\"https:\/\/www.facebook.com\/miomiorun\/\",\"https:\/\/www.instagram.com\/miomiorun\/\"]}]}<\/script>\n<!-- \/ Yoast SEO plugin. -->","yoast_head_json":{"title":"Brooks Ghost Max 3 mujer - zapatillas de running - MioMioRun.com","description":"Ghost Max 3 Brooks: m\u00e1xima amortiguaci\u00f3n, estabilidad y transiciones fluidas. Ideal para plantillas ortop\u00e9dicas, correr a diario, caminar y uso diario.","robots":{"index":"index","follow":"follow","max-snippet":"max-snippet:-1","max-image-preview":"max-image-preview:large","max-video-preview":"max-video-preview:-1"},"canonical":"https:\/\/www.miomiorun.com\/es\/producto\/ghost-max-3-mujer\/","og_locale":"es_ES","og_type":"article","og_title":"Brooks Ghost Max 3 mujer - zapatillas de running - MioMioRun.com","og_description":"Ghost Max 3 Brooks: m\u00e1xima amortiguaci\u00f3n, estabilidad y transiciones fluidas. Ideal para plantillas ortop\u00e9dicas, correr a diario, caminar y uso diario.","og_url":"https:\/\/www.miomiorun.com\/es\/producto\/ghost-max-3-mujer\/","og_site_name":"MioMioRun","article_publisher":"https:\/\/www.facebook.com\/miomiorun\/","article_modified_time":"2026-04-23T10:19:54+00:00","og_image":[{"width":720,"height":720,"url":"https:\/\/www.miomiorun.com\/app\/uploads\/2025\/09\/brooks-Ghost-Max-3-W-coconut-blue-heron-orange-1204571B151.webp","type":"image\/webp"}],"twitter_card":"summary_large_image","twitter_misc":{"Est. reading time":"1 minute"},"schema":{"@context":"https:\/\/schema.org","@graph":[{"@type":"WebPage","@id":"https:\/\/www.miomiorun.com\/es\/producto\/ghost-max-3-mujer\/","url":"https:\/\/www.miomiorun.com\/es\/producto\/ghost-max-3-mujer\/","name":"Brooks Ghost Max 3 mujer - zapatillas de running - MioMioRun.com","isPartOf":{"@id":"https:\/\/www.miomiorun.com\/es\/#website"},"primaryImageOfPage":{"@id":"https:\/\/www.miomiorun.com\/es\/producto\/ghost-max-3-mujer\/#primaryimage"},"image":{"@id":"https:\/\/www.miomiorun.com\/es\/producto\/ghost-max-3-mujer\/#primaryimage"},"thumbnailUrl":"https:\/\/www.miomiorun.com\/app\/uploads\/2025\/09\/brooks-Ghost-Max-3-W-coconut-blue-heron-orange-1204571B151.webp","datePublished":"2025-08-14T10:18:22+00:00","dateModified":"2026-04-23T10:19:54+00:00","description":"Ghost Max 3 Brooks: m\u00e1xima amortiguaci\u00f3n, estabilidad y transiciones fluidas. Ideal para plantillas ortop\u00e9dicas, correr a diario, caminar y uso diario.","breadcrumb":{"@id":"https:\/\/www.miomiorun.com\/es\/producto\/ghost-max-3-mujer\/#breadcrumb"},"inLanguage":"es-ES","potentialAction":[{"@type":"ReadAction","target":["https:\/\/www.miomiorun.com\/es\/producto\/ghost-max-3-mujer\/"]}]},{"@type":"ImageObject","inLanguage":"es-ES","@id":"https:\/\/www.miomiorun.com\/es\/producto\/ghost-max-3-mujer\/#primaryimage","url":"https:\/\/www.miomiorun.com\/app\/uploads\/2025\/09\/brooks-Ghost-Max-3-W-coconut-blue-heron-orange-1204571B151.webp","contentUrl":"https:\/\/www.miomiorun.com\/app\/uploads\/2025\/09\/brooks-Ghost-Max-3-W-coconut-blue-heron-orange-1204571B151.webp","width":720,"height":720,"caption":"brooks Ghost Max 3 W coconut blue heron orange 1204571B151"},{"@type":"BreadcrumbList","@id":"https:\/\/www.miomiorun.com\/es\/producto\/ghost-max-3-mujer\/#breadcrumb","itemListElement":[{"@type":"ListItem","position":1,"name":"Home","item":"https:\/\/www.miomiorun.com\/es\/"},{"@type":"ListItem","position":2,"name":"Shop","item":"https:\/\/www.miomiorun.com\/shop\/"},{"@type":"ListItem","position":3,"name":"Ghost Max 3 mujer"}]},{"@type":"WebSite","@id":"https:\/\/www.miomiorun.com\/es\/#website","url":"https:\/\/www.miomiorun.com\/es\/","name":"MioMioRun","description":"Tienda 100% running y trail","publisher":{"@id":"https:\/\/www.miomiorun.com\/es\/#organization"},"potentialAction":[{"@type":"SearchAction","target":{"@type":"EntryPoint","urlTemplate":"https:\/\/www.miomiorun.com\/es\/?s={search_term_string}"},"query-input":{"@type":"PropertyValueSpecification","valueRequired":true,"valueName":"search_term_string"}}],"inLanguage":"es-ES"},{"@type":"Organization","@id":"https:\/\/www.miomiorun.com\/es\/#organization","name":"MioMio Run","url":"https:\/\/www.miomiorun.com\/es\/","logo":{"@type":"ImageObject","inLanguage":"es-ES","@id":"https:\/\/www.miomiorun.com\/es\/#\/schema\/logo\/image\/","url":"https:\/\/www.miomiorun.com\/app\/uploads\/2019\/12\/logomio.png","contentUrl":"https:\/\/www.miomiorun.com\/app\/uploads\/2019\/12\/logomio.png","width":115,"height":82,"caption":"MioMio Run"},"image":{"@id":"https:\/\/www.miomiorun.com\/es\/#\/schema\/logo\/image\/"},"sameAs":["https:\/\/www.facebook.com\/miomiorun\/","https:\/\/www.instagram.com\/miomiorun\/"]}]}},"_links":{"self":[{"href":"https:\/\/www.miomiorun.com\/es\/wp-json\/wp\/v2\/product\/363199","targetHints":{"allow":["GET"]}}],"collection":[{"href":"https:\/\/www.miomiorun.com\/es\/wp-json\/wp\/v2\/product"}],"about":[{"href":"https:\/\/www.miomiorun.com\/es\/wp-json\/wp\/v2\/types\/product"}],"wp:featuredmedia":[{"embeddable":true,"href":"https:\/\/www.miomiorun.com\/es\/wp-json\/wp\/v2\/media\/346376"}],"wp:attachment":[{"href":"https:\/\/www.miomiorun.com\/es\/wp-json\/wp\/v2\/media?parent=363199"}],"wp:term":[{"taxonomy":"product_brand","embeddable":true,"href":"https:\/\/www.miomiorun.com\/es\/wp-json\/wp\/v2\/product_brand?post=363199"},{"taxonomy":"product_cat","embeddable":true,"href":"https:\/\/www.miomiorun.com\/es\/wp-json\/wp\/v2\/product_cat?post=363199"},{"taxonomy":"product_tag","embeddable":true,"href":"https:\/\/www.miomiorun.com\/es\/wp-json\/wp\/v2\/product_tag?post=363199"}],"curies":[{"name":"wp","href":"https:\/\/api.w.org\/{rel}","templated":true}]}}