{"id":363177,"date":"2025-08-14T18:29:33","date_gmt":"2025-08-14T16:29:33","guid":{"rendered":"https:\/\/www.miomiorun.com\/prodotto\/offtrail-tr-gtx-donna\/"},"modified":"2026-04-23T12:21:10","modified_gmt":"2026-04-23T10:21:10","slug":"offtrail-tr-gtx-mujer","status":"publish","type":"product","link":"https:\/\/www.miomiorun.com\/es\/producto\/offtrail-tr-gtx-mujer\/","title":{"rendered":"Offtrail TR GTX mujer"},"content":{"rendered":"<div class=\"vc-row container\"><div class=\"vc-column\"><div class=\"vc-column-text\"><\/p>\n<p><strong>Especificaciones t\u00e9cnicas<\/strong><\/p>\n<p>Categor\u00eda: amortiguaci\u00f3n superior<br \/>\nDesnivel: 6 mm<br \/>\nPeso: 318 g<br \/>\nIdeal para: corredores de trail y amantes de las caminatas por la monta\u00f1a que buscan un modelo ligero, bien amortiguado y protector, capaz de ofrecer la m\u00e1xima comodidad incluso en distancias largas.<br \/>\nPeso del deportista: 60-70 kg<br \/>\nRitmo de carrera: medio-r\u00e1pido (4,30-6,00 min\/km)<br \/>\n<a href=\"https:\/\/miomiorun.com\/guida-alle-specifiche-tecniche\/\">Gu\u00eda de especificaciones t\u00e9cnicas<\/a><\/p>\n<p><\/div><\/div><div class=\"vc-column\"><div class=\"vc-column-text\"><\/p>\n<p data-start=\"183\" data-end=\"521\">Afront\u00e1 los senderos m\u00e1s exigentes con las <strong data-start=\"226\" data-end=\"259\">Offtrail TR GORE-TEX\u00ae para mujer<\/strong>, dise\u00f1adas para garantizar estabilidad, protecci\u00f3n y resistencia en cualquier condici\u00f3n. El hormado regular ofrece un ajuste preciso y c\u00f3modo, mientras que la membrana <strong data-start=\"413\" data-end=\"453\">GORE-TEX\u00ae impermeable<\/strong> te mantiene seca incluso en terrenos h\u00famedos o bajo la lluvia. La resistente puntera <strong data-start=\"547\" data-end=\"581\">Matryx\u00ae reforzada con Kevlar\u00ae<\/strong> protege contra las piedras y las abrasiones sin comprometer la flexibilidad, mientras que la puntera reforzada garantiza una barrera protectora adicional contra los impactos. La entresuela de EVA de alto rebote, con <strong data-start=\"786\" data-end=\"849\">24 mm de amortiguaci\u00f3n en el tal\u00f3n y 18 mm en la puntera<\/strong>, ofrece comodidad y reactividad incluso en largas distancias. La suela <strong data-start=\"919\" data-end=\"936\">Surface CTRL\u2122<\/strong>, con tacos de 5 mm y cobertura integral, garantiza un excelente agarre en terrenos t\u00e9cnicos e irregulares, combinando adherencia y durabilidad con materiales parcialmente de origen natural. Estas zapatillas est\u00e1n dise\u00f1adas para quienes quieren moverse con rapidez, seguridad y ligereza incluso en los recorridos m\u00e1s dif\u00edciles.<\/p>\n<ul>\n<li>\n<div class=\"group flex items-start gap-4\">\n<p><img loading=\"lazy\" decoding=\"async\" class=\"contain\" src=\"https:\/\/assets.thenorthface.eu\/image\/upload\/v1728567347\/benefit-icon-stability.webp\" alt=\"Stabili\" width=\"52\" height=\"52\" \/><\/p>\n<div class=\"grow space-y-1\">\n<p class=\"fw-bold title-5\">Establecer<\/p>\n<p class=\"ws-pre-wrap subtitle-4\">La tecnolog\u00eda de sujeci\u00f3n del tal\u00f3n mejora la estabilidad en terrenos irregulares.<\/p>\n<\/div>\n<\/div>\n<\/li>\n<li>\n<div class=\"group flex items-start gap-4\">\n<p><img loading=\"lazy\" decoding=\"async\" class=\"contain\" src=\"https:\/\/assets.thenorthface.eu\/image\/upload\/v1728567351\/benefit-icon-waterproof.webp\" alt=\"Impermeabile\" width=\"52\" height=\"52\" \/><\/p>\n<div class=\"grow space-y-1\">\n<p class=\"fw-bold title-5\">Impermeable<\/p>\n<p class=\"ws-pre-wrap subtitle-4\">El tejido act\u00faa como barrera impermeable contra la lluvia y la nieve, garantizando que te mantengas seco.<\/p>\n<\/div>\n<\/div>\n<\/li>\n<li>\n<div class=\"group flex items-start gap-4\">\n<p><img loading=\"lazy\" decoding=\"async\" class=\"contain\" src=\"https:\/\/assets.thenorthface.eu\/image\/upload\/v1728567352\/benefit-icon-wind_resistant.webp\" alt=\"Antivento\" width=\"52\" height=\"52\" \/><\/p>\n<div class=\"grow space-y-1\">\n<p class=\"fw-bold title-5\">Cortavientos<\/p>\n<p class=\"ws-pre-wrap subtitle-4\">El tejido de la prenda reduce la penetraci\u00f3n del viento y del aire fr\u00edo.<\/p>\n<\/div>\n<\/div>\n<\/li>\n<li>\n<div class=\"group flex items-start gap-4\">\n<p><img loading=\"lazy\" decoding=\"async\" class=\"contain\" src=\"https:\/\/assets.thenorthface.eu\/image\/upload\/v1728567340\/benefit-icon-grip_sole.webp\" alt=\"Suola antiscivolo\" width=\"52\" height=\"52\" \/><\/p>\n<div class=\"grow space-y-1\">\n<p class=\"fw-bold title-5\">Suela antideslizante<\/p>\n<p class=\"ws-pre-wrap subtitle-4\">Las mezclas de caucho garantizan estanqueidad, adherencia y resistencia tanto en superficies secas como mojadas.<\/p>\n<\/div>\n<\/div>\n<\/li>\n<\/ul>\n<p><\/div><\/div><\/div>\n","protected":false},"excerpt":{"rendered":"<ul>\n<li data-start=\"1499\" data-end=\"1594\">\n<p data-start=\"1501\" data-end=\"1594\">Membrana <strong data-start=\"1510\" data-end=\"1550\">GORE-TEX\u00ae impermeable<\/strong>.<\/p>\n<\/li>\n<li data-start=\"1595\" data-end=\"1690\">\n<p data-start=\"1597\" data-end=\"1690\">Puntera <strong data-start=\"1607\" data-end=\"1642\">Matryx\u00ae con refuerzos de Kevlar\u00ae<\/strong><\/p>\n<\/li>\n<li data-start=\"1691\" data-end=\"1753\">\n<p data-start=\"1693\" data-end=\"1753\">Puntera reforzada para proteger contra las rocas y los golpes.<\/p>\n<\/li>\n<\/ul>\n","protected":false},"featured_media":350494,"template":"","meta":{"_acf_changed":false,"inline_featured_image":false},"product_brand":[],"product_cat":[24227,24230],"product_tag":[32389,32395],"class_list":{"0":"post-363177","1":"product","2":"type-product","3":"status-publish","4":"has-post-thumbnail","6":"product_cat-calzado-femenino","7":"product_cat-trail-es","8":"product_tag-the-north-face-es","9":"product_tag-the-north-face-mujer","10":"pa_attivita-outdoor-es","11":"pa_attivita-trail-es","12":"pa_colore-offtrail-tr-gtx-w-soapstone-concr-es","13":"pa_marca-the-north-face-es","14":"pa_sesso-mujer","15":"pa_size-38-5-es","16":"pa_size-39-5-es","18":"first","19":"instock","20":"sale","21":"taxable","22":"shipping-taxable","23":"purchasable","24":"product-type-variable","25":"wvs-archive-product-wrapper"},"acf":[],"yoast_head":"<!-- This site is optimized with the Yoast SEO plugin v26.8 - https:\/\/yoast.com\/product\/yoast-seo-wordpress\/ -->\n<title>The North Face Offtrail TR GTX mujer - zapatillas de trail para mujer - MioMioRun.com<\/title>\n<meta name=\"description\" content=\"Offtrail TR GORE-TEX\u00ae para mujer: zapatillas de trail running impermeables, estables y protectoras, con Matryx\u00ae y suela Surface CTRL\u2122 para un agarre y una resistencia superiores.\" \/>\n<meta name=\"robots\" content=\"index, follow, max-snippet:-1, max-image-preview:large, max-video-preview:-1\" \/>\n<link rel=\"canonical\" href=\"https:\/\/www.miomiorun.com\/es\/producto\/offtrail-tr-gtx-mujer\/\" \/>\n<meta property=\"og:locale\" content=\"es_ES\" \/>\n<meta property=\"og:type\" content=\"article\" \/>\n<meta property=\"og:title\" content=\"The North Face Offtrail TR GTX mujer - zapatillas de trail para mujer - MioMioRun.com\" \/>\n<meta property=\"og:description\" content=\"Offtrail TR GORE-TEX\u00ae para mujer: zapatillas de trail running impermeables, estables y protectoras, con Matryx\u00ae y suela Surface CTRL\u2122 para un agarre y una resistencia superiores.\" \/>\n<meta property=\"og:url\" content=\"https:\/\/www.miomiorun.com\/es\/producto\/offtrail-tr-gtx-mujer\/\" \/>\n<meta property=\"og:site_name\" content=\"MioMioRun\" \/>\n<meta property=\"article:publisher\" content=\"https:\/\/www.facebook.com\/miomiorun\/\" \/>\n<meta property=\"article:modified_time\" content=\"2026-04-23T10:21:10+00:00\" \/>\n<meta property=\"og:image\" content=\"https:\/\/www.miomiorun.com\/app\/uploads\/2025\/09\/north-face-Offtrail-TR-GTX-W-soapstone-concr-NF0A8A9YDTV1.webp\" \/>\n\t<meta property=\"og:image:width\" content=\"720\" \/>\n\t<meta property=\"og:image:height\" content=\"720\" \/>\n\t<meta property=\"og:image:type\" content=\"image\/webp\" \/>\n<meta name=\"twitter:card\" content=\"summary_large_image\" \/>\n<meta name=\"twitter:label1\" content=\"Est. reading time\" \/>\n\t<meta name=\"twitter:data1\" content=\"2 minutes\" \/>\n<script type=\"application\/ld+json\" class=\"yoast-schema-graph\">{\"@context\":\"https:\/\/schema.org\",\"@graph\":[{\"@type\":\"WebPage\",\"@id\":\"https:\/\/www.miomiorun.com\/es\/producto\/offtrail-tr-gtx-mujer\/\",\"url\":\"https:\/\/www.miomiorun.com\/es\/producto\/offtrail-tr-gtx-mujer\/\",\"name\":\"The North Face Offtrail TR GTX mujer - zapatillas de trail para mujer - MioMioRun.com\",\"isPartOf\":{\"@id\":\"https:\/\/www.miomiorun.com\/es\/#website\"},\"primaryImageOfPage\":{\"@id\":\"https:\/\/www.miomiorun.com\/es\/producto\/offtrail-tr-gtx-mujer\/#primaryimage\"},\"image\":{\"@id\":\"https:\/\/www.miomiorun.com\/es\/producto\/offtrail-tr-gtx-mujer\/#primaryimage\"},\"thumbnailUrl\":\"https:\/\/www.miomiorun.com\/app\/uploads\/2025\/09\/north-face-Offtrail-TR-GTX-W-soapstone-concr-NF0A8A9YDTV1.webp\",\"datePublished\":\"2025-08-14T16:29:33+00:00\",\"dateModified\":\"2026-04-23T10:21:10+00:00\",\"description\":\"Offtrail TR GORE-TEX\u00ae para mujer: zapatillas de trail running impermeables, estables y protectoras, con Matryx\u00ae y suela Surface CTRL\u2122 para un agarre y una resistencia superiores.\",\"breadcrumb\":{\"@id\":\"https:\/\/www.miomiorun.com\/es\/producto\/offtrail-tr-gtx-mujer\/#breadcrumb\"},\"inLanguage\":\"es-ES\",\"potentialAction\":[{\"@type\":\"ReadAction\",\"target\":[\"https:\/\/www.miomiorun.com\/es\/producto\/offtrail-tr-gtx-mujer\/\"]}]},{\"@type\":\"ImageObject\",\"inLanguage\":\"es-ES\",\"@id\":\"https:\/\/www.miomiorun.com\/es\/producto\/offtrail-tr-gtx-mujer\/#primaryimage\",\"url\":\"https:\/\/www.miomiorun.com\/app\/uploads\/2025\/09\/north-face-Offtrail-TR-GTX-W-soapstone-concr-NF0A8A9YDTV1.webp\",\"contentUrl\":\"https:\/\/www.miomiorun.com\/app\/uploads\/2025\/09\/north-face-Offtrail-TR-GTX-W-soapstone-concr-NF0A8A9YDTV1.webp\",\"width\":720,\"height\":720,\"caption\":\"north face Offtrail TR GTX W soapstone concr NF0A8A9YDTV1\"},{\"@type\":\"BreadcrumbList\",\"@id\":\"https:\/\/www.miomiorun.com\/es\/producto\/offtrail-tr-gtx-mujer\/#breadcrumb\",\"itemListElement\":[{\"@type\":\"ListItem\",\"position\":1,\"name\":\"Home\",\"item\":\"https:\/\/www.miomiorun.com\/es\/\"},{\"@type\":\"ListItem\",\"position\":2,\"name\":\"Shop\",\"item\":\"https:\/\/www.miomiorun.com\/shop\/\"},{\"@type\":\"ListItem\",\"position\":3,\"name\":\"Offtrail TR GTX mujer\"}]},{\"@type\":\"WebSite\",\"@id\":\"https:\/\/www.miomiorun.com\/es\/#website\",\"url\":\"https:\/\/www.miomiorun.com\/es\/\",\"name\":\"MioMioRun\",\"description\":\"Tienda 100% running y trail\",\"publisher\":{\"@id\":\"https:\/\/www.miomiorun.com\/es\/#organization\"},\"potentialAction\":[{\"@type\":\"SearchAction\",\"target\":{\"@type\":\"EntryPoint\",\"urlTemplate\":\"https:\/\/www.miomiorun.com\/es\/?s={search_term_string}\"},\"query-input\":{\"@type\":\"PropertyValueSpecification\",\"valueRequired\":true,\"valueName\":\"search_term_string\"}}],\"inLanguage\":\"es-ES\"},{\"@type\":\"Organization\",\"@id\":\"https:\/\/www.miomiorun.com\/es\/#organization\",\"name\":\"MioMio Run\",\"url\":\"https:\/\/www.miomiorun.com\/es\/\",\"logo\":{\"@type\":\"ImageObject\",\"inLanguage\":\"es-ES\",\"@id\":\"https:\/\/www.miomiorun.com\/es\/#\/schema\/logo\/image\/\",\"url\":\"https:\/\/www.miomiorun.com\/app\/uploads\/2019\/12\/logomio.png\",\"contentUrl\":\"https:\/\/www.miomiorun.com\/app\/uploads\/2019\/12\/logomio.png\",\"width\":115,\"height\":82,\"caption\":\"MioMio Run\"},\"image\":{\"@id\":\"https:\/\/www.miomiorun.com\/es\/#\/schema\/logo\/image\/\"},\"sameAs\":[\"https:\/\/www.facebook.com\/miomiorun\/\",\"https:\/\/www.instagram.com\/miomiorun\/\"]}]}<\/script>\n<!-- \/ Yoast SEO plugin. -->","yoast_head_json":{"title":"The North Face Offtrail TR GTX mujer - zapatillas de trail para mujer - MioMioRun.com","description":"Offtrail TR GORE-TEX\u00ae para mujer: zapatillas de trail running impermeables, estables y protectoras, con Matryx\u00ae y suela Surface CTRL\u2122 para un agarre y una resistencia superiores.","robots":{"index":"index","follow":"follow","max-snippet":"max-snippet:-1","max-image-preview":"max-image-preview:large","max-video-preview":"max-video-preview:-1"},"canonical":"https:\/\/www.miomiorun.com\/es\/producto\/offtrail-tr-gtx-mujer\/","og_locale":"es_ES","og_type":"article","og_title":"The North Face Offtrail TR GTX mujer - zapatillas de trail para mujer - MioMioRun.com","og_description":"Offtrail TR GORE-TEX\u00ae para mujer: zapatillas de trail running impermeables, estables y protectoras, con Matryx\u00ae y suela Surface CTRL\u2122 para un agarre y una resistencia superiores.","og_url":"https:\/\/www.miomiorun.com\/es\/producto\/offtrail-tr-gtx-mujer\/","og_site_name":"MioMioRun","article_publisher":"https:\/\/www.facebook.com\/miomiorun\/","article_modified_time":"2026-04-23T10:21:10+00:00","og_image":[{"width":720,"height":720,"url":"https:\/\/www.miomiorun.com\/app\/uploads\/2025\/09\/north-face-Offtrail-TR-GTX-W-soapstone-concr-NF0A8A9YDTV1.webp","type":"image\/webp"}],"twitter_card":"summary_large_image","twitter_misc":{"Est. reading time":"2 minutes"},"schema":{"@context":"https:\/\/schema.org","@graph":[{"@type":"WebPage","@id":"https:\/\/www.miomiorun.com\/es\/producto\/offtrail-tr-gtx-mujer\/","url":"https:\/\/www.miomiorun.com\/es\/producto\/offtrail-tr-gtx-mujer\/","name":"The North Face Offtrail TR GTX mujer - zapatillas de trail para mujer - MioMioRun.com","isPartOf":{"@id":"https:\/\/www.miomiorun.com\/es\/#website"},"primaryImageOfPage":{"@id":"https:\/\/www.miomiorun.com\/es\/producto\/offtrail-tr-gtx-mujer\/#primaryimage"},"image":{"@id":"https:\/\/www.miomiorun.com\/es\/producto\/offtrail-tr-gtx-mujer\/#primaryimage"},"thumbnailUrl":"https:\/\/www.miomiorun.com\/app\/uploads\/2025\/09\/north-face-Offtrail-TR-GTX-W-soapstone-concr-NF0A8A9YDTV1.webp","datePublished":"2025-08-14T16:29:33+00:00","dateModified":"2026-04-23T10:21:10+00:00","description":"Offtrail TR GORE-TEX\u00ae para mujer: zapatillas de trail running impermeables, estables y protectoras, con Matryx\u00ae y suela Surface CTRL\u2122 para un agarre y una resistencia superiores.","breadcrumb":{"@id":"https:\/\/www.miomiorun.com\/es\/producto\/offtrail-tr-gtx-mujer\/#breadcrumb"},"inLanguage":"es-ES","potentialAction":[{"@type":"ReadAction","target":["https:\/\/www.miomiorun.com\/es\/producto\/offtrail-tr-gtx-mujer\/"]}]},{"@type":"ImageObject","inLanguage":"es-ES","@id":"https:\/\/www.miomiorun.com\/es\/producto\/offtrail-tr-gtx-mujer\/#primaryimage","url":"https:\/\/www.miomiorun.com\/app\/uploads\/2025\/09\/north-face-Offtrail-TR-GTX-W-soapstone-concr-NF0A8A9YDTV1.webp","contentUrl":"https:\/\/www.miomiorun.com\/app\/uploads\/2025\/09\/north-face-Offtrail-TR-GTX-W-soapstone-concr-NF0A8A9YDTV1.webp","width":720,"height":720,"caption":"north face Offtrail TR GTX W soapstone concr NF0A8A9YDTV1"},{"@type":"BreadcrumbList","@id":"https:\/\/www.miomiorun.com\/es\/producto\/offtrail-tr-gtx-mujer\/#breadcrumb","itemListElement":[{"@type":"ListItem","position":1,"name":"Home","item":"https:\/\/www.miomiorun.com\/es\/"},{"@type":"ListItem","position":2,"name":"Shop","item":"https:\/\/www.miomiorun.com\/shop\/"},{"@type":"ListItem","position":3,"name":"Offtrail TR GTX mujer"}]},{"@type":"WebSite","@id":"https:\/\/www.miomiorun.com\/es\/#website","url":"https:\/\/www.miomiorun.com\/es\/","name":"MioMioRun","description":"Tienda 100% running y trail","publisher":{"@id":"https:\/\/www.miomiorun.com\/es\/#organization"},"potentialAction":[{"@type":"SearchAction","target":{"@type":"EntryPoint","urlTemplate":"https:\/\/www.miomiorun.com\/es\/?s={search_term_string}"},"query-input":{"@type":"PropertyValueSpecification","valueRequired":true,"valueName":"search_term_string"}}],"inLanguage":"es-ES"},{"@type":"Organization","@id":"https:\/\/www.miomiorun.com\/es\/#organization","name":"MioMio Run","url":"https:\/\/www.miomiorun.com\/es\/","logo":{"@type":"ImageObject","inLanguage":"es-ES","@id":"https:\/\/www.miomiorun.com\/es\/#\/schema\/logo\/image\/","url":"https:\/\/www.miomiorun.com\/app\/uploads\/2019\/12\/logomio.png","contentUrl":"https:\/\/www.miomiorun.com\/app\/uploads\/2019\/12\/logomio.png","width":115,"height":82,"caption":"MioMio Run"},"image":{"@id":"https:\/\/www.miomiorun.com\/es\/#\/schema\/logo\/image\/"},"sameAs":["https:\/\/www.facebook.com\/miomiorun\/","https:\/\/www.instagram.com\/miomiorun\/"]}]}},"_links":{"self":[{"href":"https:\/\/www.miomiorun.com\/es\/wp-json\/wp\/v2\/product\/363177","targetHints":{"allow":["GET"]}}],"collection":[{"href":"https:\/\/www.miomiorun.com\/es\/wp-json\/wp\/v2\/product"}],"about":[{"href":"https:\/\/www.miomiorun.com\/es\/wp-json\/wp\/v2\/types\/product"}],"wp:featuredmedia":[{"embeddable":true,"href":"https:\/\/www.miomiorun.com\/es\/wp-json\/wp\/v2\/media\/350494"}],"wp:attachment":[{"href":"https:\/\/www.miomiorun.com\/es\/wp-json\/wp\/v2\/media?parent=363177"}],"wp:term":[{"taxonomy":"product_brand","embeddable":true,"href":"https:\/\/www.miomiorun.com\/es\/wp-json\/wp\/v2\/product_brand?post=363177"},{"taxonomy":"product_cat","embeddable":true,"href":"https:\/\/www.miomiorun.com\/es\/wp-json\/wp\/v2\/product_cat?post=363177"},{"taxonomy":"product_tag","embeddable":true,"href":"https:\/\/www.miomiorun.com\/es\/wp-json\/wp\/v2\/product_tag?post=363177"}],"curies":[{"name":"wp","href":"https:\/\/api.w.org\/{rel}","templated":true}]}}