{"id":363171,"date":"2025-08-14T19:24:51","date_gmt":"2025-08-14T17:24:51","guid":{"rendered":"https:\/\/www.miomiorun.com\/prodotto\/hurricane-25-donna\/"},"modified":"2026-04-23T11:39:29","modified_gmt":"2026-04-23T09:39:29","slug":"hurricane-25-mujer","status":"publish","type":"product","link":"https:\/\/www.miomiorun.com\/es\/producto\/hurricane-25-mujer\/","title":{"rendered":"Hurricane 25 mujer"},"content":{"rendered":"<div class=\"vc-row container\"><div class=\"vc-column\"><div class=\"vc-column-text\"><\/p>\n<p><strong>Especificaciones t\u00e9cnicas<\/strong><\/p>\n<p>Categor\u00eda: Amortiguaci\u00f3n estructurada<br \/>\nDesnivel: 6 mm (38\/32 mm)<br \/>\nPeso: 256 g<br \/>\nIdeales para: correr a diario, entrenamientos largos y m\u00e1xima sujeci\u00f3n.<br \/>\nPeso del atleta: &lt;80 kg<br \/>\nRitmo de carrera: medio (6 min\/km)<br \/>\n<a href=\"https:\/\/miomiorun.com\/guida-alle-specifiche-tecniche\/\">Gu\u00eda de especificaciones t\u00e9cnicas<\/a><\/p>\n<p><\/div><\/div><div class=\"vc-column\"><div class=\"vc-column-text\"><\/p>\n<p>Las <strong data-start=\"149\" data-end=\"173\">Saucony Hurricane 25<\/strong> est\u00e1n dise\u00f1adas para acompa\u00f1arte en cada carrera diaria con una sensaci\u00f3n de protecci\u00f3n, potencia y comodidad absoluta. Gracias a la m\u00e1xima amortiguaci\u00f3n y a la geometr\u00eda actualizada, estas zapatillas ofrecen estabilidad y fluidez en cada paso, permiti\u00e9ndote correr con confianza independientemente del ritmo. La combinaci\u00f3n de la espuma <strong data-start=\"518\" data-end=\"531\">PWRRUN PB<\/strong>, suave y reactiva, y la gruesa capa de <strong data-start=\"575\" data-end=\"585\">PWRRUN<\/strong>, garantiza un equilibrio perfecto entre suavidad y sujeci\u00f3n, mientras que la tecnolog\u00eda <strong data-start=\"667\" data-end=\"682\">CenterPath\u2122<\/strong> gu\u00eda la transici\u00f3n manteniendo la alineaci\u00f3n del pie. El resultado es una carrera m\u00e1s segura, fluida y natural. La malla t\u00e9cnica y transpirable envuelve el pie con un ajuste estable y c\u00f3modo, ideal tanto para los corredores m\u00e1s exigentes como para quienes buscan una zapatilla fiable para sus carreras diarias. Con las Hurricane 25, cada paso es sin\u00f3nimo de protecci\u00f3n y comodidad.<\/p>\n<p><\/div><\/div><\/div>\n","protected":false},"excerpt":{"rendered":"<ul>\n<li>Ideales para&nbsp;correr a diario, entrenamientos largos y una sujeci\u00f3n m\u00e1xima<\/li>\n<li>Transiciones fluidas<\/li>\n<li>Amortiguaci\u00f3n m\u00e1xima<\/li>\n<\/ul>\n","protected":false},"featured_media":342243,"template":"","meta":{"_acf_changed":false,"inline_featured_image":false},"product_brand":[],"product_cat":[24227,24229],"product_tag":[23578,23617],"class_list":{"0":"post-363171","1":"product","2":"type-product","3":"status-publish","4":"has-post-thumbnail","6":"product_cat-calzado-femenino","7":"product_cat-establos","8":"product_tag-saucony-es","9":"product_tag-saucony-mujer","10":"pa_attivita-caminar","11":"pa_attivita-lifestyle-es","12":"pa_attivita-running-es","13":"pa_colore-hurricane-25-w-arctic-white-es","14":"pa_colore-hurricane-25-w-mist-cameo","15":"pa_colore-hurricane-25-w-thistle-aster-es","16":"pa_colore-hurricane-25-w-white-cameo-es","17":"pa_colore-hurricane-25-w-white-navy","18":"pa_marca-saucony-es","19":"pa_sesso-mujer","20":"pa_size-38-es","21":"pa_size-38-5-es","22":"pa_size-39-es","23":"pa_size-40-es","24":"pa_size-40-5-es","25":"pa_size-41-es","26":"pa_size-42-es","28":"first","29":"instock","30":"sale","31":"taxable","32":"shipping-taxable","33":"purchasable","34":"product-type-variable","35":"wvs-archive-product-wrapper"},"acf":[],"yoast_head":"<!-- This site is optimized with the Yoast SEO plugin v26.8 - https:\/\/yoast.com\/product\/yoast-seo-wordpress\/ -->\n<title>Saucony Hurricane 25 mujer - zapatos estables - MioMioRun.com<\/title>\n<meta name=\"description\" content=\"Saucony Hurricane 25: zapatillas de running con amortiguaci\u00f3n m\u00e1xima PWRRUN PB + PWRRUN, geometr\u00eda CenterPath\u2122 y comodidad superior para las carreras diarias.\" \/>\n<meta name=\"robots\" content=\"index, follow, max-snippet:-1, max-image-preview:large, max-video-preview:-1\" \/>\n<link rel=\"canonical\" href=\"https:\/\/www.miomiorun.com\/es\/producto\/hurricane-25-mujer\/\" \/>\n<meta property=\"og:locale\" content=\"es_ES\" \/>\n<meta property=\"og:type\" content=\"article\" \/>\n<meta property=\"og:title\" content=\"Saucony Hurricane 25 mujer - zapatos estables - MioMioRun.com\" \/>\n<meta property=\"og:description\" content=\"Saucony Hurricane 25: zapatillas de running con amortiguaci\u00f3n m\u00e1xima PWRRUN PB + PWRRUN, geometr\u00eda CenterPath\u2122 y comodidad superior para las carreras diarias.\" \/>\n<meta property=\"og:url\" content=\"https:\/\/www.miomiorun.com\/es\/producto\/hurricane-25-mujer\/\" \/>\n<meta property=\"og:site_name\" content=\"MioMioRun\" \/>\n<meta property=\"article:publisher\" content=\"https:\/\/www.facebook.com\/miomiorun\/\" \/>\n<meta property=\"article:modified_time\" content=\"2026-04-23T09:39:29+00:00\" \/>\n<meta property=\"og:image\" content=\"https:\/\/www.miomiorun.com\/app\/uploads\/2025\/09\/saucony-Hurricane-25-W-white-cameo-S11026-224.webp\" \/>\n\t<meta property=\"og:image:width\" content=\"720\" \/>\n\t<meta property=\"og:image:height\" content=\"720\" \/>\n\t<meta property=\"og:image:type\" content=\"image\/webp\" \/>\n<meta name=\"twitter:card\" content=\"summary_large_image\" \/>\n<meta name=\"twitter:label1\" content=\"Est. reading time\" \/>\n\t<meta name=\"twitter:data1\" content=\"1 minute\" \/>\n<script type=\"application\/ld+json\" class=\"yoast-schema-graph\">{\"@context\":\"https:\/\/schema.org\",\"@graph\":[{\"@type\":\"WebPage\",\"@id\":\"https:\/\/www.miomiorun.com\/es\/producto\/hurricane-25-mujer\/\",\"url\":\"https:\/\/www.miomiorun.com\/es\/producto\/hurricane-25-mujer\/\",\"name\":\"Saucony Hurricane 25 mujer - zapatos estables - MioMioRun.com\",\"isPartOf\":{\"@id\":\"https:\/\/www.miomiorun.com\/es\/#website\"},\"primaryImageOfPage\":{\"@id\":\"https:\/\/www.miomiorun.com\/es\/producto\/hurricane-25-mujer\/#primaryimage\"},\"image\":{\"@id\":\"https:\/\/www.miomiorun.com\/es\/producto\/hurricane-25-mujer\/#primaryimage\"},\"thumbnailUrl\":\"https:\/\/www.miomiorun.com\/app\/uploads\/2025\/09\/saucony-Hurricane-25-W-white-cameo-S11026-224.webp\",\"datePublished\":\"2025-08-14T17:24:51+00:00\",\"dateModified\":\"2026-04-23T09:39:29+00:00\",\"description\":\"Saucony Hurricane 25: zapatillas de running con amortiguaci\u00f3n m\u00e1xima PWRRUN PB + PWRRUN, geometr\u00eda CenterPath\u2122 y comodidad superior para las carreras diarias.\",\"breadcrumb\":{\"@id\":\"https:\/\/www.miomiorun.com\/es\/producto\/hurricane-25-mujer\/#breadcrumb\"},\"inLanguage\":\"es-ES\",\"potentialAction\":[{\"@type\":\"ReadAction\",\"target\":[\"https:\/\/www.miomiorun.com\/es\/producto\/hurricane-25-mujer\/\"]}]},{\"@type\":\"ImageObject\",\"inLanguage\":\"es-ES\",\"@id\":\"https:\/\/www.miomiorun.com\/es\/producto\/hurricane-25-mujer\/#primaryimage\",\"url\":\"https:\/\/www.miomiorun.com\/app\/uploads\/2025\/09\/saucony-Hurricane-25-W-white-cameo-S11026-224.webp\",\"contentUrl\":\"https:\/\/www.miomiorun.com\/app\/uploads\/2025\/09\/saucony-Hurricane-25-W-white-cameo-S11026-224.webp\",\"width\":720,\"height\":720,\"caption\":\"saucony Hurricane 25 W white cameo S11026-224\"},{\"@type\":\"BreadcrumbList\",\"@id\":\"https:\/\/www.miomiorun.com\/es\/producto\/hurricane-25-mujer\/#breadcrumb\",\"itemListElement\":[{\"@type\":\"ListItem\",\"position\":1,\"name\":\"Home\",\"item\":\"https:\/\/www.miomiorun.com\/es\/\"},{\"@type\":\"ListItem\",\"position\":2,\"name\":\"Shop\",\"item\":\"https:\/\/www.miomiorun.com\/shop\/\"},{\"@type\":\"ListItem\",\"position\":3,\"name\":\"Hurricane 25 mujer\"}]},{\"@type\":\"WebSite\",\"@id\":\"https:\/\/www.miomiorun.com\/es\/#website\",\"url\":\"https:\/\/www.miomiorun.com\/es\/\",\"name\":\"MioMioRun\",\"description\":\"Tienda 100% running y trail\",\"publisher\":{\"@id\":\"https:\/\/www.miomiorun.com\/es\/#organization\"},\"potentialAction\":[{\"@type\":\"SearchAction\",\"target\":{\"@type\":\"EntryPoint\",\"urlTemplate\":\"https:\/\/www.miomiorun.com\/es\/?s={search_term_string}\"},\"query-input\":{\"@type\":\"PropertyValueSpecification\",\"valueRequired\":true,\"valueName\":\"search_term_string\"}}],\"inLanguage\":\"es-ES\"},{\"@type\":\"Organization\",\"@id\":\"https:\/\/www.miomiorun.com\/es\/#organization\",\"name\":\"MioMio Run\",\"url\":\"https:\/\/www.miomiorun.com\/es\/\",\"logo\":{\"@type\":\"ImageObject\",\"inLanguage\":\"es-ES\",\"@id\":\"https:\/\/www.miomiorun.com\/es\/#\/schema\/logo\/image\/\",\"url\":\"https:\/\/www.miomiorun.com\/app\/uploads\/2019\/12\/logomio.png\",\"contentUrl\":\"https:\/\/www.miomiorun.com\/app\/uploads\/2019\/12\/logomio.png\",\"width\":115,\"height\":82,\"caption\":\"MioMio Run\"},\"image\":{\"@id\":\"https:\/\/www.miomiorun.com\/es\/#\/schema\/logo\/image\/\"},\"sameAs\":[\"https:\/\/www.facebook.com\/miomiorun\/\",\"https:\/\/www.instagram.com\/miomiorun\/\"]}]}<\/script>\n<!-- \/ Yoast SEO plugin. -->","yoast_head_json":{"title":"Saucony Hurricane 25 mujer - zapatos estables - MioMioRun.com","description":"Saucony Hurricane 25: zapatillas de running con amortiguaci\u00f3n m\u00e1xima PWRRUN PB + PWRRUN, geometr\u00eda CenterPath\u2122 y comodidad superior para las carreras diarias.","robots":{"index":"index","follow":"follow","max-snippet":"max-snippet:-1","max-image-preview":"max-image-preview:large","max-video-preview":"max-video-preview:-1"},"canonical":"https:\/\/www.miomiorun.com\/es\/producto\/hurricane-25-mujer\/","og_locale":"es_ES","og_type":"article","og_title":"Saucony Hurricane 25 mujer - zapatos estables - MioMioRun.com","og_description":"Saucony Hurricane 25: zapatillas de running con amortiguaci\u00f3n m\u00e1xima PWRRUN PB + PWRRUN, geometr\u00eda CenterPath\u2122 y comodidad superior para las carreras diarias.","og_url":"https:\/\/www.miomiorun.com\/es\/producto\/hurricane-25-mujer\/","og_site_name":"MioMioRun","article_publisher":"https:\/\/www.facebook.com\/miomiorun\/","article_modified_time":"2026-04-23T09:39:29+00:00","og_image":[{"width":720,"height":720,"url":"https:\/\/www.miomiorun.com\/app\/uploads\/2025\/09\/saucony-Hurricane-25-W-white-cameo-S11026-224.webp","type":"image\/webp"}],"twitter_card":"summary_large_image","twitter_misc":{"Est. reading time":"1 minute"},"schema":{"@context":"https:\/\/schema.org","@graph":[{"@type":"WebPage","@id":"https:\/\/www.miomiorun.com\/es\/producto\/hurricane-25-mujer\/","url":"https:\/\/www.miomiorun.com\/es\/producto\/hurricane-25-mujer\/","name":"Saucony Hurricane 25 mujer - zapatos estables - MioMioRun.com","isPartOf":{"@id":"https:\/\/www.miomiorun.com\/es\/#website"},"primaryImageOfPage":{"@id":"https:\/\/www.miomiorun.com\/es\/producto\/hurricane-25-mujer\/#primaryimage"},"image":{"@id":"https:\/\/www.miomiorun.com\/es\/producto\/hurricane-25-mujer\/#primaryimage"},"thumbnailUrl":"https:\/\/www.miomiorun.com\/app\/uploads\/2025\/09\/saucony-Hurricane-25-W-white-cameo-S11026-224.webp","datePublished":"2025-08-14T17:24:51+00:00","dateModified":"2026-04-23T09:39:29+00:00","description":"Saucony Hurricane 25: zapatillas de running con amortiguaci\u00f3n m\u00e1xima PWRRUN PB + PWRRUN, geometr\u00eda CenterPath\u2122 y comodidad superior para las carreras diarias.","breadcrumb":{"@id":"https:\/\/www.miomiorun.com\/es\/producto\/hurricane-25-mujer\/#breadcrumb"},"inLanguage":"es-ES","potentialAction":[{"@type":"ReadAction","target":["https:\/\/www.miomiorun.com\/es\/producto\/hurricane-25-mujer\/"]}]},{"@type":"ImageObject","inLanguage":"es-ES","@id":"https:\/\/www.miomiorun.com\/es\/producto\/hurricane-25-mujer\/#primaryimage","url":"https:\/\/www.miomiorun.com\/app\/uploads\/2025\/09\/saucony-Hurricane-25-W-white-cameo-S11026-224.webp","contentUrl":"https:\/\/www.miomiorun.com\/app\/uploads\/2025\/09\/saucony-Hurricane-25-W-white-cameo-S11026-224.webp","width":720,"height":720,"caption":"saucony Hurricane 25 W white cameo S11026-224"},{"@type":"BreadcrumbList","@id":"https:\/\/www.miomiorun.com\/es\/producto\/hurricane-25-mujer\/#breadcrumb","itemListElement":[{"@type":"ListItem","position":1,"name":"Home","item":"https:\/\/www.miomiorun.com\/es\/"},{"@type":"ListItem","position":2,"name":"Shop","item":"https:\/\/www.miomiorun.com\/shop\/"},{"@type":"ListItem","position":3,"name":"Hurricane 25 mujer"}]},{"@type":"WebSite","@id":"https:\/\/www.miomiorun.com\/es\/#website","url":"https:\/\/www.miomiorun.com\/es\/","name":"MioMioRun","description":"Tienda 100% running y trail","publisher":{"@id":"https:\/\/www.miomiorun.com\/es\/#organization"},"potentialAction":[{"@type":"SearchAction","target":{"@type":"EntryPoint","urlTemplate":"https:\/\/www.miomiorun.com\/es\/?s={search_term_string}"},"query-input":{"@type":"PropertyValueSpecification","valueRequired":true,"valueName":"search_term_string"}}],"inLanguage":"es-ES"},{"@type":"Organization","@id":"https:\/\/www.miomiorun.com\/es\/#organization","name":"MioMio Run","url":"https:\/\/www.miomiorun.com\/es\/","logo":{"@type":"ImageObject","inLanguage":"es-ES","@id":"https:\/\/www.miomiorun.com\/es\/#\/schema\/logo\/image\/","url":"https:\/\/www.miomiorun.com\/app\/uploads\/2019\/12\/logomio.png","contentUrl":"https:\/\/www.miomiorun.com\/app\/uploads\/2019\/12\/logomio.png","width":115,"height":82,"caption":"MioMio Run"},"image":{"@id":"https:\/\/www.miomiorun.com\/es\/#\/schema\/logo\/image\/"},"sameAs":["https:\/\/www.facebook.com\/miomiorun\/","https:\/\/www.instagram.com\/miomiorun\/"]}]}},"_links":{"self":[{"href":"https:\/\/www.miomiorun.com\/es\/wp-json\/wp\/v2\/product\/363171","targetHints":{"allow":["GET"]}}],"collection":[{"href":"https:\/\/www.miomiorun.com\/es\/wp-json\/wp\/v2\/product"}],"about":[{"href":"https:\/\/www.miomiorun.com\/es\/wp-json\/wp\/v2\/types\/product"}],"wp:featuredmedia":[{"embeddable":true,"href":"https:\/\/www.miomiorun.com\/es\/wp-json\/wp\/v2\/media\/342243"}],"wp:attachment":[{"href":"https:\/\/www.miomiorun.com\/es\/wp-json\/wp\/v2\/media?parent=363171"}],"wp:term":[{"taxonomy":"product_brand","embeddable":true,"href":"https:\/\/www.miomiorun.com\/es\/wp-json\/wp\/v2\/product_brand?post=363171"},{"taxonomy":"product_cat","embeddable":true,"href":"https:\/\/www.miomiorun.com\/es\/wp-json\/wp\/v2\/product_cat?post=363171"},{"taxonomy":"product_tag","embeddable":true,"href":"https:\/\/www.miomiorun.com\/es\/wp-json\/wp\/v2\/product_tag?post=363171"}],"curies":[{"name":"wp","href":"https:\/\/api.w.org\/{rel}","templated":true}]}}