{"id":363148,"date":"2025-09-09T11:15:10","date_gmt":"2025-09-09T09:15:10","guid":{"rendered":"https:\/\/www.miomiorun.com\/prodotto\/gt-1000-14-gtx-donna\/"},"modified":"2026-04-17T11:04:30","modified_gmt":"2026-04-17T09:04:30","slug":"gt-1000-14-gtx-donna","status":"publish","type":"product","link":"https:\/\/www.miomiorun.com\/es\/producto\/gt-1000-14-gtx-donna\/","title":{"rendered":"GT-1000 14 GTX donna"},"content":{"rendered":"<table style=\"border-collapse: collapse; width: 100%;\">\n<tbody>\n<tr>\n<td style=\"width: 33.3333%; vertical-align: top; text-align: center;\"><strong>Specifiche tecniche<\/strong><\/p>\n<p>Categoria: ammortizzazione media<br \/>\nOffset: 8 mm<br \/>\nPeso: 270g<br \/>\nIdeale per : runners dall&#8217;appoggio tendente alla pronazione alla ricerca di un modello in grado di salvaguardare la stabilit\u00e0 e la protezione e fornire un&#8217;adeguata ammortizzazione e tenuta nel tempo ora anche impermeabile.<br \/>\nPeso dell&#8217;atleta : 50-70 kg<br \/>\nPasso di corsa : medio (&gt;5.00 min\/km)<br \/>\n<a href=\"https:\/\/miomiorun.com\/guida-alle-specifiche-tecniche\/\">Guida alle specifiche tecniche<\/a><\/td>\n<td style=\"width: 66.6666%; vertical-align: top; text-align: center;\">\n<p data-start=\"198\" data-end=\"502\">La <strong data-start=\"201\" data-end=\"224\">GT-1000 14 GTX Donna<\/strong>\u00a0\u00e8 stata riprogettata per offrire maggiore ammortizzazione, stabilit\u00e0 e protezione dalle intemperie. La tomaia in <strong data-start=\"338\" data-end=\"363\">GORE-TEX impermeabile<\/strong> mantiene i piedi asciutti durante pioggia e neve, mentre la nuova intersuola con <strong data-start=\"445\" data-end=\"457\">FF BLAST<\/strong> assicura una corsa pi\u00f9 morbida e reattiva.<\/p>\n<p data-start=\"504\" data-end=\"733\">Il <strong data-start=\"507\" data-end=\"529\">3D GUIDANCE SYSTEM<\/strong> garantisce un supporto stabile e adattabile, favorendo una falcata equilibrata, mentre la <strong data-start=\"620\" data-end=\"642\">tecnologia PureGEL<\/strong> sul tallone assicura atterraggi pi\u00f9 morbidi e confortevoli rispetto al GEL tradizionale.<\/p>\n<p data-start=\"735\" data-end=\"1071\">La <strong data-start=\"738\" data-end=\"775\">suola specifica per trail running<\/strong>, rinforzata con gomma <strong data-start=\"798\" data-end=\"809\">AHAR LO<\/strong>, offre trazione affidabile e resistenza sui terreni misti, completata dalla <strong data-start=\"886\" data-end=\"913\">soletta Hybrid Max Lite<\/strong> che migliora controllo dell\u2019umidit\u00e0, traspirabilit\u00e0 e comfort. Una scarpa versatile e moderna, pensata per chi cerca affidabilit\u00e0 su strada e fuori strada.<\/p>\n<ul>\n<li data-start=\"1073\" data-end=\"1293\">\u00a0Protezione totale da pioggia e neve con GORE-TEX<\/li>\n<li data-start=\"1073\" data-end=\"1293\">Ammortizzazione avanzata con FF BLAST + PureGEL<\/li>\n<li data-start=\"1073\" data-end=\"1293\">Stabilit\u00e0 e supporto grazie al 3D GUIDANCE SYSTEM<\/li>\n<li data-start=\"1073\" data-end=\"1293\">Suola da trail per trazione e durabilit\u00e0 su terreni misti<\/li>\n<\/ul>\n<\/td>\n<\/tr>\n<\/tbody>\n<\/table>\n<p>&nbsp;<\/p>\n","protected":false},"excerpt":{"rendered":"<ul>\n<li data-start=\"1811\" data-end=\"1873\">\n<p data-start=\"1813\" data-end=\"1873\">Tomaia GORE-TEX impermeabile: protezione da pioggia e neve<\/p>\n<\/li>\n<li data-start=\"1874\" data-end=\"1937\">\n<p data-start=\"1876\" data-end=\"1937\">Intersuola FF BLAST + PureGEL: comfort morbido e reattivit\u00e0<\/p>\n<\/li>\n<li data-start=\"1938\" data-end=\"2004\">\n<p data-start=\"1940\" data-end=\"2004\">3D GUIDANCE SYSTEM: stabilit\u00e0 adattabile e falcata equilibrata<\/p>\n<\/li>\n<li data-start=\"2005\" data-end=\"2079\">\n<p data-start=\"2007\" data-end=\"2079\">Suola AHAR LO con design trail: trazione e resistenza su terreni misti<\/p>\n<\/li>\n<\/ul>\n","protected":false},"featured_media":352901,"template":"","meta":{"_acf_changed":false,"inline_featured_image":false},"product_brand":[],"product_cat":[24227,24229],"product_tag":[23559,23670],"class_list":{"0":"post-363148","1":"product","2":"type-product","3":"status-publish","4":"has-post-thumbnail","6":"product_cat-calzado-femenino","7":"product_cat-establos","8":"product_tag-asics-es","9":"product_tag-asics-mujer","10":"pa_attivita-caminar","11":"pa_attivita-running-es","12":"pa_colore-gt-1000-gtx-w-black-dark-cobalt-es","13":"pa_marca-asics-es","14":"pa_sesso-mujer","15":"pa_size-40-es","17":"first","18":"instock","19":"sale","20":"taxable","21":"shipping-taxable","22":"purchasable","23":"product-type-variable","24":"wvs-archive-product-wrapper"},"acf":[],"yoast_head":"<!-- This site is optimized with the Yoast SEO plugin v26.8 - https:\/\/yoast.com\/product\/yoast-seo-wordpress\/ -->\n<title>GT-1000 14 GTX donna - MioMioRun<\/title>\n<meta name=\"robots\" content=\"index, follow, max-snippet:-1, max-image-preview:large, max-video-preview:-1\" \/>\n<link rel=\"canonical\" href=\"https:\/\/www.miomiorun.com\/es\/producto\/gt-1000-14-gtx-donna\/\" \/>\n<meta property=\"og:locale\" content=\"es_ES\" \/>\n<meta property=\"og:type\" content=\"article\" \/>\n<meta property=\"og:title\" content=\"GT-1000 14 GTX donna - MioMioRun\" \/>\n<meta property=\"og:description\" content=\"Tomaia GORE-TEX impermeabile: protezione da pioggia e neve    Intersuola FF BLAST + PureGEL: comfort morbido e reattivit\u00e0    3D GUIDANCE SYSTEM: stabilit\u00e0 adattabile e falcata equilibrata    Suola AHAR LO con design trail: trazione e resistenza su terreni misti\" \/>\n<meta property=\"og:url\" content=\"https:\/\/www.miomiorun.com\/es\/producto\/gt-1000-14-gtx-donna\/\" \/>\n<meta property=\"og:site_name\" content=\"MioMioRun\" \/>\n<meta property=\"article:publisher\" content=\"https:\/\/www.facebook.com\/miomiorun\/\" \/>\n<meta property=\"article:modified_time\" content=\"2026-04-17T09:04:30+00:00\" \/>\n<meta property=\"og:image\" content=\"https:\/\/www.miomiorun.com\/app\/uploads\/2025\/09\/asics-GT-1000-GTX-W-black-dark-cobalt-1012B857-001.webp\" \/>\n\t<meta property=\"og:image:width\" content=\"720\" \/>\n\t<meta property=\"og:image:height\" content=\"720\" \/>\n\t<meta property=\"og:image:type\" content=\"image\/webp\" \/>\n<meta name=\"twitter:card\" content=\"summary_large_image\" \/>\n<meta name=\"twitter:label1\" content=\"Est. reading time\" \/>\n\t<meta name=\"twitter:data1\" content=\"1 minute\" \/>\n<script type=\"application\/ld+json\" class=\"yoast-schema-graph\">{\"@context\":\"https:\/\/schema.org\",\"@graph\":[{\"@type\":\"WebPage\",\"@id\":\"https:\/\/www.miomiorun.com\/es\/producto\/gt-1000-14-gtx-donna\/\",\"url\":\"https:\/\/www.miomiorun.com\/es\/producto\/gt-1000-14-gtx-donna\/\",\"name\":\"GT-1000 14 GTX donna - MioMioRun\",\"isPartOf\":{\"@id\":\"https:\/\/www.miomiorun.com\/es\/#website\"},\"primaryImageOfPage\":{\"@id\":\"https:\/\/www.miomiorun.com\/es\/producto\/gt-1000-14-gtx-donna\/#primaryimage\"},\"image\":{\"@id\":\"https:\/\/www.miomiorun.com\/es\/producto\/gt-1000-14-gtx-donna\/#primaryimage\"},\"thumbnailUrl\":\"https:\/\/www.miomiorun.com\/app\/uploads\/2025\/09\/asics-GT-1000-GTX-W-black-dark-cobalt-1012B857-001.webp\",\"datePublished\":\"2025-09-09T09:15:10+00:00\",\"dateModified\":\"2026-04-17T09:04:30+00:00\",\"breadcrumb\":{\"@id\":\"https:\/\/www.miomiorun.com\/es\/producto\/gt-1000-14-gtx-donna\/#breadcrumb\"},\"inLanguage\":\"es-ES\",\"potentialAction\":[{\"@type\":\"ReadAction\",\"target\":[\"https:\/\/www.miomiorun.com\/es\/producto\/gt-1000-14-gtx-donna\/\"]}]},{\"@type\":\"ImageObject\",\"inLanguage\":\"es-ES\",\"@id\":\"https:\/\/www.miomiorun.com\/es\/producto\/gt-1000-14-gtx-donna\/#primaryimage\",\"url\":\"https:\/\/www.miomiorun.com\/app\/uploads\/2025\/09\/asics-GT-1000-GTX-W-black-dark-cobalt-1012B857-001.webp\",\"contentUrl\":\"https:\/\/www.miomiorun.com\/app\/uploads\/2025\/09\/asics-GT-1000-GTX-W-black-dark-cobalt-1012B857-001.webp\",\"width\":720,\"height\":720,\"caption\":\"asics GT-1000 GTX W black dark cobalt 1012B857 001\"},{\"@type\":\"BreadcrumbList\",\"@id\":\"https:\/\/www.miomiorun.com\/es\/producto\/gt-1000-14-gtx-donna\/#breadcrumb\",\"itemListElement\":[{\"@type\":\"ListItem\",\"position\":1,\"name\":\"Home\",\"item\":\"https:\/\/www.miomiorun.com\/es\/\"},{\"@type\":\"ListItem\",\"position\":2,\"name\":\"Shop\",\"item\":\"https:\/\/www.miomiorun.com\/shop\/\"},{\"@type\":\"ListItem\",\"position\":3,\"name\":\"GT-1000 14 GTX donna\"}]},{\"@type\":\"WebSite\",\"@id\":\"https:\/\/www.miomiorun.com\/es\/#website\",\"url\":\"https:\/\/www.miomiorun.com\/es\/\",\"name\":\"MioMioRun\",\"description\":\"Tienda 100% running y trail\",\"publisher\":{\"@id\":\"https:\/\/www.miomiorun.com\/es\/#organization\"},\"potentialAction\":[{\"@type\":\"SearchAction\",\"target\":{\"@type\":\"EntryPoint\",\"urlTemplate\":\"https:\/\/www.miomiorun.com\/es\/?s={search_term_string}\"},\"query-input\":{\"@type\":\"PropertyValueSpecification\",\"valueRequired\":true,\"valueName\":\"search_term_string\"}}],\"inLanguage\":\"es-ES\"},{\"@type\":\"Organization\",\"@id\":\"https:\/\/www.miomiorun.com\/es\/#organization\",\"name\":\"MioMio Run\",\"url\":\"https:\/\/www.miomiorun.com\/es\/\",\"logo\":{\"@type\":\"ImageObject\",\"inLanguage\":\"es-ES\",\"@id\":\"https:\/\/www.miomiorun.com\/es\/#\/schema\/logo\/image\/\",\"url\":\"https:\/\/www.miomiorun.com\/app\/uploads\/2019\/12\/logomio.png\",\"contentUrl\":\"https:\/\/www.miomiorun.com\/app\/uploads\/2019\/12\/logomio.png\",\"width\":115,\"height\":82,\"caption\":\"MioMio Run\"},\"image\":{\"@id\":\"https:\/\/www.miomiorun.com\/es\/#\/schema\/logo\/image\/\"},\"sameAs\":[\"https:\/\/www.facebook.com\/miomiorun\/\",\"https:\/\/www.instagram.com\/miomiorun\/\"]}]}<\/script>\n<!-- \/ Yoast SEO plugin. -->","yoast_head_json":{"title":"GT-1000 14 GTX donna - MioMioRun","robots":{"index":"index","follow":"follow","max-snippet":"max-snippet:-1","max-image-preview":"max-image-preview:large","max-video-preview":"max-video-preview:-1"},"canonical":"https:\/\/www.miomiorun.com\/es\/producto\/gt-1000-14-gtx-donna\/","og_locale":"es_ES","og_type":"article","og_title":"GT-1000 14 GTX donna - MioMioRun","og_description":"Tomaia GORE-TEX impermeabile: protezione da pioggia e neve    Intersuola FF BLAST + PureGEL: comfort morbido e reattivit\u00e0    3D GUIDANCE SYSTEM: stabilit\u00e0 adattabile e falcata equilibrata    Suola AHAR LO con design trail: trazione e resistenza su terreni misti","og_url":"https:\/\/www.miomiorun.com\/es\/producto\/gt-1000-14-gtx-donna\/","og_site_name":"MioMioRun","article_publisher":"https:\/\/www.facebook.com\/miomiorun\/","article_modified_time":"2026-04-17T09:04:30+00:00","og_image":[{"width":720,"height":720,"url":"https:\/\/www.miomiorun.com\/app\/uploads\/2025\/09\/asics-GT-1000-GTX-W-black-dark-cobalt-1012B857-001.webp","type":"image\/webp"}],"twitter_card":"summary_large_image","twitter_misc":{"Est. reading time":"1 minute"},"schema":{"@context":"https:\/\/schema.org","@graph":[{"@type":"WebPage","@id":"https:\/\/www.miomiorun.com\/es\/producto\/gt-1000-14-gtx-donna\/","url":"https:\/\/www.miomiorun.com\/es\/producto\/gt-1000-14-gtx-donna\/","name":"GT-1000 14 GTX donna - MioMioRun","isPartOf":{"@id":"https:\/\/www.miomiorun.com\/es\/#website"},"primaryImageOfPage":{"@id":"https:\/\/www.miomiorun.com\/es\/producto\/gt-1000-14-gtx-donna\/#primaryimage"},"image":{"@id":"https:\/\/www.miomiorun.com\/es\/producto\/gt-1000-14-gtx-donna\/#primaryimage"},"thumbnailUrl":"https:\/\/www.miomiorun.com\/app\/uploads\/2025\/09\/asics-GT-1000-GTX-W-black-dark-cobalt-1012B857-001.webp","datePublished":"2025-09-09T09:15:10+00:00","dateModified":"2026-04-17T09:04:30+00:00","breadcrumb":{"@id":"https:\/\/www.miomiorun.com\/es\/producto\/gt-1000-14-gtx-donna\/#breadcrumb"},"inLanguage":"es-ES","potentialAction":[{"@type":"ReadAction","target":["https:\/\/www.miomiorun.com\/es\/producto\/gt-1000-14-gtx-donna\/"]}]},{"@type":"ImageObject","inLanguage":"es-ES","@id":"https:\/\/www.miomiorun.com\/es\/producto\/gt-1000-14-gtx-donna\/#primaryimage","url":"https:\/\/www.miomiorun.com\/app\/uploads\/2025\/09\/asics-GT-1000-GTX-W-black-dark-cobalt-1012B857-001.webp","contentUrl":"https:\/\/www.miomiorun.com\/app\/uploads\/2025\/09\/asics-GT-1000-GTX-W-black-dark-cobalt-1012B857-001.webp","width":720,"height":720,"caption":"asics GT-1000 GTX W black dark cobalt 1012B857 001"},{"@type":"BreadcrumbList","@id":"https:\/\/www.miomiorun.com\/es\/producto\/gt-1000-14-gtx-donna\/#breadcrumb","itemListElement":[{"@type":"ListItem","position":1,"name":"Home","item":"https:\/\/www.miomiorun.com\/es\/"},{"@type":"ListItem","position":2,"name":"Shop","item":"https:\/\/www.miomiorun.com\/shop\/"},{"@type":"ListItem","position":3,"name":"GT-1000 14 GTX donna"}]},{"@type":"WebSite","@id":"https:\/\/www.miomiorun.com\/es\/#website","url":"https:\/\/www.miomiorun.com\/es\/","name":"MioMioRun","description":"Tienda 100% running y trail","publisher":{"@id":"https:\/\/www.miomiorun.com\/es\/#organization"},"potentialAction":[{"@type":"SearchAction","target":{"@type":"EntryPoint","urlTemplate":"https:\/\/www.miomiorun.com\/es\/?s={search_term_string}"},"query-input":{"@type":"PropertyValueSpecification","valueRequired":true,"valueName":"search_term_string"}}],"inLanguage":"es-ES"},{"@type":"Organization","@id":"https:\/\/www.miomiorun.com\/es\/#organization","name":"MioMio Run","url":"https:\/\/www.miomiorun.com\/es\/","logo":{"@type":"ImageObject","inLanguage":"es-ES","@id":"https:\/\/www.miomiorun.com\/es\/#\/schema\/logo\/image\/","url":"https:\/\/www.miomiorun.com\/app\/uploads\/2019\/12\/logomio.png","contentUrl":"https:\/\/www.miomiorun.com\/app\/uploads\/2019\/12\/logomio.png","width":115,"height":82,"caption":"MioMio Run"},"image":{"@id":"https:\/\/www.miomiorun.com\/es\/#\/schema\/logo\/image\/"},"sameAs":["https:\/\/www.facebook.com\/miomiorun\/","https:\/\/www.instagram.com\/miomiorun\/"]}]}},"_links":{"self":[{"href":"https:\/\/www.miomiorun.com\/es\/wp-json\/wp\/v2\/product\/363148","targetHints":{"allow":["GET"]}}],"collection":[{"href":"https:\/\/www.miomiorun.com\/es\/wp-json\/wp\/v2\/product"}],"about":[{"href":"https:\/\/www.miomiorun.com\/es\/wp-json\/wp\/v2\/types\/product"}],"wp:featuredmedia":[{"embeddable":true,"href":"https:\/\/www.miomiorun.com\/es\/wp-json\/wp\/v2\/media\/352901"}],"wp:attachment":[{"href":"https:\/\/www.miomiorun.com\/es\/wp-json\/wp\/v2\/media?parent=363148"}],"wp:term":[{"taxonomy":"product_brand","embeddable":true,"href":"https:\/\/www.miomiorun.com\/es\/wp-json\/wp\/v2\/product_brand?post=363148"},{"taxonomy":"product_cat","embeddable":true,"href":"https:\/\/www.miomiorun.com\/es\/wp-json\/wp\/v2\/product_cat?post=363148"},{"taxonomy":"product_tag","embeddable":true,"href":"https:\/\/www.miomiorun.com\/es\/wp-json\/wp\/v2\/product_tag?post=363148"}],"curies":[{"name":"wp","href":"https:\/\/api.w.org\/{rel}","templated":true}]}}