{"id":361033,"date":"2025-10-14T19:06:33","date_gmt":"2025-10-14T17:06:33","guid":{"rendered":"https:\/\/www.miomiorun.com\/?post_type=product&#038;p=361033"},"modified":"2026-05-08T16:26:12","modified_gmt":"2026-05-08T14:26:12","slug":"jkt-flame-hombre","status":"publish","type":"product","link":"https:\/\/www.miomiorun.com\/es\/producto\/jkt-flame-hombre\/","title":{"rendered":"JKT Flame hombre"},"content":{"rendered":"<p data-start=\"151\" data-end=\"554\">La <strong data-start=\"154\" data-end=\"167\">JKT Flame<\/strong> es la nueva chaqueta t\u00e9cnica de la colecci\u00f3n, dise\u00f1ada para ofrecer <strong data-start=\"230\" data-end=\"270\">m\u00e1ximo calor, comodidad y protecci\u00f3n<\/strong> durante las actividades de monta\u00f1a. Su <strong data-start=\"311\" data-end=\"332\">dise\u00f1o innovador<\/strong>, realizado con un complejo sistema de <strong data-start=\"373\" data-end=\"411\">pegados en lugar de costuras<\/strong>, no solo crea un efecto visual \u00fanico, sino que garantiza una <strong data-start=\"470\" data-end=\"503\">mayor estabilidad del plum\u00f3n<\/strong> y reduce al m\u00ednimo la salida de plumas.<\/p>\n<p data-start=\"556\" data-end=\"1000\">Este plum\u00f3n de <strong data-start=\"574\" data-end=\"588\">peso medio<\/strong> ha sido dise\u00f1ado para acompa\u00f1arte durante el <strong data-start=\"637\" data-end=\"654\">esqu\u00ed de traves\u00eda<\/strong> y otras actividades al aire libre de alta intensidad. Cada detalle est\u00e1 pensado para ofrecer <strong data-start=\"737\" data-end=\"787\">aislamiento t\u00e9rmico diferenciado y libertad de movimiento<\/strong>: la parte principal \u2014pecho, mangas y espalda\u2014 est\u00e1 acolchada con <strong data-start=\"856\" data-end=\"890\">plumas naturales de alta calidad<\/strong>, mientras que los <strong data-start=\"902\" data-end=\"912\">hombros<\/strong> est\u00e1n reforzados con <strong data-start=\"933\" data-end=\"959\">acolchado Primaloft\u00ae<\/strong>, m\u00e1s resistente al agua y a la nieve.<\/p>\n<p data-start=\"1002\" data-end=\"1368\">Los <strong data-start=\"1004\" data-end=\"1018\">laterales<\/strong> de <strong data-start=\"1022\" data-end=\"1055\">tejido tubular sin costuras<\/strong>, acolchados con <strong data-start=\"1070\" data-end=\"1103\">microrollo sint\u00e9tico italiano<\/strong>, garantizan elasticidad, transpirabilidad y un ajuste \u00f3ptimo. El resultado es una prenda <strong data-start=\"1192\" data-end=\"1227\">vers\u00e1til, t\u00e9cnica y funcional<\/strong>, perfecta para quienes viven la monta\u00f1a con pasi\u00f3n y buscan un plum\u00edfero capaz de ofrecer un rendimiento excelente sin renunciar al estilo.<\/p>\n","protected":false},"excerpt":{"rendered":"<ul>\n<li data-start=\"1585\" data-end=\"1678\">\n<p data-start=\"1587\" data-end=\"1678\">Sistema de encolado que sustituye a las costuras, para una est\u00e9tica y una funcionalidad superiores.<\/p>\n<\/li>\n<li data-start=\"1679\" data-end=\"1763\">\n<p data-start=\"1681\" data-end=\"1763\">Relleno de plum\u00f3n natural y Primaloft\u00ae en los hombros para una mayor protecci\u00f3n.<\/p>\n<\/li>\n<li data-start=\"1764\" data-end=\"1843\">\n<p data-start=\"1766\" data-end=\"1843\">Paneles laterales de tejido tubular el\u00e1stico con relleno sint\u00e9tico de microfibra.<\/p>\n<\/li>\n<\/ul>\n","protected":false},"featured_media":365636,"template":"","meta":{"_acf_changed":false,"inline_featured_image":false},"product_brand":[],"product_cat":[24460,24463],"product_tag":[23488,23611],"class_list":{"0":"post-361033","1":"product","2":"type-product","3":"status-publish","4":"has-post-thumbnail","6":"product_cat-chaquetas-es-2","7":"product_cat-ropa-de-hombre-es","8":"product_tag-crazy-idea-es","9":"product_tag-crazy-idea-hombre","10":"pa_attivita-caminar","11":"pa_attivita-lifestyle-es","12":"pa_attivita-outdoor-es","13":"pa_colore-jkt-flame-brick-es","14":"pa_marca-crazy-idea-es","15":"pa_sesso-hombre","16":"pa_size-small-es","17":"pa_size-medium-es","19":"first","20":"instock","21":"taxable","22":"shipping-taxable","23":"purchasable","24":"product-type-variable","25":"wvs-archive-product-wrapper"},"acf":[],"yoast_head":"<!-- This site is optimized with the Yoast SEO plugin v26.8 - https:\/\/yoast.com\/product\/yoast-seo-wordpress\/ -->\n<title>Crazy Idea JKT Flame hombre -Chaqueta de invierno - MioMioRun.com<\/title>\n<meta name=\"description\" content=\"JKT Flame: plum\u00edfero t\u00e9cnico de monta\u00f1a con relleno mixto de plum\u00f3n y Primaloft\u00ae, sin costuras y con un confort excepcional.\" \/>\n<meta name=\"robots\" content=\"index, follow, max-snippet:-1, max-image-preview:large, max-video-preview:-1\" \/>\n<link rel=\"canonical\" href=\"https:\/\/www.miomiorun.com\/es\/producto\/jkt-flame-hombre\/\" \/>\n<meta property=\"og:locale\" content=\"es_ES\" \/>\n<meta property=\"og:type\" content=\"article\" \/>\n<meta property=\"og:title\" content=\"Crazy Idea JKT Flame hombre -Chaqueta de invierno - MioMioRun.com\" \/>\n<meta property=\"og:description\" content=\"JKT Flame: plum\u00edfero t\u00e9cnico de monta\u00f1a con relleno mixto de plum\u00f3n y Primaloft\u00ae, sin costuras y con un confort excepcional.\" \/>\n<meta property=\"og:url\" content=\"https:\/\/www.miomiorun.com\/es\/producto\/jkt-flame-hombre\/\" \/>\n<meta property=\"og:site_name\" content=\"MioMioRun\" \/>\n<meta property=\"article:publisher\" content=\"https:\/\/www.facebook.com\/miomiorun\/\" \/>\n<meta property=\"article:modified_time\" content=\"2026-05-08T14:26:12+00:00\" \/>\n<meta property=\"og:image\" content=\"https:\/\/www.miomiorun.com\/app\/uploads\/2025\/10\/crazy-JKT-Flame-brick-W25055227U-0079.webp\" \/>\n\t<meta property=\"og:image:width\" content=\"720\" \/>\n\t<meta property=\"og:image:height\" content=\"720\" \/>\n\t<meta property=\"og:image:type\" content=\"image\/webp\" \/>\n<meta name=\"twitter:card\" content=\"summary_large_image\" \/>\n<meta name=\"twitter:label1\" content=\"Est. reading time\" \/>\n\t<meta name=\"twitter:data1\" content=\"1 minute\" \/>\n<script type=\"application\/ld+json\" class=\"yoast-schema-graph\">{\"@context\":\"https:\/\/schema.org\",\"@graph\":[{\"@type\":\"WebPage\",\"@id\":\"https:\/\/www.miomiorun.com\/es\/producto\/jkt-flame-hombre\/\",\"url\":\"https:\/\/www.miomiorun.com\/es\/producto\/jkt-flame-hombre\/\",\"name\":\"Crazy Idea JKT Flame hombre -Chaqueta de invierno - MioMioRun.com\",\"isPartOf\":{\"@id\":\"https:\/\/www.miomiorun.com\/es\/#website\"},\"primaryImageOfPage\":{\"@id\":\"https:\/\/www.miomiorun.com\/es\/producto\/jkt-flame-hombre\/#primaryimage\"},\"image\":{\"@id\":\"https:\/\/www.miomiorun.com\/es\/producto\/jkt-flame-hombre\/#primaryimage\"},\"thumbnailUrl\":\"https:\/\/www.miomiorun.com\/app\/uploads\/2025\/10\/crazy-JKT-Flame-brick-W25055227U-0079.webp\",\"datePublished\":\"2025-10-14T17:06:33+00:00\",\"dateModified\":\"2026-05-08T14:26:12+00:00\",\"description\":\"JKT Flame: plum\u00edfero t\u00e9cnico de monta\u00f1a con relleno mixto de plum\u00f3n y Primaloft\u00ae, sin costuras y con un confort excepcional.\",\"breadcrumb\":{\"@id\":\"https:\/\/www.miomiorun.com\/es\/producto\/jkt-flame-hombre\/#breadcrumb\"},\"inLanguage\":\"es-ES\",\"potentialAction\":[{\"@type\":\"ReadAction\",\"target\":[\"https:\/\/www.miomiorun.com\/es\/producto\/jkt-flame-hombre\/\"]}]},{\"@type\":\"ImageObject\",\"inLanguage\":\"es-ES\",\"@id\":\"https:\/\/www.miomiorun.com\/es\/producto\/jkt-flame-hombre\/#primaryimage\",\"url\":\"https:\/\/www.miomiorun.com\/app\/uploads\/2025\/10\/crazy-JKT-Flame-brick-W25055227U-0079.webp\",\"contentUrl\":\"https:\/\/www.miomiorun.com\/app\/uploads\/2025\/10\/crazy-JKT-Flame-brick-W25055227U-0079.webp\",\"width\":720,\"height\":720,\"caption\":\"crazy JKT Flame brick W25055227U-0079\"},{\"@type\":\"BreadcrumbList\",\"@id\":\"https:\/\/www.miomiorun.com\/es\/producto\/jkt-flame-hombre\/#breadcrumb\",\"itemListElement\":[{\"@type\":\"ListItem\",\"position\":1,\"name\":\"Home\",\"item\":\"https:\/\/www.miomiorun.com\/es\/\"},{\"@type\":\"ListItem\",\"position\":2,\"name\":\"Shop\",\"item\":\"https:\/\/www.miomiorun.com\/shop\/\"},{\"@type\":\"ListItem\",\"position\":3,\"name\":\"JKT Flame hombre\"}]},{\"@type\":\"WebSite\",\"@id\":\"https:\/\/www.miomiorun.com\/es\/#website\",\"url\":\"https:\/\/www.miomiorun.com\/es\/\",\"name\":\"MioMioRun\",\"description\":\"Tienda 100% running y trail\",\"publisher\":{\"@id\":\"https:\/\/www.miomiorun.com\/es\/#organization\"},\"potentialAction\":[{\"@type\":\"SearchAction\",\"target\":{\"@type\":\"EntryPoint\",\"urlTemplate\":\"https:\/\/www.miomiorun.com\/es\/?s={search_term_string}\"},\"query-input\":{\"@type\":\"PropertyValueSpecification\",\"valueRequired\":true,\"valueName\":\"search_term_string\"}}],\"inLanguage\":\"es-ES\"},{\"@type\":\"Organization\",\"@id\":\"https:\/\/www.miomiorun.com\/es\/#organization\",\"name\":\"MioMio Run\",\"url\":\"https:\/\/www.miomiorun.com\/es\/\",\"logo\":{\"@type\":\"ImageObject\",\"inLanguage\":\"es-ES\",\"@id\":\"https:\/\/www.miomiorun.com\/es\/#\/schema\/logo\/image\/\",\"url\":\"https:\/\/www.miomiorun.com\/app\/uploads\/2019\/12\/logomio.png\",\"contentUrl\":\"https:\/\/www.miomiorun.com\/app\/uploads\/2019\/12\/logomio.png\",\"width\":115,\"height\":82,\"caption\":\"MioMio Run\"},\"image\":{\"@id\":\"https:\/\/www.miomiorun.com\/es\/#\/schema\/logo\/image\/\"},\"sameAs\":[\"https:\/\/www.facebook.com\/miomiorun\/\",\"https:\/\/www.instagram.com\/miomiorun\/\"]}]}<\/script>\n<!-- \/ Yoast SEO plugin. -->","yoast_head_json":{"title":"Crazy Idea JKT Flame hombre -Chaqueta de invierno - MioMioRun.com","description":"JKT Flame: plum\u00edfero t\u00e9cnico de monta\u00f1a con relleno mixto de plum\u00f3n y Primaloft\u00ae, sin costuras y con un confort excepcional.","robots":{"index":"index","follow":"follow","max-snippet":"max-snippet:-1","max-image-preview":"max-image-preview:large","max-video-preview":"max-video-preview:-1"},"canonical":"https:\/\/www.miomiorun.com\/es\/producto\/jkt-flame-hombre\/","og_locale":"es_ES","og_type":"article","og_title":"Crazy Idea JKT Flame hombre -Chaqueta de invierno - MioMioRun.com","og_description":"JKT Flame: plum\u00edfero t\u00e9cnico de monta\u00f1a con relleno mixto de plum\u00f3n y Primaloft\u00ae, sin costuras y con un confort excepcional.","og_url":"https:\/\/www.miomiorun.com\/es\/producto\/jkt-flame-hombre\/","og_site_name":"MioMioRun","article_publisher":"https:\/\/www.facebook.com\/miomiorun\/","article_modified_time":"2026-05-08T14:26:12+00:00","og_image":[{"width":720,"height":720,"url":"https:\/\/www.miomiorun.com\/app\/uploads\/2025\/10\/crazy-JKT-Flame-brick-W25055227U-0079.webp","type":"image\/webp"}],"twitter_card":"summary_large_image","twitter_misc":{"Est. reading time":"1 minute"},"schema":{"@context":"https:\/\/schema.org","@graph":[{"@type":"WebPage","@id":"https:\/\/www.miomiorun.com\/es\/producto\/jkt-flame-hombre\/","url":"https:\/\/www.miomiorun.com\/es\/producto\/jkt-flame-hombre\/","name":"Crazy Idea JKT Flame hombre -Chaqueta de invierno - MioMioRun.com","isPartOf":{"@id":"https:\/\/www.miomiorun.com\/es\/#website"},"primaryImageOfPage":{"@id":"https:\/\/www.miomiorun.com\/es\/producto\/jkt-flame-hombre\/#primaryimage"},"image":{"@id":"https:\/\/www.miomiorun.com\/es\/producto\/jkt-flame-hombre\/#primaryimage"},"thumbnailUrl":"https:\/\/www.miomiorun.com\/app\/uploads\/2025\/10\/crazy-JKT-Flame-brick-W25055227U-0079.webp","datePublished":"2025-10-14T17:06:33+00:00","dateModified":"2026-05-08T14:26:12+00:00","description":"JKT Flame: plum\u00edfero t\u00e9cnico de monta\u00f1a con relleno mixto de plum\u00f3n y Primaloft\u00ae, sin costuras y con un confort excepcional.","breadcrumb":{"@id":"https:\/\/www.miomiorun.com\/es\/producto\/jkt-flame-hombre\/#breadcrumb"},"inLanguage":"es-ES","potentialAction":[{"@type":"ReadAction","target":["https:\/\/www.miomiorun.com\/es\/producto\/jkt-flame-hombre\/"]}]},{"@type":"ImageObject","inLanguage":"es-ES","@id":"https:\/\/www.miomiorun.com\/es\/producto\/jkt-flame-hombre\/#primaryimage","url":"https:\/\/www.miomiorun.com\/app\/uploads\/2025\/10\/crazy-JKT-Flame-brick-W25055227U-0079.webp","contentUrl":"https:\/\/www.miomiorun.com\/app\/uploads\/2025\/10\/crazy-JKT-Flame-brick-W25055227U-0079.webp","width":720,"height":720,"caption":"crazy JKT Flame brick W25055227U-0079"},{"@type":"BreadcrumbList","@id":"https:\/\/www.miomiorun.com\/es\/producto\/jkt-flame-hombre\/#breadcrumb","itemListElement":[{"@type":"ListItem","position":1,"name":"Home","item":"https:\/\/www.miomiorun.com\/es\/"},{"@type":"ListItem","position":2,"name":"Shop","item":"https:\/\/www.miomiorun.com\/shop\/"},{"@type":"ListItem","position":3,"name":"JKT Flame hombre"}]},{"@type":"WebSite","@id":"https:\/\/www.miomiorun.com\/es\/#website","url":"https:\/\/www.miomiorun.com\/es\/","name":"MioMioRun","description":"Tienda 100% running y trail","publisher":{"@id":"https:\/\/www.miomiorun.com\/es\/#organization"},"potentialAction":[{"@type":"SearchAction","target":{"@type":"EntryPoint","urlTemplate":"https:\/\/www.miomiorun.com\/es\/?s={search_term_string}"},"query-input":{"@type":"PropertyValueSpecification","valueRequired":true,"valueName":"search_term_string"}}],"inLanguage":"es-ES"},{"@type":"Organization","@id":"https:\/\/www.miomiorun.com\/es\/#organization","name":"MioMio Run","url":"https:\/\/www.miomiorun.com\/es\/","logo":{"@type":"ImageObject","inLanguage":"es-ES","@id":"https:\/\/www.miomiorun.com\/es\/#\/schema\/logo\/image\/","url":"https:\/\/www.miomiorun.com\/app\/uploads\/2019\/12\/logomio.png","contentUrl":"https:\/\/www.miomiorun.com\/app\/uploads\/2019\/12\/logomio.png","width":115,"height":82,"caption":"MioMio Run"},"image":{"@id":"https:\/\/www.miomiorun.com\/es\/#\/schema\/logo\/image\/"},"sameAs":["https:\/\/www.facebook.com\/miomiorun\/","https:\/\/www.instagram.com\/miomiorun\/"]}]}},"_links":{"self":[{"href":"https:\/\/www.miomiorun.com\/es\/wp-json\/wp\/v2\/product\/361033","targetHints":{"allow":["GET"]}}],"collection":[{"href":"https:\/\/www.miomiorun.com\/es\/wp-json\/wp\/v2\/product"}],"about":[{"href":"https:\/\/www.miomiorun.com\/es\/wp-json\/wp\/v2\/types\/product"}],"wp:featuredmedia":[{"embeddable":true,"href":"https:\/\/www.miomiorun.com\/es\/wp-json\/wp\/v2\/media\/365636"}],"wp:attachment":[{"href":"https:\/\/www.miomiorun.com\/es\/wp-json\/wp\/v2\/media?parent=361033"}],"wp:term":[{"taxonomy":"product_brand","embeddable":true,"href":"https:\/\/www.miomiorun.com\/es\/wp-json\/wp\/v2\/product_brand?post=361033"},{"taxonomy":"product_cat","embeddable":true,"href":"https:\/\/www.miomiorun.com\/es\/wp-json\/wp\/v2\/product_cat?post=361033"},{"taxonomy":"product_tag","embeddable":true,"href":"https:\/\/www.miomiorun.com\/es\/wp-json\/wp\/v2\/product_tag?post=361033"}],"curies":[{"name":"wp","href":"https:\/\/api.w.org\/{rel}","templated":true}]}}