{"id":360171,"date":"2025-10-14T12:15:05","date_gmt":"2025-10-14T10:15:05","guid":{"rendered":"https:\/\/www.miomiorun.com\/?post_type=product&#038;p=360171"},"modified":"2026-05-09T10:13:36","modified_gmt":"2026-05-09T08:13:36","slug":"jkt-levity-hombre","status":"publish","type":"product","link":"https:\/\/www.miomiorun.com\/es\/producto\/jkt-levity-hombre\/","title":{"rendered":"JKT Levity hombre"},"content":{"rendered":"<p data-start=\"172\" data-end=\"495\">La <strong data-start=\"175\" data-end=\"189\">JKT Levity<\/strong> es la chaqueta de plum\u00f3n <strong data-start=\"211\" data-end=\"235\">m\u00e1s ligera del mundo<\/strong>, el resultado extremo de la investigaci\u00f3n y la innovaci\u00f3n en el campo del alpinismo t\u00e9cnico. Creada para quienes buscan el m\u00e1ximo rendimiento con el m\u00ednimo peso, combina <strong data-start=\"402\" data-end=\"436\">una protecci\u00f3n t\u00e9rmica excepcional<\/strong>, <strong data-start=\"438\" data-end=\"458\">una comodidad absoluta<\/strong> y <strong data-start=\"461\" data-end=\"492\">una libertad de movimiento total<\/strong>.<\/p>\n<p data-start=\"497\" data-end=\"777\">Su secreto reside en una <strong data-start=\"527\" data-end=\"565\">construcci\u00f3n \u00fanica y revolucionaria<\/strong>, desarrollada para eliminar cualquier costura superflua y cent\u00edmetro de tejido innecesario. El tejido exterior, un <strong data-start=\"672\" data-end=\"698\">nylon bi-el\u00e1stico 7DEN<\/strong> con <strong data-start=\"703\" data-end=\"722\">tratamiento DWR<\/strong>, garantiza ligereza, resistencia e hidrorepelencia.<\/p>\n<p data-start=\"779\" data-end=\"1076\">El relleno es de <strong data-start=\"798\" data-end=\"820\">plum\u00f3n Diamond Down<\/strong>, seleccionado a mano para incluir solo los copos m\u00e1s voluminosos y puros, con un <strong data-start=\"900\" data-end=\"940\">extraordinario poder de relleno de 950\/1000<\/strong>. El resultado es un aislamiento t\u00e9rmico inmejorable en relaci\u00f3n con el peso, perfecto para expediciones alpinas y condiciones extremas.<br \/>\nLas <\/p>\n<p data-start=\"1078\" data-end=\"1377\">celdas pegadas en lugar de cosidas minimizan la p\u00e9rdida de plum\u00f3n, lo que garantiza una mayor durabilidad y una est\u00e9tica limpia y moderna. <br data-start=\"1224\" data-end=\"1227\">Detalles esenciales como el <strong data-start=\"1255\" data-end=\"1273\">bolsillo en el pecho<\/strong> y el <strong data-start=\"1279\" data-end=\"1304\">bolsillo interior de malla<\/strong> completan una prenda pensada para quienes exigen el m\u00e1ximo de cada gramo.<\/p><\/p>\n","protected":false},"excerpt":{"rendered":"<ul>\n<li data-start=\"1600\" data-end=\"1661\">\n<p data-start=\"1602\" data-end=\"1661\">La chaqueta de plum\u00f3n m\u00e1s ligera del mundo, con un poder de relleno de 950.<\/p>\n<\/li>\n<li data-start=\"1662\" data-end=\"1736\">\n<p data-start=\"1664\" data-end=\"1736\">Construcci\u00f3n encolada sin costuras para evitar la dispersi\u00f3n de las plumas.<\/p>\n<\/li>\n<li data-start=\"1737\" data-end=\"1795\">\n<p data-start=\"1739\" data-end=\"1795\">Tejido de nailon 7DEN con tratamiento hidr\u00f3fugo DWR<\/p>\n<\/li>\n<\/ul>\n","protected":false},"featured_media":366086,"template":"","meta":{"_acf_changed":false,"inline_featured_image":false},"product_brand":[],"product_cat":[24460,24463],"product_tag":[23488,23611],"class_list":{"0":"post-360171","1":"product","2":"type-product","3":"status-publish","4":"has-post-thumbnail","6":"product_cat-chaquetas-es-2","7":"product_cat-ropa-de-hombre-es","8":"product_tag-crazy-idea-es","9":"product_tag-crazy-idea-hombre","10":"pa_attivita-caminar","11":"pa_attivita-lifestyle-es","12":"pa_attivita-outdoor-es","13":"pa_colore-jkt-levity-liken-es","14":"pa_marca-crazy-idea-es","15":"pa_sesso-hombre","16":"pa_size-small-es","17":"pa_size-medium-es","19":"first","20":"instock","21":"sale","22":"taxable","23":"shipping-taxable","24":"purchasable","25":"product-type-variable","26":"wvs-archive-product-wrapper"},"acf":[],"yoast_head":"<!-- This site is optimized with the Yoast SEO plugin v26.8 - https:\/\/yoast.com\/product\/yoast-seo-wordpress\/ -->\n<title>Crazy JKT Levity hombre - Chaqueta de invierno - MioMioRun.com<\/title>\n<meta name=\"description\" content=\"JKT Levity Hombre: la chaqueta de plum\u00f3n m\u00e1s ligera del mundo. Fill Power 950, celdas encoladas, comodidad extrema y protecci\u00f3n t\u00e9rmica inigualable.\" \/>\n<meta name=\"robots\" content=\"index, follow, max-snippet:-1, max-image-preview:large, max-video-preview:-1\" \/>\n<link rel=\"canonical\" href=\"https:\/\/www.miomiorun.com\/es\/producto\/jkt-levity-hombre\/\" \/>\n<meta property=\"og:locale\" content=\"es_ES\" \/>\n<meta property=\"og:type\" content=\"article\" \/>\n<meta property=\"og:title\" content=\"Crazy JKT Levity hombre - Chaqueta de invierno - MioMioRun.com\" \/>\n<meta property=\"og:description\" content=\"JKT Levity Hombre: la chaqueta de plum\u00f3n m\u00e1s ligera del mundo. Fill Power 950, celdas encoladas, comodidad extrema y protecci\u00f3n t\u00e9rmica inigualable.\" \/>\n<meta property=\"og:url\" content=\"https:\/\/www.miomiorun.com\/es\/producto\/jkt-levity-hombre\/\" \/>\n<meta property=\"og:site_name\" content=\"MioMioRun\" \/>\n<meta property=\"article:publisher\" content=\"https:\/\/www.facebook.com\/miomiorun\/\" \/>\n<meta property=\"article:modified_time\" content=\"2026-05-09T08:13:36+00:00\" \/>\n<meta property=\"og:image\" content=\"https:\/\/www.miomiorun.com\/app\/uploads\/2025\/11\/crazy-Jkt-levity-liken-W25055218U-0093.webp\" \/>\n\t<meta property=\"og:image:width\" content=\"720\" \/>\n\t<meta property=\"og:image:height\" content=\"720\" \/>\n\t<meta property=\"og:image:type\" content=\"image\/webp\" \/>\n<meta name=\"twitter:card\" content=\"summary_large_image\" \/>\n<meta name=\"twitter:label1\" content=\"Est. reading time\" \/>\n\t<meta name=\"twitter:data1\" content=\"1 minute\" \/>\n<script type=\"application\/ld+json\" class=\"yoast-schema-graph\">{\"@context\":\"https:\/\/schema.org\",\"@graph\":[{\"@type\":\"WebPage\",\"@id\":\"https:\/\/www.miomiorun.com\/es\/producto\/jkt-levity-hombre\/\",\"url\":\"https:\/\/www.miomiorun.com\/es\/producto\/jkt-levity-hombre\/\",\"name\":\"Crazy JKT Levity hombre - Chaqueta de invierno - MioMioRun.com\",\"isPartOf\":{\"@id\":\"https:\/\/www.miomiorun.com\/es\/#website\"},\"primaryImageOfPage\":{\"@id\":\"https:\/\/www.miomiorun.com\/es\/producto\/jkt-levity-hombre\/#primaryimage\"},\"image\":{\"@id\":\"https:\/\/www.miomiorun.com\/es\/producto\/jkt-levity-hombre\/#primaryimage\"},\"thumbnailUrl\":\"https:\/\/www.miomiorun.com\/app\/uploads\/2025\/11\/crazy-Jkt-levity-liken-W25055218U-0093.webp\",\"datePublished\":\"2025-10-14T10:15:05+00:00\",\"dateModified\":\"2026-05-09T08:13:36+00:00\",\"description\":\"JKT Levity Hombre: la chaqueta de plum\u00f3n m\u00e1s ligera del mundo. Fill Power 950, celdas encoladas, comodidad extrema y protecci\u00f3n t\u00e9rmica inigualable.\",\"breadcrumb\":{\"@id\":\"https:\/\/www.miomiorun.com\/es\/producto\/jkt-levity-hombre\/#breadcrumb\"},\"inLanguage\":\"es-ES\",\"potentialAction\":[{\"@type\":\"ReadAction\",\"target\":[\"https:\/\/www.miomiorun.com\/es\/producto\/jkt-levity-hombre\/\"]}]},{\"@type\":\"ImageObject\",\"inLanguage\":\"es-ES\",\"@id\":\"https:\/\/www.miomiorun.com\/es\/producto\/jkt-levity-hombre\/#primaryimage\",\"url\":\"https:\/\/www.miomiorun.com\/app\/uploads\/2025\/11\/crazy-Jkt-levity-liken-W25055218U-0093.webp\",\"contentUrl\":\"https:\/\/www.miomiorun.com\/app\/uploads\/2025\/11\/crazy-Jkt-levity-liken-W25055218U-0093.webp\",\"width\":720,\"height\":720,\"caption\":\"crazy Jkt levity liken W25055218U-0093\"},{\"@type\":\"BreadcrumbList\",\"@id\":\"https:\/\/www.miomiorun.com\/es\/producto\/jkt-levity-hombre\/#breadcrumb\",\"itemListElement\":[{\"@type\":\"ListItem\",\"position\":1,\"name\":\"Home\",\"item\":\"https:\/\/www.miomiorun.com\/es\/\"},{\"@type\":\"ListItem\",\"position\":2,\"name\":\"Shop\",\"item\":\"https:\/\/www.miomiorun.com\/shop\/\"},{\"@type\":\"ListItem\",\"position\":3,\"name\":\"JKT Levity hombre\"}]},{\"@type\":\"WebSite\",\"@id\":\"https:\/\/www.miomiorun.com\/es\/#website\",\"url\":\"https:\/\/www.miomiorun.com\/es\/\",\"name\":\"MioMioRun\",\"description\":\"Tienda 100% running y trail\",\"publisher\":{\"@id\":\"https:\/\/www.miomiorun.com\/es\/#organization\"},\"potentialAction\":[{\"@type\":\"SearchAction\",\"target\":{\"@type\":\"EntryPoint\",\"urlTemplate\":\"https:\/\/www.miomiorun.com\/es\/?s={search_term_string}\"},\"query-input\":{\"@type\":\"PropertyValueSpecification\",\"valueRequired\":true,\"valueName\":\"search_term_string\"}}],\"inLanguage\":\"es-ES\"},{\"@type\":\"Organization\",\"@id\":\"https:\/\/www.miomiorun.com\/es\/#organization\",\"name\":\"MioMio Run\",\"url\":\"https:\/\/www.miomiorun.com\/es\/\",\"logo\":{\"@type\":\"ImageObject\",\"inLanguage\":\"es-ES\",\"@id\":\"https:\/\/www.miomiorun.com\/es\/#\/schema\/logo\/image\/\",\"url\":\"https:\/\/www.miomiorun.com\/app\/uploads\/2019\/12\/logomio.png\",\"contentUrl\":\"https:\/\/www.miomiorun.com\/app\/uploads\/2019\/12\/logomio.png\",\"width\":115,\"height\":82,\"caption\":\"MioMio Run\"},\"image\":{\"@id\":\"https:\/\/www.miomiorun.com\/es\/#\/schema\/logo\/image\/\"},\"sameAs\":[\"https:\/\/www.facebook.com\/miomiorun\/\",\"https:\/\/www.instagram.com\/miomiorun\/\"]}]}<\/script>\n<!-- \/ Yoast SEO plugin. -->","yoast_head_json":{"title":"Crazy JKT Levity hombre - Chaqueta de invierno - MioMioRun.com","description":"JKT Levity Hombre: la chaqueta de plum\u00f3n m\u00e1s ligera del mundo. Fill Power 950, celdas encoladas, comodidad extrema y protecci\u00f3n t\u00e9rmica inigualable.","robots":{"index":"index","follow":"follow","max-snippet":"max-snippet:-1","max-image-preview":"max-image-preview:large","max-video-preview":"max-video-preview:-1"},"canonical":"https:\/\/www.miomiorun.com\/es\/producto\/jkt-levity-hombre\/","og_locale":"es_ES","og_type":"article","og_title":"Crazy JKT Levity hombre - Chaqueta de invierno - MioMioRun.com","og_description":"JKT Levity Hombre: la chaqueta de plum\u00f3n m\u00e1s ligera del mundo. Fill Power 950, celdas encoladas, comodidad extrema y protecci\u00f3n t\u00e9rmica inigualable.","og_url":"https:\/\/www.miomiorun.com\/es\/producto\/jkt-levity-hombre\/","og_site_name":"MioMioRun","article_publisher":"https:\/\/www.facebook.com\/miomiorun\/","article_modified_time":"2026-05-09T08:13:36+00:00","og_image":[{"width":720,"height":720,"url":"https:\/\/www.miomiorun.com\/app\/uploads\/2025\/11\/crazy-Jkt-levity-liken-W25055218U-0093.webp","type":"image\/webp"}],"twitter_card":"summary_large_image","twitter_misc":{"Est. reading time":"1 minute"},"schema":{"@context":"https:\/\/schema.org","@graph":[{"@type":"WebPage","@id":"https:\/\/www.miomiorun.com\/es\/producto\/jkt-levity-hombre\/","url":"https:\/\/www.miomiorun.com\/es\/producto\/jkt-levity-hombre\/","name":"Crazy JKT Levity hombre - Chaqueta de invierno - MioMioRun.com","isPartOf":{"@id":"https:\/\/www.miomiorun.com\/es\/#website"},"primaryImageOfPage":{"@id":"https:\/\/www.miomiorun.com\/es\/producto\/jkt-levity-hombre\/#primaryimage"},"image":{"@id":"https:\/\/www.miomiorun.com\/es\/producto\/jkt-levity-hombre\/#primaryimage"},"thumbnailUrl":"https:\/\/www.miomiorun.com\/app\/uploads\/2025\/11\/crazy-Jkt-levity-liken-W25055218U-0093.webp","datePublished":"2025-10-14T10:15:05+00:00","dateModified":"2026-05-09T08:13:36+00:00","description":"JKT Levity Hombre: la chaqueta de plum\u00f3n m\u00e1s ligera del mundo. Fill Power 950, celdas encoladas, comodidad extrema y protecci\u00f3n t\u00e9rmica inigualable.","breadcrumb":{"@id":"https:\/\/www.miomiorun.com\/es\/producto\/jkt-levity-hombre\/#breadcrumb"},"inLanguage":"es-ES","potentialAction":[{"@type":"ReadAction","target":["https:\/\/www.miomiorun.com\/es\/producto\/jkt-levity-hombre\/"]}]},{"@type":"ImageObject","inLanguage":"es-ES","@id":"https:\/\/www.miomiorun.com\/es\/producto\/jkt-levity-hombre\/#primaryimage","url":"https:\/\/www.miomiorun.com\/app\/uploads\/2025\/11\/crazy-Jkt-levity-liken-W25055218U-0093.webp","contentUrl":"https:\/\/www.miomiorun.com\/app\/uploads\/2025\/11\/crazy-Jkt-levity-liken-W25055218U-0093.webp","width":720,"height":720,"caption":"crazy Jkt levity liken W25055218U-0093"},{"@type":"BreadcrumbList","@id":"https:\/\/www.miomiorun.com\/es\/producto\/jkt-levity-hombre\/#breadcrumb","itemListElement":[{"@type":"ListItem","position":1,"name":"Home","item":"https:\/\/www.miomiorun.com\/es\/"},{"@type":"ListItem","position":2,"name":"Shop","item":"https:\/\/www.miomiorun.com\/shop\/"},{"@type":"ListItem","position":3,"name":"JKT Levity hombre"}]},{"@type":"WebSite","@id":"https:\/\/www.miomiorun.com\/es\/#website","url":"https:\/\/www.miomiorun.com\/es\/","name":"MioMioRun","description":"Tienda 100% running y trail","publisher":{"@id":"https:\/\/www.miomiorun.com\/es\/#organization"},"potentialAction":[{"@type":"SearchAction","target":{"@type":"EntryPoint","urlTemplate":"https:\/\/www.miomiorun.com\/es\/?s={search_term_string}"},"query-input":{"@type":"PropertyValueSpecification","valueRequired":true,"valueName":"search_term_string"}}],"inLanguage":"es-ES"},{"@type":"Organization","@id":"https:\/\/www.miomiorun.com\/es\/#organization","name":"MioMio Run","url":"https:\/\/www.miomiorun.com\/es\/","logo":{"@type":"ImageObject","inLanguage":"es-ES","@id":"https:\/\/www.miomiorun.com\/es\/#\/schema\/logo\/image\/","url":"https:\/\/www.miomiorun.com\/app\/uploads\/2019\/12\/logomio.png","contentUrl":"https:\/\/www.miomiorun.com\/app\/uploads\/2019\/12\/logomio.png","width":115,"height":82,"caption":"MioMio Run"},"image":{"@id":"https:\/\/www.miomiorun.com\/es\/#\/schema\/logo\/image\/"},"sameAs":["https:\/\/www.facebook.com\/miomiorun\/","https:\/\/www.instagram.com\/miomiorun\/"]}]}},"_links":{"self":[{"href":"https:\/\/www.miomiorun.com\/es\/wp-json\/wp\/v2\/product\/360171","targetHints":{"allow":["GET"]}}],"collection":[{"href":"https:\/\/www.miomiorun.com\/es\/wp-json\/wp\/v2\/product"}],"about":[{"href":"https:\/\/www.miomiorun.com\/es\/wp-json\/wp\/v2\/types\/product"}],"wp:featuredmedia":[{"embeddable":true,"href":"https:\/\/www.miomiorun.com\/es\/wp-json\/wp\/v2\/media\/366086"}],"wp:attachment":[{"href":"https:\/\/www.miomiorun.com\/es\/wp-json\/wp\/v2\/media?parent=360171"}],"wp:term":[{"taxonomy":"product_brand","embeddable":true,"href":"https:\/\/www.miomiorun.com\/es\/wp-json\/wp\/v2\/product_brand?post=360171"},{"taxonomy":"product_cat","embeddable":true,"href":"https:\/\/www.miomiorun.com\/es\/wp-json\/wp\/v2\/product_cat?post=360171"},{"taxonomy":"product_tag","embeddable":true,"href":"https:\/\/www.miomiorun.com\/es\/wp-json\/wp\/v2\/product_tag?post=360171"}],"curies":[{"name":"wp","href":"https:\/\/api.w.org\/{rel}","templated":true}]}}