{"id":358566,"date":"2025-10-11T10:55:16","date_gmt":"2025-10-11T08:55:16","guid":{"rendered":"https:\/\/www.miomiorun.com\/?post_type=product&#038;p=358566"},"modified":"2026-05-09T10:12:07","modified_gmt":"2026-05-09T08:12:07","slug":"race-shorts-mujer","status":"publish","type":"product","link":"https:\/\/www.miomiorun.com\/es\/producto\/race-shorts-mujer\/","title":{"rendered":"Race Shorts mujer"},"content":{"rendered":"<p data-start=\"97\" data-end=\"451\">Corre r\u00e1pido, entrena duro, sue\u00f1a a lo grande. Los <strong data-start=\"150\" data-end=\"179\">Race Shorts Black NNormal<\/strong> para mujer est\u00e1n dise\u00f1ados para garantizar la m\u00e1xima libertad de movimiento en cada carrera. Este modelo <strong data-start=\"285\" data-end=\"310\">de corte ajustado y doble capa<\/strong> combina ligereza, transpirabilidad y comodidad, ofreciendo un rendimiento excepcional tanto en las carreras m\u00e1s largas como en los entrenamientos diarios.<\/p>\n<p data-start=\"453\" data-end=\"975\">Fabricados con <strong data-start=\"468\" data-end=\"507\">materiales reciclados de alta calidad<\/strong>, estos pantalones cortos representan el equilibrio perfecto entre rendimiento y sostenibilidad. Desarrollados en colaboraci\u00f3n con algunos de los mejores atletas de trail running del mundo, garantizan un dise\u00f1o funcional y responsable, que reduce el impacto medioambiental sin comprometer la calidad.<br data-start=\"797\" data-end=\"800\">Tanto si te enfrentas a una carrera de 100 millas como a una simple sesi\u00f3n de cardio, los Race Shorts Black NNormal se adaptan a cualquier ritmo, ofreciendo una comodidad constante y sin distracciones.<\/p>\n","protected":false},"excerpt":{"rendered":"<ul>\n<li data-start=\"1000\" data-end=\"1068\">\n<p data-start=\"1002\" data-end=\"1068\">Dise\u00f1o slim-fit de doble capa para una m\u00e1xima libertad de movimiento<\/p>\n<\/li>\n<li data-start=\"1069\" data-end=\"1136\">\n<p data-start=\"1071\" data-end=\"1136\">Fabricados con materiales reciclados<\/p>\n<\/li>\n<li data-start=\"1137\" data-end=\"1201\">\n<p data-start=\"1139\" data-end=\"1201\">Ligeros, transpirables e ideales para competiciones y entrenamientos intensos<\/p>\n<\/li>\n<\/ul>\n","protected":false},"featured_media":362023,"template":"","meta":{"_acf_changed":false,"inline_featured_image":false},"product_brand":[],"product_cat":[24395,24401],"product_tag":[35740,35960],"class_list":{"0":"post-358566","1":"product","2":"type-product","3":"status-publish","4":"has-post-thumbnail","6":"product_cat-pantalones-cortos","7":"product_cat-ropa-de-mujer","8":"product_tag-nnormal-es","9":"product_tag-nnormal-mujer","10":"pa_attivita-caminar","11":"pa_attivita-fitness-es","12":"pa_attivita-running-es","13":"pa_attivita-trail-es","14":"pa_colore-race-shorts-w-black-es","15":"pa_marca-nnormal-es","16":"pa_sesso-mujer","17":"pa_size-small-es","18":"pa_size-medium-es","20":"first","21":"instock","22":"sale","23":"taxable","24":"shipping-taxable","25":"purchasable","26":"product-type-variable","27":"wvs-archive-product-wrapper"},"acf":[],"yoast_head":"<!-- This site is optimized with the Yoast SEO plugin v26.8 - https:\/\/yoast.com\/product\/yoast-seo-wordpress\/ -->\n<title>NNormal Race Shorts mujer -Pantalones cortos de running mujer - MioMioRun<\/title>\n<meta name=\"description\" content=\"Descubre los pantalones cortos de running Race Shorts Black NNormal para mujer: unos pantalones cortos ultraligeros, sostenibles y de alto rendimiento, ideales para entrenamientos y trail.\" \/>\n<meta name=\"robots\" content=\"index, follow, max-snippet:-1, max-image-preview:large, max-video-preview:-1\" \/>\n<link rel=\"canonical\" href=\"https:\/\/www.miomiorun.com\/es\/producto\/race-shorts-mujer\/\" \/>\n<meta property=\"og:locale\" content=\"es_ES\" \/>\n<meta property=\"og:type\" content=\"article\" \/>\n<meta property=\"og:title\" content=\"NNormal Race Shorts mujer -Pantalones cortos de running mujer - MioMioRun\" \/>\n<meta property=\"og:description\" content=\"Descubre los pantalones cortos de running Race Shorts Black NNormal para mujer: unos pantalones cortos ultraligeros, sostenibles y de alto rendimiento, ideales para entrenamientos y trail.\" \/>\n<meta property=\"og:url\" content=\"https:\/\/www.miomiorun.com\/es\/producto\/race-shorts-mujer\/\" \/>\n<meta property=\"og:site_name\" content=\"MioMioRun\" \/>\n<meta property=\"article:publisher\" content=\"https:\/\/www.facebook.com\/miomiorun\/\" \/>\n<meta property=\"article:modified_time\" content=\"2026-05-09T08:12:07+00:00\" \/>\n<meta property=\"og:image\" content=\"https:\/\/www.miomiorun.com\/app\/uploads\/2025\/10\/nnormal-Race-shorts-W-black-N1CWRS2-001.webp\" \/>\n\t<meta property=\"og:image:width\" content=\"720\" \/>\n\t<meta property=\"og:image:height\" content=\"720\" \/>\n\t<meta property=\"og:image:type\" content=\"image\/webp\" \/>\n<meta name=\"twitter:card\" content=\"summary_large_image\" \/>\n<meta name=\"twitter:label1\" content=\"Est. reading time\" \/>\n\t<meta name=\"twitter:data1\" content=\"1 minute\" \/>\n<script type=\"application\/ld+json\" class=\"yoast-schema-graph\">{\"@context\":\"https:\/\/schema.org\",\"@graph\":[{\"@type\":\"WebPage\",\"@id\":\"https:\/\/www.miomiorun.com\/es\/producto\/race-shorts-mujer\/\",\"url\":\"https:\/\/www.miomiorun.com\/es\/producto\/race-shorts-mujer\/\",\"name\":\"NNormal Race Shorts mujer -Pantalones cortos de running mujer - MioMioRun\",\"isPartOf\":{\"@id\":\"https:\/\/www.miomiorun.com\/es\/#website\"},\"primaryImageOfPage\":{\"@id\":\"https:\/\/www.miomiorun.com\/es\/producto\/race-shorts-mujer\/#primaryimage\"},\"image\":{\"@id\":\"https:\/\/www.miomiorun.com\/es\/producto\/race-shorts-mujer\/#primaryimage\"},\"thumbnailUrl\":\"https:\/\/www.miomiorun.com\/app\/uploads\/2025\/10\/nnormal-Race-shorts-W-black-N1CWRS2-001.webp\",\"datePublished\":\"2025-10-11T08:55:16+00:00\",\"dateModified\":\"2026-05-09T08:12:07+00:00\",\"description\":\"Descubre los pantalones cortos de running Race Shorts Black NNormal para mujer: unos pantalones cortos ultraligeros, sostenibles y de alto rendimiento, ideales para entrenamientos y trail.\",\"breadcrumb\":{\"@id\":\"https:\/\/www.miomiorun.com\/es\/producto\/race-shorts-mujer\/#breadcrumb\"},\"inLanguage\":\"es-ES\",\"potentialAction\":[{\"@type\":\"ReadAction\",\"target\":[\"https:\/\/www.miomiorun.com\/es\/producto\/race-shorts-mujer\/\"]}]},{\"@type\":\"ImageObject\",\"inLanguage\":\"es-ES\",\"@id\":\"https:\/\/www.miomiorun.com\/es\/producto\/race-shorts-mujer\/#primaryimage\",\"url\":\"https:\/\/www.miomiorun.com\/app\/uploads\/2025\/10\/nnormal-Race-shorts-W-black-N1CWRS2-001.webp\",\"contentUrl\":\"https:\/\/www.miomiorun.com\/app\/uploads\/2025\/10\/nnormal-Race-shorts-W-black-N1CWRS2-001.webp\",\"width\":720,\"height\":720,\"caption\":\"nnormal Race shorts W black N1CWRS2-001\"},{\"@type\":\"BreadcrumbList\",\"@id\":\"https:\/\/www.miomiorun.com\/es\/producto\/race-shorts-mujer\/#breadcrumb\",\"itemListElement\":[{\"@type\":\"ListItem\",\"position\":1,\"name\":\"Home\",\"item\":\"https:\/\/www.miomiorun.com\/es\/\"},{\"@type\":\"ListItem\",\"position\":2,\"name\":\"Shop\",\"item\":\"https:\/\/www.miomiorun.com\/shop\/\"},{\"@type\":\"ListItem\",\"position\":3,\"name\":\"Race Shorts mujer\"}]},{\"@type\":\"WebSite\",\"@id\":\"https:\/\/www.miomiorun.com\/es\/#website\",\"url\":\"https:\/\/www.miomiorun.com\/es\/\",\"name\":\"MioMioRun\",\"description\":\"Tienda 100% running y trail\",\"publisher\":{\"@id\":\"https:\/\/www.miomiorun.com\/es\/#organization\"},\"potentialAction\":[{\"@type\":\"SearchAction\",\"target\":{\"@type\":\"EntryPoint\",\"urlTemplate\":\"https:\/\/www.miomiorun.com\/es\/?s={search_term_string}\"},\"query-input\":{\"@type\":\"PropertyValueSpecification\",\"valueRequired\":true,\"valueName\":\"search_term_string\"}}],\"inLanguage\":\"es-ES\"},{\"@type\":\"Organization\",\"@id\":\"https:\/\/www.miomiorun.com\/es\/#organization\",\"name\":\"MioMio Run\",\"url\":\"https:\/\/www.miomiorun.com\/es\/\",\"logo\":{\"@type\":\"ImageObject\",\"inLanguage\":\"es-ES\",\"@id\":\"https:\/\/www.miomiorun.com\/es\/#\/schema\/logo\/image\/\",\"url\":\"https:\/\/www.miomiorun.com\/app\/uploads\/2019\/12\/logomio.png\",\"contentUrl\":\"https:\/\/www.miomiorun.com\/app\/uploads\/2019\/12\/logomio.png\",\"width\":115,\"height\":82,\"caption\":\"MioMio Run\"},\"image\":{\"@id\":\"https:\/\/www.miomiorun.com\/es\/#\/schema\/logo\/image\/\"},\"sameAs\":[\"https:\/\/www.facebook.com\/miomiorun\/\",\"https:\/\/www.instagram.com\/miomiorun\/\"]}]}<\/script>\n<!-- \/ Yoast SEO plugin. -->","yoast_head_json":{"title":"NNormal Race Shorts mujer -Pantalones cortos de running mujer - MioMioRun","description":"Descubre los pantalones cortos de running Race Shorts Black NNormal para mujer: unos pantalones cortos ultraligeros, sostenibles y de alto rendimiento, ideales para entrenamientos y trail.","robots":{"index":"index","follow":"follow","max-snippet":"max-snippet:-1","max-image-preview":"max-image-preview:large","max-video-preview":"max-video-preview:-1"},"canonical":"https:\/\/www.miomiorun.com\/es\/producto\/race-shorts-mujer\/","og_locale":"es_ES","og_type":"article","og_title":"NNormal Race Shorts mujer -Pantalones cortos de running mujer - MioMioRun","og_description":"Descubre los pantalones cortos de running Race Shorts Black NNormal para mujer: unos pantalones cortos ultraligeros, sostenibles y de alto rendimiento, ideales para entrenamientos y trail.","og_url":"https:\/\/www.miomiorun.com\/es\/producto\/race-shorts-mujer\/","og_site_name":"MioMioRun","article_publisher":"https:\/\/www.facebook.com\/miomiorun\/","article_modified_time":"2026-05-09T08:12:07+00:00","og_image":[{"width":720,"height":720,"url":"https:\/\/www.miomiorun.com\/app\/uploads\/2025\/10\/nnormal-Race-shorts-W-black-N1CWRS2-001.webp","type":"image\/webp"}],"twitter_card":"summary_large_image","twitter_misc":{"Est. reading time":"1 minute"},"schema":{"@context":"https:\/\/schema.org","@graph":[{"@type":"WebPage","@id":"https:\/\/www.miomiorun.com\/es\/producto\/race-shorts-mujer\/","url":"https:\/\/www.miomiorun.com\/es\/producto\/race-shorts-mujer\/","name":"NNormal Race Shorts mujer -Pantalones cortos de running mujer - MioMioRun","isPartOf":{"@id":"https:\/\/www.miomiorun.com\/es\/#website"},"primaryImageOfPage":{"@id":"https:\/\/www.miomiorun.com\/es\/producto\/race-shorts-mujer\/#primaryimage"},"image":{"@id":"https:\/\/www.miomiorun.com\/es\/producto\/race-shorts-mujer\/#primaryimage"},"thumbnailUrl":"https:\/\/www.miomiorun.com\/app\/uploads\/2025\/10\/nnormal-Race-shorts-W-black-N1CWRS2-001.webp","datePublished":"2025-10-11T08:55:16+00:00","dateModified":"2026-05-09T08:12:07+00:00","description":"Descubre los pantalones cortos de running Race Shorts Black NNormal para mujer: unos pantalones cortos ultraligeros, sostenibles y de alto rendimiento, ideales para entrenamientos y trail.","breadcrumb":{"@id":"https:\/\/www.miomiorun.com\/es\/producto\/race-shorts-mujer\/#breadcrumb"},"inLanguage":"es-ES","potentialAction":[{"@type":"ReadAction","target":["https:\/\/www.miomiorun.com\/es\/producto\/race-shorts-mujer\/"]}]},{"@type":"ImageObject","inLanguage":"es-ES","@id":"https:\/\/www.miomiorun.com\/es\/producto\/race-shorts-mujer\/#primaryimage","url":"https:\/\/www.miomiorun.com\/app\/uploads\/2025\/10\/nnormal-Race-shorts-W-black-N1CWRS2-001.webp","contentUrl":"https:\/\/www.miomiorun.com\/app\/uploads\/2025\/10\/nnormal-Race-shorts-W-black-N1CWRS2-001.webp","width":720,"height":720,"caption":"nnormal Race shorts W black N1CWRS2-001"},{"@type":"BreadcrumbList","@id":"https:\/\/www.miomiorun.com\/es\/producto\/race-shorts-mujer\/#breadcrumb","itemListElement":[{"@type":"ListItem","position":1,"name":"Home","item":"https:\/\/www.miomiorun.com\/es\/"},{"@type":"ListItem","position":2,"name":"Shop","item":"https:\/\/www.miomiorun.com\/shop\/"},{"@type":"ListItem","position":3,"name":"Race Shorts mujer"}]},{"@type":"WebSite","@id":"https:\/\/www.miomiorun.com\/es\/#website","url":"https:\/\/www.miomiorun.com\/es\/","name":"MioMioRun","description":"Tienda 100% running y trail","publisher":{"@id":"https:\/\/www.miomiorun.com\/es\/#organization"},"potentialAction":[{"@type":"SearchAction","target":{"@type":"EntryPoint","urlTemplate":"https:\/\/www.miomiorun.com\/es\/?s={search_term_string}"},"query-input":{"@type":"PropertyValueSpecification","valueRequired":true,"valueName":"search_term_string"}}],"inLanguage":"es-ES"},{"@type":"Organization","@id":"https:\/\/www.miomiorun.com\/es\/#organization","name":"MioMio Run","url":"https:\/\/www.miomiorun.com\/es\/","logo":{"@type":"ImageObject","inLanguage":"es-ES","@id":"https:\/\/www.miomiorun.com\/es\/#\/schema\/logo\/image\/","url":"https:\/\/www.miomiorun.com\/app\/uploads\/2019\/12\/logomio.png","contentUrl":"https:\/\/www.miomiorun.com\/app\/uploads\/2019\/12\/logomio.png","width":115,"height":82,"caption":"MioMio Run"},"image":{"@id":"https:\/\/www.miomiorun.com\/es\/#\/schema\/logo\/image\/"},"sameAs":["https:\/\/www.facebook.com\/miomiorun\/","https:\/\/www.instagram.com\/miomiorun\/"]}]}},"_links":{"self":[{"href":"https:\/\/www.miomiorun.com\/es\/wp-json\/wp\/v2\/product\/358566","targetHints":{"allow":["GET"]}}],"collection":[{"href":"https:\/\/www.miomiorun.com\/es\/wp-json\/wp\/v2\/product"}],"about":[{"href":"https:\/\/www.miomiorun.com\/es\/wp-json\/wp\/v2\/types\/product"}],"wp:featuredmedia":[{"embeddable":true,"href":"https:\/\/www.miomiorun.com\/es\/wp-json\/wp\/v2\/media\/362023"}],"wp:attachment":[{"href":"https:\/\/www.miomiorun.com\/es\/wp-json\/wp\/v2\/media?parent=358566"}],"wp:term":[{"taxonomy":"product_brand","embeddable":true,"href":"https:\/\/www.miomiorun.com\/es\/wp-json\/wp\/v2\/product_brand?post=358566"},{"taxonomy":"product_cat","embeddable":true,"href":"https:\/\/www.miomiorun.com\/es\/wp-json\/wp\/v2\/product_cat?post=358566"},{"taxonomy":"product_tag","embeddable":true,"href":"https:\/\/www.miomiorun.com\/es\/wp-json\/wp\/v2\/product_tag?post=358566"}],"curies":[{"name":"wp","href":"https:\/\/api.w.org\/{rel}","templated":true}]}}